{"id":147743,"date":"2024-01-25T11:33:30","date_gmt":"2024-01-25T10:33:30","guid":{"rendered":"https:\/\/www.eliassen.nl\/?product=copy-of-wanddecoratie-metaal-vintage-mancave-koe-b"},"modified":"2024-12-05T16:57:47","modified_gmt":"2024-12-05T15:57:47","slug":"gartenstecker-windmuhle-metall-vogel-49x125cm","status":"publish","type":"product","link":"https:\/\/dev.eliassen.nl\/de\/gartenstecker-windmuhle-metall-vogel-49x125cm\/","title":{"rendered":"Gartenstecker Windm\u00fchle Metall V\u00f6gel 49x125cm"},"content":{"rendered":"<p>Wundersch\u00f6n verarbeitete Windm\u00fchle aus Metall mit Willkommenstext f\u00fcr Ihren Garten, in modernen, frischen Farben. Bei dieser Windm\u00fchle aus Metall sitzen zwei V\u00f6gel auf dem Aussichtsbrett. Es ist ein wundersch\u00f6nes Spiel und eine Zierde in Ihrem Garten. Auch sehr sch\u00f6n zum Verschenken. Komplett handgefertigt und bemalt.<br \/>Da es sich um Handarbeit handelt, kann das Bild geringf\u00fcgig von dem von Ihnen bestellten Artikel abweichen.<\/p>\n<p><strong>Die Absicht ist, dass sich diese Windm\u00fchle leise dreht. Bei starkem Wind oder Sturm muss es gesch\u00fctzt werden.<\/strong><\/p>\n<ul>\n<li>Gr\u00f6\u00dfe: ca. 49x125cm hoch<\/li>\n<li>100 % Metall<\/li>\n<li>Schnell geliefert.<\/li>\n<li>100 % handgefertigt<\/li>\n<li>1 Jahr Garantie.<\/li>\n<li>Hinweis: ist kein Spielzeug.<\/li>\n<\/ul>\n","protected":false},"excerpt":{"rendered":"<p>Mit horizontaler Windm\u00fchle<\/p>\n","protected":false},"featured_media":147734,"template":"","meta":{"_acf_changed":false},"product_brand":[],"product_cat":[533,509],"product_tag":[],"class_list":{"0":"post-147743","1":"product","2":"type-product","3":"status-publish","4":"has-post-thumbnail","6":"product_cat-andere-wanddekorationen","7":"product_cat-wanddekoration","9":"first","10":"instock","11":"taxable","12":"shipping-taxable","13":"purchasable","14":"product-type-simple"},"acf":[],"yoast_head":"<!-- This site is optimized with the Yoast SEO plugin v23.8 - https:\/\/yoast.com\/wordpress\/plugins\/seo\/ -->\n<title>Gartenstecker Windm\u00fchle Metall V\u00f6gel willkommen 49x125cm - Eliassen.nl<\/title>\n<meta name=\"description\" content=\"Suchen Sie eine Windm\u00fchle in Form eines Gartenspie\u00dfes f\u00fcr Ihren Vorgarten? Begr\u00fc\u00dfen Sie G\u00e4ste in Ihrem Zuhause mit diesem Stecker mit V\u00f6geln.\" \/>\n<meta name=\"robots\" content=\"noindex, follow, max-snippet:-1, max-image-preview:large, max-video-preview:-1\" \/>\n<meta property=\"og:locale\" content=\"de_DE\" \/>\n<meta property=\"og:type\" content=\"article\" \/>\n<meta property=\"og:title\" content=\"Gartenstecker Windm\u00fchle Metall V\u00f6gel willkommen 49x125cm - Eliassen.nl\" \/>\n<meta property=\"og:description\" content=\"Suchen Sie eine Windm\u00fchle in Form eines Gartenspie\u00dfes f\u00fcr Ihren Vorgarten? Begr\u00fc\u00dfen Sie G\u00e4ste in Ihrem Zuhause mit diesem Stecker mit V\u00f6geln.\" \/>\n<meta property=\"og:url\" content=\"https:\/\/dev.eliassen.nl\/de\/gartenstecker-windmuhle-metall-vogel-49x125cm\/\" \/>\n<meta property=\"og:site_name\" content=\"Eliassen.nl\" \/>\n<meta property=\"article:publisher\" content=\"https:\/\/www.facebook.com\/TuincentrumEliassenAmmerzoden\" \/>\n<meta property=\"article:modified_time\" content=\"2024-12-05T15:57:47+00:00\" \/>\n<meta property=\"og:image\" content=\"https:\/\/dev.eliassen.nl\/wp-content\/uploads\/2024\/10\/tuinstekerwindmolenmetaalvogeltjes49x125cmeli.jpg\" \/>\n\t<meta property=\"og:image:width\" content=\"1500\" \/>\n\t<meta property=\"og:image:height\" content=\"2000\" \/>\n\t<meta property=\"og:image:type\" content=\"image\/jpeg\" \/>\n<meta name=\"twitter:card\" content=\"summary_large_image\" \/>\n<script type=\"application\/ld+json\" class=\"yoast-schema-graph\">{\"@context\":\"https:\/\/schema.org\",\"@graph\":[{\"@type\":\"WebPage\",\"@id\":\"https:\/\/dev.eliassen.nl\/de\/gartenstecker-windmuhle-metall-vogel-49x125cm\/\",\"url\":\"https:\/\/dev.eliassen.nl\/de\/gartenstecker-windmuhle-metall-vogel-49x125cm\/\",\"name\":\"Gartenstecker Windm\u00fchle Metall V\u00f6gel willkommen 49x125cm - Eliassen.nl\",\"isPartOf\":{\"@id\":\"https:\/\/dev.eliassen.nl\/de\/#website\"},\"primaryImageOfPage\":{\"@id\":\"https:\/\/dev.eliassen.nl\/de\/gartenstecker-windmuhle-metall-vogel-49x125cm\/#primaryimage\"},\"image\":{\"@id\":\"https:\/\/dev.eliassen.nl\/de\/gartenstecker-windmuhle-metall-vogel-49x125cm\/#primaryimage\"},\"thumbnailUrl\":\"https:\/\/dev.eliassen.nl\/wp-content\/uploads\/2024\/10\/tuinstekerwindmolenmetaalvogeltjes49x125cmeli.jpg\",\"datePublished\":\"2024-01-25T10:33:30+00:00\",\"dateModified\":\"2024-12-05T15:57:47+00:00\",\"description\":\"Suchen Sie eine Windm\u00fchle in Form eines Gartenspie\u00dfes f\u00fcr Ihren Vorgarten? Begr\u00fc\u00dfen Sie G\u00e4ste in Ihrem Zuhause mit diesem Stecker mit V\u00f6geln.\",\"breadcrumb\":{\"@id\":\"https:\/\/dev.eliassen.nl\/de\/gartenstecker-windmuhle-metall-vogel-49x125cm\/#breadcrumb\"},\"inLanguage\":\"de\",\"potentialAction\":[{\"@type\":\"ReadAction\",\"target\":[\"https:\/\/dev.eliassen.nl\/de\/gartenstecker-windmuhle-metall-vogel-49x125cm\/\"]}]},{\"@type\":\"ImageObject\",\"inLanguage\":\"de\",\"@id\":\"https:\/\/dev.eliassen.nl\/de\/gartenstecker-windmuhle-metall-vogel-49x125cm\/#primaryimage\",\"url\":\"https:\/\/dev.eliassen.nl\/wp-content\/uploads\/2024\/10\/tuinstekerwindmolenmetaalvogeltjes49x125cmeli.jpg\",\"contentUrl\":\"https:\/\/dev.eliassen.nl\/wp-content\/uploads\/2024\/10\/tuinstekerwindmolenmetaalvogeltjes49x125cmeli.jpg\",\"width\":1500,\"height\":2000,\"caption\":\"Tuinsteker windmolen metaal vogeltjes 49x125cm eliassen.nl 2\"},{\"@type\":\"BreadcrumbList\",\"@id\":\"https:\/\/dev.eliassen.nl\/de\/gartenstecker-windmuhle-metall-vogel-49x125cm\/#breadcrumb\",\"itemListElement\":[{\"@type\":\"ListItem\",\"position\":1,\"name\":\"Home\",\"item\":\"https:\/\/dev.eliassen.nl\/de\/\"},{\"@type\":\"ListItem\",\"position\":2,\"name\":\"Shop\",\"item\":\"https:\/\/dev.eliassen.nl\/nl\/winkel\/\"},{\"@type\":\"ListItem\",\"position\":3,\"name\":\"Wanddekoration\",\"item\":\"https:\/\/dev.eliassen.nl\/de\/wanddekoration\/\"},{\"@type\":\"ListItem\",\"position\":4,\"name\":\"Andere Wanddekorationen\",\"item\":\"https:\/\/dev.eliassen.nl\/de\/wanddekoration\/andere-wanddekorationen\/\"},{\"@type\":\"ListItem\",\"position\":5,\"name\":\"Gartenstecker Windm\u00fchle Metall V\u00f6gel 49x125cm\"}]},{\"@type\":\"WebSite\",\"@id\":\"https:\/\/dev.eliassen.nl\/de\/#website\",\"url\":\"https:\/\/dev.eliassen.nl\/de\/\",\"name\":\"Eliassen Home & Garden Pleasure\",\"description\":\"\",\"publisher\":{\"@id\":\"https:\/\/dev.eliassen.nl\/de\/#organization\"},\"alternateName\":\"Eliassen.nl\",\"potentialAction\":[{\"@type\":\"SearchAction\",\"target\":{\"@type\":\"EntryPoint\",\"urlTemplate\":\"https:\/\/dev.eliassen.nl\/de\/?s={search_term_string}\"},\"query-input\":{\"@type\":\"PropertyValueSpecification\",\"valueRequired\":true,\"valueName\":\"search_term_string\"}}],\"inLanguage\":\"de\"},{\"@type\":\"Organization\",\"@id\":\"https:\/\/dev.eliassen.nl\/de\/#organization\",\"name\":\"Eliassen Home & Garden Pleasure\",\"url\":\"https:\/\/dev.eliassen.nl\/de\/\",\"logo\":{\"@type\":\"ImageObject\",\"inLanguage\":\"de\",\"@id\":\"https:\/\/dev.eliassen.nl\/de\/#\/schema\/logo\/image\/\",\"url\":\"https:\/\/www.eliassen.nl\/wp-content\/uploads\/2024\/01\/logo_4nd.jpg\",\"contentUrl\":\"https:\/\/www.eliassen.nl\/wp-content\/uploads\/2024\/01\/logo_4nd.jpg\",\"width\":500,\"height\":500,\"caption\":\"Eliassen Home & Garden Pleasure\"},\"image\":{\"@id\":\"https:\/\/dev.eliassen.nl\/de\/#\/schema\/logo\/image\/\"},\"sameAs\":[\"https:\/\/www.facebook.com\/TuincentrumEliassenAmmerzoden\",\"https:\/\/www.instagram.com\/eliassenhomeandgarden\/\",\"https:\/\/nl.pinterest.com\/eliassenhomeandgarden\/\",\"https:\/\/www.youtube.com\/@eliassenhomegardenpleasure4558\"]}]}<\/script>\n<!-- \/ Yoast SEO plugin. -->","yoast_head_json":{"title":"Gartenstecker Windm\u00fchle Metall V\u00f6gel willkommen 49x125cm - Eliassen.nl","description":"Suchen Sie eine Windm\u00fchle in Form eines Gartenspie\u00dfes f\u00fcr Ihren Vorgarten? Begr\u00fc\u00dfen Sie G\u00e4ste in Ihrem Zuhause mit diesem Stecker mit V\u00f6geln.","robots":{"index":"noindex","follow":"follow","max-snippet":"max-snippet:-1","max-image-preview":"max-image-preview:large","max-video-preview":"max-video-preview:-1"},"og_locale":"de_DE","og_type":"article","og_title":"Gartenstecker Windm\u00fchle Metall V\u00f6gel willkommen 49x125cm - Eliassen.nl","og_description":"Suchen Sie eine Windm\u00fchle in Form eines Gartenspie\u00dfes f\u00fcr Ihren Vorgarten? Begr\u00fc\u00dfen Sie G\u00e4ste in Ihrem Zuhause mit diesem Stecker mit V\u00f6geln.","og_url":"https:\/\/dev.eliassen.nl\/de\/gartenstecker-windmuhle-metall-vogel-49x125cm\/","og_site_name":"Eliassen.nl","article_publisher":"https:\/\/www.facebook.com\/TuincentrumEliassenAmmerzoden","article_modified_time":"2024-12-05T15:57:47+00:00","og_image":[{"width":1500,"height":2000,"url":"https:\/\/dev.eliassen.nl\/wp-content\/uploads\/2024\/10\/tuinstekerwindmolenmetaalvogeltjes49x125cmeli.jpg","type":"image\/jpeg"}],"twitter_card":"summary_large_image","schema":{"@context":"https:\/\/schema.org","@graph":[{"@type":"WebPage","@id":"https:\/\/dev.eliassen.nl\/de\/gartenstecker-windmuhle-metall-vogel-49x125cm\/","url":"https:\/\/dev.eliassen.nl\/de\/gartenstecker-windmuhle-metall-vogel-49x125cm\/","name":"Gartenstecker Windm\u00fchle Metall V\u00f6gel willkommen 49x125cm - Eliassen.nl","isPartOf":{"@id":"https:\/\/dev.eliassen.nl\/de\/#website"},"primaryImageOfPage":{"@id":"https:\/\/dev.eliassen.nl\/de\/gartenstecker-windmuhle-metall-vogel-49x125cm\/#primaryimage"},"image":{"@id":"https:\/\/dev.eliassen.nl\/de\/gartenstecker-windmuhle-metall-vogel-49x125cm\/#primaryimage"},"thumbnailUrl":"https:\/\/dev.eliassen.nl\/wp-content\/uploads\/2024\/10\/tuinstekerwindmolenmetaalvogeltjes49x125cmeli.jpg","datePublished":"2024-01-25T10:33:30+00:00","dateModified":"2024-12-05T15:57:47+00:00","description":"Suchen Sie eine Windm\u00fchle in Form eines Gartenspie\u00dfes f\u00fcr Ihren Vorgarten? Begr\u00fc\u00dfen Sie G\u00e4ste in Ihrem Zuhause mit diesem Stecker mit V\u00f6geln.","breadcrumb":{"@id":"https:\/\/dev.eliassen.nl\/de\/gartenstecker-windmuhle-metall-vogel-49x125cm\/#breadcrumb"},"inLanguage":"de","potentialAction":[{"@type":"ReadAction","target":["https:\/\/dev.eliassen.nl\/de\/gartenstecker-windmuhle-metall-vogel-49x125cm\/"]}]},{"@type":"ImageObject","inLanguage":"de","@id":"https:\/\/dev.eliassen.nl\/de\/gartenstecker-windmuhle-metall-vogel-49x125cm\/#primaryimage","url":"https:\/\/dev.eliassen.nl\/wp-content\/uploads\/2024\/10\/tuinstekerwindmolenmetaalvogeltjes49x125cmeli.jpg","contentUrl":"https:\/\/dev.eliassen.nl\/wp-content\/uploads\/2024\/10\/tuinstekerwindmolenmetaalvogeltjes49x125cmeli.jpg","width":1500,"height":2000,"caption":"Tuinsteker windmolen metaal vogeltjes 49x125cm eliassen.nl 2"},{"@type":"BreadcrumbList","@id":"https:\/\/dev.eliassen.nl\/de\/gartenstecker-windmuhle-metall-vogel-49x125cm\/#breadcrumb","itemListElement":[{"@type":"ListItem","position":1,"name":"Home","item":"https:\/\/dev.eliassen.nl\/de\/"},{"@type":"ListItem","position":2,"name":"Shop","item":"https:\/\/dev.eliassen.nl\/nl\/winkel\/"},{"@type":"ListItem","position":3,"name":"Wanddekoration","item":"https:\/\/dev.eliassen.nl\/de\/wanddekoration\/"},{"@type":"ListItem","position":4,"name":"Andere Wanddekorationen","item":"https:\/\/dev.eliassen.nl\/de\/wanddekoration\/andere-wanddekorationen\/"},{"@type":"ListItem","position":5,"name":"Gartenstecker Windm\u00fchle Metall V\u00f6gel 49x125cm"}]},{"@type":"WebSite","@id":"https:\/\/dev.eliassen.nl\/de\/#website","url":"https:\/\/dev.eliassen.nl\/de\/","name":"Eliassen Home & Garden Pleasure","description":"","publisher":{"@id":"https:\/\/dev.eliassen.nl\/de\/#organization"},"alternateName":"Eliassen.nl","potentialAction":[{"@type":"SearchAction","target":{"@type":"EntryPoint","urlTemplate":"https:\/\/dev.eliassen.nl\/de\/?s={search_term_string}"},"query-input":{"@type":"PropertyValueSpecification","valueRequired":true,"valueName":"search_term_string"}}],"inLanguage":"de"},{"@type":"Organization","@id":"https:\/\/dev.eliassen.nl\/de\/#organization","name":"Eliassen Home & Garden Pleasure","url":"https:\/\/dev.eliassen.nl\/de\/","logo":{"@type":"ImageObject","inLanguage":"de","@id":"https:\/\/dev.eliassen.nl\/de\/#\/schema\/logo\/image\/","url":"https:\/\/www.eliassen.nl\/wp-content\/uploads\/2024\/01\/logo_4nd.jpg","contentUrl":"https:\/\/www.eliassen.nl\/wp-content\/uploads\/2024\/01\/logo_4nd.jpg","width":500,"height":500,"caption":"Eliassen Home & Garden Pleasure"},"image":{"@id":"https:\/\/dev.eliassen.nl\/de\/#\/schema\/logo\/image\/"},"sameAs":["https:\/\/www.facebook.com\/TuincentrumEliassenAmmerzoden","https:\/\/www.instagram.com\/eliassenhomeandgarden\/","https:\/\/nl.pinterest.com\/eliassenhomeandgarden\/","https:\/\/www.youtube.com\/@eliassenhomegardenpleasure4558"]}]}},"df_price":29.5,"df_sale_price":"","df_regular_price":29.5,"df_image_link":"https:\/\/dev.eliassen.nl\/wp-content\/uploads\/2024\/10\/tuinstekerwindmolenmetaalvogeltjes49x125cmeli.jpg","image":"https:\/\/dev.eliassen.nl\/wp-content\/uploads\/2024\/10\/tuinstekerwindmolenmetaalvogeltjes49x125cmeli.jpg","price_search":"<span class=\"woocommerce-Price-amount amount\"><bdi><span class=\"woocommerce-Price-currencySymbol\">&euro;<\/span>&nbsp;29,50<\/bdi><\/span>","category":"Andere Wanddekorationen","_links":{"self":[{"href":"https:\/\/dev.eliassen.nl\/de\/wp-json\/wp\/v2\/product\/147743","targetHints":{"allow":["GET"]}}],"collection":[{"href":"https:\/\/dev.eliassen.nl\/de\/wp-json\/wp\/v2\/product"}],"about":[{"href":"https:\/\/dev.eliassen.nl\/de\/wp-json\/wp\/v2\/types\/product"}],"wp:featuredmedia":[{"embeddable":true,"href":"https:\/\/dev.eliassen.nl\/de\/wp-json\/wp\/v2\/media\/147734"}],"wp:attachment":[{"href":"https:\/\/dev.eliassen.nl\/de\/wp-json\/wp\/v2\/media?parent=147743"}],"wp:term":[{"taxonomy":"product_brand","embeddable":true,"href":"https:\/\/dev.eliassen.nl\/de\/wp-json\/wp\/v2\/product_brand?post=147743"},{"taxonomy":"product_cat","embeddable":true,"href":"https:\/\/dev.eliassen.nl\/de\/wp-json\/wp\/v2\/product_cat?post=147743"},{"taxonomy":"product_tag","embeddable":true,"href":"https:\/\/dev.eliassen.nl\/de\/wp-json\/wp\/v2\/product_tag?post=147743"}],"curies":[{"name":"wp","href":"https:\/\/api.w.org\/{rel}","templated":true}]}}