{"id":147869,"date":"2024-01-25T15:47:08","date_gmt":"2024-01-25T14:47:08","guid":{"rendered":"https:\/\/www.eliassen.nl\/?product=copy-of-tuinsteker-windmolen-metaal-vogeltjes-welk"},"modified":"2024-12-05T16:57:57","modified_gmt":"2024-12-05T15:57:57","slug":"sonnenuhr-gusseisen-offen-23x31cm","status":"publish","type":"product","link":"https:\/\/dev.eliassen.nl\/de\/sonnenuhr-gusseisen-offen-23x31cm\/","title":{"rendered":"Sonnenuhr Gusseisen offen 23x31cm"},"content":{"rendered":"<p>Dekorieren Sie Ihren Garten oder Innenbereich mit einer Sonnenuhr aus Metall. Das authentische Aussehen dieser Sonnenuhr ist eine wahre Augenweide, wenn Sie die alte Atmosph\u00e4re bronzener Sonnenuhren m\u00f6gen. Diese Sonnenuhr aus massivem Eisen hat eine sch\u00f6ne dunkelbraune Farbe und dennoch ein klassisches Aussehen.<\/p>\n<p><em>Wie funktionieren Sonnenuhren?<\/em><\/p>\n<p>Eine Sonnenuhr dient dazu, die Zeit mithilfe der Sonne anzuzeigen. Dies kann beispielsweise die Form einer Ebene oder einer Scheibe haben.<\/p>\n<p>Dieses moderne Modell einer Sonnenuhr ist aus Gusseisen gefertigt.<\/p>\n<p>Wir haben eine gro\u00dfe Sammlung verschiedener Sonnenuhren. Diese k\u00f6nnen auf der Website besichtigt werden, aber Sie k\u00f6nnen auch unseren Ausstellungsraum besuchen und eine passende S\u00e4ule finden, auch daf\u00fcr haben wir jede Menge Zubeh\u00f6r!<\/p>\n<ul>\n<li>Ma\u00dfe: insgesamt ca. 23x31cm<\/li>\n<li>Material: Gusseisen<\/li>\n<li>1 Jahr Garantie<\/li>\n<li>Solide ausgef\u00fchrt<\/li>\n<\/ul>\n","protected":false},"excerpt":{"rendered":"<p>Offenes Modell aus Gusseisen in dunkelbrauner Farbe.<\/p>\n","protected":false},"featured_media":147854,"template":"","meta":{"_acf_changed":false},"product_brand":[],"product_cat":[755,752],"product_tag":[],"class_list":{"0":"post-147869","1":"product","2":"type-product","3":"status-publish","4":"has-post-thumbnail","6":"product_cat-sonnenuhren","7":"product_cat-weitere-artikel","9":"first","10":"instock","11":"taxable","12":"shipping-taxable","13":"purchasable","14":"product-type-simple"},"acf":[],"yoast_head":"<!-- This site is optimized with the Yoast SEO plugin v23.8 - https:\/\/yoast.com\/wordpress\/plugins\/seo\/ -->\n<title>Sonnenuhr aus Gusseisen, offenes Modell in brauner Farbe, 23 x 31 cm, Eliassen.nl<\/title>\n<meta name=\"description\" content=\"Sind Sie auf der Suche nach einem preiswerten Sockel aus Gusseisen? Dieses Modell ist wundersch\u00f6n in brauner Farbe gestaltet und ein offenes Modell.\" \/>\n<meta name=\"robots\" content=\"noindex, follow, max-snippet:-1, max-image-preview:large, max-video-preview:-1\" \/>\n<meta property=\"og:locale\" content=\"de_DE\" \/>\n<meta property=\"og:type\" content=\"article\" \/>\n<meta property=\"og:title\" content=\"Sonnenuhr aus Gusseisen, offenes Modell in brauner Farbe, 23 x 31 cm, Eliassen.nl\" \/>\n<meta property=\"og:description\" content=\"Sind Sie auf der Suche nach einem preiswerten Sockel aus Gusseisen? Dieses Modell ist wundersch\u00f6n in brauner Farbe gestaltet und ein offenes Modell.\" \/>\n<meta property=\"og:url\" content=\"https:\/\/dev.eliassen.nl\/de\/sonnenuhr-gusseisen-offen-23x31cm\/\" \/>\n<meta property=\"og:site_name\" content=\"Eliassen.nl\" \/>\n<meta property=\"article:publisher\" content=\"https:\/\/www.facebook.com\/TuincentrumEliassenAmmerzoden\" \/>\n<meta property=\"article:modified_time\" content=\"2024-12-05T15:57:57+00:00\" \/>\n<meta property=\"og:image\" content=\"https:\/\/dev.eliassen.nl\/wp-content\/uploads\/2024\/10\/zonnewijzergietijzer23x31cmeliassen1.jpg\" \/>\n\t<meta property=\"og:image:width\" content=\"1500\" \/>\n\t<meta property=\"og:image:height\" content=\"2000\" \/>\n\t<meta property=\"og:image:type\" content=\"image\/jpeg\" \/>\n<meta name=\"twitter:card\" content=\"summary_large_image\" \/>\n<script type=\"application\/ld+json\" class=\"yoast-schema-graph\">{\"@context\":\"https:\/\/schema.org\",\"@graph\":[{\"@type\":\"WebPage\",\"@id\":\"https:\/\/dev.eliassen.nl\/de\/sonnenuhr-gusseisen-offen-23x31cm\/\",\"url\":\"https:\/\/dev.eliassen.nl\/de\/sonnenuhr-gusseisen-offen-23x31cm\/\",\"name\":\"Sonnenuhr aus Gusseisen, offenes Modell in brauner Farbe, 23 x 31 cm, Eliassen.nl\",\"isPartOf\":{\"@id\":\"https:\/\/dev.eliassen.nl\/de\/#website\"},\"primaryImageOfPage\":{\"@id\":\"https:\/\/dev.eliassen.nl\/de\/sonnenuhr-gusseisen-offen-23x31cm\/#primaryimage\"},\"image\":{\"@id\":\"https:\/\/dev.eliassen.nl\/de\/sonnenuhr-gusseisen-offen-23x31cm\/#primaryimage\"},\"thumbnailUrl\":\"https:\/\/dev.eliassen.nl\/wp-content\/uploads\/2024\/10\/zonnewijzergietijzer23x31cmeliassen1.jpg\",\"datePublished\":\"2024-01-25T14:47:08+00:00\",\"dateModified\":\"2024-12-05T15:57:57+00:00\",\"description\":\"Sind Sie auf der Suche nach einem preiswerten Sockel aus Gusseisen? Dieses Modell ist wundersch\u00f6n in brauner Farbe gestaltet und ein offenes Modell.\",\"breadcrumb\":{\"@id\":\"https:\/\/dev.eliassen.nl\/de\/sonnenuhr-gusseisen-offen-23x31cm\/#breadcrumb\"},\"inLanguage\":\"de\",\"potentialAction\":[{\"@type\":\"ReadAction\",\"target\":[\"https:\/\/dev.eliassen.nl\/de\/sonnenuhr-gusseisen-offen-23x31cm\/\"]}]},{\"@type\":\"ImageObject\",\"inLanguage\":\"de\",\"@id\":\"https:\/\/dev.eliassen.nl\/de\/sonnenuhr-gusseisen-offen-23x31cm\/#primaryimage\",\"url\":\"https:\/\/dev.eliassen.nl\/wp-content\/uploads\/2024\/10\/zonnewijzergietijzer23x31cmeliassen1.jpg\",\"contentUrl\":\"https:\/\/dev.eliassen.nl\/wp-content\/uploads\/2024\/10\/zonnewijzergietijzer23x31cmeliassen1.jpg\",\"width\":1500,\"height\":2000,\"caption\":\"Zonnewijzer gietijzer 23x31cm eliassen 1\"},{\"@type\":\"BreadcrumbList\",\"@id\":\"https:\/\/dev.eliassen.nl\/de\/sonnenuhr-gusseisen-offen-23x31cm\/#breadcrumb\",\"itemListElement\":[{\"@type\":\"ListItem\",\"position\":1,\"name\":\"Home\",\"item\":\"https:\/\/dev.eliassen.nl\/de\/\"},{\"@type\":\"ListItem\",\"position\":2,\"name\":\"Shop\",\"item\":\"https:\/\/dev.eliassen.nl\/nl\/winkel\/\"},{\"@type\":\"ListItem\",\"position\":3,\"name\":\"Weitere Artikel\",\"item\":\"https:\/\/dev.eliassen.nl\/de\/weitere-artikel\/\"},{\"@type\":\"ListItem\",\"position\":4,\"name\":\"Sonnenuhren\",\"item\":\"https:\/\/dev.eliassen.nl\/de\/garten-andere\/sonnenuhren\/\"},{\"@type\":\"ListItem\",\"position\":5,\"name\":\"Sonnenuhr Gusseisen offen 23x31cm\"}]},{\"@type\":\"WebSite\",\"@id\":\"https:\/\/dev.eliassen.nl\/de\/#website\",\"url\":\"https:\/\/dev.eliassen.nl\/de\/\",\"name\":\"Eliassen Home & Garden Pleasure\",\"description\":\"\",\"publisher\":{\"@id\":\"https:\/\/dev.eliassen.nl\/de\/#organization\"},\"alternateName\":\"Eliassen.nl\",\"potentialAction\":[{\"@type\":\"SearchAction\",\"target\":{\"@type\":\"EntryPoint\",\"urlTemplate\":\"https:\/\/dev.eliassen.nl\/de\/?s={search_term_string}\"},\"query-input\":{\"@type\":\"PropertyValueSpecification\",\"valueRequired\":true,\"valueName\":\"search_term_string\"}}],\"inLanguage\":\"de\"},{\"@type\":\"Organization\",\"@id\":\"https:\/\/dev.eliassen.nl\/de\/#organization\",\"name\":\"Eliassen Home & Garden Pleasure\",\"url\":\"https:\/\/dev.eliassen.nl\/de\/\",\"logo\":{\"@type\":\"ImageObject\",\"inLanguage\":\"de\",\"@id\":\"https:\/\/dev.eliassen.nl\/de\/#\/schema\/logo\/image\/\",\"url\":\"https:\/\/www.eliassen.nl\/wp-content\/uploads\/2024\/01\/logo_4nd.jpg\",\"contentUrl\":\"https:\/\/www.eliassen.nl\/wp-content\/uploads\/2024\/01\/logo_4nd.jpg\",\"width\":500,\"height\":500,\"caption\":\"Eliassen Home & Garden Pleasure\"},\"image\":{\"@id\":\"https:\/\/dev.eliassen.nl\/de\/#\/schema\/logo\/image\/\"},\"sameAs\":[\"https:\/\/www.facebook.com\/TuincentrumEliassenAmmerzoden\",\"https:\/\/www.instagram.com\/eliassenhomeandgarden\/\",\"https:\/\/nl.pinterest.com\/eliassenhomeandgarden\/\",\"https:\/\/www.youtube.com\/@eliassenhomegardenpleasure4558\"]}]}<\/script>\n<!-- \/ Yoast SEO plugin. -->","yoast_head_json":{"title":"Sonnenuhr aus Gusseisen, offenes Modell in brauner Farbe, 23 x 31 cm, Eliassen.nl","description":"Sind Sie auf der Suche nach einem preiswerten Sockel aus Gusseisen? Dieses Modell ist wundersch\u00f6n in brauner Farbe gestaltet und ein offenes Modell.","robots":{"index":"noindex","follow":"follow","max-snippet":"max-snippet:-1","max-image-preview":"max-image-preview:large","max-video-preview":"max-video-preview:-1"},"og_locale":"de_DE","og_type":"article","og_title":"Sonnenuhr aus Gusseisen, offenes Modell in brauner Farbe, 23 x 31 cm, Eliassen.nl","og_description":"Sind Sie auf der Suche nach einem preiswerten Sockel aus Gusseisen? Dieses Modell ist wundersch\u00f6n in brauner Farbe gestaltet und ein offenes Modell.","og_url":"https:\/\/dev.eliassen.nl\/de\/sonnenuhr-gusseisen-offen-23x31cm\/","og_site_name":"Eliassen.nl","article_publisher":"https:\/\/www.facebook.com\/TuincentrumEliassenAmmerzoden","article_modified_time":"2024-12-05T15:57:57+00:00","og_image":[{"width":1500,"height":2000,"url":"https:\/\/dev.eliassen.nl\/wp-content\/uploads\/2024\/10\/zonnewijzergietijzer23x31cmeliassen1.jpg","type":"image\/jpeg"}],"twitter_card":"summary_large_image","schema":{"@context":"https:\/\/schema.org","@graph":[{"@type":"WebPage","@id":"https:\/\/dev.eliassen.nl\/de\/sonnenuhr-gusseisen-offen-23x31cm\/","url":"https:\/\/dev.eliassen.nl\/de\/sonnenuhr-gusseisen-offen-23x31cm\/","name":"Sonnenuhr aus Gusseisen, offenes Modell in brauner Farbe, 23 x 31 cm, Eliassen.nl","isPartOf":{"@id":"https:\/\/dev.eliassen.nl\/de\/#website"},"primaryImageOfPage":{"@id":"https:\/\/dev.eliassen.nl\/de\/sonnenuhr-gusseisen-offen-23x31cm\/#primaryimage"},"image":{"@id":"https:\/\/dev.eliassen.nl\/de\/sonnenuhr-gusseisen-offen-23x31cm\/#primaryimage"},"thumbnailUrl":"https:\/\/dev.eliassen.nl\/wp-content\/uploads\/2024\/10\/zonnewijzergietijzer23x31cmeliassen1.jpg","datePublished":"2024-01-25T14:47:08+00:00","dateModified":"2024-12-05T15:57:57+00:00","description":"Sind Sie auf der Suche nach einem preiswerten Sockel aus Gusseisen? Dieses Modell ist wundersch\u00f6n in brauner Farbe gestaltet und ein offenes Modell.","breadcrumb":{"@id":"https:\/\/dev.eliassen.nl\/de\/sonnenuhr-gusseisen-offen-23x31cm\/#breadcrumb"},"inLanguage":"de","potentialAction":[{"@type":"ReadAction","target":["https:\/\/dev.eliassen.nl\/de\/sonnenuhr-gusseisen-offen-23x31cm\/"]}]},{"@type":"ImageObject","inLanguage":"de","@id":"https:\/\/dev.eliassen.nl\/de\/sonnenuhr-gusseisen-offen-23x31cm\/#primaryimage","url":"https:\/\/dev.eliassen.nl\/wp-content\/uploads\/2024\/10\/zonnewijzergietijzer23x31cmeliassen1.jpg","contentUrl":"https:\/\/dev.eliassen.nl\/wp-content\/uploads\/2024\/10\/zonnewijzergietijzer23x31cmeliassen1.jpg","width":1500,"height":2000,"caption":"Zonnewijzer gietijzer 23x31cm eliassen 1"},{"@type":"BreadcrumbList","@id":"https:\/\/dev.eliassen.nl\/de\/sonnenuhr-gusseisen-offen-23x31cm\/#breadcrumb","itemListElement":[{"@type":"ListItem","position":1,"name":"Home","item":"https:\/\/dev.eliassen.nl\/de\/"},{"@type":"ListItem","position":2,"name":"Shop","item":"https:\/\/dev.eliassen.nl\/nl\/winkel\/"},{"@type":"ListItem","position":3,"name":"Weitere Artikel","item":"https:\/\/dev.eliassen.nl\/de\/weitere-artikel\/"},{"@type":"ListItem","position":4,"name":"Sonnenuhren","item":"https:\/\/dev.eliassen.nl\/de\/garten-andere\/sonnenuhren\/"},{"@type":"ListItem","position":5,"name":"Sonnenuhr Gusseisen offen 23x31cm"}]},{"@type":"WebSite","@id":"https:\/\/dev.eliassen.nl\/de\/#website","url":"https:\/\/dev.eliassen.nl\/de\/","name":"Eliassen Home & Garden Pleasure","description":"","publisher":{"@id":"https:\/\/dev.eliassen.nl\/de\/#organization"},"alternateName":"Eliassen.nl","potentialAction":[{"@type":"SearchAction","target":{"@type":"EntryPoint","urlTemplate":"https:\/\/dev.eliassen.nl\/de\/?s={search_term_string}"},"query-input":{"@type":"PropertyValueSpecification","valueRequired":true,"valueName":"search_term_string"}}],"inLanguage":"de"},{"@type":"Organization","@id":"https:\/\/dev.eliassen.nl\/de\/#organization","name":"Eliassen Home & Garden Pleasure","url":"https:\/\/dev.eliassen.nl\/de\/","logo":{"@type":"ImageObject","inLanguage":"de","@id":"https:\/\/dev.eliassen.nl\/de\/#\/schema\/logo\/image\/","url":"https:\/\/www.eliassen.nl\/wp-content\/uploads\/2024\/01\/logo_4nd.jpg","contentUrl":"https:\/\/www.eliassen.nl\/wp-content\/uploads\/2024\/01\/logo_4nd.jpg","width":500,"height":500,"caption":"Eliassen Home & Garden Pleasure"},"image":{"@id":"https:\/\/dev.eliassen.nl\/de\/#\/schema\/logo\/image\/"},"sameAs":["https:\/\/www.facebook.com\/TuincentrumEliassenAmmerzoden","https:\/\/www.instagram.com\/eliassenhomeandgarden\/","https:\/\/nl.pinterest.com\/eliassenhomeandgarden\/","https:\/\/www.youtube.com\/@eliassenhomegardenpleasure4558"]}]}},"df_price":52.5,"df_sale_price":"","df_regular_price":52.5,"df_image_link":"https:\/\/dev.eliassen.nl\/wp-content\/uploads\/2024\/10\/zonnewijzergietijzer23x31cmeliassen1.jpg","image":"https:\/\/dev.eliassen.nl\/wp-content\/uploads\/2024\/10\/zonnewijzergietijzer23x31cmeliassen1.jpg","price_search":"<span class=\"woocommerce-Price-amount amount\"><bdi><span class=\"woocommerce-Price-currencySymbol\">&euro;<\/span>&nbsp;52,50<\/bdi><\/span>","category":"Sonnenuhren","_links":{"self":[{"href":"https:\/\/dev.eliassen.nl\/de\/wp-json\/wp\/v2\/product\/147869","targetHints":{"allow":["GET"]}}],"collection":[{"href":"https:\/\/dev.eliassen.nl\/de\/wp-json\/wp\/v2\/product"}],"about":[{"href":"https:\/\/dev.eliassen.nl\/de\/wp-json\/wp\/v2\/types\/product"}],"wp:featuredmedia":[{"embeddable":true,"href":"https:\/\/dev.eliassen.nl\/de\/wp-json\/wp\/v2\/media\/147854"}],"wp:attachment":[{"href":"https:\/\/dev.eliassen.nl\/de\/wp-json\/wp\/v2\/media?parent=147869"}],"wp:term":[{"taxonomy":"product_brand","embeddable":true,"href":"https:\/\/dev.eliassen.nl\/de\/wp-json\/wp\/v2\/product_brand?post=147869"},{"taxonomy":"product_cat","embeddable":true,"href":"https:\/\/dev.eliassen.nl\/de\/wp-json\/wp\/v2\/product_cat?post=147869"},{"taxonomy":"product_tag","embeddable":true,"href":"https:\/\/dev.eliassen.nl\/de\/wp-json\/wp\/v2\/product_tag?post=147869"}],"curies":[{"name":"wp","href":"https:\/\/api.w.org\/{rel}","templated":true}]}}