{"id":147899,"date":"2024-01-26T09:39:49","date_gmt":"2024-01-26T08:39:49","guid":{"rendered":"https:\/\/www.eliassen.nl\/?product=windmolen-horizontaal-hangende-muis-en-kat"},"modified":"2024-12-05T16:58:02","modified_gmt":"2024-12-05T15:58:02","slug":"windmuhle-horizontal-hangende-maus-und-katze-30x106cm","status":"publish","type":"product","link":"https:\/\/dev.eliassen.nl\/de\/windmuhle-horizontal-hangende-maus-und-katze-30x106cm\/","title":{"rendered":"Windm\u00fchle horizontal h\u00e4ngende Maus und Katze 30x106cm"},"content":{"rendered":"<p>Wundersch\u00f6n verarbeitete gro\u00dfe Windm\u00fchle aus Metall f\u00fcr den Garten, haupts\u00e4chlich in braunen Farben. Diese Windm\u00fchle aus Metall hat eine h\u00e4ngende Eule und eine h\u00e4ngende Katze. Diese h\u00e4ngen an der M\u00fchle und schwingen herum, wenn der Wind weht.<br \/>Es ist ein wundersch\u00f6nes Spiel zum Anschauen und ein Juwel in Ihrem Garten. Auch sehr sch\u00f6n zum Verschenken. Komplett handgefertigt und bemalt.<br \/>Da es sich um Handarbeit handelt, kann das Bild geringf\u00fcgig von dem von Ihnen bestellten Artikel abweichen.<\/p>\n<p><strong>Die Absicht ist, dass sich diese Windm\u00fchle leise dreht. Bei starkem Wind oder Sturm muss es gesch\u00fctzt werden.<\/strong><\/p>\n<ul>\n<li>Gr\u00f6\u00dfe: ca. 30x106cm<\/li>\n<li>100 % Metall<\/li>\n<li>Schnell geliefert.<\/li>\n<li>100 % handgefertigt<\/li>\n<li>1 Jahr Garantie.<\/li>\n<li>Hinweis: ist kein Spielzeug.<\/li>\n<\/ul>\n","protected":false},"excerpt":{"rendered":"<p>Aus Metall im alten Look.<\/p>\n","protected":false},"featured_media":147878,"template":"","meta":{"_acf_changed":false},"product_brand":[],"product_cat":[836,845],"product_tag":[],"class_list":{"0":"post-147899","1":"product","2":"type-product","3":"status-publish","4":"has-post-thumbnail","6":"product_cat-gartenstecker","7":"product_cat-windmuehlen","9":"first","10":"instock","11":"taxable","12":"shipping-taxable","13":"purchasable","14":"product-type-simple"},"acf":[],"yoast_head":"<!-- This site is optimized with the Yoast SEO plugin v23.8 - https:\/\/yoast.com\/wordpress\/plugins\/seo\/ -->\n<title>Windm\u00fchle horizontal h\u00e4ngende Maus und Katze 30x106cm - Eliassen.nl<\/title>\n<meta name=\"description\" content=\"Dies ist ein wundersch\u00f6nes Modell einer Windm\u00fchle in einem Gartenst\u00e4nder mit h\u00e4ngender Maus und Katze. Hergestellt im alten Look mit braunen Akzenten.\" \/>\n<meta name=\"robots\" content=\"noindex, follow, max-snippet:-1, max-image-preview:large, max-video-preview:-1\" \/>\n<meta property=\"og:locale\" content=\"de_DE\" \/>\n<meta property=\"og:type\" content=\"article\" \/>\n<meta property=\"og:title\" content=\"Windm\u00fchle horizontal h\u00e4ngende Maus und Katze 30x106cm - Eliassen.nl\" \/>\n<meta property=\"og:description\" content=\"Dies ist ein wundersch\u00f6nes Modell einer Windm\u00fchle in einem Gartenst\u00e4nder mit h\u00e4ngender Maus und Katze. Hergestellt im alten Look mit braunen Akzenten.\" \/>\n<meta property=\"og:url\" content=\"https:\/\/dev.eliassen.nl\/de\/windmuhle-horizontal-hangende-maus-und-katze-30x106cm\/\" \/>\n<meta property=\"og:site_name\" content=\"Eliassen.nl\" \/>\n<meta property=\"article:publisher\" content=\"https:\/\/www.facebook.com\/TuincentrumEliassenAmmerzoden\" \/>\n<meta property=\"article:modified_time\" content=\"2024-12-05T15:58:02+00:00\" \/>\n<meta property=\"og:image\" content=\"https:\/\/dev.eliassen.nl\/wp-content\/uploads\/2024\/10\/windmolenhorizontaalhangendemuisenkat30x106c.jpg\" \/>\n\t<meta property=\"og:image:width\" content=\"2040\" \/>\n\t<meta property=\"og:image:height\" content=\"1530\" \/>\n\t<meta property=\"og:image:type\" content=\"image\/jpeg\" \/>\n<meta name=\"twitter:card\" content=\"summary_large_image\" \/>\n<script type=\"application\/ld+json\" class=\"yoast-schema-graph\">{\"@context\":\"https:\/\/schema.org\",\"@graph\":[{\"@type\":\"WebPage\",\"@id\":\"https:\/\/dev.eliassen.nl\/de\/windmuhle-horizontal-hangende-maus-und-katze-30x106cm\/\",\"url\":\"https:\/\/dev.eliassen.nl\/de\/windmuhle-horizontal-hangende-maus-und-katze-30x106cm\/\",\"name\":\"Windm\u00fchle horizontal h\u00e4ngende Maus und Katze 30x106cm - Eliassen.nl\",\"isPartOf\":{\"@id\":\"https:\/\/dev.eliassen.nl\/de\/#website\"},\"primaryImageOfPage\":{\"@id\":\"https:\/\/dev.eliassen.nl\/de\/windmuhle-horizontal-hangende-maus-und-katze-30x106cm\/#primaryimage\"},\"image\":{\"@id\":\"https:\/\/dev.eliassen.nl\/de\/windmuhle-horizontal-hangende-maus-und-katze-30x106cm\/#primaryimage\"},\"thumbnailUrl\":\"https:\/\/dev.eliassen.nl\/wp-content\/uploads\/2024\/10\/windmolenhorizontaalhangendemuisenkat30x106c.jpg\",\"datePublished\":\"2024-01-26T08:39:49+00:00\",\"dateModified\":\"2024-12-05T15:58:02+00:00\",\"description\":\"Dies ist ein wundersch\u00f6nes Modell einer Windm\u00fchle in einem Gartenst\u00e4nder mit h\u00e4ngender Maus und Katze. Hergestellt im alten Look mit braunen Akzenten.\",\"breadcrumb\":{\"@id\":\"https:\/\/dev.eliassen.nl\/de\/windmuhle-horizontal-hangende-maus-und-katze-30x106cm\/#breadcrumb\"},\"inLanguage\":\"de\",\"potentialAction\":[{\"@type\":\"ReadAction\",\"target\":[\"https:\/\/dev.eliassen.nl\/de\/windmuhle-horizontal-hangende-maus-und-katze-30x106cm\/\"]}]},{\"@type\":\"ImageObject\",\"inLanguage\":\"de\",\"@id\":\"https:\/\/dev.eliassen.nl\/de\/windmuhle-horizontal-hangende-maus-und-katze-30x106cm\/#primaryimage\",\"url\":\"https:\/\/dev.eliassen.nl\/wp-content\/uploads\/2024\/10\/windmolenhorizontaalhangendemuisenkat30x106c.jpg\",\"contentUrl\":\"https:\/\/dev.eliassen.nl\/wp-content\/uploads\/2024\/10\/windmolenhorizontaalhangendemuisenkat30x106c.jpg\",\"width\":2040,\"height\":1530,\"caption\":\"Windmolen horizontaal hangende muis en kat 30x106cm eliassen.nl 1\"},{\"@type\":\"BreadcrumbList\",\"@id\":\"https:\/\/dev.eliassen.nl\/de\/windmuhle-horizontal-hangende-maus-und-katze-30x106cm\/#breadcrumb\",\"itemListElement\":[{\"@type\":\"ListItem\",\"position\":1,\"name\":\"Home\",\"item\":\"https:\/\/dev.eliassen.nl\/de\/\"},{\"@type\":\"ListItem\",\"position\":2,\"name\":\"Shop\",\"item\":\"https:\/\/dev.eliassen.nl\/nl\/winkel\/\"},{\"@type\":\"ListItem\",\"position\":3,\"name\":\"Gartenstecker\",\"item\":\"https:\/\/dev.eliassen.nl\/de\/gartenstecker\/\"},{\"@type\":\"ListItem\",\"position\":4,\"name\":\"Windm\u00fchlen\",\"item\":\"https:\/\/dev.eliassen.nl\/de\/gartenstecker\/windmuehlen\/\"},{\"@type\":\"ListItem\",\"position\":5,\"name\":\"Windm\u00fchle horizontal h\u00e4ngende Maus und Katze 30x106cm\"}]},{\"@type\":\"WebSite\",\"@id\":\"https:\/\/dev.eliassen.nl\/de\/#website\",\"url\":\"https:\/\/dev.eliassen.nl\/de\/\",\"name\":\"Eliassen Home & Garden Pleasure\",\"description\":\"\",\"publisher\":{\"@id\":\"https:\/\/dev.eliassen.nl\/de\/#organization\"},\"alternateName\":\"Eliassen.nl\",\"potentialAction\":[{\"@type\":\"SearchAction\",\"target\":{\"@type\":\"EntryPoint\",\"urlTemplate\":\"https:\/\/dev.eliassen.nl\/de\/?s={search_term_string}\"},\"query-input\":{\"@type\":\"PropertyValueSpecification\",\"valueRequired\":true,\"valueName\":\"search_term_string\"}}],\"inLanguage\":\"de\"},{\"@type\":\"Organization\",\"@id\":\"https:\/\/dev.eliassen.nl\/de\/#organization\",\"name\":\"Eliassen Home & Garden Pleasure\",\"url\":\"https:\/\/dev.eliassen.nl\/de\/\",\"logo\":{\"@type\":\"ImageObject\",\"inLanguage\":\"de\",\"@id\":\"https:\/\/dev.eliassen.nl\/de\/#\/schema\/logo\/image\/\",\"url\":\"https:\/\/www.eliassen.nl\/wp-content\/uploads\/2024\/01\/logo_4nd.jpg\",\"contentUrl\":\"https:\/\/www.eliassen.nl\/wp-content\/uploads\/2024\/01\/logo_4nd.jpg\",\"width\":500,\"height\":500,\"caption\":\"Eliassen Home & Garden Pleasure\"},\"image\":{\"@id\":\"https:\/\/dev.eliassen.nl\/de\/#\/schema\/logo\/image\/\"},\"sameAs\":[\"https:\/\/www.facebook.com\/TuincentrumEliassenAmmerzoden\",\"https:\/\/www.instagram.com\/eliassenhomeandgarden\/\",\"https:\/\/nl.pinterest.com\/eliassenhomeandgarden\/\",\"https:\/\/www.youtube.com\/@eliassenhomegardenpleasure4558\"]}]}<\/script>\n<!-- \/ Yoast SEO plugin. -->","yoast_head_json":{"title":"Windm\u00fchle horizontal h\u00e4ngende Maus und Katze 30x106cm - Eliassen.nl","description":"Dies ist ein wundersch\u00f6nes Modell einer Windm\u00fchle in einem Gartenst\u00e4nder mit h\u00e4ngender Maus und Katze. Hergestellt im alten Look mit braunen Akzenten.","robots":{"index":"noindex","follow":"follow","max-snippet":"max-snippet:-1","max-image-preview":"max-image-preview:large","max-video-preview":"max-video-preview:-1"},"og_locale":"de_DE","og_type":"article","og_title":"Windm\u00fchle horizontal h\u00e4ngende Maus und Katze 30x106cm - Eliassen.nl","og_description":"Dies ist ein wundersch\u00f6nes Modell einer Windm\u00fchle in einem Gartenst\u00e4nder mit h\u00e4ngender Maus und Katze. Hergestellt im alten Look mit braunen Akzenten.","og_url":"https:\/\/dev.eliassen.nl\/de\/windmuhle-horizontal-hangende-maus-und-katze-30x106cm\/","og_site_name":"Eliassen.nl","article_publisher":"https:\/\/www.facebook.com\/TuincentrumEliassenAmmerzoden","article_modified_time":"2024-12-05T15:58:02+00:00","og_image":[{"width":2040,"height":1530,"url":"https:\/\/dev.eliassen.nl\/wp-content\/uploads\/2024\/10\/windmolenhorizontaalhangendemuisenkat30x106c.jpg","type":"image\/jpeg"}],"twitter_card":"summary_large_image","schema":{"@context":"https:\/\/schema.org","@graph":[{"@type":"WebPage","@id":"https:\/\/dev.eliassen.nl\/de\/windmuhle-horizontal-hangende-maus-und-katze-30x106cm\/","url":"https:\/\/dev.eliassen.nl\/de\/windmuhle-horizontal-hangende-maus-und-katze-30x106cm\/","name":"Windm\u00fchle horizontal h\u00e4ngende Maus und Katze 30x106cm - Eliassen.nl","isPartOf":{"@id":"https:\/\/dev.eliassen.nl\/de\/#website"},"primaryImageOfPage":{"@id":"https:\/\/dev.eliassen.nl\/de\/windmuhle-horizontal-hangende-maus-und-katze-30x106cm\/#primaryimage"},"image":{"@id":"https:\/\/dev.eliassen.nl\/de\/windmuhle-horizontal-hangende-maus-und-katze-30x106cm\/#primaryimage"},"thumbnailUrl":"https:\/\/dev.eliassen.nl\/wp-content\/uploads\/2024\/10\/windmolenhorizontaalhangendemuisenkat30x106c.jpg","datePublished":"2024-01-26T08:39:49+00:00","dateModified":"2024-12-05T15:58:02+00:00","description":"Dies ist ein wundersch\u00f6nes Modell einer Windm\u00fchle in einem Gartenst\u00e4nder mit h\u00e4ngender Maus und Katze. Hergestellt im alten Look mit braunen Akzenten.","breadcrumb":{"@id":"https:\/\/dev.eliassen.nl\/de\/windmuhle-horizontal-hangende-maus-und-katze-30x106cm\/#breadcrumb"},"inLanguage":"de","potentialAction":[{"@type":"ReadAction","target":["https:\/\/dev.eliassen.nl\/de\/windmuhle-horizontal-hangende-maus-und-katze-30x106cm\/"]}]},{"@type":"ImageObject","inLanguage":"de","@id":"https:\/\/dev.eliassen.nl\/de\/windmuhle-horizontal-hangende-maus-und-katze-30x106cm\/#primaryimage","url":"https:\/\/dev.eliassen.nl\/wp-content\/uploads\/2024\/10\/windmolenhorizontaalhangendemuisenkat30x106c.jpg","contentUrl":"https:\/\/dev.eliassen.nl\/wp-content\/uploads\/2024\/10\/windmolenhorizontaalhangendemuisenkat30x106c.jpg","width":2040,"height":1530,"caption":"Windmolen horizontaal hangende muis en kat 30x106cm eliassen.nl 1"},{"@type":"BreadcrumbList","@id":"https:\/\/dev.eliassen.nl\/de\/windmuhle-horizontal-hangende-maus-und-katze-30x106cm\/#breadcrumb","itemListElement":[{"@type":"ListItem","position":1,"name":"Home","item":"https:\/\/dev.eliassen.nl\/de\/"},{"@type":"ListItem","position":2,"name":"Shop","item":"https:\/\/dev.eliassen.nl\/nl\/winkel\/"},{"@type":"ListItem","position":3,"name":"Gartenstecker","item":"https:\/\/dev.eliassen.nl\/de\/gartenstecker\/"},{"@type":"ListItem","position":4,"name":"Windm\u00fchlen","item":"https:\/\/dev.eliassen.nl\/de\/gartenstecker\/windmuehlen\/"},{"@type":"ListItem","position":5,"name":"Windm\u00fchle horizontal h\u00e4ngende Maus und Katze 30x106cm"}]},{"@type":"WebSite","@id":"https:\/\/dev.eliassen.nl\/de\/#website","url":"https:\/\/dev.eliassen.nl\/de\/","name":"Eliassen Home & Garden Pleasure","description":"","publisher":{"@id":"https:\/\/dev.eliassen.nl\/de\/#organization"},"alternateName":"Eliassen.nl","potentialAction":[{"@type":"SearchAction","target":{"@type":"EntryPoint","urlTemplate":"https:\/\/dev.eliassen.nl\/de\/?s={search_term_string}"},"query-input":{"@type":"PropertyValueSpecification","valueRequired":true,"valueName":"search_term_string"}}],"inLanguage":"de"},{"@type":"Organization","@id":"https:\/\/dev.eliassen.nl\/de\/#organization","name":"Eliassen Home & Garden Pleasure","url":"https:\/\/dev.eliassen.nl\/de\/","logo":{"@type":"ImageObject","inLanguage":"de","@id":"https:\/\/dev.eliassen.nl\/de\/#\/schema\/logo\/image\/","url":"https:\/\/www.eliassen.nl\/wp-content\/uploads\/2024\/01\/logo_4nd.jpg","contentUrl":"https:\/\/www.eliassen.nl\/wp-content\/uploads\/2024\/01\/logo_4nd.jpg","width":500,"height":500,"caption":"Eliassen Home & Garden Pleasure"},"image":{"@id":"https:\/\/dev.eliassen.nl\/de\/#\/schema\/logo\/image\/"},"sameAs":["https:\/\/www.facebook.com\/TuincentrumEliassenAmmerzoden","https:\/\/www.instagram.com\/eliassenhomeandgarden\/","https:\/\/nl.pinterest.com\/eliassenhomeandgarden\/","https:\/\/www.youtube.com\/@eliassenhomegardenpleasure4558"]}]}},"df_price":39.5,"df_sale_price":"","df_regular_price":39.5,"df_image_link":"https:\/\/dev.eliassen.nl\/wp-content\/uploads\/2024\/10\/windmolenhorizontaalhangendemuisenkat30x106c.jpg","image":"https:\/\/dev.eliassen.nl\/wp-content\/uploads\/2024\/10\/windmolenhorizontaalhangendemuisenkat30x106c.jpg","price_search":"<span class=\"woocommerce-Price-amount amount\"><bdi><span class=\"woocommerce-Price-currencySymbol\">&euro;<\/span>&nbsp;39,50<\/bdi><\/span>","category":"Gartenstecker","_links":{"self":[{"href":"https:\/\/dev.eliassen.nl\/de\/wp-json\/wp\/v2\/product\/147899","targetHints":{"allow":["GET"]}}],"collection":[{"href":"https:\/\/dev.eliassen.nl\/de\/wp-json\/wp\/v2\/product"}],"about":[{"href":"https:\/\/dev.eliassen.nl\/de\/wp-json\/wp\/v2\/types\/product"}],"wp:featuredmedia":[{"embeddable":true,"href":"https:\/\/dev.eliassen.nl\/de\/wp-json\/wp\/v2\/media\/147878"}],"wp:attachment":[{"href":"https:\/\/dev.eliassen.nl\/de\/wp-json\/wp\/v2\/media?parent=147899"}],"wp:term":[{"taxonomy":"product_brand","embeddable":true,"href":"https:\/\/dev.eliassen.nl\/de\/wp-json\/wp\/v2\/product_brand?post=147899"},{"taxonomy":"product_cat","embeddable":true,"href":"https:\/\/dev.eliassen.nl\/de\/wp-json\/wp\/v2\/product_cat?post=147899"},{"taxonomy":"product_tag","embeddable":true,"href":"https:\/\/dev.eliassen.nl\/de\/wp-json\/wp\/v2\/product_tag?post=147899"}],"curies":[{"name":"wp","href":"https:\/\/api.w.org\/{rel}","templated":true}]}}