{"id":147947,"date":"2024-01-26T11:56:00","date_gmt":"2024-01-26T10:56:00","guid":{"rendered":"https:\/\/www.eliassen.nl\/?product=copy-of-wanddecoratie-vintage-tankstation-dame-met"},"modified":"2024-12-05T16:58:08","modified_gmt":"2024-12-05T15:58:08","slug":"wanddekoration-vintage-garagentor-oldtimer-60x81cm","status":"publish","type":"product","link":"https:\/\/dev.eliassen.nl\/de\/wanddekoration-vintage-garagentor-oldtimer-60x81cm\/","title":{"rendered":"Wanddekoration Vintage Garagentor Oldtimer 60x81cm"},"content":{"rendered":"<p>Dieses St\u00fcck Wanddekoration aus Metall in Form einer Autot\u00fcr im Retro-Stil sorgt f\u00fcr eine sch\u00f6ne Atmosph\u00e4re.<\/p>\n<p>Die Autot\u00fcr hat oben einen Spiegel.<\/p>\n<p>Dieses Verfahren gew\u00e4hrleistet eine identische Darstellung des Original-Wandschildes aus den 1950er und 1960er Jahren.<\/p>\n<p>Diese Wandschilder lassen sich einfach mit einer kleinen Schraube aufh\u00e4ngen<\/p>\n<p>Machen Sie sich selbst, einem Freund oder Familienmitglied eine Freude mit diesem Modell der Vintage-Wanddekoration, es wird jedes Haus oder jeden Garten sch\u00f6ner machen. Wir empfehlen, es bei Verwendung im Freien unter einem Dach aufzuh\u00e4ngen.<\/p>\n<p>Fast die gesamte Serie ist auch live bei uns zu sehen<\/p>\n<ul>\n<li>Gr\u00f6\u00dfe: 60x81cm hoch<\/li>\n<li>Material: Metall und Glas<\/li>\n<li>Schnell geliefert<\/li>\n<li>Zeitlos gestaltet<\/li>\n<\/ul>\n","protected":false},"excerpt":{"rendered":"<p>Aus Metall und Glas<\/p>\n","protected":false},"featured_media":147935,"template":"","meta":{"_acf_changed":false},"product_brand":[],"product_cat":[533,509,7051],"product_tag":[],"class_list":{"0":"post-147947","1":"product","2":"type-product","3":"status-publish","4":"has-post-thumbnail","6":"product_cat-andere-wanddekorationen","7":"product_cat-wanddekoration","8":"product_cat-spiegel","10":"first","11":"instock","12":"taxable","13":"shipping-taxable","14":"purchasable","15":"product-type-simple"},"acf":[],"yoast_head":"<!-- This site is optimized with the Yoast SEO plugin v23.8 - https:\/\/yoast.com\/wordpress\/plugins\/seo\/ -->\n<title>Wanddekoration Vintage Garagentor Oldtimer-Spiegel 60x81cm - Eliassen<\/title>\n<meta name=\"description\" content=\"Eine sch\u00f6ne Wanddekoration f\u00fcr Ihre M\u00e4nnerh\u00f6hle? Dieses Autot\u00fcrmodell mit Glas in der T\u00fcr ist wundersch\u00f6n in verschiedenen Farben gestaltet.\" \/>\n<meta name=\"robots\" content=\"noindex, follow, max-snippet:-1, max-image-preview:large, max-video-preview:-1\" \/>\n<meta property=\"og:locale\" content=\"de_DE\" \/>\n<meta property=\"og:type\" content=\"article\" \/>\n<meta property=\"og:title\" content=\"Wanddekoration Vintage Garagentor Oldtimer-Spiegel 60x81cm - Eliassen\" \/>\n<meta property=\"og:description\" content=\"Eine sch\u00f6ne Wanddekoration f\u00fcr Ihre M\u00e4nnerh\u00f6hle? Dieses Autot\u00fcrmodell mit Glas in der T\u00fcr ist wundersch\u00f6n in verschiedenen Farben gestaltet.\" \/>\n<meta property=\"og:url\" content=\"https:\/\/dev.eliassen.nl\/de\/wanddekoration-vintage-garagentor-oldtimer-60x81cm\/\" \/>\n<meta property=\"og:site_name\" content=\"Eliassen.nl\" \/>\n<meta property=\"article:publisher\" content=\"https:\/\/www.facebook.com\/TuincentrumEliassenAmmerzoden\" \/>\n<meta property=\"article:modified_time\" content=\"2024-12-05T15:58:08+00:00\" \/>\n<meta property=\"og:image\" content=\"https:\/\/dev.eliassen.nl\/wp-content\/uploads\/2024\/10\/wanddecoratievintagegaragedeuroldtimer60x81cm.jpg\" \/>\n\t<meta property=\"og:image:width\" content=\"1530\" \/>\n\t<meta property=\"og:image:height\" content=\"2040\" \/>\n\t<meta property=\"og:image:type\" content=\"image\/jpeg\" \/>\n<meta name=\"twitter:card\" content=\"summary_large_image\" \/>\n<script type=\"application\/ld+json\" class=\"yoast-schema-graph\">{\"@context\":\"https:\/\/schema.org\",\"@graph\":[{\"@type\":\"WebPage\",\"@id\":\"https:\/\/dev.eliassen.nl\/de\/wanddekoration-vintage-garagentor-oldtimer-60x81cm\/\",\"url\":\"https:\/\/dev.eliassen.nl\/de\/wanddekoration-vintage-garagentor-oldtimer-60x81cm\/\",\"name\":\"Wanddekoration Vintage Garagentor Oldtimer-Spiegel 60x81cm - Eliassen\",\"isPartOf\":{\"@id\":\"https:\/\/dev.eliassen.nl\/de\/#website\"},\"primaryImageOfPage\":{\"@id\":\"https:\/\/dev.eliassen.nl\/de\/wanddekoration-vintage-garagentor-oldtimer-60x81cm\/#primaryimage\"},\"image\":{\"@id\":\"https:\/\/dev.eliassen.nl\/de\/wanddekoration-vintage-garagentor-oldtimer-60x81cm\/#primaryimage\"},\"thumbnailUrl\":\"https:\/\/dev.eliassen.nl\/wp-content\/uploads\/2024\/10\/wanddecoratievintagegaragedeuroldtimer60x81cm.jpg\",\"datePublished\":\"2024-01-26T10:56:00+00:00\",\"dateModified\":\"2024-12-05T15:58:08+00:00\",\"description\":\"Eine sch\u00f6ne Wanddekoration f\u00fcr Ihre M\u00e4nnerh\u00f6hle? Dieses Autot\u00fcrmodell mit Glas in der T\u00fcr ist wundersch\u00f6n in verschiedenen Farben gestaltet.\",\"breadcrumb\":{\"@id\":\"https:\/\/dev.eliassen.nl\/de\/wanddekoration-vintage-garagentor-oldtimer-60x81cm\/#breadcrumb\"},\"inLanguage\":\"de\",\"potentialAction\":[{\"@type\":\"ReadAction\",\"target\":[\"https:\/\/dev.eliassen.nl\/de\/wanddekoration-vintage-garagentor-oldtimer-60x81cm\/\"]}]},{\"@type\":\"ImageObject\",\"inLanguage\":\"de\",\"@id\":\"https:\/\/dev.eliassen.nl\/de\/wanddekoration-vintage-garagentor-oldtimer-60x81cm\/#primaryimage\",\"url\":\"https:\/\/dev.eliassen.nl\/wp-content\/uploads\/2024\/10\/wanddecoratievintagegaragedeuroldtimer60x81cm.jpg\",\"contentUrl\":\"https:\/\/dev.eliassen.nl\/wp-content\/uploads\/2024\/10\/wanddecoratievintagegaragedeuroldtimer60x81cm.jpg\",\"width\":1530,\"height\":2040,\"caption\":\"Wanddecoratie Vintage garagedeur Oldtimer 60x81cm eliassen.nl 4\"},{\"@type\":\"BreadcrumbList\",\"@id\":\"https:\/\/dev.eliassen.nl\/de\/wanddekoration-vintage-garagentor-oldtimer-60x81cm\/#breadcrumb\",\"itemListElement\":[{\"@type\":\"ListItem\",\"position\":1,\"name\":\"Home\",\"item\":\"https:\/\/dev.eliassen.nl\/de\/\"},{\"@type\":\"ListItem\",\"position\":2,\"name\":\"Shop\",\"item\":\"https:\/\/dev.eliassen.nl\/nl\/winkel\/\"},{\"@type\":\"ListItem\",\"position\":3,\"name\":\"Wanddekoration\",\"item\":\"https:\/\/dev.eliassen.nl\/de\/wanddekoration\/\"},{\"@type\":\"ListItem\",\"position\":4,\"name\":\"Andere Wanddekorationen\",\"item\":\"https:\/\/dev.eliassen.nl\/de\/wanddekoration\/andere-wanddekorationen\/\"},{\"@type\":\"ListItem\",\"position\":5,\"name\":\"Wanddekoration Vintage Garagentor Oldtimer 60x81cm\"}]},{\"@type\":\"WebSite\",\"@id\":\"https:\/\/dev.eliassen.nl\/de\/#website\",\"url\":\"https:\/\/dev.eliassen.nl\/de\/\",\"name\":\"Eliassen Home & Garden Pleasure\",\"description\":\"\",\"publisher\":{\"@id\":\"https:\/\/dev.eliassen.nl\/de\/#organization\"},\"alternateName\":\"Eliassen.nl\",\"potentialAction\":[{\"@type\":\"SearchAction\",\"target\":{\"@type\":\"EntryPoint\",\"urlTemplate\":\"https:\/\/dev.eliassen.nl\/de\/?s={search_term_string}\"},\"query-input\":{\"@type\":\"PropertyValueSpecification\",\"valueRequired\":true,\"valueName\":\"search_term_string\"}}],\"inLanguage\":\"de\"},{\"@type\":\"Organization\",\"@id\":\"https:\/\/dev.eliassen.nl\/de\/#organization\",\"name\":\"Eliassen Home & Garden Pleasure\",\"url\":\"https:\/\/dev.eliassen.nl\/de\/\",\"logo\":{\"@type\":\"ImageObject\",\"inLanguage\":\"de\",\"@id\":\"https:\/\/dev.eliassen.nl\/de\/#\/schema\/logo\/image\/\",\"url\":\"https:\/\/www.eliassen.nl\/wp-content\/uploads\/2024\/01\/logo_4nd.jpg\",\"contentUrl\":\"https:\/\/www.eliassen.nl\/wp-content\/uploads\/2024\/01\/logo_4nd.jpg\",\"width\":500,\"height\":500,\"caption\":\"Eliassen Home & Garden Pleasure\"},\"image\":{\"@id\":\"https:\/\/dev.eliassen.nl\/de\/#\/schema\/logo\/image\/\"},\"sameAs\":[\"https:\/\/www.facebook.com\/TuincentrumEliassenAmmerzoden\",\"https:\/\/www.instagram.com\/eliassenhomeandgarden\/\",\"https:\/\/nl.pinterest.com\/eliassenhomeandgarden\/\",\"https:\/\/www.youtube.com\/@eliassenhomegardenpleasure4558\"]}]}<\/script>\n<!-- \/ Yoast SEO plugin. -->","yoast_head_json":{"title":"Wanddekoration Vintage Garagentor Oldtimer-Spiegel 60x81cm - Eliassen","description":"Eine sch\u00f6ne Wanddekoration f\u00fcr Ihre M\u00e4nnerh\u00f6hle? Dieses Autot\u00fcrmodell mit Glas in der T\u00fcr ist wundersch\u00f6n in verschiedenen Farben gestaltet.","robots":{"index":"noindex","follow":"follow","max-snippet":"max-snippet:-1","max-image-preview":"max-image-preview:large","max-video-preview":"max-video-preview:-1"},"og_locale":"de_DE","og_type":"article","og_title":"Wanddekoration Vintage Garagentor Oldtimer-Spiegel 60x81cm - Eliassen","og_description":"Eine sch\u00f6ne Wanddekoration f\u00fcr Ihre M\u00e4nnerh\u00f6hle? Dieses Autot\u00fcrmodell mit Glas in der T\u00fcr ist wundersch\u00f6n in verschiedenen Farben gestaltet.","og_url":"https:\/\/dev.eliassen.nl\/de\/wanddekoration-vintage-garagentor-oldtimer-60x81cm\/","og_site_name":"Eliassen.nl","article_publisher":"https:\/\/www.facebook.com\/TuincentrumEliassenAmmerzoden","article_modified_time":"2024-12-05T15:58:08+00:00","og_image":[{"width":1530,"height":2040,"url":"https:\/\/dev.eliassen.nl\/wp-content\/uploads\/2024\/10\/wanddecoratievintagegaragedeuroldtimer60x81cm.jpg","type":"image\/jpeg"}],"twitter_card":"summary_large_image","schema":{"@context":"https:\/\/schema.org","@graph":[{"@type":"WebPage","@id":"https:\/\/dev.eliassen.nl\/de\/wanddekoration-vintage-garagentor-oldtimer-60x81cm\/","url":"https:\/\/dev.eliassen.nl\/de\/wanddekoration-vintage-garagentor-oldtimer-60x81cm\/","name":"Wanddekoration Vintage Garagentor Oldtimer-Spiegel 60x81cm - Eliassen","isPartOf":{"@id":"https:\/\/dev.eliassen.nl\/de\/#website"},"primaryImageOfPage":{"@id":"https:\/\/dev.eliassen.nl\/de\/wanddekoration-vintage-garagentor-oldtimer-60x81cm\/#primaryimage"},"image":{"@id":"https:\/\/dev.eliassen.nl\/de\/wanddekoration-vintage-garagentor-oldtimer-60x81cm\/#primaryimage"},"thumbnailUrl":"https:\/\/dev.eliassen.nl\/wp-content\/uploads\/2024\/10\/wanddecoratievintagegaragedeuroldtimer60x81cm.jpg","datePublished":"2024-01-26T10:56:00+00:00","dateModified":"2024-12-05T15:58:08+00:00","description":"Eine sch\u00f6ne Wanddekoration f\u00fcr Ihre M\u00e4nnerh\u00f6hle? Dieses Autot\u00fcrmodell mit Glas in der T\u00fcr ist wundersch\u00f6n in verschiedenen Farben gestaltet.","breadcrumb":{"@id":"https:\/\/dev.eliassen.nl\/de\/wanddekoration-vintage-garagentor-oldtimer-60x81cm\/#breadcrumb"},"inLanguage":"de","potentialAction":[{"@type":"ReadAction","target":["https:\/\/dev.eliassen.nl\/de\/wanddekoration-vintage-garagentor-oldtimer-60x81cm\/"]}]},{"@type":"ImageObject","inLanguage":"de","@id":"https:\/\/dev.eliassen.nl\/de\/wanddekoration-vintage-garagentor-oldtimer-60x81cm\/#primaryimage","url":"https:\/\/dev.eliassen.nl\/wp-content\/uploads\/2024\/10\/wanddecoratievintagegaragedeuroldtimer60x81cm.jpg","contentUrl":"https:\/\/dev.eliassen.nl\/wp-content\/uploads\/2024\/10\/wanddecoratievintagegaragedeuroldtimer60x81cm.jpg","width":1530,"height":2040,"caption":"Wanddecoratie Vintage garagedeur Oldtimer 60x81cm eliassen.nl 4"},{"@type":"BreadcrumbList","@id":"https:\/\/dev.eliassen.nl\/de\/wanddekoration-vintage-garagentor-oldtimer-60x81cm\/#breadcrumb","itemListElement":[{"@type":"ListItem","position":1,"name":"Home","item":"https:\/\/dev.eliassen.nl\/de\/"},{"@type":"ListItem","position":2,"name":"Shop","item":"https:\/\/dev.eliassen.nl\/nl\/winkel\/"},{"@type":"ListItem","position":3,"name":"Wanddekoration","item":"https:\/\/dev.eliassen.nl\/de\/wanddekoration\/"},{"@type":"ListItem","position":4,"name":"Andere Wanddekorationen","item":"https:\/\/dev.eliassen.nl\/de\/wanddekoration\/andere-wanddekorationen\/"},{"@type":"ListItem","position":5,"name":"Wanddekoration Vintage Garagentor Oldtimer 60x81cm"}]},{"@type":"WebSite","@id":"https:\/\/dev.eliassen.nl\/de\/#website","url":"https:\/\/dev.eliassen.nl\/de\/","name":"Eliassen Home & Garden Pleasure","description":"","publisher":{"@id":"https:\/\/dev.eliassen.nl\/de\/#organization"},"alternateName":"Eliassen.nl","potentialAction":[{"@type":"SearchAction","target":{"@type":"EntryPoint","urlTemplate":"https:\/\/dev.eliassen.nl\/de\/?s={search_term_string}"},"query-input":{"@type":"PropertyValueSpecification","valueRequired":true,"valueName":"search_term_string"}}],"inLanguage":"de"},{"@type":"Organization","@id":"https:\/\/dev.eliassen.nl\/de\/#organization","name":"Eliassen Home & Garden Pleasure","url":"https:\/\/dev.eliassen.nl\/de\/","logo":{"@type":"ImageObject","inLanguage":"de","@id":"https:\/\/dev.eliassen.nl\/de\/#\/schema\/logo\/image\/","url":"https:\/\/www.eliassen.nl\/wp-content\/uploads\/2024\/01\/logo_4nd.jpg","contentUrl":"https:\/\/www.eliassen.nl\/wp-content\/uploads\/2024\/01\/logo_4nd.jpg","width":500,"height":500,"caption":"Eliassen Home & Garden Pleasure"},"image":{"@id":"https:\/\/dev.eliassen.nl\/de\/#\/schema\/logo\/image\/"},"sameAs":["https:\/\/www.facebook.com\/TuincentrumEliassenAmmerzoden","https:\/\/www.instagram.com\/eliassenhomeandgarden\/","https:\/\/nl.pinterest.com\/eliassenhomeandgarden\/","https:\/\/www.youtube.com\/@eliassenhomegardenpleasure4558"]}]}},"df_price":72.5,"df_sale_price":"","df_regular_price":72.5,"df_image_link":"https:\/\/dev.eliassen.nl\/wp-content\/uploads\/2024\/10\/wanddecoratievintagegaragedeuroldtimer60x81cm.jpg","image":"https:\/\/dev.eliassen.nl\/wp-content\/uploads\/2024\/10\/wanddecoratievintagegaragedeuroldtimer60x81cm.jpg","price_search":"<span class=\"woocommerce-Price-amount amount\"><bdi><span class=\"woocommerce-Price-currencySymbol\">&euro;<\/span>&nbsp;72,50<\/bdi><\/span>","category":"Andere Wanddekorationen","_links":{"self":[{"href":"https:\/\/dev.eliassen.nl\/de\/wp-json\/wp\/v2\/product\/147947","targetHints":{"allow":["GET"]}}],"collection":[{"href":"https:\/\/dev.eliassen.nl\/de\/wp-json\/wp\/v2\/product"}],"about":[{"href":"https:\/\/dev.eliassen.nl\/de\/wp-json\/wp\/v2\/types\/product"}],"wp:featuredmedia":[{"embeddable":true,"href":"https:\/\/dev.eliassen.nl\/de\/wp-json\/wp\/v2\/media\/147935"}],"wp:attachment":[{"href":"https:\/\/dev.eliassen.nl\/de\/wp-json\/wp\/v2\/media?parent=147947"}],"wp:term":[{"taxonomy":"product_brand","embeddable":true,"href":"https:\/\/dev.eliassen.nl\/de\/wp-json\/wp\/v2\/product_brand?post=147947"},{"taxonomy":"product_cat","embeddable":true,"href":"https:\/\/dev.eliassen.nl\/de\/wp-json\/wp\/v2\/product_cat?post=147947"},{"taxonomy":"product_tag","embeddable":true,"href":"https:\/\/dev.eliassen.nl\/de\/wp-json\/wp\/v2\/product_tag?post=147947"}],"curies":[{"name":"wp","href":"https:\/\/api.w.org\/{rel}","templated":true}]}}