{"id":148082,"date":"2024-01-30T15:40:02","date_gmt":"2024-01-30T14:40:02","guid":{"rendered":"https:\/\/www.eliassen.nl\/?product=glasvaas-bloesem-44cm"},"modified":"2024-12-05T16:58:24","modified_gmt":"2024-12-05T15:58:24","slug":"glasvase-blossom-44cm","status":"publish","type":"product","link":"https:\/\/dev.eliassen.nl\/de\/glasvase-blossom-44cm\/","title":{"rendered":"Glasvase Blossom 44cm"},"content":{"rendered":"<p>Diese hohe dekorative Glasvase ist ein wundersch\u00f6nes Dekorationsst\u00fcck f\u00fcr Ihr Zuhause oder zum Verschenken.<br \/>Diese farbige Dekovase mit Gr\u00fcn als Grundfarbe wird mit der altmodischen traditionellen Glasbl\u00e4sertechnik hergestellt. Das Besondere ist, dass dieses sch\u00f6ne Glasvasenmodell auf traditionelle Weise aus verschiedenfarbigem Glas hergestellt wurde.<\/p>\n<p>Da dieses Glasdekorationsst\u00fcck nach traditionellen Methoden hergestellt wird, ist jedes St\u00fcck dieser Serie einzigartig in Aussehen und Farbe, was bedeutet, dass diese Glasvase vom Foto abweichen kann. Bei handgefertigten Glasprodukten k\u00f6nnen Unvollkommenheiten auftreten. Luftblasen, Linien usw. Das ist normal; dar\u00fcber kann man sich nicht beschweren.<\/p>\n<ul>\n<li>Material: Glas<\/li>\n<li>Farbe: gr\u00fcn<\/li>\n<li>Gr\u00f6\u00dfe: 17x17x37cm hoch<\/li>\n<li>Diese Glasvasen-Serie kann auch live bei uns besichtigt werden<\/li>\n<\/ul>\n","protected":false},"excerpt":{"rendered":"<p>Handgefertigt<\/p>\n","protected":false},"featured_media":148079,"template":"","meta":{"_acf_changed":false},"product_brand":[],"product_cat":[812,800],"product_tag":[],"class_list":{"0":"post-148082","1":"product","2":"type-product","3":"status-publish","4":"has-post-thumbnail","6":"product_cat-farbige-glasvasen","7":"product_cat-glaskunst","9":"first","10":"instock","11":"taxable","12":"shipping-taxable","13":"purchasable","14":"product-type-simple"},"acf":[],"yoast_head":"<!-- This site is optimized with the Yoast SEO plugin v23.8 - https:\/\/yoast.com\/wordpress\/plugins\/seo\/ -->\n<title>Glasvase Blossom 44cm - Eliassen.nl<\/title>\n<meta name=\"description\" content=\"Wundersch\u00f6ne bunte handgefertigte Glasvase in allen m\u00f6glichen Farben. Handgefertigt mit vielen Farben. Grundfarbe ist gr\u00fcn. 44cm hoch.\" \/>\n<meta name=\"robots\" content=\"noindex, follow, max-snippet:-1, max-image-preview:large, max-video-preview:-1\" \/>\n<meta property=\"og:locale\" content=\"de_DE\" \/>\n<meta property=\"og:type\" content=\"article\" \/>\n<meta property=\"og:title\" content=\"Glasvase Blossom 44cm - Eliassen.nl\" \/>\n<meta property=\"og:description\" content=\"Wundersch\u00f6ne bunte handgefertigte Glasvase in allen m\u00f6glichen Farben. Handgefertigt mit vielen Farben. Grundfarbe ist gr\u00fcn. 44cm hoch.\" \/>\n<meta property=\"og:url\" content=\"https:\/\/dev.eliassen.nl\/de\/glasvase-blossom-44cm\/\" \/>\n<meta property=\"og:site_name\" content=\"Eliassen.nl\" \/>\n<meta property=\"article:publisher\" content=\"https:\/\/www.facebook.com\/TuincentrumEliassenAmmerzoden\" \/>\n<meta property=\"article:modified_time\" content=\"2024-12-05T15:58:24+00:00\" \/>\n<meta property=\"og:image\" content=\"https:\/\/dev.eliassen.nl\/wp-content\/uploads\/2024\/10\/img20230316wa0013.jpg\" \/>\n\t<meta property=\"og:image:width\" content=\"1200\" \/>\n\t<meta property=\"og:image:height\" content=\"1600\" \/>\n\t<meta property=\"og:image:type\" content=\"image\/jpeg\" \/>\n<meta name=\"twitter:card\" content=\"summary_large_image\" \/>\n<script type=\"application\/ld+json\" class=\"yoast-schema-graph\">{\"@context\":\"https:\/\/schema.org\",\"@graph\":[{\"@type\":\"WebPage\",\"@id\":\"https:\/\/dev.eliassen.nl\/de\/glasvase-blossom-44cm\/\",\"url\":\"https:\/\/dev.eliassen.nl\/de\/glasvase-blossom-44cm\/\",\"name\":\"Glasvase Blossom 44cm - Eliassen.nl\",\"isPartOf\":{\"@id\":\"https:\/\/dev.eliassen.nl\/de\/#website\"},\"primaryImageOfPage\":{\"@id\":\"https:\/\/dev.eliassen.nl\/de\/glasvase-blossom-44cm\/#primaryimage\"},\"image\":{\"@id\":\"https:\/\/dev.eliassen.nl\/de\/glasvase-blossom-44cm\/#primaryimage\"},\"thumbnailUrl\":\"https:\/\/dev.eliassen.nl\/wp-content\/uploads\/2024\/10\/img20230316wa0013.jpg\",\"datePublished\":\"2024-01-30T14:40:02+00:00\",\"dateModified\":\"2024-12-05T15:58:24+00:00\",\"description\":\"Wundersch\u00f6ne bunte handgefertigte Glasvase in allen m\u00f6glichen Farben. Handgefertigt mit vielen Farben. Grundfarbe ist gr\u00fcn. 44cm hoch.\",\"breadcrumb\":{\"@id\":\"https:\/\/dev.eliassen.nl\/de\/glasvase-blossom-44cm\/#breadcrumb\"},\"inLanguage\":\"de\",\"potentialAction\":[{\"@type\":\"ReadAction\",\"target\":[\"https:\/\/dev.eliassen.nl\/de\/glasvase-blossom-44cm\/\"]}]},{\"@type\":\"ImageObject\",\"inLanguage\":\"de\",\"@id\":\"https:\/\/dev.eliassen.nl\/de\/glasvase-blossom-44cm\/#primaryimage\",\"url\":\"https:\/\/dev.eliassen.nl\/wp-content\/uploads\/2024\/10\/img20230316wa0013.jpg\",\"contentUrl\":\"https:\/\/dev.eliassen.nl\/wp-content\/uploads\/2024\/10\/img20230316wa0013.jpg\",\"width\":1200,\"height\":1600,\"caption\":\"IMG-20230316-WA0013\"},{\"@type\":\"BreadcrumbList\",\"@id\":\"https:\/\/dev.eliassen.nl\/de\/glasvase-blossom-44cm\/#breadcrumb\",\"itemListElement\":[{\"@type\":\"ListItem\",\"position\":1,\"name\":\"Home\",\"item\":\"https:\/\/dev.eliassen.nl\/de\/\"},{\"@type\":\"ListItem\",\"position\":2,\"name\":\"Shop\",\"item\":\"https:\/\/dev.eliassen.nl\/nl\/winkel\/\"},{\"@type\":\"ListItem\",\"position\":3,\"name\":\"Glaskunst\",\"item\":\"https:\/\/dev.eliassen.nl\/de\/glaskunst\/\"},{\"@type\":\"ListItem\",\"position\":4,\"name\":\"Farbige Glasvasen\",\"item\":\"https:\/\/dev.eliassen.nl\/de\/glaskunst\/farbige-glasvasen\/\"},{\"@type\":\"ListItem\",\"position\":5,\"name\":\"Glasvase Blossom 44cm\"}]},{\"@type\":\"WebSite\",\"@id\":\"https:\/\/dev.eliassen.nl\/de\/#website\",\"url\":\"https:\/\/dev.eliassen.nl\/de\/\",\"name\":\"Eliassen Home & Garden Pleasure\",\"description\":\"\",\"publisher\":{\"@id\":\"https:\/\/dev.eliassen.nl\/de\/#organization\"},\"alternateName\":\"Eliassen.nl\",\"potentialAction\":[{\"@type\":\"SearchAction\",\"target\":{\"@type\":\"EntryPoint\",\"urlTemplate\":\"https:\/\/dev.eliassen.nl\/de\/?s={search_term_string}\"},\"query-input\":{\"@type\":\"PropertyValueSpecification\",\"valueRequired\":true,\"valueName\":\"search_term_string\"}}],\"inLanguage\":\"de\"},{\"@type\":\"Organization\",\"@id\":\"https:\/\/dev.eliassen.nl\/de\/#organization\",\"name\":\"Eliassen Home & Garden Pleasure\",\"url\":\"https:\/\/dev.eliassen.nl\/de\/\",\"logo\":{\"@type\":\"ImageObject\",\"inLanguage\":\"de\",\"@id\":\"https:\/\/dev.eliassen.nl\/de\/#\/schema\/logo\/image\/\",\"url\":\"https:\/\/www.eliassen.nl\/wp-content\/uploads\/2024\/01\/logo_4nd.jpg\",\"contentUrl\":\"https:\/\/www.eliassen.nl\/wp-content\/uploads\/2024\/01\/logo_4nd.jpg\",\"width\":500,\"height\":500,\"caption\":\"Eliassen Home & Garden Pleasure\"},\"image\":{\"@id\":\"https:\/\/dev.eliassen.nl\/de\/#\/schema\/logo\/image\/\"},\"sameAs\":[\"https:\/\/www.facebook.com\/TuincentrumEliassenAmmerzoden\",\"https:\/\/www.instagram.com\/eliassenhomeandgarden\/\",\"https:\/\/nl.pinterest.com\/eliassenhomeandgarden\/\",\"https:\/\/www.youtube.com\/@eliassenhomegardenpleasure4558\"]}]}<\/script>\n<!-- \/ Yoast SEO plugin. -->","yoast_head_json":{"title":"Glasvase Blossom 44cm - Eliassen.nl","description":"Wundersch\u00f6ne bunte handgefertigte Glasvase in allen m\u00f6glichen Farben. Handgefertigt mit vielen Farben. Grundfarbe ist gr\u00fcn. 44cm hoch.","robots":{"index":"noindex","follow":"follow","max-snippet":"max-snippet:-1","max-image-preview":"max-image-preview:large","max-video-preview":"max-video-preview:-1"},"og_locale":"de_DE","og_type":"article","og_title":"Glasvase Blossom 44cm - Eliassen.nl","og_description":"Wundersch\u00f6ne bunte handgefertigte Glasvase in allen m\u00f6glichen Farben. Handgefertigt mit vielen Farben. Grundfarbe ist gr\u00fcn. 44cm hoch.","og_url":"https:\/\/dev.eliassen.nl\/de\/glasvase-blossom-44cm\/","og_site_name":"Eliassen.nl","article_publisher":"https:\/\/www.facebook.com\/TuincentrumEliassenAmmerzoden","article_modified_time":"2024-12-05T15:58:24+00:00","og_image":[{"width":1200,"height":1600,"url":"https:\/\/dev.eliassen.nl\/wp-content\/uploads\/2024\/10\/img20230316wa0013.jpg","type":"image\/jpeg"}],"twitter_card":"summary_large_image","schema":{"@context":"https:\/\/schema.org","@graph":[{"@type":"WebPage","@id":"https:\/\/dev.eliassen.nl\/de\/glasvase-blossom-44cm\/","url":"https:\/\/dev.eliassen.nl\/de\/glasvase-blossom-44cm\/","name":"Glasvase Blossom 44cm - Eliassen.nl","isPartOf":{"@id":"https:\/\/dev.eliassen.nl\/de\/#website"},"primaryImageOfPage":{"@id":"https:\/\/dev.eliassen.nl\/de\/glasvase-blossom-44cm\/#primaryimage"},"image":{"@id":"https:\/\/dev.eliassen.nl\/de\/glasvase-blossom-44cm\/#primaryimage"},"thumbnailUrl":"https:\/\/dev.eliassen.nl\/wp-content\/uploads\/2024\/10\/img20230316wa0013.jpg","datePublished":"2024-01-30T14:40:02+00:00","dateModified":"2024-12-05T15:58:24+00:00","description":"Wundersch\u00f6ne bunte handgefertigte Glasvase in allen m\u00f6glichen Farben. Handgefertigt mit vielen Farben. Grundfarbe ist gr\u00fcn. 44cm hoch.","breadcrumb":{"@id":"https:\/\/dev.eliassen.nl\/de\/glasvase-blossom-44cm\/#breadcrumb"},"inLanguage":"de","potentialAction":[{"@type":"ReadAction","target":["https:\/\/dev.eliassen.nl\/de\/glasvase-blossom-44cm\/"]}]},{"@type":"ImageObject","inLanguage":"de","@id":"https:\/\/dev.eliassen.nl\/de\/glasvase-blossom-44cm\/#primaryimage","url":"https:\/\/dev.eliassen.nl\/wp-content\/uploads\/2024\/10\/img20230316wa0013.jpg","contentUrl":"https:\/\/dev.eliassen.nl\/wp-content\/uploads\/2024\/10\/img20230316wa0013.jpg","width":1200,"height":1600,"caption":"IMG-20230316-WA0013"},{"@type":"BreadcrumbList","@id":"https:\/\/dev.eliassen.nl\/de\/glasvase-blossom-44cm\/#breadcrumb","itemListElement":[{"@type":"ListItem","position":1,"name":"Home","item":"https:\/\/dev.eliassen.nl\/de\/"},{"@type":"ListItem","position":2,"name":"Shop","item":"https:\/\/dev.eliassen.nl\/nl\/winkel\/"},{"@type":"ListItem","position":3,"name":"Glaskunst","item":"https:\/\/dev.eliassen.nl\/de\/glaskunst\/"},{"@type":"ListItem","position":4,"name":"Farbige Glasvasen","item":"https:\/\/dev.eliassen.nl\/de\/glaskunst\/farbige-glasvasen\/"},{"@type":"ListItem","position":5,"name":"Glasvase Blossom 44cm"}]},{"@type":"WebSite","@id":"https:\/\/dev.eliassen.nl\/de\/#website","url":"https:\/\/dev.eliassen.nl\/de\/","name":"Eliassen Home & Garden Pleasure","description":"","publisher":{"@id":"https:\/\/dev.eliassen.nl\/de\/#organization"},"alternateName":"Eliassen.nl","potentialAction":[{"@type":"SearchAction","target":{"@type":"EntryPoint","urlTemplate":"https:\/\/dev.eliassen.nl\/de\/?s={search_term_string}"},"query-input":{"@type":"PropertyValueSpecification","valueRequired":true,"valueName":"search_term_string"}}],"inLanguage":"de"},{"@type":"Organization","@id":"https:\/\/dev.eliassen.nl\/de\/#organization","name":"Eliassen Home & Garden Pleasure","url":"https:\/\/dev.eliassen.nl\/de\/","logo":{"@type":"ImageObject","inLanguage":"de","@id":"https:\/\/dev.eliassen.nl\/de\/#\/schema\/logo\/image\/","url":"https:\/\/www.eliassen.nl\/wp-content\/uploads\/2024\/01\/logo_4nd.jpg","contentUrl":"https:\/\/www.eliassen.nl\/wp-content\/uploads\/2024\/01\/logo_4nd.jpg","width":500,"height":500,"caption":"Eliassen Home & Garden Pleasure"},"image":{"@id":"https:\/\/dev.eliassen.nl\/de\/#\/schema\/logo\/image\/"},"sameAs":["https:\/\/www.facebook.com\/TuincentrumEliassenAmmerzoden","https:\/\/www.instagram.com\/eliassenhomeandgarden\/","https:\/\/nl.pinterest.com\/eliassenhomeandgarden\/","https:\/\/www.youtube.com\/@eliassenhomegardenpleasure4558"]}]}},"df_price":149,"df_sale_price":"","df_regular_price":149,"df_image_link":"https:\/\/dev.eliassen.nl\/wp-content\/uploads\/2024\/10\/img20230316wa0013.jpg","image":"https:\/\/dev.eliassen.nl\/wp-content\/uploads\/2024\/10\/img20230316wa0013.jpg","price_search":"<span class=\"woocommerce-Price-amount amount\"><bdi><span class=\"woocommerce-Price-currencySymbol\">&euro;<\/span>&nbsp;149,00<\/bdi><\/span>","category":"Farbige Glasvasen","_links":{"self":[{"href":"https:\/\/dev.eliassen.nl\/de\/wp-json\/wp\/v2\/product\/148082","targetHints":{"allow":["GET"]}}],"collection":[{"href":"https:\/\/dev.eliassen.nl\/de\/wp-json\/wp\/v2\/product"}],"about":[{"href":"https:\/\/dev.eliassen.nl\/de\/wp-json\/wp\/v2\/types\/product"}],"wp:featuredmedia":[{"embeddable":true,"href":"https:\/\/dev.eliassen.nl\/de\/wp-json\/wp\/v2\/media\/148079"}],"wp:attachment":[{"href":"https:\/\/dev.eliassen.nl\/de\/wp-json\/wp\/v2\/media?parent=148082"}],"wp:term":[{"taxonomy":"product_brand","embeddable":true,"href":"https:\/\/dev.eliassen.nl\/de\/wp-json\/wp\/v2\/product_brand?post=148082"},{"taxonomy":"product_cat","embeddable":true,"href":"https:\/\/dev.eliassen.nl\/de\/wp-json\/wp\/v2\/product_cat?post=148082"},{"taxonomy":"product_tag","embeddable":true,"href":"https:\/\/dev.eliassen.nl\/de\/wp-json\/wp\/v2\/product_tag?post=148082"}],"curies":[{"name":"wp","href":"https:\/\/api.w.org\/{rel}","templated":true}]}}