{"id":148310,"date":"2024-02-02T10:32:15","date_gmt":"2024-02-02T09:32:15","guid":{"rendered":"https:\/\/www.eliassen.nl\/?product=canvas-schilderij-vrouw-met-bloemen-op-hoofd-90x15"},"modified":"2025-03-03T20:50:36","modified_gmt":"2025-03-03T19:50:36","slug":"leinwandgemalde-frau-mit-blumen-auf-dem-kopf-90x150cm","status":"publish","type":"product","link":"https:\/\/dev.eliassen.nl\/de\/leinwandgemalde-frau-mit-blumen-auf-dem-kopf-90x150cm\/","title":{"rendered":"Leinwandgem\u00e4lde Frau mit Blumen auf dem Kopf 90x150cm"},"content":{"rendered":"<p>Sind Sie auf der Suche nach einem wundersch\u00f6nen, mit Acrylfarbe bearbeiteten Leinwandgem\u00e4lde? Dann ist diese Wanddekorationsserie genau das Richtige f\u00fcr Sie. Dieses gro\u00dfe Gem\u00e4lde, das eine Frau in einer farbenfrohen Umgebung mit einem Graffiti-Touch zeigt, wurde sorgf\u00e4ltig mit den sch\u00f6nsten Farbkompositionen und mit viel Liebe zum letzten Schliff geschaffen!<\/p>\n<p>Das Gem\u00e4lde besteht teils aus einem Druck auf der Leinwand und teils aus darauf aufgetragener Acrylfarbe.<br \/>Da es sich um ein menschliches Werk handelt, kann das Foto geringf\u00fcgig vom echten Exemplar abweichen.<\/p>\n<p>Die Leinwand wird durch einen 5 cm dicken Rahmen sauber abgeschlossen.<\/p>\n<p>Wir haben auch fast die gesamte Kollektion dieser Serie im Gesch\u00e4ft, was in den Niederlanden einzigartig ist.<br \/>Nirgendwo sonst finden Sie eine so gro\u00dfe Sammlung. Gern geschehen.<\/p>\n<ul>\n<li>Gr\u00f6\u00dfe 90x150cm<\/li>\n<li>Dicke und robuste Leinwand<\/li>\n<li>Einfache Aufh\u00e4ngung mit 1 oder 2 Schrauben<\/li>\n<li>Schnell geliefert<\/li>\n<li><strong>Gr\u00f6\u00dfte Sammlung in den Benelux-L\u00e4ndern, die auch live besichtigt werden kann.<\/strong><\/li>\n<li>1 Jahr Garantie<\/li>\n<\/ul>\n","protected":false},"excerpt":{"rendered":"<p>Wundersch\u00f6nes, farbenfrohes Leinwandgem\u00e4lde, bearbeitet mit Acrylfarbe. Abmessungen 90x150cm.<\/p>\n","protected":false},"featured_media":148307,"template":"","meta":{"_acf_changed":false},"product_brand":[6948],"product_cat":[410,476],"product_tag":[],"class_list":{"0":"post-148310","1":"product","2":"type-product","3":"status-publish","4":"has-post-thumbnail","6":"product_brand-homebound-de","7":"product_cat-gemaelde","8":"product_cat-gemaelde-auf-leinwand","10":"first","11":"instock","12":"taxable","13":"shipping-taxable","14":"purchasable","15":"product-type-simple"},"acf":[],"yoast_head":"<!-- This site is optimized with the Yoast SEO plugin v23.8 - https:\/\/yoast.com\/wordpress\/plugins\/seo\/ -->\n<title>Leinwandgem\u00e4lde Frau mit Blumen auf dem Kopf 90x150cm - Eliassen.nl<\/title>\n<meta name=\"description\" content=\"Ein wundersch\u00f6nes, farbenfrohes Leinwandgem\u00e4lde, das f\u00fcr einen sch\u00f6nen Effekt mit Acrylfarbe verziert wurde. Eine sch\u00f6ne Dekoration f\u00fcr die Wand. Abmessungen...\" \/>\n<meta name=\"robots\" content=\"noindex, follow, max-snippet:-1, max-image-preview:large, max-video-preview:-1\" \/>\n<meta property=\"og:locale\" content=\"de_DE\" \/>\n<meta property=\"og:type\" content=\"article\" \/>\n<meta property=\"og:title\" content=\"Leinwandgem\u00e4lde Frau mit Blumen auf dem Kopf 90x150cm - Eliassen.nl\" \/>\n<meta property=\"og:description\" content=\"Ein wundersch\u00f6nes, farbenfrohes Leinwandgem\u00e4lde, das f\u00fcr einen sch\u00f6nen Effekt mit Acrylfarbe verziert wurde. Eine sch\u00f6ne Dekoration f\u00fcr die Wand. Abmessungen...\" \/>\n<meta property=\"og:url\" content=\"https:\/\/dev.eliassen.nl\/de\/leinwandgemalde-frau-mit-blumen-auf-dem-kopf-90x150cm\/\" \/>\n<meta property=\"og:site_name\" content=\"Eliassen.nl\" \/>\n<meta property=\"article:publisher\" content=\"https:\/\/www.facebook.com\/TuincentrumEliassenAmmerzoden\" \/>\n<meta property=\"article:modified_time\" content=\"2025-03-03T19:50:36+00:00\" \/>\n<meta property=\"og:image\" content=\"https:\/\/dev.eliassen.nl\/wp-content\/uploads\/2024\/10\/canvasschilderijvrouwmetbloemenkrans190x150c.jpg\" \/>\n\t<meta property=\"og:image:width\" content=\"1200\" \/>\n\t<meta property=\"og:image:height\" content=\"2000\" \/>\n\t<meta property=\"og:image:type\" content=\"image\/jpeg\" \/>\n<meta name=\"twitter:card\" content=\"summary_large_image\" \/>\n<script type=\"application\/ld+json\" class=\"yoast-schema-graph\">{\"@context\":\"https:\/\/schema.org\",\"@graph\":[{\"@type\":\"WebPage\",\"@id\":\"https:\/\/dev.eliassen.nl\/de\/leinwandgemalde-frau-mit-blumen-auf-dem-kopf-90x150cm\/\",\"url\":\"https:\/\/dev.eliassen.nl\/de\/leinwandgemalde-frau-mit-blumen-auf-dem-kopf-90x150cm\/\",\"name\":\"Leinwandgem\u00e4lde Frau mit Blumen auf dem Kopf 90x150cm - Eliassen.nl\",\"isPartOf\":{\"@id\":\"https:\/\/dev.eliassen.nl\/de\/#website\"},\"primaryImageOfPage\":{\"@id\":\"https:\/\/dev.eliassen.nl\/de\/leinwandgemalde-frau-mit-blumen-auf-dem-kopf-90x150cm\/#primaryimage\"},\"image\":{\"@id\":\"https:\/\/dev.eliassen.nl\/de\/leinwandgemalde-frau-mit-blumen-auf-dem-kopf-90x150cm\/#primaryimage\"},\"thumbnailUrl\":\"https:\/\/dev.eliassen.nl\/wp-content\/uploads\/2024\/10\/canvasschilderijvrouwmetbloemenkrans190x150c.jpg\",\"datePublished\":\"2024-02-02T09:32:15+00:00\",\"dateModified\":\"2025-03-03T19:50:36+00:00\",\"description\":\"Ein wundersch\u00f6nes, farbenfrohes Leinwandgem\u00e4lde, das f\u00fcr einen sch\u00f6nen Effekt mit Acrylfarbe verziert wurde. Eine sch\u00f6ne Dekoration f\u00fcr die Wand. Abmessungen...\",\"breadcrumb\":{\"@id\":\"https:\/\/dev.eliassen.nl\/de\/leinwandgemalde-frau-mit-blumen-auf-dem-kopf-90x150cm\/#breadcrumb\"},\"inLanguage\":\"de\",\"potentialAction\":[{\"@type\":\"ReadAction\",\"target\":[\"https:\/\/dev.eliassen.nl\/de\/leinwandgemalde-frau-mit-blumen-auf-dem-kopf-90x150cm\/\"]}]},{\"@type\":\"ImageObject\",\"inLanguage\":\"de\",\"@id\":\"https:\/\/dev.eliassen.nl\/de\/leinwandgemalde-frau-mit-blumen-auf-dem-kopf-90x150cm\/#primaryimage\",\"url\":\"https:\/\/dev.eliassen.nl\/wp-content\/uploads\/2024\/10\/canvasschilderijvrouwmetbloemenkrans190x150c.jpg\",\"contentUrl\":\"https:\/\/dev.eliassen.nl\/wp-content\/uploads\/2024\/10\/canvasschilderijvrouwmetbloemenkrans190x150c.jpg\",\"width\":1200,\"height\":2000,\"caption\":\"canvas-schilderij-vrouw-met-bloemenkrans-1-90x150c\"},{\"@type\":\"BreadcrumbList\",\"@id\":\"https:\/\/dev.eliassen.nl\/de\/leinwandgemalde-frau-mit-blumen-auf-dem-kopf-90x150cm\/#breadcrumb\",\"itemListElement\":[{\"@type\":\"ListItem\",\"position\":1,\"name\":\"Home\",\"item\":\"https:\/\/dev.eliassen.nl\/de\/\"},{\"@type\":\"ListItem\",\"position\":2,\"name\":\"Shop\",\"item\":\"https:\/\/dev.eliassen.nl\/nl\/winkel\/\"},{\"@type\":\"ListItem\",\"position\":3,\"name\":\"Gem\u00e4lde\",\"item\":\"https:\/\/dev.eliassen.nl\/de\/gemaelde\/\"},{\"@type\":\"ListItem\",\"position\":4,\"name\":\"Gem\u00e4lde auf Leinwand\",\"item\":\"https:\/\/dev.eliassen.nl\/de\/gemaelde\/gemaelde-auf-leinwand\/\"},{\"@type\":\"ListItem\",\"position\":5,\"name\":\"Leinwandgem\u00e4lde Frau mit Blumen auf dem Kopf 90x150cm\"}]},{\"@type\":\"WebSite\",\"@id\":\"https:\/\/dev.eliassen.nl\/de\/#website\",\"url\":\"https:\/\/dev.eliassen.nl\/de\/\",\"name\":\"Eliassen Home & Garden Pleasure\",\"description\":\"\",\"publisher\":{\"@id\":\"https:\/\/dev.eliassen.nl\/de\/#organization\"},\"alternateName\":\"Eliassen.nl\",\"potentialAction\":[{\"@type\":\"SearchAction\",\"target\":{\"@type\":\"EntryPoint\",\"urlTemplate\":\"https:\/\/dev.eliassen.nl\/de\/?s={search_term_string}\"},\"query-input\":{\"@type\":\"PropertyValueSpecification\",\"valueRequired\":true,\"valueName\":\"search_term_string\"}}],\"inLanguage\":\"de\"},{\"@type\":\"Organization\",\"@id\":\"https:\/\/dev.eliassen.nl\/de\/#organization\",\"name\":\"Eliassen Home & Garden Pleasure\",\"url\":\"https:\/\/dev.eliassen.nl\/de\/\",\"logo\":{\"@type\":\"ImageObject\",\"inLanguage\":\"de\",\"@id\":\"https:\/\/dev.eliassen.nl\/de\/#\/schema\/logo\/image\/\",\"url\":\"https:\/\/www.eliassen.nl\/wp-content\/uploads\/2024\/01\/logo_4nd.jpg\",\"contentUrl\":\"https:\/\/www.eliassen.nl\/wp-content\/uploads\/2024\/01\/logo_4nd.jpg\",\"width\":500,\"height\":500,\"caption\":\"Eliassen Home & Garden Pleasure\"},\"image\":{\"@id\":\"https:\/\/dev.eliassen.nl\/de\/#\/schema\/logo\/image\/\"},\"sameAs\":[\"https:\/\/www.facebook.com\/TuincentrumEliassenAmmerzoden\",\"https:\/\/www.instagram.com\/eliassenhomeandgarden\/\",\"https:\/\/nl.pinterest.com\/eliassenhomeandgarden\/\",\"https:\/\/www.youtube.com\/@eliassenhomegardenpleasure4558\"]}]}<\/script>\n<!-- \/ Yoast SEO plugin. -->","yoast_head_json":{"title":"Leinwandgem\u00e4lde Frau mit Blumen auf dem Kopf 90x150cm - Eliassen.nl","description":"Ein wundersch\u00f6nes, farbenfrohes Leinwandgem\u00e4lde, das f\u00fcr einen sch\u00f6nen Effekt mit Acrylfarbe verziert wurde. Eine sch\u00f6ne Dekoration f\u00fcr die Wand. Abmessungen...","robots":{"index":"noindex","follow":"follow","max-snippet":"max-snippet:-1","max-image-preview":"max-image-preview:large","max-video-preview":"max-video-preview:-1"},"og_locale":"de_DE","og_type":"article","og_title":"Leinwandgem\u00e4lde Frau mit Blumen auf dem Kopf 90x150cm - Eliassen.nl","og_description":"Ein wundersch\u00f6nes, farbenfrohes Leinwandgem\u00e4lde, das f\u00fcr einen sch\u00f6nen Effekt mit Acrylfarbe verziert wurde. Eine sch\u00f6ne Dekoration f\u00fcr die Wand. Abmessungen...","og_url":"https:\/\/dev.eliassen.nl\/de\/leinwandgemalde-frau-mit-blumen-auf-dem-kopf-90x150cm\/","og_site_name":"Eliassen.nl","article_publisher":"https:\/\/www.facebook.com\/TuincentrumEliassenAmmerzoden","article_modified_time":"2025-03-03T19:50:36+00:00","og_image":[{"width":1200,"height":2000,"url":"https:\/\/dev.eliassen.nl\/wp-content\/uploads\/2024\/10\/canvasschilderijvrouwmetbloemenkrans190x150c.jpg","type":"image\/jpeg"}],"twitter_card":"summary_large_image","schema":{"@context":"https:\/\/schema.org","@graph":[{"@type":"WebPage","@id":"https:\/\/dev.eliassen.nl\/de\/leinwandgemalde-frau-mit-blumen-auf-dem-kopf-90x150cm\/","url":"https:\/\/dev.eliassen.nl\/de\/leinwandgemalde-frau-mit-blumen-auf-dem-kopf-90x150cm\/","name":"Leinwandgem\u00e4lde Frau mit Blumen auf dem Kopf 90x150cm - Eliassen.nl","isPartOf":{"@id":"https:\/\/dev.eliassen.nl\/de\/#website"},"primaryImageOfPage":{"@id":"https:\/\/dev.eliassen.nl\/de\/leinwandgemalde-frau-mit-blumen-auf-dem-kopf-90x150cm\/#primaryimage"},"image":{"@id":"https:\/\/dev.eliassen.nl\/de\/leinwandgemalde-frau-mit-blumen-auf-dem-kopf-90x150cm\/#primaryimage"},"thumbnailUrl":"https:\/\/dev.eliassen.nl\/wp-content\/uploads\/2024\/10\/canvasschilderijvrouwmetbloemenkrans190x150c.jpg","datePublished":"2024-02-02T09:32:15+00:00","dateModified":"2025-03-03T19:50:36+00:00","description":"Ein wundersch\u00f6nes, farbenfrohes Leinwandgem\u00e4lde, das f\u00fcr einen sch\u00f6nen Effekt mit Acrylfarbe verziert wurde. Eine sch\u00f6ne Dekoration f\u00fcr die Wand. Abmessungen...","breadcrumb":{"@id":"https:\/\/dev.eliassen.nl\/de\/leinwandgemalde-frau-mit-blumen-auf-dem-kopf-90x150cm\/#breadcrumb"},"inLanguage":"de","potentialAction":[{"@type":"ReadAction","target":["https:\/\/dev.eliassen.nl\/de\/leinwandgemalde-frau-mit-blumen-auf-dem-kopf-90x150cm\/"]}]},{"@type":"ImageObject","inLanguage":"de","@id":"https:\/\/dev.eliassen.nl\/de\/leinwandgemalde-frau-mit-blumen-auf-dem-kopf-90x150cm\/#primaryimage","url":"https:\/\/dev.eliassen.nl\/wp-content\/uploads\/2024\/10\/canvasschilderijvrouwmetbloemenkrans190x150c.jpg","contentUrl":"https:\/\/dev.eliassen.nl\/wp-content\/uploads\/2024\/10\/canvasschilderijvrouwmetbloemenkrans190x150c.jpg","width":1200,"height":2000,"caption":"canvas-schilderij-vrouw-met-bloemenkrans-1-90x150c"},{"@type":"BreadcrumbList","@id":"https:\/\/dev.eliassen.nl\/de\/leinwandgemalde-frau-mit-blumen-auf-dem-kopf-90x150cm\/#breadcrumb","itemListElement":[{"@type":"ListItem","position":1,"name":"Home","item":"https:\/\/dev.eliassen.nl\/de\/"},{"@type":"ListItem","position":2,"name":"Shop","item":"https:\/\/dev.eliassen.nl\/nl\/winkel\/"},{"@type":"ListItem","position":3,"name":"Gem\u00e4lde","item":"https:\/\/dev.eliassen.nl\/de\/gemaelde\/"},{"@type":"ListItem","position":4,"name":"Gem\u00e4lde auf Leinwand","item":"https:\/\/dev.eliassen.nl\/de\/gemaelde\/gemaelde-auf-leinwand\/"},{"@type":"ListItem","position":5,"name":"Leinwandgem\u00e4lde Frau mit Blumen auf dem Kopf 90x150cm"}]},{"@type":"WebSite","@id":"https:\/\/dev.eliassen.nl\/de\/#website","url":"https:\/\/dev.eliassen.nl\/de\/","name":"Eliassen Home & Garden Pleasure","description":"","publisher":{"@id":"https:\/\/dev.eliassen.nl\/de\/#organization"},"alternateName":"Eliassen.nl","potentialAction":[{"@type":"SearchAction","target":{"@type":"EntryPoint","urlTemplate":"https:\/\/dev.eliassen.nl\/de\/?s={search_term_string}"},"query-input":{"@type":"PropertyValueSpecification","valueRequired":true,"valueName":"search_term_string"}}],"inLanguage":"de"},{"@type":"Organization","@id":"https:\/\/dev.eliassen.nl\/de\/#organization","name":"Eliassen Home & Garden Pleasure","url":"https:\/\/dev.eliassen.nl\/de\/","logo":{"@type":"ImageObject","inLanguage":"de","@id":"https:\/\/dev.eliassen.nl\/de\/#\/schema\/logo\/image\/","url":"https:\/\/www.eliassen.nl\/wp-content\/uploads\/2024\/01\/logo_4nd.jpg","contentUrl":"https:\/\/www.eliassen.nl\/wp-content\/uploads\/2024\/01\/logo_4nd.jpg","width":500,"height":500,"caption":"Eliassen Home & Garden Pleasure"},"image":{"@id":"https:\/\/dev.eliassen.nl\/de\/#\/schema\/logo\/image\/"},"sameAs":["https:\/\/www.facebook.com\/TuincentrumEliassenAmmerzoden","https:\/\/www.instagram.com\/eliassenhomeandgarden\/","https:\/\/nl.pinterest.com\/eliassenhomeandgarden\/","https:\/\/www.youtube.com\/@eliassenhomegardenpleasure4558"]}]}},"df_price":239,"df_sale_price":"","df_regular_price":239,"df_image_link":"https:\/\/dev.eliassen.nl\/wp-content\/uploads\/2024\/10\/canvasschilderijvrouwmetbloemenkrans190x150c.jpg","image":"https:\/\/dev.eliassen.nl\/wp-content\/uploads\/2024\/10\/canvasschilderijvrouwmetbloemenkrans190x150c.jpg","price_search":"<span class=\"woocommerce-Price-amount amount\"><bdi><span class=\"woocommerce-Price-currencySymbol\">&euro;<\/span>&nbsp;239,00<\/bdi><\/span>","category":"Gem\u00e4lde","_links":{"self":[{"href":"https:\/\/dev.eliassen.nl\/de\/wp-json\/wp\/v2\/product\/148310","targetHints":{"allow":["GET"]}}],"collection":[{"href":"https:\/\/dev.eliassen.nl\/de\/wp-json\/wp\/v2\/product"}],"about":[{"href":"https:\/\/dev.eliassen.nl\/de\/wp-json\/wp\/v2\/types\/product"}],"wp:featuredmedia":[{"embeddable":true,"href":"https:\/\/dev.eliassen.nl\/de\/wp-json\/wp\/v2\/media\/148307"}],"wp:attachment":[{"href":"https:\/\/dev.eliassen.nl\/de\/wp-json\/wp\/v2\/media?parent=148310"}],"wp:term":[{"taxonomy":"product_brand","embeddable":true,"href":"https:\/\/dev.eliassen.nl\/de\/wp-json\/wp\/v2\/product_brand?post=148310"},{"taxonomy":"product_cat","embeddable":true,"href":"https:\/\/dev.eliassen.nl\/de\/wp-json\/wp\/v2\/product_cat?post=148310"},{"taxonomy":"product_tag","embeddable":true,"href":"https:\/\/dev.eliassen.nl\/de\/wp-json\/wp\/v2\/product_tag?post=148310"}],"curies":[{"name":"wp","href":"https:\/\/api.w.org\/{rel}","templated":true}]}}