{"id":148391,"date":"2024-02-05T12:23:21","date_gmt":"2024-02-05T11:23:21","guid":{"rendered":"https:\/\/www.eliassen.nl\/?product=copy-of-glazen-vaas-dames-gezicht"},"modified":"2024-12-05T16:58:57","modified_gmt":"2024-12-05T15:58:57","slug":"glasschalenstatue-mit-pfau-in-verschiedenen-farben-35-cm","status":"publish","type":"product","link":"https:\/\/dev.eliassen.nl\/de\/glasschalenstatue-mit-pfau-in-verschiedenen-farben-35-cm\/","title":{"rendered":"Glasschalenstatue mit Pfau in verschiedenen Farben, 35 cm"},"content":{"rendered":"<p>Eine sch\u00f6ne Erg\u00e4nzung zu einer Glasschale ist diese Statue eines prunkvollen Pfaus aus Glas auf traditionelle Weise. Diese Statue ist handgefertigt und eine sch\u00f6ne Erg\u00e4nzung f\u00fcr Ihr Interieur oder zum Verschenken.<br \/>Die Farben sind sehr vielf\u00e4ltig und umfassen viel Blau, Gr\u00fcn und Rot.<\/p>\n<p><strong>Dieser Artikel ist handgefertigt, daher k\u00f6nnen die Farben oder Formen leicht vom Foto abweichen.<\/strong><\/p>\n<ul>\n<li>Gr\u00f6\u00dfe: ca. 35x30x32cm hoch<\/li>\n<li>Farben: Verschiedene<\/li>\n<li>Material: Glas<\/li>\n<li>Handgefertigt<\/li>\n<\/ul>\n","protected":false},"excerpt":{"rendered":"<p>Glasskulptur in Form einer Sch\u00fcssel\/Schale.<\/p>\n","protected":false},"featured_media":148376,"template":"","meta":{"_acf_changed":false},"product_brand":[],"product_cat":[812,800,824],"product_tag":[],"class_list":{"0":"post-148391","1":"product","2":"type-product","3":"status-publish","4":"has-post-thumbnail","6":"product_cat-farbige-glasvasen","7":"product_cat-glaskunst","8":"product_cat-tierfiguren-aus-glas","10":"first","11":"instock","12":"taxable","13":"shipping-taxable","14":"purchasable","15":"product-type-simple"},"acf":[],"yoast_head":"<!-- This site is optimized with the Yoast SEO plugin v23.8 - https:\/\/yoast.com\/wordpress\/plugins\/seo\/ -->\n<title>Glasschalenstatue mit Pfau in verschiedenen Farben 35 cm - Eliassen.nl<\/title>\n<meta name=\"description\" content=\"Sie sind auf der Suche nach einer Glasschale oder Schale mit sch\u00f6ner Verzierung? Dieses Modell einer farbenfrohen Glasstatue hat das Thema eines Pfaus in Sch...\" \/>\n<meta name=\"robots\" content=\"noindex, follow, max-snippet:-1, max-image-preview:large, max-video-preview:-1\" \/>\n<meta property=\"og:locale\" content=\"de_DE\" \/>\n<meta property=\"og:type\" content=\"article\" \/>\n<meta property=\"og:title\" content=\"Glasschalenstatue mit Pfau in verschiedenen Farben 35 cm - Eliassen.nl\" \/>\n<meta property=\"og:description\" content=\"Sie sind auf der Suche nach einer Glasschale oder Schale mit sch\u00f6ner Verzierung? Dieses Modell einer farbenfrohen Glasstatue hat das Thema eines Pfaus in Sch...\" \/>\n<meta property=\"og:url\" content=\"https:\/\/dev.eliassen.nl\/de\/glasschalenstatue-mit-pfau-in-verschiedenen-farben-35-cm\/\" \/>\n<meta property=\"og:site_name\" content=\"Eliassen.nl\" \/>\n<meta property=\"article:publisher\" content=\"https:\/\/www.facebook.com\/TuincentrumEliassenAmmerzoden\" \/>\n<meta property=\"article:modified_time\" content=\"2024-12-05T15:58:57+00:00\" \/>\n<meta property=\"og:image\" content=\"https:\/\/dev.eliassen.nl\/wp-content\/uploads\/2024\/10\/glazenschaalbeeldpauw35x30x32cmeliassennl2.jpg\" \/>\n\t<meta property=\"og:image:width\" content=\"1530\" \/>\n\t<meta property=\"og:image:height\" content=\"2040\" \/>\n\t<meta property=\"og:image:type\" content=\"image\/jpeg\" \/>\n<meta name=\"twitter:card\" content=\"summary_large_image\" \/>\n<script type=\"application\/ld+json\" class=\"yoast-schema-graph\">{\"@context\":\"https:\/\/schema.org\",\"@graph\":[{\"@type\":\"WebPage\",\"@id\":\"https:\/\/dev.eliassen.nl\/de\/glasschalenstatue-mit-pfau-in-verschiedenen-farben-35-cm\/\",\"url\":\"https:\/\/dev.eliassen.nl\/de\/glasschalenstatue-mit-pfau-in-verschiedenen-farben-35-cm\/\",\"name\":\"Glasschalenstatue mit Pfau in verschiedenen Farben 35 cm - Eliassen.nl\",\"isPartOf\":{\"@id\":\"https:\/\/dev.eliassen.nl\/de\/#website\"},\"primaryImageOfPage\":{\"@id\":\"https:\/\/dev.eliassen.nl\/de\/glasschalenstatue-mit-pfau-in-verschiedenen-farben-35-cm\/#primaryimage\"},\"image\":{\"@id\":\"https:\/\/dev.eliassen.nl\/de\/glasschalenstatue-mit-pfau-in-verschiedenen-farben-35-cm\/#primaryimage\"},\"thumbnailUrl\":\"https:\/\/dev.eliassen.nl\/wp-content\/uploads\/2024\/10\/glazenschaalbeeldpauw35x30x32cmeliassennl2.jpg\",\"datePublished\":\"2024-02-05T11:23:21+00:00\",\"dateModified\":\"2024-12-05T15:58:57+00:00\",\"description\":\"Sie sind auf der Suche nach einer Glasschale oder Schale mit sch\u00f6ner Verzierung? Dieses Modell einer farbenfrohen Glasstatue hat das Thema eines Pfaus in Sch...\",\"breadcrumb\":{\"@id\":\"https:\/\/dev.eliassen.nl\/de\/glasschalenstatue-mit-pfau-in-verschiedenen-farben-35-cm\/#breadcrumb\"},\"inLanguage\":\"de\",\"potentialAction\":[{\"@type\":\"ReadAction\",\"target\":[\"https:\/\/dev.eliassen.nl\/de\/glasschalenstatue-mit-pfau-in-verschiedenen-farben-35-cm\/\"]}]},{\"@type\":\"ImageObject\",\"inLanguage\":\"de\",\"@id\":\"https:\/\/dev.eliassen.nl\/de\/glasschalenstatue-mit-pfau-in-verschiedenen-farben-35-cm\/#primaryimage\",\"url\":\"https:\/\/dev.eliassen.nl\/wp-content\/uploads\/2024\/10\/glazenschaalbeeldpauw35x30x32cmeliassennl2.jpg\",\"contentUrl\":\"https:\/\/dev.eliassen.nl\/wp-content\/uploads\/2024\/10\/glazenschaalbeeldpauw35x30x32cmeliassennl2.jpg\",\"width\":1530,\"height\":2040,\"caption\":\"Glazen schaal beeld Pauw 35x30x32cm eliassen.nl 2\"},{\"@type\":\"BreadcrumbList\",\"@id\":\"https:\/\/dev.eliassen.nl\/de\/glasschalenstatue-mit-pfau-in-verschiedenen-farben-35-cm\/#breadcrumb\",\"itemListElement\":[{\"@type\":\"ListItem\",\"position\":1,\"name\":\"Home\",\"item\":\"https:\/\/dev.eliassen.nl\/de\/\"},{\"@type\":\"ListItem\",\"position\":2,\"name\":\"Shop\",\"item\":\"https:\/\/dev.eliassen.nl\/nl\/winkel\/\"},{\"@type\":\"ListItem\",\"position\":3,\"name\":\"Glaskunst\",\"item\":\"https:\/\/dev.eliassen.nl\/de\/glaskunst\/\"},{\"@type\":\"ListItem\",\"position\":4,\"name\":\"Farbige Glasvasen\",\"item\":\"https:\/\/dev.eliassen.nl\/de\/glaskunst\/farbige-glasvasen\/\"},{\"@type\":\"ListItem\",\"position\":5,\"name\":\"Glasschalenstatue mit Pfau in verschiedenen Farben, 35 cm\"}]},{\"@type\":\"WebSite\",\"@id\":\"https:\/\/dev.eliassen.nl\/de\/#website\",\"url\":\"https:\/\/dev.eliassen.nl\/de\/\",\"name\":\"Eliassen Home & Garden Pleasure\",\"description\":\"\",\"publisher\":{\"@id\":\"https:\/\/dev.eliassen.nl\/de\/#organization\"},\"alternateName\":\"Eliassen.nl\",\"potentialAction\":[{\"@type\":\"SearchAction\",\"target\":{\"@type\":\"EntryPoint\",\"urlTemplate\":\"https:\/\/dev.eliassen.nl\/de\/?s={search_term_string}\"},\"query-input\":{\"@type\":\"PropertyValueSpecification\",\"valueRequired\":true,\"valueName\":\"search_term_string\"}}],\"inLanguage\":\"de\"},{\"@type\":\"Organization\",\"@id\":\"https:\/\/dev.eliassen.nl\/de\/#organization\",\"name\":\"Eliassen Home & Garden Pleasure\",\"url\":\"https:\/\/dev.eliassen.nl\/de\/\",\"logo\":{\"@type\":\"ImageObject\",\"inLanguage\":\"de\",\"@id\":\"https:\/\/dev.eliassen.nl\/de\/#\/schema\/logo\/image\/\",\"url\":\"https:\/\/www.eliassen.nl\/wp-content\/uploads\/2024\/01\/logo_4nd.jpg\",\"contentUrl\":\"https:\/\/www.eliassen.nl\/wp-content\/uploads\/2024\/01\/logo_4nd.jpg\",\"width\":500,\"height\":500,\"caption\":\"Eliassen Home & Garden Pleasure\"},\"image\":{\"@id\":\"https:\/\/dev.eliassen.nl\/de\/#\/schema\/logo\/image\/\"},\"sameAs\":[\"https:\/\/www.facebook.com\/TuincentrumEliassenAmmerzoden\",\"https:\/\/www.instagram.com\/eliassenhomeandgarden\/\",\"https:\/\/nl.pinterest.com\/eliassenhomeandgarden\/\",\"https:\/\/www.youtube.com\/@eliassenhomegardenpleasure4558\"]}]}<\/script>\n<!-- \/ Yoast SEO plugin. -->","yoast_head_json":{"title":"Glasschalenstatue mit Pfau in verschiedenen Farben 35 cm - Eliassen.nl","description":"Sie sind auf der Suche nach einer Glasschale oder Schale mit sch\u00f6ner Verzierung? Dieses Modell einer farbenfrohen Glasstatue hat das Thema eines Pfaus in Sch...","robots":{"index":"noindex","follow":"follow","max-snippet":"max-snippet:-1","max-image-preview":"max-image-preview:large","max-video-preview":"max-video-preview:-1"},"og_locale":"de_DE","og_type":"article","og_title":"Glasschalenstatue mit Pfau in verschiedenen Farben 35 cm - Eliassen.nl","og_description":"Sie sind auf der Suche nach einer Glasschale oder Schale mit sch\u00f6ner Verzierung? Dieses Modell einer farbenfrohen Glasstatue hat das Thema eines Pfaus in Sch...","og_url":"https:\/\/dev.eliassen.nl\/de\/glasschalenstatue-mit-pfau-in-verschiedenen-farben-35-cm\/","og_site_name":"Eliassen.nl","article_publisher":"https:\/\/www.facebook.com\/TuincentrumEliassenAmmerzoden","article_modified_time":"2024-12-05T15:58:57+00:00","og_image":[{"width":1530,"height":2040,"url":"https:\/\/dev.eliassen.nl\/wp-content\/uploads\/2024\/10\/glazenschaalbeeldpauw35x30x32cmeliassennl2.jpg","type":"image\/jpeg"}],"twitter_card":"summary_large_image","schema":{"@context":"https:\/\/schema.org","@graph":[{"@type":"WebPage","@id":"https:\/\/dev.eliassen.nl\/de\/glasschalenstatue-mit-pfau-in-verschiedenen-farben-35-cm\/","url":"https:\/\/dev.eliassen.nl\/de\/glasschalenstatue-mit-pfau-in-verschiedenen-farben-35-cm\/","name":"Glasschalenstatue mit Pfau in verschiedenen Farben 35 cm - Eliassen.nl","isPartOf":{"@id":"https:\/\/dev.eliassen.nl\/de\/#website"},"primaryImageOfPage":{"@id":"https:\/\/dev.eliassen.nl\/de\/glasschalenstatue-mit-pfau-in-verschiedenen-farben-35-cm\/#primaryimage"},"image":{"@id":"https:\/\/dev.eliassen.nl\/de\/glasschalenstatue-mit-pfau-in-verschiedenen-farben-35-cm\/#primaryimage"},"thumbnailUrl":"https:\/\/dev.eliassen.nl\/wp-content\/uploads\/2024\/10\/glazenschaalbeeldpauw35x30x32cmeliassennl2.jpg","datePublished":"2024-02-05T11:23:21+00:00","dateModified":"2024-12-05T15:58:57+00:00","description":"Sie sind auf der Suche nach einer Glasschale oder Schale mit sch\u00f6ner Verzierung? Dieses Modell einer farbenfrohen Glasstatue hat das Thema eines Pfaus in Sch...","breadcrumb":{"@id":"https:\/\/dev.eliassen.nl\/de\/glasschalenstatue-mit-pfau-in-verschiedenen-farben-35-cm\/#breadcrumb"},"inLanguage":"de","potentialAction":[{"@type":"ReadAction","target":["https:\/\/dev.eliassen.nl\/de\/glasschalenstatue-mit-pfau-in-verschiedenen-farben-35-cm\/"]}]},{"@type":"ImageObject","inLanguage":"de","@id":"https:\/\/dev.eliassen.nl\/de\/glasschalenstatue-mit-pfau-in-verschiedenen-farben-35-cm\/#primaryimage","url":"https:\/\/dev.eliassen.nl\/wp-content\/uploads\/2024\/10\/glazenschaalbeeldpauw35x30x32cmeliassennl2.jpg","contentUrl":"https:\/\/dev.eliassen.nl\/wp-content\/uploads\/2024\/10\/glazenschaalbeeldpauw35x30x32cmeliassennl2.jpg","width":1530,"height":2040,"caption":"Glazen schaal beeld Pauw 35x30x32cm eliassen.nl 2"},{"@type":"BreadcrumbList","@id":"https:\/\/dev.eliassen.nl\/de\/glasschalenstatue-mit-pfau-in-verschiedenen-farben-35-cm\/#breadcrumb","itemListElement":[{"@type":"ListItem","position":1,"name":"Home","item":"https:\/\/dev.eliassen.nl\/de\/"},{"@type":"ListItem","position":2,"name":"Shop","item":"https:\/\/dev.eliassen.nl\/nl\/winkel\/"},{"@type":"ListItem","position":3,"name":"Glaskunst","item":"https:\/\/dev.eliassen.nl\/de\/glaskunst\/"},{"@type":"ListItem","position":4,"name":"Farbige Glasvasen","item":"https:\/\/dev.eliassen.nl\/de\/glaskunst\/farbige-glasvasen\/"},{"@type":"ListItem","position":5,"name":"Glasschalenstatue mit Pfau in verschiedenen Farben, 35 cm"}]},{"@type":"WebSite","@id":"https:\/\/dev.eliassen.nl\/de\/#website","url":"https:\/\/dev.eliassen.nl\/de\/","name":"Eliassen Home & Garden Pleasure","description":"","publisher":{"@id":"https:\/\/dev.eliassen.nl\/de\/#organization"},"alternateName":"Eliassen.nl","potentialAction":[{"@type":"SearchAction","target":{"@type":"EntryPoint","urlTemplate":"https:\/\/dev.eliassen.nl\/de\/?s={search_term_string}"},"query-input":{"@type":"PropertyValueSpecification","valueRequired":true,"valueName":"search_term_string"}}],"inLanguage":"de"},{"@type":"Organization","@id":"https:\/\/dev.eliassen.nl\/de\/#organization","name":"Eliassen Home & Garden Pleasure","url":"https:\/\/dev.eliassen.nl\/de\/","logo":{"@type":"ImageObject","inLanguage":"de","@id":"https:\/\/dev.eliassen.nl\/de\/#\/schema\/logo\/image\/","url":"https:\/\/www.eliassen.nl\/wp-content\/uploads\/2024\/01\/logo_4nd.jpg","contentUrl":"https:\/\/www.eliassen.nl\/wp-content\/uploads\/2024\/01\/logo_4nd.jpg","width":500,"height":500,"caption":"Eliassen Home & Garden Pleasure"},"image":{"@id":"https:\/\/dev.eliassen.nl\/de\/#\/schema\/logo\/image\/"},"sameAs":["https:\/\/www.facebook.com\/TuincentrumEliassenAmmerzoden","https:\/\/www.instagram.com\/eliassenhomeandgarden\/","https:\/\/nl.pinterest.com\/eliassenhomeandgarden\/","https:\/\/www.youtube.com\/@eliassenhomegardenpleasure4558"]}]}},"df_price":179,"df_sale_price":"","df_regular_price":179,"df_image_link":"https:\/\/dev.eliassen.nl\/wp-content\/uploads\/2024\/10\/glazenschaalbeeldpauw35x30x32cmeliassennl2.jpg","image":"https:\/\/dev.eliassen.nl\/wp-content\/uploads\/2024\/10\/glazenschaalbeeldpauw35x30x32cmeliassennl2.jpg","price_search":"<span class=\"woocommerce-Price-amount amount\"><bdi><span class=\"woocommerce-Price-currencySymbol\">&euro;<\/span>&nbsp;179,00<\/bdi><\/span>","category":"Farbige Glasvasen","_links":{"self":[{"href":"https:\/\/dev.eliassen.nl\/de\/wp-json\/wp\/v2\/product\/148391","targetHints":{"allow":["GET"]}}],"collection":[{"href":"https:\/\/dev.eliassen.nl\/de\/wp-json\/wp\/v2\/product"}],"about":[{"href":"https:\/\/dev.eliassen.nl\/de\/wp-json\/wp\/v2\/types\/product"}],"wp:featuredmedia":[{"embeddable":true,"href":"https:\/\/dev.eliassen.nl\/de\/wp-json\/wp\/v2\/media\/148376"}],"wp:attachment":[{"href":"https:\/\/dev.eliassen.nl\/de\/wp-json\/wp\/v2\/media?parent=148391"}],"wp:term":[{"taxonomy":"product_brand","embeddable":true,"href":"https:\/\/dev.eliassen.nl\/de\/wp-json\/wp\/v2\/product_brand?post=148391"},{"taxonomy":"product_cat","embeddable":true,"href":"https:\/\/dev.eliassen.nl\/de\/wp-json\/wp\/v2\/product_cat?post=148391"},{"taxonomy":"product_tag","embeddable":true,"href":"https:\/\/dev.eliassen.nl\/de\/wp-json\/wp\/v2\/product_tag?post=148391"}],"curies":[{"name":"wp","href":"https:\/\/api.w.org\/{rel}","templated":true}]}}