{"id":148508,"date":"2024-02-07T13:11:01","date_gmt":"2024-02-07T12:11:01","guid":{"rendered":"https:\/\/www.eliassen.nl\/?product=schilderij-metaal-3d-terras-voor-trap-100x100cm"},"modified":"2024-12-05T16:59:17","modified_gmt":"2024-12-05T15:59:17","slug":"malerei-3d-terrasse-aus-metall-fur-treppen-100x100cm","status":"publish","type":"product","link":"https:\/\/dev.eliassen.nl\/de\/malerei-3d-terrasse-aus-metall-fur-treppen-100x100cm\/","title":{"rendered":"Malerei 3D-Terrasse aus Metall f\u00fcr Treppen 100x100cm"},"content":{"rendered":"<p>Mit diesem 3D-Gem\u00e4lde k\u00f6nnen Sie Ihr Interieur komplett dekorieren. Sie k\u00f6nnen dieses 3D-Gem\u00e4lde aus Metall mit dem Bild einer warm beleuchteten Au\u00dfenterrasse in Ihrem Wohnzimmer, Wohnzimmer oder Schlafzimmer aufh\u00e4ngen, um die Umgebung weiter zu dekorieren.<\/p>\n<p>Dieses Metallgem\u00e4lde hat einen 3D-Effekt. Dieser Effekt wurde mit der im Gem\u00e4lde dargestellten Figur erzeugt. Dieser wird weiter vom Hintergrund entfernt platziert. Dadurch ragen die Bildelemente weiter hervor, wodurch das Bild lebendiger wird und ein 3D-Effekt entsteht.<\/p>\n<p>Unsere gesamte Sammlung an 3D-Gem\u00e4lden ist handgefertigt! Aus diesem Grund k\u00f6nnen die Bilder jedes Mal etwas anders aussehen.<\/p>\n<p><strong>Wir haben eine gro\u00dfe Sammlung von 3D-Gem\u00e4lden! Sie k\u00f6nnen die gesamte Serie in unserem Shop in voller L\u00e4nge ansehen. Wir haben fast unsere gesamte Kollektion auf Lager. Das ist einzigartig in den Niederlanden!<\/strong><\/p>\n<ul>\n<li>Gr\u00f6\u00dfe: 100x100cm<\/li>\n<li>Einfache Aufh\u00e4ngung mit 2 Schrauben<\/li>\n<li>Schnelle Lieferung<\/li>\n<li>Gr\u00f6\u00dfte Sammlung in den Benelux-L\u00e4ndern, kann auch live besichtigt werden<\/li>\n<\/ul>\n","protected":false},"excerpt":{"rendered":"<p>Stimmungsvolle Szene einer Au\u00dfenterrasse in warmen Farben. Abmessungen 100x100cm.<\/p>\n","protected":false},"featured_media":148505,"template":"","meta":{"_acf_changed":false},"product_brand":[],"product_cat":[419,428,410],"product_tag":[],"class_list":{"0":"post-148508","1":"product","2":"type-product","3":"status-publish","4":"has-post-thumbnail","6":"product_cat-3d-gemaelde-aus-metall","7":"product_cat-3d-gemaelde-aus-metall-im-format-100x100cm","8":"product_cat-gemaelde","10":"first","11":"instock","12":"taxable","13":"shipping-taxable","14":"purchasable","15":"product-type-simple"},"acf":[],"yoast_head":"<!-- This site is optimized with the Yoast SEO plugin v23.8 - https:\/\/yoast.com\/wordpress\/plugins\/seo\/ -->\n<title>Malerei Metall 3D-Terrasse f\u00fcr Treppen 100x100cm - Eliassen.nl<\/title>\n<meta name=\"description\" content=\"Suchen Sie ein quadratisches 3D-Gem\u00e4lde aus Metall? Diese attraktive Outdoor-Szene in warmen Farben wird Ihnen bestimmt gefallen. Abmessungen 100x100cm.\" \/>\n<meta name=\"robots\" content=\"noindex, follow, max-snippet:-1, max-image-preview:large, max-video-preview:-1\" \/>\n<meta property=\"og:locale\" content=\"de_DE\" \/>\n<meta property=\"og:type\" content=\"article\" \/>\n<meta property=\"og:title\" content=\"Malerei Metall 3D-Terrasse f\u00fcr Treppen 100x100cm - Eliassen.nl\" \/>\n<meta property=\"og:description\" content=\"Suchen Sie ein quadratisches 3D-Gem\u00e4lde aus Metall? Diese attraktive Outdoor-Szene in warmen Farben wird Ihnen bestimmt gefallen. Abmessungen 100x100cm.\" \/>\n<meta property=\"og:url\" content=\"https:\/\/dev.eliassen.nl\/de\/malerei-3d-terrasse-aus-metall-fur-treppen-100x100cm\/\" \/>\n<meta property=\"og:site_name\" content=\"Eliassen.nl\" \/>\n<meta property=\"article:publisher\" content=\"https:\/\/www.facebook.com\/TuincentrumEliassenAmmerzoden\" \/>\n<meta property=\"article:modified_time\" content=\"2024-12-05T15:59:17+00:00\" \/>\n<meta property=\"og:image\" content=\"https:\/\/dev.eliassen.nl\/wp-content\/uploads\/2024\/10\/metaalschilderijterrasvoortrapeliassennl.jpg\" \/>\n\t<meta property=\"og:image:width\" content=\"456\" \/>\n\t<meta property=\"og:image:height\" content=\"456\" \/>\n\t<meta property=\"og:image:type\" content=\"image\/jpeg\" \/>\n<meta name=\"twitter:card\" content=\"summary_large_image\" \/>\n<script type=\"application\/ld+json\" class=\"yoast-schema-graph\">{\"@context\":\"https:\/\/schema.org\",\"@graph\":[{\"@type\":\"WebPage\",\"@id\":\"https:\/\/dev.eliassen.nl\/de\/malerei-3d-terrasse-aus-metall-fur-treppen-100x100cm\/\",\"url\":\"https:\/\/dev.eliassen.nl\/de\/malerei-3d-terrasse-aus-metall-fur-treppen-100x100cm\/\",\"name\":\"Malerei Metall 3D-Terrasse f\u00fcr Treppen 100x100cm - Eliassen.nl\",\"isPartOf\":{\"@id\":\"https:\/\/dev.eliassen.nl\/de\/#website\"},\"primaryImageOfPage\":{\"@id\":\"https:\/\/dev.eliassen.nl\/de\/malerei-3d-terrasse-aus-metall-fur-treppen-100x100cm\/#primaryimage\"},\"image\":{\"@id\":\"https:\/\/dev.eliassen.nl\/de\/malerei-3d-terrasse-aus-metall-fur-treppen-100x100cm\/#primaryimage\"},\"thumbnailUrl\":\"https:\/\/dev.eliassen.nl\/wp-content\/uploads\/2024\/10\/metaalschilderijterrasvoortrapeliassennl.jpg\",\"datePublished\":\"2024-02-07T12:11:01+00:00\",\"dateModified\":\"2024-12-05T15:59:17+00:00\",\"description\":\"Suchen Sie ein quadratisches 3D-Gem\u00e4lde aus Metall? Diese attraktive Outdoor-Szene in warmen Farben wird Ihnen bestimmt gefallen. Abmessungen 100x100cm.\",\"breadcrumb\":{\"@id\":\"https:\/\/dev.eliassen.nl\/de\/malerei-3d-terrasse-aus-metall-fur-treppen-100x100cm\/#breadcrumb\"},\"inLanguage\":\"de\",\"potentialAction\":[{\"@type\":\"ReadAction\",\"target\":[\"https:\/\/dev.eliassen.nl\/de\/malerei-3d-terrasse-aus-metall-fur-treppen-100x100cm\/\"]}]},{\"@type\":\"ImageObject\",\"inLanguage\":\"de\",\"@id\":\"https:\/\/dev.eliassen.nl\/de\/malerei-3d-terrasse-aus-metall-fur-treppen-100x100cm\/#primaryimage\",\"url\":\"https:\/\/dev.eliassen.nl\/wp-content\/uploads\/2024\/10\/metaalschilderijterrasvoortrapeliassennl.jpg\",\"contentUrl\":\"https:\/\/dev.eliassen.nl\/wp-content\/uploads\/2024\/10\/metaalschilderijterrasvoortrapeliassennl.jpg\",\"width\":456,\"height\":456,\"caption\":\"metaal schilderij terras voor trap - Eliassen.nl\"},{\"@type\":\"BreadcrumbList\",\"@id\":\"https:\/\/dev.eliassen.nl\/de\/malerei-3d-terrasse-aus-metall-fur-treppen-100x100cm\/#breadcrumb\",\"itemListElement\":[{\"@type\":\"ListItem\",\"position\":1,\"name\":\"Home\",\"item\":\"https:\/\/dev.eliassen.nl\/de\/\"},{\"@type\":\"ListItem\",\"position\":2,\"name\":\"Shop\",\"item\":\"https:\/\/dev.eliassen.nl\/nl\/winkel\/\"},{\"@type\":\"ListItem\",\"position\":3,\"name\":\"Gem\u00e4lde\",\"item\":\"https:\/\/dev.eliassen.nl\/de\/gemaelde\/\"},{\"@type\":\"ListItem\",\"position\":4,\"name\":\"3D-Gem\u00e4lde aus Metall\",\"item\":\"https:\/\/dev.eliassen.nl\/de\/gemaelde\/3d-gemaelde-aus-metall\/\"},{\"@type\":\"ListItem\",\"position\":5,\"name\":\"3D-Gem\u00e4lde aus Metall im Format 100x100cm\",\"item\":\"https:\/\/dev.eliassen.nl\/de\/gemaelde\/3d-gemaelde-aus-metall\/3d-gemaelde-aus-metall-im-format-100x100cm\/\"},{\"@type\":\"ListItem\",\"position\":6,\"name\":\"Malerei 3D-Terrasse aus Metall f\u00fcr Treppen 100x100cm\"}]},{\"@type\":\"WebSite\",\"@id\":\"https:\/\/dev.eliassen.nl\/de\/#website\",\"url\":\"https:\/\/dev.eliassen.nl\/de\/\",\"name\":\"Eliassen Home & Garden Pleasure\",\"description\":\"\",\"publisher\":{\"@id\":\"https:\/\/dev.eliassen.nl\/de\/#organization\"},\"alternateName\":\"Eliassen.nl\",\"potentialAction\":[{\"@type\":\"SearchAction\",\"target\":{\"@type\":\"EntryPoint\",\"urlTemplate\":\"https:\/\/dev.eliassen.nl\/de\/?s={search_term_string}\"},\"query-input\":{\"@type\":\"PropertyValueSpecification\",\"valueRequired\":true,\"valueName\":\"search_term_string\"}}],\"inLanguage\":\"de\"},{\"@type\":\"Organization\",\"@id\":\"https:\/\/dev.eliassen.nl\/de\/#organization\",\"name\":\"Eliassen Home & Garden Pleasure\",\"url\":\"https:\/\/dev.eliassen.nl\/de\/\",\"logo\":{\"@type\":\"ImageObject\",\"inLanguage\":\"de\",\"@id\":\"https:\/\/dev.eliassen.nl\/de\/#\/schema\/logo\/image\/\",\"url\":\"https:\/\/www.eliassen.nl\/wp-content\/uploads\/2024\/01\/logo_4nd.jpg\",\"contentUrl\":\"https:\/\/www.eliassen.nl\/wp-content\/uploads\/2024\/01\/logo_4nd.jpg\",\"width\":500,\"height\":500,\"caption\":\"Eliassen Home & Garden Pleasure\"},\"image\":{\"@id\":\"https:\/\/dev.eliassen.nl\/de\/#\/schema\/logo\/image\/\"},\"sameAs\":[\"https:\/\/www.facebook.com\/TuincentrumEliassenAmmerzoden\",\"https:\/\/www.instagram.com\/eliassenhomeandgarden\/\",\"https:\/\/nl.pinterest.com\/eliassenhomeandgarden\/\",\"https:\/\/www.youtube.com\/@eliassenhomegardenpleasure4558\"]}]}<\/script>\n<!-- \/ Yoast SEO plugin. -->","yoast_head_json":{"title":"Malerei Metall 3D-Terrasse f\u00fcr Treppen 100x100cm - Eliassen.nl","description":"Suchen Sie ein quadratisches 3D-Gem\u00e4lde aus Metall? Diese attraktive Outdoor-Szene in warmen Farben wird Ihnen bestimmt gefallen. Abmessungen 100x100cm.","robots":{"index":"noindex","follow":"follow","max-snippet":"max-snippet:-1","max-image-preview":"max-image-preview:large","max-video-preview":"max-video-preview:-1"},"og_locale":"de_DE","og_type":"article","og_title":"Malerei Metall 3D-Terrasse f\u00fcr Treppen 100x100cm - Eliassen.nl","og_description":"Suchen Sie ein quadratisches 3D-Gem\u00e4lde aus Metall? Diese attraktive Outdoor-Szene in warmen Farben wird Ihnen bestimmt gefallen. Abmessungen 100x100cm.","og_url":"https:\/\/dev.eliassen.nl\/de\/malerei-3d-terrasse-aus-metall-fur-treppen-100x100cm\/","og_site_name":"Eliassen.nl","article_publisher":"https:\/\/www.facebook.com\/TuincentrumEliassenAmmerzoden","article_modified_time":"2024-12-05T15:59:17+00:00","og_image":[{"width":456,"height":456,"url":"https:\/\/dev.eliassen.nl\/wp-content\/uploads\/2024\/10\/metaalschilderijterrasvoortrapeliassennl.jpg","type":"image\/jpeg"}],"twitter_card":"summary_large_image","schema":{"@context":"https:\/\/schema.org","@graph":[{"@type":"WebPage","@id":"https:\/\/dev.eliassen.nl\/de\/malerei-3d-terrasse-aus-metall-fur-treppen-100x100cm\/","url":"https:\/\/dev.eliassen.nl\/de\/malerei-3d-terrasse-aus-metall-fur-treppen-100x100cm\/","name":"Malerei Metall 3D-Terrasse f\u00fcr Treppen 100x100cm - Eliassen.nl","isPartOf":{"@id":"https:\/\/dev.eliassen.nl\/de\/#website"},"primaryImageOfPage":{"@id":"https:\/\/dev.eliassen.nl\/de\/malerei-3d-terrasse-aus-metall-fur-treppen-100x100cm\/#primaryimage"},"image":{"@id":"https:\/\/dev.eliassen.nl\/de\/malerei-3d-terrasse-aus-metall-fur-treppen-100x100cm\/#primaryimage"},"thumbnailUrl":"https:\/\/dev.eliassen.nl\/wp-content\/uploads\/2024\/10\/metaalschilderijterrasvoortrapeliassennl.jpg","datePublished":"2024-02-07T12:11:01+00:00","dateModified":"2024-12-05T15:59:17+00:00","description":"Suchen Sie ein quadratisches 3D-Gem\u00e4lde aus Metall? Diese attraktive Outdoor-Szene in warmen Farben wird Ihnen bestimmt gefallen. Abmessungen 100x100cm.","breadcrumb":{"@id":"https:\/\/dev.eliassen.nl\/de\/malerei-3d-terrasse-aus-metall-fur-treppen-100x100cm\/#breadcrumb"},"inLanguage":"de","potentialAction":[{"@type":"ReadAction","target":["https:\/\/dev.eliassen.nl\/de\/malerei-3d-terrasse-aus-metall-fur-treppen-100x100cm\/"]}]},{"@type":"ImageObject","inLanguage":"de","@id":"https:\/\/dev.eliassen.nl\/de\/malerei-3d-terrasse-aus-metall-fur-treppen-100x100cm\/#primaryimage","url":"https:\/\/dev.eliassen.nl\/wp-content\/uploads\/2024\/10\/metaalschilderijterrasvoortrapeliassennl.jpg","contentUrl":"https:\/\/dev.eliassen.nl\/wp-content\/uploads\/2024\/10\/metaalschilderijterrasvoortrapeliassennl.jpg","width":456,"height":456,"caption":"metaal schilderij terras voor trap - Eliassen.nl"},{"@type":"BreadcrumbList","@id":"https:\/\/dev.eliassen.nl\/de\/malerei-3d-terrasse-aus-metall-fur-treppen-100x100cm\/#breadcrumb","itemListElement":[{"@type":"ListItem","position":1,"name":"Home","item":"https:\/\/dev.eliassen.nl\/de\/"},{"@type":"ListItem","position":2,"name":"Shop","item":"https:\/\/dev.eliassen.nl\/nl\/winkel\/"},{"@type":"ListItem","position":3,"name":"Gem\u00e4lde","item":"https:\/\/dev.eliassen.nl\/de\/gemaelde\/"},{"@type":"ListItem","position":4,"name":"3D-Gem\u00e4lde aus Metall","item":"https:\/\/dev.eliassen.nl\/de\/gemaelde\/3d-gemaelde-aus-metall\/"},{"@type":"ListItem","position":5,"name":"3D-Gem\u00e4lde aus Metall im Format 100x100cm","item":"https:\/\/dev.eliassen.nl\/de\/gemaelde\/3d-gemaelde-aus-metall\/3d-gemaelde-aus-metall-im-format-100x100cm\/"},{"@type":"ListItem","position":6,"name":"Malerei 3D-Terrasse aus Metall f\u00fcr Treppen 100x100cm"}]},{"@type":"WebSite","@id":"https:\/\/dev.eliassen.nl\/de\/#website","url":"https:\/\/dev.eliassen.nl\/de\/","name":"Eliassen Home & Garden Pleasure","description":"","publisher":{"@id":"https:\/\/dev.eliassen.nl\/de\/#organization"},"alternateName":"Eliassen.nl","potentialAction":[{"@type":"SearchAction","target":{"@type":"EntryPoint","urlTemplate":"https:\/\/dev.eliassen.nl\/de\/?s={search_term_string}"},"query-input":{"@type":"PropertyValueSpecification","valueRequired":true,"valueName":"search_term_string"}}],"inLanguage":"de"},{"@type":"Organization","@id":"https:\/\/dev.eliassen.nl\/de\/#organization","name":"Eliassen Home & Garden Pleasure","url":"https:\/\/dev.eliassen.nl\/de\/","logo":{"@type":"ImageObject","inLanguage":"de","@id":"https:\/\/dev.eliassen.nl\/de\/#\/schema\/logo\/image\/","url":"https:\/\/www.eliassen.nl\/wp-content\/uploads\/2024\/01\/logo_4nd.jpg","contentUrl":"https:\/\/www.eliassen.nl\/wp-content\/uploads\/2024\/01\/logo_4nd.jpg","width":500,"height":500,"caption":"Eliassen Home & Garden Pleasure"},"image":{"@id":"https:\/\/dev.eliassen.nl\/de\/#\/schema\/logo\/image\/"},"sameAs":["https:\/\/www.facebook.com\/TuincentrumEliassenAmmerzoden","https:\/\/www.instagram.com\/eliassenhomeandgarden\/","https:\/\/nl.pinterest.com\/eliassenhomeandgarden\/","https:\/\/www.youtube.com\/@eliassenhomegardenpleasure4558"]}]}},"df_price":209,"df_sale_price":"","df_regular_price":209,"df_image_link":"https:\/\/dev.eliassen.nl\/wp-content\/uploads\/2024\/10\/metaalschilderijterrasvoortrapeliassennl.jpg","image":"https:\/\/dev.eliassen.nl\/wp-content\/uploads\/2024\/10\/metaalschilderijterrasvoortrapeliassennl.jpg","price_search":"<span class=\"woocommerce-Price-amount amount\"><bdi><span class=\"woocommerce-Price-currencySymbol\">&euro;<\/span>&nbsp;209,00<\/bdi><\/span>","category":"3D-Gem\u00e4lde aus Metall","_links":{"self":[{"href":"https:\/\/dev.eliassen.nl\/de\/wp-json\/wp\/v2\/product\/148508","targetHints":{"allow":["GET"]}}],"collection":[{"href":"https:\/\/dev.eliassen.nl\/de\/wp-json\/wp\/v2\/product"}],"about":[{"href":"https:\/\/dev.eliassen.nl\/de\/wp-json\/wp\/v2\/types\/product"}],"wp:featuredmedia":[{"embeddable":true,"href":"https:\/\/dev.eliassen.nl\/de\/wp-json\/wp\/v2\/media\/148505"}],"wp:attachment":[{"href":"https:\/\/dev.eliassen.nl\/de\/wp-json\/wp\/v2\/media?parent=148508"}],"wp:term":[{"taxonomy":"product_brand","embeddable":true,"href":"https:\/\/dev.eliassen.nl\/de\/wp-json\/wp\/v2\/product_brand?post=148508"},{"taxonomy":"product_cat","embeddable":true,"href":"https:\/\/dev.eliassen.nl\/de\/wp-json\/wp\/v2\/product_cat?post=148508"},{"taxonomy":"product_tag","embeddable":true,"href":"https:\/\/dev.eliassen.nl\/de\/wp-json\/wp\/v2\/product_tag?post=148508"}],"curies":[{"name":"wp","href":"https:\/\/api.w.org\/{rel}","templated":true}]}}