{"id":148613,"date":"2024-02-07T13:38:05","date_gmt":"2024-02-07T12:38:05","guid":{"rendered":"https:\/\/www.eliassen.nl\/?product=schilderij-metaal-meid-met-gitaar-70x140cm"},"modified":"2024-12-05T16:59:34","modified_gmt":"2024-12-05T15:59:34","slug":"metallgemalde-madchen-mit-gitarre-70x140cm","status":"publish","type":"product","link":"https:\/\/dev.eliassen.nl\/de\/metallgemalde-madchen-mit-gitarre-70x140cm\/","title":{"rendered":"Metallgem\u00e4lde M\u00e4dchen mit Gitarre 70x140cm"},"content":{"rendered":"<p>Metallgem\u00e4lde, das den R\u00fccken einer Frau mit ihrer Gitarre darstellt. Erhaben aus einzelnen Metallteilen gefertigt, die alle von Hand zusammengeschwei\u00dft sind, um einen optimalen 3D-Effekt zu erzielen. Eine sch\u00f6ne Wanddekoration f\u00fcr Ihr Zuhause, drau\u00dfen unter einem Dach oder in Ihrem Unternehmen. Farben und allgemeines Erscheinungsbild k\u00f6nnen vom Foto abweichen, da das gesamte Objekt von Menschenhand gefertigt wurde.<\/p>\n<p><strong>Fast die gesamte Serie der Metallbilder kann auch live in unserem Shop besichtigt werden.<\/strong><\/p>\n<ul>\n<li>Gr\u00f6\u00dfe: 70x140cm<\/li>\n<li>Material: lackiertes Metall<\/li>\n<li>Einfache Aufh\u00e4ngung mit 2 Schrauben<\/li>\n<li>F\u00fcr drinnen oder drau\u00dfen unter Schutz<\/li>\n<li>1 Jahr Garantie<\/li>\n<\/ul>\n","protected":false},"excerpt":{"rendered":"<p>Hochwertiges 3D-Gem\u00e4lde aus Metall. Abmessungen 70x140cm hoch.<\/p>\n","protected":false},"featured_media":174901,"template":"","meta":{"_acf_changed":false},"product_brand":[],"product_cat":[419,437,410],"product_tag":[],"class_list":{"0":"post-148613","1":"product","2":"type-product","3":"status-publish","4":"has-post-thumbnail","6":"product_cat-3d-gemaelde-aus-metall","7":"product_cat-3d-gemaelde-aus-metall-im-format-70x140cm","8":"product_cat-gemaelde","10":"first","11":"instock","12":"taxable","13":"shipping-taxable","14":"purchasable","15":"product-type-simple"},"acf":[],"yoast_head":"<!-- This site is optimized with the Yoast SEO plugin v23.8 - https:\/\/yoast.com\/wordpress\/plugins\/seo\/ -->\n<title>Metallgem\u00e4lde M\u00e4dchen mit Gitarre 70x140cm - Eliassen.nl<\/title>\n<meta name=\"description\" content=\"Auf der Suche nach einem Metallgem\u00e4lde? Bestellen Sie jetzt 3D-Metallgem\u00e4lde M\u00e4dchen mit Gitarre. Auf unserer Website k\u00f6nnen Sie ganz einfach Gem\u00e4lde kaufen....\" \/>\n<meta name=\"robots\" content=\"noindex, follow, max-snippet:-1, max-image-preview:large, max-video-preview:-1\" \/>\n<meta property=\"og:locale\" content=\"de_DE\" \/>\n<meta property=\"og:type\" content=\"article\" \/>\n<meta property=\"og:title\" content=\"Metallgem\u00e4lde M\u00e4dchen mit Gitarre 70x140cm - Eliassen.nl\" \/>\n<meta property=\"og:description\" content=\"Auf der Suche nach einem Metallgem\u00e4lde? Bestellen Sie jetzt 3D-Metallgem\u00e4lde M\u00e4dchen mit Gitarre. Auf unserer Website k\u00f6nnen Sie ganz einfach Gem\u00e4lde kaufen....\" \/>\n<meta property=\"og:url\" content=\"https:\/\/dev.eliassen.nl\/de\/metallgemalde-madchen-mit-gitarre-70x140cm\/\" \/>\n<meta property=\"og:site_name\" content=\"Eliassen.nl\" \/>\n<meta property=\"article:publisher\" content=\"https:\/\/www.facebook.com\/TuincentrumEliassenAmmerzoden\" \/>\n<meta property=\"article:modified_time\" content=\"2024-12-05T15:59:34+00:00\" \/>\n<meta property=\"og:image\" content=\"https:\/\/dev.eliassen.nl\/wp-content\/uploads\/2024\/02\/1000047888-scaled.jpg\" \/>\n\t<meta property=\"og:image:width\" content=\"1311\" \/>\n\t<meta property=\"og:image:height\" content=\"2560\" \/>\n\t<meta property=\"og:image:type\" content=\"image\/jpeg\" \/>\n<meta name=\"twitter:card\" content=\"summary_large_image\" \/>\n<script type=\"application\/ld+json\" class=\"yoast-schema-graph\">{\"@context\":\"https:\/\/schema.org\",\"@graph\":[{\"@type\":\"WebPage\",\"@id\":\"https:\/\/dev.eliassen.nl\/de\/metallgemalde-madchen-mit-gitarre-70x140cm\/\",\"url\":\"https:\/\/dev.eliassen.nl\/de\/metallgemalde-madchen-mit-gitarre-70x140cm\/\",\"name\":\"Metallgem\u00e4lde M\u00e4dchen mit Gitarre 70x140cm - Eliassen.nl\",\"isPartOf\":{\"@id\":\"https:\/\/dev.eliassen.nl\/de\/#website\"},\"primaryImageOfPage\":{\"@id\":\"https:\/\/dev.eliassen.nl\/de\/metallgemalde-madchen-mit-gitarre-70x140cm\/#primaryimage\"},\"image\":{\"@id\":\"https:\/\/dev.eliassen.nl\/de\/metallgemalde-madchen-mit-gitarre-70x140cm\/#primaryimage\"},\"thumbnailUrl\":\"https:\/\/dev.eliassen.nl\/wp-content\/uploads\/2024\/02\/1000047888-scaled.jpg\",\"datePublished\":\"2024-02-07T12:38:05+00:00\",\"dateModified\":\"2024-12-05T15:59:34+00:00\",\"description\":\"Auf der Suche nach einem Metallgem\u00e4lde? Bestellen Sie jetzt 3D-Metallgem\u00e4lde M\u00e4dchen mit Gitarre. Auf unserer Website k\u00f6nnen Sie ganz einfach Gem\u00e4lde kaufen....\",\"breadcrumb\":{\"@id\":\"https:\/\/dev.eliassen.nl\/de\/metallgemalde-madchen-mit-gitarre-70x140cm\/#breadcrumb\"},\"inLanguage\":\"de\",\"potentialAction\":[{\"@type\":\"ReadAction\",\"target\":[\"https:\/\/dev.eliassen.nl\/de\/metallgemalde-madchen-mit-gitarre-70x140cm\/\"]}]},{\"@type\":\"ImageObject\",\"inLanguage\":\"de\",\"@id\":\"https:\/\/dev.eliassen.nl\/de\/metallgemalde-madchen-mit-gitarre-70x140cm\/#primaryimage\",\"url\":\"https:\/\/dev.eliassen.nl\/wp-content\/uploads\/2024\/02\/1000047888-scaled.jpg\",\"contentUrl\":\"https:\/\/dev.eliassen.nl\/wp-content\/uploads\/2024\/02\/1000047888-scaled.jpg\",\"width\":1311,\"height\":2560},{\"@type\":\"BreadcrumbList\",\"@id\":\"https:\/\/dev.eliassen.nl\/de\/metallgemalde-madchen-mit-gitarre-70x140cm\/#breadcrumb\",\"itemListElement\":[{\"@type\":\"ListItem\",\"position\":1,\"name\":\"Home\",\"item\":\"https:\/\/dev.eliassen.nl\/de\/\"},{\"@type\":\"ListItem\",\"position\":2,\"name\":\"Shop\",\"item\":\"https:\/\/dev.eliassen.nl\/nl\/winkel\/\"},{\"@type\":\"ListItem\",\"position\":3,\"name\":\"Gem\u00e4lde\",\"item\":\"https:\/\/dev.eliassen.nl\/de\/gemaelde\/\"},{\"@type\":\"ListItem\",\"position\":4,\"name\":\"3D-Gem\u00e4lde aus Metall\",\"item\":\"https:\/\/dev.eliassen.nl\/de\/gemaelde\/3d-gemaelde-aus-metall\/\"},{\"@type\":\"ListItem\",\"position\":5,\"name\":\"3D-Gem\u00e4lde aus Metall im Format 70x140cm\",\"item\":\"https:\/\/dev.eliassen.nl\/de\/gemaelde\/3d-gemaelde-aus-metall\/3d-gemaelde-aus-metall-im-format-70x140cm\/\"},{\"@type\":\"ListItem\",\"position\":6,\"name\":\"Metallgem\u00e4lde M\u00e4dchen mit Gitarre 70x140cm\"}]},{\"@type\":\"WebSite\",\"@id\":\"https:\/\/dev.eliassen.nl\/de\/#website\",\"url\":\"https:\/\/dev.eliassen.nl\/de\/\",\"name\":\"Eliassen Home & Garden Pleasure\",\"description\":\"\",\"publisher\":{\"@id\":\"https:\/\/dev.eliassen.nl\/de\/#organization\"},\"alternateName\":\"Eliassen.nl\",\"potentialAction\":[{\"@type\":\"SearchAction\",\"target\":{\"@type\":\"EntryPoint\",\"urlTemplate\":\"https:\/\/dev.eliassen.nl\/de\/?s={search_term_string}\"},\"query-input\":{\"@type\":\"PropertyValueSpecification\",\"valueRequired\":true,\"valueName\":\"search_term_string\"}}],\"inLanguage\":\"de\"},{\"@type\":\"Organization\",\"@id\":\"https:\/\/dev.eliassen.nl\/de\/#organization\",\"name\":\"Eliassen Home & Garden Pleasure\",\"url\":\"https:\/\/dev.eliassen.nl\/de\/\",\"logo\":{\"@type\":\"ImageObject\",\"inLanguage\":\"de\",\"@id\":\"https:\/\/dev.eliassen.nl\/de\/#\/schema\/logo\/image\/\",\"url\":\"https:\/\/www.eliassen.nl\/wp-content\/uploads\/2024\/01\/logo_4nd.jpg\",\"contentUrl\":\"https:\/\/www.eliassen.nl\/wp-content\/uploads\/2024\/01\/logo_4nd.jpg\",\"width\":500,\"height\":500,\"caption\":\"Eliassen Home & Garden Pleasure\"},\"image\":{\"@id\":\"https:\/\/dev.eliassen.nl\/de\/#\/schema\/logo\/image\/\"},\"sameAs\":[\"https:\/\/www.facebook.com\/TuincentrumEliassenAmmerzoden\",\"https:\/\/www.instagram.com\/eliassenhomeandgarden\/\",\"https:\/\/nl.pinterest.com\/eliassenhomeandgarden\/\",\"https:\/\/www.youtube.com\/@eliassenhomegardenpleasure4558\"]}]}<\/script>\n<!-- \/ Yoast SEO plugin. -->","yoast_head_json":{"title":"Metallgem\u00e4lde M\u00e4dchen mit Gitarre 70x140cm - Eliassen.nl","description":"Auf der Suche nach einem Metallgem\u00e4lde? Bestellen Sie jetzt 3D-Metallgem\u00e4lde M\u00e4dchen mit Gitarre. Auf unserer Website k\u00f6nnen Sie ganz einfach Gem\u00e4lde kaufen....","robots":{"index":"noindex","follow":"follow","max-snippet":"max-snippet:-1","max-image-preview":"max-image-preview:large","max-video-preview":"max-video-preview:-1"},"og_locale":"de_DE","og_type":"article","og_title":"Metallgem\u00e4lde M\u00e4dchen mit Gitarre 70x140cm - Eliassen.nl","og_description":"Auf der Suche nach einem Metallgem\u00e4lde? Bestellen Sie jetzt 3D-Metallgem\u00e4lde M\u00e4dchen mit Gitarre. Auf unserer Website k\u00f6nnen Sie ganz einfach Gem\u00e4lde kaufen....","og_url":"https:\/\/dev.eliassen.nl\/de\/metallgemalde-madchen-mit-gitarre-70x140cm\/","og_site_name":"Eliassen.nl","article_publisher":"https:\/\/www.facebook.com\/TuincentrumEliassenAmmerzoden","article_modified_time":"2024-12-05T15:59:34+00:00","og_image":[{"width":1311,"height":2560,"url":"https:\/\/dev.eliassen.nl\/wp-content\/uploads\/2024\/02\/1000047888-scaled.jpg","type":"image\/jpeg"}],"twitter_card":"summary_large_image","schema":{"@context":"https:\/\/schema.org","@graph":[{"@type":"WebPage","@id":"https:\/\/dev.eliassen.nl\/de\/metallgemalde-madchen-mit-gitarre-70x140cm\/","url":"https:\/\/dev.eliassen.nl\/de\/metallgemalde-madchen-mit-gitarre-70x140cm\/","name":"Metallgem\u00e4lde M\u00e4dchen mit Gitarre 70x140cm - Eliassen.nl","isPartOf":{"@id":"https:\/\/dev.eliassen.nl\/de\/#website"},"primaryImageOfPage":{"@id":"https:\/\/dev.eliassen.nl\/de\/metallgemalde-madchen-mit-gitarre-70x140cm\/#primaryimage"},"image":{"@id":"https:\/\/dev.eliassen.nl\/de\/metallgemalde-madchen-mit-gitarre-70x140cm\/#primaryimage"},"thumbnailUrl":"https:\/\/dev.eliassen.nl\/wp-content\/uploads\/2024\/02\/1000047888-scaled.jpg","datePublished":"2024-02-07T12:38:05+00:00","dateModified":"2024-12-05T15:59:34+00:00","description":"Auf der Suche nach einem Metallgem\u00e4lde? Bestellen Sie jetzt 3D-Metallgem\u00e4lde M\u00e4dchen mit Gitarre. Auf unserer Website k\u00f6nnen Sie ganz einfach Gem\u00e4lde kaufen....","breadcrumb":{"@id":"https:\/\/dev.eliassen.nl\/de\/metallgemalde-madchen-mit-gitarre-70x140cm\/#breadcrumb"},"inLanguage":"de","potentialAction":[{"@type":"ReadAction","target":["https:\/\/dev.eliassen.nl\/de\/metallgemalde-madchen-mit-gitarre-70x140cm\/"]}]},{"@type":"ImageObject","inLanguage":"de","@id":"https:\/\/dev.eliassen.nl\/de\/metallgemalde-madchen-mit-gitarre-70x140cm\/#primaryimage","url":"https:\/\/dev.eliassen.nl\/wp-content\/uploads\/2024\/02\/1000047888-scaled.jpg","contentUrl":"https:\/\/dev.eliassen.nl\/wp-content\/uploads\/2024\/02\/1000047888-scaled.jpg","width":1311,"height":2560},{"@type":"BreadcrumbList","@id":"https:\/\/dev.eliassen.nl\/de\/metallgemalde-madchen-mit-gitarre-70x140cm\/#breadcrumb","itemListElement":[{"@type":"ListItem","position":1,"name":"Home","item":"https:\/\/dev.eliassen.nl\/de\/"},{"@type":"ListItem","position":2,"name":"Shop","item":"https:\/\/dev.eliassen.nl\/nl\/winkel\/"},{"@type":"ListItem","position":3,"name":"Gem\u00e4lde","item":"https:\/\/dev.eliassen.nl\/de\/gemaelde\/"},{"@type":"ListItem","position":4,"name":"3D-Gem\u00e4lde aus Metall","item":"https:\/\/dev.eliassen.nl\/de\/gemaelde\/3d-gemaelde-aus-metall\/"},{"@type":"ListItem","position":5,"name":"3D-Gem\u00e4lde aus Metall im Format 70x140cm","item":"https:\/\/dev.eliassen.nl\/de\/gemaelde\/3d-gemaelde-aus-metall\/3d-gemaelde-aus-metall-im-format-70x140cm\/"},{"@type":"ListItem","position":6,"name":"Metallgem\u00e4lde M\u00e4dchen mit Gitarre 70x140cm"}]},{"@type":"WebSite","@id":"https:\/\/dev.eliassen.nl\/de\/#website","url":"https:\/\/dev.eliassen.nl\/de\/","name":"Eliassen Home & Garden Pleasure","description":"","publisher":{"@id":"https:\/\/dev.eliassen.nl\/de\/#organization"},"alternateName":"Eliassen.nl","potentialAction":[{"@type":"SearchAction","target":{"@type":"EntryPoint","urlTemplate":"https:\/\/dev.eliassen.nl\/de\/?s={search_term_string}"},"query-input":{"@type":"PropertyValueSpecification","valueRequired":true,"valueName":"search_term_string"}}],"inLanguage":"de"},{"@type":"Organization","@id":"https:\/\/dev.eliassen.nl\/de\/#organization","name":"Eliassen Home & Garden Pleasure","url":"https:\/\/dev.eliassen.nl\/de\/","logo":{"@type":"ImageObject","inLanguage":"de","@id":"https:\/\/dev.eliassen.nl\/de\/#\/schema\/logo\/image\/","url":"https:\/\/www.eliassen.nl\/wp-content\/uploads\/2024\/01\/logo_4nd.jpg","contentUrl":"https:\/\/www.eliassen.nl\/wp-content\/uploads\/2024\/01\/logo_4nd.jpg","width":500,"height":500,"caption":"Eliassen Home & Garden Pleasure"},"image":{"@id":"https:\/\/dev.eliassen.nl\/de\/#\/schema\/logo\/image\/"},"sameAs":["https:\/\/www.facebook.com\/TuincentrumEliassenAmmerzoden","https:\/\/www.instagram.com\/eliassenhomeandgarden\/","https:\/\/nl.pinterest.com\/eliassenhomeandgarden\/","https:\/\/www.youtube.com\/@eliassenhomegardenpleasure4558"]}]}},"df_price":229,"df_sale_price":"","df_regular_price":229,"df_image_link":"https:\/\/dev.eliassen.nl\/wp-content\/uploads\/2024\/02\/1000047888-154x300.jpg","image":"https:\/\/dev.eliassen.nl\/wp-content\/uploads\/2024\/02\/1000047888-150x150.jpg","price_search":"<span class=\"woocommerce-Price-amount amount\"><bdi><span class=\"woocommerce-Price-currencySymbol\">&euro;<\/span>&nbsp;229,00<\/bdi><\/span>","category":"3D-Gem\u00e4lde aus Metall","_links":{"self":[{"href":"https:\/\/dev.eliassen.nl\/de\/wp-json\/wp\/v2\/product\/148613","targetHints":{"allow":["GET"]}}],"collection":[{"href":"https:\/\/dev.eliassen.nl\/de\/wp-json\/wp\/v2\/product"}],"about":[{"href":"https:\/\/dev.eliassen.nl\/de\/wp-json\/wp\/v2\/types\/product"}],"wp:featuredmedia":[{"embeddable":true,"href":"https:\/\/dev.eliassen.nl\/de\/wp-json\/wp\/v2\/media\/174901"}],"wp:attachment":[{"href":"https:\/\/dev.eliassen.nl\/de\/wp-json\/wp\/v2\/media?parent=148613"}],"wp:term":[{"taxonomy":"product_brand","embeddable":true,"href":"https:\/\/dev.eliassen.nl\/de\/wp-json\/wp\/v2\/product_brand?post=148613"},{"taxonomy":"product_cat","embeddable":true,"href":"https:\/\/dev.eliassen.nl\/de\/wp-json\/wp\/v2\/product_cat?post=148613"},{"taxonomy":"product_tag","embeddable":true,"href":"https:\/\/dev.eliassen.nl\/de\/wp-json\/wp\/v2\/product_tag?post=148613"}],"curies":[{"name":"wp","href":"https:\/\/api.w.org\/{rel}","templated":true}]}}