{"id":148670,"date":"2024-02-07T13:49:26","date_gmt":"2024-02-07T12:49:26","guid":{"rendered":"https:\/\/www.eliassen.nl\/?product=schilderij-metaal-3d-terras-op-de-hoek-180x60cm"},"modified":"2024-07-16T22:28:11","modified_gmt":"2024-07-16T22:28:11","slug":"malerei-3d-terrasse-aus-metall-an-der-ecke-180x60cm","status":"publish","type":"product","link":"https:\/\/dev.eliassen.nl\/de\/malerei-3d-terrasse-aus-metall-an-der-ecke-180x60cm\/","title":{"rendered":"Malerei 3D-Terrasse aus Metall an der Ecke 180x60cm"},"content":{"rendered":"<p>L\u00e4ngliches 3D-Gem\u00e4lde einer Au\u00dfenterrasse, vollst\u00e4ndig von Hand aus Eisen gefertigt, einschlie\u00dflich des Hintergrunds. Besonderer Tiefeneffekt, da die Figur weiter hervorsteht als der Hintergrund.<\/p>\n<p>Eine sch\u00f6ne Wanddekoration in Ihrem Zuhause oder drau\u00dfen unter einer Veranda. Da es sich um Handarbeit handelt, kann die tats\u00e4chliche Version geringf\u00fcgig vom Foto abweichen. Kommen Sie gerne in unseren Laden und schauen Sie sich diese Serie an. Wir haben fast die gesamte Sammlung dieser Serie auf Lager, die die gr\u00f6\u00dfte in den Niederlanden ist!!<\/p>\n<ul>\n<li>Gr\u00f6\u00dfe 180 x 60 cm<\/li>\n<li>Einfache Aufh\u00e4ngung mit 2 Schrauben<\/li>\n<li>Schnell geliefert<\/li>\n<li>Gr\u00f6\u00dfte Sammlung in den Benelux-L\u00e4ndern, die auch live besichtigt werden kann<\/li>\n<\/ul>\n","protected":false},"excerpt":{"rendered":"<p>Dekoratives l\u00e4ngliches Gem\u00e4lde mit vielen 3D-Effekten. Abmessungen 180x60cm.<\/p>\n","protected":false},"featured_media":148667,"template":"","meta":{"_acf_changed":false},"product_brand":[],"product_cat":[419,440,410],"product_tag":[],"class_list":{"0":"post-148670","1":"product","2":"type-product","3":"status-publish","4":"has-post-thumbnail","6":"product_cat-3d-gemaelde-aus-metall","7":"product_cat-andere-groessen-3d-gemaelde-aus-metall","8":"product_cat-gemaelde","10":"first","11":"instock","12":"taxable","13":"shipping-taxable","14":"purchasable","15":"product-type-simple"},"acf":[],"yoast_head":"<!-- This site is optimized with the Yoast SEO plugin v23.8 - https:\/\/yoast.com\/wordpress\/plugins\/seo\/ -->\n<title>Metallgem\u00e4lde 3D-Terrasse an der Ecke 180x60cm - Eliassen.nl<\/title>\n<meta name=\"description\" content=\"Handgefertigtes 3D-Gem\u00e4lde aus Metall einer attraktiven Terrasse. Eine wundersch\u00f6ne Wanddekoration an Ihrer Wand. Stimmungsvoll mit warmen Farben. Abmessunge...\" \/>\n<meta name=\"robots\" content=\"noindex, follow, max-snippet:-1, max-image-preview:large, max-video-preview:-1\" \/>\n<meta property=\"og:locale\" content=\"de_DE\" \/>\n<meta property=\"og:type\" content=\"article\" \/>\n<meta property=\"og:title\" content=\"Metallgem\u00e4lde 3D-Terrasse an der Ecke 180x60cm - Eliassen.nl\" \/>\n<meta property=\"og:description\" content=\"Handgefertigtes 3D-Gem\u00e4lde aus Metall einer attraktiven Terrasse. Eine wundersch\u00f6ne Wanddekoration an Ihrer Wand. Stimmungsvoll mit warmen Farben. Abmessunge...\" \/>\n<meta property=\"og:url\" content=\"https:\/\/dev.eliassen.nl\/de\/malerei-3d-terrasse-aus-metall-an-der-ecke-180x60cm\/\" \/>\n<meta property=\"og:site_name\" content=\"Eliassen.nl\" \/>\n<meta property=\"article:publisher\" content=\"https:\/\/www.facebook.com\/TuincentrumEliassenAmmerzoden\" \/>\n<meta property=\"article:modified_time\" content=\"2024-07-16T22:28:11+00:00\" \/>\n<meta property=\"og:image\" content=\"https:\/\/dev.eliassen.nl\/wp-content\/uploads\/2024\/10\/schilderijmetaalterrasophoekeliassennl.jpg\" \/>\n\t<meta property=\"og:image:width\" content=\"2048\" \/>\n\t<meta property=\"og:image:height\" content=\"682\" \/>\n\t<meta property=\"og:image:type\" content=\"image\/jpeg\" \/>\n<meta name=\"twitter:card\" content=\"summary_large_image\" \/>\n<script type=\"application\/ld+json\" class=\"yoast-schema-graph\">{\"@context\":\"https:\/\/schema.org\",\"@graph\":[{\"@type\":\"WebPage\",\"@id\":\"https:\/\/dev.eliassen.nl\/de\/malerei-3d-terrasse-aus-metall-an-der-ecke-180x60cm\/\",\"url\":\"https:\/\/dev.eliassen.nl\/de\/malerei-3d-terrasse-aus-metall-an-der-ecke-180x60cm\/\",\"name\":\"Metallgem\u00e4lde 3D-Terrasse an der Ecke 180x60cm - Eliassen.nl\",\"isPartOf\":{\"@id\":\"https:\/\/dev.eliassen.nl\/de\/#website\"},\"primaryImageOfPage\":{\"@id\":\"https:\/\/dev.eliassen.nl\/de\/malerei-3d-terrasse-aus-metall-an-der-ecke-180x60cm\/#primaryimage\"},\"image\":{\"@id\":\"https:\/\/dev.eliassen.nl\/de\/malerei-3d-terrasse-aus-metall-an-der-ecke-180x60cm\/#primaryimage\"},\"thumbnailUrl\":\"https:\/\/dev.eliassen.nl\/wp-content\/uploads\/2024\/10\/schilderijmetaalterrasophoekeliassennl.jpg\",\"datePublished\":\"2024-02-07T12:49:26+00:00\",\"dateModified\":\"2024-07-16T22:28:11+00:00\",\"description\":\"Handgefertigtes 3D-Gem\u00e4lde aus Metall einer attraktiven Terrasse. Eine wundersch\u00f6ne Wanddekoration an Ihrer Wand. Stimmungsvoll mit warmen Farben. Abmessunge...\",\"breadcrumb\":{\"@id\":\"https:\/\/dev.eliassen.nl\/de\/malerei-3d-terrasse-aus-metall-an-der-ecke-180x60cm\/#breadcrumb\"},\"inLanguage\":\"de\",\"potentialAction\":[{\"@type\":\"ReadAction\",\"target\":[\"https:\/\/dev.eliassen.nl\/de\/malerei-3d-terrasse-aus-metall-an-der-ecke-180x60cm\/\"]}]},{\"@type\":\"ImageObject\",\"inLanguage\":\"de\",\"@id\":\"https:\/\/dev.eliassen.nl\/de\/malerei-3d-terrasse-aus-metall-an-der-ecke-180x60cm\/#primaryimage\",\"url\":\"https:\/\/dev.eliassen.nl\/wp-content\/uploads\/2024\/10\/schilderijmetaalterrasophoekeliassennl.jpg\",\"contentUrl\":\"https:\/\/dev.eliassen.nl\/wp-content\/uploads\/2024\/10\/schilderijmetaalterrasophoekeliassennl.jpg\",\"width\":2048,\"height\":682,\"caption\":\"schilderij metaal terras op hoek - Eliassen.nl\"},{\"@type\":\"BreadcrumbList\",\"@id\":\"https:\/\/dev.eliassen.nl\/de\/malerei-3d-terrasse-aus-metall-an-der-ecke-180x60cm\/#breadcrumb\",\"itemListElement\":[{\"@type\":\"ListItem\",\"position\":1,\"name\":\"Home\",\"item\":\"https:\/\/dev.eliassen.nl\/de\/\"},{\"@type\":\"ListItem\",\"position\":2,\"name\":\"Shop\",\"item\":\"https:\/\/dev.eliassen.nl\/nl\/winkel\/\"},{\"@type\":\"ListItem\",\"position\":3,\"name\":\"Gem\u00e4lde\",\"item\":\"https:\/\/dev.eliassen.nl\/de\/gemaelde\/\"},{\"@type\":\"ListItem\",\"position\":4,\"name\":\"3D-Gem\u00e4lde aus Metall\",\"item\":\"https:\/\/dev.eliassen.nl\/de\/gemaelde\/3d-gemaelde-aus-metall\/\"},{\"@type\":\"ListItem\",\"position\":5,\"name\":\"Andere Gr\u00f6\u00dfen 3D-Gem\u00e4lde aus Metall\",\"item\":\"https:\/\/dev.eliassen.nl\/de\/gemaelde\/3d-gemaelde-aus-metall\/andere-groessen-3d-gemaelde-aus-metall\/\"},{\"@type\":\"ListItem\",\"position\":6,\"name\":\"Malerei 3D-Terrasse aus Metall an der Ecke 180x60cm\"}]},{\"@type\":\"WebSite\",\"@id\":\"https:\/\/dev.eliassen.nl\/de\/#website\",\"url\":\"https:\/\/dev.eliassen.nl\/de\/\",\"name\":\"Eliassen Home & Garden Pleasure\",\"description\":\"\",\"publisher\":{\"@id\":\"https:\/\/dev.eliassen.nl\/de\/#organization\"},\"alternateName\":\"Eliassen.nl\",\"potentialAction\":[{\"@type\":\"SearchAction\",\"target\":{\"@type\":\"EntryPoint\",\"urlTemplate\":\"https:\/\/dev.eliassen.nl\/de\/?s={search_term_string}\"},\"query-input\":{\"@type\":\"PropertyValueSpecification\",\"valueRequired\":true,\"valueName\":\"search_term_string\"}}],\"inLanguage\":\"de\"},{\"@type\":\"Organization\",\"@id\":\"https:\/\/dev.eliassen.nl\/de\/#organization\",\"name\":\"Eliassen Home & Garden Pleasure\",\"url\":\"https:\/\/dev.eliassen.nl\/de\/\",\"logo\":{\"@type\":\"ImageObject\",\"inLanguage\":\"de\",\"@id\":\"https:\/\/dev.eliassen.nl\/de\/#\/schema\/logo\/image\/\",\"url\":\"https:\/\/www.eliassen.nl\/wp-content\/uploads\/2024\/01\/logo_4nd.jpg\",\"contentUrl\":\"https:\/\/www.eliassen.nl\/wp-content\/uploads\/2024\/01\/logo_4nd.jpg\",\"width\":500,\"height\":500,\"caption\":\"Eliassen Home & Garden Pleasure\"},\"image\":{\"@id\":\"https:\/\/dev.eliassen.nl\/de\/#\/schema\/logo\/image\/\"},\"sameAs\":[\"https:\/\/www.facebook.com\/TuincentrumEliassenAmmerzoden\",\"https:\/\/www.instagram.com\/eliassenhomeandgarden\/\",\"https:\/\/nl.pinterest.com\/eliassenhomeandgarden\/\",\"https:\/\/www.youtube.com\/@eliassenhomegardenpleasure4558\"]}]}<\/script>\n<!-- \/ Yoast SEO plugin. -->","yoast_head_json":{"title":"Metallgem\u00e4lde 3D-Terrasse an der Ecke 180x60cm - Eliassen.nl","description":"Handgefertigtes 3D-Gem\u00e4lde aus Metall einer attraktiven Terrasse. Eine wundersch\u00f6ne Wanddekoration an Ihrer Wand. Stimmungsvoll mit warmen Farben. Abmessunge...","robots":{"index":"noindex","follow":"follow","max-snippet":"max-snippet:-1","max-image-preview":"max-image-preview:large","max-video-preview":"max-video-preview:-1"},"og_locale":"de_DE","og_type":"article","og_title":"Metallgem\u00e4lde 3D-Terrasse an der Ecke 180x60cm - Eliassen.nl","og_description":"Handgefertigtes 3D-Gem\u00e4lde aus Metall einer attraktiven Terrasse. Eine wundersch\u00f6ne Wanddekoration an Ihrer Wand. Stimmungsvoll mit warmen Farben. Abmessunge...","og_url":"https:\/\/dev.eliassen.nl\/de\/malerei-3d-terrasse-aus-metall-an-der-ecke-180x60cm\/","og_site_name":"Eliassen.nl","article_publisher":"https:\/\/www.facebook.com\/TuincentrumEliassenAmmerzoden","article_modified_time":"2024-07-16T22:28:11+00:00","og_image":[{"width":2048,"height":682,"url":"https:\/\/dev.eliassen.nl\/wp-content\/uploads\/2024\/10\/schilderijmetaalterrasophoekeliassennl.jpg","type":"image\/jpeg"}],"twitter_card":"summary_large_image","schema":{"@context":"https:\/\/schema.org","@graph":[{"@type":"WebPage","@id":"https:\/\/dev.eliassen.nl\/de\/malerei-3d-terrasse-aus-metall-an-der-ecke-180x60cm\/","url":"https:\/\/dev.eliassen.nl\/de\/malerei-3d-terrasse-aus-metall-an-der-ecke-180x60cm\/","name":"Metallgem\u00e4lde 3D-Terrasse an der Ecke 180x60cm - Eliassen.nl","isPartOf":{"@id":"https:\/\/dev.eliassen.nl\/de\/#website"},"primaryImageOfPage":{"@id":"https:\/\/dev.eliassen.nl\/de\/malerei-3d-terrasse-aus-metall-an-der-ecke-180x60cm\/#primaryimage"},"image":{"@id":"https:\/\/dev.eliassen.nl\/de\/malerei-3d-terrasse-aus-metall-an-der-ecke-180x60cm\/#primaryimage"},"thumbnailUrl":"https:\/\/dev.eliassen.nl\/wp-content\/uploads\/2024\/10\/schilderijmetaalterrasophoekeliassennl.jpg","datePublished":"2024-02-07T12:49:26+00:00","dateModified":"2024-07-16T22:28:11+00:00","description":"Handgefertigtes 3D-Gem\u00e4lde aus Metall einer attraktiven Terrasse. Eine wundersch\u00f6ne Wanddekoration an Ihrer Wand. Stimmungsvoll mit warmen Farben. Abmessunge...","breadcrumb":{"@id":"https:\/\/dev.eliassen.nl\/de\/malerei-3d-terrasse-aus-metall-an-der-ecke-180x60cm\/#breadcrumb"},"inLanguage":"de","potentialAction":[{"@type":"ReadAction","target":["https:\/\/dev.eliassen.nl\/de\/malerei-3d-terrasse-aus-metall-an-der-ecke-180x60cm\/"]}]},{"@type":"ImageObject","inLanguage":"de","@id":"https:\/\/dev.eliassen.nl\/de\/malerei-3d-terrasse-aus-metall-an-der-ecke-180x60cm\/#primaryimage","url":"https:\/\/dev.eliassen.nl\/wp-content\/uploads\/2024\/10\/schilderijmetaalterrasophoekeliassennl.jpg","contentUrl":"https:\/\/dev.eliassen.nl\/wp-content\/uploads\/2024\/10\/schilderijmetaalterrasophoekeliassennl.jpg","width":2048,"height":682,"caption":"schilderij metaal terras op hoek - Eliassen.nl"},{"@type":"BreadcrumbList","@id":"https:\/\/dev.eliassen.nl\/de\/malerei-3d-terrasse-aus-metall-an-der-ecke-180x60cm\/#breadcrumb","itemListElement":[{"@type":"ListItem","position":1,"name":"Home","item":"https:\/\/dev.eliassen.nl\/de\/"},{"@type":"ListItem","position":2,"name":"Shop","item":"https:\/\/dev.eliassen.nl\/nl\/winkel\/"},{"@type":"ListItem","position":3,"name":"Gem\u00e4lde","item":"https:\/\/dev.eliassen.nl\/de\/gemaelde\/"},{"@type":"ListItem","position":4,"name":"3D-Gem\u00e4lde aus Metall","item":"https:\/\/dev.eliassen.nl\/de\/gemaelde\/3d-gemaelde-aus-metall\/"},{"@type":"ListItem","position":5,"name":"Andere Gr\u00f6\u00dfen 3D-Gem\u00e4lde aus Metall","item":"https:\/\/dev.eliassen.nl\/de\/gemaelde\/3d-gemaelde-aus-metall\/andere-groessen-3d-gemaelde-aus-metall\/"},{"@type":"ListItem","position":6,"name":"Malerei 3D-Terrasse aus Metall an der Ecke 180x60cm"}]},{"@type":"WebSite","@id":"https:\/\/dev.eliassen.nl\/de\/#website","url":"https:\/\/dev.eliassen.nl\/de\/","name":"Eliassen Home & Garden Pleasure","description":"","publisher":{"@id":"https:\/\/dev.eliassen.nl\/de\/#organization"},"alternateName":"Eliassen.nl","potentialAction":[{"@type":"SearchAction","target":{"@type":"EntryPoint","urlTemplate":"https:\/\/dev.eliassen.nl\/de\/?s={search_term_string}"},"query-input":{"@type":"PropertyValueSpecification","valueRequired":true,"valueName":"search_term_string"}}],"inLanguage":"de"},{"@type":"Organization","@id":"https:\/\/dev.eliassen.nl\/de\/#organization","name":"Eliassen Home & Garden Pleasure","url":"https:\/\/dev.eliassen.nl\/de\/","logo":{"@type":"ImageObject","inLanguage":"de","@id":"https:\/\/dev.eliassen.nl\/de\/#\/schema\/logo\/image\/","url":"https:\/\/www.eliassen.nl\/wp-content\/uploads\/2024\/01\/logo_4nd.jpg","contentUrl":"https:\/\/www.eliassen.nl\/wp-content\/uploads\/2024\/01\/logo_4nd.jpg","width":500,"height":500,"caption":"Eliassen Home & Garden Pleasure"},"image":{"@id":"https:\/\/dev.eliassen.nl\/de\/#\/schema\/logo\/image\/"},"sameAs":["https:\/\/www.facebook.com\/TuincentrumEliassenAmmerzoden","https:\/\/www.instagram.com\/eliassenhomeandgarden\/","https:\/\/nl.pinterest.com\/eliassenhomeandgarden\/","https:\/\/www.youtube.com\/@eliassenhomegardenpleasure4558"]}]}},"df_price":239,"df_sale_price":"","df_regular_price":239,"df_image_link":"https:\/\/dev.eliassen.nl\/wp-content\/uploads\/2024\/10\/schilderijmetaalterrasophoekeliassennl.jpg","image":"https:\/\/dev.eliassen.nl\/wp-content\/uploads\/2024\/10\/schilderijmetaalterrasophoekeliassennl.jpg","price_search":"<span class=\"woocommerce-Price-amount amount\"><bdi><span class=\"woocommerce-Price-currencySymbol\">&euro;<\/span>&nbsp;239,00<\/bdi><\/span>","category":"3D-Gem\u00e4lde aus Metall","_links":{"self":[{"href":"https:\/\/dev.eliassen.nl\/de\/wp-json\/wp\/v2\/product\/148670","targetHints":{"allow":["GET"]}}],"collection":[{"href":"https:\/\/dev.eliassen.nl\/de\/wp-json\/wp\/v2\/product"}],"about":[{"href":"https:\/\/dev.eliassen.nl\/de\/wp-json\/wp\/v2\/types\/product"}],"wp:featuredmedia":[{"embeddable":true,"href":"https:\/\/dev.eliassen.nl\/de\/wp-json\/wp\/v2\/media\/148667"}],"wp:attachment":[{"href":"https:\/\/dev.eliassen.nl\/de\/wp-json\/wp\/v2\/media?parent=148670"}],"wp:term":[{"taxonomy":"product_brand","embeddable":true,"href":"https:\/\/dev.eliassen.nl\/de\/wp-json\/wp\/v2\/product_brand?post=148670"},{"taxonomy":"product_cat","embeddable":true,"href":"https:\/\/dev.eliassen.nl\/de\/wp-json\/wp\/v2\/product_cat?post=148670"},{"taxonomy":"product_tag","embeddable":true,"href":"https:\/\/dev.eliassen.nl\/de\/wp-json\/wp\/v2\/product_tag?post=148670"}],"curies":[{"name":"wp","href":"https:\/\/api.w.org\/{rel}","templated":true}]}}