{"id":148865,"date":"2024-02-08T09:57:48","date_gmt":"2024-02-08T08:57:48","guid":{"rendered":"https:\/\/www.eliassen.nl\/?product=copy-of-tuinsteker-windmolen-draaiend-roest-vliegt"},"modified":"2024-12-05T17:00:09","modified_gmt":"2024-12-05T16:00:09","slug":"gartenstecker-windmuhle-rotierend-rost-schmetterlinge-55x180cm","status":"publish","type":"product","link":"https:\/\/dev.eliassen.nl\/de\/gartenstecker-windmuhle-rotierend-rost-schmetterlinge-55x180cm\/","title":{"rendered":"Gartenstecker Windm\u00fchle rotierend Rost Schmetterlinge 55x180cm"},"content":{"rendered":"<p>Diese wundersch\u00f6ne rostige Windm\u00fchle mit Schmetterlingen wird in jedem Garten wundersch\u00f6n aussehen.<br \/>Dieses Modell mit einer Gesamth\u00f6he von 180 cm beginnt sich schon beim geringsten Wind zu drehen, da die rotierenden Teile mit Kugellagern ausgestattet sind.<br \/>Die M\u00fchle ist mit einem stabilen Stift ausgestattet, so dass sie in jeder Art von Boden sicher steht.<br \/>Lieferung als Bausatz.<br \/>Gr\u00f6\u00dfe: ca. 55x27x180cm.<\/p>\n<p>Die Absicht ist, dass sich diese Windm\u00fchle leise dreht. Bei starkem Wind oder Sturm muss es gesch\u00fctzt werden.<\/p>\n<ul>\n<li>Farbe: Rost<\/li>\n<li>Material: Metall<\/li>\n<li>Schnell geliefert<\/li>\n<li>Eigener Bestand<\/li>\n<li>Bitte beachten Sie: Dies ist kein Spielzeug!<\/li>\n<\/ul>\n","protected":false},"excerpt":{"rendered":"<p>In Rostfarbe<\/p>\n","protected":false},"featured_media":148853,"template":"","meta":{"_acf_changed":false},"product_brand":[],"product_cat":[851,836,845],"product_tag":[],"class_list":{"0":"post-148865","1":"product","2":"type-product","3":"status-publish","4":"has-post-thumbnail","6":"product_cat-gartenpfaehle-aus-still","7":"product_cat-gartenstecker","8":"product_cat-windmuehlen","10":"first","11":"instock","12":"taxable","13":"shipping-taxable","14":"purchasable","15":"product-type-simple"},"acf":[],"yoast_head":"<!-- This site is optimized with the Yoast SEO plugin v23.8 - https:\/\/yoast.com\/wordpress\/plugins\/seo\/ -->\n<title>Gartenstecker Windm\u00fchle rotierende Rostschmetterlinge 55x180cm - Eliassen.nl<\/title>\n<meta name=\"description\" content=\"Dieses gro\u00dfe Gartenstecker-Modell in rostiger Farbe mit wundersch\u00f6nen Schmetterlingen ist online oder in unserem Ausstellungsraum erh\u00e4ltlich.\" \/>\n<meta name=\"robots\" content=\"noindex, follow, max-snippet:-1, max-image-preview:large, max-video-preview:-1\" \/>\n<meta property=\"og:locale\" content=\"de_DE\" \/>\n<meta property=\"og:type\" content=\"article\" \/>\n<meta property=\"og:title\" content=\"Gartenstecker Windm\u00fchle rotierende Rostschmetterlinge 55x180cm - Eliassen.nl\" \/>\n<meta property=\"og:description\" content=\"Dieses gro\u00dfe Gartenstecker-Modell in rostiger Farbe mit wundersch\u00f6nen Schmetterlingen ist online oder in unserem Ausstellungsraum erh\u00e4ltlich.\" \/>\n<meta property=\"og:url\" content=\"https:\/\/dev.eliassen.nl\/de\/gartenstecker-windmuhle-rotierend-rost-schmetterlinge-55x180cm\/\" \/>\n<meta property=\"og:site_name\" content=\"Eliassen.nl\" \/>\n<meta property=\"article:publisher\" content=\"https:\/\/www.facebook.com\/TuincentrumEliassenAmmerzoden\" \/>\n<meta property=\"article:modified_time\" content=\"2024-12-05T16:00:09+00:00\" \/>\n<meta property=\"og:image\" content=\"https:\/\/dev.eliassen.nl\/wp-content\/uploads\/2024\/10\/tuinstekerwindmolendraaiendroestvlinders55x18.jpg\" \/>\n\t<meta property=\"og:image:width\" content=\"1530\" \/>\n\t<meta property=\"og:image:height\" content=\"2040\" \/>\n\t<meta property=\"og:image:type\" content=\"image\/jpeg\" \/>\n<meta name=\"twitter:card\" content=\"summary_large_image\" \/>\n<script type=\"application\/ld+json\" class=\"yoast-schema-graph\">{\"@context\":\"https:\/\/schema.org\",\"@graph\":[{\"@type\":\"WebPage\",\"@id\":\"https:\/\/dev.eliassen.nl\/de\/gartenstecker-windmuhle-rotierend-rost-schmetterlinge-55x180cm\/\",\"url\":\"https:\/\/dev.eliassen.nl\/de\/gartenstecker-windmuhle-rotierend-rost-schmetterlinge-55x180cm\/\",\"name\":\"Gartenstecker Windm\u00fchle rotierende Rostschmetterlinge 55x180cm - Eliassen.nl\",\"isPartOf\":{\"@id\":\"https:\/\/dev.eliassen.nl\/de\/#website\"},\"primaryImageOfPage\":{\"@id\":\"https:\/\/dev.eliassen.nl\/de\/gartenstecker-windmuhle-rotierend-rost-schmetterlinge-55x180cm\/#primaryimage\"},\"image\":{\"@id\":\"https:\/\/dev.eliassen.nl\/de\/gartenstecker-windmuhle-rotierend-rost-schmetterlinge-55x180cm\/#primaryimage\"},\"thumbnailUrl\":\"https:\/\/dev.eliassen.nl\/wp-content\/uploads\/2024\/10\/tuinstekerwindmolendraaiendroestvlinders55x18.jpg\",\"datePublished\":\"2024-02-08T08:57:48+00:00\",\"dateModified\":\"2024-12-05T16:00:09+00:00\",\"description\":\"Dieses gro\u00dfe Gartenstecker-Modell in rostiger Farbe mit wundersch\u00f6nen Schmetterlingen ist online oder in unserem Ausstellungsraum erh\u00e4ltlich.\",\"breadcrumb\":{\"@id\":\"https:\/\/dev.eliassen.nl\/de\/gartenstecker-windmuhle-rotierend-rost-schmetterlinge-55x180cm\/#breadcrumb\"},\"inLanguage\":\"de\",\"potentialAction\":[{\"@type\":\"ReadAction\",\"target\":[\"https:\/\/dev.eliassen.nl\/de\/gartenstecker-windmuhle-rotierend-rost-schmetterlinge-55x180cm\/\"]}]},{\"@type\":\"ImageObject\",\"inLanguage\":\"de\",\"@id\":\"https:\/\/dev.eliassen.nl\/de\/gartenstecker-windmuhle-rotierend-rost-schmetterlinge-55x180cm\/#primaryimage\",\"url\":\"https:\/\/dev.eliassen.nl\/wp-content\/uploads\/2024\/10\/tuinstekerwindmolendraaiendroestvlinders55x18.jpg\",\"contentUrl\":\"https:\/\/dev.eliassen.nl\/wp-content\/uploads\/2024\/10\/tuinstekerwindmolendraaiendroestvlinders55x18.jpg\",\"width\":1530,\"height\":2040,\"caption\":\"Tuinsteker windmolen draaiend roest vlinders 55x180cm eliassen.nl 4\"},{\"@type\":\"BreadcrumbList\",\"@id\":\"https:\/\/dev.eliassen.nl\/de\/gartenstecker-windmuhle-rotierend-rost-schmetterlinge-55x180cm\/#breadcrumb\",\"itemListElement\":[{\"@type\":\"ListItem\",\"position\":1,\"name\":\"Home\",\"item\":\"https:\/\/dev.eliassen.nl\/de\/\"},{\"@type\":\"ListItem\",\"position\":2,\"name\":\"Shop\",\"item\":\"https:\/\/dev.eliassen.nl\/nl\/winkel\/\"},{\"@type\":\"ListItem\",\"position\":3,\"name\":\"Gartenstecker\",\"item\":\"https:\/\/dev.eliassen.nl\/de\/gartenstecker\/\"},{\"@type\":\"ListItem\",\"position\":4,\"name\":\"Gartenpf\u00e4hle aus still\",\"item\":\"https:\/\/dev.eliassen.nl\/de\/gartenstecker\/gartenpfaehle-aus-still\/\"},{\"@type\":\"ListItem\",\"position\":5,\"name\":\"Gartenstecker Windm\u00fchle rotierend Rost Schmetterlinge 55x180cm\"}]},{\"@type\":\"WebSite\",\"@id\":\"https:\/\/dev.eliassen.nl\/de\/#website\",\"url\":\"https:\/\/dev.eliassen.nl\/de\/\",\"name\":\"Eliassen Home & Garden Pleasure\",\"description\":\"\",\"publisher\":{\"@id\":\"https:\/\/dev.eliassen.nl\/de\/#organization\"},\"alternateName\":\"Eliassen.nl\",\"potentialAction\":[{\"@type\":\"SearchAction\",\"target\":{\"@type\":\"EntryPoint\",\"urlTemplate\":\"https:\/\/dev.eliassen.nl\/de\/?s={search_term_string}\"},\"query-input\":{\"@type\":\"PropertyValueSpecification\",\"valueRequired\":true,\"valueName\":\"search_term_string\"}}],\"inLanguage\":\"de\"},{\"@type\":\"Organization\",\"@id\":\"https:\/\/dev.eliassen.nl\/de\/#organization\",\"name\":\"Eliassen Home & Garden Pleasure\",\"url\":\"https:\/\/dev.eliassen.nl\/de\/\",\"logo\":{\"@type\":\"ImageObject\",\"inLanguage\":\"de\",\"@id\":\"https:\/\/dev.eliassen.nl\/de\/#\/schema\/logo\/image\/\",\"url\":\"https:\/\/www.eliassen.nl\/wp-content\/uploads\/2024\/01\/logo_4nd.jpg\",\"contentUrl\":\"https:\/\/www.eliassen.nl\/wp-content\/uploads\/2024\/01\/logo_4nd.jpg\",\"width\":500,\"height\":500,\"caption\":\"Eliassen Home & Garden Pleasure\"},\"image\":{\"@id\":\"https:\/\/dev.eliassen.nl\/de\/#\/schema\/logo\/image\/\"},\"sameAs\":[\"https:\/\/www.facebook.com\/TuincentrumEliassenAmmerzoden\",\"https:\/\/www.instagram.com\/eliassenhomeandgarden\/\",\"https:\/\/nl.pinterest.com\/eliassenhomeandgarden\/\",\"https:\/\/www.youtube.com\/@eliassenhomegardenpleasure4558\"]}]}<\/script>\n<!-- \/ Yoast SEO plugin. -->","yoast_head_json":{"title":"Gartenstecker Windm\u00fchle rotierende Rostschmetterlinge 55x180cm - Eliassen.nl","description":"Dieses gro\u00dfe Gartenstecker-Modell in rostiger Farbe mit wundersch\u00f6nen Schmetterlingen ist online oder in unserem Ausstellungsraum erh\u00e4ltlich.","robots":{"index":"noindex","follow":"follow","max-snippet":"max-snippet:-1","max-image-preview":"max-image-preview:large","max-video-preview":"max-video-preview:-1"},"og_locale":"de_DE","og_type":"article","og_title":"Gartenstecker Windm\u00fchle rotierende Rostschmetterlinge 55x180cm - Eliassen.nl","og_description":"Dieses gro\u00dfe Gartenstecker-Modell in rostiger Farbe mit wundersch\u00f6nen Schmetterlingen ist online oder in unserem Ausstellungsraum erh\u00e4ltlich.","og_url":"https:\/\/dev.eliassen.nl\/de\/gartenstecker-windmuhle-rotierend-rost-schmetterlinge-55x180cm\/","og_site_name":"Eliassen.nl","article_publisher":"https:\/\/www.facebook.com\/TuincentrumEliassenAmmerzoden","article_modified_time":"2024-12-05T16:00:09+00:00","og_image":[{"width":1530,"height":2040,"url":"https:\/\/dev.eliassen.nl\/wp-content\/uploads\/2024\/10\/tuinstekerwindmolendraaiendroestvlinders55x18.jpg","type":"image\/jpeg"}],"twitter_card":"summary_large_image","schema":{"@context":"https:\/\/schema.org","@graph":[{"@type":"WebPage","@id":"https:\/\/dev.eliassen.nl\/de\/gartenstecker-windmuhle-rotierend-rost-schmetterlinge-55x180cm\/","url":"https:\/\/dev.eliassen.nl\/de\/gartenstecker-windmuhle-rotierend-rost-schmetterlinge-55x180cm\/","name":"Gartenstecker Windm\u00fchle rotierende Rostschmetterlinge 55x180cm - Eliassen.nl","isPartOf":{"@id":"https:\/\/dev.eliassen.nl\/de\/#website"},"primaryImageOfPage":{"@id":"https:\/\/dev.eliassen.nl\/de\/gartenstecker-windmuhle-rotierend-rost-schmetterlinge-55x180cm\/#primaryimage"},"image":{"@id":"https:\/\/dev.eliassen.nl\/de\/gartenstecker-windmuhle-rotierend-rost-schmetterlinge-55x180cm\/#primaryimage"},"thumbnailUrl":"https:\/\/dev.eliassen.nl\/wp-content\/uploads\/2024\/10\/tuinstekerwindmolendraaiendroestvlinders55x18.jpg","datePublished":"2024-02-08T08:57:48+00:00","dateModified":"2024-12-05T16:00:09+00:00","description":"Dieses gro\u00dfe Gartenstecker-Modell in rostiger Farbe mit wundersch\u00f6nen Schmetterlingen ist online oder in unserem Ausstellungsraum erh\u00e4ltlich.","breadcrumb":{"@id":"https:\/\/dev.eliassen.nl\/de\/gartenstecker-windmuhle-rotierend-rost-schmetterlinge-55x180cm\/#breadcrumb"},"inLanguage":"de","potentialAction":[{"@type":"ReadAction","target":["https:\/\/dev.eliassen.nl\/de\/gartenstecker-windmuhle-rotierend-rost-schmetterlinge-55x180cm\/"]}]},{"@type":"ImageObject","inLanguage":"de","@id":"https:\/\/dev.eliassen.nl\/de\/gartenstecker-windmuhle-rotierend-rost-schmetterlinge-55x180cm\/#primaryimage","url":"https:\/\/dev.eliassen.nl\/wp-content\/uploads\/2024\/10\/tuinstekerwindmolendraaiendroestvlinders55x18.jpg","contentUrl":"https:\/\/dev.eliassen.nl\/wp-content\/uploads\/2024\/10\/tuinstekerwindmolendraaiendroestvlinders55x18.jpg","width":1530,"height":2040,"caption":"Tuinsteker windmolen draaiend roest vlinders 55x180cm eliassen.nl 4"},{"@type":"BreadcrumbList","@id":"https:\/\/dev.eliassen.nl\/de\/gartenstecker-windmuhle-rotierend-rost-schmetterlinge-55x180cm\/#breadcrumb","itemListElement":[{"@type":"ListItem","position":1,"name":"Home","item":"https:\/\/dev.eliassen.nl\/de\/"},{"@type":"ListItem","position":2,"name":"Shop","item":"https:\/\/dev.eliassen.nl\/nl\/winkel\/"},{"@type":"ListItem","position":3,"name":"Gartenstecker","item":"https:\/\/dev.eliassen.nl\/de\/gartenstecker\/"},{"@type":"ListItem","position":4,"name":"Gartenpf\u00e4hle aus still","item":"https:\/\/dev.eliassen.nl\/de\/gartenstecker\/gartenpfaehle-aus-still\/"},{"@type":"ListItem","position":5,"name":"Gartenstecker Windm\u00fchle rotierend Rost Schmetterlinge 55x180cm"}]},{"@type":"WebSite","@id":"https:\/\/dev.eliassen.nl\/de\/#website","url":"https:\/\/dev.eliassen.nl\/de\/","name":"Eliassen Home & Garden Pleasure","description":"","publisher":{"@id":"https:\/\/dev.eliassen.nl\/de\/#organization"},"alternateName":"Eliassen.nl","potentialAction":[{"@type":"SearchAction","target":{"@type":"EntryPoint","urlTemplate":"https:\/\/dev.eliassen.nl\/de\/?s={search_term_string}"},"query-input":{"@type":"PropertyValueSpecification","valueRequired":true,"valueName":"search_term_string"}}],"inLanguage":"de"},{"@type":"Organization","@id":"https:\/\/dev.eliassen.nl\/de\/#organization","name":"Eliassen Home & Garden Pleasure","url":"https:\/\/dev.eliassen.nl\/de\/","logo":{"@type":"ImageObject","inLanguage":"de","@id":"https:\/\/dev.eliassen.nl\/de\/#\/schema\/logo\/image\/","url":"https:\/\/www.eliassen.nl\/wp-content\/uploads\/2024\/01\/logo_4nd.jpg","contentUrl":"https:\/\/www.eliassen.nl\/wp-content\/uploads\/2024\/01\/logo_4nd.jpg","width":500,"height":500,"caption":"Eliassen Home & Garden Pleasure"},"image":{"@id":"https:\/\/dev.eliassen.nl\/de\/#\/schema\/logo\/image\/"},"sameAs":["https:\/\/www.facebook.com\/TuincentrumEliassenAmmerzoden","https:\/\/www.instagram.com\/eliassenhomeandgarden\/","https:\/\/nl.pinterest.com\/eliassenhomeandgarden\/","https:\/\/www.youtube.com\/@eliassenhomegardenpleasure4558"]}]}},"df_price":69.5,"df_sale_price":"","df_regular_price":69.5,"df_image_link":"https:\/\/dev.eliassen.nl\/wp-content\/uploads\/2024\/10\/tuinstekerwindmolendraaiendroestvlinders55x18.jpg","image":"https:\/\/dev.eliassen.nl\/wp-content\/uploads\/2024\/10\/tuinstekerwindmolendraaiendroestvlinders55x18.jpg","price_search":"<span class=\"woocommerce-Price-amount amount\"><bdi><span class=\"woocommerce-Price-currencySymbol\">&euro;<\/span>&nbsp;69,50<\/bdi><\/span>","category":"Gartenpf\u00e4hle aus still","_links":{"self":[{"href":"https:\/\/dev.eliassen.nl\/de\/wp-json\/wp\/v2\/product\/148865","targetHints":{"allow":["GET"]}}],"collection":[{"href":"https:\/\/dev.eliassen.nl\/de\/wp-json\/wp\/v2\/product"}],"about":[{"href":"https:\/\/dev.eliassen.nl\/de\/wp-json\/wp\/v2\/types\/product"}],"wp:featuredmedia":[{"embeddable":true,"href":"https:\/\/dev.eliassen.nl\/de\/wp-json\/wp\/v2\/media\/148853"}],"wp:attachment":[{"href":"https:\/\/dev.eliassen.nl\/de\/wp-json\/wp\/v2\/media?parent=148865"}],"wp:term":[{"taxonomy":"product_brand","embeddable":true,"href":"https:\/\/dev.eliassen.nl\/de\/wp-json\/wp\/v2\/product_brand?post=148865"},{"taxonomy":"product_cat","embeddable":true,"href":"https:\/\/dev.eliassen.nl\/de\/wp-json\/wp\/v2\/product_cat?post=148865"},{"taxonomy":"product_tag","embeddable":true,"href":"https:\/\/dev.eliassen.nl\/de\/wp-json\/wp\/v2\/product_tag?post=148865"}],"curies":[{"name":"wp","href":"https:\/\/api.w.org\/{rel}","templated":true}]}}