{"id":149348,"date":"2024-02-10T10:23:12","date_gmt":"2024-02-10T09:23:12","guid":{"rendered":"https:\/\/www.eliassen.nl\/?product=vogel-meeuw-zittend-glas-xxl-30cm-pearly"},"modified":"2024-12-05T17:00:44","modified_gmt":"2024-12-05T16:00:44","slug":"vogel-mowe-sitzend-glas-xxl-30cm-perlmuttfarben","status":"publish","type":"product","link":"https:\/\/dev.eliassen.nl\/de\/vogel-mowe-sitzend-glas-xxl-30cm-perlmuttfarben\/","title":{"rendered":"Vogel M\u00f6we sitzend Glas XXL 30cm perlmuttfarben"},"content":{"rendered":"<p class=\"x_MsoListParagraph\">Diese wundersch\u00f6ne Vogelskulptur aus Glas der Top-Marke Fidrio wird mit Sicherheit ein wertvolles Dekorationsst\u00fcck in Ihrem Interieur sein. Das superklare Glas in Kombination mit den sch\u00f6nen Farben macht dieses Glasobjekt zu einer Augenweide. Auf einer Kommode, auf einer Fensterbank, in der N\u00e4he des Fernsehers und an 1000 anderen Orten wird dieses Kunstwerk eine sch\u00f6ne Erg\u00e4nzung sein.<\/p>\n<p class=\"x_MsoListParagraph\">Alle Fidrio-Glasobjekte werden auf traditionelle, handwerkliche Weise manuell hergestellt. Das bearbeitbare superhei\u00dfe Glas wird von Glasbl\u00e4sern durch komplizierte Bewegungen in die richtige Form gebracht und anschlie\u00dfend mit dem zweifarbigen Kopf versehen. Da es sich um Handarbeit handelt, sind die Farbt\u00f6ne und damit das Erscheinungsbild bei jedem Exemplar unterschiedlich. Bei den angegebenen Gr\u00f6\u00dfen handelt es sich stets um \u201eCirca\u201c-Ma\u00dfe.<\/p>\n<ul>\n<li class=\"x_MsoListParagraph\">Gr\u00f6\u00dfe: 16x15x30cm.<\/li>\n<li class=\"x_MsoListParagraph\">Farbe: Verschiedene Farben.<\/li>\n<li class=\"x_MsoListParagraph\">Material: Mundgeblasenes europ\u00e4isches Glas.<\/li>\n<li class=\"x_MsoListParagraph\">1 Jahr Garantie.<\/li>\n<li class=\"x_MsoListParagraph\">Niemals mit hei\u00dfem Wasser reinigen.<\/li>\n<li class=\"x_MsoListParagraph\">Wird umweltfreundlich verpackt.<\/li>\n<li class=\"x_MsoListParagraph\">Das Foto dient nur als Beispiel.<\/li>\n<li class=\"x_MsoListParagraph\">Dieser Artikel wird INNERHALB DER NIEDERLANDE KOSTENLOS VERSANDT. Die R\u00fccksendung erfolgt auf Ihre Kosten und Ihr Risiko.<\/li>\n<\/ul>\n","protected":false},"excerpt":{"rendered":"<p>Extra gro\u00dfes und schweres Modell eines Dekovogels aus Glas.<\/p>\n","protected":false},"featured_media":149327,"template":"","meta":{"_acf_changed":false},"product_brand":[6950],"product_cat":[800,824,7060],"product_tag":[],"class_list":{"0":"post-149348","1":"product","2":"type-product","3":"status-publish","4":"has-post-thumbnail","6":"product_brand-fidrio-de","7":"product_cat-glaskunst","8":"product_cat-tierfiguren-aus-glas","9":"product_cat-fidrio-glaskollektion","11":"first","12":"instock","13":"taxable","14":"shipping-taxable","15":"purchasable","16":"product-type-simple"},"acf":[],"yoast_head":"<!-- This site is optimized with the Yoast SEO plugin v23.8 - https:\/\/yoast.com\/wordpress\/plugins\/seo\/ -->\n<title>Vogelm\u00f6we sitzend Glas XXL 30cm perlmutt - Eliassen.nl<\/title>\n<meta name=\"description\" content=\"Suchen Sie einen dekorativen Glasvogel? Dieses wundersch\u00f6ne Glasobjekt mit wundersch\u00f6nen Farben wird Ihnen bestimmt gefallen. Gr\u00f6\u00dfe nicht weniger als 30 cm.\" \/>\n<meta name=\"robots\" content=\"noindex, follow, max-snippet:-1, max-image-preview:large, max-video-preview:-1\" \/>\n<meta property=\"og:locale\" content=\"de_DE\" \/>\n<meta property=\"og:type\" content=\"article\" \/>\n<meta property=\"og:title\" content=\"Vogelm\u00f6we sitzend Glas XXL 30cm perlmutt - Eliassen.nl\" \/>\n<meta property=\"og:description\" content=\"Suchen Sie einen dekorativen Glasvogel? Dieses wundersch\u00f6ne Glasobjekt mit wundersch\u00f6nen Farben wird Ihnen bestimmt gefallen. Gr\u00f6\u00dfe nicht weniger als 30 cm.\" \/>\n<meta property=\"og:url\" content=\"https:\/\/dev.eliassen.nl\/de\/vogel-mowe-sitzend-glas-xxl-30cm-perlmuttfarben\/\" \/>\n<meta property=\"og:site_name\" content=\"Eliassen.nl\" \/>\n<meta property=\"article:publisher\" content=\"https:\/\/www.facebook.com\/TuincentrumEliassenAmmerzoden\" \/>\n<meta property=\"article:modified_time\" content=\"2024-12-05T16:00:44+00:00\" \/>\n<meta property=\"og:image\" content=\"https:\/\/dev.eliassen.nl\/wp-content\/uploads\/2024\/10\/fidriovogelmeeuwzittendglasxxl30cmpearlyel.jpg\" \/>\n\t<meta property=\"og:image:width\" content=\"1536\" \/>\n\t<meta property=\"og:image:height\" content=\"2048\" \/>\n\t<meta property=\"og:image:type\" content=\"image\/jpeg\" \/>\n<meta name=\"twitter:card\" content=\"summary_large_image\" \/>\n<script type=\"application\/ld+json\" class=\"yoast-schema-graph\">{\"@context\":\"https:\/\/schema.org\",\"@graph\":[{\"@type\":\"WebPage\",\"@id\":\"https:\/\/dev.eliassen.nl\/de\/vogel-mowe-sitzend-glas-xxl-30cm-perlmuttfarben\/\",\"url\":\"https:\/\/dev.eliassen.nl\/de\/vogel-mowe-sitzend-glas-xxl-30cm-perlmuttfarben\/\",\"name\":\"Vogelm\u00f6we sitzend Glas XXL 30cm perlmutt - Eliassen.nl\",\"isPartOf\":{\"@id\":\"https:\/\/dev.eliassen.nl\/de\/#website\"},\"primaryImageOfPage\":{\"@id\":\"https:\/\/dev.eliassen.nl\/de\/vogel-mowe-sitzend-glas-xxl-30cm-perlmuttfarben\/#primaryimage\"},\"image\":{\"@id\":\"https:\/\/dev.eliassen.nl\/de\/vogel-mowe-sitzend-glas-xxl-30cm-perlmuttfarben\/#primaryimage\"},\"thumbnailUrl\":\"https:\/\/dev.eliassen.nl\/wp-content\/uploads\/2024\/10\/fidriovogelmeeuwzittendglasxxl30cmpearlyel.jpg\",\"datePublished\":\"2024-02-10T09:23:12+00:00\",\"dateModified\":\"2024-12-05T16:00:44+00:00\",\"description\":\"Suchen Sie einen dekorativen Glasvogel? Dieses wundersch\u00f6ne Glasobjekt mit wundersch\u00f6nen Farben wird Ihnen bestimmt gefallen. Gr\u00f6\u00dfe nicht weniger als 30 cm.\",\"breadcrumb\":{\"@id\":\"https:\/\/dev.eliassen.nl\/de\/vogel-mowe-sitzend-glas-xxl-30cm-perlmuttfarben\/#breadcrumb\"},\"inLanguage\":\"de\",\"potentialAction\":[{\"@type\":\"ReadAction\",\"target\":[\"https:\/\/dev.eliassen.nl\/de\/vogel-mowe-sitzend-glas-xxl-30cm-perlmuttfarben\/\"]}]},{\"@type\":\"ImageObject\",\"inLanguage\":\"de\",\"@id\":\"https:\/\/dev.eliassen.nl\/de\/vogel-mowe-sitzend-glas-xxl-30cm-perlmuttfarben\/#primaryimage\",\"url\":\"https:\/\/dev.eliassen.nl\/wp-content\/uploads\/2024\/10\/fidriovogelmeeuwzittendglasxxl30cmpearlyel.jpg\",\"contentUrl\":\"https:\/\/dev.eliassen.nl\/wp-content\/uploads\/2024\/10\/fidriovogelmeeuwzittendglasxxl30cmpearlyel.jpg\",\"width\":1536,\"height\":2048,\"caption\":\"Fidrio Vogel meeuw zittend glas XXL 30cm pearly eliassen.nl 2\"},{\"@type\":\"BreadcrumbList\",\"@id\":\"https:\/\/dev.eliassen.nl\/de\/vogel-mowe-sitzend-glas-xxl-30cm-perlmuttfarben\/#breadcrumb\",\"itemListElement\":[{\"@type\":\"ListItem\",\"position\":1,\"name\":\"Home\",\"item\":\"https:\/\/dev.eliassen.nl\/de\/\"},{\"@type\":\"ListItem\",\"position\":2,\"name\":\"Shop\",\"item\":\"https:\/\/dev.eliassen.nl\/nl\/winkel\/\"},{\"@type\":\"ListItem\",\"position\":3,\"name\":\"Glaskunst\",\"item\":\"https:\/\/dev.eliassen.nl\/de\/glaskunst\/\"},{\"@type\":\"ListItem\",\"position\":4,\"name\":\"Tierfiguren aus Glas\",\"item\":\"https:\/\/dev.eliassen.nl\/de\/glaskunst\/tierfiguren-aus-glas\/\"},{\"@type\":\"ListItem\",\"position\":5,\"name\":\"Vogel M\u00f6we sitzend Glas XXL 30cm perlmuttfarben\"}]},{\"@type\":\"WebSite\",\"@id\":\"https:\/\/dev.eliassen.nl\/de\/#website\",\"url\":\"https:\/\/dev.eliassen.nl\/de\/\",\"name\":\"Eliassen Home & Garden Pleasure\",\"description\":\"\",\"publisher\":{\"@id\":\"https:\/\/dev.eliassen.nl\/de\/#organization\"},\"alternateName\":\"Eliassen.nl\",\"potentialAction\":[{\"@type\":\"SearchAction\",\"target\":{\"@type\":\"EntryPoint\",\"urlTemplate\":\"https:\/\/dev.eliassen.nl\/de\/?s={search_term_string}\"},\"query-input\":{\"@type\":\"PropertyValueSpecification\",\"valueRequired\":true,\"valueName\":\"search_term_string\"}}],\"inLanguage\":\"de\"},{\"@type\":\"Organization\",\"@id\":\"https:\/\/dev.eliassen.nl\/de\/#organization\",\"name\":\"Eliassen Home & Garden Pleasure\",\"url\":\"https:\/\/dev.eliassen.nl\/de\/\",\"logo\":{\"@type\":\"ImageObject\",\"inLanguage\":\"de\",\"@id\":\"https:\/\/dev.eliassen.nl\/de\/#\/schema\/logo\/image\/\",\"url\":\"https:\/\/www.eliassen.nl\/wp-content\/uploads\/2024\/01\/logo_4nd.jpg\",\"contentUrl\":\"https:\/\/www.eliassen.nl\/wp-content\/uploads\/2024\/01\/logo_4nd.jpg\",\"width\":500,\"height\":500,\"caption\":\"Eliassen Home & Garden Pleasure\"},\"image\":{\"@id\":\"https:\/\/dev.eliassen.nl\/de\/#\/schema\/logo\/image\/\"},\"sameAs\":[\"https:\/\/www.facebook.com\/TuincentrumEliassenAmmerzoden\",\"https:\/\/www.instagram.com\/eliassenhomeandgarden\/\",\"https:\/\/nl.pinterest.com\/eliassenhomeandgarden\/\",\"https:\/\/www.youtube.com\/@eliassenhomegardenpleasure4558\"]}]}<\/script>\n<!-- \/ Yoast SEO plugin. -->","yoast_head_json":{"title":"Vogelm\u00f6we sitzend Glas XXL 30cm perlmutt - Eliassen.nl","description":"Suchen Sie einen dekorativen Glasvogel? Dieses wundersch\u00f6ne Glasobjekt mit wundersch\u00f6nen Farben wird Ihnen bestimmt gefallen. Gr\u00f6\u00dfe nicht weniger als 30 cm.","robots":{"index":"noindex","follow":"follow","max-snippet":"max-snippet:-1","max-image-preview":"max-image-preview:large","max-video-preview":"max-video-preview:-1"},"og_locale":"de_DE","og_type":"article","og_title":"Vogelm\u00f6we sitzend Glas XXL 30cm perlmutt - Eliassen.nl","og_description":"Suchen Sie einen dekorativen Glasvogel? Dieses wundersch\u00f6ne Glasobjekt mit wundersch\u00f6nen Farben wird Ihnen bestimmt gefallen. Gr\u00f6\u00dfe nicht weniger als 30 cm.","og_url":"https:\/\/dev.eliassen.nl\/de\/vogel-mowe-sitzend-glas-xxl-30cm-perlmuttfarben\/","og_site_name":"Eliassen.nl","article_publisher":"https:\/\/www.facebook.com\/TuincentrumEliassenAmmerzoden","article_modified_time":"2024-12-05T16:00:44+00:00","og_image":[{"width":1536,"height":2048,"url":"https:\/\/dev.eliassen.nl\/wp-content\/uploads\/2024\/10\/fidriovogelmeeuwzittendglasxxl30cmpearlyel.jpg","type":"image\/jpeg"}],"twitter_card":"summary_large_image","schema":{"@context":"https:\/\/schema.org","@graph":[{"@type":"WebPage","@id":"https:\/\/dev.eliassen.nl\/de\/vogel-mowe-sitzend-glas-xxl-30cm-perlmuttfarben\/","url":"https:\/\/dev.eliassen.nl\/de\/vogel-mowe-sitzend-glas-xxl-30cm-perlmuttfarben\/","name":"Vogelm\u00f6we sitzend Glas XXL 30cm perlmutt - Eliassen.nl","isPartOf":{"@id":"https:\/\/dev.eliassen.nl\/de\/#website"},"primaryImageOfPage":{"@id":"https:\/\/dev.eliassen.nl\/de\/vogel-mowe-sitzend-glas-xxl-30cm-perlmuttfarben\/#primaryimage"},"image":{"@id":"https:\/\/dev.eliassen.nl\/de\/vogel-mowe-sitzend-glas-xxl-30cm-perlmuttfarben\/#primaryimage"},"thumbnailUrl":"https:\/\/dev.eliassen.nl\/wp-content\/uploads\/2024\/10\/fidriovogelmeeuwzittendglasxxl30cmpearlyel.jpg","datePublished":"2024-02-10T09:23:12+00:00","dateModified":"2024-12-05T16:00:44+00:00","description":"Suchen Sie einen dekorativen Glasvogel? Dieses wundersch\u00f6ne Glasobjekt mit wundersch\u00f6nen Farben wird Ihnen bestimmt gefallen. Gr\u00f6\u00dfe nicht weniger als 30 cm.","breadcrumb":{"@id":"https:\/\/dev.eliassen.nl\/de\/vogel-mowe-sitzend-glas-xxl-30cm-perlmuttfarben\/#breadcrumb"},"inLanguage":"de","potentialAction":[{"@type":"ReadAction","target":["https:\/\/dev.eliassen.nl\/de\/vogel-mowe-sitzend-glas-xxl-30cm-perlmuttfarben\/"]}]},{"@type":"ImageObject","inLanguage":"de","@id":"https:\/\/dev.eliassen.nl\/de\/vogel-mowe-sitzend-glas-xxl-30cm-perlmuttfarben\/#primaryimage","url":"https:\/\/dev.eliassen.nl\/wp-content\/uploads\/2024\/10\/fidriovogelmeeuwzittendglasxxl30cmpearlyel.jpg","contentUrl":"https:\/\/dev.eliassen.nl\/wp-content\/uploads\/2024\/10\/fidriovogelmeeuwzittendglasxxl30cmpearlyel.jpg","width":1536,"height":2048,"caption":"Fidrio Vogel meeuw zittend glas XXL 30cm pearly eliassen.nl 2"},{"@type":"BreadcrumbList","@id":"https:\/\/dev.eliassen.nl\/de\/vogel-mowe-sitzend-glas-xxl-30cm-perlmuttfarben\/#breadcrumb","itemListElement":[{"@type":"ListItem","position":1,"name":"Home","item":"https:\/\/dev.eliassen.nl\/de\/"},{"@type":"ListItem","position":2,"name":"Shop","item":"https:\/\/dev.eliassen.nl\/nl\/winkel\/"},{"@type":"ListItem","position":3,"name":"Glaskunst","item":"https:\/\/dev.eliassen.nl\/de\/glaskunst\/"},{"@type":"ListItem","position":4,"name":"Tierfiguren aus Glas","item":"https:\/\/dev.eliassen.nl\/de\/glaskunst\/tierfiguren-aus-glas\/"},{"@type":"ListItem","position":5,"name":"Vogel M\u00f6we sitzend Glas XXL 30cm perlmuttfarben"}]},{"@type":"WebSite","@id":"https:\/\/dev.eliassen.nl\/de\/#website","url":"https:\/\/dev.eliassen.nl\/de\/","name":"Eliassen Home & Garden Pleasure","description":"","publisher":{"@id":"https:\/\/dev.eliassen.nl\/de\/#organization"},"alternateName":"Eliassen.nl","potentialAction":[{"@type":"SearchAction","target":{"@type":"EntryPoint","urlTemplate":"https:\/\/dev.eliassen.nl\/de\/?s={search_term_string}"},"query-input":{"@type":"PropertyValueSpecification","valueRequired":true,"valueName":"search_term_string"}}],"inLanguage":"de"},{"@type":"Organization","@id":"https:\/\/dev.eliassen.nl\/de\/#organization","name":"Eliassen Home & Garden Pleasure","url":"https:\/\/dev.eliassen.nl\/de\/","logo":{"@type":"ImageObject","inLanguage":"de","@id":"https:\/\/dev.eliassen.nl\/de\/#\/schema\/logo\/image\/","url":"https:\/\/www.eliassen.nl\/wp-content\/uploads\/2024\/01\/logo_4nd.jpg","contentUrl":"https:\/\/www.eliassen.nl\/wp-content\/uploads\/2024\/01\/logo_4nd.jpg","width":500,"height":500,"caption":"Eliassen Home & Garden Pleasure"},"image":{"@id":"https:\/\/dev.eliassen.nl\/de\/#\/schema\/logo\/image\/"},"sameAs":["https:\/\/www.facebook.com\/TuincentrumEliassenAmmerzoden","https:\/\/www.instagram.com\/eliassenhomeandgarden\/","https:\/\/nl.pinterest.com\/eliassenhomeandgarden\/","https:\/\/www.youtube.com\/@eliassenhomegardenpleasure4558"]}]}},"df_price":76.5,"df_sale_price":"","df_regular_price":76.5,"df_image_link":"https:\/\/dev.eliassen.nl\/wp-content\/uploads\/2024\/10\/fidriovogelmeeuwzittendglasxxl30cmpearlyel.jpg","image":"https:\/\/dev.eliassen.nl\/wp-content\/uploads\/2024\/10\/fidriovogelmeeuwzittendglasxxl30cmpearlyel.jpg","price_search":"<span class=\"woocommerce-Price-amount amount\"><bdi><span class=\"woocommerce-Price-currencySymbol\">&euro;<\/span>&nbsp;76,50<\/bdi><\/span>","category":"Glaskunst","_links":{"self":[{"href":"https:\/\/dev.eliassen.nl\/de\/wp-json\/wp\/v2\/product\/149348","targetHints":{"allow":["GET"]}}],"collection":[{"href":"https:\/\/dev.eliassen.nl\/de\/wp-json\/wp\/v2\/product"}],"about":[{"href":"https:\/\/dev.eliassen.nl\/de\/wp-json\/wp\/v2\/types\/product"}],"wp:featuredmedia":[{"embeddable":true,"href":"https:\/\/dev.eliassen.nl\/de\/wp-json\/wp\/v2\/media\/149327"}],"wp:attachment":[{"href":"https:\/\/dev.eliassen.nl\/de\/wp-json\/wp\/v2\/media?parent=149348"}],"wp:term":[{"taxonomy":"product_brand","embeddable":true,"href":"https:\/\/dev.eliassen.nl\/de\/wp-json\/wp\/v2\/product_brand?post=149348"},{"taxonomy":"product_cat","embeddable":true,"href":"https:\/\/dev.eliassen.nl\/de\/wp-json\/wp\/v2\/product_cat?post=149348"},{"taxonomy":"product_tag","embeddable":true,"href":"https:\/\/dev.eliassen.nl\/de\/wp-json\/wp\/v2\/product_tag?post=149348"}],"curies":[{"name":"wp","href":"https:\/\/api.w.org\/{rel}","templated":true}]}}