{"id":149426,"date":"2024-02-12T11:01:08","date_gmt":"2024-02-12T10:01:08","guid":{"rendered":"https:\/\/www.eliassen.nl\/?product=vaas-schaal-glas-zwaar-ovaal-pistas-37cm"},"modified":"2024-12-05T17:00:47","modified_gmt":"2024-12-05T16:00:47","slug":"vaseschale-aus-glas-schweres-oval-pistas-37-cm","status":"publish","type":"product","link":"https:\/\/dev.eliassen.nl\/de\/vaseschale-aus-glas-schweres-oval-pistas-37-cm\/","title":{"rendered":"Vase\/Schale aus Glas, schweres Oval, Pistas, 37 cm"},"content":{"rendered":"<p class=\"x_MsoListParagraph\">Diese wundersch\u00f6ne ovale, superklare und schwere Sch\u00fcssel der Top-Marke Fidrio wird mit Sicherheit ein wertvolles Dekorationsst\u00fcck in Ihrem Interieur sein. Das superklare und dicke Glas in Kombination mit den sch\u00f6nen Farben macht dieses Glasobjekt zu einer Augenweide. Auf einem Sideboard, auf einer Fensterbank, in der N\u00e4he des Fernsehers und an 1000 anderen Orten wird dieses Kunstwerk ein Blickfang sein, aber an einem hellen Ort k\u00f6nnen Sie die sch\u00f6ne Klarheit des Glases besser genie\u00dfen.<\/p>\n<p class=\"x_MsoListParagraph\">Alle Fidrio-Glasvasen werden auf traditionelle, handwerkliche Weise manuell hergestellt. Das dicke, bearbeitbare, superhei\u00dfe Glas wird von Glasbl\u00e4sern durch komplizierte Bewegungen in die richtige Form gebracht. Da es sich um Handarbeit handelt, sind die Farbt\u00f6ne und damit das Erscheinungsbild bei jedem Exemplar unterschiedlich. Bei den angegebenen Gr\u00f6\u00dfen handelt es sich stets um ca.-Ma\u00dfe.<\/p>\n<ul>\n<li class=\"x_MsoListParagraph\">Gr\u00f6\u00dfe: 12x37cm.<\/li>\n<li class=\"x_MsoListParagraph\">Farbe: Warme Bernstein-\/Gr\u00fcnt\u00f6ne.<\/li>\n<li class=\"x_MsoListParagraph\">Material: mundgeblasenes, superklares, dickes europ\u00e4isches Glas.<\/li>\n<li class=\"x_MsoListParagraph\">1 Jahr Garantie.<\/li>\n<li class=\"x_MsoListParagraph\">Niemals mit hei\u00dfem Wasser reinigen.<\/li>\n<li class=\"x_MsoListParagraph\">Wird umweltfreundlich verpackt.<\/li>\n<li class=\"x_MsoListParagraph\">Das Foto dient nur als Beispiel.<\/li>\n<li class=\"x_MsoListParagraph\">F\u00fcr diesen Artikel gilt: KOSTENLOSER VERSAND INNERHALB DER NIEDERLANDE, die R\u00fccksendung des Produkts erfolgt auf eigene Gefahr und Kosten.<\/li>\n<\/ul>\n","protected":false},"excerpt":{"rendered":"<p>Extra schweres und gro\u00dfformatiges Modell. Abmessungen 12x37cm.<\/p>\n","protected":false},"featured_media":149405,"template":"","meta":{"_acf_changed":false},"product_brand":[6950],"product_cat":[812,800,7060],"product_tag":[],"class_list":{"0":"post-149426","1":"product","2":"type-product","3":"status-publish","4":"has-post-thumbnail","6":"product_brand-fidrio-de","7":"product_cat-farbige-glasvasen","8":"product_cat-glaskunst","9":"product_cat-fidrio-glaskollektion","11":"first","12":"instock","13":"taxable","14":"shipping-taxable","15":"purchasable","16":"product-type-simple"},"acf":[],"yoast_head":"<!-- This site is optimized with the Yoast SEO plugin v23.8 - https:\/\/yoast.com\/wordpress\/plugins\/seo\/ -->\n<title>Vase\/Schale Glas schwere ovale Pistas 37cm - Eliassen.nl<\/title>\n<meta name=\"description\" content=\"Suchen Sie eine ovale Glasschale? Sehen Sie sich unsere Glaskollektion online in unserem Webshop an oder besuchen Sie uns! Glasschale aus Glas in wundersch\u00f6n...\" \/>\n<meta name=\"robots\" content=\"noindex, follow, max-snippet:-1, max-image-preview:large, max-video-preview:-1\" \/>\n<meta property=\"og:locale\" content=\"de_DE\" \/>\n<meta property=\"og:type\" content=\"article\" \/>\n<meta property=\"og:title\" content=\"Vase\/Schale Glas schwere ovale Pistas 37cm - Eliassen.nl\" \/>\n<meta property=\"og:description\" content=\"Suchen Sie eine ovale Glasschale? Sehen Sie sich unsere Glaskollektion online in unserem Webshop an oder besuchen Sie uns! Glasschale aus Glas in wundersch\u00f6n...\" \/>\n<meta property=\"og:url\" content=\"https:\/\/dev.eliassen.nl\/de\/vaseschale-aus-glas-schweres-oval-pistas-37-cm\/\" \/>\n<meta property=\"og:site_name\" content=\"Eliassen.nl\" \/>\n<meta property=\"article:publisher\" content=\"https:\/\/www.facebook.com\/TuincentrumEliassenAmmerzoden\" \/>\n<meta property=\"article:modified_time\" content=\"2024-12-05T16:00:47+00:00\" \/>\n<meta property=\"og:image\" content=\"https:\/\/dev.eliassen.nl\/wp-content\/uploads\/2024\/10\/vaasschaalglaszwaarovaalpistas37cmeliassenn.jpg\" \/>\n\t<meta property=\"og:image:width\" content=\"2047\" \/>\n\t<meta property=\"og:image:height\" content=\"1128\" \/>\n\t<meta property=\"og:image:type\" content=\"image\/jpeg\" \/>\n<meta name=\"twitter:card\" content=\"summary_large_image\" \/>\n<script type=\"application\/ld+json\" class=\"yoast-schema-graph\">{\"@context\":\"https:\/\/schema.org\",\"@graph\":[{\"@type\":\"WebPage\",\"@id\":\"https:\/\/dev.eliassen.nl\/de\/vaseschale-aus-glas-schweres-oval-pistas-37-cm\/\",\"url\":\"https:\/\/dev.eliassen.nl\/de\/vaseschale-aus-glas-schweres-oval-pistas-37-cm\/\",\"name\":\"Vase\/Schale Glas schwere ovale Pistas 37cm - Eliassen.nl\",\"isPartOf\":{\"@id\":\"https:\/\/dev.eliassen.nl\/de\/#website\"},\"primaryImageOfPage\":{\"@id\":\"https:\/\/dev.eliassen.nl\/de\/vaseschale-aus-glas-schweres-oval-pistas-37-cm\/#primaryimage\"},\"image\":{\"@id\":\"https:\/\/dev.eliassen.nl\/de\/vaseschale-aus-glas-schweres-oval-pistas-37-cm\/#primaryimage\"},\"thumbnailUrl\":\"https:\/\/dev.eliassen.nl\/wp-content\/uploads\/2024\/10\/vaasschaalglaszwaarovaalpistas37cmeliassenn.jpg\",\"datePublished\":\"2024-02-12T10:01:08+00:00\",\"dateModified\":\"2024-12-05T16:00:47+00:00\",\"description\":\"Suchen Sie eine ovale Glasschale? Sehen Sie sich unsere Glaskollektion online in unserem Webshop an oder besuchen Sie uns! Glasschale aus Glas in wundersch\u00f6n...\",\"breadcrumb\":{\"@id\":\"https:\/\/dev.eliassen.nl\/de\/vaseschale-aus-glas-schweres-oval-pistas-37-cm\/#breadcrumb\"},\"inLanguage\":\"de\",\"potentialAction\":[{\"@type\":\"ReadAction\",\"target\":[\"https:\/\/dev.eliassen.nl\/de\/vaseschale-aus-glas-schweres-oval-pistas-37-cm\/\"]}]},{\"@type\":\"ImageObject\",\"inLanguage\":\"de\",\"@id\":\"https:\/\/dev.eliassen.nl\/de\/vaseschale-aus-glas-schweres-oval-pistas-37-cm\/#primaryimage\",\"url\":\"https:\/\/dev.eliassen.nl\/wp-content\/uploads\/2024\/10\/vaasschaalglaszwaarovaalpistas37cmeliassenn.jpg\",\"contentUrl\":\"https:\/\/dev.eliassen.nl\/wp-content\/uploads\/2024\/10\/vaasschaalglaszwaarovaalpistas37cmeliassenn.jpg\",\"width\":2047,\"height\":1128,\"caption\":\"Vaas schaal glas zwaar ovaal pistas 37cm eliassen.nl 1\"},{\"@type\":\"BreadcrumbList\",\"@id\":\"https:\/\/dev.eliassen.nl\/de\/vaseschale-aus-glas-schweres-oval-pistas-37-cm\/#breadcrumb\",\"itemListElement\":[{\"@type\":\"ListItem\",\"position\":1,\"name\":\"Home\",\"item\":\"https:\/\/dev.eliassen.nl\/de\/\"},{\"@type\":\"ListItem\",\"position\":2,\"name\":\"Shop\",\"item\":\"https:\/\/dev.eliassen.nl\/nl\/winkel\/\"},{\"@type\":\"ListItem\",\"position\":3,\"name\":\"Glaskunst\",\"item\":\"https:\/\/dev.eliassen.nl\/de\/glaskunst\/\"},{\"@type\":\"ListItem\",\"position\":4,\"name\":\"Farbige Glasvasen\",\"item\":\"https:\/\/dev.eliassen.nl\/de\/glaskunst\/farbige-glasvasen\/\"},{\"@type\":\"ListItem\",\"position\":5,\"name\":\"Vase\/Schale aus Glas, schweres Oval, Pistas, 37 cm\"}]},{\"@type\":\"WebSite\",\"@id\":\"https:\/\/dev.eliassen.nl\/de\/#website\",\"url\":\"https:\/\/dev.eliassen.nl\/de\/\",\"name\":\"Eliassen Home & Garden Pleasure\",\"description\":\"\",\"publisher\":{\"@id\":\"https:\/\/dev.eliassen.nl\/de\/#organization\"},\"alternateName\":\"Eliassen.nl\",\"potentialAction\":[{\"@type\":\"SearchAction\",\"target\":{\"@type\":\"EntryPoint\",\"urlTemplate\":\"https:\/\/dev.eliassen.nl\/de\/?s={search_term_string}\"},\"query-input\":{\"@type\":\"PropertyValueSpecification\",\"valueRequired\":true,\"valueName\":\"search_term_string\"}}],\"inLanguage\":\"de\"},{\"@type\":\"Organization\",\"@id\":\"https:\/\/dev.eliassen.nl\/de\/#organization\",\"name\":\"Eliassen Home & Garden Pleasure\",\"url\":\"https:\/\/dev.eliassen.nl\/de\/\",\"logo\":{\"@type\":\"ImageObject\",\"inLanguage\":\"de\",\"@id\":\"https:\/\/dev.eliassen.nl\/de\/#\/schema\/logo\/image\/\",\"url\":\"https:\/\/www.eliassen.nl\/wp-content\/uploads\/2024\/01\/logo_4nd.jpg\",\"contentUrl\":\"https:\/\/www.eliassen.nl\/wp-content\/uploads\/2024\/01\/logo_4nd.jpg\",\"width\":500,\"height\":500,\"caption\":\"Eliassen Home & Garden Pleasure\"},\"image\":{\"@id\":\"https:\/\/dev.eliassen.nl\/de\/#\/schema\/logo\/image\/\"},\"sameAs\":[\"https:\/\/www.facebook.com\/TuincentrumEliassenAmmerzoden\",\"https:\/\/www.instagram.com\/eliassenhomeandgarden\/\",\"https:\/\/nl.pinterest.com\/eliassenhomeandgarden\/\",\"https:\/\/www.youtube.com\/@eliassenhomegardenpleasure4558\"]}]}<\/script>\n<!-- \/ Yoast SEO plugin. -->","yoast_head_json":{"title":"Vase\/Schale Glas schwere ovale Pistas 37cm - Eliassen.nl","description":"Suchen Sie eine ovale Glasschale? Sehen Sie sich unsere Glaskollektion online in unserem Webshop an oder besuchen Sie uns! Glasschale aus Glas in wundersch\u00f6n...","robots":{"index":"noindex","follow":"follow","max-snippet":"max-snippet:-1","max-image-preview":"max-image-preview:large","max-video-preview":"max-video-preview:-1"},"og_locale":"de_DE","og_type":"article","og_title":"Vase\/Schale Glas schwere ovale Pistas 37cm - Eliassen.nl","og_description":"Suchen Sie eine ovale Glasschale? Sehen Sie sich unsere Glaskollektion online in unserem Webshop an oder besuchen Sie uns! Glasschale aus Glas in wundersch\u00f6n...","og_url":"https:\/\/dev.eliassen.nl\/de\/vaseschale-aus-glas-schweres-oval-pistas-37-cm\/","og_site_name":"Eliassen.nl","article_publisher":"https:\/\/www.facebook.com\/TuincentrumEliassenAmmerzoden","article_modified_time":"2024-12-05T16:00:47+00:00","og_image":[{"width":2047,"height":1128,"url":"https:\/\/dev.eliassen.nl\/wp-content\/uploads\/2024\/10\/vaasschaalglaszwaarovaalpistas37cmeliassenn.jpg","type":"image\/jpeg"}],"twitter_card":"summary_large_image","schema":{"@context":"https:\/\/schema.org","@graph":[{"@type":"WebPage","@id":"https:\/\/dev.eliassen.nl\/de\/vaseschale-aus-glas-schweres-oval-pistas-37-cm\/","url":"https:\/\/dev.eliassen.nl\/de\/vaseschale-aus-glas-schweres-oval-pistas-37-cm\/","name":"Vase\/Schale Glas schwere ovale Pistas 37cm - Eliassen.nl","isPartOf":{"@id":"https:\/\/dev.eliassen.nl\/de\/#website"},"primaryImageOfPage":{"@id":"https:\/\/dev.eliassen.nl\/de\/vaseschale-aus-glas-schweres-oval-pistas-37-cm\/#primaryimage"},"image":{"@id":"https:\/\/dev.eliassen.nl\/de\/vaseschale-aus-glas-schweres-oval-pistas-37-cm\/#primaryimage"},"thumbnailUrl":"https:\/\/dev.eliassen.nl\/wp-content\/uploads\/2024\/10\/vaasschaalglaszwaarovaalpistas37cmeliassenn.jpg","datePublished":"2024-02-12T10:01:08+00:00","dateModified":"2024-12-05T16:00:47+00:00","description":"Suchen Sie eine ovale Glasschale? Sehen Sie sich unsere Glaskollektion online in unserem Webshop an oder besuchen Sie uns! Glasschale aus Glas in wundersch\u00f6n...","breadcrumb":{"@id":"https:\/\/dev.eliassen.nl\/de\/vaseschale-aus-glas-schweres-oval-pistas-37-cm\/#breadcrumb"},"inLanguage":"de","potentialAction":[{"@type":"ReadAction","target":["https:\/\/dev.eliassen.nl\/de\/vaseschale-aus-glas-schweres-oval-pistas-37-cm\/"]}]},{"@type":"ImageObject","inLanguage":"de","@id":"https:\/\/dev.eliassen.nl\/de\/vaseschale-aus-glas-schweres-oval-pistas-37-cm\/#primaryimage","url":"https:\/\/dev.eliassen.nl\/wp-content\/uploads\/2024\/10\/vaasschaalglaszwaarovaalpistas37cmeliassenn.jpg","contentUrl":"https:\/\/dev.eliassen.nl\/wp-content\/uploads\/2024\/10\/vaasschaalglaszwaarovaalpistas37cmeliassenn.jpg","width":2047,"height":1128,"caption":"Vaas schaal glas zwaar ovaal pistas 37cm eliassen.nl 1"},{"@type":"BreadcrumbList","@id":"https:\/\/dev.eliassen.nl\/de\/vaseschale-aus-glas-schweres-oval-pistas-37-cm\/#breadcrumb","itemListElement":[{"@type":"ListItem","position":1,"name":"Home","item":"https:\/\/dev.eliassen.nl\/de\/"},{"@type":"ListItem","position":2,"name":"Shop","item":"https:\/\/dev.eliassen.nl\/nl\/winkel\/"},{"@type":"ListItem","position":3,"name":"Glaskunst","item":"https:\/\/dev.eliassen.nl\/de\/glaskunst\/"},{"@type":"ListItem","position":4,"name":"Farbige Glasvasen","item":"https:\/\/dev.eliassen.nl\/de\/glaskunst\/farbige-glasvasen\/"},{"@type":"ListItem","position":5,"name":"Vase\/Schale aus Glas, schweres Oval, Pistas, 37 cm"}]},{"@type":"WebSite","@id":"https:\/\/dev.eliassen.nl\/de\/#website","url":"https:\/\/dev.eliassen.nl\/de\/","name":"Eliassen Home & Garden Pleasure","description":"","publisher":{"@id":"https:\/\/dev.eliassen.nl\/de\/#organization"},"alternateName":"Eliassen.nl","potentialAction":[{"@type":"SearchAction","target":{"@type":"EntryPoint","urlTemplate":"https:\/\/dev.eliassen.nl\/de\/?s={search_term_string}"},"query-input":{"@type":"PropertyValueSpecification","valueRequired":true,"valueName":"search_term_string"}}],"inLanguage":"de"},{"@type":"Organization","@id":"https:\/\/dev.eliassen.nl\/de\/#organization","name":"Eliassen Home & Garden Pleasure","url":"https:\/\/dev.eliassen.nl\/de\/","logo":{"@type":"ImageObject","inLanguage":"de","@id":"https:\/\/dev.eliassen.nl\/de\/#\/schema\/logo\/image\/","url":"https:\/\/www.eliassen.nl\/wp-content\/uploads\/2024\/01\/logo_4nd.jpg","contentUrl":"https:\/\/www.eliassen.nl\/wp-content\/uploads\/2024\/01\/logo_4nd.jpg","width":500,"height":500,"caption":"Eliassen Home & Garden Pleasure"},"image":{"@id":"https:\/\/dev.eliassen.nl\/de\/#\/schema\/logo\/image\/"},"sameAs":["https:\/\/www.facebook.com\/TuincentrumEliassenAmmerzoden","https:\/\/www.instagram.com\/eliassenhomeandgarden\/","https:\/\/nl.pinterest.com\/eliassenhomeandgarden\/","https:\/\/www.youtube.com\/@eliassenhomegardenpleasure4558"]}]}},"df_price":131.5,"df_sale_price":"","df_regular_price":131.5,"df_image_link":"https:\/\/dev.eliassen.nl\/wp-content\/uploads\/2024\/10\/vaasschaalglaszwaarovaalpistas37cmeliassenn.jpg","image":"https:\/\/dev.eliassen.nl\/wp-content\/uploads\/2024\/10\/vaasschaalglaszwaarovaalpistas37cmeliassenn.jpg","price_search":"<span class=\"woocommerce-Price-amount amount\"><bdi><span class=\"woocommerce-Price-currencySymbol\">&euro;<\/span>&nbsp;131,50<\/bdi><\/span>","category":"Farbige Glasvasen","_links":{"self":[{"href":"https:\/\/dev.eliassen.nl\/de\/wp-json\/wp\/v2\/product\/149426","targetHints":{"allow":["GET"]}}],"collection":[{"href":"https:\/\/dev.eliassen.nl\/de\/wp-json\/wp\/v2\/product"}],"about":[{"href":"https:\/\/dev.eliassen.nl\/de\/wp-json\/wp\/v2\/types\/product"}],"wp:featuredmedia":[{"embeddable":true,"href":"https:\/\/dev.eliassen.nl\/de\/wp-json\/wp\/v2\/media\/149405"}],"wp:attachment":[{"href":"https:\/\/dev.eliassen.nl\/de\/wp-json\/wp\/v2\/media?parent=149426"}],"wp:term":[{"taxonomy":"product_brand","embeddable":true,"href":"https:\/\/dev.eliassen.nl\/de\/wp-json\/wp\/v2\/product_brand?post=149426"},{"taxonomy":"product_cat","embeddable":true,"href":"https:\/\/dev.eliassen.nl\/de\/wp-json\/wp\/v2\/product_cat?post=149426"},{"taxonomy":"product_tag","embeddable":true,"href":"https:\/\/dev.eliassen.nl\/de\/wp-json\/wp\/v2\/product_tag?post=149426"}],"curies":[{"name":"wp","href":"https:\/\/api.w.org\/{rel}","templated":true}]}}