{"id":14959,"date":"2019-10-28T18:10:19","date_gmt":"2019-10-28T17:10:19","guid":{"rendered":"https:\/\/www.eliassen.nl\/?product=bronze-kinder-auf-einer-leiter"},"modified":"2024-12-05T15:22:21","modified_gmt":"2024-12-05T14:22:21","slug":"bronzekinder-auf-einer-leiter","status":"publish","type":"product","link":"https:\/\/dev.eliassen.nl\/de\/bronzekinder-auf-einer-leiter\/","title":{"rendered":"Bronzekinder auf einer Leiter"},"content":{"rendered":"<p>Wundersch\u00f6ne Statue von zwei Kindern auf einer Leiter mit einer Katze aus 100 % hochwertiger Bronze mit einem Kupfergehalt von mindestens 75 %, was eine sehr lange Lebensdauer und keine unsch\u00f6nen Flecken garantiert. Ein sch\u00f6nes und langlebiges Dekorationsobjekt f\u00fcr Haus, Gesch\u00e4ft oder Garten, aber auch ein wunderbares Geschenk. Suchen Sie eine Bronzestatue f\u00fcr ein Jubil\u00e4um? Auch Textplatten f\u00fcr den Sockel k\u00f6nnen wir Ihnen zur Verf\u00fcgung stellen.<\/p>\n<ul>\n<li>Gr\u00f6\u00dfe: 208 x 65 x 75 cm.<\/li>\n<li>Kommt mit Zertifikat.<\/li>\n<li>Schnell geliefert.<\/li>\n<li>30 Jahre Garantie.<\/li>\n<li><strong>Bei uns finden Sie die gr\u00f6\u00dfte Sammlung von Bronzestatuen, die live besichtigt werden kann.<\/strong><\/li>\n<\/ul>\n","protected":false},"excerpt":{"rendered":"<p>Wundersch\u00f6ne Statue von zwei Kindern auf einer Leiter mit einer Katze aus 100 % hochwertiger Bronze mit einem Kupfergehalt von mindestens 75 %, was eine sehr lange Lebensdauer und keine unsch\u00f6nen Flecken garantiert. Ein sch\u00f6nes und langlebiges Dekorationsobjekt f\u00fcr Haus, Gesch\u00e4ft oder Garten, aber auch ein wunderbares Geschenk. Suchen Sie eine Bronzestatue f\u00fcr ein Jubil\u00e4um? &hellip;<\/p>\n","protected":false},"featured_media":14956,"template":"","meta":{"_acf_changed":false},"product_brand":[6916],"product_cat":[626,613,1364,7239],"product_tag":[],"class_list":{"0":"post-14959","1":"product","2":"type-product","3":"status-publish","4":"has-post-thumbnail","6":"product_brand-eliassen-de","7":"product_cat-bronzestatue-von-kindern","8":"product_cat-bronzestatuen","9":"product_cat-figuren-liebe","10":"product_cat-statuen-skulpturen","12":"first","13":"onbackorder","14":"taxable","15":"shipping-taxable","16":"purchasable","17":"product-type-simple"},"acf":[],"yoast_head":"<!-- This site is optimized with the Yoast SEO plugin v23.8 - https:\/\/yoast.com\/wordpress\/plugins\/seo\/ -->\n<title>Bronzekinder auf einer Leiter | Eliassen<\/title>\n<meta name=\"description\" content=\"Bei Eliassen k\u00f6nnen Sie Bronzekinder auf einer Leiter online kaufen oder live im Showroom ansehen. Direkt online bestellen.\" \/>\n<meta name=\"robots\" content=\"noindex, follow, max-snippet:-1, max-image-preview:large, max-video-preview:-1\" \/>\n<meta property=\"og:locale\" content=\"de_DE\" \/>\n<meta property=\"og:type\" content=\"article\" \/>\n<meta property=\"og:title\" content=\"Bronzekinder auf einer Leiter | Eliassen\" \/>\n<meta property=\"og:description\" content=\"Bei Eliassen k\u00f6nnen Sie Bronzekinder auf einer Leiter online kaufen oder live im Showroom ansehen. Direkt online bestellen.\" \/>\n<meta property=\"og:url\" content=\"https:\/\/dev.eliassen.nl\/de\/bronzekinder-auf-einer-leiter\/\" \/>\n<meta property=\"og:site_name\" content=\"Eliassen.nl\" \/>\n<meta property=\"article:publisher\" content=\"https:\/\/www.facebook.com\/TuincentrumEliassenAmmerzoden\" \/>\n<meta property=\"article:modified_time\" content=\"2024-12-05T14:22:21+00:00\" \/>\n<meta property=\"og:image\" content=\"https:\/\/dev.eliassen.nl\/wp-content\/uploads\/2024\/01\/1289.jpg\" \/>\n\t<meta property=\"og:image:width\" content=\"1000\" \/>\n\t<meta property=\"og:image:height\" content=\"750\" \/>\n\t<meta property=\"og:image:type\" content=\"image\/jpeg\" \/>\n<meta name=\"twitter:card\" content=\"summary_large_image\" \/>\n<script type=\"application\/ld+json\" class=\"yoast-schema-graph\">{\"@context\":\"https:\/\/schema.org\",\"@graph\":[{\"@type\":\"WebPage\",\"@id\":\"https:\/\/dev.eliassen.nl\/de\/bronzekinder-auf-einer-leiter\/\",\"url\":\"https:\/\/dev.eliassen.nl\/de\/bronzekinder-auf-einer-leiter\/\",\"name\":\"Bronzekinder auf einer Leiter | Eliassen\",\"isPartOf\":{\"@id\":\"https:\/\/dev.eliassen.nl\/de\/#website\"},\"primaryImageOfPage\":{\"@id\":\"https:\/\/dev.eliassen.nl\/de\/bronzekinder-auf-einer-leiter\/#primaryimage\"},\"image\":{\"@id\":\"https:\/\/dev.eliassen.nl\/de\/bronzekinder-auf-einer-leiter\/#primaryimage\"},\"thumbnailUrl\":\"https:\/\/dev.eliassen.nl\/wp-content\/uploads\/2024\/01\/1289.jpg\",\"datePublished\":\"2019-10-28T17:10:19+00:00\",\"dateModified\":\"2024-12-05T14:22:21+00:00\",\"description\":\"Bei Eliassen k\u00f6nnen Sie Bronzekinder auf einer Leiter online kaufen oder live im Showroom ansehen. Direkt online bestellen.\",\"breadcrumb\":{\"@id\":\"https:\/\/dev.eliassen.nl\/de\/bronzekinder-auf-einer-leiter\/#breadcrumb\"},\"inLanguage\":\"de\",\"potentialAction\":[{\"@type\":\"ReadAction\",\"target\":[\"https:\/\/dev.eliassen.nl\/de\/bronzekinder-auf-einer-leiter\/\"]}]},{\"@type\":\"ImageObject\",\"inLanguage\":\"de\",\"@id\":\"https:\/\/dev.eliassen.nl\/de\/bronzekinder-auf-einer-leiter\/#primaryimage\",\"url\":\"https:\/\/dev.eliassen.nl\/wp-content\/uploads\/2024\/01\/1289.jpg\",\"contentUrl\":\"https:\/\/dev.eliassen.nl\/wp-content\/uploads\/2024\/01\/1289.jpg\",\"width\":1000,\"height\":750,\"caption\":\"1289\"},{\"@type\":\"BreadcrumbList\",\"@id\":\"https:\/\/dev.eliassen.nl\/de\/bronzekinder-auf-einer-leiter\/#breadcrumb\",\"itemListElement\":[{\"@type\":\"ListItem\",\"position\":1,\"name\":\"Home\",\"item\":\"https:\/\/dev.eliassen.nl\/de\/\"},{\"@type\":\"ListItem\",\"position\":2,\"name\":\"Shop\",\"item\":\"https:\/\/dev.eliassen.nl\/nl\/winkel\/\"},{\"@type\":\"ListItem\",\"position\":3,\"name\":\"Bronzestatuen\",\"item\":\"https:\/\/dev.eliassen.nl\/de\/bilder\/bronzestatuen\/\"},{\"@type\":\"ListItem\",\"position\":4,\"name\":\"Bronzestatue von Kindern\",\"item\":\"https:\/\/dev.eliassen.nl\/de\/bilder\/bronzestatuen\/bronzestatue-von-kindern\/\"},{\"@type\":\"ListItem\",\"position\":5,\"name\":\"Bronzekinder auf einer Leiter\"}]},{\"@type\":\"WebSite\",\"@id\":\"https:\/\/dev.eliassen.nl\/de\/#website\",\"url\":\"https:\/\/dev.eliassen.nl\/de\/\",\"name\":\"Eliassen Home & Garden Pleasure\",\"description\":\"\",\"publisher\":{\"@id\":\"https:\/\/dev.eliassen.nl\/de\/#organization\"},\"alternateName\":\"Eliassen.nl\",\"potentialAction\":[{\"@type\":\"SearchAction\",\"target\":{\"@type\":\"EntryPoint\",\"urlTemplate\":\"https:\/\/dev.eliassen.nl\/de\/?s={search_term_string}\"},\"query-input\":{\"@type\":\"PropertyValueSpecification\",\"valueRequired\":true,\"valueName\":\"search_term_string\"}}],\"inLanguage\":\"de\"},{\"@type\":\"Organization\",\"@id\":\"https:\/\/dev.eliassen.nl\/de\/#organization\",\"name\":\"Eliassen Home & Garden Pleasure\",\"url\":\"https:\/\/dev.eliassen.nl\/de\/\",\"logo\":{\"@type\":\"ImageObject\",\"inLanguage\":\"de\",\"@id\":\"https:\/\/dev.eliassen.nl\/de\/#\/schema\/logo\/image\/\",\"url\":\"https:\/\/www.eliassen.nl\/wp-content\/uploads\/2024\/01\/logo_4nd.jpg\",\"contentUrl\":\"https:\/\/www.eliassen.nl\/wp-content\/uploads\/2024\/01\/logo_4nd.jpg\",\"width\":500,\"height\":500,\"caption\":\"Eliassen Home & Garden Pleasure\"},\"image\":{\"@id\":\"https:\/\/dev.eliassen.nl\/de\/#\/schema\/logo\/image\/\"},\"sameAs\":[\"https:\/\/www.facebook.com\/TuincentrumEliassenAmmerzoden\",\"https:\/\/www.instagram.com\/eliassenhomeandgarden\/\",\"https:\/\/nl.pinterest.com\/eliassenhomeandgarden\/\",\"https:\/\/www.youtube.com\/@eliassenhomegardenpleasure4558\"]}]}<\/script>\n<!-- \/ Yoast SEO plugin. -->","yoast_head_json":{"title":"Bronzekinder auf einer Leiter | Eliassen","description":"Bei Eliassen k\u00f6nnen Sie Bronzekinder auf einer Leiter online kaufen oder live im Showroom ansehen. Direkt online bestellen.","robots":{"index":"noindex","follow":"follow","max-snippet":"max-snippet:-1","max-image-preview":"max-image-preview:large","max-video-preview":"max-video-preview:-1"},"og_locale":"de_DE","og_type":"article","og_title":"Bronzekinder auf einer Leiter | Eliassen","og_description":"Bei Eliassen k\u00f6nnen Sie Bronzekinder auf einer Leiter online kaufen oder live im Showroom ansehen. Direkt online bestellen.","og_url":"https:\/\/dev.eliassen.nl\/de\/bronzekinder-auf-einer-leiter\/","og_site_name":"Eliassen.nl","article_publisher":"https:\/\/www.facebook.com\/TuincentrumEliassenAmmerzoden","article_modified_time":"2024-12-05T14:22:21+00:00","og_image":[{"width":1000,"height":750,"url":"https:\/\/dev.eliassen.nl\/wp-content\/uploads\/2024\/01\/1289.jpg","type":"image\/jpeg"}],"twitter_card":"summary_large_image","schema":{"@context":"https:\/\/schema.org","@graph":[{"@type":"WebPage","@id":"https:\/\/dev.eliassen.nl\/de\/bronzekinder-auf-einer-leiter\/","url":"https:\/\/dev.eliassen.nl\/de\/bronzekinder-auf-einer-leiter\/","name":"Bronzekinder auf einer Leiter | Eliassen","isPartOf":{"@id":"https:\/\/dev.eliassen.nl\/de\/#website"},"primaryImageOfPage":{"@id":"https:\/\/dev.eliassen.nl\/de\/bronzekinder-auf-einer-leiter\/#primaryimage"},"image":{"@id":"https:\/\/dev.eliassen.nl\/de\/bronzekinder-auf-einer-leiter\/#primaryimage"},"thumbnailUrl":"https:\/\/dev.eliassen.nl\/wp-content\/uploads\/2024\/01\/1289.jpg","datePublished":"2019-10-28T17:10:19+00:00","dateModified":"2024-12-05T14:22:21+00:00","description":"Bei Eliassen k\u00f6nnen Sie Bronzekinder auf einer Leiter online kaufen oder live im Showroom ansehen. Direkt online bestellen.","breadcrumb":{"@id":"https:\/\/dev.eliassen.nl\/de\/bronzekinder-auf-einer-leiter\/#breadcrumb"},"inLanguage":"de","potentialAction":[{"@type":"ReadAction","target":["https:\/\/dev.eliassen.nl\/de\/bronzekinder-auf-einer-leiter\/"]}]},{"@type":"ImageObject","inLanguage":"de","@id":"https:\/\/dev.eliassen.nl\/de\/bronzekinder-auf-einer-leiter\/#primaryimage","url":"https:\/\/dev.eliassen.nl\/wp-content\/uploads\/2024\/01\/1289.jpg","contentUrl":"https:\/\/dev.eliassen.nl\/wp-content\/uploads\/2024\/01\/1289.jpg","width":1000,"height":750,"caption":"1289"},{"@type":"BreadcrumbList","@id":"https:\/\/dev.eliassen.nl\/de\/bronzekinder-auf-einer-leiter\/#breadcrumb","itemListElement":[{"@type":"ListItem","position":1,"name":"Home","item":"https:\/\/dev.eliassen.nl\/de\/"},{"@type":"ListItem","position":2,"name":"Shop","item":"https:\/\/dev.eliassen.nl\/nl\/winkel\/"},{"@type":"ListItem","position":3,"name":"Bronzestatuen","item":"https:\/\/dev.eliassen.nl\/de\/bilder\/bronzestatuen\/"},{"@type":"ListItem","position":4,"name":"Bronzestatue von Kindern","item":"https:\/\/dev.eliassen.nl\/de\/bilder\/bronzestatuen\/bronzestatue-von-kindern\/"},{"@type":"ListItem","position":5,"name":"Bronzekinder auf einer Leiter"}]},{"@type":"WebSite","@id":"https:\/\/dev.eliassen.nl\/de\/#website","url":"https:\/\/dev.eliassen.nl\/de\/","name":"Eliassen Home & Garden Pleasure","description":"","publisher":{"@id":"https:\/\/dev.eliassen.nl\/de\/#organization"},"alternateName":"Eliassen.nl","potentialAction":[{"@type":"SearchAction","target":{"@type":"EntryPoint","urlTemplate":"https:\/\/dev.eliassen.nl\/de\/?s={search_term_string}"},"query-input":{"@type":"PropertyValueSpecification","valueRequired":true,"valueName":"search_term_string"}}],"inLanguage":"de"},{"@type":"Organization","@id":"https:\/\/dev.eliassen.nl\/de\/#organization","name":"Eliassen Home & Garden Pleasure","url":"https:\/\/dev.eliassen.nl\/de\/","logo":{"@type":"ImageObject","inLanguage":"de","@id":"https:\/\/dev.eliassen.nl\/de\/#\/schema\/logo\/image\/","url":"https:\/\/www.eliassen.nl\/wp-content\/uploads\/2024\/01\/logo_4nd.jpg","contentUrl":"https:\/\/www.eliassen.nl\/wp-content\/uploads\/2024\/01\/logo_4nd.jpg","width":500,"height":500,"caption":"Eliassen Home & Garden Pleasure"},"image":{"@id":"https:\/\/dev.eliassen.nl\/de\/#\/schema\/logo\/image\/"},"sameAs":["https:\/\/www.facebook.com\/TuincentrumEliassenAmmerzoden","https:\/\/www.instagram.com\/eliassenhomeandgarden\/","https:\/\/nl.pinterest.com\/eliassenhomeandgarden\/","https:\/\/www.youtube.com\/@eliassenhomegardenpleasure4558"]}]}},"df_price":3638,"df_sale_price":"","df_regular_price":3638,"df_image_link":"https:\/\/dev.eliassen.nl\/wp-content\/uploads\/2024\/01\/1289.jpg","image":"https:\/\/dev.eliassen.nl\/wp-content\/uploads\/2024\/01\/1289.jpg","price_search":"<span class=\"woocommerce-Price-amount amount\"><bdi><span class=\"woocommerce-Price-currencySymbol\">&euro;<\/span>&nbsp;3.638,00<\/bdi><\/span>","category":"Bronzestatue von Kindern","_links":{"self":[{"href":"https:\/\/dev.eliassen.nl\/de\/wp-json\/wp\/v2\/product\/14959","targetHints":{"allow":["GET"]}}],"collection":[{"href":"https:\/\/dev.eliassen.nl\/de\/wp-json\/wp\/v2\/product"}],"about":[{"href":"https:\/\/dev.eliassen.nl\/de\/wp-json\/wp\/v2\/types\/product"}],"wp:featuredmedia":[{"embeddable":true,"href":"https:\/\/dev.eliassen.nl\/de\/wp-json\/wp\/v2\/media\/14956"}],"wp:attachment":[{"href":"https:\/\/dev.eliassen.nl\/de\/wp-json\/wp\/v2\/media?parent=14959"}],"wp:term":[{"taxonomy":"product_brand","embeddable":true,"href":"https:\/\/dev.eliassen.nl\/de\/wp-json\/wp\/v2\/product_brand?post=14959"},{"taxonomy":"product_cat","embeddable":true,"href":"https:\/\/dev.eliassen.nl\/de\/wp-json\/wp\/v2\/product_cat?post=14959"},{"taxonomy":"product_tag","embeddable":true,"href":"https:\/\/dev.eliassen.nl\/de\/wp-json\/wp\/v2\/product_tag?post=14959"}],"curies":[{"name":"wp","href":"https:\/\/api.w.org\/{rel}","templated":true}]}}