{"id":15001,"date":"2019-10-28T18:12:30","date_gmt":"2019-10-28T17:12:30","guid":{"rendered":"https:\/\/www.eliassen.nl\/?product=abbildung-vogel-grosser-edelstahl-dorothea-1"},"modified":"2024-12-05T15:22:25","modified_gmt":"2024-12-05T14:22:25","slug":"figur-vogel-gross-edelstahl-dorothea-1","status":"publish","type":"product","link":"https:\/\/dev.eliassen.nl\/de\/figur-vogel-gross-edelstahl-dorothea-1\/","title":{"rendered":"Gro\u00dfe Vogelfigur Dorothea 1 aus Edelstahl"},"content":{"rendered":"<p>Diese exklusive Figur eines gro\u00dfen Vogels mit einem nat\u00fcrlichen Felsbrocken als K\u00f6rper macht Spa\u00df im Garten, aber auch drinnen. Robust, mit einer lebenslangen Lebensdauer unter normalen Bedingungen. Komplett aus Edelstahl gefertigt. Da es sich um Handarbeit handelt, kann es zwischen jedem Exemplar und dem Foto immer zu kleinen Abweichungen in Farbe und Form kommen, dar\u00fcber kann man sich nicht beschweren.<\/p>\n<ul>\n<li>Gr\u00f6\u00dfe 110cm.<\/li>\n<li>Edelstahl Klasse 304.<\/li>\n<li>Nahezu wartungsfrei.<\/li>\n<li>Exklusive Version.<\/li>\n<li>Schnell geliefert.<\/li>\n<li><strong>Fast die gesamte Serie ist in unserem Shop zu sehen<\/strong><\/li>\n<\/ul>\n","protected":false},"excerpt":{"rendered":"<p>Diese exklusive Figur eines gro\u00dfen Vogels mit einem nat\u00fcrlichen Felsbrocken als K\u00f6rper macht Spa\u00df im Garten, aber auch drinnen. Robust, mit einer lebenslangen Lebensdauer unter normalen Bedingungen. Komplett aus Edelstahl gefertigt. Da es sich um Handarbeit handelt, kann es zwischen jedem Exemplar und dem Foto immer zu kleinen Abweichungen in Farbe und Form kommen, dar\u00fcber &hellip;<\/p>\n","protected":false},"featured_media":14989,"template":"","meta":{"_acf_changed":false},"product_brand":[],"product_cat":[659,671],"product_tag":[],"class_list":{"0":"post-15001","1":"product","2":"type-product","3":"status-publish","4":"has-post-thumbnail","6":"product_cat-dekoration-aus-metall","7":"product_cat-voegel-aus-edelstahl","9":"first","10":"outofstock","11":"taxable","12":"shipping-taxable","13":"purchasable","14":"product-type-simple"},"acf":[],"yoast_head":"<!-- This site is optimized with the Yoast SEO plugin v23.8 - https:\/\/yoast.com\/wordpress\/plugins\/seo\/ -->\n<title>Figur Vogel gro\u00df Edelstahl Dorothea 1 | Eliassen<\/title>\n<meta name=\"description\" content=\"Bei Eliassen kaufen Sie Figur Vogel gro\u00df Edelstahl Dorothea 1 online oder sehen sie sich live im Showroom an. Wir haben die sch\u00f6nsten Metalldekorationen, Ede...\" \/>\n<meta name=\"robots\" content=\"noindex, follow, max-snippet:-1, max-image-preview:large, max-video-preview:-1\" \/>\n<meta property=\"og:locale\" content=\"de_DE\" \/>\n<meta property=\"og:type\" content=\"article\" \/>\n<meta property=\"og:title\" content=\"Figur Vogel gro\u00df Edelstahl Dorothea 1 | Eliassen\" \/>\n<meta property=\"og:description\" content=\"Bei Eliassen kaufen Sie Figur Vogel gro\u00df Edelstahl Dorothea 1 online oder sehen sie sich live im Showroom an. Wir haben die sch\u00f6nsten Metalldekorationen, Ede...\" \/>\n<meta property=\"og:url\" content=\"https:\/\/dev.eliassen.nl\/de\/figur-vogel-gross-edelstahl-dorothea-1\/\" \/>\n<meta property=\"og:site_name\" content=\"Eliassen.nl\" \/>\n<meta property=\"article:publisher\" content=\"https:\/\/www.facebook.com\/TuincentrumEliassenAmmerzoden\" \/>\n<meta property=\"article:modified_time\" content=\"2024-12-05T14:22:25+00:00\" \/>\n<meta property=\"og:image\" content=\"https:\/\/dev.eliassen.nl\/wp-content\/uploads\/2024\/01\/dorothea1png.jpg\" \/>\n\t<meta property=\"og:image:width\" content=\"723\" \/>\n\t<meta property=\"og:image:height\" content=\"1024\" \/>\n\t<meta property=\"og:image:type\" content=\"image\/jpeg\" \/>\n<meta name=\"twitter:card\" content=\"summary_large_image\" \/>\n<script type=\"application\/ld+json\" class=\"yoast-schema-graph\">{\"@context\":\"https:\/\/schema.org\",\"@graph\":[{\"@type\":\"WebPage\",\"@id\":\"https:\/\/dev.eliassen.nl\/de\/figur-vogel-gross-edelstahl-dorothea-1\/\",\"url\":\"https:\/\/dev.eliassen.nl\/de\/figur-vogel-gross-edelstahl-dorothea-1\/\",\"name\":\"Figur Vogel gro\u00df Edelstahl Dorothea 1 | Eliassen\",\"isPartOf\":{\"@id\":\"https:\/\/dev.eliassen.nl\/de\/#website\"},\"primaryImageOfPage\":{\"@id\":\"https:\/\/dev.eliassen.nl\/de\/figur-vogel-gross-edelstahl-dorothea-1\/#primaryimage\"},\"image\":{\"@id\":\"https:\/\/dev.eliassen.nl\/de\/figur-vogel-gross-edelstahl-dorothea-1\/#primaryimage\"},\"thumbnailUrl\":\"https:\/\/dev.eliassen.nl\/wp-content\/uploads\/2024\/01\/dorothea1png.jpg\",\"datePublished\":\"2019-10-28T17:12:30+00:00\",\"dateModified\":\"2024-12-05T14:22:25+00:00\",\"description\":\"Bei Eliassen kaufen Sie Figur Vogel gro\u00df Edelstahl Dorothea 1 online oder sehen sie sich live im Showroom an. Wir haben die sch\u00f6nsten Metalldekorationen, Ede...\",\"breadcrumb\":{\"@id\":\"https:\/\/dev.eliassen.nl\/de\/figur-vogel-gross-edelstahl-dorothea-1\/#breadcrumb\"},\"inLanguage\":\"de\",\"potentialAction\":[{\"@type\":\"ReadAction\",\"target\":[\"https:\/\/dev.eliassen.nl\/de\/figur-vogel-gross-edelstahl-dorothea-1\/\"]}]},{\"@type\":\"ImageObject\",\"inLanguage\":\"de\",\"@id\":\"https:\/\/dev.eliassen.nl\/de\/figur-vogel-gross-edelstahl-dorothea-1\/#primaryimage\",\"url\":\"https:\/\/dev.eliassen.nl\/wp-content\/uploads\/2024\/01\/dorothea1png.jpg\",\"contentUrl\":\"https:\/\/dev.eliassen.nl\/wp-content\/uploads\/2024\/01\/dorothea1png.jpg\",\"width\":723,\"height\":1024,\"caption\":\"dorothea-1-png\"},{\"@type\":\"BreadcrumbList\",\"@id\":\"https:\/\/dev.eliassen.nl\/de\/figur-vogel-gross-edelstahl-dorothea-1\/#breadcrumb\",\"itemListElement\":[{\"@type\":\"ListItem\",\"position\":1,\"name\":\"Home\",\"item\":\"https:\/\/dev.eliassen.nl\/de\/\"},{\"@type\":\"ListItem\",\"position\":2,\"name\":\"Shop\",\"item\":\"https:\/\/dev.eliassen.nl\/nl\/winkel\/\"},{\"@type\":\"ListItem\",\"position\":3,\"name\":\"Dekoration aus Metall\",\"item\":\"https:\/\/dev.eliassen.nl\/de\/dekoration-aus-metall\/\"},{\"@type\":\"ListItem\",\"position\":4,\"name\":\"V\u00f6gel aus Edelstahl\",\"item\":\"https:\/\/dev.eliassen.nl\/de\/dekoration-aus-metall\/voegel-aus-edelstahl\/\"},{\"@type\":\"ListItem\",\"position\":5,\"name\":\"Gro\u00dfe Vogelfigur Dorothea 1 aus Edelstahl\"}]},{\"@type\":\"WebSite\",\"@id\":\"https:\/\/dev.eliassen.nl\/de\/#website\",\"url\":\"https:\/\/dev.eliassen.nl\/de\/\",\"name\":\"Eliassen Home & Garden Pleasure\",\"description\":\"\",\"publisher\":{\"@id\":\"https:\/\/dev.eliassen.nl\/de\/#organization\"},\"alternateName\":\"Eliassen.nl\",\"potentialAction\":[{\"@type\":\"SearchAction\",\"target\":{\"@type\":\"EntryPoint\",\"urlTemplate\":\"https:\/\/dev.eliassen.nl\/de\/?s={search_term_string}\"},\"query-input\":{\"@type\":\"PropertyValueSpecification\",\"valueRequired\":true,\"valueName\":\"search_term_string\"}}],\"inLanguage\":\"de\"},{\"@type\":\"Organization\",\"@id\":\"https:\/\/dev.eliassen.nl\/de\/#organization\",\"name\":\"Eliassen Home & Garden Pleasure\",\"url\":\"https:\/\/dev.eliassen.nl\/de\/\",\"logo\":{\"@type\":\"ImageObject\",\"inLanguage\":\"de\",\"@id\":\"https:\/\/dev.eliassen.nl\/de\/#\/schema\/logo\/image\/\",\"url\":\"https:\/\/www.eliassen.nl\/wp-content\/uploads\/2024\/01\/logo_4nd.jpg\",\"contentUrl\":\"https:\/\/www.eliassen.nl\/wp-content\/uploads\/2024\/01\/logo_4nd.jpg\",\"width\":500,\"height\":500,\"caption\":\"Eliassen Home & Garden Pleasure\"},\"image\":{\"@id\":\"https:\/\/dev.eliassen.nl\/de\/#\/schema\/logo\/image\/\"},\"sameAs\":[\"https:\/\/www.facebook.com\/TuincentrumEliassenAmmerzoden\",\"https:\/\/www.instagram.com\/eliassenhomeandgarden\/\",\"https:\/\/nl.pinterest.com\/eliassenhomeandgarden\/\",\"https:\/\/www.youtube.com\/@eliassenhomegardenpleasure4558\"]}]}<\/script>\n<!-- \/ Yoast SEO plugin. -->","yoast_head_json":{"title":"Figur Vogel gro\u00df Edelstahl Dorothea 1 | Eliassen","description":"Bei Eliassen kaufen Sie Figur Vogel gro\u00df Edelstahl Dorothea 1 online oder sehen sie sich live im Showroom an. Wir haben die sch\u00f6nsten Metalldekorationen, Ede...","robots":{"index":"noindex","follow":"follow","max-snippet":"max-snippet:-1","max-image-preview":"max-image-preview:large","max-video-preview":"max-video-preview:-1"},"og_locale":"de_DE","og_type":"article","og_title":"Figur Vogel gro\u00df Edelstahl Dorothea 1 | Eliassen","og_description":"Bei Eliassen kaufen Sie Figur Vogel gro\u00df Edelstahl Dorothea 1 online oder sehen sie sich live im Showroom an. Wir haben die sch\u00f6nsten Metalldekorationen, Ede...","og_url":"https:\/\/dev.eliassen.nl\/de\/figur-vogel-gross-edelstahl-dorothea-1\/","og_site_name":"Eliassen.nl","article_publisher":"https:\/\/www.facebook.com\/TuincentrumEliassenAmmerzoden","article_modified_time":"2024-12-05T14:22:25+00:00","og_image":[{"width":723,"height":1024,"url":"https:\/\/dev.eliassen.nl\/wp-content\/uploads\/2024\/01\/dorothea1png.jpg","type":"image\/jpeg"}],"twitter_card":"summary_large_image","schema":{"@context":"https:\/\/schema.org","@graph":[{"@type":"WebPage","@id":"https:\/\/dev.eliassen.nl\/de\/figur-vogel-gross-edelstahl-dorothea-1\/","url":"https:\/\/dev.eliassen.nl\/de\/figur-vogel-gross-edelstahl-dorothea-1\/","name":"Figur Vogel gro\u00df Edelstahl Dorothea 1 | Eliassen","isPartOf":{"@id":"https:\/\/dev.eliassen.nl\/de\/#website"},"primaryImageOfPage":{"@id":"https:\/\/dev.eliassen.nl\/de\/figur-vogel-gross-edelstahl-dorothea-1\/#primaryimage"},"image":{"@id":"https:\/\/dev.eliassen.nl\/de\/figur-vogel-gross-edelstahl-dorothea-1\/#primaryimage"},"thumbnailUrl":"https:\/\/dev.eliassen.nl\/wp-content\/uploads\/2024\/01\/dorothea1png.jpg","datePublished":"2019-10-28T17:12:30+00:00","dateModified":"2024-12-05T14:22:25+00:00","description":"Bei Eliassen kaufen Sie Figur Vogel gro\u00df Edelstahl Dorothea 1 online oder sehen sie sich live im Showroom an. Wir haben die sch\u00f6nsten Metalldekorationen, Ede...","breadcrumb":{"@id":"https:\/\/dev.eliassen.nl\/de\/figur-vogel-gross-edelstahl-dorothea-1\/#breadcrumb"},"inLanguage":"de","potentialAction":[{"@type":"ReadAction","target":["https:\/\/dev.eliassen.nl\/de\/figur-vogel-gross-edelstahl-dorothea-1\/"]}]},{"@type":"ImageObject","inLanguage":"de","@id":"https:\/\/dev.eliassen.nl\/de\/figur-vogel-gross-edelstahl-dorothea-1\/#primaryimage","url":"https:\/\/dev.eliassen.nl\/wp-content\/uploads\/2024\/01\/dorothea1png.jpg","contentUrl":"https:\/\/dev.eliassen.nl\/wp-content\/uploads\/2024\/01\/dorothea1png.jpg","width":723,"height":1024,"caption":"dorothea-1-png"},{"@type":"BreadcrumbList","@id":"https:\/\/dev.eliassen.nl\/de\/figur-vogel-gross-edelstahl-dorothea-1\/#breadcrumb","itemListElement":[{"@type":"ListItem","position":1,"name":"Home","item":"https:\/\/dev.eliassen.nl\/de\/"},{"@type":"ListItem","position":2,"name":"Shop","item":"https:\/\/dev.eliassen.nl\/nl\/winkel\/"},{"@type":"ListItem","position":3,"name":"Dekoration aus Metall","item":"https:\/\/dev.eliassen.nl\/de\/dekoration-aus-metall\/"},{"@type":"ListItem","position":4,"name":"V\u00f6gel aus Edelstahl","item":"https:\/\/dev.eliassen.nl\/de\/dekoration-aus-metall\/voegel-aus-edelstahl\/"},{"@type":"ListItem","position":5,"name":"Gro\u00dfe Vogelfigur Dorothea 1 aus Edelstahl"}]},{"@type":"WebSite","@id":"https:\/\/dev.eliassen.nl\/de\/#website","url":"https:\/\/dev.eliassen.nl\/de\/","name":"Eliassen Home & Garden Pleasure","description":"","publisher":{"@id":"https:\/\/dev.eliassen.nl\/de\/#organization"},"alternateName":"Eliassen.nl","potentialAction":[{"@type":"SearchAction","target":{"@type":"EntryPoint","urlTemplate":"https:\/\/dev.eliassen.nl\/de\/?s={search_term_string}"},"query-input":{"@type":"PropertyValueSpecification","valueRequired":true,"valueName":"search_term_string"}}],"inLanguage":"de"},{"@type":"Organization","@id":"https:\/\/dev.eliassen.nl\/de\/#organization","name":"Eliassen Home & Garden Pleasure","url":"https:\/\/dev.eliassen.nl\/de\/","logo":{"@type":"ImageObject","inLanguage":"de","@id":"https:\/\/dev.eliassen.nl\/de\/#\/schema\/logo\/image\/","url":"https:\/\/www.eliassen.nl\/wp-content\/uploads\/2024\/01\/logo_4nd.jpg","contentUrl":"https:\/\/www.eliassen.nl\/wp-content\/uploads\/2024\/01\/logo_4nd.jpg","width":500,"height":500,"caption":"Eliassen Home & Garden Pleasure"},"image":{"@id":"https:\/\/dev.eliassen.nl\/de\/#\/schema\/logo\/image\/"},"sameAs":["https:\/\/www.facebook.com\/TuincentrumEliassenAmmerzoden","https:\/\/www.instagram.com\/eliassenhomeandgarden\/","https:\/\/nl.pinterest.com\/eliassenhomeandgarden\/","https:\/\/www.youtube.com\/@eliassenhomegardenpleasure4558"]}]}},"df_price":124,"df_sale_price":"","df_regular_price":124,"df_image_link":"https:\/\/dev.eliassen.nl\/wp-content\/uploads\/2024\/01\/dorothea1png.jpg","image":"https:\/\/dev.eliassen.nl\/wp-content\/uploads\/2024\/01\/dorothea1png.jpg","price_search":"<span class=\"woocommerce-Price-amount amount\"><bdi><span class=\"woocommerce-Price-currencySymbol\">&euro;<\/span>&nbsp;124,00<\/bdi><\/span>","category":"Dekoration aus Metall","_links":{"self":[{"href":"https:\/\/dev.eliassen.nl\/de\/wp-json\/wp\/v2\/product\/15001","targetHints":{"allow":["GET"]}}],"collection":[{"href":"https:\/\/dev.eliassen.nl\/de\/wp-json\/wp\/v2\/product"}],"about":[{"href":"https:\/\/dev.eliassen.nl\/de\/wp-json\/wp\/v2\/types\/product"}],"wp:featuredmedia":[{"embeddable":true,"href":"https:\/\/dev.eliassen.nl\/de\/wp-json\/wp\/v2\/media\/14989"}],"wp:attachment":[{"href":"https:\/\/dev.eliassen.nl\/de\/wp-json\/wp\/v2\/media?parent=15001"}],"wp:term":[{"taxonomy":"product_brand","embeddable":true,"href":"https:\/\/dev.eliassen.nl\/de\/wp-json\/wp\/v2\/product_brand?post=15001"},{"taxonomy":"product_cat","embeddable":true,"href":"https:\/\/dev.eliassen.nl\/de\/wp-json\/wp\/v2\/product_cat?post=15001"},{"taxonomy":"product_tag","embeddable":true,"href":"https:\/\/dev.eliassen.nl\/de\/wp-json\/wp\/v2\/product_tag?post=15001"}],"curies":[{"name":"wp","href":"https:\/\/api.w.org\/{rel}","templated":true}]}}