{"id":15016,"date":"2019-10-28T18:12:31","date_gmt":"2019-10-28T17:12:31","guid":{"rendered":"https:\/\/www.eliassen.nl\/?product=owl-rostfreiem-orelia"},"modified":"2024-12-05T15:22:29","modified_gmt":"2024-12-05T14:22:29","slug":"eule-edelstahl-orelia","status":"publish","type":"product","link":"https:\/\/dev.eliassen.nl\/de\/eule-edelstahl-orelia\/","title":{"rendered":"Eule Edelstahl Orelia"},"content":{"rendered":"<p>Sch\u00f6n im Garten, aber auch drinnen, diese exklusive Figur einer Eule mit Glasaugen, seitlich blickend, mit einem nat\u00fcrlichen Findling als K\u00f6rper. Fester Stand, unter normalen Bedingungen lebenslang Das Ganze wird nach traditionellen Methoden aus Edelstahl gefertigt. Da es sich um Handarbeit handelt, wird es bei jedem Exemplar mit dem Foto immer kleine Abweichungen geben, der Findling kann auch in Farbe und Form anders sein, das kann nicht beanstandet werden.<\/p>\n<ul>\n<li>Gr\u00f6\u00dfe 30 cm.<\/li>\n<li>Edelstahl Klasse 304.<\/li>\n<li>Nahezu wartungsfrei.<\/li>\n<li>Exklusive Version.<\/li>\n<li>Schnell geliefert.<\/li>\n<li><strong>Fast alle dieser Serien sind in unserem Gesch\u00e4ft zu sehen<\/strong><\/li>\n<\/ul>\n<p><\/p>\n","protected":false},"excerpt":{"rendered":"<p>Sch\u00f6n im Garten, aber auch drinnen, diese exklusive Figur einer Eule mit Glasaugen, seitlich blickend, mit einem nat\u00fcrlichen Findling als K\u00f6rper. Fester Stand, unter normalen Bedingungen lebenslang Das Ganze wird nach traditionellen Methoden aus Edelstahl gefertigt. Da es sich um Handarbeit handelt, wird es bei jedem Exemplar mit dem Foto immer kleine Abweichungen geben, der &hellip;<\/p>\n","protected":false},"featured_media":15004,"template":"","meta":{"_acf_changed":false},"product_brand":[],"product_cat":[659,671],"product_tag":[],"class_list":{"0":"post-15016","1":"product","2":"type-product","3":"status-publish","4":"has-post-thumbnail","6":"product_cat-dekoration-aus-metall","7":"product_cat-voegel-aus-edelstahl","9":"first","10":"instock","11":"taxable","12":"shipping-taxable","13":"purchasable","14":"product-type-simple"},"acf":[],"yoast_head":"<!-- This site is optimized with the Yoast SEO plugin v23.8 - https:\/\/yoast.com\/wordpress\/plugins\/seo\/ -->\n<title>Edelstahlskulptur Eule Orelia - Eliassen.nl<\/title>\n<meta name=\"description\" content=\"Edelstahlstatue Eule und viele andere Arten von Statuen k\u00f6nnen in unserem Webshop eingesehen werden. Umfangreiche Tierstatuen aus Edelstahl auf Lager. Besuch...\" \/>\n<meta name=\"robots\" content=\"noindex, follow, max-snippet:-1, max-image-preview:large, max-video-preview:-1\" \/>\n<meta property=\"og:locale\" content=\"de_DE\" \/>\n<meta property=\"og:type\" content=\"article\" \/>\n<meta property=\"og:title\" content=\"Edelstahlskulptur Eule Orelia - Eliassen.nl\" \/>\n<meta property=\"og:description\" content=\"Edelstahlstatue Eule und viele andere Arten von Statuen k\u00f6nnen in unserem Webshop eingesehen werden. Umfangreiche Tierstatuen aus Edelstahl auf Lager. Besuch...\" \/>\n<meta property=\"og:url\" content=\"https:\/\/dev.eliassen.nl\/de\/eule-edelstahl-orelia\/\" \/>\n<meta property=\"og:site_name\" content=\"Eliassen.nl\" \/>\n<meta property=\"article:publisher\" content=\"https:\/\/www.facebook.com\/TuincentrumEliassenAmmerzoden\" \/>\n<meta property=\"article:modified_time\" content=\"2024-12-05T14:22:29+00:00\" \/>\n<meta property=\"og:image\" content=\"https:\/\/dev.eliassen.nl\/wp-content\/uploads\/2024\/01\/euleoreliapng.jpg\" \/>\n\t<meta property=\"og:image:width\" content=\"724\" \/>\n\t<meta property=\"og:image:height\" content=\"1024\" \/>\n\t<meta property=\"og:image:type\" content=\"image\/jpeg\" \/>\n<meta name=\"twitter:card\" content=\"summary_large_image\" \/>\n<script type=\"application\/ld+json\" class=\"yoast-schema-graph\">{\"@context\":\"https:\/\/schema.org\",\"@graph\":[{\"@type\":\"WebPage\",\"@id\":\"https:\/\/dev.eliassen.nl\/de\/eule-edelstahl-orelia\/\",\"url\":\"https:\/\/dev.eliassen.nl\/de\/eule-edelstahl-orelia\/\",\"name\":\"Edelstahlskulptur Eule Orelia - Eliassen.nl\",\"isPartOf\":{\"@id\":\"https:\/\/dev.eliassen.nl\/de\/#website\"},\"primaryImageOfPage\":{\"@id\":\"https:\/\/dev.eliassen.nl\/de\/eule-edelstahl-orelia\/#primaryimage\"},\"image\":{\"@id\":\"https:\/\/dev.eliassen.nl\/de\/eule-edelstahl-orelia\/#primaryimage\"},\"thumbnailUrl\":\"https:\/\/dev.eliassen.nl\/wp-content\/uploads\/2024\/01\/euleoreliapng.jpg\",\"datePublished\":\"2019-10-28T17:12:31+00:00\",\"dateModified\":\"2024-12-05T14:22:29+00:00\",\"description\":\"Edelstahlstatue Eule und viele andere Arten von Statuen k\u00f6nnen in unserem Webshop eingesehen werden. Umfangreiche Tierstatuen aus Edelstahl auf Lager. Besuch...\",\"breadcrumb\":{\"@id\":\"https:\/\/dev.eliassen.nl\/de\/eule-edelstahl-orelia\/#breadcrumb\"},\"inLanguage\":\"de\",\"potentialAction\":[{\"@type\":\"ReadAction\",\"target\":[\"https:\/\/dev.eliassen.nl\/de\/eule-edelstahl-orelia\/\"]}]},{\"@type\":\"ImageObject\",\"inLanguage\":\"de\",\"@id\":\"https:\/\/dev.eliassen.nl\/de\/eule-edelstahl-orelia\/#primaryimage\",\"url\":\"https:\/\/dev.eliassen.nl\/wp-content\/uploads\/2024\/01\/euleoreliapng.jpg\",\"contentUrl\":\"https:\/\/dev.eliassen.nl\/wp-content\/uploads\/2024\/01\/euleoreliapng.jpg\",\"width\":724,\"height\":1024,\"caption\":\"eule-orelia-png\"},{\"@type\":\"BreadcrumbList\",\"@id\":\"https:\/\/dev.eliassen.nl\/de\/eule-edelstahl-orelia\/#breadcrumb\",\"itemListElement\":[{\"@type\":\"ListItem\",\"position\":1,\"name\":\"Home\",\"item\":\"https:\/\/dev.eliassen.nl\/de\/\"},{\"@type\":\"ListItem\",\"position\":2,\"name\":\"Shop\",\"item\":\"https:\/\/dev.eliassen.nl\/nl\/winkel\/\"},{\"@type\":\"ListItem\",\"position\":3,\"name\":\"Dekoration aus Metall\",\"item\":\"https:\/\/dev.eliassen.nl\/de\/dekoration-aus-metall\/\"},{\"@type\":\"ListItem\",\"position\":4,\"name\":\"V\u00f6gel aus Edelstahl\",\"item\":\"https:\/\/dev.eliassen.nl\/de\/dekoration-aus-metall\/voegel-aus-edelstahl\/\"},{\"@type\":\"ListItem\",\"position\":5,\"name\":\"Eule Edelstahl Orelia\"}]},{\"@type\":\"WebSite\",\"@id\":\"https:\/\/dev.eliassen.nl\/de\/#website\",\"url\":\"https:\/\/dev.eliassen.nl\/de\/\",\"name\":\"Eliassen Home & Garden Pleasure\",\"description\":\"\",\"publisher\":{\"@id\":\"https:\/\/dev.eliassen.nl\/de\/#organization\"},\"alternateName\":\"Eliassen.nl\",\"potentialAction\":[{\"@type\":\"SearchAction\",\"target\":{\"@type\":\"EntryPoint\",\"urlTemplate\":\"https:\/\/dev.eliassen.nl\/de\/?s={search_term_string}\"},\"query-input\":{\"@type\":\"PropertyValueSpecification\",\"valueRequired\":true,\"valueName\":\"search_term_string\"}}],\"inLanguage\":\"de\"},{\"@type\":\"Organization\",\"@id\":\"https:\/\/dev.eliassen.nl\/de\/#organization\",\"name\":\"Eliassen Home & Garden Pleasure\",\"url\":\"https:\/\/dev.eliassen.nl\/de\/\",\"logo\":{\"@type\":\"ImageObject\",\"inLanguage\":\"de\",\"@id\":\"https:\/\/dev.eliassen.nl\/de\/#\/schema\/logo\/image\/\",\"url\":\"https:\/\/www.eliassen.nl\/wp-content\/uploads\/2024\/01\/logo_4nd.jpg\",\"contentUrl\":\"https:\/\/www.eliassen.nl\/wp-content\/uploads\/2024\/01\/logo_4nd.jpg\",\"width\":500,\"height\":500,\"caption\":\"Eliassen Home & Garden Pleasure\"},\"image\":{\"@id\":\"https:\/\/dev.eliassen.nl\/de\/#\/schema\/logo\/image\/\"},\"sameAs\":[\"https:\/\/www.facebook.com\/TuincentrumEliassenAmmerzoden\",\"https:\/\/www.instagram.com\/eliassenhomeandgarden\/\",\"https:\/\/nl.pinterest.com\/eliassenhomeandgarden\/\",\"https:\/\/www.youtube.com\/@eliassenhomegardenpleasure4558\"]}]}<\/script>\n<!-- \/ Yoast SEO plugin. -->","yoast_head_json":{"title":"Edelstahlskulptur Eule Orelia - Eliassen.nl","description":"Edelstahlstatue Eule und viele andere Arten von Statuen k\u00f6nnen in unserem Webshop eingesehen werden. Umfangreiche Tierstatuen aus Edelstahl auf Lager. Besuch...","robots":{"index":"noindex","follow":"follow","max-snippet":"max-snippet:-1","max-image-preview":"max-image-preview:large","max-video-preview":"max-video-preview:-1"},"og_locale":"de_DE","og_type":"article","og_title":"Edelstahlskulptur Eule Orelia - Eliassen.nl","og_description":"Edelstahlstatue Eule und viele andere Arten von Statuen k\u00f6nnen in unserem Webshop eingesehen werden. Umfangreiche Tierstatuen aus Edelstahl auf Lager. Besuch...","og_url":"https:\/\/dev.eliassen.nl\/de\/eule-edelstahl-orelia\/","og_site_name":"Eliassen.nl","article_publisher":"https:\/\/www.facebook.com\/TuincentrumEliassenAmmerzoden","article_modified_time":"2024-12-05T14:22:29+00:00","og_image":[{"width":724,"height":1024,"url":"https:\/\/dev.eliassen.nl\/wp-content\/uploads\/2024\/01\/euleoreliapng.jpg","type":"image\/jpeg"}],"twitter_card":"summary_large_image","schema":{"@context":"https:\/\/schema.org","@graph":[{"@type":"WebPage","@id":"https:\/\/dev.eliassen.nl\/de\/eule-edelstahl-orelia\/","url":"https:\/\/dev.eliassen.nl\/de\/eule-edelstahl-orelia\/","name":"Edelstahlskulptur Eule Orelia - Eliassen.nl","isPartOf":{"@id":"https:\/\/dev.eliassen.nl\/de\/#website"},"primaryImageOfPage":{"@id":"https:\/\/dev.eliassen.nl\/de\/eule-edelstahl-orelia\/#primaryimage"},"image":{"@id":"https:\/\/dev.eliassen.nl\/de\/eule-edelstahl-orelia\/#primaryimage"},"thumbnailUrl":"https:\/\/dev.eliassen.nl\/wp-content\/uploads\/2024\/01\/euleoreliapng.jpg","datePublished":"2019-10-28T17:12:31+00:00","dateModified":"2024-12-05T14:22:29+00:00","description":"Edelstahlstatue Eule und viele andere Arten von Statuen k\u00f6nnen in unserem Webshop eingesehen werden. Umfangreiche Tierstatuen aus Edelstahl auf Lager. Besuch...","breadcrumb":{"@id":"https:\/\/dev.eliassen.nl\/de\/eule-edelstahl-orelia\/#breadcrumb"},"inLanguage":"de","potentialAction":[{"@type":"ReadAction","target":["https:\/\/dev.eliassen.nl\/de\/eule-edelstahl-orelia\/"]}]},{"@type":"ImageObject","inLanguage":"de","@id":"https:\/\/dev.eliassen.nl\/de\/eule-edelstahl-orelia\/#primaryimage","url":"https:\/\/dev.eliassen.nl\/wp-content\/uploads\/2024\/01\/euleoreliapng.jpg","contentUrl":"https:\/\/dev.eliassen.nl\/wp-content\/uploads\/2024\/01\/euleoreliapng.jpg","width":724,"height":1024,"caption":"eule-orelia-png"},{"@type":"BreadcrumbList","@id":"https:\/\/dev.eliassen.nl\/de\/eule-edelstahl-orelia\/#breadcrumb","itemListElement":[{"@type":"ListItem","position":1,"name":"Home","item":"https:\/\/dev.eliassen.nl\/de\/"},{"@type":"ListItem","position":2,"name":"Shop","item":"https:\/\/dev.eliassen.nl\/nl\/winkel\/"},{"@type":"ListItem","position":3,"name":"Dekoration aus Metall","item":"https:\/\/dev.eliassen.nl\/de\/dekoration-aus-metall\/"},{"@type":"ListItem","position":4,"name":"V\u00f6gel aus Edelstahl","item":"https:\/\/dev.eliassen.nl\/de\/dekoration-aus-metall\/voegel-aus-edelstahl\/"},{"@type":"ListItem","position":5,"name":"Eule Edelstahl Orelia"}]},{"@type":"WebSite","@id":"https:\/\/dev.eliassen.nl\/de\/#website","url":"https:\/\/dev.eliassen.nl\/de\/","name":"Eliassen Home & Garden Pleasure","description":"","publisher":{"@id":"https:\/\/dev.eliassen.nl\/de\/#organization"},"alternateName":"Eliassen.nl","potentialAction":[{"@type":"SearchAction","target":{"@type":"EntryPoint","urlTemplate":"https:\/\/dev.eliassen.nl\/de\/?s={search_term_string}"},"query-input":{"@type":"PropertyValueSpecification","valueRequired":true,"valueName":"search_term_string"}}],"inLanguage":"de"},{"@type":"Organization","@id":"https:\/\/dev.eliassen.nl\/de\/#organization","name":"Eliassen Home & Garden Pleasure","url":"https:\/\/dev.eliassen.nl\/de\/","logo":{"@type":"ImageObject","inLanguage":"de","@id":"https:\/\/dev.eliassen.nl\/de\/#\/schema\/logo\/image\/","url":"https:\/\/www.eliassen.nl\/wp-content\/uploads\/2024\/01\/logo_4nd.jpg","contentUrl":"https:\/\/www.eliassen.nl\/wp-content\/uploads\/2024\/01\/logo_4nd.jpg","width":500,"height":500,"caption":"Eliassen Home & Garden Pleasure"},"image":{"@id":"https:\/\/dev.eliassen.nl\/de\/#\/schema\/logo\/image\/"},"sameAs":["https:\/\/www.facebook.com\/TuincentrumEliassenAmmerzoden","https:\/\/www.instagram.com\/eliassenhomeandgarden\/","https:\/\/nl.pinterest.com\/eliassenhomeandgarden\/","https:\/\/www.youtube.com\/@eliassenhomegardenpleasure4558"]}]}},"df_price":59.5,"df_sale_price":"","df_regular_price":59.5,"df_image_link":"https:\/\/dev.eliassen.nl\/wp-content\/uploads\/2024\/01\/euleoreliapng.jpg","image":"https:\/\/dev.eliassen.nl\/wp-content\/uploads\/2024\/01\/euleoreliapng.jpg","price_search":"<span class=\"woocommerce-Price-amount amount\"><bdi><span class=\"woocommerce-Price-currencySymbol\">&euro;<\/span>&nbsp;59,50<\/bdi><\/span>","category":"Dekoration aus Metall","_links":{"self":[{"href":"https:\/\/dev.eliassen.nl\/de\/wp-json\/wp\/v2\/product\/15016","targetHints":{"allow":["GET"]}}],"collection":[{"href":"https:\/\/dev.eliassen.nl\/de\/wp-json\/wp\/v2\/product"}],"about":[{"href":"https:\/\/dev.eliassen.nl\/de\/wp-json\/wp\/v2\/types\/product"}],"wp:featuredmedia":[{"embeddable":true,"href":"https:\/\/dev.eliassen.nl\/de\/wp-json\/wp\/v2\/media\/15004"}],"wp:attachment":[{"href":"https:\/\/dev.eliassen.nl\/de\/wp-json\/wp\/v2\/media?parent=15016"}],"wp:term":[{"taxonomy":"product_brand","embeddable":true,"href":"https:\/\/dev.eliassen.nl\/de\/wp-json\/wp\/v2\/product_brand?post=15016"},{"taxonomy":"product_cat","embeddable":true,"href":"https:\/\/dev.eliassen.nl\/de\/wp-json\/wp\/v2\/product_cat?post=15016"},{"taxonomy":"product_tag","embeddable":true,"href":"https:\/\/dev.eliassen.nl\/de\/wp-json\/wp\/v2\/product_tag?post=15016"}],"curies":[{"name":"wp","href":"https:\/\/api.w.org\/{rel}","templated":true}]}}