{"id":150236,"date":"2024-02-14T16:28:13","date_gmt":"2024-02-14T15:28:13","guid":{"rendered":"https:\/\/www.eliassen.nl\/?product=waterornament-ubbink-atlanta"},"modified":"2024-12-05T17:01:43","modified_gmt":"2024-12-05T16:01:43","slug":"wasserspiel-ubbink-atlanta","status":"publish","type":"product","link":"https:\/\/dev.eliassen.nl\/de\/wasserspiel-ubbink-atlanta\/","title":{"rendered":"Wasserspiel Ubbink Atlanta"},"content":{"rendered":"<p>Dieser Terrassenbrunnen mit sch\u00f6nem Holzmaserungs-\/Steindesign ist modern und rustikal zugleich. Komplett aus starkem Polyresin in wundersch\u00f6nen Naturt\u00f6nen gefertigt.<\/p>\n<p>Lieferung mit Pumpe und LED-Beleuchtung. Kann sowohl im Au\u00dfen- als auch im Innenbereich verwendet werden. Gesch\u00fctztes Design.<\/p>\n<p><strong>Vergessen Sie nicht, unser Ausstellungsgel\u00e4nde mit mindestens 300 oft einzigartigen Modellen von Wasserspielen zu besuchen.<\/strong><\/p>\n<ul>\n<li>Material: Polyresin<\/li>\n<li>Ornamentgr\u00f6\u00dfe: 40 x 44 x 70 cm hoch<\/li>\n<li>Kann ohne Aushub installiert werden<\/li>\n<li>Mit Licht: nein<\/li>\n<li>1 Jahr Garantie<\/li>\n<li>Schnell geliefert<\/li>\n<li>Kommen Sie gerne vorbei und schauen Sie sich unser Show-Setup mit mindestens 300 Arbeitsmodellen und guter Beratung an.<\/li>\n<\/ul>\n<p>\u00a0<\/p>\n","protected":false},"excerpt":{"rendered":"<p>S\u00fc\u00dfer Modellbrunnen von Ubbink<\/p>\n","protected":false},"featured_media":150227,"template":"","meta":{"_acf_changed":false},"product_brand":[6952],"product_cat":[536,581],"product_tag":[],"class_list":{"0":"post-150236","1":"product","2":"type-product","3":"status-publish","4":"has-post-thumbnail","6":"product_brand-acqua-arte-de","7":"product_cat-wassereigenschaften","8":"product_cat-wasserspiele-aus-kunststoff","10":"first","11":"instock","12":"taxable","13":"shipping-taxable","14":"purchasable","15":"product-type-simple"},"acf":[],"yoast_head":"<!-- This site is optimized with the Yoast SEO plugin v23.8 - https:\/\/yoast.com\/wordpress\/plugins\/seo\/ -->\n<title>Wasserspiel Ubbink Atlanta<\/title>\n<meta name=\"description\" content=\"Ubbink-Brunnen. Bei Eliassen k\u00f6nnen Sie es auch LIVE in unserem Showroom sehen. Geeignet f\u00fcr den Innen- und Au\u00dfenbereich. \u221a 1 Jahr Garantie!\" \/>\n<meta name=\"robots\" content=\"noindex, follow, max-snippet:-1, max-image-preview:large, max-video-preview:-1\" \/>\n<meta property=\"og:locale\" content=\"de_DE\" \/>\n<meta property=\"og:type\" content=\"article\" \/>\n<meta property=\"og:title\" content=\"Wasserspiel Ubbink Atlanta\" \/>\n<meta property=\"og:description\" content=\"Ubbink-Brunnen. Bei Eliassen k\u00f6nnen Sie es auch LIVE in unserem Showroom sehen. Geeignet f\u00fcr den Innen- und Au\u00dfenbereich. \u221a 1 Jahr Garantie!\" \/>\n<meta property=\"og:url\" content=\"https:\/\/dev.eliassen.nl\/de\/wasserspiel-ubbink-atlanta\/\" \/>\n<meta property=\"og:site_name\" content=\"Eliassen.nl\" \/>\n<meta property=\"article:publisher\" content=\"https:\/\/www.facebook.com\/TuincentrumEliassenAmmerzoden\" \/>\n<meta property=\"article:modified_time\" content=\"2024-12-05T16:01:43+00:00\" \/>\n<meta property=\"og:image\" content=\"https:\/\/dev.eliassen.nl\/wp-content\/uploads\/2024\/10\/acquaartewaterornamentatlantaeliassennl.jpg\" \/>\n\t<meta property=\"og:image:width\" content=\"667\" \/>\n\t<meta property=\"og:image:height\" content=\"800\" \/>\n\t<meta property=\"og:image:type\" content=\"image\/jpeg\" \/>\n<meta name=\"twitter:card\" content=\"summary_large_image\" \/>\n<script type=\"application\/ld+json\" class=\"yoast-schema-graph\">{\"@context\":\"https:\/\/schema.org\",\"@graph\":[{\"@type\":\"WebPage\",\"@id\":\"https:\/\/dev.eliassen.nl\/de\/wasserspiel-ubbink-atlanta\/\",\"url\":\"https:\/\/dev.eliassen.nl\/de\/wasserspiel-ubbink-atlanta\/\",\"name\":\"Wasserspiel Ubbink Atlanta\",\"isPartOf\":{\"@id\":\"https:\/\/dev.eliassen.nl\/de\/#website\"},\"primaryImageOfPage\":{\"@id\":\"https:\/\/dev.eliassen.nl\/de\/wasserspiel-ubbink-atlanta\/#primaryimage\"},\"image\":{\"@id\":\"https:\/\/dev.eliassen.nl\/de\/wasserspiel-ubbink-atlanta\/#primaryimage\"},\"thumbnailUrl\":\"https:\/\/dev.eliassen.nl\/wp-content\/uploads\/2024\/10\/acquaartewaterornamentatlantaeliassennl.jpg\",\"datePublished\":\"2024-02-14T15:28:13+00:00\",\"dateModified\":\"2024-12-05T16:01:43+00:00\",\"description\":\"Ubbink-Brunnen. Bei Eliassen k\u00f6nnen Sie es auch LIVE in unserem Showroom sehen. Geeignet f\u00fcr den Innen- und Au\u00dfenbereich. \u221a 1 Jahr Garantie!\",\"breadcrumb\":{\"@id\":\"https:\/\/dev.eliassen.nl\/de\/wasserspiel-ubbink-atlanta\/#breadcrumb\"},\"inLanguage\":\"de\",\"potentialAction\":[{\"@type\":\"ReadAction\",\"target\":[\"https:\/\/dev.eliassen.nl\/de\/wasserspiel-ubbink-atlanta\/\"]}]},{\"@type\":\"ImageObject\",\"inLanguage\":\"de\",\"@id\":\"https:\/\/dev.eliassen.nl\/de\/wasserspiel-ubbink-atlanta\/#primaryimage\",\"url\":\"https:\/\/dev.eliassen.nl\/wp-content\/uploads\/2024\/10\/acquaartewaterornamentatlantaeliassennl.jpg\",\"contentUrl\":\"https:\/\/dev.eliassen.nl\/wp-content\/uploads\/2024\/10\/acquaartewaterornamentatlantaeliassennl.jpg\",\"width\":667,\"height\":800,\"caption\":\"Acqua arte Waterornament Atlanta Eliassen.nl\"},{\"@type\":\"BreadcrumbList\",\"@id\":\"https:\/\/dev.eliassen.nl\/de\/wasserspiel-ubbink-atlanta\/#breadcrumb\",\"itemListElement\":[{\"@type\":\"ListItem\",\"position\":1,\"name\":\"Home\",\"item\":\"https:\/\/dev.eliassen.nl\/de\/\"},{\"@type\":\"ListItem\",\"position\":2,\"name\":\"Shop\",\"item\":\"https:\/\/dev.eliassen.nl\/nl\/winkel\/\"},{\"@type\":\"ListItem\",\"position\":3,\"name\":\"Wasserspiele\",\"item\":\"https:\/\/dev.eliassen.nl\/de\/wassereigenschaften\/\"},{\"@type\":\"ListItem\",\"position\":4,\"name\":\"Wasserspiele aus Kunststoff\",\"item\":\"https:\/\/dev.eliassen.nl\/de\/wassereigenschaften\/wasserspiele-aus-kunststoff\/\"},{\"@type\":\"ListItem\",\"position\":5,\"name\":\"Wasserspiel Ubbink Atlanta\"}]},{\"@type\":\"WebSite\",\"@id\":\"https:\/\/dev.eliassen.nl\/de\/#website\",\"url\":\"https:\/\/dev.eliassen.nl\/de\/\",\"name\":\"Eliassen Home & Garden Pleasure\",\"description\":\"\",\"publisher\":{\"@id\":\"https:\/\/dev.eliassen.nl\/de\/#organization\"},\"alternateName\":\"Eliassen.nl\",\"potentialAction\":[{\"@type\":\"SearchAction\",\"target\":{\"@type\":\"EntryPoint\",\"urlTemplate\":\"https:\/\/dev.eliassen.nl\/de\/?s={search_term_string}\"},\"query-input\":{\"@type\":\"PropertyValueSpecification\",\"valueRequired\":true,\"valueName\":\"search_term_string\"}}],\"inLanguage\":\"de\"},{\"@type\":\"Organization\",\"@id\":\"https:\/\/dev.eliassen.nl\/de\/#organization\",\"name\":\"Eliassen Home & Garden Pleasure\",\"url\":\"https:\/\/dev.eliassen.nl\/de\/\",\"logo\":{\"@type\":\"ImageObject\",\"inLanguage\":\"de\",\"@id\":\"https:\/\/dev.eliassen.nl\/de\/#\/schema\/logo\/image\/\",\"url\":\"https:\/\/www.eliassen.nl\/wp-content\/uploads\/2024\/01\/logo_4nd.jpg\",\"contentUrl\":\"https:\/\/www.eliassen.nl\/wp-content\/uploads\/2024\/01\/logo_4nd.jpg\",\"width\":500,\"height\":500,\"caption\":\"Eliassen Home & Garden Pleasure\"},\"image\":{\"@id\":\"https:\/\/dev.eliassen.nl\/de\/#\/schema\/logo\/image\/\"},\"sameAs\":[\"https:\/\/www.facebook.com\/TuincentrumEliassenAmmerzoden\",\"https:\/\/www.instagram.com\/eliassenhomeandgarden\/\",\"https:\/\/nl.pinterest.com\/eliassenhomeandgarden\/\",\"https:\/\/www.youtube.com\/@eliassenhomegardenpleasure4558\"]}]}<\/script>\n<!-- \/ Yoast SEO plugin. -->","yoast_head_json":{"title":"Wasserspiel Ubbink Atlanta","description":"Ubbink-Brunnen. Bei Eliassen k\u00f6nnen Sie es auch LIVE in unserem Showroom sehen. Geeignet f\u00fcr den Innen- und Au\u00dfenbereich. \u221a 1 Jahr Garantie!","robots":{"index":"noindex","follow":"follow","max-snippet":"max-snippet:-1","max-image-preview":"max-image-preview:large","max-video-preview":"max-video-preview:-1"},"og_locale":"de_DE","og_type":"article","og_title":"Wasserspiel Ubbink Atlanta","og_description":"Ubbink-Brunnen. Bei Eliassen k\u00f6nnen Sie es auch LIVE in unserem Showroom sehen. Geeignet f\u00fcr den Innen- und Au\u00dfenbereich. \u221a 1 Jahr Garantie!","og_url":"https:\/\/dev.eliassen.nl\/de\/wasserspiel-ubbink-atlanta\/","og_site_name":"Eliassen.nl","article_publisher":"https:\/\/www.facebook.com\/TuincentrumEliassenAmmerzoden","article_modified_time":"2024-12-05T16:01:43+00:00","og_image":[{"width":667,"height":800,"url":"https:\/\/dev.eliassen.nl\/wp-content\/uploads\/2024\/10\/acquaartewaterornamentatlantaeliassennl.jpg","type":"image\/jpeg"}],"twitter_card":"summary_large_image","schema":{"@context":"https:\/\/schema.org","@graph":[{"@type":"WebPage","@id":"https:\/\/dev.eliassen.nl\/de\/wasserspiel-ubbink-atlanta\/","url":"https:\/\/dev.eliassen.nl\/de\/wasserspiel-ubbink-atlanta\/","name":"Wasserspiel Ubbink Atlanta","isPartOf":{"@id":"https:\/\/dev.eliassen.nl\/de\/#website"},"primaryImageOfPage":{"@id":"https:\/\/dev.eliassen.nl\/de\/wasserspiel-ubbink-atlanta\/#primaryimage"},"image":{"@id":"https:\/\/dev.eliassen.nl\/de\/wasserspiel-ubbink-atlanta\/#primaryimage"},"thumbnailUrl":"https:\/\/dev.eliassen.nl\/wp-content\/uploads\/2024\/10\/acquaartewaterornamentatlantaeliassennl.jpg","datePublished":"2024-02-14T15:28:13+00:00","dateModified":"2024-12-05T16:01:43+00:00","description":"Ubbink-Brunnen. Bei Eliassen k\u00f6nnen Sie es auch LIVE in unserem Showroom sehen. Geeignet f\u00fcr den Innen- und Au\u00dfenbereich. \u221a 1 Jahr Garantie!","breadcrumb":{"@id":"https:\/\/dev.eliassen.nl\/de\/wasserspiel-ubbink-atlanta\/#breadcrumb"},"inLanguage":"de","potentialAction":[{"@type":"ReadAction","target":["https:\/\/dev.eliassen.nl\/de\/wasserspiel-ubbink-atlanta\/"]}]},{"@type":"ImageObject","inLanguage":"de","@id":"https:\/\/dev.eliassen.nl\/de\/wasserspiel-ubbink-atlanta\/#primaryimage","url":"https:\/\/dev.eliassen.nl\/wp-content\/uploads\/2024\/10\/acquaartewaterornamentatlantaeliassennl.jpg","contentUrl":"https:\/\/dev.eliassen.nl\/wp-content\/uploads\/2024\/10\/acquaartewaterornamentatlantaeliassennl.jpg","width":667,"height":800,"caption":"Acqua arte Waterornament Atlanta Eliassen.nl"},{"@type":"BreadcrumbList","@id":"https:\/\/dev.eliassen.nl\/de\/wasserspiel-ubbink-atlanta\/#breadcrumb","itemListElement":[{"@type":"ListItem","position":1,"name":"Home","item":"https:\/\/dev.eliassen.nl\/de\/"},{"@type":"ListItem","position":2,"name":"Shop","item":"https:\/\/dev.eliassen.nl\/nl\/winkel\/"},{"@type":"ListItem","position":3,"name":"Wasserspiele","item":"https:\/\/dev.eliassen.nl\/de\/wassereigenschaften\/"},{"@type":"ListItem","position":4,"name":"Wasserspiele aus Kunststoff","item":"https:\/\/dev.eliassen.nl\/de\/wassereigenschaften\/wasserspiele-aus-kunststoff\/"},{"@type":"ListItem","position":5,"name":"Wasserspiel Ubbink Atlanta"}]},{"@type":"WebSite","@id":"https:\/\/dev.eliassen.nl\/de\/#website","url":"https:\/\/dev.eliassen.nl\/de\/","name":"Eliassen Home & Garden Pleasure","description":"","publisher":{"@id":"https:\/\/dev.eliassen.nl\/de\/#organization"},"alternateName":"Eliassen.nl","potentialAction":[{"@type":"SearchAction","target":{"@type":"EntryPoint","urlTemplate":"https:\/\/dev.eliassen.nl\/de\/?s={search_term_string}"},"query-input":{"@type":"PropertyValueSpecification","valueRequired":true,"valueName":"search_term_string"}}],"inLanguage":"de"},{"@type":"Organization","@id":"https:\/\/dev.eliassen.nl\/de\/#organization","name":"Eliassen Home & Garden Pleasure","url":"https:\/\/dev.eliassen.nl\/de\/","logo":{"@type":"ImageObject","inLanguage":"de","@id":"https:\/\/dev.eliassen.nl\/de\/#\/schema\/logo\/image\/","url":"https:\/\/www.eliassen.nl\/wp-content\/uploads\/2024\/01\/logo_4nd.jpg","contentUrl":"https:\/\/www.eliassen.nl\/wp-content\/uploads\/2024\/01\/logo_4nd.jpg","width":500,"height":500,"caption":"Eliassen Home & Garden Pleasure"},"image":{"@id":"https:\/\/dev.eliassen.nl\/de\/#\/schema\/logo\/image\/"},"sameAs":["https:\/\/www.facebook.com\/TuincentrumEliassenAmmerzoden","https:\/\/www.instagram.com\/eliassenhomeandgarden\/","https:\/\/nl.pinterest.com\/eliassenhomeandgarden\/","https:\/\/www.youtube.com\/@eliassenhomegardenpleasure4558"]}]}},"df_price":265,"df_sale_price":"","df_regular_price":265,"df_image_link":"https:\/\/dev.eliassen.nl\/wp-content\/uploads\/2024\/10\/acquaartewaterornamentatlantaeliassennl.jpg","image":"https:\/\/dev.eliassen.nl\/wp-content\/uploads\/2024\/10\/acquaartewaterornamentatlantaeliassennl.jpg","price_search":"<span class=\"woocommerce-Price-amount amount\"><bdi><span class=\"woocommerce-Price-currencySymbol\">&euro;<\/span>&nbsp;265,00<\/bdi><\/span>","category":"Wasserspiele","_links":{"self":[{"href":"https:\/\/dev.eliassen.nl\/de\/wp-json\/wp\/v2\/product\/150236","targetHints":{"allow":["GET"]}}],"collection":[{"href":"https:\/\/dev.eliassen.nl\/de\/wp-json\/wp\/v2\/product"}],"about":[{"href":"https:\/\/dev.eliassen.nl\/de\/wp-json\/wp\/v2\/types\/product"}],"wp:featuredmedia":[{"embeddable":true,"href":"https:\/\/dev.eliassen.nl\/de\/wp-json\/wp\/v2\/media\/150227"}],"wp:attachment":[{"href":"https:\/\/dev.eliassen.nl\/de\/wp-json\/wp\/v2\/media?parent=150236"}],"wp:term":[{"taxonomy":"product_brand","embeddable":true,"href":"https:\/\/dev.eliassen.nl\/de\/wp-json\/wp\/v2\/product_brand?post=150236"},{"taxonomy":"product_cat","embeddable":true,"href":"https:\/\/dev.eliassen.nl\/de\/wp-json\/wp\/v2\/product_cat?post=150236"},{"taxonomy":"product_tag","embeddable":true,"href":"https:\/\/dev.eliassen.nl\/de\/wp-json\/wp\/v2\/product_tag?post=150236"}],"curies":[{"name":"wp","href":"https:\/\/api.w.org\/{rel}","templated":true}]}}