{"id":150266,"date":"2024-02-14T17:38:43","date_gmt":"2024-02-14T16:38:43","guid":{"rendered":"https:\/\/www.eliassen.nl\/?product=glazen-schelp-30cm"},"modified":"2024-12-05T17:01:47","modified_gmt":"2024-12-05T16:01:47","slug":"glasschale-30cm","status":"publish","type":"product","link":"https:\/\/dev.eliassen.nl\/de\/glasschale-30cm\/","title":{"rendered":"Glasschale 30cm."},"content":{"rendered":"<p class=\"x_MsoNormal\">Sind Sie auf der Suche nach einem farbenfrohen, traditionell gefertigten Dekorationsst\u00fcck aus Glas f\u00fcr sich selbst oder zum Verschenken?<br \/>Dann k\u00f6nnte Sie diese handgefertigte Glasschale in wundersch\u00f6nen Farben interessieren.<br \/>Hergestellt aus klarstem Glas in den sch\u00f6nsten Farben.<br \/>Fast alle Modelle bestehen aus massivem Glas, sodass das Objekt schwer und somit stabil ist.<\/p>\n<p class=\"x_MsoNormal\"><b>Wir haben fast alles aus dieser Gruppe in unserem Shop, kommen Sie gerne vorbei und sehen Sie sich alle unsere Gl\u00e4ser live an!<\/b><\/p>\n<ul type=\"disc\">\n<li class=\"x_MsoListParagraph\">Gr\u00f6\u00dfe: 14x14x30cm<\/li>\n<li class=\"x_MsoListParagraph\">Farbe: Wei\u00df\/Braun\/Blau.<\/li>\n<li class=\"x_MsoListParagraph\">Material: B\u00f6hmisches Glas.<\/li>\n<li class=\"x_MsoListParagraph\">Schnell geliefert.<\/li>\n<\/ul>\n","protected":false},"excerpt":{"rendered":"<p>Dekorative Glasstatue einer blau\/wei\u00df\/braunen Muschel.<\/p>\n","protected":false},"featured_media":150263,"template":"","meta":{"_acf_changed":false},"product_brand":[],"product_cat":[800,821],"product_tag":[],"class_list":{"0":"post-150266","1":"product","2":"type-product","3":"status-publish","4":"has-post-thumbnail","6":"product_cat-glaskunst","7":"product_cat-glasskulpturen","9":"first","10":"instock","11":"taxable","12":"shipping-taxable","13":"purchasable","14":"product-type-simple"},"acf":[],"yoast_head":"<!-- This site is optimized with the Yoast SEO plugin v23.8 - https:\/\/yoast.com\/wordpress\/plugins\/seo\/ -->\n<title>Glasschale 30cm. - Eliassen.nl<\/title>\n<meta name=\"description\" content=\"Wundersch\u00f6ne dekorative Glasskulptur in Form einer Muschel. Auch als Geschenk eignet sich dieses sch\u00f6ne Objekt sehr gut. Sch\u00f6ne Farben und schnell geliefert.\" \/>\n<meta name=\"robots\" content=\"noindex, follow, max-snippet:-1, max-image-preview:large, max-video-preview:-1\" \/>\n<meta property=\"og:locale\" content=\"de_DE\" \/>\n<meta property=\"og:type\" content=\"article\" \/>\n<meta property=\"og:title\" content=\"Glasschale 30cm. - Eliassen.nl\" \/>\n<meta property=\"og:description\" content=\"Wundersch\u00f6ne dekorative Glasskulptur in Form einer Muschel. Auch als Geschenk eignet sich dieses sch\u00f6ne Objekt sehr gut. Sch\u00f6ne Farben und schnell geliefert.\" \/>\n<meta property=\"og:url\" content=\"https:\/\/dev.eliassen.nl\/de\/glasschale-30cm\/\" \/>\n<meta property=\"og:site_name\" content=\"Eliassen.nl\" \/>\n<meta property=\"article:publisher\" content=\"https:\/\/www.facebook.com\/TuincentrumEliassenAmmerzoden\" \/>\n<meta property=\"article:modified_time\" content=\"2024-12-05T16:01:47+00:00\" \/>\n<meta property=\"og:image\" content=\"https:\/\/dev.eliassen.nl\/wp-content\/uploads\/2024\/10\/glazenschelpeliassennl.jpg\" \/>\n\t<meta property=\"og:image:width\" content=\"1200\" \/>\n\t<meta property=\"og:image:height\" content=\"1200\" \/>\n\t<meta property=\"og:image:type\" content=\"image\/jpeg\" \/>\n<meta name=\"twitter:card\" content=\"summary_large_image\" \/>\n<script type=\"application\/ld+json\" class=\"yoast-schema-graph\">{\"@context\":\"https:\/\/schema.org\",\"@graph\":[{\"@type\":\"WebPage\",\"@id\":\"https:\/\/dev.eliassen.nl\/de\/glasschale-30cm\/\",\"url\":\"https:\/\/dev.eliassen.nl\/de\/glasschale-30cm\/\",\"name\":\"Glasschale 30cm. - Eliassen.nl\",\"isPartOf\":{\"@id\":\"https:\/\/dev.eliassen.nl\/de\/#website\"},\"primaryImageOfPage\":{\"@id\":\"https:\/\/dev.eliassen.nl\/de\/glasschale-30cm\/#primaryimage\"},\"image\":{\"@id\":\"https:\/\/dev.eliassen.nl\/de\/glasschale-30cm\/#primaryimage\"},\"thumbnailUrl\":\"https:\/\/dev.eliassen.nl\/wp-content\/uploads\/2024\/10\/glazenschelpeliassennl.jpg\",\"datePublished\":\"2024-02-14T16:38:43+00:00\",\"dateModified\":\"2024-12-05T16:01:47+00:00\",\"description\":\"Wundersch\u00f6ne dekorative Glasskulptur in Form einer Muschel. Auch als Geschenk eignet sich dieses sch\u00f6ne Objekt sehr gut. Sch\u00f6ne Farben und schnell geliefert.\",\"breadcrumb\":{\"@id\":\"https:\/\/dev.eliassen.nl\/de\/glasschale-30cm\/#breadcrumb\"},\"inLanguage\":\"de\",\"potentialAction\":[{\"@type\":\"ReadAction\",\"target\":[\"https:\/\/dev.eliassen.nl\/de\/glasschale-30cm\/\"]}]},{\"@type\":\"ImageObject\",\"inLanguage\":\"de\",\"@id\":\"https:\/\/dev.eliassen.nl\/de\/glasschale-30cm\/#primaryimage\",\"url\":\"https:\/\/dev.eliassen.nl\/wp-content\/uploads\/2024\/10\/glazenschelpeliassennl.jpg\",\"contentUrl\":\"https:\/\/dev.eliassen.nl\/wp-content\/uploads\/2024\/10\/glazenschelpeliassennl.jpg\",\"width\":1200,\"height\":1200,\"caption\":\"glazen schelp - Eliassen.nl\"},{\"@type\":\"BreadcrumbList\",\"@id\":\"https:\/\/dev.eliassen.nl\/de\/glasschale-30cm\/#breadcrumb\",\"itemListElement\":[{\"@type\":\"ListItem\",\"position\":1,\"name\":\"Home\",\"item\":\"https:\/\/dev.eliassen.nl\/de\/\"},{\"@type\":\"ListItem\",\"position\":2,\"name\":\"Shop\",\"item\":\"https:\/\/dev.eliassen.nl\/nl\/winkel\/\"},{\"@type\":\"ListItem\",\"position\":3,\"name\":\"Glaskunst\",\"item\":\"https:\/\/dev.eliassen.nl\/de\/glaskunst\/\"},{\"@type\":\"ListItem\",\"position\":4,\"name\":\"Glasskulpturen\",\"item\":\"https:\/\/dev.eliassen.nl\/de\/glaskunst\/glasskulpturen\/\"},{\"@type\":\"ListItem\",\"position\":5,\"name\":\"Glasschale 30cm.\"}]},{\"@type\":\"WebSite\",\"@id\":\"https:\/\/dev.eliassen.nl\/de\/#website\",\"url\":\"https:\/\/dev.eliassen.nl\/de\/\",\"name\":\"Eliassen Home & Garden Pleasure\",\"description\":\"\",\"publisher\":{\"@id\":\"https:\/\/dev.eliassen.nl\/de\/#organization\"},\"alternateName\":\"Eliassen.nl\",\"potentialAction\":[{\"@type\":\"SearchAction\",\"target\":{\"@type\":\"EntryPoint\",\"urlTemplate\":\"https:\/\/dev.eliassen.nl\/de\/?s={search_term_string}\"},\"query-input\":{\"@type\":\"PropertyValueSpecification\",\"valueRequired\":true,\"valueName\":\"search_term_string\"}}],\"inLanguage\":\"de\"},{\"@type\":\"Organization\",\"@id\":\"https:\/\/dev.eliassen.nl\/de\/#organization\",\"name\":\"Eliassen Home & Garden Pleasure\",\"url\":\"https:\/\/dev.eliassen.nl\/de\/\",\"logo\":{\"@type\":\"ImageObject\",\"inLanguage\":\"de\",\"@id\":\"https:\/\/dev.eliassen.nl\/de\/#\/schema\/logo\/image\/\",\"url\":\"https:\/\/www.eliassen.nl\/wp-content\/uploads\/2024\/01\/logo_4nd.jpg\",\"contentUrl\":\"https:\/\/www.eliassen.nl\/wp-content\/uploads\/2024\/01\/logo_4nd.jpg\",\"width\":500,\"height\":500,\"caption\":\"Eliassen Home & Garden Pleasure\"},\"image\":{\"@id\":\"https:\/\/dev.eliassen.nl\/de\/#\/schema\/logo\/image\/\"},\"sameAs\":[\"https:\/\/www.facebook.com\/TuincentrumEliassenAmmerzoden\",\"https:\/\/www.instagram.com\/eliassenhomeandgarden\/\",\"https:\/\/nl.pinterest.com\/eliassenhomeandgarden\/\",\"https:\/\/www.youtube.com\/@eliassenhomegardenpleasure4558\"]}]}<\/script>\n<!-- \/ Yoast SEO plugin. -->","yoast_head_json":{"title":"Glasschale 30cm. - Eliassen.nl","description":"Wundersch\u00f6ne dekorative Glasskulptur in Form einer Muschel. Auch als Geschenk eignet sich dieses sch\u00f6ne Objekt sehr gut. Sch\u00f6ne Farben und schnell geliefert.","robots":{"index":"noindex","follow":"follow","max-snippet":"max-snippet:-1","max-image-preview":"max-image-preview:large","max-video-preview":"max-video-preview:-1"},"og_locale":"de_DE","og_type":"article","og_title":"Glasschale 30cm. - Eliassen.nl","og_description":"Wundersch\u00f6ne dekorative Glasskulptur in Form einer Muschel. Auch als Geschenk eignet sich dieses sch\u00f6ne Objekt sehr gut. Sch\u00f6ne Farben und schnell geliefert.","og_url":"https:\/\/dev.eliassen.nl\/de\/glasschale-30cm\/","og_site_name":"Eliassen.nl","article_publisher":"https:\/\/www.facebook.com\/TuincentrumEliassenAmmerzoden","article_modified_time":"2024-12-05T16:01:47+00:00","og_image":[{"width":1200,"height":1200,"url":"https:\/\/dev.eliassen.nl\/wp-content\/uploads\/2024\/10\/glazenschelpeliassennl.jpg","type":"image\/jpeg"}],"twitter_card":"summary_large_image","schema":{"@context":"https:\/\/schema.org","@graph":[{"@type":"WebPage","@id":"https:\/\/dev.eliassen.nl\/de\/glasschale-30cm\/","url":"https:\/\/dev.eliassen.nl\/de\/glasschale-30cm\/","name":"Glasschale 30cm. - Eliassen.nl","isPartOf":{"@id":"https:\/\/dev.eliassen.nl\/de\/#website"},"primaryImageOfPage":{"@id":"https:\/\/dev.eliassen.nl\/de\/glasschale-30cm\/#primaryimage"},"image":{"@id":"https:\/\/dev.eliassen.nl\/de\/glasschale-30cm\/#primaryimage"},"thumbnailUrl":"https:\/\/dev.eliassen.nl\/wp-content\/uploads\/2024\/10\/glazenschelpeliassennl.jpg","datePublished":"2024-02-14T16:38:43+00:00","dateModified":"2024-12-05T16:01:47+00:00","description":"Wundersch\u00f6ne dekorative Glasskulptur in Form einer Muschel. Auch als Geschenk eignet sich dieses sch\u00f6ne Objekt sehr gut. Sch\u00f6ne Farben und schnell geliefert.","breadcrumb":{"@id":"https:\/\/dev.eliassen.nl\/de\/glasschale-30cm\/#breadcrumb"},"inLanguage":"de","potentialAction":[{"@type":"ReadAction","target":["https:\/\/dev.eliassen.nl\/de\/glasschale-30cm\/"]}]},{"@type":"ImageObject","inLanguage":"de","@id":"https:\/\/dev.eliassen.nl\/de\/glasschale-30cm\/#primaryimage","url":"https:\/\/dev.eliassen.nl\/wp-content\/uploads\/2024\/10\/glazenschelpeliassennl.jpg","contentUrl":"https:\/\/dev.eliassen.nl\/wp-content\/uploads\/2024\/10\/glazenschelpeliassennl.jpg","width":1200,"height":1200,"caption":"glazen schelp - Eliassen.nl"},{"@type":"BreadcrumbList","@id":"https:\/\/dev.eliassen.nl\/de\/glasschale-30cm\/#breadcrumb","itemListElement":[{"@type":"ListItem","position":1,"name":"Home","item":"https:\/\/dev.eliassen.nl\/de\/"},{"@type":"ListItem","position":2,"name":"Shop","item":"https:\/\/dev.eliassen.nl\/nl\/winkel\/"},{"@type":"ListItem","position":3,"name":"Glaskunst","item":"https:\/\/dev.eliassen.nl\/de\/glaskunst\/"},{"@type":"ListItem","position":4,"name":"Glasskulpturen","item":"https:\/\/dev.eliassen.nl\/de\/glaskunst\/glasskulpturen\/"},{"@type":"ListItem","position":5,"name":"Glasschale 30cm."}]},{"@type":"WebSite","@id":"https:\/\/dev.eliassen.nl\/de\/#website","url":"https:\/\/dev.eliassen.nl\/de\/","name":"Eliassen Home & Garden Pleasure","description":"","publisher":{"@id":"https:\/\/dev.eliassen.nl\/de\/#organization"},"alternateName":"Eliassen.nl","potentialAction":[{"@type":"SearchAction","target":{"@type":"EntryPoint","urlTemplate":"https:\/\/dev.eliassen.nl\/de\/?s={search_term_string}"},"query-input":{"@type":"PropertyValueSpecification","valueRequired":true,"valueName":"search_term_string"}}],"inLanguage":"de"},{"@type":"Organization","@id":"https:\/\/dev.eliassen.nl\/de\/#organization","name":"Eliassen Home & Garden Pleasure","url":"https:\/\/dev.eliassen.nl\/de\/","logo":{"@type":"ImageObject","inLanguage":"de","@id":"https:\/\/dev.eliassen.nl\/de\/#\/schema\/logo\/image\/","url":"https:\/\/www.eliassen.nl\/wp-content\/uploads\/2024\/01\/logo_4nd.jpg","contentUrl":"https:\/\/www.eliassen.nl\/wp-content\/uploads\/2024\/01\/logo_4nd.jpg","width":500,"height":500,"caption":"Eliassen Home & Garden Pleasure"},"image":{"@id":"https:\/\/dev.eliassen.nl\/de\/#\/schema\/logo\/image\/"},"sameAs":["https:\/\/www.facebook.com\/TuincentrumEliassenAmmerzoden","https:\/\/www.instagram.com\/eliassenhomeandgarden\/","https:\/\/nl.pinterest.com\/eliassenhomeandgarden\/","https:\/\/www.youtube.com\/@eliassenhomegardenpleasure4558"]}]}},"df_price":59,"df_sale_price":"","df_regular_price":59,"df_image_link":"https:\/\/dev.eliassen.nl\/wp-content\/uploads\/2024\/10\/glazenschelpeliassennl.jpg","image":"https:\/\/dev.eliassen.nl\/wp-content\/uploads\/2024\/10\/glazenschelpeliassennl.jpg","price_search":"<span class=\"woocommerce-Price-amount amount\"><bdi><span class=\"woocommerce-Price-currencySymbol\">&euro;<\/span>&nbsp;59,00<\/bdi><\/span>","category":"Glaskunst","_links":{"self":[{"href":"https:\/\/dev.eliassen.nl\/de\/wp-json\/wp\/v2\/product\/150266","targetHints":{"allow":["GET"]}}],"collection":[{"href":"https:\/\/dev.eliassen.nl\/de\/wp-json\/wp\/v2\/product"}],"about":[{"href":"https:\/\/dev.eliassen.nl\/de\/wp-json\/wp\/v2\/types\/product"}],"wp:featuredmedia":[{"embeddable":true,"href":"https:\/\/dev.eliassen.nl\/de\/wp-json\/wp\/v2\/media\/150263"}],"wp:attachment":[{"href":"https:\/\/dev.eliassen.nl\/de\/wp-json\/wp\/v2\/media?parent=150266"}],"wp:term":[{"taxonomy":"product_brand","embeddable":true,"href":"https:\/\/dev.eliassen.nl\/de\/wp-json\/wp\/v2\/product_brand?post=150266"},{"taxonomy":"product_cat","embeddable":true,"href":"https:\/\/dev.eliassen.nl\/de\/wp-json\/wp\/v2\/product_cat?post=150266"},{"taxonomy":"product_tag","embeddable":true,"href":"https:\/\/dev.eliassen.nl\/de\/wp-json\/wp\/v2\/product_tag?post=150266"}],"curies":[{"name":"wp","href":"https:\/\/api.w.org\/{rel}","templated":true}]}}