{"id":15031,"date":"2019-10-28T18:12:32","date_gmt":"2019-10-28T17:12:32","guid":{"rendered":"https:\/\/www.eliassen.nl\/?product=vogel-rostfreier-docter-muller"},"modified":"2024-12-05T15:22:29","modified_gmt":"2024-12-05T14:22:29","slug":"vogel-edelstahl-doctor-muller","status":"publish","type":"product","link":"https:\/\/dev.eliassen.nl\/de\/vogel-edelstahl-doctor-muller\/","title":{"rendered":"Vogel Edelstahl Doctor Muller"},"content":{"rendered":"<p>Sch\u00f6n im Garten, aber auch drinnen, diese exklusive Figur eines Vogels mit einem nat\u00fcrlichen Felsbrocken als K\u00f6rper. Fester Stand, unter normalen Bedingungen lebenslang Das Ganze wird nach traditionellen Methoden aus Edelstahl gefertigt. Da es sich um Handarbeit handelt, wird es bei jedem Exemplar mit dem Foto immer kleine Unterschiede geben, auch kann der Findling in Farbe und Form anders sein, das kann nicht beanstandet werden.<\/p>\n<ul>\n<li>Gr\u00f6\u00dfe 40cm.<\/li>\n<li>Edelstahl Klasse 304.<\/li>\n<li>Nahezu wartungsfrei.<\/li>\n<li>Exklusive Version.<\/li>\n<li>Schnell geliefert.<\/li>\n<li><strong>Fast alle dieser Serien sind in unserem Gesch\u00e4ft zu sehen<\/strong><\/li>\n<\/ul>\n","protected":false},"excerpt":{"rendered":"<p>Sch\u00f6n im Garten, aber auch drinnen, diese exklusive Figur eines Vogels mit einem nat\u00fcrlichen Felsbrocken als K\u00f6rper. Fester Stand, unter normalen Bedingungen lebenslang Das Ganze wird nach traditionellen Methoden aus Edelstahl gefertigt. Da es sich um Handarbeit handelt, wird es bei jedem Exemplar mit dem Foto immer kleine Unterschiede geben, auch kann der Findling in &hellip;<\/p>\n","protected":false},"featured_media":15019,"template":"","meta":{"_acf_changed":false},"product_brand":[],"product_cat":[659,671],"product_tag":[],"class_list":{"0":"post-15031","1":"product","2":"type-product","3":"status-publish","4":"has-post-thumbnail","6":"product_cat-dekoration-aus-metall","7":"product_cat-voegel-aus-edelstahl","9":"first","10":"outofstock","11":"taxable","12":"shipping-taxable","13":"purchasable","14":"product-type-simple"},"acf":[],"yoast_head":"<!-- This site is optimized with the Yoast SEO plugin v23.8 - https:\/\/yoast.com\/wordpress\/plugins\/seo\/ -->\n<title>Edelstahlstatue Vogeldoktor Muller - Eliassen.nl<\/title>\n<meta name=\"description\" content=\"Vogelstatue aus Edelstahl und viele andere Statuen und Figuren aus Edelstahl k\u00f6nnen in unserem Shop besichtigt werden. Gro\u00dfe Sammlung verf\u00fcgbar und sehr gro\u00df...\" \/>\n<meta name=\"robots\" content=\"noindex, follow, max-snippet:-1, max-image-preview:large, max-video-preview:-1\" \/>\n<meta property=\"og:locale\" content=\"de_DE\" \/>\n<meta property=\"og:type\" content=\"article\" \/>\n<meta property=\"og:title\" content=\"Edelstahlstatue Vogeldoktor Muller - Eliassen.nl\" \/>\n<meta property=\"og:description\" content=\"Vogelstatue aus Edelstahl und viele andere Statuen und Figuren aus Edelstahl k\u00f6nnen in unserem Shop besichtigt werden. Gro\u00dfe Sammlung verf\u00fcgbar und sehr gro\u00df...\" \/>\n<meta property=\"og:url\" content=\"https:\/\/dev.eliassen.nl\/de\/vogel-edelstahl-doctor-muller\/\" \/>\n<meta property=\"og:site_name\" content=\"Eliassen.nl\" \/>\n<meta property=\"article:publisher\" content=\"https:\/\/www.facebook.com\/TuincentrumEliassenAmmerzoden\" \/>\n<meta property=\"article:modified_time\" content=\"2024-12-05T14:22:29+00:00\" \/>\n<meta property=\"og:image\" content=\"https:\/\/dev.eliassen.nl\/wp-content\/uploads\/2024\/01\/frdrm3llerpng.jpg\" \/>\n\t<meta property=\"og:image:width\" content=\"723\" \/>\n\t<meta property=\"og:image:height\" content=\"1024\" \/>\n\t<meta property=\"og:image:type\" content=\"image\/jpeg\" \/>\n<meta name=\"twitter:card\" content=\"summary_large_image\" \/>\n<script type=\"application\/ld+json\" class=\"yoast-schema-graph\">{\"@context\":\"https:\/\/schema.org\",\"@graph\":[{\"@type\":\"WebPage\",\"@id\":\"https:\/\/dev.eliassen.nl\/de\/vogel-edelstahl-doctor-muller\/\",\"url\":\"https:\/\/dev.eliassen.nl\/de\/vogel-edelstahl-doctor-muller\/\",\"name\":\"Edelstahlstatue Vogeldoktor Muller - Eliassen.nl\",\"isPartOf\":{\"@id\":\"https:\/\/dev.eliassen.nl\/de\/#website\"},\"primaryImageOfPage\":{\"@id\":\"https:\/\/dev.eliassen.nl\/de\/vogel-edelstahl-doctor-muller\/#primaryimage\"},\"image\":{\"@id\":\"https:\/\/dev.eliassen.nl\/de\/vogel-edelstahl-doctor-muller\/#primaryimage\"},\"thumbnailUrl\":\"https:\/\/dev.eliassen.nl\/wp-content\/uploads\/2024\/01\/frdrm3llerpng.jpg\",\"datePublished\":\"2019-10-28T17:12:32+00:00\",\"dateModified\":\"2024-12-05T14:22:29+00:00\",\"description\":\"Vogelstatue aus Edelstahl und viele andere Statuen und Figuren aus Edelstahl k\u00f6nnen in unserem Shop besichtigt werden. Gro\u00dfe Sammlung verf\u00fcgbar und sehr gro\u00df...\",\"breadcrumb\":{\"@id\":\"https:\/\/dev.eliassen.nl\/de\/vogel-edelstahl-doctor-muller\/#breadcrumb\"},\"inLanguage\":\"de\",\"potentialAction\":[{\"@type\":\"ReadAction\",\"target\":[\"https:\/\/dev.eliassen.nl\/de\/vogel-edelstahl-doctor-muller\/\"]}]},{\"@type\":\"ImageObject\",\"inLanguage\":\"de\",\"@id\":\"https:\/\/dev.eliassen.nl\/de\/vogel-edelstahl-doctor-muller\/#primaryimage\",\"url\":\"https:\/\/dev.eliassen.nl\/wp-content\/uploads\/2024\/01\/frdrm3llerpng.jpg\",\"contentUrl\":\"https:\/\/dev.eliassen.nl\/wp-content\/uploads\/2024\/01\/frdrm3llerpng.jpg\",\"width\":723,\"height\":1024,\"caption\":\"fr-dr-m3ller-png\"},{\"@type\":\"BreadcrumbList\",\"@id\":\"https:\/\/dev.eliassen.nl\/de\/vogel-edelstahl-doctor-muller\/#breadcrumb\",\"itemListElement\":[{\"@type\":\"ListItem\",\"position\":1,\"name\":\"Home\",\"item\":\"https:\/\/dev.eliassen.nl\/de\/\"},{\"@type\":\"ListItem\",\"position\":2,\"name\":\"Shop\",\"item\":\"https:\/\/dev.eliassen.nl\/nl\/winkel\/\"},{\"@type\":\"ListItem\",\"position\":3,\"name\":\"Dekoration aus Metall\",\"item\":\"https:\/\/dev.eliassen.nl\/de\/dekoration-aus-metall\/\"},{\"@type\":\"ListItem\",\"position\":4,\"name\":\"V\u00f6gel aus Edelstahl\",\"item\":\"https:\/\/dev.eliassen.nl\/de\/dekoration-aus-metall\/voegel-aus-edelstahl\/\"},{\"@type\":\"ListItem\",\"position\":5,\"name\":\"Vogel Edelstahl Doctor Muller\"}]},{\"@type\":\"WebSite\",\"@id\":\"https:\/\/dev.eliassen.nl\/de\/#website\",\"url\":\"https:\/\/dev.eliassen.nl\/de\/\",\"name\":\"Eliassen Home & Garden Pleasure\",\"description\":\"\",\"publisher\":{\"@id\":\"https:\/\/dev.eliassen.nl\/de\/#organization\"},\"alternateName\":\"Eliassen.nl\",\"potentialAction\":[{\"@type\":\"SearchAction\",\"target\":{\"@type\":\"EntryPoint\",\"urlTemplate\":\"https:\/\/dev.eliassen.nl\/de\/?s={search_term_string}\"},\"query-input\":{\"@type\":\"PropertyValueSpecification\",\"valueRequired\":true,\"valueName\":\"search_term_string\"}}],\"inLanguage\":\"de\"},{\"@type\":\"Organization\",\"@id\":\"https:\/\/dev.eliassen.nl\/de\/#organization\",\"name\":\"Eliassen Home & Garden Pleasure\",\"url\":\"https:\/\/dev.eliassen.nl\/de\/\",\"logo\":{\"@type\":\"ImageObject\",\"inLanguage\":\"de\",\"@id\":\"https:\/\/dev.eliassen.nl\/de\/#\/schema\/logo\/image\/\",\"url\":\"https:\/\/www.eliassen.nl\/wp-content\/uploads\/2024\/01\/logo_4nd.jpg\",\"contentUrl\":\"https:\/\/www.eliassen.nl\/wp-content\/uploads\/2024\/01\/logo_4nd.jpg\",\"width\":500,\"height\":500,\"caption\":\"Eliassen Home & Garden Pleasure\"},\"image\":{\"@id\":\"https:\/\/dev.eliassen.nl\/de\/#\/schema\/logo\/image\/\"},\"sameAs\":[\"https:\/\/www.facebook.com\/TuincentrumEliassenAmmerzoden\",\"https:\/\/www.instagram.com\/eliassenhomeandgarden\/\",\"https:\/\/nl.pinterest.com\/eliassenhomeandgarden\/\",\"https:\/\/www.youtube.com\/@eliassenhomegardenpleasure4558\"]}]}<\/script>\n<!-- \/ Yoast SEO plugin. -->","yoast_head_json":{"title":"Edelstahlstatue Vogeldoktor Muller - Eliassen.nl","description":"Vogelstatue aus Edelstahl und viele andere Statuen und Figuren aus Edelstahl k\u00f6nnen in unserem Shop besichtigt werden. Gro\u00dfe Sammlung verf\u00fcgbar und sehr gro\u00df...","robots":{"index":"noindex","follow":"follow","max-snippet":"max-snippet:-1","max-image-preview":"max-image-preview:large","max-video-preview":"max-video-preview:-1"},"og_locale":"de_DE","og_type":"article","og_title":"Edelstahlstatue Vogeldoktor Muller - Eliassen.nl","og_description":"Vogelstatue aus Edelstahl und viele andere Statuen und Figuren aus Edelstahl k\u00f6nnen in unserem Shop besichtigt werden. Gro\u00dfe Sammlung verf\u00fcgbar und sehr gro\u00df...","og_url":"https:\/\/dev.eliassen.nl\/de\/vogel-edelstahl-doctor-muller\/","og_site_name":"Eliassen.nl","article_publisher":"https:\/\/www.facebook.com\/TuincentrumEliassenAmmerzoden","article_modified_time":"2024-12-05T14:22:29+00:00","og_image":[{"width":723,"height":1024,"url":"https:\/\/dev.eliassen.nl\/wp-content\/uploads\/2024\/01\/frdrm3llerpng.jpg","type":"image\/jpeg"}],"twitter_card":"summary_large_image","schema":{"@context":"https:\/\/schema.org","@graph":[{"@type":"WebPage","@id":"https:\/\/dev.eliassen.nl\/de\/vogel-edelstahl-doctor-muller\/","url":"https:\/\/dev.eliassen.nl\/de\/vogel-edelstahl-doctor-muller\/","name":"Edelstahlstatue Vogeldoktor Muller - Eliassen.nl","isPartOf":{"@id":"https:\/\/dev.eliassen.nl\/de\/#website"},"primaryImageOfPage":{"@id":"https:\/\/dev.eliassen.nl\/de\/vogel-edelstahl-doctor-muller\/#primaryimage"},"image":{"@id":"https:\/\/dev.eliassen.nl\/de\/vogel-edelstahl-doctor-muller\/#primaryimage"},"thumbnailUrl":"https:\/\/dev.eliassen.nl\/wp-content\/uploads\/2024\/01\/frdrm3llerpng.jpg","datePublished":"2019-10-28T17:12:32+00:00","dateModified":"2024-12-05T14:22:29+00:00","description":"Vogelstatue aus Edelstahl und viele andere Statuen und Figuren aus Edelstahl k\u00f6nnen in unserem Shop besichtigt werden. Gro\u00dfe Sammlung verf\u00fcgbar und sehr gro\u00df...","breadcrumb":{"@id":"https:\/\/dev.eliassen.nl\/de\/vogel-edelstahl-doctor-muller\/#breadcrumb"},"inLanguage":"de","potentialAction":[{"@type":"ReadAction","target":["https:\/\/dev.eliassen.nl\/de\/vogel-edelstahl-doctor-muller\/"]}]},{"@type":"ImageObject","inLanguage":"de","@id":"https:\/\/dev.eliassen.nl\/de\/vogel-edelstahl-doctor-muller\/#primaryimage","url":"https:\/\/dev.eliassen.nl\/wp-content\/uploads\/2024\/01\/frdrm3llerpng.jpg","contentUrl":"https:\/\/dev.eliassen.nl\/wp-content\/uploads\/2024\/01\/frdrm3llerpng.jpg","width":723,"height":1024,"caption":"fr-dr-m3ller-png"},{"@type":"BreadcrumbList","@id":"https:\/\/dev.eliassen.nl\/de\/vogel-edelstahl-doctor-muller\/#breadcrumb","itemListElement":[{"@type":"ListItem","position":1,"name":"Home","item":"https:\/\/dev.eliassen.nl\/de\/"},{"@type":"ListItem","position":2,"name":"Shop","item":"https:\/\/dev.eliassen.nl\/nl\/winkel\/"},{"@type":"ListItem","position":3,"name":"Dekoration aus Metall","item":"https:\/\/dev.eliassen.nl\/de\/dekoration-aus-metall\/"},{"@type":"ListItem","position":4,"name":"V\u00f6gel aus Edelstahl","item":"https:\/\/dev.eliassen.nl\/de\/dekoration-aus-metall\/voegel-aus-edelstahl\/"},{"@type":"ListItem","position":5,"name":"Vogel Edelstahl Doctor Muller"}]},{"@type":"WebSite","@id":"https:\/\/dev.eliassen.nl\/de\/#website","url":"https:\/\/dev.eliassen.nl\/de\/","name":"Eliassen Home & Garden Pleasure","description":"","publisher":{"@id":"https:\/\/dev.eliassen.nl\/de\/#organization"},"alternateName":"Eliassen.nl","potentialAction":[{"@type":"SearchAction","target":{"@type":"EntryPoint","urlTemplate":"https:\/\/dev.eliassen.nl\/de\/?s={search_term_string}"},"query-input":{"@type":"PropertyValueSpecification","valueRequired":true,"valueName":"search_term_string"}}],"inLanguage":"de"},{"@type":"Organization","@id":"https:\/\/dev.eliassen.nl\/de\/#organization","name":"Eliassen Home & Garden Pleasure","url":"https:\/\/dev.eliassen.nl\/de\/","logo":{"@type":"ImageObject","inLanguage":"de","@id":"https:\/\/dev.eliassen.nl\/de\/#\/schema\/logo\/image\/","url":"https:\/\/www.eliassen.nl\/wp-content\/uploads\/2024\/01\/logo_4nd.jpg","contentUrl":"https:\/\/www.eliassen.nl\/wp-content\/uploads\/2024\/01\/logo_4nd.jpg","width":500,"height":500,"caption":"Eliassen Home & Garden Pleasure"},"image":{"@id":"https:\/\/dev.eliassen.nl\/de\/#\/schema\/logo\/image\/"},"sameAs":["https:\/\/www.facebook.com\/TuincentrumEliassenAmmerzoden","https:\/\/www.instagram.com\/eliassenhomeandgarden\/","https:\/\/nl.pinterest.com\/eliassenhomeandgarden\/","https:\/\/www.youtube.com\/@eliassenhomegardenpleasure4558"]}]}},"df_price":39.5,"df_sale_price":"","df_regular_price":39.5,"df_image_link":"https:\/\/dev.eliassen.nl\/wp-content\/uploads\/2024\/01\/frdrm3llerpng.jpg","image":"https:\/\/dev.eliassen.nl\/wp-content\/uploads\/2024\/01\/frdrm3llerpng.jpg","price_search":"<span class=\"woocommerce-Price-amount amount\"><bdi><span class=\"woocommerce-Price-currencySymbol\">&euro;<\/span>&nbsp;39,50<\/bdi><\/span>","category":"Dekoration aus Metall","_links":{"self":[{"href":"https:\/\/dev.eliassen.nl\/de\/wp-json\/wp\/v2\/product\/15031","targetHints":{"allow":["GET"]}}],"collection":[{"href":"https:\/\/dev.eliassen.nl\/de\/wp-json\/wp\/v2\/product"}],"about":[{"href":"https:\/\/dev.eliassen.nl\/de\/wp-json\/wp\/v2\/types\/product"}],"wp:featuredmedia":[{"embeddable":true,"href":"https:\/\/dev.eliassen.nl\/de\/wp-json\/wp\/v2\/media\/15019"}],"wp:attachment":[{"href":"https:\/\/dev.eliassen.nl\/de\/wp-json\/wp\/v2\/media?parent=15031"}],"wp:term":[{"taxonomy":"product_brand","embeddable":true,"href":"https:\/\/dev.eliassen.nl\/de\/wp-json\/wp\/v2\/product_brand?post=15031"},{"taxonomy":"product_cat","embeddable":true,"href":"https:\/\/dev.eliassen.nl\/de\/wp-json\/wp\/v2\/product_cat?post=15031"},{"taxonomy":"product_tag","embeddable":true,"href":"https:\/\/dev.eliassen.nl\/de\/wp-json\/wp\/v2\/product_tag?post=15031"}],"curies":[{"name":"wp","href":"https:\/\/api.w.org\/{rel}","templated":true}]}}