{"id":15037,"date":"2019-10-28T18:12:33","date_gmt":"2019-10-28T17:12:33","guid":{"rendered":"https:\/\/www.eliassen.nl\/?product=3d-malerei-metall-89x120cm-gala"},"modified":"2024-12-05T15:22:30","modified_gmt":"2024-12-05T14:22:30","slug":"3d-metallgemalde-dicke-damen-im-franzosischen-cafe-80x120cm","status":"publish","type":"product","link":"https:\/\/dev.eliassen.nl\/de\/3d-metallgemalde-dicke-damen-im-franzosischen-cafe-80x120cm\/","title":{"rendered":"3D-Metallgem\u00e4lde dicke Damen im franz\u00f6sischen Caf\u00e9 80x120cm"},"content":{"rendered":"<p>Ihr Zuhause, Ihr Gesch\u00e4ft oder Ihre Veranda (unter einem Dach) wird mit dieser Wanddekoration wundersch\u00f6n aussehen. Dieses Modellgem\u00e4lde eines Mannes und einer Frau in einem gem\u00fctlichen franz\u00f6sischen Caf\u00e9 ist vollst\u00e4ndig von Hand gefertigt.<\/p>\n<p>Dieses 3D-Gem\u00e4lde aus Metall mit dicken Damen und Herren in einem franz\u00f6sischen Caf\u00e9 ist eine gute Erg\u00e4nzung f\u00fcr Ihr Interieur, wenn Sie Ihr Interieur aufhellen und f\u00fcr mehr Gem\u00fctlichkeit sorgen m\u00f6chten. Auf dem 3D-Wandobjekt sind warme Farben zu sehen. Diese 3D-Wanddekoration sieht in einer gem\u00fctlichen Atmosph\u00e4re gro\u00dfartig aus oder w\u00e4hlen Sie diese Wanddekoration f\u00fcr Ihren Gastronomiebetrieb.<\/p>\n<p>Alles an dieser Wanddekoration ist aus Metall, auch der Hintergrund und die Figur. Da es von Hand bemalt und hergestellt wird, kann die Farbe leicht vom Foto abweichen, sie sind nie genau gleich. Diese leicht rauen Gem\u00e4lde k\u00f6nnen immer kleinere Abweichungen enthalten, manchmal geschieht dies sogar absichtlich, um die raue Atmosph\u00e4re zu erzeugen. Wir haben auch fast die gesamte Kollektion dieser Serie im Gesch\u00e4ft, was in den Niederlanden einzigartig ist. Nirgendwo sonst finden Sie eine so gro\u00dfe Sammlung. Gern geschehen.<\/p>\n<ul>\n<li>Gr\u00f6\u00dfe 80x120cm<\/li>\n<li>Einfache Aufh\u00e4ngung mit 2 Schrauben<\/li>\n<li>Schnell geliefert<\/li>\n<li>Gr\u00f6\u00dfte Sammlung in den Benelux-L\u00e4ndern, die auch live besichtigt werden kann<\/li>\n<\/ul>\n","protected":false},"excerpt":{"rendered":"<p>Dicke Damen mit Herren in einem Caf\u00e9. Handgemalt.<\/p>\n","protected":false},"featured_media":15034,"template":"","meta":{"_acf_changed":false},"product_brand":[],"product_cat":[419,434,410],"product_tag":[],"class_list":{"0":"post-15037","1":"product","2":"type-product","3":"status-publish","4":"has-post-thumbnail","6":"product_cat-3d-gemaelde-aus-metall","7":"product_cat-3d-gemaelde-aus-metall-im-format-80x120cm","8":"product_cat-gemaelde","10":"first","11":"instock","12":"taxable","13":"shipping-taxable","14":"purchasable","15":"product-type-simple"},"acf":[],"yoast_head":"<!-- This site is optimized with the Yoast SEO plugin v23.8 - https:\/\/yoast.com\/wordpress\/plugins\/seo\/ -->\n<title>3D-Metallgem\u00e4lde Franz\u00f6sisches Caf\u00e9 | 80x120cm | Eliassen.nl<\/title>\n<meta name=\"description\" content=\"3D-Metallgem\u00e4lde Franz\u00f6sisches Caf\u00e9 mit dicken Damen und Herren als gem\u00fctliches und attraktives Gem\u00e4lde f\u00fcr zu Hause, aber auch f\u00fcr Gastronomiebetriebe.\" \/>\n<meta name=\"robots\" content=\"noindex, follow, max-snippet:-1, max-image-preview:large, max-video-preview:-1\" \/>\n<meta property=\"og:locale\" content=\"de_DE\" \/>\n<meta property=\"og:type\" content=\"article\" \/>\n<meta property=\"og:title\" content=\"3D-Metallgem\u00e4lde Franz\u00f6sisches Caf\u00e9 | 80x120cm | Eliassen.nl\" \/>\n<meta property=\"og:description\" content=\"3D-Metallgem\u00e4lde Franz\u00f6sisches Caf\u00e9 mit dicken Damen und Herren als gem\u00fctliches und attraktives Gem\u00e4lde f\u00fcr zu Hause, aber auch f\u00fcr Gastronomiebetriebe.\" \/>\n<meta property=\"og:url\" content=\"https:\/\/dev.eliassen.nl\/de\/3d-metallgemalde-dicke-damen-im-franzosischen-cafe-80x120cm\/\" \/>\n<meta property=\"og:site_name\" content=\"Eliassen.nl\" \/>\n<meta property=\"article:publisher\" content=\"https:\/\/www.facebook.com\/TuincentrumEliassenAmmerzoden\" \/>\n<meta property=\"article:modified_time\" content=\"2024-12-05T14:22:30+00:00\" \/>\n<meta property=\"og:image\" content=\"https:\/\/dev.eliassen.nl\/wp-content\/uploads\/2024\/01\/3dmetaalschilderijfranscaf80x120cmeliassen.jpg\" \/>\n\t<meta property=\"og:image:width\" content=\"1024\" \/>\n\t<meta property=\"og:image:height\" content=\"673\" \/>\n\t<meta property=\"og:image:type\" content=\"image\/jpeg\" \/>\n<meta name=\"twitter:card\" content=\"summary_large_image\" \/>\n<script type=\"application\/ld+json\" class=\"yoast-schema-graph\">{\"@context\":\"https:\/\/schema.org\",\"@graph\":[{\"@type\":\"WebPage\",\"@id\":\"https:\/\/dev.eliassen.nl\/de\/3d-metallgemalde-dicke-damen-im-franzosischen-cafe-80x120cm\/\",\"url\":\"https:\/\/dev.eliassen.nl\/de\/3d-metallgemalde-dicke-damen-im-franzosischen-cafe-80x120cm\/\",\"name\":\"3D-Metallgem\u00e4lde Franz\u00f6sisches Caf\u00e9 | 80x120cm | Eliassen.nl\",\"isPartOf\":{\"@id\":\"https:\/\/dev.eliassen.nl\/de\/#website\"},\"primaryImageOfPage\":{\"@id\":\"https:\/\/dev.eliassen.nl\/de\/3d-metallgemalde-dicke-damen-im-franzosischen-cafe-80x120cm\/#primaryimage\"},\"image\":{\"@id\":\"https:\/\/dev.eliassen.nl\/de\/3d-metallgemalde-dicke-damen-im-franzosischen-cafe-80x120cm\/#primaryimage\"},\"thumbnailUrl\":\"https:\/\/dev.eliassen.nl\/wp-content\/uploads\/2024\/01\/3dmetaalschilderijfranscaf80x120cmeliassen.jpg\",\"datePublished\":\"2019-10-28T17:12:33+00:00\",\"dateModified\":\"2024-12-05T14:22:30+00:00\",\"description\":\"3D-Metallgem\u00e4lde Franz\u00f6sisches Caf\u00e9 mit dicken Damen und Herren als gem\u00fctliches und attraktives Gem\u00e4lde f\u00fcr zu Hause, aber auch f\u00fcr Gastronomiebetriebe.\",\"breadcrumb\":{\"@id\":\"https:\/\/dev.eliassen.nl\/de\/3d-metallgemalde-dicke-damen-im-franzosischen-cafe-80x120cm\/#breadcrumb\"},\"inLanguage\":\"de\",\"potentialAction\":[{\"@type\":\"ReadAction\",\"target\":[\"https:\/\/dev.eliassen.nl\/de\/3d-metallgemalde-dicke-damen-im-franzosischen-cafe-80x120cm\/\"]}]},{\"@type\":\"ImageObject\",\"inLanguage\":\"de\",\"@id\":\"https:\/\/dev.eliassen.nl\/de\/3d-metallgemalde-dicke-damen-im-franzosischen-cafe-80x120cm\/#primaryimage\",\"url\":\"https:\/\/dev.eliassen.nl\/wp-content\/uploads\/2024\/01\/3dmetaalschilderijfranscaf80x120cmeliassen.jpg\",\"contentUrl\":\"https:\/\/dev.eliassen.nl\/wp-content\/uploads\/2024\/01\/3dmetaalschilderijfranscaf80x120cmeliassen.jpg\",\"width\":1024,\"height\":673,\"caption\":\"3D metaal schilderij Frans caf\u00e9 80x120cm - Eliassen.nl\"},{\"@type\":\"BreadcrumbList\",\"@id\":\"https:\/\/dev.eliassen.nl\/de\/3d-metallgemalde-dicke-damen-im-franzosischen-cafe-80x120cm\/#breadcrumb\",\"itemListElement\":[{\"@type\":\"ListItem\",\"position\":1,\"name\":\"Home\",\"item\":\"https:\/\/dev.eliassen.nl\/de\/\"},{\"@type\":\"ListItem\",\"position\":2,\"name\":\"Shop\",\"item\":\"https:\/\/dev.eliassen.nl\/nl\/winkel\/\"},{\"@type\":\"ListItem\",\"position\":3,\"name\":\"Gem\u00e4lde\",\"item\":\"https:\/\/dev.eliassen.nl\/de\/gemaelde\/\"},{\"@type\":\"ListItem\",\"position\":4,\"name\":\"3D-Gem\u00e4lde aus Metall\",\"item\":\"https:\/\/dev.eliassen.nl\/de\/gemaelde\/3d-gemaelde-aus-metall\/\"},{\"@type\":\"ListItem\",\"position\":5,\"name\":\"3D-Gem\u00e4lde aus Metall im Format 80x120cm\",\"item\":\"https:\/\/dev.eliassen.nl\/de\/gemaelde\/3d-gemaelde-aus-metall\/3d-gemaelde-aus-metall-im-format-80x120cm\/\"},{\"@type\":\"ListItem\",\"position\":6,\"name\":\"3D-Metallgem\u00e4lde dicke Damen im franz\u00f6sischen Caf\u00e9 80x120cm\"}]},{\"@type\":\"WebSite\",\"@id\":\"https:\/\/dev.eliassen.nl\/de\/#website\",\"url\":\"https:\/\/dev.eliassen.nl\/de\/\",\"name\":\"Eliassen Home & Garden Pleasure\",\"description\":\"\",\"publisher\":{\"@id\":\"https:\/\/dev.eliassen.nl\/de\/#organization\"},\"alternateName\":\"Eliassen.nl\",\"potentialAction\":[{\"@type\":\"SearchAction\",\"target\":{\"@type\":\"EntryPoint\",\"urlTemplate\":\"https:\/\/dev.eliassen.nl\/de\/?s={search_term_string}\"},\"query-input\":{\"@type\":\"PropertyValueSpecification\",\"valueRequired\":true,\"valueName\":\"search_term_string\"}}],\"inLanguage\":\"de\"},{\"@type\":\"Organization\",\"@id\":\"https:\/\/dev.eliassen.nl\/de\/#organization\",\"name\":\"Eliassen Home & Garden Pleasure\",\"url\":\"https:\/\/dev.eliassen.nl\/de\/\",\"logo\":{\"@type\":\"ImageObject\",\"inLanguage\":\"de\",\"@id\":\"https:\/\/dev.eliassen.nl\/de\/#\/schema\/logo\/image\/\",\"url\":\"https:\/\/www.eliassen.nl\/wp-content\/uploads\/2024\/01\/logo_4nd.jpg\",\"contentUrl\":\"https:\/\/www.eliassen.nl\/wp-content\/uploads\/2024\/01\/logo_4nd.jpg\",\"width\":500,\"height\":500,\"caption\":\"Eliassen Home & Garden Pleasure\"},\"image\":{\"@id\":\"https:\/\/dev.eliassen.nl\/de\/#\/schema\/logo\/image\/\"},\"sameAs\":[\"https:\/\/www.facebook.com\/TuincentrumEliassenAmmerzoden\",\"https:\/\/www.instagram.com\/eliassenhomeandgarden\/\",\"https:\/\/nl.pinterest.com\/eliassenhomeandgarden\/\",\"https:\/\/www.youtube.com\/@eliassenhomegardenpleasure4558\"]}]}<\/script>\n<!-- \/ Yoast SEO plugin. -->","yoast_head_json":{"title":"3D-Metallgem\u00e4lde Franz\u00f6sisches Caf\u00e9 | 80x120cm | Eliassen.nl","description":"3D-Metallgem\u00e4lde Franz\u00f6sisches Caf\u00e9 mit dicken Damen und Herren als gem\u00fctliches und attraktives Gem\u00e4lde f\u00fcr zu Hause, aber auch f\u00fcr Gastronomiebetriebe.","robots":{"index":"noindex","follow":"follow","max-snippet":"max-snippet:-1","max-image-preview":"max-image-preview:large","max-video-preview":"max-video-preview:-1"},"og_locale":"de_DE","og_type":"article","og_title":"3D-Metallgem\u00e4lde Franz\u00f6sisches Caf\u00e9 | 80x120cm | Eliassen.nl","og_description":"3D-Metallgem\u00e4lde Franz\u00f6sisches Caf\u00e9 mit dicken Damen und Herren als gem\u00fctliches und attraktives Gem\u00e4lde f\u00fcr zu Hause, aber auch f\u00fcr Gastronomiebetriebe.","og_url":"https:\/\/dev.eliassen.nl\/de\/3d-metallgemalde-dicke-damen-im-franzosischen-cafe-80x120cm\/","og_site_name":"Eliassen.nl","article_publisher":"https:\/\/www.facebook.com\/TuincentrumEliassenAmmerzoden","article_modified_time":"2024-12-05T14:22:30+00:00","og_image":[{"width":1024,"height":673,"url":"https:\/\/dev.eliassen.nl\/wp-content\/uploads\/2024\/01\/3dmetaalschilderijfranscaf80x120cmeliassen.jpg","type":"image\/jpeg"}],"twitter_card":"summary_large_image","schema":{"@context":"https:\/\/schema.org","@graph":[{"@type":"WebPage","@id":"https:\/\/dev.eliassen.nl\/de\/3d-metallgemalde-dicke-damen-im-franzosischen-cafe-80x120cm\/","url":"https:\/\/dev.eliassen.nl\/de\/3d-metallgemalde-dicke-damen-im-franzosischen-cafe-80x120cm\/","name":"3D-Metallgem\u00e4lde Franz\u00f6sisches Caf\u00e9 | 80x120cm | Eliassen.nl","isPartOf":{"@id":"https:\/\/dev.eliassen.nl\/de\/#website"},"primaryImageOfPage":{"@id":"https:\/\/dev.eliassen.nl\/de\/3d-metallgemalde-dicke-damen-im-franzosischen-cafe-80x120cm\/#primaryimage"},"image":{"@id":"https:\/\/dev.eliassen.nl\/de\/3d-metallgemalde-dicke-damen-im-franzosischen-cafe-80x120cm\/#primaryimage"},"thumbnailUrl":"https:\/\/dev.eliassen.nl\/wp-content\/uploads\/2024\/01\/3dmetaalschilderijfranscaf80x120cmeliassen.jpg","datePublished":"2019-10-28T17:12:33+00:00","dateModified":"2024-12-05T14:22:30+00:00","description":"3D-Metallgem\u00e4lde Franz\u00f6sisches Caf\u00e9 mit dicken Damen und Herren als gem\u00fctliches und attraktives Gem\u00e4lde f\u00fcr zu Hause, aber auch f\u00fcr Gastronomiebetriebe.","breadcrumb":{"@id":"https:\/\/dev.eliassen.nl\/de\/3d-metallgemalde-dicke-damen-im-franzosischen-cafe-80x120cm\/#breadcrumb"},"inLanguage":"de","potentialAction":[{"@type":"ReadAction","target":["https:\/\/dev.eliassen.nl\/de\/3d-metallgemalde-dicke-damen-im-franzosischen-cafe-80x120cm\/"]}]},{"@type":"ImageObject","inLanguage":"de","@id":"https:\/\/dev.eliassen.nl\/de\/3d-metallgemalde-dicke-damen-im-franzosischen-cafe-80x120cm\/#primaryimage","url":"https:\/\/dev.eliassen.nl\/wp-content\/uploads\/2024\/01\/3dmetaalschilderijfranscaf80x120cmeliassen.jpg","contentUrl":"https:\/\/dev.eliassen.nl\/wp-content\/uploads\/2024\/01\/3dmetaalschilderijfranscaf80x120cmeliassen.jpg","width":1024,"height":673,"caption":"3D metaal schilderij Frans caf\u00e9 80x120cm - Eliassen.nl"},{"@type":"BreadcrumbList","@id":"https:\/\/dev.eliassen.nl\/de\/3d-metallgemalde-dicke-damen-im-franzosischen-cafe-80x120cm\/#breadcrumb","itemListElement":[{"@type":"ListItem","position":1,"name":"Home","item":"https:\/\/dev.eliassen.nl\/de\/"},{"@type":"ListItem","position":2,"name":"Shop","item":"https:\/\/dev.eliassen.nl\/nl\/winkel\/"},{"@type":"ListItem","position":3,"name":"Gem\u00e4lde","item":"https:\/\/dev.eliassen.nl\/de\/gemaelde\/"},{"@type":"ListItem","position":4,"name":"3D-Gem\u00e4lde aus Metall","item":"https:\/\/dev.eliassen.nl\/de\/gemaelde\/3d-gemaelde-aus-metall\/"},{"@type":"ListItem","position":5,"name":"3D-Gem\u00e4lde aus Metall im Format 80x120cm","item":"https:\/\/dev.eliassen.nl\/de\/gemaelde\/3d-gemaelde-aus-metall\/3d-gemaelde-aus-metall-im-format-80x120cm\/"},{"@type":"ListItem","position":6,"name":"3D-Metallgem\u00e4lde dicke Damen im franz\u00f6sischen Caf\u00e9 80x120cm"}]},{"@type":"WebSite","@id":"https:\/\/dev.eliassen.nl\/de\/#website","url":"https:\/\/dev.eliassen.nl\/de\/","name":"Eliassen Home & Garden Pleasure","description":"","publisher":{"@id":"https:\/\/dev.eliassen.nl\/de\/#organization"},"alternateName":"Eliassen.nl","potentialAction":[{"@type":"SearchAction","target":{"@type":"EntryPoint","urlTemplate":"https:\/\/dev.eliassen.nl\/de\/?s={search_term_string}"},"query-input":{"@type":"PropertyValueSpecification","valueRequired":true,"valueName":"search_term_string"}}],"inLanguage":"de"},{"@type":"Organization","@id":"https:\/\/dev.eliassen.nl\/de\/#organization","name":"Eliassen Home & Garden Pleasure","url":"https:\/\/dev.eliassen.nl\/de\/","logo":{"@type":"ImageObject","inLanguage":"de","@id":"https:\/\/dev.eliassen.nl\/de\/#\/schema\/logo\/image\/","url":"https:\/\/www.eliassen.nl\/wp-content\/uploads\/2024\/01\/logo_4nd.jpg","contentUrl":"https:\/\/www.eliassen.nl\/wp-content\/uploads\/2024\/01\/logo_4nd.jpg","width":500,"height":500,"caption":"Eliassen Home & Garden Pleasure"},"image":{"@id":"https:\/\/dev.eliassen.nl\/de\/#\/schema\/logo\/image\/"},"sameAs":["https:\/\/www.facebook.com\/TuincentrumEliassenAmmerzoden","https:\/\/www.instagram.com\/eliassenhomeandgarden\/","https:\/\/nl.pinterest.com\/eliassenhomeandgarden\/","https:\/\/www.youtube.com\/@eliassenhomegardenpleasure4558"]}]}},"df_price":209,"df_sale_price":"","df_regular_price":209,"df_image_link":"https:\/\/dev.eliassen.nl\/wp-content\/uploads\/2024\/01\/3dmetaalschilderijfranscaf80x120cmeliassen.jpg","image":"https:\/\/dev.eliassen.nl\/wp-content\/uploads\/2024\/01\/3dmetaalschilderijfranscaf80x120cmeliassen.jpg","price_search":"<span class=\"woocommerce-Price-amount amount\"><bdi><span class=\"woocommerce-Price-currencySymbol\">&euro;<\/span>&nbsp;209,00<\/bdi><\/span>","category":"3D-Gem\u00e4lde aus Metall","_links":{"self":[{"href":"https:\/\/dev.eliassen.nl\/de\/wp-json\/wp\/v2\/product\/15037","targetHints":{"allow":["GET"]}}],"collection":[{"href":"https:\/\/dev.eliassen.nl\/de\/wp-json\/wp\/v2\/product"}],"about":[{"href":"https:\/\/dev.eliassen.nl\/de\/wp-json\/wp\/v2\/types\/product"}],"wp:featuredmedia":[{"embeddable":true,"href":"https:\/\/dev.eliassen.nl\/de\/wp-json\/wp\/v2\/media\/15034"}],"wp:attachment":[{"href":"https:\/\/dev.eliassen.nl\/de\/wp-json\/wp\/v2\/media?parent=15037"}],"wp:term":[{"taxonomy":"product_brand","embeddable":true,"href":"https:\/\/dev.eliassen.nl\/de\/wp-json\/wp\/v2\/product_brand?post=15037"},{"taxonomy":"product_cat","embeddable":true,"href":"https:\/\/dev.eliassen.nl\/de\/wp-json\/wp\/v2\/product_cat?post=15037"},{"taxonomy":"product_tag","embeddable":true,"href":"https:\/\/dev.eliassen.nl\/de\/wp-json\/wp\/v2\/product_tag?post=15037"}],"curies":[{"name":"wp","href":"https:\/\/api.w.org\/{rel}","templated":true}]}}