{"id":150380,"date":"2024-02-16T09:48:58","date_gmt":"2024-02-16T08:48:58","guid":{"rendered":"https:\/\/www.eliassen.nl\/?product=waterval-posada-61cm"},"modified":"2024-12-05T17:02:06","modified_gmt":"2024-12-05T16:02:06","slug":"wasserfall-posada-61cm","status":"publish","type":"product","link":"https:\/\/dev.eliassen.nl\/de\/wasserfall-posada-61cm\/","title":{"rendered":"Wasserfall Posada 61cm"},"content":{"rendered":"<p>Ein attraktiver Blickfang f\u00fcr Ihren Garten, dieser Wandbrunnen. Dieser 61 cm hohe Wandbrunnen wird durch einen LED-Streifen unter dem Wasserstrahl wundersch\u00f6n beleuchtet, was im Dunkeln f\u00fcr ein wundersch\u00f6nes Schauspiel sorgt.<br \/>Dieser Terrassenbrunnen von Ubbink Outside Living verf\u00fcgt \u00fcber eigenes Wasser, sodass kein Graben erforderlich ist. <strong>M\u00f6chten Sie dieses Modell live sehen? Vereinbaren Sie hierf\u00fcr einen Termin mit uns!<\/strong><\/p>\n<ul>\n<li>Material: Polyresin<\/li>\n<li>Gewicht: 11 kg<\/li>\n<li>Ornamentgr\u00f6\u00dfe: 30 x 40 x 61 cm hoch<\/li>\n<li>Kann ohne Aushub installiert werden<\/li>\n<li>Mit Licht: ja LED-Streifen und Pumpe 872 Liter<\/li>\n<li>L\u00e4nge des Pumpenkabels; 10 Meter<\/li>\n<li>1 Jahr Garantie<\/li>\n<li>Bei Frost Wasser entfernen\/<\/li>\n<li>Schnell geliefert<\/li>\n<\/ul>\n<p>\u00a0<\/p>\n","protected":false},"excerpt":{"rendered":"<p>Kleiner Wandbrunnen mit LED-Streifen<\/p>\n","protected":false},"featured_media":150368,"template":"","meta":{"_acf_changed":false},"product_brand":[6952],"product_cat":[575,572,536,581],"product_tag":[],"class_list":{"0":"post-150380","1":"product","2":"type-product","3":"status-publish","4":"has-post-thumbnail","6":"product_brand-acqua-arte-de","7":"product_cat-ubbink-wasserspiele","8":"product_cat-wandbrunnen","9":"product_cat-wassereigenschaften","10":"product_cat-wasserspiele-aus-kunststoff","12":"first","13":"instock","14":"taxable","15":"shipping-taxable","16":"purchasable","17":"product-type-simple"},"acf":[],"yoast_head":"<!-- This site is optimized with the Yoast SEO plugin v23.8 - https:\/\/yoast.com\/wordpress\/plugins\/seo\/ -->\n<title>Wasserfall Posada 61cm<\/title>\n<meta name=\"description\" content=\"Ubbink-Wandbrunnen, bei Eliassen haben sie viele Outside Living-Modelle auf Lager, schauen Sie in unserem Webshop nach, k\u00f6nnen nach Vereinbarung auch live be...\" \/>\n<meta name=\"robots\" content=\"noindex, follow, max-snippet:-1, max-image-preview:large, max-video-preview:-1\" \/>\n<meta property=\"og:locale\" content=\"de_DE\" \/>\n<meta property=\"og:type\" content=\"article\" \/>\n<meta property=\"og:title\" content=\"Wasserfall Posada 61cm\" \/>\n<meta property=\"og:description\" content=\"Ubbink-Wandbrunnen, bei Eliassen haben sie viele Outside Living-Modelle auf Lager, schauen Sie in unserem Webshop nach, k\u00f6nnen nach Vereinbarung auch live be...\" \/>\n<meta property=\"og:url\" content=\"https:\/\/dev.eliassen.nl\/de\/wasserfall-posada-61cm\/\" \/>\n<meta property=\"og:site_name\" content=\"Eliassen.nl\" \/>\n<meta property=\"article:publisher\" content=\"https:\/\/www.facebook.com\/TuincentrumEliassenAmmerzoden\" \/>\n<meta property=\"article:modified_time\" content=\"2024-12-05T16:02:06+00:00\" \/>\n<meta property=\"og:image\" content=\"https:\/\/dev.eliassen.nl\/wp-content\/uploads\/2024\/10\/watervalposadaubbinkeliassennl1387148.jpg\" \/>\n\t<meta property=\"og:image:width\" content=\"800\" \/>\n\t<meta property=\"og:image:height\" content=\"800\" \/>\n\t<meta property=\"og:image:type\" content=\"image\/jpeg\" \/>\n<meta name=\"twitter:card\" content=\"summary_large_image\" \/>\n<script type=\"application\/ld+json\" class=\"yoast-schema-graph\">{\"@context\":\"https:\/\/schema.org\",\"@graph\":[{\"@type\":\"WebPage\",\"@id\":\"https:\/\/dev.eliassen.nl\/de\/wasserfall-posada-61cm\/\",\"url\":\"https:\/\/dev.eliassen.nl\/de\/wasserfall-posada-61cm\/\",\"name\":\"Wasserfall Posada 61cm\",\"isPartOf\":{\"@id\":\"https:\/\/dev.eliassen.nl\/de\/#website\"},\"primaryImageOfPage\":{\"@id\":\"https:\/\/dev.eliassen.nl\/de\/wasserfall-posada-61cm\/#primaryimage\"},\"image\":{\"@id\":\"https:\/\/dev.eliassen.nl\/de\/wasserfall-posada-61cm\/#primaryimage\"},\"thumbnailUrl\":\"https:\/\/dev.eliassen.nl\/wp-content\/uploads\/2024\/10\/watervalposadaubbinkeliassennl1387148.jpg\",\"datePublished\":\"2024-02-16T08:48:58+00:00\",\"dateModified\":\"2024-12-05T16:02:06+00:00\",\"description\":\"Ubbink-Wandbrunnen, bei Eliassen haben sie viele Outside Living-Modelle auf Lager, schauen Sie in unserem Webshop nach, k\u00f6nnen nach Vereinbarung auch live be...\",\"breadcrumb\":{\"@id\":\"https:\/\/dev.eliassen.nl\/de\/wasserfall-posada-61cm\/#breadcrumb\"},\"inLanguage\":\"de\",\"potentialAction\":[{\"@type\":\"ReadAction\",\"target\":[\"https:\/\/dev.eliassen.nl\/de\/wasserfall-posada-61cm\/\"]}]},{\"@type\":\"ImageObject\",\"inLanguage\":\"de\",\"@id\":\"https:\/\/dev.eliassen.nl\/de\/wasserfall-posada-61cm\/#primaryimage\",\"url\":\"https:\/\/dev.eliassen.nl\/wp-content\/uploads\/2024\/10\/watervalposadaubbinkeliassennl1387148.jpg\",\"contentUrl\":\"https:\/\/dev.eliassen.nl\/wp-content\/uploads\/2024\/10\/watervalposadaubbinkeliassennl1387148.jpg\",\"width\":800,\"height\":800,\"caption\":\"Waterval Posada Ubbink Eliassen.nl 1387148\"},{\"@type\":\"BreadcrumbList\",\"@id\":\"https:\/\/dev.eliassen.nl\/de\/wasserfall-posada-61cm\/#breadcrumb\",\"itemListElement\":[{\"@type\":\"ListItem\",\"position\":1,\"name\":\"Home\",\"item\":\"https:\/\/dev.eliassen.nl\/de\/\"},{\"@type\":\"ListItem\",\"position\":2,\"name\":\"Shop\",\"item\":\"https:\/\/dev.eliassen.nl\/nl\/winkel\/\"},{\"@type\":\"ListItem\",\"position\":3,\"name\":\"Wasserspiele\",\"item\":\"https:\/\/dev.eliassen.nl\/de\/wassereigenschaften\/\"},{\"@type\":\"ListItem\",\"position\":4,\"name\":\"Ubbink-Wasserspiele\",\"item\":\"https:\/\/dev.eliassen.nl\/de\/wassereigenschaften\/ubbink-wasserspiele\/\"},{\"@type\":\"ListItem\",\"position\":5,\"name\":\"Wasserfall Posada 61cm\"}]},{\"@type\":\"WebSite\",\"@id\":\"https:\/\/dev.eliassen.nl\/de\/#website\",\"url\":\"https:\/\/dev.eliassen.nl\/de\/\",\"name\":\"Eliassen Home & Garden Pleasure\",\"description\":\"\",\"publisher\":{\"@id\":\"https:\/\/dev.eliassen.nl\/de\/#organization\"},\"alternateName\":\"Eliassen.nl\",\"potentialAction\":[{\"@type\":\"SearchAction\",\"target\":{\"@type\":\"EntryPoint\",\"urlTemplate\":\"https:\/\/dev.eliassen.nl\/de\/?s={search_term_string}\"},\"query-input\":{\"@type\":\"PropertyValueSpecification\",\"valueRequired\":true,\"valueName\":\"search_term_string\"}}],\"inLanguage\":\"de\"},{\"@type\":\"Organization\",\"@id\":\"https:\/\/dev.eliassen.nl\/de\/#organization\",\"name\":\"Eliassen Home & Garden Pleasure\",\"url\":\"https:\/\/dev.eliassen.nl\/de\/\",\"logo\":{\"@type\":\"ImageObject\",\"inLanguage\":\"de\",\"@id\":\"https:\/\/dev.eliassen.nl\/de\/#\/schema\/logo\/image\/\",\"url\":\"https:\/\/www.eliassen.nl\/wp-content\/uploads\/2024\/01\/logo_4nd.jpg\",\"contentUrl\":\"https:\/\/www.eliassen.nl\/wp-content\/uploads\/2024\/01\/logo_4nd.jpg\",\"width\":500,\"height\":500,\"caption\":\"Eliassen Home & Garden Pleasure\"},\"image\":{\"@id\":\"https:\/\/dev.eliassen.nl\/de\/#\/schema\/logo\/image\/\"},\"sameAs\":[\"https:\/\/www.facebook.com\/TuincentrumEliassenAmmerzoden\",\"https:\/\/www.instagram.com\/eliassenhomeandgarden\/\",\"https:\/\/nl.pinterest.com\/eliassenhomeandgarden\/\",\"https:\/\/www.youtube.com\/@eliassenhomegardenpleasure4558\"]}]}<\/script>\n<!-- \/ Yoast SEO plugin. -->","yoast_head_json":{"title":"Wasserfall Posada 61cm","description":"Ubbink-Wandbrunnen, bei Eliassen haben sie viele Outside Living-Modelle auf Lager, schauen Sie in unserem Webshop nach, k\u00f6nnen nach Vereinbarung auch live be...","robots":{"index":"noindex","follow":"follow","max-snippet":"max-snippet:-1","max-image-preview":"max-image-preview:large","max-video-preview":"max-video-preview:-1"},"og_locale":"de_DE","og_type":"article","og_title":"Wasserfall Posada 61cm","og_description":"Ubbink-Wandbrunnen, bei Eliassen haben sie viele Outside Living-Modelle auf Lager, schauen Sie in unserem Webshop nach, k\u00f6nnen nach Vereinbarung auch live be...","og_url":"https:\/\/dev.eliassen.nl\/de\/wasserfall-posada-61cm\/","og_site_name":"Eliassen.nl","article_publisher":"https:\/\/www.facebook.com\/TuincentrumEliassenAmmerzoden","article_modified_time":"2024-12-05T16:02:06+00:00","og_image":[{"width":800,"height":800,"url":"https:\/\/dev.eliassen.nl\/wp-content\/uploads\/2024\/10\/watervalposadaubbinkeliassennl1387148.jpg","type":"image\/jpeg"}],"twitter_card":"summary_large_image","schema":{"@context":"https:\/\/schema.org","@graph":[{"@type":"WebPage","@id":"https:\/\/dev.eliassen.nl\/de\/wasserfall-posada-61cm\/","url":"https:\/\/dev.eliassen.nl\/de\/wasserfall-posada-61cm\/","name":"Wasserfall Posada 61cm","isPartOf":{"@id":"https:\/\/dev.eliassen.nl\/de\/#website"},"primaryImageOfPage":{"@id":"https:\/\/dev.eliassen.nl\/de\/wasserfall-posada-61cm\/#primaryimage"},"image":{"@id":"https:\/\/dev.eliassen.nl\/de\/wasserfall-posada-61cm\/#primaryimage"},"thumbnailUrl":"https:\/\/dev.eliassen.nl\/wp-content\/uploads\/2024\/10\/watervalposadaubbinkeliassennl1387148.jpg","datePublished":"2024-02-16T08:48:58+00:00","dateModified":"2024-12-05T16:02:06+00:00","description":"Ubbink-Wandbrunnen, bei Eliassen haben sie viele Outside Living-Modelle auf Lager, schauen Sie in unserem Webshop nach, k\u00f6nnen nach Vereinbarung auch live be...","breadcrumb":{"@id":"https:\/\/dev.eliassen.nl\/de\/wasserfall-posada-61cm\/#breadcrumb"},"inLanguage":"de","potentialAction":[{"@type":"ReadAction","target":["https:\/\/dev.eliassen.nl\/de\/wasserfall-posada-61cm\/"]}]},{"@type":"ImageObject","inLanguage":"de","@id":"https:\/\/dev.eliassen.nl\/de\/wasserfall-posada-61cm\/#primaryimage","url":"https:\/\/dev.eliassen.nl\/wp-content\/uploads\/2024\/10\/watervalposadaubbinkeliassennl1387148.jpg","contentUrl":"https:\/\/dev.eliassen.nl\/wp-content\/uploads\/2024\/10\/watervalposadaubbinkeliassennl1387148.jpg","width":800,"height":800,"caption":"Waterval Posada Ubbink Eliassen.nl 1387148"},{"@type":"BreadcrumbList","@id":"https:\/\/dev.eliassen.nl\/de\/wasserfall-posada-61cm\/#breadcrumb","itemListElement":[{"@type":"ListItem","position":1,"name":"Home","item":"https:\/\/dev.eliassen.nl\/de\/"},{"@type":"ListItem","position":2,"name":"Shop","item":"https:\/\/dev.eliassen.nl\/nl\/winkel\/"},{"@type":"ListItem","position":3,"name":"Wasserspiele","item":"https:\/\/dev.eliassen.nl\/de\/wassereigenschaften\/"},{"@type":"ListItem","position":4,"name":"Ubbink-Wasserspiele","item":"https:\/\/dev.eliassen.nl\/de\/wassereigenschaften\/ubbink-wasserspiele\/"},{"@type":"ListItem","position":5,"name":"Wasserfall Posada 61cm"}]},{"@type":"WebSite","@id":"https:\/\/dev.eliassen.nl\/de\/#website","url":"https:\/\/dev.eliassen.nl\/de\/","name":"Eliassen Home & Garden Pleasure","description":"","publisher":{"@id":"https:\/\/dev.eliassen.nl\/de\/#organization"},"alternateName":"Eliassen.nl","potentialAction":[{"@type":"SearchAction","target":{"@type":"EntryPoint","urlTemplate":"https:\/\/dev.eliassen.nl\/de\/?s={search_term_string}"},"query-input":{"@type":"PropertyValueSpecification","valueRequired":true,"valueName":"search_term_string"}}],"inLanguage":"de"},{"@type":"Organization","@id":"https:\/\/dev.eliassen.nl\/de\/#organization","name":"Eliassen Home & Garden Pleasure","url":"https:\/\/dev.eliassen.nl\/de\/","logo":{"@type":"ImageObject","inLanguage":"de","@id":"https:\/\/dev.eliassen.nl\/de\/#\/schema\/logo\/image\/","url":"https:\/\/www.eliassen.nl\/wp-content\/uploads\/2024\/01\/logo_4nd.jpg","contentUrl":"https:\/\/www.eliassen.nl\/wp-content\/uploads\/2024\/01\/logo_4nd.jpg","width":500,"height":500,"caption":"Eliassen Home & Garden Pleasure"},"image":{"@id":"https:\/\/dev.eliassen.nl\/de\/#\/schema\/logo\/image\/"},"sameAs":["https:\/\/www.facebook.com\/TuincentrumEliassenAmmerzoden","https:\/\/www.instagram.com\/eliassenhomeandgarden\/","https:\/\/nl.pinterest.com\/eliassenhomeandgarden\/","https:\/\/www.youtube.com\/@eliassenhomegardenpleasure4558"]}]}},"df_price":249,"df_sale_price":"","df_regular_price":249,"df_image_link":"https:\/\/dev.eliassen.nl\/wp-content\/uploads\/2024\/10\/watervalposadaubbinkeliassennl1387148.jpg","image":"https:\/\/dev.eliassen.nl\/wp-content\/uploads\/2024\/10\/watervalposadaubbinkeliassennl1387148.jpg","price_search":"<span class=\"woocommerce-Price-amount amount\"><bdi><span class=\"woocommerce-Price-currencySymbol\">&euro;<\/span>&nbsp;249,00<\/bdi><\/span>","category":"Ubbink-Wasserspiele","_links":{"self":[{"href":"https:\/\/dev.eliassen.nl\/de\/wp-json\/wp\/v2\/product\/150380","targetHints":{"allow":["GET"]}}],"collection":[{"href":"https:\/\/dev.eliassen.nl\/de\/wp-json\/wp\/v2\/product"}],"about":[{"href":"https:\/\/dev.eliassen.nl\/de\/wp-json\/wp\/v2\/types\/product"}],"wp:featuredmedia":[{"embeddable":true,"href":"https:\/\/dev.eliassen.nl\/de\/wp-json\/wp\/v2\/media\/150368"}],"wp:attachment":[{"href":"https:\/\/dev.eliassen.nl\/de\/wp-json\/wp\/v2\/media?parent=150380"}],"wp:term":[{"taxonomy":"product_brand","embeddable":true,"href":"https:\/\/dev.eliassen.nl\/de\/wp-json\/wp\/v2\/product_brand?post=150380"},{"taxonomy":"product_cat","embeddable":true,"href":"https:\/\/dev.eliassen.nl\/de\/wp-json\/wp\/v2\/product_cat?post=150380"},{"taxonomy":"product_tag","embeddable":true,"href":"https:\/\/dev.eliassen.nl\/de\/wp-json\/wp\/v2\/product_tag?post=150380"}],"curies":[{"name":"wp","href":"https:\/\/api.w.org\/{rel}","templated":true}]}}