{"id":150521,"date":"2024-02-16T11:05:28","date_gmt":"2024-02-16T10:05:28","guid":{"rendered":"https:\/\/www.eliassen.nl\/?product=waterornament-waterval-miras-42cm"},"modified":"2024-12-05T17:02:20","modified_gmt":"2024-12-05T16:02:20","slug":"wasserspiel-wasserfall-miras-42cm","status":"publish","type":"product","link":"https:\/\/dev.eliassen.nl\/de\/wasserspiel-wasserfall-miras-42cm\/","title":{"rendered":"Wasserspiel Wasserfall Miras 42cm"},"content":{"rendered":"<p>Ein echter Hingucker f\u00fcr Ihren Garten, Ihr Zuhause oder Ihr Unternehmen: dieser imitierte Felsenwasserfall mit nat\u00fcrlichem Aussehen. Besonders unter den Pflanzen ist dieser Wasserlauf eine wundersch\u00f6ne Gartendekoration, die eins mit der Umgebung ist. Dieser 42 cm hohe Wasserfall wird durch LEDs an 4 Stellen wundersch\u00f6n beleuchtet, was im Dunkeln ein wundersch\u00f6nes Schauspiel bietet.<br \/>Dieser Wasserfall von Ubbink Outside Living enth\u00e4lt sein eigenes Wasser, sodass kein Graben erforderlich ist. Dieses Modell von Acqua Arte ist auch f\u00fcr den Innenbereich geeignet. Dieses Modell kann auch live besichtigt werden.<\/p>\n<ul>\n<li>Material: Polyresin<\/li>\n<li>Gewicht: 5kg<\/li>\n<li>Ornamentgr\u00f6\u00dfe: 20 x 26 x 42 cm hoch<\/li>\n<li>Kann ohne Aushub installiert werden<\/li>\n<li>Mit Licht: ja, LEDs an 4 Stellen und Pumpe 350 Liter<\/li>\n<li>L\u00e4nge des Pumpenkabels; 10 Meter<\/li>\n<li>1 Jahr Garantie<\/li>\n<li>Bei Frost Wasser entfernen\/<\/li>\n<li>Schnell geliefert<\/li>\n<\/ul>\n","protected":false},"excerpt":{"rendered":"<p>M\u00f6chten Sie hierf\u00fcr den Showroom besuchen? Bitte kontaktieren Sie uns vorab!<\/p>\n","protected":false},"featured_media":150509,"template":"","meta":{"_acf_changed":false},"product_brand":[6952],"product_cat":[575,578,536,581],"product_tag":[],"class_list":{"0":"post-150521","1":"product","2":"type-product","3":"status-publish","4":"has-post-thumbnail","6":"product_brand-acqua-arte-de","7":"product_cat-ubbink-wasserspiele","8":"product_cat-wasserfaelle-und-wasserschalen","9":"product_cat-wassereigenschaften","10":"product_cat-wasserspiele-aus-kunststoff","12":"first","13":"instock","14":"taxable","15":"shipping-taxable","16":"purchasable","17":"product-type-simple"},"acf":[],"yoast_head":"<!-- This site is optimized with the Yoast SEO plugin v23.8 - https:\/\/yoast.com\/wordpress\/plugins\/seo\/ -->\n<title>Wasserspiel Wasserfall Miras 42cm<\/title>\n<meta name=\"description\" content=\"Ubbink Waterfalls, bei Eliassen haben sie viele Outside Living-Modelle auf Lager, schauen Sie in unserem Webshop nach, k\u00f6nnen nach Vereinbarung auch live bes...\" \/>\n<meta name=\"robots\" content=\"noindex, follow, max-snippet:-1, max-image-preview:large, max-video-preview:-1\" \/>\n<meta property=\"og:locale\" content=\"de_DE\" \/>\n<meta property=\"og:type\" content=\"article\" \/>\n<meta property=\"og:title\" content=\"Wasserspiel Wasserfall Miras 42cm\" \/>\n<meta property=\"og:description\" content=\"Ubbink Waterfalls, bei Eliassen haben sie viele Outside Living-Modelle auf Lager, schauen Sie in unserem Webshop nach, k\u00f6nnen nach Vereinbarung auch live bes...\" \/>\n<meta property=\"og:url\" content=\"https:\/\/dev.eliassen.nl\/de\/wasserspiel-wasserfall-miras-42cm\/\" \/>\n<meta property=\"og:site_name\" content=\"Eliassen.nl\" \/>\n<meta property=\"article:publisher\" content=\"https:\/\/www.facebook.com\/TuincentrumEliassenAmmerzoden\" \/>\n<meta property=\"article:modified_time\" content=\"2024-12-05T16:02:20+00:00\" \/>\n<meta property=\"og:image\" content=\"https:\/\/dev.eliassen.nl\/wp-content\/uploads\/2024\/10\/acquaartewaterornamentmiraseliassennl.jpg\" \/>\n\t<meta property=\"og:image:width\" content=\"800\" \/>\n\t<meta property=\"og:image:height\" content=\"800\" \/>\n\t<meta property=\"og:image:type\" content=\"image\/jpeg\" \/>\n<meta name=\"twitter:card\" content=\"summary_large_image\" \/>\n<script type=\"application\/ld+json\" class=\"yoast-schema-graph\">{\"@context\":\"https:\/\/schema.org\",\"@graph\":[{\"@type\":\"WebPage\",\"@id\":\"https:\/\/dev.eliassen.nl\/de\/wasserspiel-wasserfall-miras-42cm\/\",\"url\":\"https:\/\/dev.eliassen.nl\/de\/wasserspiel-wasserfall-miras-42cm\/\",\"name\":\"Wasserspiel Wasserfall Miras 42cm\",\"isPartOf\":{\"@id\":\"https:\/\/dev.eliassen.nl\/de\/#website\"},\"primaryImageOfPage\":{\"@id\":\"https:\/\/dev.eliassen.nl\/de\/wasserspiel-wasserfall-miras-42cm\/#primaryimage\"},\"image\":{\"@id\":\"https:\/\/dev.eliassen.nl\/de\/wasserspiel-wasserfall-miras-42cm\/#primaryimage\"},\"thumbnailUrl\":\"https:\/\/dev.eliassen.nl\/wp-content\/uploads\/2024\/10\/acquaartewaterornamentmiraseliassennl.jpg\",\"datePublished\":\"2024-02-16T10:05:28+00:00\",\"dateModified\":\"2024-12-05T16:02:20+00:00\",\"description\":\"Ubbink Waterfalls, bei Eliassen haben sie viele Outside Living-Modelle auf Lager, schauen Sie in unserem Webshop nach, k\u00f6nnen nach Vereinbarung auch live bes...\",\"breadcrumb\":{\"@id\":\"https:\/\/dev.eliassen.nl\/de\/wasserspiel-wasserfall-miras-42cm\/#breadcrumb\"},\"inLanguage\":\"de\",\"potentialAction\":[{\"@type\":\"ReadAction\",\"target\":[\"https:\/\/dev.eliassen.nl\/de\/wasserspiel-wasserfall-miras-42cm\/\"]}]},{\"@type\":\"ImageObject\",\"inLanguage\":\"de\",\"@id\":\"https:\/\/dev.eliassen.nl\/de\/wasserspiel-wasserfall-miras-42cm\/#primaryimage\",\"url\":\"https:\/\/dev.eliassen.nl\/wp-content\/uploads\/2024\/10\/acquaartewaterornamentmiraseliassennl.jpg\",\"contentUrl\":\"https:\/\/dev.eliassen.nl\/wp-content\/uploads\/2024\/10\/acquaartewaterornamentmiraseliassennl.jpg\",\"width\":800,\"height\":800,\"caption\":\"Acqua arte Waterornament Miras Eliassen.nl\"},{\"@type\":\"BreadcrumbList\",\"@id\":\"https:\/\/dev.eliassen.nl\/de\/wasserspiel-wasserfall-miras-42cm\/#breadcrumb\",\"itemListElement\":[{\"@type\":\"ListItem\",\"position\":1,\"name\":\"Home\",\"item\":\"https:\/\/dev.eliassen.nl\/de\/\"},{\"@type\":\"ListItem\",\"position\":2,\"name\":\"Shop\",\"item\":\"https:\/\/dev.eliassen.nl\/nl\/winkel\/\"},{\"@type\":\"ListItem\",\"position\":3,\"name\":\"Wasserspiele\",\"item\":\"https:\/\/dev.eliassen.nl\/de\/wassereigenschaften\/\"},{\"@type\":\"ListItem\",\"position\":4,\"name\":\"Ubbink-Wasserspiele\",\"item\":\"https:\/\/dev.eliassen.nl\/de\/wassereigenschaften\/ubbink-wasserspiele\/\"},{\"@type\":\"ListItem\",\"position\":5,\"name\":\"Wasserspiel Wasserfall Miras 42cm\"}]},{\"@type\":\"WebSite\",\"@id\":\"https:\/\/dev.eliassen.nl\/de\/#website\",\"url\":\"https:\/\/dev.eliassen.nl\/de\/\",\"name\":\"Eliassen Home & Garden Pleasure\",\"description\":\"\",\"publisher\":{\"@id\":\"https:\/\/dev.eliassen.nl\/de\/#organization\"},\"alternateName\":\"Eliassen.nl\",\"potentialAction\":[{\"@type\":\"SearchAction\",\"target\":{\"@type\":\"EntryPoint\",\"urlTemplate\":\"https:\/\/dev.eliassen.nl\/de\/?s={search_term_string}\"},\"query-input\":{\"@type\":\"PropertyValueSpecification\",\"valueRequired\":true,\"valueName\":\"search_term_string\"}}],\"inLanguage\":\"de\"},{\"@type\":\"Organization\",\"@id\":\"https:\/\/dev.eliassen.nl\/de\/#organization\",\"name\":\"Eliassen Home & Garden Pleasure\",\"url\":\"https:\/\/dev.eliassen.nl\/de\/\",\"logo\":{\"@type\":\"ImageObject\",\"inLanguage\":\"de\",\"@id\":\"https:\/\/dev.eliassen.nl\/de\/#\/schema\/logo\/image\/\",\"url\":\"https:\/\/www.eliassen.nl\/wp-content\/uploads\/2024\/01\/logo_4nd.jpg\",\"contentUrl\":\"https:\/\/www.eliassen.nl\/wp-content\/uploads\/2024\/01\/logo_4nd.jpg\",\"width\":500,\"height\":500,\"caption\":\"Eliassen Home & Garden Pleasure\"},\"image\":{\"@id\":\"https:\/\/dev.eliassen.nl\/de\/#\/schema\/logo\/image\/\"},\"sameAs\":[\"https:\/\/www.facebook.com\/TuincentrumEliassenAmmerzoden\",\"https:\/\/www.instagram.com\/eliassenhomeandgarden\/\",\"https:\/\/nl.pinterest.com\/eliassenhomeandgarden\/\",\"https:\/\/www.youtube.com\/@eliassenhomegardenpleasure4558\"]}]}<\/script>\n<!-- \/ Yoast SEO plugin. -->","yoast_head_json":{"title":"Wasserspiel Wasserfall Miras 42cm","description":"Ubbink Waterfalls, bei Eliassen haben sie viele Outside Living-Modelle auf Lager, schauen Sie in unserem Webshop nach, k\u00f6nnen nach Vereinbarung auch live bes...","robots":{"index":"noindex","follow":"follow","max-snippet":"max-snippet:-1","max-image-preview":"max-image-preview:large","max-video-preview":"max-video-preview:-1"},"og_locale":"de_DE","og_type":"article","og_title":"Wasserspiel Wasserfall Miras 42cm","og_description":"Ubbink Waterfalls, bei Eliassen haben sie viele Outside Living-Modelle auf Lager, schauen Sie in unserem Webshop nach, k\u00f6nnen nach Vereinbarung auch live bes...","og_url":"https:\/\/dev.eliassen.nl\/de\/wasserspiel-wasserfall-miras-42cm\/","og_site_name":"Eliassen.nl","article_publisher":"https:\/\/www.facebook.com\/TuincentrumEliassenAmmerzoden","article_modified_time":"2024-12-05T16:02:20+00:00","og_image":[{"width":800,"height":800,"url":"https:\/\/dev.eliassen.nl\/wp-content\/uploads\/2024\/10\/acquaartewaterornamentmiraseliassennl.jpg","type":"image\/jpeg"}],"twitter_card":"summary_large_image","schema":{"@context":"https:\/\/schema.org","@graph":[{"@type":"WebPage","@id":"https:\/\/dev.eliassen.nl\/de\/wasserspiel-wasserfall-miras-42cm\/","url":"https:\/\/dev.eliassen.nl\/de\/wasserspiel-wasserfall-miras-42cm\/","name":"Wasserspiel Wasserfall Miras 42cm","isPartOf":{"@id":"https:\/\/dev.eliassen.nl\/de\/#website"},"primaryImageOfPage":{"@id":"https:\/\/dev.eliassen.nl\/de\/wasserspiel-wasserfall-miras-42cm\/#primaryimage"},"image":{"@id":"https:\/\/dev.eliassen.nl\/de\/wasserspiel-wasserfall-miras-42cm\/#primaryimage"},"thumbnailUrl":"https:\/\/dev.eliassen.nl\/wp-content\/uploads\/2024\/10\/acquaartewaterornamentmiraseliassennl.jpg","datePublished":"2024-02-16T10:05:28+00:00","dateModified":"2024-12-05T16:02:20+00:00","description":"Ubbink Waterfalls, bei Eliassen haben sie viele Outside Living-Modelle auf Lager, schauen Sie in unserem Webshop nach, k\u00f6nnen nach Vereinbarung auch live bes...","breadcrumb":{"@id":"https:\/\/dev.eliassen.nl\/de\/wasserspiel-wasserfall-miras-42cm\/#breadcrumb"},"inLanguage":"de","potentialAction":[{"@type":"ReadAction","target":["https:\/\/dev.eliassen.nl\/de\/wasserspiel-wasserfall-miras-42cm\/"]}]},{"@type":"ImageObject","inLanguage":"de","@id":"https:\/\/dev.eliassen.nl\/de\/wasserspiel-wasserfall-miras-42cm\/#primaryimage","url":"https:\/\/dev.eliassen.nl\/wp-content\/uploads\/2024\/10\/acquaartewaterornamentmiraseliassennl.jpg","contentUrl":"https:\/\/dev.eliassen.nl\/wp-content\/uploads\/2024\/10\/acquaartewaterornamentmiraseliassennl.jpg","width":800,"height":800,"caption":"Acqua arte Waterornament Miras Eliassen.nl"},{"@type":"BreadcrumbList","@id":"https:\/\/dev.eliassen.nl\/de\/wasserspiel-wasserfall-miras-42cm\/#breadcrumb","itemListElement":[{"@type":"ListItem","position":1,"name":"Home","item":"https:\/\/dev.eliassen.nl\/de\/"},{"@type":"ListItem","position":2,"name":"Shop","item":"https:\/\/dev.eliassen.nl\/nl\/winkel\/"},{"@type":"ListItem","position":3,"name":"Wasserspiele","item":"https:\/\/dev.eliassen.nl\/de\/wassereigenschaften\/"},{"@type":"ListItem","position":4,"name":"Ubbink-Wasserspiele","item":"https:\/\/dev.eliassen.nl\/de\/wassereigenschaften\/ubbink-wasserspiele\/"},{"@type":"ListItem","position":5,"name":"Wasserspiel Wasserfall Miras 42cm"}]},{"@type":"WebSite","@id":"https:\/\/dev.eliassen.nl\/de\/#website","url":"https:\/\/dev.eliassen.nl\/de\/","name":"Eliassen Home & Garden Pleasure","description":"","publisher":{"@id":"https:\/\/dev.eliassen.nl\/de\/#organization"},"alternateName":"Eliassen.nl","potentialAction":[{"@type":"SearchAction","target":{"@type":"EntryPoint","urlTemplate":"https:\/\/dev.eliassen.nl\/de\/?s={search_term_string}"},"query-input":{"@type":"PropertyValueSpecification","valueRequired":true,"valueName":"search_term_string"}}],"inLanguage":"de"},{"@type":"Organization","@id":"https:\/\/dev.eliassen.nl\/de\/#organization","name":"Eliassen Home & Garden Pleasure","url":"https:\/\/dev.eliassen.nl\/de\/","logo":{"@type":"ImageObject","inLanguage":"de","@id":"https:\/\/dev.eliassen.nl\/de\/#\/schema\/logo\/image\/","url":"https:\/\/www.eliassen.nl\/wp-content\/uploads\/2024\/01\/logo_4nd.jpg","contentUrl":"https:\/\/www.eliassen.nl\/wp-content\/uploads\/2024\/01\/logo_4nd.jpg","width":500,"height":500,"caption":"Eliassen Home & Garden Pleasure"},"image":{"@id":"https:\/\/dev.eliassen.nl\/de\/#\/schema\/logo\/image\/"},"sameAs":["https:\/\/www.facebook.com\/TuincentrumEliassenAmmerzoden","https:\/\/www.instagram.com\/eliassenhomeandgarden\/","https:\/\/nl.pinterest.com\/eliassenhomeandgarden\/","https:\/\/www.youtube.com\/@eliassenhomegardenpleasure4558"]}]}},"df_price":125,"df_sale_price":"","df_regular_price":125,"df_image_link":"https:\/\/dev.eliassen.nl\/wp-content\/uploads\/2024\/10\/acquaartewaterornamentmiraseliassennl.jpg","image":"https:\/\/dev.eliassen.nl\/wp-content\/uploads\/2024\/10\/acquaartewaterornamentmiraseliassennl.jpg","price_search":"<span class=\"woocommerce-Price-amount amount\"><bdi><span class=\"woocommerce-Price-currencySymbol\">&euro;<\/span>&nbsp;125,00<\/bdi><\/span>","category":"Ubbink-Wasserspiele","_links":{"self":[{"href":"https:\/\/dev.eliassen.nl\/de\/wp-json\/wp\/v2\/product\/150521","targetHints":{"allow":["GET"]}}],"collection":[{"href":"https:\/\/dev.eliassen.nl\/de\/wp-json\/wp\/v2\/product"}],"about":[{"href":"https:\/\/dev.eliassen.nl\/de\/wp-json\/wp\/v2\/types\/product"}],"wp:featuredmedia":[{"embeddable":true,"href":"https:\/\/dev.eliassen.nl\/de\/wp-json\/wp\/v2\/media\/150509"}],"wp:attachment":[{"href":"https:\/\/dev.eliassen.nl\/de\/wp-json\/wp\/v2\/media?parent=150521"}],"wp:term":[{"taxonomy":"product_brand","embeddable":true,"href":"https:\/\/dev.eliassen.nl\/de\/wp-json\/wp\/v2\/product_brand?post=150521"},{"taxonomy":"product_cat","embeddable":true,"href":"https:\/\/dev.eliassen.nl\/de\/wp-json\/wp\/v2\/product_cat?post=150521"},{"taxonomy":"product_tag","embeddable":true,"href":"https:\/\/dev.eliassen.nl\/de\/wp-json\/wp\/v2\/product_tag?post=150521"}],"curies":[{"name":"wp","href":"https:\/\/api.w.org\/{rel}","templated":true}]}}