{"id":150599,"date":"2024-02-16T11:14:28","date_gmt":"2024-02-16T10:14:28","guid":{"rendered":"https:\/\/www.eliassen.nl\/?product=waterval-xxl-tiros-200cm"},"modified":"2024-12-05T17:02:24","modified_gmt":"2024-12-05T16:02:24","slug":"wasserfall-xxl-tiros-200cm","status":"publish","type":"product","link":"https:\/\/dev.eliassen.nl\/de\/wasserfall-xxl-tiros-200cm\/","title":{"rendered":"Wasserfall XXL Tiros 200cm"},"content":{"rendered":"<p>Ein echter Hingucker f\u00fcr Ihren Garten, Ihr Zuhause oder Ihr Unternehmen: Diese beeindruckende Felswasserlaufimitation mit nat\u00fcrlichem Aussehen. Besonders unter den Pflanzen ist dieser Wasserlauf eine wundersch\u00f6ne Gartendekoration, die eins mit der Umgebung ist. Dieser 200 cm hohe Wasserfall wird an nicht weniger als 8 Stellen wundersch\u00f6n von LEDs beleuchtet, was im Dunkeln ein wundersch\u00f6nes Schauspiel bietet.<br \/>Dieser Wasserfall von Ubbink Outside Living enth\u00e4lt sein eigenes Wasser, sodass kein Graben erforderlich ist. <strong>M\u00f6chten Sie dieses Modell live sehen? Vereinbaren Sie hierf\u00fcr einen Termin mit uns!<\/strong><\/p>\n<ul>\n<li>Material: Polyresin<\/li>\n<li>Gewicht: 40 kg<\/li>\n<li>Ornamentgr\u00f6\u00dfe: 70 x 74 x 200 cm hoch<\/li>\n<li>Kann ohne Aushub installiert werden<\/li>\n<li>Mit Licht: ja, LEDs an 4 Stellen und Pumpe 2300 Liter<\/li>\n<li>Mit unterschiedlichen Farbfenstern f\u00fcr die LEDs<\/li>\n<li>L\u00e4nge des Pumpenkabels; 10 Meter<\/li>\n<li>1 Jahr Garantie<\/li>\n<li>Bei Frost Wasser entfernen\/<\/li>\n<li>Schnell geliefert<\/li>\n<\/ul>\n","protected":false},"excerpt":{"rendered":"<p>Gro\u00dfer Wasserfall mit 8 LEDs<\/p>\n","protected":false},"featured_media":150581,"template":"","meta":{"_acf_changed":false},"product_brand":[6952],"product_cat":[578,536],"product_tag":[],"class_list":{"0":"post-150599","1":"product","2":"type-product","3":"status-publish","4":"has-post-thumbnail","6":"product_brand-acqua-arte-de","7":"product_cat-wasserfaelle-und-wasserschalen","8":"product_cat-wassereigenschaften","10":"first","11":"onbackorder","12":"taxable","13":"shipping-taxable","14":"purchasable","15":"product-type-simple"},"acf":[],"yoast_head":"<!-- This site is optimized with the Yoast SEO plugin v23.8 - https:\/\/yoast.com\/wordpress\/plugins\/seo\/ -->\n<title>Wasserfall XXL Tiros 200cm<\/title>\n<meta name=\"description\" content=\"Ubbink Waterfalls, bei Eliassen haben sie viele Outside Living-Modelle auf Lager, schauen Sie in unserem Webshop nach, k\u00f6nnen nach Vereinbarung auch live bes...\" \/>\n<meta name=\"robots\" content=\"noindex, follow, max-snippet:-1, max-image-preview:large, max-video-preview:-1\" \/>\n<meta property=\"og:locale\" content=\"de_DE\" \/>\n<meta property=\"og:type\" content=\"article\" \/>\n<meta property=\"og:title\" content=\"Wasserfall XXL Tiros 200cm\" \/>\n<meta property=\"og:description\" content=\"Ubbink Waterfalls, bei Eliassen haben sie viele Outside Living-Modelle auf Lager, schauen Sie in unserem Webshop nach, k\u00f6nnen nach Vereinbarung auch live bes...\" \/>\n<meta property=\"og:url\" content=\"https:\/\/dev.eliassen.nl\/de\/wasserfall-xxl-tiros-200cm\/\" \/>\n<meta property=\"og:site_name\" content=\"Eliassen.nl\" \/>\n<meta property=\"article:publisher\" content=\"https:\/\/www.facebook.com\/TuincentrumEliassenAmmerzoden\" \/>\n<meta property=\"article:modified_time\" content=\"2024-12-05T16:02:24+00:00\" \/>\n<meta property=\"og:image\" content=\"https:\/\/dev.eliassen.nl\/wp-content\/uploads\/2024\/10\/acquaartewaterornamenttiroseliassennl.jpg\" \/>\n\t<meta property=\"og:image:width\" content=\"1366\" \/>\n\t<meta property=\"og:image:height\" content=\"2048\" \/>\n\t<meta property=\"og:image:type\" content=\"image\/jpeg\" \/>\n<meta name=\"twitter:card\" content=\"summary_large_image\" \/>\n<script type=\"application\/ld+json\" class=\"yoast-schema-graph\">{\"@context\":\"https:\/\/schema.org\",\"@graph\":[{\"@type\":\"WebPage\",\"@id\":\"https:\/\/dev.eliassen.nl\/de\/wasserfall-xxl-tiros-200cm\/\",\"url\":\"https:\/\/dev.eliassen.nl\/de\/wasserfall-xxl-tiros-200cm\/\",\"name\":\"Wasserfall XXL Tiros 200cm\",\"isPartOf\":{\"@id\":\"https:\/\/dev.eliassen.nl\/de\/#website\"},\"primaryImageOfPage\":{\"@id\":\"https:\/\/dev.eliassen.nl\/de\/wasserfall-xxl-tiros-200cm\/#primaryimage\"},\"image\":{\"@id\":\"https:\/\/dev.eliassen.nl\/de\/wasserfall-xxl-tiros-200cm\/#primaryimage\"},\"thumbnailUrl\":\"https:\/\/dev.eliassen.nl\/wp-content\/uploads\/2024\/10\/acquaartewaterornamenttiroseliassennl.jpg\",\"datePublished\":\"2024-02-16T10:14:28+00:00\",\"dateModified\":\"2024-12-05T16:02:24+00:00\",\"description\":\"Ubbink Waterfalls, bei Eliassen haben sie viele Outside Living-Modelle auf Lager, schauen Sie in unserem Webshop nach, k\u00f6nnen nach Vereinbarung auch live bes...\",\"breadcrumb\":{\"@id\":\"https:\/\/dev.eliassen.nl\/de\/wasserfall-xxl-tiros-200cm\/#breadcrumb\"},\"inLanguage\":\"de\",\"potentialAction\":[{\"@type\":\"ReadAction\",\"target\":[\"https:\/\/dev.eliassen.nl\/de\/wasserfall-xxl-tiros-200cm\/\"]}]},{\"@type\":\"ImageObject\",\"inLanguage\":\"de\",\"@id\":\"https:\/\/dev.eliassen.nl\/de\/wasserfall-xxl-tiros-200cm\/#primaryimage\",\"url\":\"https:\/\/dev.eliassen.nl\/wp-content\/uploads\/2024\/10\/acquaartewaterornamenttiroseliassennl.jpg\",\"contentUrl\":\"https:\/\/dev.eliassen.nl\/wp-content\/uploads\/2024\/10\/acquaartewaterornamenttiroseliassennl.jpg\",\"width\":1366,\"height\":2048,\"caption\":\"Acqua arte Waterornament Tiros Eliassen.nl\"},{\"@type\":\"BreadcrumbList\",\"@id\":\"https:\/\/dev.eliassen.nl\/de\/wasserfall-xxl-tiros-200cm\/#breadcrumb\",\"itemListElement\":[{\"@type\":\"ListItem\",\"position\":1,\"name\":\"Home\",\"item\":\"https:\/\/dev.eliassen.nl\/de\/\"},{\"@type\":\"ListItem\",\"position\":2,\"name\":\"Shop\",\"item\":\"https:\/\/dev.eliassen.nl\/nl\/winkel\/\"},{\"@type\":\"ListItem\",\"position\":3,\"name\":\"Wasserspiele\",\"item\":\"https:\/\/dev.eliassen.nl\/de\/wassereigenschaften\/\"},{\"@type\":\"ListItem\",\"position\":4,\"name\":\"Wasserf\u00e4lle und Wasserschalen\",\"item\":\"https:\/\/dev.eliassen.nl\/de\/wassereigenschaften\/wasserfaelle-und-wasserschalen\/\"},{\"@type\":\"ListItem\",\"position\":5,\"name\":\"Wasserfall XXL Tiros 200cm\"}]},{\"@type\":\"WebSite\",\"@id\":\"https:\/\/dev.eliassen.nl\/de\/#website\",\"url\":\"https:\/\/dev.eliassen.nl\/de\/\",\"name\":\"Eliassen Home & Garden Pleasure\",\"description\":\"\",\"publisher\":{\"@id\":\"https:\/\/dev.eliassen.nl\/de\/#organization\"},\"alternateName\":\"Eliassen.nl\",\"potentialAction\":[{\"@type\":\"SearchAction\",\"target\":{\"@type\":\"EntryPoint\",\"urlTemplate\":\"https:\/\/dev.eliassen.nl\/de\/?s={search_term_string}\"},\"query-input\":{\"@type\":\"PropertyValueSpecification\",\"valueRequired\":true,\"valueName\":\"search_term_string\"}}],\"inLanguage\":\"de\"},{\"@type\":\"Organization\",\"@id\":\"https:\/\/dev.eliassen.nl\/de\/#organization\",\"name\":\"Eliassen Home & Garden Pleasure\",\"url\":\"https:\/\/dev.eliassen.nl\/de\/\",\"logo\":{\"@type\":\"ImageObject\",\"inLanguage\":\"de\",\"@id\":\"https:\/\/dev.eliassen.nl\/de\/#\/schema\/logo\/image\/\",\"url\":\"https:\/\/www.eliassen.nl\/wp-content\/uploads\/2024\/01\/logo_4nd.jpg\",\"contentUrl\":\"https:\/\/www.eliassen.nl\/wp-content\/uploads\/2024\/01\/logo_4nd.jpg\",\"width\":500,\"height\":500,\"caption\":\"Eliassen Home & Garden Pleasure\"},\"image\":{\"@id\":\"https:\/\/dev.eliassen.nl\/de\/#\/schema\/logo\/image\/\"},\"sameAs\":[\"https:\/\/www.facebook.com\/TuincentrumEliassenAmmerzoden\",\"https:\/\/www.instagram.com\/eliassenhomeandgarden\/\",\"https:\/\/nl.pinterest.com\/eliassenhomeandgarden\/\",\"https:\/\/www.youtube.com\/@eliassenhomegardenpleasure4558\"]}]}<\/script>\n<!-- \/ Yoast SEO plugin. -->","yoast_head_json":{"title":"Wasserfall XXL Tiros 200cm","description":"Ubbink Waterfalls, bei Eliassen haben sie viele Outside Living-Modelle auf Lager, schauen Sie in unserem Webshop nach, k\u00f6nnen nach Vereinbarung auch live bes...","robots":{"index":"noindex","follow":"follow","max-snippet":"max-snippet:-1","max-image-preview":"max-image-preview:large","max-video-preview":"max-video-preview:-1"},"og_locale":"de_DE","og_type":"article","og_title":"Wasserfall XXL Tiros 200cm","og_description":"Ubbink Waterfalls, bei Eliassen haben sie viele Outside Living-Modelle auf Lager, schauen Sie in unserem Webshop nach, k\u00f6nnen nach Vereinbarung auch live bes...","og_url":"https:\/\/dev.eliassen.nl\/de\/wasserfall-xxl-tiros-200cm\/","og_site_name":"Eliassen.nl","article_publisher":"https:\/\/www.facebook.com\/TuincentrumEliassenAmmerzoden","article_modified_time":"2024-12-05T16:02:24+00:00","og_image":[{"width":1366,"height":2048,"url":"https:\/\/dev.eliassen.nl\/wp-content\/uploads\/2024\/10\/acquaartewaterornamenttiroseliassennl.jpg","type":"image\/jpeg"}],"twitter_card":"summary_large_image","schema":{"@context":"https:\/\/schema.org","@graph":[{"@type":"WebPage","@id":"https:\/\/dev.eliassen.nl\/de\/wasserfall-xxl-tiros-200cm\/","url":"https:\/\/dev.eliassen.nl\/de\/wasserfall-xxl-tiros-200cm\/","name":"Wasserfall XXL Tiros 200cm","isPartOf":{"@id":"https:\/\/dev.eliassen.nl\/de\/#website"},"primaryImageOfPage":{"@id":"https:\/\/dev.eliassen.nl\/de\/wasserfall-xxl-tiros-200cm\/#primaryimage"},"image":{"@id":"https:\/\/dev.eliassen.nl\/de\/wasserfall-xxl-tiros-200cm\/#primaryimage"},"thumbnailUrl":"https:\/\/dev.eliassen.nl\/wp-content\/uploads\/2024\/10\/acquaartewaterornamenttiroseliassennl.jpg","datePublished":"2024-02-16T10:14:28+00:00","dateModified":"2024-12-05T16:02:24+00:00","description":"Ubbink Waterfalls, bei Eliassen haben sie viele Outside Living-Modelle auf Lager, schauen Sie in unserem Webshop nach, k\u00f6nnen nach Vereinbarung auch live bes...","breadcrumb":{"@id":"https:\/\/dev.eliassen.nl\/de\/wasserfall-xxl-tiros-200cm\/#breadcrumb"},"inLanguage":"de","potentialAction":[{"@type":"ReadAction","target":["https:\/\/dev.eliassen.nl\/de\/wasserfall-xxl-tiros-200cm\/"]}]},{"@type":"ImageObject","inLanguage":"de","@id":"https:\/\/dev.eliassen.nl\/de\/wasserfall-xxl-tiros-200cm\/#primaryimage","url":"https:\/\/dev.eliassen.nl\/wp-content\/uploads\/2024\/10\/acquaartewaterornamenttiroseliassennl.jpg","contentUrl":"https:\/\/dev.eliassen.nl\/wp-content\/uploads\/2024\/10\/acquaartewaterornamenttiroseliassennl.jpg","width":1366,"height":2048,"caption":"Acqua arte Waterornament Tiros Eliassen.nl"},{"@type":"BreadcrumbList","@id":"https:\/\/dev.eliassen.nl\/de\/wasserfall-xxl-tiros-200cm\/#breadcrumb","itemListElement":[{"@type":"ListItem","position":1,"name":"Home","item":"https:\/\/dev.eliassen.nl\/de\/"},{"@type":"ListItem","position":2,"name":"Shop","item":"https:\/\/dev.eliassen.nl\/nl\/winkel\/"},{"@type":"ListItem","position":3,"name":"Wasserspiele","item":"https:\/\/dev.eliassen.nl\/de\/wassereigenschaften\/"},{"@type":"ListItem","position":4,"name":"Wasserf\u00e4lle und Wasserschalen","item":"https:\/\/dev.eliassen.nl\/de\/wassereigenschaften\/wasserfaelle-und-wasserschalen\/"},{"@type":"ListItem","position":5,"name":"Wasserfall XXL Tiros 200cm"}]},{"@type":"WebSite","@id":"https:\/\/dev.eliassen.nl\/de\/#website","url":"https:\/\/dev.eliassen.nl\/de\/","name":"Eliassen Home & Garden Pleasure","description":"","publisher":{"@id":"https:\/\/dev.eliassen.nl\/de\/#organization"},"alternateName":"Eliassen.nl","potentialAction":[{"@type":"SearchAction","target":{"@type":"EntryPoint","urlTemplate":"https:\/\/dev.eliassen.nl\/de\/?s={search_term_string}"},"query-input":{"@type":"PropertyValueSpecification","valueRequired":true,"valueName":"search_term_string"}}],"inLanguage":"de"},{"@type":"Organization","@id":"https:\/\/dev.eliassen.nl\/de\/#organization","name":"Eliassen Home & Garden Pleasure","url":"https:\/\/dev.eliassen.nl\/de\/","logo":{"@type":"ImageObject","inLanguage":"de","@id":"https:\/\/dev.eliassen.nl\/de\/#\/schema\/logo\/image\/","url":"https:\/\/www.eliassen.nl\/wp-content\/uploads\/2024\/01\/logo_4nd.jpg","contentUrl":"https:\/\/www.eliassen.nl\/wp-content\/uploads\/2024\/01\/logo_4nd.jpg","width":500,"height":500,"caption":"Eliassen Home & Garden Pleasure"},"image":{"@id":"https:\/\/dev.eliassen.nl\/de\/#\/schema\/logo\/image\/"},"sameAs":["https:\/\/www.facebook.com\/TuincentrumEliassenAmmerzoden","https:\/\/www.instagram.com\/eliassenhomeandgarden\/","https:\/\/nl.pinterest.com\/eliassenhomeandgarden\/","https:\/\/www.youtube.com\/@eliassenhomegardenpleasure4558"]}]}},"df_price":1595,"df_sale_price":"","df_regular_price":1595,"df_image_link":"https:\/\/dev.eliassen.nl\/wp-content\/uploads\/2024\/10\/acquaartewaterornamenttiroseliassennl.jpg","image":"https:\/\/dev.eliassen.nl\/wp-content\/uploads\/2024\/10\/acquaartewaterornamenttiroseliassennl.jpg","price_search":"<span class=\"woocommerce-Price-amount amount\"><bdi><span class=\"woocommerce-Price-currencySymbol\">&euro;<\/span>&nbsp;1.595,00<\/bdi><\/span>","category":"Wasserf\u00e4lle und Wasserschalen","_links":{"self":[{"href":"https:\/\/dev.eliassen.nl\/de\/wp-json\/wp\/v2\/product\/150599","targetHints":{"allow":["GET"]}}],"collection":[{"href":"https:\/\/dev.eliassen.nl\/de\/wp-json\/wp\/v2\/product"}],"about":[{"href":"https:\/\/dev.eliassen.nl\/de\/wp-json\/wp\/v2\/types\/product"}],"wp:featuredmedia":[{"embeddable":true,"href":"https:\/\/dev.eliassen.nl\/de\/wp-json\/wp\/v2\/media\/150581"}],"wp:attachment":[{"href":"https:\/\/dev.eliassen.nl\/de\/wp-json\/wp\/v2\/media?parent=150599"}],"wp:term":[{"taxonomy":"product_brand","embeddable":true,"href":"https:\/\/dev.eliassen.nl\/de\/wp-json\/wp\/v2\/product_brand?post=150599"},{"taxonomy":"product_cat","embeddable":true,"href":"https:\/\/dev.eliassen.nl\/de\/wp-json\/wp\/v2\/product_cat?post=150599"},{"taxonomy":"product_tag","embeddable":true,"href":"https:\/\/dev.eliassen.nl\/de\/wp-json\/wp\/v2\/product_tag?post=150599"}],"curies":[{"name":"wp","href":"https:\/\/api.w.org\/{rel}","templated":true}]}}