{"id":150764,"date":"2024-02-20T09:44:52","date_gmt":"2024-02-20T08:44:52","guid":{"rendered":"https:\/\/www.eliassen.nl\/?product=glas-sculptuur-hoofd-rood-40cm"},"modified":"2024-12-05T17:02:57","modified_gmt":"2024-12-05T16:02:57","slug":"glasskulptur-kopf-rot-40cm","status":"publish","type":"product","link":"https:\/\/dev.eliassen.nl\/de\/glasskulptur-kopf-rot-40cm\/","title":{"rendered":"Glasskulptur Kopf rot 40cm"},"content":{"rendered":"<p>Dieses einzigartige Dekoobjekt aus Glas in Form eines Frauengesichts ist ein wundersch\u00f6nes Dekorationsst\u00fcck f\u00fcr Ihr Zuhause oder zum Verschenken. Das Gesicht dieser Frau aus Glas wird auf die gleiche Weise hergestellt wie das uralte und ber\u00fchmte Muranoglas aus Italien. Auf authentische Weise mundgeblasen aus verschiedenen Glasfarben, die miteinander verschmolzen sind.<\/p>\n<p>Da diese Glasdekoration nach traditionellen Methoden hergestellt wird, ist jedes St\u00fcck dieser Serie in Form und Farbe einzigartig, sodass Ihre Glasdekoration vom Foto abweichen kann.<\/p>\n<p>Sie k\u00f6nnen diese Glaskunstserie auch in unserem Shop besichtigen.<\/p>\n<ul>\n<li>Von Hand gefertigt, nach der alten Murano-Methode<\/li>\n<li>Aus massivem Glas<\/li>\n<li>Gr\u00f6\u00dfe: 40x30cm<\/li>\n<\/ul>\n<div id=\"gtx-trans\" style=\"position: absolute; left: -248px; top: 32px;\">\n<div class=\"gtx-trans-icon\">\u00a0<\/div>\n<\/div>\n","protected":false},"excerpt":{"rendered":"<p>Wundersch\u00f6nes Glasobjekt mit rotem Gesicht von hoher Qualit\u00e4t.<\/p>\n","protected":false},"featured_media":150755,"template":"","meta":{"_acf_changed":false},"product_brand":[],"product_cat":[800,821,827],"product_tag":[],"class_list":{"0":"post-150764","1":"product","2":"type-product","3":"status-publish","4":"has-post-thumbnail","6":"product_cat-glaskunst","7":"product_cat-glasskulpturen","8":"product_cat-menschen-aus-glas","10":"first","11":"instock","12":"taxable","13":"shipping-taxable","14":"purchasable","15":"product-type-simple"},"acf":[],"yoast_head":"<!-- This site is optimized with the Yoast SEO plugin v23.8 - https:\/\/yoast.com\/wordpress\/plugins\/seo\/ -->\n<title>Glasskulptur Kopf rot 40cm - Eliassen.nl<\/title>\n<meta name=\"description\" content=\"Wundersch\u00f6nes Glasobjekt eines Gesichts in der Farbe Rot. Sehr dekorativ im Zuhause und sch\u00f6n zum Verschenken. Online und im Laden erh\u00e4ltlich. Abmessungen 30...\" \/>\n<meta name=\"robots\" content=\"noindex, follow, max-snippet:-1, max-image-preview:large, max-video-preview:-1\" \/>\n<meta property=\"og:locale\" content=\"de_DE\" \/>\n<meta property=\"og:type\" content=\"article\" \/>\n<meta property=\"og:title\" content=\"Glasskulptur Kopf rot 40cm - Eliassen.nl\" \/>\n<meta property=\"og:description\" content=\"Wundersch\u00f6nes Glasobjekt eines Gesichts in der Farbe Rot. Sehr dekorativ im Zuhause und sch\u00f6n zum Verschenken. Online und im Laden erh\u00e4ltlich. Abmessungen 30...\" \/>\n<meta property=\"og:url\" content=\"https:\/\/dev.eliassen.nl\/de\/glasskulptur-kopf-rot-40cm\/\" \/>\n<meta property=\"og:site_name\" content=\"Eliassen.nl\" \/>\n<meta property=\"article:publisher\" content=\"https:\/\/www.facebook.com\/TuincentrumEliassenAmmerzoden\" \/>\n<meta property=\"article:modified_time\" content=\"2024-12-05T16:02:57+00:00\" \/>\n<meta property=\"og:image\" content=\"https:\/\/dev.eliassen.nl\/wp-content\/uploads\/2024\/10\/hoofdroodvanglaseliassennlgl1423.jpg\" \/>\n\t<meta property=\"og:image:width\" content=\"1200\" \/>\n\t<meta property=\"og:image:height\" content=\"1600\" \/>\n\t<meta property=\"og:image:type\" content=\"image\/jpeg\" \/>\n<meta name=\"twitter:card\" content=\"summary_large_image\" \/>\n<script type=\"application\/ld+json\" class=\"yoast-schema-graph\">{\"@context\":\"https:\/\/schema.org\",\"@graph\":[{\"@type\":\"WebPage\",\"@id\":\"https:\/\/dev.eliassen.nl\/de\/glasskulptur-kopf-rot-40cm\/\",\"url\":\"https:\/\/dev.eliassen.nl\/de\/glasskulptur-kopf-rot-40cm\/\",\"name\":\"Glasskulptur Kopf rot 40cm - Eliassen.nl\",\"isPartOf\":{\"@id\":\"https:\/\/dev.eliassen.nl\/de\/#website\"},\"primaryImageOfPage\":{\"@id\":\"https:\/\/dev.eliassen.nl\/de\/glasskulptur-kopf-rot-40cm\/#primaryimage\"},\"image\":{\"@id\":\"https:\/\/dev.eliassen.nl\/de\/glasskulptur-kopf-rot-40cm\/#primaryimage\"},\"thumbnailUrl\":\"https:\/\/dev.eliassen.nl\/wp-content\/uploads\/2024\/10\/hoofdroodvanglaseliassennlgl1423.jpg\",\"datePublished\":\"2024-02-20T08:44:52+00:00\",\"dateModified\":\"2024-12-05T16:02:57+00:00\",\"description\":\"Wundersch\u00f6nes Glasobjekt eines Gesichts in der Farbe Rot. Sehr dekorativ im Zuhause und sch\u00f6n zum Verschenken. Online und im Laden erh\u00e4ltlich. Abmessungen 30...\",\"breadcrumb\":{\"@id\":\"https:\/\/dev.eliassen.nl\/de\/glasskulptur-kopf-rot-40cm\/#breadcrumb\"},\"inLanguage\":\"de\",\"potentialAction\":[{\"@type\":\"ReadAction\",\"target\":[\"https:\/\/dev.eliassen.nl\/de\/glasskulptur-kopf-rot-40cm\/\"]}]},{\"@type\":\"ImageObject\",\"inLanguage\":\"de\",\"@id\":\"https:\/\/dev.eliassen.nl\/de\/glasskulptur-kopf-rot-40cm\/#primaryimage\",\"url\":\"https:\/\/dev.eliassen.nl\/wp-content\/uploads\/2024\/10\/hoofdroodvanglaseliassennlgl1423.jpg\",\"contentUrl\":\"https:\/\/dev.eliassen.nl\/wp-content\/uploads\/2024\/10\/hoofdroodvanglaseliassennlgl1423.jpg\",\"width\":1200,\"height\":1600,\"caption\":\"Hoofd rood van glas Eliassen.nl GL1423\"},{\"@type\":\"BreadcrumbList\",\"@id\":\"https:\/\/dev.eliassen.nl\/de\/glasskulptur-kopf-rot-40cm\/#breadcrumb\",\"itemListElement\":[{\"@type\":\"ListItem\",\"position\":1,\"name\":\"Home\",\"item\":\"https:\/\/dev.eliassen.nl\/de\/\"},{\"@type\":\"ListItem\",\"position\":2,\"name\":\"Shop\",\"item\":\"https:\/\/dev.eliassen.nl\/nl\/winkel\/\"},{\"@type\":\"ListItem\",\"position\":3,\"name\":\"Glaskunst\",\"item\":\"https:\/\/dev.eliassen.nl\/de\/glaskunst\/\"},{\"@type\":\"ListItem\",\"position\":4,\"name\":\"Glasskulpturen\",\"item\":\"https:\/\/dev.eliassen.nl\/de\/glaskunst\/glasskulpturen\/\"},{\"@type\":\"ListItem\",\"position\":5,\"name\":\"Glasskulptur Kopf rot 40cm\"}]},{\"@type\":\"WebSite\",\"@id\":\"https:\/\/dev.eliassen.nl\/de\/#website\",\"url\":\"https:\/\/dev.eliassen.nl\/de\/\",\"name\":\"Eliassen Home & Garden Pleasure\",\"description\":\"\",\"publisher\":{\"@id\":\"https:\/\/dev.eliassen.nl\/de\/#organization\"},\"alternateName\":\"Eliassen.nl\",\"potentialAction\":[{\"@type\":\"SearchAction\",\"target\":{\"@type\":\"EntryPoint\",\"urlTemplate\":\"https:\/\/dev.eliassen.nl\/de\/?s={search_term_string}\"},\"query-input\":{\"@type\":\"PropertyValueSpecification\",\"valueRequired\":true,\"valueName\":\"search_term_string\"}}],\"inLanguage\":\"de\"},{\"@type\":\"Organization\",\"@id\":\"https:\/\/dev.eliassen.nl\/de\/#organization\",\"name\":\"Eliassen Home & Garden Pleasure\",\"url\":\"https:\/\/dev.eliassen.nl\/de\/\",\"logo\":{\"@type\":\"ImageObject\",\"inLanguage\":\"de\",\"@id\":\"https:\/\/dev.eliassen.nl\/de\/#\/schema\/logo\/image\/\",\"url\":\"https:\/\/www.eliassen.nl\/wp-content\/uploads\/2024\/01\/logo_4nd.jpg\",\"contentUrl\":\"https:\/\/www.eliassen.nl\/wp-content\/uploads\/2024\/01\/logo_4nd.jpg\",\"width\":500,\"height\":500,\"caption\":\"Eliassen Home & Garden Pleasure\"},\"image\":{\"@id\":\"https:\/\/dev.eliassen.nl\/de\/#\/schema\/logo\/image\/\"},\"sameAs\":[\"https:\/\/www.facebook.com\/TuincentrumEliassenAmmerzoden\",\"https:\/\/www.instagram.com\/eliassenhomeandgarden\/\",\"https:\/\/nl.pinterest.com\/eliassenhomeandgarden\/\",\"https:\/\/www.youtube.com\/@eliassenhomegardenpleasure4558\"]}]}<\/script>\n<!-- \/ Yoast SEO plugin. -->","yoast_head_json":{"title":"Glasskulptur Kopf rot 40cm - Eliassen.nl","description":"Wundersch\u00f6nes Glasobjekt eines Gesichts in der Farbe Rot. Sehr dekorativ im Zuhause und sch\u00f6n zum Verschenken. Online und im Laden erh\u00e4ltlich. Abmessungen 30...","robots":{"index":"noindex","follow":"follow","max-snippet":"max-snippet:-1","max-image-preview":"max-image-preview:large","max-video-preview":"max-video-preview:-1"},"og_locale":"de_DE","og_type":"article","og_title":"Glasskulptur Kopf rot 40cm - Eliassen.nl","og_description":"Wundersch\u00f6nes Glasobjekt eines Gesichts in der Farbe Rot. Sehr dekorativ im Zuhause und sch\u00f6n zum Verschenken. Online und im Laden erh\u00e4ltlich. Abmessungen 30...","og_url":"https:\/\/dev.eliassen.nl\/de\/glasskulptur-kopf-rot-40cm\/","og_site_name":"Eliassen.nl","article_publisher":"https:\/\/www.facebook.com\/TuincentrumEliassenAmmerzoden","article_modified_time":"2024-12-05T16:02:57+00:00","og_image":[{"width":1200,"height":1600,"url":"https:\/\/dev.eliassen.nl\/wp-content\/uploads\/2024\/10\/hoofdroodvanglaseliassennlgl1423.jpg","type":"image\/jpeg"}],"twitter_card":"summary_large_image","schema":{"@context":"https:\/\/schema.org","@graph":[{"@type":"WebPage","@id":"https:\/\/dev.eliassen.nl\/de\/glasskulptur-kopf-rot-40cm\/","url":"https:\/\/dev.eliassen.nl\/de\/glasskulptur-kopf-rot-40cm\/","name":"Glasskulptur Kopf rot 40cm - Eliassen.nl","isPartOf":{"@id":"https:\/\/dev.eliassen.nl\/de\/#website"},"primaryImageOfPage":{"@id":"https:\/\/dev.eliassen.nl\/de\/glasskulptur-kopf-rot-40cm\/#primaryimage"},"image":{"@id":"https:\/\/dev.eliassen.nl\/de\/glasskulptur-kopf-rot-40cm\/#primaryimage"},"thumbnailUrl":"https:\/\/dev.eliassen.nl\/wp-content\/uploads\/2024\/10\/hoofdroodvanglaseliassennlgl1423.jpg","datePublished":"2024-02-20T08:44:52+00:00","dateModified":"2024-12-05T16:02:57+00:00","description":"Wundersch\u00f6nes Glasobjekt eines Gesichts in der Farbe Rot. Sehr dekorativ im Zuhause und sch\u00f6n zum Verschenken. Online und im Laden erh\u00e4ltlich. Abmessungen 30...","breadcrumb":{"@id":"https:\/\/dev.eliassen.nl\/de\/glasskulptur-kopf-rot-40cm\/#breadcrumb"},"inLanguage":"de","potentialAction":[{"@type":"ReadAction","target":["https:\/\/dev.eliassen.nl\/de\/glasskulptur-kopf-rot-40cm\/"]}]},{"@type":"ImageObject","inLanguage":"de","@id":"https:\/\/dev.eliassen.nl\/de\/glasskulptur-kopf-rot-40cm\/#primaryimage","url":"https:\/\/dev.eliassen.nl\/wp-content\/uploads\/2024\/10\/hoofdroodvanglaseliassennlgl1423.jpg","contentUrl":"https:\/\/dev.eliassen.nl\/wp-content\/uploads\/2024\/10\/hoofdroodvanglaseliassennlgl1423.jpg","width":1200,"height":1600,"caption":"Hoofd rood van glas Eliassen.nl GL1423"},{"@type":"BreadcrumbList","@id":"https:\/\/dev.eliassen.nl\/de\/glasskulptur-kopf-rot-40cm\/#breadcrumb","itemListElement":[{"@type":"ListItem","position":1,"name":"Home","item":"https:\/\/dev.eliassen.nl\/de\/"},{"@type":"ListItem","position":2,"name":"Shop","item":"https:\/\/dev.eliassen.nl\/nl\/winkel\/"},{"@type":"ListItem","position":3,"name":"Glaskunst","item":"https:\/\/dev.eliassen.nl\/de\/glaskunst\/"},{"@type":"ListItem","position":4,"name":"Glasskulpturen","item":"https:\/\/dev.eliassen.nl\/de\/glaskunst\/glasskulpturen\/"},{"@type":"ListItem","position":5,"name":"Glasskulptur Kopf rot 40cm"}]},{"@type":"WebSite","@id":"https:\/\/dev.eliassen.nl\/de\/#website","url":"https:\/\/dev.eliassen.nl\/de\/","name":"Eliassen Home & Garden Pleasure","description":"","publisher":{"@id":"https:\/\/dev.eliassen.nl\/de\/#organization"},"alternateName":"Eliassen.nl","potentialAction":[{"@type":"SearchAction","target":{"@type":"EntryPoint","urlTemplate":"https:\/\/dev.eliassen.nl\/de\/?s={search_term_string}"},"query-input":{"@type":"PropertyValueSpecification","valueRequired":true,"valueName":"search_term_string"}}],"inLanguage":"de"},{"@type":"Organization","@id":"https:\/\/dev.eliassen.nl\/de\/#organization","name":"Eliassen Home & Garden Pleasure","url":"https:\/\/dev.eliassen.nl\/de\/","logo":{"@type":"ImageObject","inLanguage":"de","@id":"https:\/\/dev.eliassen.nl\/de\/#\/schema\/logo\/image\/","url":"https:\/\/www.eliassen.nl\/wp-content\/uploads\/2024\/01\/logo_4nd.jpg","contentUrl":"https:\/\/www.eliassen.nl\/wp-content\/uploads\/2024\/01\/logo_4nd.jpg","width":500,"height":500,"caption":"Eliassen Home & Garden Pleasure"},"image":{"@id":"https:\/\/dev.eliassen.nl\/de\/#\/schema\/logo\/image\/"},"sameAs":["https:\/\/www.facebook.com\/TuincentrumEliassenAmmerzoden","https:\/\/www.instagram.com\/eliassenhomeandgarden\/","https:\/\/nl.pinterest.com\/eliassenhomeandgarden\/","https:\/\/www.youtube.com\/@eliassenhomegardenpleasure4558"]}]}},"df_price":210,"df_sale_price":"","df_regular_price":210,"df_image_link":"https:\/\/dev.eliassen.nl\/wp-content\/uploads\/2024\/10\/hoofdroodvanglaseliassennlgl1423.jpg","image":"https:\/\/dev.eliassen.nl\/wp-content\/uploads\/2024\/10\/hoofdroodvanglaseliassennlgl1423.jpg","price_search":"<span class=\"woocommerce-Price-amount amount\"><bdi><span class=\"woocommerce-Price-currencySymbol\">&euro;<\/span>&nbsp;210,00<\/bdi><\/span>","category":"Glaskunst","_links":{"self":[{"href":"https:\/\/dev.eliassen.nl\/de\/wp-json\/wp\/v2\/product\/150764","targetHints":{"allow":["GET"]}}],"collection":[{"href":"https:\/\/dev.eliassen.nl\/de\/wp-json\/wp\/v2\/product"}],"about":[{"href":"https:\/\/dev.eliassen.nl\/de\/wp-json\/wp\/v2\/types\/product"}],"wp:featuredmedia":[{"embeddable":true,"href":"https:\/\/dev.eliassen.nl\/de\/wp-json\/wp\/v2\/media\/150755"}],"wp:attachment":[{"href":"https:\/\/dev.eliassen.nl\/de\/wp-json\/wp\/v2\/media?parent=150764"}],"wp:term":[{"taxonomy":"product_brand","embeddable":true,"href":"https:\/\/dev.eliassen.nl\/de\/wp-json\/wp\/v2\/product_brand?post=150764"},{"taxonomy":"product_cat","embeddable":true,"href":"https:\/\/dev.eliassen.nl\/de\/wp-json\/wp\/v2\/product_cat?post=150764"},{"taxonomy":"product_tag","embeddable":true,"href":"https:\/\/dev.eliassen.nl\/de\/wp-json\/wp\/v2\/product_tag?post=150764"}],"curies":[{"name":"wp","href":"https:\/\/api.w.org\/{rel}","templated":true}]}}