{"id":150800,"date":"2024-02-22T09:57:34","date_gmt":"2024-02-22T08:57:34","guid":{"rendered":"https:\/\/www.eliassen.nl\/?product=schilderij-3d-4-kippen-op-stok-120x80cm"},"modified":"2024-12-05T17:03:02","modified_gmt":"2024-12-05T16:03:02","slug":"3d-gemalde-4-huhner-auf-einem-stock-120x80cm","status":"publish","type":"product","link":"https:\/\/dev.eliassen.nl\/de\/3d-gemalde-4-huhner-auf-einem-stock-120x80cm\/","title":{"rendered":"3D-Gem\u00e4lde 4 H\u00fchner auf einem Stock 120x80cm"},"content":{"rendered":"<p>Mit dieser Wanddekoration wird Ihr Zuhause oder Ihr Unternehmen wundersch\u00f6n aussehen. Dieses Modell-Metallgem\u00e4lde mit 4 H\u00fchnern am Stiel im Landhausstil ist komplett handgefertigt. Alles an diesem Wandobjekt ist aus Metall, sowohl der Hintergrund als auch die Figur. Da es von Hand bemalt und hergestellt wird, kann die Farbe geringf\u00fcgig vom Foto abweichen. 3D-Gem\u00e4lde stimmen nie genau mit dem Foto \u00fcberein. Bei diesen etwas groben Gem\u00e4lden kann es immer wieder zu weiteren geringf\u00fcgigen Abweichungen kommen. Manchmal geschieht dies sogar bewusst, um die handgemalte Atmosph\u00e4re zu schaffen.<\/p>\n<p>Dieses Metall ist eine gute Erg\u00e4nzung f\u00fcr Ihr Interieur, wenn Sie Ihr Interieur aufhellen und ihm Gem\u00fctlichkeit verleihen m\u00f6chten. Das 3D-Wandobjekt zeigt warme Farben und ein dezentes Bild. Diese 3D-Wanddekoration sieht in einem Wohnzimmer gro\u00dfartig aus. Aufgrund des passenden stimmungsvollen Bildes wirkt es vor allem in gem\u00fctlichen R\u00e4umen sehr gut.<\/p>\n<ul>\n<li>Gr\u00f6\u00dfe 120x80cm<\/li>\n<li>Einfache Aufh\u00e4ngung mit 2 Schrauben<\/li>\n<li>Schnell geliefert<\/li>\n<li>Handgemalt<\/li>\n<li>1 Jahr Garantie<\/li>\n<li>Kann m\u00f6glicherweise drau\u00dfen unter einem Dach h\u00e4ngen.<\/li>\n<li><strong>Gr\u00f6\u00dfte Sammlung in den Benelux-L\u00e4ndern, die auch live besichtigt werden kann<\/strong><\/li>\n<\/ul>\n<p>\u00a0<\/p>\n","protected":false},"excerpt":{"rendered":"<p>Handgemaltes dreidimensionales Gem\u00e4lde mit 4 H\u00fchnern auf einem Stock.<\/p>\n","protected":false},"featured_media":150797,"template":"","meta":{"_acf_changed":false},"product_brand":[],"product_cat":[419,434,410],"product_tag":[],"class_list":{"0":"post-150800","1":"product","2":"type-product","3":"status-publish","4":"has-post-thumbnail","6":"product_cat-3d-gemaelde-aus-metall","7":"product_cat-3d-gemaelde-aus-metall-im-format-80x120cm","8":"product_cat-gemaelde","10":"first","11":"instock","12":"taxable","13":"shipping-taxable","14":"purchasable","15":"product-type-simple"},"acf":[],"yoast_head":"<!-- This site is optimized with the Yoast SEO plugin v23.8 - https:\/\/yoast.com\/wordpress\/plugins\/seo\/ -->\n<title>3D-Gem\u00e4lde 4 H\u00fchner auf einem Stock 120x80cm<\/title>\n<meta name=\"description\" content=\"Auf der Suche nach einem l\u00e4ndlichen Gem\u00e4lde? Dieses wundersch\u00f6ne Modell ist handgefertigt und hat ein authentisches Aussehen. Eliassen Gr\u00f6\u00dfte Auswahl, fast a...\" \/>\n<meta name=\"robots\" content=\"noindex, follow, max-snippet:-1, max-image-preview:large, max-video-preview:-1\" \/>\n<meta property=\"og:locale\" content=\"de_DE\" \/>\n<meta property=\"og:type\" content=\"article\" \/>\n<meta property=\"og:title\" content=\"3D-Gem\u00e4lde 4 H\u00fchner auf einem Stock 120x80cm\" \/>\n<meta property=\"og:description\" content=\"Auf der Suche nach einem l\u00e4ndlichen Gem\u00e4lde? Dieses wundersch\u00f6ne Modell ist handgefertigt und hat ein authentisches Aussehen. Eliassen Gr\u00f6\u00dfte Auswahl, fast a...\" \/>\n<meta property=\"og:url\" content=\"https:\/\/dev.eliassen.nl\/de\/3d-gemalde-4-huhner-auf-einem-stock-120x80cm\/\" \/>\n<meta property=\"og:site_name\" content=\"Eliassen.nl\" \/>\n<meta property=\"article:publisher\" content=\"https:\/\/www.facebook.com\/TuincentrumEliassenAmmerzoden\" \/>\n<meta property=\"article:modified_time\" content=\"2024-12-05T16:03:02+00:00\" \/>\n<meta property=\"og:image\" content=\"https:\/\/dev.eliassen.nl\/wp-content\/uploads\/2024\/10\/schilderij3dmetaal4kippenopstokeliassennl2.jpg\" \/>\n\t<meta property=\"og:image:width\" content=\"2048\" \/>\n\t<meta property=\"og:image:height\" content=\"1346\" \/>\n\t<meta property=\"og:image:type\" content=\"image\/jpeg\" \/>\n<meta name=\"twitter:card\" content=\"summary_large_image\" \/>\n<script type=\"application\/ld+json\" class=\"yoast-schema-graph\">{\"@context\":\"https:\/\/schema.org\",\"@graph\":[{\"@type\":\"WebPage\",\"@id\":\"https:\/\/dev.eliassen.nl\/de\/3d-gemalde-4-huhner-auf-einem-stock-120x80cm\/\",\"url\":\"https:\/\/dev.eliassen.nl\/de\/3d-gemalde-4-huhner-auf-einem-stock-120x80cm\/\",\"name\":\"3D-Gem\u00e4lde 4 H\u00fchner auf einem Stock 120x80cm\",\"isPartOf\":{\"@id\":\"https:\/\/dev.eliassen.nl\/de\/#website\"},\"primaryImageOfPage\":{\"@id\":\"https:\/\/dev.eliassen.nl\/de\/3d-gemalde-4-huhner-auf-einem-stock-120x80cm\/#primaryimage\"},\"image\":{\"@id\":\"https:\/\/dev.eliassen.nl\/de\/3d-gemalde-4-huhner-auf-einem-stock-120x80cm\/#primaryimage\"},\"thumbnailUrl\":\"https:\/\/dev.eliassen.nl\/wp-content\/uploads\/2024\/10\/schilderij3dmetaal4kippenopstokeliassennl2.jpg\",\"datePublished\":\"2024-02-22T08:57:34+00:00\",\"dateModified\":\"2024-12-05T16:03:02+00:00\",\"description\":\"Auf der Suche nach einem l\u00e4ndlichen Gem\u00e4lde? Dieses wundersch\u00f6ne Modell ist handgefertigt und hat ein authentisches Aussehen. Eliassen Gr\u00f6\u00dfte Auswahl, fast a...\",\"breadcrumb\":{\"@id\":\"https:\/\/dev.eliassen.nl\/de\/3d-gemalde-4-huhner-auf-einem-stock-120x80cm\/#breadcrumb\"},\"inLanguage\":\"de\",\"potentialAction\":[{\"@type\":\"ReadAction\",\"target\":[\"https:\/\/dev.eliassen.nl\/de\/3d-gemalde-4-huhner-auf-einem-stock-120x80cm\/\"]}]},{\"@type\":\"ImageObject\",\"inLanguage\":\"de\",\"@id\":\"https:\/\/dev.eliassen.nl\/de\/3d-gemalde-4-huhner-auf-einem-stock-120x80cm\/#primaryimage\",\"url\":\"https:\/\/dev.eliassen.nl\/wp-content\/uploads\/2024\/10\/schilderij3dmetaal4kippenopstokeliassennl2.jpg\",\"contentUrl\":\"https:\/\/dev.eliassen.nl\/wp-content\/uploads\/2024\/10\/schilderij3dmetaal4kippenopstokeliassennl2.jpg\",\"width\":2048,\"height\":1346,\"caption\":\"Schilderij 3d metaal 4 kippen op stok Eliassen.nl 2302\"},{\"@type\":\"BreadcrumbList\",\"@id\":\"https:\/\/dev.eliassen.nl\/de\/3d-gemalde-4-huhner-auf-einem-stock-120x80cm\/#breadcrumb\",\"itemListElement\":[{\"@type\":\"ListItem\",\"position\":1,\"name\":\"Home\",\"item\":\"https:\/\/dev.eliassen.nl\/de\/\"},{\"@type\":\"ListItem\",\"position\":2,\"name\":\"Shop\",\"item\":\"https:\/\/dev.eliassen.nl\/nl\/winkel\/\"},{\"@type\":\"ListItem\",\"position\":3,\"name\":\"Gem\u00e4lde\",\"item\":\"https:\/\/dev.eliassen.nl\/de\/gemaelde\/\"},{\"@type\":\"ListItem\",\"position\":4,\"name\":\"3D-Gem\u00e4lde aus Metall\",\"item\":\"https:\/\/dev.eliassen.nl\/de\/gemaelde\/3d-gemaelde-aus-metall\/\"},{\"@type\":\"ListItem\",\"position\":5,\"name\":\"3D-Gem\u00e4lde aus Metall im Format 80x120cm\",\"item\":\"https:\/\/dev.eliassen.nl\/de\/gemaelde\/3d-gemaelde-aus-metall\/3d-gemaelde-aus-metall-im-format-80x120cm\/\"},{\"@type\":\"ListItem\",\"position\":6,\"name\":\"3D-Gem\u00e4lde 4 H\u00fchner auf einem Stock 120x80cm\"}]},{\"@type\":\"WebSite\",\"@id\":\"https:\/\/dev.eliassen.nl\/de\/#website\",\"url\":\"https:\/\/dev.eliassen.nl\/de\/\",\"name\":\"Eliassen Home & Garden Pleasure\",\"description\":\"\",\"publisher\":{\"@id\":\"https:\/\/dev.eliassen.nl\/de\/#organization\"},\"alternateName\":\"Eliassen.nl\",\"potentialAction\":[{\"@type\":\"SearchAction\",\"target\":{\"@type\":\"EntryPoint\",\"urlTemplate\":\"https:\/\/dev.eliassen.nl\/de\/?s={search_term_string}\"},\"query-input\":{\"@type\":\"PropertyValueSpecification\",\"valueRequired\":true,\"valueName\":\"search_term_string\"}}],\"inLanguage\":\"de\"},{\"@type\":\"Organization\",\"@id\":\"https:\/\/dev.eliassen.nl\/de\/#organization\",\"name\":\"Eliassen Home & Garden Pleasure\",\"url\":\"https:\/\/dev.eliassen.nl\/de\/\",\"logo\":{\"@type\":\"ImageObject\",\"inLanguage\":\"de\",\"@id\":\"https:\/\/dev.eliassen.nl\/de\/#\/schema\/logo\/image\/\",\"url\":\"https:\/\/www.eliassen.nl\/wp-content\/uploads\/2024\/01\/logo_4nd.jpg\",\"contentUrl\":\"https:\/\/www.eliassen.nl\/wp-content\/uploads\/2024\/01\/logo_4nd.jpg\",\"width\":500,\"height\":500,\"caption\":\"Eliassen Home & Garden Pleasure\"},\"image\":{\"@id\":\"https:\/\/dev.eliassen.nl\/de\/#\/schema\/logo\/image\/\"},\"sameAs\":[\"https:\/\/www.facebook.com\/TuincentrumEliassenAmmerzoden\",\"https:\/\/www.instagram.com\/eliassenhomeandgarden\/\",\"https:\/\/nl.pinterest.com\/eliassenhomeandgarden\/\",\"https:\/\/www.youtube.com\/@eliassenhomegardenpleasure4558\"]}]}<\/script>\n<!-- \/ Yoast SEO plugin. -->","yoast_head_json":{"title":"3D-Gem\u00e4lde 4 H\u00fchner auf einem Stock 120x80cm","description":"Auf der Suche nach einem l\u00e4ndlichen Gem\u00e4lde? Dieses wundersch\u00f6ne Modell ist handgefertigt und hat ein authentisches Aussehen. Eliassen Gr\u00f6\u00dfte Auswahl, fast a...","robots":{"index":"noindex","follow":"follow","max-snippet":"max-snippet:-1","max-image-preview":"max-image-preview:large","max-video-preview":"max-video-preview:-1"},"og_locale":"de_DE","og_type":"article","og_title":"3D-Gem\u00e4lde 4 H\u00fchner auf einem Stock 120x80cm","og_description":"Auf der Suche nach einem l\u00e4ndlichen Gem\u00e4lde? Dieses wundersch\u00f6ne Modell ist handgefertigt und hat ein authentisches Aussehen. Eliassen Gr\u00f6\u00dfte Auswahl, fast a...","og_url":"https:\/\/dev.eliassen.nl\/de\/3d-gemalde-4-huhner-auf-einem-stock-120x80cm\/","og_site_name":"Eliassen.nl","article_publisher":"https:\/\/www.facebook.com\/TuincentrumEliassenAmmerzoden","article_modified_time":"2024-12-05T16:03:02+00:00","og_image":[{"width":2048,"height":1346,"url":"https:\/\/dev.eliassen.nl\/wp-content\/uploads\/2024\/10\/schilderij3dmetaal4kippenopstokeliassennl2.jpg","type":"image\/jpeg"}],"twitter_card":"summary_large_image","schema":{"@context":"https:\/\/schema.org","@graph":[{"@type":"WebPage","@id":"https:\/\/dev.eliassen.nl\/de\/3d-gemalde-4-huhner-auf-einem-stock-120x80cm\/","url":"https:\/\/dev.eliassen.nl\/de\/3d-gemalde-4-huhner-auf-einem-stock-120x80cm\/","name":"3D-Gem\u00e4lde 4 H\u00fchner auf einem Stock 120x80cm","isPartOf":{"@id":"https:\/\/dev.eliassen.nl\/de\/#website"},"primaryImageOfPage":{"@id":"https:\/\/dev.eliassen.nl\/de\/3d-gemalde-4-huhner-auf-einem-stock-120x80cm\/#primaryimage"},"image":{"@id":"https:\/\/dev.eliassen.nl\/de\/3d-gemalde-4-huhner-auf-einem-stock-120x80cm\/#primaryimage"},"thumbnailUrl":"https:\/\/dev.eliassen.nl\/wp-content\/uploads\/2024\/10\/schilderij3dmetaal4kippenopstokeliassennl2.jpg","datePublished":"2024-02-22T08:57:34+00:00","dateModified":"2024-12-05T16:03:02+00:00","description":"Auf der Suche nach einem l\u00e4ndlichen Gem\u00e4lde? Dieses wundersch\u00f6ne Modell ist handgefertigt und hat ein authentisches Aussehen. Eliassen Gr\u00f6\u00dfte Auswahl, fast a...","breadcrumb":{"@id":"https:\/\/dev.eliassen.nl\/de\/3d-gemalde-4-huhner-auf-einem-stock-120x80cm\/#breadcrumb"},"inLanguage":"de","potentialAction":[{"@type":"ReadAction","target":["https:\/\/dev.eliassen.nl\/de\/3d-gemalde-4-huhner-auf-einem-stock-120x80cm\/"]}]},{"@type":"ImageObject","inLanguage":"de","@id":"https:\/\/dev.eliassen.nl\/de\/3d-gemalde-4-huhner-auf-einem-stock-120x80cm\/#primaryimage","url":"https:\/\/dev.eliassen.nl\/wp-content\/uploads\/2024\/10\/schilderij3dmetaal4kippenopstokeliassennl2.jpg","contentUrl":"https:\/\/dev.eliassen.nl\/wp-content\/uploads\/2024\/10\/schilderij3dmetaal4kippenopstokeliassennl2.jpg","width":2048,"height":1346,"caption":"Schilderij 3d metaal 4 kippen op stok Eliassen.nl 2302"},{"@type":"BreadcrumbList","@id":"https:\/\/dev.eliassen.nl\/de\/3d-gemalde-4-huhner-auf-einem-stock-120x80cm\/#breadcrumb","itemListElement":[{"@type":"ListItem","position":1,"name":"Home","item":"https:\/\/dev.eliassen.nl\/de\/"},{"@type":"ListItem","position":2,"name":"Shop","item":"https:\/\/dev.eliassen.nl\/nl\/winkel\/"},{"@type":"ListItem","position":3,"name":"Gem\u00e4lde","item":"https:\/\/dev.eliassen.nl\/de\/gemaelde\/"},{"@type":"ListItem","position":4,"name":"3D-Gem\u00e4lde aus Metall","item":"https:\/\/dev.eliassen.nl\/de\/gemaelde\/3d-gemaelde-aus-metall\/"},{"@type":"ListItem","position":5,"name":"3D-Gem\u00e4lde aus Metall im Format 80x120cm","item":"https:\/\/dev.eliassen.nl\/de\/gemaelde\/3d-gemaelde-aus-metall\/3d-gemaelde-aus-metall-im-format-80x120cm\/"},{"@type":"ListItem","position":6,"name":"3D-Gem\u00e4lde 4 H\u00fchner auf einem Stock 120x80cm"}]},{"@type":"WebSite","@id":"https:\/\/dev.eliassen.nl\/de\/#website","url":"https:\/\/dev.eliassen.nl\/de\/","name":"Eliassen Home & Garden Pleasure","description":"","publisher":{"@id":"https:\/\/dev.eliassen.nl\/de\/#organization"},"alternateName":"Eliassen.nl","potentialAction":[{"@type":"SearchAction","target":{"@type":"EntryPoint","urlTemplate":"https:\/\/dev.eliassen.nl\/de\/?s={search_term_string}"},"query-input":{"@type":"PropertyValueSpecification","valueRequired":true,"valueName":"search_term_string"}}],"inLanguage":"de"},{"@type":"Organization","@id":"https:\/\/dev.eliassen.nl\/de\/#organization","name":"Eliassen Home & Garden Pleasure","url":"https:\/\/dev.eliassen.nl\/de\/","logo":{"@type":"ImageObject","inLanguage":"de","@id":"https:\/\/dev.eliassen.nl\/de\/#\/schema\/logo\/image\/","url":"https:\/\/www.eliassen.nl\/wp-content\/uploads\/2024\/01\/logo_4nd.jpg","contentUrl":"https:\/\/www.eliassen.nl\/wp-content\/uploads\/2024\/01\/logo_4nd.jpg","width":500,"height":500,"caption":"Eliassen Home & Garden Pleasure"},"image":{"@id":"https:\/\/dev.eliassen.nl\/de\/#\/schema\/logo\/image\/"},"sameAs":["https:\/\/www.facebook.com\/TuincentrumEliassenAmmerzoden","https:\/\/www.instagram.com\/eliassenhomeandgarden\/","https:\/\/nl.pinterest.com\/eliassenhomeandgarden\/","https:\/\/www.youtube.com\/@eliassenhomegardenpleasure4558"]}]}},"df_price":209,"df_sale_price":"","df_regular_price":209,"df_image_link":"https:\/\/dev.eliassen.nl\/wp-content\/uploads\/2024\/10\/schilderij3dmetaal4kippenopstokeliassennl2.jpg","image":"https:\/\/dev.eliassen.nl\/wp-content\/uploads\/2024\/10\/schilderij3dmetaal4kippenopstokeliassennl2.jpg","price_search":"<span class=\"woocommerce-Price-amount amount\"><bdi><span class=\"woocommerce-Price-currencySymbol\">&euro;<\/span>&nbsp;209,00<\/bdi><\/span>","category":"3D-Gem\u00e4lde aus Metall","_links":{"self":[{"href":"https:\/\/dev.eliassen.nl\/de\/wp-json\/wp\/v2\/product\/150800","targetHints":{"allow":["GET"]}}],"collection":[{"href":"https:\/\/dev.eliassen.nl\/de\/wp-json\/wp\/v2\/product"}],"about":[{"href":"https:\/\/dev.eliassen.nl\/de\/wp-json\/wp\/v2\/types\/product"}],"wp:featuredmedia":[{"embeddable":true,"href":"https:\/\/dev.eliassen.nl\/de\/wp-json\/wp\/v2\/media\/150797"}],"wp:attachment":[{"href":"https:\/\/dev.eliassen.nl\/de\/wp-json\/wp\/v2\/media?parent=150800"}],"wp:term":[{"taxonomy":"product_brand","embeddable":true,"href":"https:\/\/dev.eliassen.nl\/de\/wp-json\/wp\/v2\/product_brand?post=150800"},{"taxonomy":"product_cat","embeddable":true,"href":"https:\/\/dev.eliassen.nl\/de\/wp-json\/wp\/v2\/product_cat?post=150800"},{"taxonomy":"product_tag","embeddable":true,"href":"https:\/\/dev.eliassen.nl\/de\/wp-json\/wp\/v2\/product_tag?post=150800"}],"curies":[{"name":"wp","href":"https:\/\/api.w.org\/{rel}","templated":true}]}}