{"id":150866,"date":"2024-02-22T18:35:56","date_gmt":"2024-02-22T17:35:56","guid":{"rendered":"https:\/\/www.eliassen.nl\/?product=spiegel-barok-samara-88m"},"modified":"2024-12-05T17:03:14","modified_gmt":"2024-12-05T16:03:14","slug":"barocker-ovaler-spiegel-samara-88m","status":"publish","type":"product","link":"https:\/\/dev.eliassen.nl\/de\/barocker-ovaler-spiegel-samara-88m\/","title":{"rendered":"Barocker ovaler Spiegel Samara 88m"},"content":{"rendered":"<p>Bei Eliassen haben wir eine gro\u00dfe Auswahl an Spiegeln. F\u00fcr jedes Interieur ein passendes Modell.<br \/>Unser Sortiment besteht aus Modellen im klassischen Barockstil, aber auch schlichten Modellen im sogenannten Industriestil.<br \/>Diese Serie moderner Spiegel bietet eine gro\u00dfe Auswahl, ist preisg\u00fcnstig und aus unserem eigenen Lager schnell verf\u00fcgbar.<\/p>\n<p>Versch\u00f6nern Sie Ihr Wohnzimmer, Schlafzimmer oder Flur mit diesem modernen Barockspiegel. Unsere Spiegel machen Ihr Zuhause ger\u00e4umiger und verleihen ihm mehr Dimension. Unsere Spiegelserien sind von hoher Qualit\u00e4t und bieten eine sch\u00f6ne Erg\u00e4nzung f\u00fcr Ihr modernes Interieur oder Ihre B\u00fcro- oder Gesch\u00e4ftsr\u00e4ume.<br \/>Der Spiegel ist von hoher Qualit\u00e4t und besteht aus Glas und Holz. Die Farbe des Rahmens ist Gold und der Spiegel hat einen dicken, matten Rahmen.<\/p>\n<p><strong>In unserem Shop haben wir auch einige Outlet-Modelle, die im Webshop nicht zu finden sind.<\/strong><\/p>\n<ul>\n<li>Au\u00dfenma\u00dfe: 88x78x6cm<\/li>\n<li>Spiegelgr\u00f6\u00dfen: 50x60cm<\/li>\n<li>Form: Leicht oval<\/li>\n<li>Farbe: Gold<\/li>\n<li>Material: Glas und Holz<\/li>\n<li>Bitte beachten Sie, dass wir Spiegel nur dann zur\u00fccknehmen, wenn Sie sie in der Originalverpackung zur\u00fccksenden.<\/li>\n<\/ul>\n","protected":false},"excerpt":{"rendered":"<p>Holzrahmen, facettierter Spiegel.<\/p>\n","protected":false},"featured_media":150863,"template":"","meta":{"_acf_changed":false},"product_brand":[],"product_cat":[1451,509,7051],"product_tag":[],"class_list":{"0":"post-150866","1":"product","2":"type-product","3":"status-publish","4":"has-post-thumbnail","6":"product_cat-barockspiegel","7":"product_cat-wanddekoration","8":"product_cat-spiegel","10":"first","11":"instock","12":"taxable","13":"shipping-taxable","14":"purchasable","15":"product-type-simple"},"acf":[],"yoast_head":"<!-- This site is optimized with the Yoast SEO plugin v23.8 - https:\/\/yoast.com\/wordpress\/plugins\/seo\/ -->\n<title>Barocker ovaler Spiegel Samara 88m - Eliassen.nl<\/title>\n<meta name=\"description\" content=\"Ein wundersch\u00f6ner hoher Spiegel mit einem barocken Rahmen aus Holz in Goldfarbe. Gesamtma\u00dfe: 188x78x6cm. Schnell geliefert und in unserem Ausstellungsraum au...\" \/>\n<meta name=\"robots\" content=\"noindex, follow, max-snippet:-1, max-image-preview:large, max-video-preview:-1\" \/>\n<meta property=\"og:locale\" content=\"de_DE\" \/>\n<meta property=\"og:type\" content=\"article\" \/>\n<meta property=\"og:title\" content=\"Barocker ovaler Spiegel Samara 88m - Eliassen.nl\" \/>\n<meta property=\"og:description\" content=\"Ein wundersch\u00f6ner hoher Spiegel mit einem barocken Rahmen aus Holz in Goldfarbe. Gesamtma\u00dfe: 188x78x6cm. Schnell geliefert und in unserem Ausstellungsraum au...\" \/>\n<meta property=\"og:url\" content=\"https:\/\/dev.eliassen.nl\/de\/barocker-ovaler-spiegel-samara-88m\/\" \/>\n<meta property=\"og:site_name\" content=\"Eliassen.nl\" \/>\n<meta property=\"article:publisher\" content=\"https:\/\/www.facebook.com\/TuincentrumEliassenAmmerzoden\" \/>\n<meta property=\"article:modified_time\" content=\"2024-12-05T16:03:14+00:00\" \/>\n<meta property=\"og:image\" content=\"https:\/\/dev.eliassen.nl\/wp-content\/uploads\/2024\/10\/spiegelovaalsamaraeliassennlsp1009.jpg\" \/>\n\t<meta property=\"og:image:width\" content=\"1200\" \/>\n\t<meta property=\"og:image:height\" content=\"1200\" \/>\n\t<meta property=\"og:image:type\" content=\"image\/jpeg\" \/>\n<meta name=\"twitter:card\" content=\"summary_large_image\" \/>\n<script type=\"application\/ld+json\" class=\"yoast-schema-graph\">{\"@context\":\"https:\/\/schema.org\",\"@graph\":[{\"@type\":\"WebPage\",\"@id\":\"https:\/\/dev.eliassen.nl\/de\/barocker-ovaler-spiegel-samara-88m\/\",\"url\":\"https:\/\/dev.eliassen.nl\/de\/barocker-ovaler-spiegel-samara-88m\/\",\"name\":\"Barocker ovaler Spiegel Samara 88m - Eliassen.nl\",\"isPartOf\":{\"@id\":\"https:\/\/dev.eliassen.nl\/de\/#website\"},\"primaryImageOfPage\":{\"@id\":\"https:\/\/dev.eliassen.nl\/de\/barocker-ovaler-spiegel-samara-88m\/#primaryimage\"},\"image\":{\"@id\":\"https:\/\/dev.eliassen.nl\/de\/barocker-ovaler-spiegel-samara-88m\/#primaryimage\"},\"thumbnailUrl\":\"https:\/\/dev.eliassen.nl\/wp-content\/uploads\/2024\/10\/spiegelovaalsamaraeliassennlsp1009.jpg\",\"datePublished\":\"2024-02-22T17:35:56+00:00\",\"dateModified\":\"2024-12-05T16:03:14+00:00\",\"description\":\"Ein wundersch\u00f6ner hoher Spiegel mit einem barocken Rahmen aus Holz in Goldfarbe. Gesamtma\u00dfe: 188x78x6cm. Schnell geliefert und in unserem Ausstellungsraum au...\",\"breadcrumb\":{\"@id\":\"https:\/\/dev.eliassen.nl\/de\/barocker-ovaler-spiegel-samara-88m\/#breadcrumb\"},\"inLanguage\":\"de\",\"potentialAction\":[{\"@type\":\"ReadAction\",\"target\":[\"https:\/\/dev.eliassen.nl\/de\/barocker-ovaler-spiegel-samara-88m\/\"]}]},{\"@type\":\"ImageObject\",\"inLanguage\":\"de\",\"@id\":\"https:\/\/dev.eliassen.nl\/de\/barocker-ovaler-spiegel-samara-88m\/#primaryimage\",\"url\":\"https:\/\/dev.eliassen.nl\/wp-content\/uploads\/2024\/10\/spiegelovaalsamaraeliassennlsp1009.jpg\",\"contentUrl\":\"https:\/\/dev.eliassen.nl\/wp-content\/uploads\/2024\/10\/spiegelovaalsamaraeliassennlsp1009.jpg\",\"width\":1200,\"height\":1200,\"caption\":\"Spiegel Ovaal Samara Eliassen.nl sp-1009\"},{\"@type\":\"BreadcrumbList\",\"@id\":\"https:\/\/dev.eliassen.nl\/de\/barocker-ovaler-spiegel-samara-88m\/#breadcrumb\",\"itemListElement\":[{\"@type\":\"ListItem\",\"position\":1,\"name\":\"Home\",\"item\":\"https:\/\/dev.eliassen.nl\/de\/\"},{\"@type\":\"ListItem\",\"position\":2,\"name\":\"Shop\",\"item\":\"https:\/\/dev.eliassen.nl\/nl\/winkel\/\"},{\"@type\":\"ListItem\",\"position\":3,\"name\":\"Wanddekoration\",\"item\":\"https:\/\/dev.eliassen.nl\/de\/wanddekoration\/\"},{\"@type\":\"ListItem\",\"position\":4,\"name\":\"Barockspiegel\",\"item\":\"https:\/\/dev.eliassen.nl\/de\/wanddekoration\/barockspiegel\/\"},{\"@type\":\"ListItem\",\"position\":5,\"name\":\"Barocker ovaler Spiegel Samara 88m\"}]},{\"@type\":\"WebSite\",\"@id\":\"https:\/\/dev.eliassen.nl\/de\/#website\",\"url\":\"https:\/\/dev.eliassen.nl\/de\/\",\"name\":\"Eliassen Home & Garden Pleasure\",\"description\":\"\",\"publisher\":{\"@id\":\"https:\/\/dev.eliassen.nl\/de\/#organization\"},\"alternateName\":\"Eliassen.nl\",\"potentialAction\":[{\"@type\":\"SearchAction\",\"target\":{\"@type\":\"EntryPoint\",\"urlTemplate\":\"https:\/\/dev.eliassen.nl\/de\/?s={search_term_string}\"},\"query-input\":{\"@type\":\"PropertyValueSpecification\",\"valueRequired\":true,\"valueName\":\"search_term_string\"}}],\"inLanguage\":\"de\"},{\"@type\":\"Organization\",\"@id\":\"https:\/\/dev.eliassen.nl\/de\/#organization\",\"name\":\"Eliassen Home & Garden Pleasure\",\"url\":\"https:\/\/dev.eliassen.nl\/de\/\",\"logo\":{\"@type\":\"ImageObject\",\"inLanguage\":\"de\",\"@id\":\"https:\/\/dev.eliassen.nl\/de\/#\/schema\/logo\/image\/\",\"url\":\"https:\/\/www.eliassen.nl\/wp-content\/uploads\/2024\/01\/logo_4nd.jpg\",\"contentUrl\":\"https:\/\/www.eliassen.nl\/wp-content\/uploads\/2024\/01\/logo_4nd.jpg\",\"width\":500,\"height\":500,\"caption\":\"Eliassen Home & Garden Pleasure\"},\"image\":{\"@id\":\"https:\/\/dev.eliassen.nl\/de\/#\/schema\/logo\/image\/\"},\"sameAs\":[\"https:\/\/www.facebook.com\/TuincentrumEliassenAmmerzoden\",\"https:\/\/www.instagram.com\/eliassenhomeandgarden\/\",\"https:\/\/nl.pinterest.com\/eliassenhomeandgarden\/\",\"https:\/\/www.youtube.com\/@eliassenhomegardenpleasure4558\"]}]}<\/script>\n<!-- \/ Yoast SEO plugin. -->","yoast_head_json":{"title":"Barocker ovaler Spiegel Samara 88m - Eliassen.nl","description":"Ein wundersch\u00f6ner hoher Spiegel mit einem barocken Rahmen aus Holz in Goldfarbe. Gesamtma\u00dfe: 188x78x6cm. Schnell geliefert und in unserem Ausstellungsraum au...","robots":{"index":"noindex","follow":"follow","max-snippet":"max-snippet:-1","max-image-preview":"max-image-preview:large","max-video-preview":"max-video-preview:-1"},"og_locale":"de_DE","og_type":"article","og_title":"Barocker ovaler Spiegel Samara 88m - Eliassen.nl","og_description":"Ein wundersch\u00f6ner hoher Spiegel mit einem barocken Rahmen aus Holz in Goldfarbe. Gesamtma\u00dfe: 188x78x6cm. Schnell geliefert und in unserem Ausstellungsraum au...","og_url":"https:\/\/dev.eliassen.nl\/de\/barocker-ovaler-spiegel-samara-88m\/","og_site_name":"Eliassen.nl","article_publisher":"https:\/\/www.facebook.com\/TuincentrumEliassenAmmerzoden","article_modified_time":"2024-12-05T16:03:14+00:00","og_image":[{"width":1200,"height":1200,"url":"https:\/\/dev.eliassen.nl\/wp-content\/uploads\/2024\/10\/spiegelovaalsamaraeliassennlsp1009.jpg","type":"image\/jpeg"}],"twitter_card":"summary_large_image","schema":{"@context":"https:\/\/schema.org","@graph":[{"@type":"WebPage","@id":"https:\/\/dev.eliassen.nl\/de\/barocker-ovaler-spiegel-samara-88m\/","url":"https:\/\/dev.eliassen.nl\/de\/barocker-ovaler-spiegel-samara-88m\/","name":"Barocker ovaler Spiegel Samara 88m - Eliassen.nl","isPartOf":{"@id":"https:\/\/dev.eliassen.nl\/de\/#website"},"primaryImageOfPage":{"@id":"https:\/\/dev.eliassen.nl\/de\/barocker-ovaler-spiegel-samara-88m\/#primaryimage"},"image":{"@id":"https:\/\/dev.eliassen.nl\/de\/barocker-ovaler-spiegel-samara-88m\/#primaryimage"},"thumbnailUrl":"https:\/\/dev.eliassen.nl\/wp-content\/uploads\/2024\/10\/spiegelovaalsamaraeliassennlsp1009.jpg","datePublished":"2024-02-22T17:35:56+00:00","dateModified":"2024-12-05T16:03:14+00:00","description":"Ein wundersch\u00f6ner hoher Spiegel mit einem barocken Rahmen aus Holz in Goldfarbe. Gesamtma\u00dfe: 188x78x6cm. Schnell geliefert und in unserem Ausstellungsraum au...","breadcrumb":{"@id":"https:\/\/dev.eliassen.nl\/de\/barocker-ovaler-spiegel-samara-88m\/#breadcrumb"},"inLanguage":"de","potentialAction":[{"@type":"ReadAction","target":["https:\/\/dev.eliassen.nl\/de\/barocker-ovaler-spiegel-samara-88m\/"]}]},{"@type":"ImageObject","inLanguage":"de","@id":"https:\/\/dev.eliassen.nl\/de\/barocker-ovaler-spiegel-samara-88m\/#primaryimage","url":"https:\/\/dev.eliassen.nl\/wp-content\/uploads\/2024\/10\/spiegelovaalsamaraeliassennlsp1009.jpg","contentUrl":"https:\/\/dev.eliassen.nl\/wp-content\/uploads\/2024\/10\/spiegelovaalsamaraeliassennlsp1009.jpg","width":1200,"height":1200,"caption":"Spiegel Ovaal Samara Eliassen.nl sp-1009"},{"@type":"BreadcrumbList","@id":"https:\/\/dev.eliassen.nl\/de\/barocker-ovaler-spiegel-samara-88m\/#breadcrumb","itemListElement":[{"@type":"ListItem","position":1,"name":"Home","item":"https:\/\/dev.eliassen.nl\/de\/"},{"@type":"ListItem","position":2,"name":"Shop","item":"https:\/\/dev.eliassen.nl\/nl\/winkel\/"},{"@type":"ListItem","position":3,"name":"Wanddekoration","item":"https:\/\/dev.eliassen.nl\/de\/wanddekoration\/"},{"@type":"ListItem","position":4,"name":"Barockspiegel","item":"https:\/\/dev.eliassen.nl\/de\/wanddekoration\/barockspiegel\/"},{"@type":"ListItem","position":5,"name":"Barocker ovaler Spiegel Samara 88m"}]},{"@type":"WebSite","@id":"https:\/\/dev.eliassen.nl\/de\/#website","url":"https:\/\/dev.eliassen.nl\/de\/","name":"Eliassen Home & Garden Pleasure","description":"","publisher":{"@id":"https:\/\/dev.eliassen.nl\/de\/#organization"},"alternateName":"Eliassen.nl","potentialAction":[{"@type":"SearchAction","target":{"@type":"EntryPoint","urlTemplate":"https:\/\/dev.eliassen.nl\/de\/?s={search_term_string}"},"query-input":{"@type":"PropertyValueSpecification","valueRequired":true,"valueName":"search_term_string"}}],"inLanguage":"de"},{"@type":"Organization","@id":"https:\/\/dev.eliassen.nl\/de\/#organization","name":"Eliassen Home & Garden Pleasure","url":"https:\/\/dev.eliassen.nl\/de\/","logo":{"@type":"ImageObject","inLanguage":"de","@id":"https:\/\/dev.eliassen.nl\/de\/#\/schema\/logo\/image\/","url":"https:\/\/www.eliassen.nl\/wp-content\/uploads\/2024\/01\/logo_4nd.jpg","contentUrl":"https:\/\/www.eliassen.nl\/wp-content\/uploads\/2024\/01\/logo_4nd.jpg","width":500,"height":500,"caption":"Eliassen Home & Garden Pleasure"},"image":{"@id":"https:\/\/dev.eliassen.nl\/de\/#\/schema\/logo\/image\/"},"sameAs":["https:\/\/www.facebook.com\/TuincentrumEliassenAmmerzoden","https:\/\/www.instagram.com\/eliassenhomeandgarden\/","https:\/\/nl.pinterest.com\/eliassenhomeandgarden\/","https:\/\/www.youtube.com\/@eliassenhomegardenpleasure4558"]}]}},"df_price":179,"df_sale_price":"","df_regular_price":179,"df_image_link":"https:\/\/dev.eliassen.nl\/wp-content\/uploads\/2024\/10\/spiegelovaalsamaraeliassennlsp1009.jpg","image":"https:\/\/dev.eliassen.nl\/wp-content\/uploads\/2024\/10\/spiegelovaalsamaraeliassennlsp1009.jpg","price_search":"<span class=\"woocommerce-Price-amount amount\"><bdi><span class=\"woocommerce-Price-currencySymbol\">&euro;<\/span>&nbsp;179,00<\/bdi><\/span>","category":"Barockspiegel","_links":{"self":[{"href":"https:\/\/dev.eliassen.nl\/de\/wp-json\/wp\/v2\/product\/150866","targetHints":{"allow":["GET"]}}],"collection":[{"href":"https:\/\/dev.eliassen.nl\/de\/wp-json\/wp\/v2\/product"}],"about":[{"href":"https:\/\/dev.eliassen.nl\/de\/wp-json\/wp\/v2\/types\/product"}],"wp:featuredmedia":[{"embeddable":true,"href":"https:\/\/dev.eliassen.nl\/de\/wp-json\/wp\/v2\/media\/150863"}],"wp:attachment":[{"href":"https:\/\/dev.eliassen.nl\/de\/wp-json\/wp\/v2\/media?parent=150866"}],"wp:term":[{"taxonomy":"product_brand","embeddable":true,"href":"https:\/\/dev.eliassen.nl\/de\/wp-json\/wp\/v2\/product_brand?post=150866"},{"taxonomy":"product_cat","embeddable":true,"href":"https:\/\/dev.eliassen.nl\/de\/wp-json\/wp\/v2\/product_cat?post=150866"},{"taxonomy":"product_tag","embeddable":true,"href":"https:\/\/dev.eliassen.nl\/de\/wp-json\/wp\/v2\/product_tag?post=150866"}],"curies":[{"name":"wp","href":"https:\/\/api.w.org\/{rel}","templated":true}]}}