{"id":150920,"date":"2024-02-24T15:36:26","date_gmt":"2024-02-24T14:36:26","guid":{"rendered":"https:\/\/www.eliassen.nl\/?product=tuinvaas-barok-bokkenkoppen-70cm"},"modified":"2024-12-05T17:03:19","modified_gmt":"2024-12-05T16:03:19","slug":"klassische-gartenvase-barock-ziegenkopfe-70cm","status":"publish","type":"product","link":"https:\/\/dev.eliassen.nl\/de\/klassische-gartenvase-barock-ziegenkopfe-70cm\/","title":{"rendered":"Klassische Gartenvase Barock Ziegenk\u00f6pfe 70cm"},"content":{"rendered":"<p><strong>Kombinierbar mit S\u00e4ule 3138 oder 3139<\/strong><\/p>\n<p><strong>Teilen Sie uns in den Kommentaren mit, welche Farbe Sie w\u00fcnschen!<\/strong><\/p>\n<p>Mit dieser klassischen Gartenvase mit Ziegenk\u00f6pfen verleihen Sie Ihrem gro\u00dfen Garten, Ihrer Firma, Ihrem Park oder Ihrem Haus eine sch\u00f6ne und passende Atmosph\u00e4re.<br \/>Diese Gartenvase ist aus massivem Qualit\u00e4tsbeton mit einem sehr hohen Zementanteil gefertigt, sodass sie allen Witterungseinfl\u00fcssen problemlos \u00fcber Jahrzehnte hinweg standh\u00e4lt.<br \/>Durch Witterungseinfl\u00fcsse wird die Optik nach Jahren durch Verwitterung und auf Wunsch durch Moosbildung noch sch\u00f6ner.<br \/>Es ist in 3 verschiedenen Farben erh\u00e4ltlich. Die Farben im echten Leben k\u00f6nnen leicht vom Foto abweichen, da die Farbgebung von Hand erfolgt.<\/p>\n<p>Besuchen Sie gerne unseren Ausstellungsraum, um sich die Farben dieser Topfserie anzusehen und zu sehen, wie \u201esch\u00f6n\u201c diese Serie klassischer Gartenvasen ist. Auf unserem Ausstellungsgel\u00e4nde ist eine angemessene Sammlung dieser Serie aufgebaut!<\/p>\n<ul>\n<li>Gr\u00f6\u00dfe: 70x50cm hoch<\/li>\n<li>Farbe: Rost, Sand oder Antik<\/li>\n<li>Hergestellt aus hochwertigem Kunststein<\/li>\n<li>Komplett handgefertigt und handbemalt<\/li>\n<li><strong>Ein Gro\u00dfteil dieser Serie kann auch in unserem Shop besichtigt werden<\/strong><\/li>\n<\/ul>\n","protected":false},"excerpt":{"rendered":"<p>\u2713 70x50cm \u2713 In 3 Farben<\/p>\n","protected":false},"featured_media":150911,"template":"","meta":{"_acf_changed":false},"product_brand":[],"product_cat":[722,1415],"product_tag":[],"class_list":{"0":"post-150920","1":"product","2":"type-product","3":"status-publish","4":"has-post-thumbnail","6":"product_cat-blumentoepfe-und-pflanzgefaesse","7":"product_cat-grosse-klassische-gartenvasen","9":"first","10":"onbackorder","11":"taxable","12":"shipping-taxable","13":"purchasable","14":"product-type-simple"},"acf":[],"yoast_head":"<!-- This site is optimized with the Yoast SEO plugin v23.8 - https:\/\/yoast.com\/wordpress\/plugins\/seo\/ -->\n<title>Gartenvase Barock Ziegenk\u00f6pfe 70cm - Eliassen.nl<\/title>\n<meta name=\"description\" content=\"Suchen Sie eine klassische Gartenvase? Dieses Modell mit Ziegenk\u00f6pfen ist sehr detailliert und komplett von Hand gefertigt. Erh\u00e4ltlich in 3 Farben aus hochwe...\" \/>\n<meta name=\"robots\" content=\"noindex, follow, max-snippet:-1, max-image-preview:large, max-video-preview:-1\" \/>\n<meta property=\"og:locale\" content=\"de_DE\" \/>\n<meta property=\"og:type\" content=\"article\" \/>\n<meta property=\"og:title\" content=\"Gartenvase Barock Ziegenk\u00f6pfe 70cm - Eliassen.nl\" \/>\n<meta property=\"og:description\" content=\"Suchen Sie eine klassische Gartenvase? Dieses Modell mit Ziegenk\u00f6pfen ist sehr detailliert und komplett von Hand gefertigt. Erh\u00e4ltlich in 3 Farben aus hochwe...\" \/>\n<meta property=\"og:url\" content=\"https:\/\/dev.eliassen.nl\/de\/klassische-gartenvase-barock-ziegenkopfe-70cm\/\" \/>\n<meta property=\"og:site_name\" content=\"Eliassen.nl\" \/>\n<meta property=\"article:publisher\" content=\"https:\/\/www.facebook.com\/TuincentrumEliassenAmmerzoden\" \/>\n<meta property=\"article:modified_time\" content=\"2024-12-05T16:03:19+00:00\" \/>\n<meta property=\"og:image\" content=\"https:\/\/dev.eliassen.nl\/wp-content\/uploads\/2024\/10\/potbarokeliassennl70x50cm.jpg\" \/>\n\t<meta property=\"og:image:width\" content=\"620\" \/>\n\t<meta property=\"og:image:height\" content=\"599\" \/>\n\t<meta property=\"og:image:type\" content=\"image\/jpeg\" \/>\n<meta name=\"twitter:card\" content=\"summary_large_image\" \/>\n<script type=\"application\/ld+json\" class=\"yoast-schema-graph\">{\"@context\":\"https:\/\/schema.org\",\"@graph\":[{\"@type\":\"WebPage\",\"@id\":\"https:\/\/dev.eliassen.nl\/de\/klassische-gartenvase-barock-ziegenkopfe-70cm\/\",\"url\":\"https:\/\/dev.eliassen.nl\/de\/klassische-gartenvase-barock-ziegenkopfe-70cm\/\",\"name\":\"Gartenvase Barock Ziegenk\u00f6pfe 70cm - Eliassen.nl\",\"isPartOf\":{\"@id\":\"https:\/\/dev.eliassen.nl\/de\/#website\"},\"primaryImageOfPage\":{\"@id\":\"https:\/\/dev.eliassen.nl\/de\/klassische-gartenvase-barock-ziegenkopfe-70cm\/#primaryimage\"},\"image\":{\"@id\":\"https:\/\/dev.eliassen.nl\/de\/klassische-gartenvase-barock-ziegenkopfe-70cm\/#primaryimage\"},\"thumbnailUrl\":\"https:\/\/dev.eliassen.nl\/wp-content\/uploads\/2024\/10\/potbarokeliassennl70x50cm.jpg\",\"datePublished\":\"2024-02-24T14:36:26+00:00\",\"dateModified\":\"2024-12-05T16:03:19+00:00\",\"description\":\"Suchen Sie eine klassische Gartenvase? Dieses Modell mit Ziegenk\u00f6pfen ist sehr detailliert und komplett von Hand gefertigt. Erh\u00e4ltlich in 3 Farben aus hochwe...\",\"breadcrumb\":{\"@id\":\"https:\/\/dev.eliassen.nl\/de\/klassische-gartenvase-barock-ziegenkopfe-70cm\/#breadcrumb\"},\"inLanguage\":\"de\",\"potentialAction\":[{\"@type\":\"ReadAction\",\"target\":[\"https:\/\/dev.eliassen.nl\/de\/klassische-gartenvase-barock-ziegenkopfe-70cm\/\"]}]},{\"@type\":\"ImageObject\",\"inLanguage\":\"de\",\"@id\":\"https:\/\/dev.eliassen.nl\/de\/klassische-gartenvase-barock-ziegenkopfe-70cm\/#primaryimage\",\"url\":\"https:\/\/dev.eliassen.nl\/wp-content\/uploads\/2024\/10\/potbarokeliassennl70x50cm.jpg\",\"contentUrl\":\"https:\/\/dev.eliassen.nl\/wp-content\/uploads\/2024\/10\/potbarokeliassennl70x50cm.jpg\",\"width\":620,\"height\":599,\"caption\":\"Pot barok Eliassen.nl 70x50cm\"},{\"@type\":\"BreadcrumbList\",\"@id\":\"https:\/\/dev.eliassen.nl\/de\/klassische-gartenvase-barock-ziegenkopfe-70cm\/#breadcrumb\",\"itemListElement\":[{\"@type\":\"ListItem\",\"position\":1,\"name\":\"Home\",\"item\":\"https:\/\/dev.eliassen.nl\/de\/\"},{\"@type\":\"ListItem\",\"position\":2,\"name\":\"Shop\",\"item\":\"https:\/\/dev.eliassen.nl\/nl\/winkel\/\"},{\"@type\":\"ListItem\",\"position\":3,\"name\":\"Blument\u00f6pfe und Pflanzgef\u00e4\u00dfe\",\"item\":\"https:\/\/dev.eliassen.nl\/de\/blumentoepfe-und-pflanzgefaesse\/\"},{\"@type\":\"ListItem\",\"position\":4,\"name\":\"Klassieke tuinvazen\",\"item\":\"https:\/\/dev.eliassen.nl\/nl\/bloempotten-en-bloembakken\/klassieke-tuinvazen\/\"},{\"@type\":\"ListItem\",\"position\":5,\"name\":\"Gro\u00dfe klassische Gartenvasen\",\"item\":\"https:\/\/dev.eliassen.nl\/de\/blumentoepfe-und-pflanzgefaesse\/klassische-gartenvasen\/grosse-klassische-gartenvasen\/\"},{\"@type\":\"ListItem\",\"position\":6,\"name\":\"Klassische Gartenvase Barock Ziegenk\u00f6pfe 70cm\"}]},{\"@type\":\"WebSite\",\"@id\":\"https:\/\/dev.eliassen.nl\/de\/#website\",\"url\":\"https:\/\/dev.eliassen.nl\/de\/\",\"name\":\"Eliassen Home & Garden Pleasure\",\"description\":\"\",\"publisher\":{\"@id\":\"https:\/\/dev.eliassen.nl\/de\/#organization\"},\"alternateName\":\"Eliassen.nl\",\"potentialAction\":[{\"@type\":\"SearchAction\",\"target\":{\"@type\":\"EntryPoint\",\"urlTemplate\":\"https:\/\/dev.eliassen.nl\/de\/?s={search_term_string}\"},\"query-input\":{\"@type\":\"PropertyValueSpecification\",\"valueRequired\":true,\"valueName\":\"search_term_string\"}}],\"inLanguage\":\"de\"},{\"@type\":\"Organization\",\"@id\":\"https:\/\/dev.eliassen.nl\/de\/#organization\",\"name\":\"Eliassen Home & Garden Pleasure\",\"url\":\"https:\/\/dev.eliassen.nl\/de\/\",\"logo\":{\"@type\":\"ImageObject\",\"inLanguage\":\"de\",\"@id\":\"https:\/\/dev.eliassen.nl\/de\/#\/schema\/logo\/image\/\",\"url\":\"https:\/\/www.eliassen.nl\/wp-content\/uploads\/2024\/01\/logo_4nd.jpg\",\"contentUrl\":\"https:\/\/www.eliassen.nl\/wp-content\/uploads\/2024\/01\/logo_4nd.jpg\",\"width\":500,\"height\":500,\"caption\":\"Eliassen Home & Garden Pleasure\"},\"image\":{\"@id\":\"https:\/\/dev.eliassen.nl\/de\/#\/schema\/logo\/image\/\"},\"sameAs\":[\"https:\/\/www.facebook.com\/TuincentrumEliassenAmmerzoden\",\"https:\/\/www.instagram.com\/eliassenhomeandgarden\/\",\"https:\/\/nl.pinterest.com\/eliassenhomeandgarden\/\",\"https:\/\/www.youtube.com\/@eliassenhomegardenpleasure4558\"]}]}<\/script>\n<!-- \/ Yoast SEO plugin. -->","yoast_head_json":{"title":"Gartenvase Barock Ziegenk\u00f6pfe 70cm - Eliassen.nl","description":"Suchen Sie eine klassische Gartenvase? Dieses Modell mit Ziegenk\u00f6pfen ist sehr detailliert und komplett von Hand gefertigt. Erh\u00e4ltlich in 3 Farben aus hochwe...","robots":{"index":"noindex","follow":"follow","max-snippet":"max-snippet:-1","max-image-preview":"max-image-preview:large","max-video-preview":"max-video-preview:-1"},"og_locale":"de_DE","og_type":"article","og_title":"Gartenvase Barock Ziegenk\u00f6pfe 70cm - Eliassen.nl","og_description":"Suchen Sie eine klassische Gartenvase? Dieses Modell mit Ziegenk\u00f6pfen ist sehr detailliert und komplett von Hand gefertigt. Erh\u00e4ltlich in 3 Farben aus hochwe...","og_url":"https:\/\/dev.eliassen.nl\/de\/klassische-gartenvase-barock-ziegenkopfe-70cm\/","og_site_name":"Eliassen.nl","article_publisher":"https:\/\/www.facebook.com\/TuincentrumEliassenAmmerzoden","article_modified_time":"2024-12-05T16:03:19+00:00","og_image":[{"width":620,"height":599,"url":"https:\/\/dev.eliassen.nl\/wp-content\/uploads\/2024\/10\/potbarokeliassennl70x50cm.jpg","type":"image\/jpeg"}],"twitter_card":"summary_large_image","schema":{"@context":"https:\/\/schema.org","@graph":[{"@type":"WebPage","@id":"https:\/\/dev.eliassen.nl\/de\/klassische-gartenvase-barock-ziegenkopfe-70cm\/","url":"https:\/\/dev.eliassen.nl\/de\/klassische-gartenvase-barock-ziegenkopfe-70cm\/","name":"Gartenvase Barock Ziegenk\u00f6pfe 70cm - Eliassen.nl","isPartOf":{"@id":"https:\/\/dev.eliassen.nl\/de\/#website"},"primaryImageOfPage":{"@id":"https:\/\/dev.eliassen.nl\/de\/klassische-gartenvase-barock-ziegenkopfe-70cm\/#primaryimage"},"image":{"@id":"https:\/\/dev.eliassen.nl\/de\/klassische-gartenvase-barock-ziegenkopfe-70cm\/#primaryimage"},"thumbnailUrl":"https:\/\/dev.eliassen.nl\/wp-content\/uploads\/2024\/10\/potbarokeliassennl70x50cm.jpg","datePublished":"2024-02-24T14:36:26+00:00","dateModified":"2024-12-05T16:03:19+00:00","description":"Suchen Sie eine klassische Gartenvase? Dieses Modell mit Ziegenk\u00f6pfen ist sehr detailliert und komplett von Hand gefertigt. Erh\u00e4ltlich in 3 Farben aus hochwe...","breadcrumb":{"@id":"https:\/\/dev.eliassen.nl\/de\/klassische-gartenvase-barock-ziegenkopfe-70cm\/#breadcrumb"},"inLanguage":"de","potentialAction":[{"@type":"ReadAction","target":["https:\/\/dev.eliassen.nl\/de\/klassische-gartenvase-barock-ziegenkopfe-70cm\/"]}]},{"@type":"ImageObject","inLanguage":"de","@id":"https:\/\/dev.eliassen.nl\/de\/klassische-gartenvase-barock-ziegenkopfe-70cm\/#primaryimage","url":"https:\/\/dev.eliassen.nl\/wp-content\/uploads\/2024\/10\/potbarokeliassennl70x50cm.jpg","contentUrl":"https:\/\/dev.eliassen.nl\/wp-content\/uploads\/2024\/10\/potbarokeliassennl70x50cm.jpg","width":620,"height":599,"caption":"Pot barok Eliassen.nl 70x50cm"},{"@type":"BreadcrumbList","@id":"https:\/\/dev.eliassen.nl\/de\/klassische-gartenvase-barock-ziegenkopfe-70cm\/#breadcrumb","itemListElement":[{"@type":"ListItem","position":1,"name":"Home","item":"https:\/\/dev.eliassen.nl\/de\/"},{"@type":"ListItem","position":2,"name":"Shop","item":"https:\/\/dev.eliassen.nl\/nl\/winkel\/"},{"@type":"ListItem","position":3,"name":"Blument\u00f6pfe und Pflanzgef\u00e4\u00dfe","item":"https:\/\/dev.eliassen.nl\/de\/blumentoepfe-und-pflanzgefaesse\/"},{"@type":"ListItem","position":4,"name":"Klassieke tuinvazen","item":"https:\/\/dev.eliassen.nl\/nl\/bloempotten-en-bloembakken\/klassieke-tuinvazen\/"},{"@type":"ListItem","position":5,"name":"Gro\u00dfe klassische Gartenvasen","item":"https:\/\/dev.eliassen.nl\/de\/blumentoepfe-und-pflanzgefaesse\/klassische-gartenvasen\/grosse-klassische-gartenvasen\/"},{"@type":"ListItem","position":6,"name":"Klassische Gartenvase Barock Ziegenk\u00f6pfe 70cm"}]},{"@type":"WebSite","@id":"https:\/\/dev.eliassen.nl\/de\/#website","url":"https:\/\/dev.eliassen.nl\/de\/","name":"Eliassen Home & Garden Pleasure","description":"","publisher":{"@id":"https:\/\/dev.eliassen.nl\/de\/#organization"},"alternateName":"Eliassen.nl","potentialAction":[{"@type":"SearchAction","target":{"@type":"EntryPoint","urlTemplate":"https:\/\/dev.eliassen.nl\/de\/?s={search_term_string}"},"query-input":{"@type":"PropertyValueSpecification","valueRequired":true,"valueName":"search_term_string"}}],"inLanguage":"de"},{"@type":"Organization","@id":"https:\/\/dev.eliassen.nl\/de\/#organization","name":"Eliassen Home & Garden Pleasure","url":"https:\/\/dev.eliassen.nl\/de\/","logo":{"@type":"ImageObject","inLanguage":"de","@id":"https:\/\/dev.eliassen.nl\/de\/#\/schema\/logo\/image\/","url":"https:\/\/www.eliassen.nl\/wp-content\/uploads\/2024\/01\/logo_4nd.jpg","contentUrl":"https:\/\/www.eliassen.nl\/wp-content\/uploads\/2024\/01\/logo_4nd.jpg","width":500,"height":500,"caption":"Eliassen Home & Garden Pleasure"},"image":{"@id":"https:\/\/dev.eliassen.nl\/de\/#\/schema\/logo\/image\/"},"sameAs":["https:\/\/www.facebook.com\/TuincentrumEliassenAmmerzoden","https:\/\/www.instagram.com\/eliassenhomeandgarden\/","https:\/\/nl.pinterest.com\/eliassenhomeandgarden\/","https:\/\/www.youtube.com\/@eliassenhomegardenpleasure4558"]}]}},"df_price":295,"df_sale_price":"","df_regular_price":295,"df_image_link":"https:\/\/dev.eliassen.nl\/wp-content\/uploads\/2024\/10\/potbarokeliassennl70x50cm.jpg","image":"https:\/\/dev.eliassen.nl\/wp-content\/uploads\/2024\/10\/potbarokeliassennl70x50cm.jpg","price_search":"<span class=\"woocommerce-Price-amount amount\"><bdi><span class=\"woocommerce-Price-currencySymbol\">&euro;<\/span>&nbsp;295,00<\/bdi><\/span>","category":"Blument\u00f6pfe und Pflanzgef\u00e4\u00dfe","_links":{"self":[{"href":"https:\/\/dev.eliassen.nl\/de\/wp-json\/wp\/v2\/product\/150920","targetHints":{"allow":["GET"]}}],"collection":[{"href":"https:\/\/dev.eliassen.nl\/de\/wp-json\/wp\/v2\/product"}],"about":[{"href":"https:\/\/dev.eliassen.nl\/de\/wp-json\/wp\/v2\/types\/product"}],"wp:featuredmedia":[{"embeddable":true,"href":"https:\/\/dev.eliassen.nl\/de\/wp-json\/wp\/v2\/media\/150911"}],"wp:attachment":[{"href":"https:\/\/dev.eliassen.nl\/de\/wp-json\/wp\/v2\/media?parent=150920"}],"wp:term":[{"taxonomy":"product_brand","embeddable":true,"href":"https:\/\/dev.eliassen.nl\/de\/wp-json\/wp\/v2\/product_brand?post=150920"},{"taxonomy":"product_cat","embeddable":true,"href":"https:\/\/dev.eliassen.nl\/de\/wp-json\/wp\/v2\/product_cat?post=150920"},{"taxonomy":"product_tag","embeddable":true,"href":"https:\/\/dev.eliassen.nl\/de\/wp-json\/wp\/v2\/product_tag?post=150920"}],"curies":[{"name":"wp","href":"https:\/\/api.w.org\/{rel}","templated":true}]}}