{"id":151241,"date":"2024-03-05T18:50:30","date_gmt":"2024-03-05T17:50:30","guid":{"rendered":"https:\/\/www.eliassen.nl\/?product=waterornamenten-set-curve-75cm-compleet"},"modified":"2024-08-27T15:19:09","modified_gmt":"2024-08-27T15:19:09","slug":"wasserspielset-curve-75cm-komplett","status":"publish","type":"product","link":"https:\/\/dev.eliassen.nl\/de\/wasserspielset-curve-75cm-komplett\/","title":{"rendered":"Wasserspielset Curve 75cm komplett"},"content":{"rendered":"<p>Ein wundersch\u00f6nes komplettes Wasserspiel-Set, das sonst nirgendwo erh\u00e4ltlich ist!<\/p>\n<p>Ein wundersch\u00f6n geschwungener polierter Marmorstein, vor dem sich ein halbrundes Edelstahlrohr befindet. Ein sch\u00f6ner Kontrast, wenn das Wasser dar\u00fcber l\u00e4uft. Auch im Dunkeln ein sch\u00f6nes Lichtspiel durch den mitgelieferten Strahler. Die Steingr\u00f6\u00dfe betr\u00e4gt 51 x 75 cm.<\/p>\n<p>Dieses Set ist super komplett, Sie m\u00fcssen nichts mehr kaufen:<\/p>\n<p>Dieses Set besteht aus:<\/p>\n<ul>\n<li>Ornament<\/li>\n<li>Wassertank 230 ltr, Durchmesser 84 cm (gro\u00dfe Wasserkapazit\u00e4t &gt; wenig Nachf\u00fcllen)<\/li>\n<li>Raster 80x80cm<\/li>\n<li>K\u00fchlergrillabdeckung<\/li>\n<li>Spritzschutzfolie 100x100cm<\/li>\n<li>Grilltuch<\/li>\n<li>Pumpe Pontec 3000<\/li>\n<li>Schlauch 3\/4<\/li>\n<li>2x Schaumstoffringe<\/li>\n<li>Pflege von klarem Brunnenwasser<\/li>\n<li>Spot Pontec Pondostar<\/li>\n<li>2x Beutel Dekokiesel gemischt<\/li>\n<li>Strukturbeschreibung<\/li>\n<\/ul>\n<p>\u00a0<\/p>\n","protected":false},"excerpt":{"rendered":"<p>Einzigartiges halbrundes Modell-Wasserspiel<\/p>\n","protected":false},"featured_media":151235,"template":"","meta":{"_acf_changed":false},"product_brand":[],"product_cat":[554,536],"product_tag":[],"class_list":{"0":"post-151241","1":"product","2":"type-product","3":"status-publish","4":"has-post-thumbnail","6":"product_cat-wasserspiel-mit-grabbecken","7":"product_cat-wassereigenschaften","9":"first","10":"instock","11":"sale","12":"taxable","13":"shipping-taxable","14":"purchasable","15":"product-type-simple"},"acf":[],"yoast_head":"<!-- This site is optimized with the Yoast SEO plugin v23.8 - https:\/\/yoast.com\/wordpress\/plugins\/seo\/ -->\n<title>Wasserspielset Curve 75cm komplett<\/title>\n<meta name=\"description\" content=\"Wasserspiele, die gr\u00f6\u00dfte Auswahl finden Sie bei Eliassen, auch live zu sehen!\" \/>\n<meta name=\"robots\" content=\"noindex, follow, max-snippet:-1, max-image-preview:large, max-video-preview:-1\" \/>\n<meta property=\"og:locale\" content=\"de_DE\" \/>\n<meta property=\"og:type\" content=\"article\" \/>\n<meta property=\"og:title\" content=\"Wasserspielset Curve 75cm komplett\" \/>\n<meta property=\"og:description\" content=\"Wasserspiele, die gr\u00f6\u00dfte Auswahl finden Sie bei Eliassen, auch live zu sehen!\" \/>\n<meta property=\"og:url\" content=\"https:\/\/dev.eliassen.nl\/de\/wasserspielset-curve-75cm-komplett\/\" \/>\n<meta property=\"og:site_name\" content=\"Eliassen.nl\" \/>\n<meta property=\"article:publisher\" content=\"https:\/\/www.facebook.com\/TuincentrumEliassenAmmerzoden\" \/>\n<meta property=\"article:modified_time\" content=\"2024-08-27T15:19:09+00:00\" \/>\n<meta property=\"og:image\" content=\"https:\/\/dev.eliassen.nl\/wp-content\/uploads\/2024\/10\/tb06polish75cm.jpg\" \/>\n\t<meta property=\"og:image:width\" content=\"355\" \/>\n\t<meta property=\"og:image:height\" content=\"473\" \/>\n\t<meta property=\"og:image:type\" content=\"image\/jpeg\" \/>\n<meta name=\"twitter:card\" content=\"summary_large_image\" \/>\n<script type=\"application\/ld+json\" class=\"yoast-schema-graph\">{\"@context\":\"https:\/\/schema.org\",\"@graph\":[{\"@type\":\"WebPage\",\"@id\":\"https:\/\/dev.eliassen.nl\/de\/wasserspielset-curve-75cm-komplett\/\",\"url\":\"https:\/\/dev.eliassen.nl\/de\/wasserspielset-curve-75cm-komplett\/\",\"name\":\"Wasserspielset Curve 75cm komplett\",\"isPartOf\":{\"@id\":\"https:\/\/dev.eliassen.nl\/de\/#website\"},\"primaryImageOfPage\":{\"@id\":\"https:\/\/dev.eliassen.nl\/de\/wasserspielset-curve-75cm-komplett\/#primaryimage\"},\"image\":{\"@id\":\"https:\/\/dev.eliassen.nl\/de\/wasserspielset-curve-75cm-komplett\/#primaryimage\"},\"thumbnailUrl\":\"https:\/\/dev.eliassen.nl\/wp-content\/uploads\/2024\/10\/tb06polish75cm.jpg\",\"datePublished\":\"2024-03-05T17:50:30+00:00\",\"dateModified\":\"2024-08-27T15:19:09+00:00\",\"description\":\"Wasserspiele, die gr\u00f6\u00dfte Auswahl finden Sie bei Eliassen, auch live zu sehen!\",\"breadcrumb\":{\"@id\":\"https:\/\/dev.eliassen.nl\/de\/wasserspielset-curve-75cm-komplett\/#breadcrumb\"},\"inLanguage\":\"de\",\"potentialAction\":[{\"@type\":\"ReadAction\",\"target\":[\"https:\/\/dev.eliassen.nl\/de\/wasserspielset-curve-75cm-komplett\/\"]}]},{\"@type\":\"ImageObject\",\"inLanguage\":\"de\",\"@id\":\"https:\/\/dev.eliassen.nl\/de\/wasserspielset-curve-75cm-komplett\/#primaryimage\",\"url\":\"https:\/\/dev.eliassen.nl\/wp-content\/uploads\/2024\/10\/tb06polish75cm.jpg\",\"contentUrl\":\"https:\/\/dev.eliassen.nl\/wp-content\/uploads\/2024\/10\/tb06polish75cm.jpg\",\"width\":355,\"height\":473,\"caption\":\"TB06 POLISH-75cm\"},{\"@type\":\"BreadcrumbList\",\"@id\":\"https:\/\/dev.eliassen.nl\/de\/wasserspielset-curve-75cm-komplett\/#breadcrumb\",\"itemListElement\":[{\"@type\":\"ListItem\",\"position\":1,\"name\":\"Home\",\"item\":\"https:\/\/dev.eliassen.nl\/de\/\"},{\"@type\":\"ListItem\",\"position\":2,\"name\":\"Shop\",\"item\":\"https:\/\/dev.eliassen.nl\/nl\/winkel\/\"},{\"@type\":\"ListItem\",\"position\":3,\"name\":\"Wasserspiele\",\"item\":\"https:\/\/dev.eliassen.nl\/de\/wassereigenschaften\/\"},{\"@type\":\"ListItem\",\"position\":4,\"name\":\"Wasserspiel mit Grabbecken\",\"item\":\"https:\/\/dev.eliassen.nl\/de\/wassereigenschaften\/wasserspiel-mit-grabbecken\/\"},{\"@type\":\"ListItem\",\"position\":5,\"name\":\"Wasserspielset Curve 75cm komplett\"}]},{\"@type\":\"WebSite\",\"@id\":\"https:\/\/dev.eliassen.nl\/de\/#website\",\"url\":\"https:\/\/dev.eliassen.nl\/de\/\",\"name\":\"Eliassen Home & Garden Pleasure\",\"description\":\"\",\"publisher\":{\"@id\":\"https:\/\/dev.eliassen.nl\/de\/#organization\"},\"alternateName\":\"Eliassen.nl\",\"potentialAction\":[{\"@type\":\"SearchAction\",\"target\":{\"@type\":\"EntryPoint\",\"urlTemplate\":\"https:\/\/dev.eliassen.nl\/de\/?s={search_term_string}\"},\"query-input\":{\"@type\":\"PropertyValueSpecification\",\"valueRequired\":true,\"valueName\":\"search_term_string\"}}],\"inLanguage\":\"de\"},{\"@type\":\"Organization\",\"@id\":\"https:\/\/dev.eliassen.nl\/de\/#organization\",\"name\":\"Eliassen Home & Garden Pleasure\",\"url\":\"https:\/\/dev.eliassen.nl\/de\/\",\"logo\":{\"@type\":\"ImageObject\",\"inLanguage\":\"de\",\"@id\":\"https:\/\/dev.eliassen.nl\/de\/#\/schema\/logo\/image\/\",\"url\":\"https:\/\/www.eliassen.nl\/wp-content\/uploads\/2024\/01\/logo_4nd.jpg\",\"contentUrl\":\"https:\/\/www.eliassen.nl\/wp-content\/uploads\/2024\/01\/logo_4nd.jpg\",\"width\":500,\"height\":500,\"caption\":\"Eliassen Home & Garden Pleasure\"},\"image\":{\"@id\":\"https:\/\/dev.eliassen.nl\/de\/#\/schema\/logo\/image\/\"},\"sameAs\":[\"https:\/\/www.facebook.com\/TuincentrumEliassenAmmerzoden\",\"https:\/\/www.instagram.com\/eliassenhomeandgarden\/\",\"https:\/\/nl.pinterest.com\/eliassenhomeandgarden\/\",\"https:\/\/www.youtube.com\/@eliassenhomegardenpleasure4558\"]}]}<\/script>\n<!-- \/ Yoast SEO plugin. -->","yoast_head_json":{"title":"Wasserspielset Curve 75cm komplett","description":"Wasserspiele, die gr\u00f6\u00dfte Auswahl finden Sie bei Eliassen, auch live zu sehen!","robots":{"index":"noindex","follow":"follow","max-snippet":"max-snippet:-1","max-image-preview":"max-image-preview:large","max-video-preview":"max-video-preview:-1"},"og_locale":"de_DE","og_type":"article","og_title":"Wasserspielset Curve 75cm komplett","og_description":"Wasserspiele, die gr\u00f6\u00dfte Auswahl finden Sie bei Eliassen, auch live zu sehen!","og_url":"https:\/\/dev.eliassen.nl\/de\/wasserspielset-curve-75cm-komplett\/","og_site_name":"Eliassen.nl","article_publisher":"https:\/\/www.facebook.com\/TuincentrumEliassenAmmerzoden","article_modified_time":"2024-08-27T15:19:09+00:00","og_image":[{"width":355,"height":473,"url":"https:\/\/dev.eliassen.nl\/wp-content\/uploads\/2024\/10\/tb06polish75cm.jpg","type":"image\/jpeg"}],"twitter_card":"summary_large_image","schema":{"@context":"https:\/\/schema.org","@graph":[{"@type":"WebPage","@id":"https:\/\/dev.eliassen.nl\/de\/wasserspielset-curve-75cm-komplett\/","url":"https:\/\/dev.eliassen.nl\/de\/wasserspielset-curve-75cm-komplett\/","name":"Wasserspielset Curve 75cm komplett","isPartOf":{"@id":"https:\/\/dev.eliassen.nl\/de\/#website"},"primaryImageOfPage":{"@id":"https:\/\/dev.eliassen.nl\/de\/wasserspielset-curve-75cm-komplett\/#primaryimage"},"image":{"@id":"https:\/\/dev.eliassen.nl\/de\/wasserspielset-curve-75cm-komplett\/#primaryimage"},"thumbnailUrl":"https:\/\/dev.eliassen.nl\/wp-content\/uploads\/2024\/10\/tb06polish75cm.jpg","datePublished":"2024-03-05T17:50:30+00:00","dateModified":"2024-08-27T15:19:09+00:00","description":"Wasserspiele, die gr\u00f6\u00dfte Auswahl finden Sie bei Eliassen, auch live zu sehen!","breadcrumb":{"@id":"https:\/\/dev.eliassen.nl\/de\/wasserspielset-curve-75cm-komplett\/#breadcrumb"},"inLanguage":"de","potentialAction":[{"@type":"ReadAction","target":["https:\/\/dev.eliassen.nl\/de\/wasserspielset-curve-75cm-komplett\/"]}]},{"@type":"ImageObject","inLanguage":"de","@id":"https:\/\/dev.eliassen.nl\/de\/wasserspielset-curve-75cm-komplett\/#primaryimage","url":"https:\/\/dev.eliassen.nl\/wp-content\/uploads\/2024\/10\/tb06polish75cm.jpg","contentUrl":"https:\/\/dev.eliassen.nl\/wp-content\/uploads\/2024\/10\/tb06polish75cm.jpg","width":355,"height":473,"caption":"TB06 POLISH-75cm"},{"@type":"BreadcrumbList","@id":"https:\/\/dev.eliassen.nl\/de\/wasserspielset-curve-75cm-komplett\/#breadcrumb","itemListElement":[{"@type":"ListItem","position":1,"name":"Home","item":"https:\/\/dev.eliassen.nl\/de\/"},{"@type":"ListItem","position":2,"name":"Shop","item":"https:\/\/dev.eliassen.nl\/nl\/winkel\/"},{"@type":"ListItem","position":3,"name":"Wasserspiele","item":"https:\/\/dev.eliassen.nl\/de\/wassereigenschaften\/"},{"@type":"ListItem","position":4,"name":"Wasserspiel mit Grabbecken","item":"https:\/\/dev.eliassen.nl\/de\/wassereigenschaften\/wasserspiel-mit-grabbecken\/"},{"@type":"ListItem","position":5,"name":"Wasserspielset Curve 75cm komplett"}]},{"@type":"WebSite","@id":"https:\/\/dev.eliassen.nl\/de\/#website","url":"https:\/\/dev.eliassen.nl\/de\/","name":"Eliassen Home & Garden Pleasure","description":"","publisher":{"@id":"https:\/\/dev.eliassen.nl\/de\/#organization"},"alternateName":"Eliassen.nl","potentialAction":[{"@type":"SearchAction","target":{"@type":"EntryPoint","urlTemplate":"https:\/\/dev.eliassen.nl\/de\/?s={search_term_string}"},"query-input":{"@type":"PropertyValueSpecification","valueRequired":true,"valueName":"search_term_string"}}],"inLanguage":"de"},{"@type":"Organization","@id":"https:\/\/dev.eliassen.nl\/de\/#organization","name":"Eliassen Home & Garden Pleasure","url":"https:\/\/dev.eliassen.nl\/de\/","logo":{"@type":"ImageObject","inLanguage":"de","@id":"https:\/\/dev.eliassen.nl\/de\/#\/schema\/logo\/image\/","url":"https:\/\/www.eliassen.nl\/wp-content\/uploads\/2024\/01\/logo_4nd.jpg","contentUrl":"https:\/\/www.eliassen.nl\/wp-content\/uploads\/2024\/01\/logo_4nd.jpg","width":500,"height":500,"caption":"Eliassen Home & Garden Pleasure"},"image":{"@id":"https:\/\/dev.eliassen.nl\/de\/#\/schema\/logo\/image\/"},"sameAs":["https:\/\/www.facebook.com\/TuincentrumEliassenAmmerzoden","https:\/\/www.instagram.com\/eliassenhomeandgarden\/","https:\/\/nl.pinterest.com\/eliassenhomeandgarden\/","https:\/\/www.youtube.com\/@eliassenhomegardenpleasure4558"]}]}},"df_price":325,"df_sale_price":325,"df_regular_price":495,"df_image_link":"https:\/\/dev.eliassen.nl\/wp-content\/uploads\/2024\/10\/tb06polish75cm.jpg","image":"https:\/\/dev.eliassen.nl\/wp-content\/uploads\/2024\/10\/tb06polish75cm.jpg","price_search":"<span class=\"woocommerce-Price-amount amount\"><bdi><span class=\"woocommerce-Price-currencySymbol\">&euro;<\/span>&nbsp;325,00<\/bdi><\/span>","category":"Wasserspiel mit Grabbecken","_links":{"self":[{"href":"https:\/\/dev.eliassen.nl\/de\/wp-json\/wp\/v2\/product\/151241","targetHints":{"allow":["GET"]}}],"collection":[{"href":"https:\/\/dev.eliassen.nl\/de\/wp-json\/wp\/v2\/product"}],"about":[{"href":"https:\/\/dev.eliassen.nl\/de\/wp-json\/wp\/v2\/types\/product"}],"wp:featuredmedia":[{"embeddable":true,"href":"https:\/\/dev.eliassen.nl\/de\/wp-json\/wp\/v2\/media\/151235"}],"wp:attachment":[{"href":"https:\/\/dev.eliassen.nl\/de\/wp-json\/wp\/v2\/media?parent=151241"}],"wp:term":[{"taxonomy":"product_brand","embeddable":true,"href":"https:\/\/dev.eliassen.nl\/de\/wp-json\/wp\/v2\/product_brand?post=151241"},{"taxonomy":"product_cat","embeddable":true,"href":"https:\/\/dev.eliassen.nl\/de\/wp-json\/wp\/v2\/product_cat?post=151241"},{"taxonomy":"product_tag","embeddable":true,"href":"https:\/\/dev.eliassen.nl\/de\/wp-json\/wp\/v2\/product_tag?post=151241"}],"curies":[{"name":"wp","href":"https:\/\/api.w.org\/{rel}","templated":true}]}}