{"id":151259,"date":"2024-03-05T19:10:10","date_gmt":"2024-03-05T18:10:10","guid":{"rendered":"https:\/\/www.eliassen.nl\/?product=waterset-compleet-marmer-cheops-100cm"},"modified":"2024-05-17T16:15:49","modified_gmt":"2024-05-17T16:15:49","slug":"wasserset-komplett-marmor-cheops-100cm","status":"publish","type":"product","link":"https:\/\/dev.eliassen.nl\/de\/wasserset-komplett-marmor-cheops-100cm\/","title":{"rendered":"Wasserset komplett Marmor Cheops 100cm"},"content":{"rendered":"<p>Ein wundersch\u00f6nes komplettes Wasserspiel-Set, das sonst nirgendwo erh\u00e4ltlich ist!<\/p>\n<p>Ein wundersch\u00f6n geschwungener Stein in Pyramidenform aus poliertem Marmor. Ein sch\u00f6ner Effekt, wenn das Wasser dar\u00fcber l\u00e4uft. Auch im Dunkeln ein sch\u00f6nes Lichtspiel durch den mitgelieferten Strahler. Die Steingr\u00f6\u00dfe betr\u00e4gt 40 x 40 x 100 cm.<\/p>\n<p>Dieses Set ist super komplett, Sie m\u00fcssen nichts mehr kaufen:<\/p>\n<p>Dieses Set besteht aus:<\/p>\n<p>Ornament<\/p>\n<p>Wassertank 230 Liter, Durchmesser 84 cm (gro\u00dfe Wasserkapazit\u00e4t &gt; wenig Nachf\u00fcllen)<\/p>\n<p>Raster 80x80cm<\/p>\n<p>K\u00fchlergrillabdeckung<\/p>\n<p>Spritzschutzfolie 100x100cm<\/p>\n<p>Grilltuch<\/p>\n<p>Pumpe Pontec 2000<\/p>\n<p>Schlauch 3\/4<\/p>\n<p>2x Schaumstoffringe<\/p>\n<p>Pflege von klarem Brunnenwasser<\/p>\n<p>Spot Pontec Pondostar<\/p>\n<p>2x Beutel Dekokiesel gemischt<\/p>\n<p>Strukturbeschreibung<\/p>\n","protected":false},"excerpt":{"rendered":"<p>\u2713 40x40x100cm hoch \u2713 Massiver Marmor \u2713 Komplettes Set<\/p>\n","protected":false},"featured_media":151256,"template":"","meta":{"_acf_changed":false},"product_brand":[],"product_cat":[554,536],"product_tag":[],"class_list":{"0":"post-151259","1":"product","2":"type-product","3":"status-publish","4":"has-post-thumbnail","6":"product_cat-wasserspiel-mit-grabbecken","7":"product_cat-wassereigenschaften","9":"first","10":"instock","11":"sale","12":"taxable","13":"shipping-taxable","14":"purchasable","15":"product-type-simple"},"acf":[],"yoast_head":"<!-- This site is optimized with the Yoast SEO plugin v23.8 - https:\/\/yoast.com\/wordpress\/plugins\/seo\/ -->\n<title>Wasserset komplett Marmor Cheops 100cm - Eliassen<\/title>\n<meta name=\"description\" content=\"Dieses Modell-Komplettset-Wasserspiel besteht aus massivem Marmor und ist wundersch\u00f6n detailliert in einem modernen Look. Die S\u00e4ule ist 40x40x100cm hoch.\" \/>\n<meta name=\"robots\" content=\"noindex, follow, max-snippet:-1, max-image-preview:large, max-video-preview:-1\" \/>\n<meta property=\"og:locale\" content=\"de_DE\" \/>\n<meta property=\"og:type\" content=\"article\" \/>\n<meta property=\"og:title\" content=\"Wasserset komplett Marmor Cheops 100cm - Eliassen\" \/>\n<meta property=\"og:description\" content=\"Dieses Modell-Komplettset-Wasserspiel besteht aus massivem Marmor und ist wundersch\u00f6n detailliert in einem modernen Look. Die S\u00e4ule ist 40x40x100cm hoch.\" \/>\n<meta property=\"og:url\" content=\"https:\/\/dev.eliassen.nl\/de\/wasserset-komplett-marmor-cheops-100cm\/\" \/>\n<meta property=\"og:site_name\" content=\"Eliassen.nl\" \/>\n<meta property=\"article:publisher\" content=\"https:\/\/www.facebook.com\/TuincentrumEliassenAmmerzoden\" \/>\n<meta property=\"article:modified_time\" content=\"2024-05-17T16:15:49+00:00\" \/>\n<meta property=\"og:image\" content=\"https:\/\/dev.eliassen.nl\/wp-content\/uploads\/2024\/10\/ch41a10075cm.jpg\" \/>\n\t<meta property=\"og:image:width\" content=\"639\" \/>\n\t<meta property=\"og:image:height\" content=\"1017\" \/>\n\t<meta property=\"og:image:type\" content=\"image\/jpeg\" \/>\n<meta name=\"twitter:card\" content=\"summary_large_image\" \/>\n<script type=\"application\/ld+json\" class=\"yoast-schema-graph\">{\"@context\":\"https:\/\/schema.org\",\"@graph\":[{\"@type\":\"WebPage\",\"@id\":\"https:\/\/dev.eliassen.nl\/de\/wasserset-komplett-marmor-cheops-100cm\/\",\"url\":\"https:\/\/dev.eliassen.nl\/de\/wasserset-komplett-marmor-cheops-100cm\/\",\"name\":\"Wasserset komplett Marmor Cheops 100cm - Eliassen\",\"isPartOf\":{\"@id\":\"https:\/\/dev.eliassen.nl\/de\/#website\"},\"primaryImageOfPage\":{\"@id\":\"https:\/\/dev.eliassen.nl\/de\/wasserset-komplett-marmor-cheops-100cm\/#primaryimage\"},\"image\":{\"@id\":\"https:\/\/dev.eliassen.nl\/de\/wasserset-komplett-marmor-cheops-100cm\/#primaryimage\"},\"thumbnailUrl\":\"https:\/\/dev.eliassen.nl\/wp-content\/uploads\/2024\/10\/ch41a10075cm.jpg\",\"datePublished\":\"2024-03-05T18:10:10+00:00\",\"dateModified\":\"2024-05-17T16:15:49+00:00\",\"description\":\"Dieses Modell-Komplettset-Wasserspiel besteht aus massivem Marmor und ist wundersch\u00f6n detailliert in einem modernen Look. Die S\u00e4ule ist 40x40x100cm hoch.\",\"breadcrumb\":{\"@id\":\"https:\/\/dev.eliassen.nl\/de\/wasserset-komplett-marmor-cheops-100cm\/#breadcrumb\"},\"inLanguage\":\"de\",\"potentialAction\":[{\"@type\":\"ReadAction\",\"target\":[\"https:\/\/dev.eliassen.nl\/de\/wasserset-komplett-marmor-cheops-100cm\/\"]}]},{\"@type\":\"ImageObject\",\"inLanguage\":\"de\",\"@id\":\"https:\/\/dev.eliassen.nl\/de\/wasserset-komplett-marmor-cheops-100cm\/#primaryimage\",\"url\":\"https:\/\/dev.eliassen.nl\/wp-content\/uploads\/2024\/10\/ch41a10075cm.jpg\",\"contentUrl\":\"https:\/\/dev.eliassen.nl\/wp-content\/uploads\/2024\/10\/ch41a10075cm.jpg\",\"width\":639,\"height\":1017,\"caption\":\"CH41A-100-75cm\"},{\"@type\":\"BreadcrumbList\",\"@id\":\"https:\/\/dev.eliassen.nl\/de\/wasserset-komplett-marmor-cheops-100cm\/#breadcrumb\",\"itemListElement\":[{\"@type\":\"ListItem\",\"position\":1,\"name\":\"Home\",\"item\":\"https:\/\/dev.eliassen.nl\/de\/\"},{\"@type\":\"ListItem\",\"position\":2,\"name\":\"Shop\",\"item\":\"https:\/\/dev.eliassen.nl\/nl\/winkel\/\"},{\"@type\":\"ListItem\",\"position\":3,\"name\":\"Wasserspiele\",\"item\":\"https:\/\/dev.eliassen.nl\/de\/wassereigenschaften\/\"},{\"@type\":\"ListItem\",\"position\":4,\"name\":\"Wasserspiel mit Grabbecken\",\"item\":\"https:\/\/dev.eliassen.nl\/de\/wassereigenschaften\/wasserspiel-mit-grabbecken\/\"},{\"@type\":\"ListItem\",\"position\":5,\"name\":\"Wasserset komplett Marmor Cheops 100cm\"}]},{\"@type\":\"WebSite\",\"@id\":\"https:\/\/dev.eliassen.nl\/de\/#website\",\"url\":\"https:\/\/dev.eliassen.nl\/de\/\",\"name\":\"Eliassen Home & Garden Pleasure\",\"description\":\"\",\"publisher\":{\"@id\":\"https:\/\/dev.eliassen.nl\/de\/#organization\"},\"alternateName\":\"Eliassen.nl\",\"potentialAction\":[{\"@type\":\"SearchAction\",\"target\":{\"@type\":\"EntryPoint\",\"urlTemplate\":\"https:\/\/dev.eliassen.nl\/de\/?s={search_term_string}\"},\"query-input\":{\"@type\":\"PropertyValueSpecification\",\"valueRequired\":true,\"valueName\":\"search_term_string\"}}],\"inLanguage\":\"de\"},{\"@type\":\"Organization\",\"@id\":\"https:\/\/dev.eliassen.nl\/de\/#organization\",\"name\":\"Eliassen Home & Garden Pleasure\",\"url\":\"https:\/\/dev.eliassen.nl\/de\/\",\"logo\":{\"@type\":\"ImageObject\",\"inLanguage\":\"de\",\"@id\":\"https:\/\/dev.eliassen.nl\/de\/#\/schema\/logo\/image\/\",\"url\":\"https:\/\/www.eliassen.nl\/wp-content\/uploads\/2024\/01\/logo_4nd.jpg\",\"contentUrl\":\"https:\/\/www.eliassen.nl\/wp-content\/uploads\/2024\/01\/logo_4nd.jpg\",\"width\":500,\"height\":500,\"caption\":\"Eliassen Home & Garden Pleasure\"},\"image\":{\"@id\":\"https:\/\/dev.eliassen.nl\/de\/#\/schema\/logo\/image\/\"},\"sameAs\":[\"https:\/\/www.facebook.com\/TuincentrumEliassenAmmerzoden\",\"https:\/\/www.instagram.com\/eliassenhomeandgarden\/\",\"https:\/\/nl.pinterest.com\/eliassenhomeandgarden\/\",\"https:\/\/www.youtube.com\/@eliassenhomegardenpleasure4558\"]}]}<\/script>\n<!-- \/ Yoast SEO plugin. -->","yoast_head_json":{"title":"Wasserset komplett Marmor Cheops 100cm - Eliassen","description":"Dieses Modell-Komplettset-Wasserspiel besteht aus massivem Marmor und ist wundersch\u00f6n detailliert in einem modernen Look. Die S\u00e4ule ist 40x40x100cm hoch.","robots":{"index":"noindex","follow":"follow","max-snippet":"max-snippet:-1","max-image-preview":"max-image-preview:large","max-video-preview":"max-video-preview:-1"},"og_locale":"de_DE","og_type":"article","og_title":"Wasserset komplett Marmor Cheops 100cm - Eliassen","og_description":"Dieses Modell-Komplettset-Wasserspiel besteht aus massivem Marmor und ist wundersch\u00f6n detailliert in einem modernen Look. Die S\u00e4ule ist 40x40x100cm hoch.","og_url":"https:\/\/dev.eliassen.nl\/de\/wasserset-komplett-marmor-cheops-100cm\/","og_site_name":"Eliassen.nl","article_publisher":"https:\/\/www.facebook.com\/TuincentrumEliassenAmmerzoden","article_modified_time":"2024-05-17T16:15:49+00:00","og_image":[{"width":639,"height":1017,"url":"https:\/\/dev.eliassen.nl\/wp-content\/uploads\/2024\/10\/ch41a10075cm.jpg","type":"image\/jpeg"}],"twitter_card":"summary_large_image","schema":{"@context":"https:\/\/schema.org","@graph":[{"@type":"WebPage","@id":"https:\/\/dev.eliassen.nl\/de\/wasserset-komplett-marmor-cheops-100cm\/","url":"https:\/\/dev.eliassen.nl\/de\/wasserset-komplett-marmor-cheops-100cm\/","name":"Wasserset komplett Marmor Cheops 100cm - Eliassen","isPartOf":{"@id":"https:\/\/dev.eliassen.nl\/de\/#website"},"primaryImageOfPage":{"@id":"https:\/\/dev.eliassen.nl\/de\/wasserset-komplett-marmor-cheops-100cm\/#primaryimage"},"image":{"@id":"https:\/\/dev.eliassen.nl\/de\/wasserset-komplett-marmor-cheops-100cm\/#primaryimage"},"thumbnailUrl":"https:\/\/dev.eliassen.nl\/wp-content\/uploads\/2024\/10\/ch41a10075cm.jpg","datePublished":"2024-03-05T18:10:10+00:00","dateModified":"2024-05-17T16:15:49+00:00","description":"Dieses Modell-Komplettset-Wasserspiel besteht aus massivem Marmor und ist wundersch\u00f6n detailliert in einem modernen Look. Die S\u00e4ule ist 40x40x100cm hoch.","breadcrumb":{"@id":"https:\/\/dev.eliassen.nl\/de\/wasserset-komplett-marmor-cheops-100cm\/#breadcrumb"},"inLanguage":"de","potentialAction":[{"@type":"ReadAction","target":["https:\/\/dev.eliassen.nl\/de\/wasserset-komplett-marmor-cheops-100cm\/"]}]},{"@type":"ImageObject","inLanguage":"de","@id":"https:\/\/dev.eliassen.nl\/de\/wasserset-komplett-marmor-cheops-100cm\/#primaryimage","url":"https:\/\/dev.eliassen.nl\/wp-content\/uploads\/2024\/10\/ch41a10075cm.jpg","contentUrl":"https:\/\/dev.eliassen.nl\/wp-content\/uploads\/2024\/10\/ch41a10075cm.jpg","width":639,"height":1017,"caption":"CH41A-100-75cm"},{"@type":"BreadcrumbList","@id":"https:\/\/dev.eliassen.nl\/de\/wasserset-komplett-marmor-cheops-100cm\/#breadcrumb","itemListElement":[{"@type":"ListItem","position":1,"name":"Home","item":"https:\/\/dev.eliassen.nl\/de\/"},{"@type":"ListItem","position":2,"name":"Shop","item":"https:\/\/dev.eliassen.nl\/nl\/winkel\/"},{"@type":"ListItem","position":3,"name":"Wasserspiele","item":"https:\/\/dev.eliassen.nl\/de\/wassereigenschaften\/"},{"@type":"ListItem","position":4,"name":"Wasserspiel mit Grabbecken","item":"https:\/\/dev.eliassen.nl\/de\/wassereigenschaften\/wasserspiel-mit-grabbecken\/"},{"@type":"ListItem","position":5,"name":"Wasserset komplett Marmor Cheops 100cm"}]},{"@type":"WebSite","@id":"https:\/\/dev.eliassen.nl\/de\/#website","url":"https:\/\/dev.eliassen.nl\/de\/","name":"Eliassen Home & Garden Pleasure","description":"","publisher":{"@id":"https:\/\/dev.eliassen.nl\/de\/#organization"},"alternateName":"Eliassen.nl","potentialAction":[{"@type":"SearchAction","target":{"@type":"EntryPoint","urlTemplate":"https:\/\/dev.eliassen.nl\/de\/?s={search_term_string}"},"query-input":{"@type":"PropertyValueSpecification","valueRequired":true,"valueName":"search_term_string"}}],"inLanguage":"de"},{"@type":"Organization","@id":"https:\/\/dev.eliassen.nl\/de\/#organization","name":"Eliassen Home & Garden Pleasure","url":"https:\/\/dev.eliassen.nl\/de\/","logo":{"@type":"ImageObject","inLanguage":"de","@id":"https:\/\/dev.eliassen.nl\/de\/#\/schema\/logo\/image\/","url":"https:\/\/www.eliassen.nl\/wp-content\/uploads\/2024\/01\/logo_4nd.jpg","contentUrl":"https:\/\/www.eliassen.nl\/wp-content\/uploads\/2024\/01\/logo_4nd.jpg","width":500,"height":500,"caption":"Eliassen Home & Garden Pleasure"},"image":{"@id":"https:\/\/dev.eliassen.nl\/de\/#\/schema\/logo\/image\/"},"sameAs":["https:\/\/www.facebook.com\/TuincentrumEliassenAmmerzoden","https:\/\/www.instagram.com\/eliassenhomeandgarden\/","https:\/\/nl.pinterest.com\/eliassenhomeandgarden\/","https:\/\/www.youtube.com\/@eliassenhomegardenpleasure4558"]}]}},"df_price":325,"df_sale_price":325,"df_regular_price":495,"df_image_link":"https:\/\/dev.eliassen.nl\/wp-content\/uploads\/2024\/10\/ch41a10075cm.jpg","image":"https:\/\/dev.eliassen.nl\/wp-content\/uploads\/2024\/10\/ch41a10075cm.jpg","price_search":"<span class=\"woocommerce-Price-amount amount\"><bdi><span class=\"woocommerce-Price-currencySymbol\">&euro;<\/span>&nbsp;325,00<\/bdi><\/span>","category":"Wasserspiel mit Grabbecken","_links":{"self":[{"href":"https:\/\/dev.eliassen.nl\/de\/wp-json\/wp\/v2\/product\/151259","targetHints":{"allow":["GET"]}}],"collection":[{"href":"https:\/\/dev.eliassen.nl\/de\/wp-json\/wp\/v2\/product"}],"about":[{"href":"https:\/\/dev.eliassen.nl\/de\/wp-json\/wp\/v2\/types\/product"}],"wp:featuredmedia":[{"embeddable":true,"href":"https:\/\/dev.eliassen.nl\/de\/wp-json\/wp\/v2\/media\/151256"}],"wp:attachment":[{"href":"https:\/\/dev.eliassen.nl\/de\/wp-json\/wp\/v2\/media?parent=151259"}],"wp:term":[{"taxonomy":"product_brand","embeddable":true,"href":"https:\/\/dev.eliassen.nl\/de\/wp-json\/wp\/v2\/product_brand?post=151259"},{"taxonomy":"product_cat","embeddable":true,"href":"https:\/\/dev.eliassen.nl\/de\/wp-json\/wp\/v2\/product_cat?post=151259"},{"taxonomy":"product_tag","embeddable":true,"href":"https:\/\/dev.eliassen.nl\/de\/wp-json\/wp\/v2\/product_tag?post=151259"}],"curies":[{"name":"wp","href":"https:\/\/api.w.org\/{rel}","templated":true}]}}