{"id":151274,"date":"2024-03-05T19:13:27","date_gmt":"2024-03-05T18:13:27","guid":{"rendered":"https:\/\/www.eliassen.nl\/?product=waterset-compleet-marmer-break-out-80cm"},"modified":"2024-05-17T16:15:51","modified_gmt":"2024-05-17T16:15:51","slug":"wasserset-komplett-marmor-break-out-mit-edelstahlrohr-80cm","status":"publish","type":"product","link":"https:\/\/dev.eliassen.nl\/de\/wasserset-komplett-marmor-break-out-mit-edelstahlrohr-80cm\/","title":{"rendered":"Wasserset komplett Marmor Break Out mit Edelstahlrohr 80cm"},"content":{"rendered":"<p>Ein wundersch\u00f6nes komplettes Wasserspiel-Set, das sonst nirgendwo erh\u00e4ltlich ist!<\/p>\n<p>Eine wundersch\u00f6ne glatte Marmors\u00e4ule, die f\u00fcr fr\u00f6hliches Wasserpl\u00e4tschern sorgt. Mit Edelstahlteil, das aus der S\u00e4ule zu springen scheint. Auch im Dunkeln ein sch\u00f6nes Lichtspiel durch den mitgelieferten Strahler. Die Steingr\u00f6\u00dfe betr\u00e4gt 20 x 20 x 80 cm.<\/p>\n<p>Dieses Set ist super komplett, Sie m\u00fcssen nichts mehr kaufen:<\/p>\n<p>Dieses Set besteht aus:<\/p>\n<p>Ornament<\/p>\n<p>Wassertank 90 Liter, Durchmesser 65 cm<\/p>\n<p>Raster 60x60cm<\/p>\n<p>K\u00fchlergrillabdeckung<\/p>\n<p>Spritzschutzfolie 100x100cm<\/p>\n<p>Grilltuch<\/p>\n<p>Pumpe Pontec 1200<\/p>\n<p>Schlauch 1\/2<\/p>\n<p>2x Schaumstoffringe<\/p>\n<p>Pflege von klarem Brunnenwasser<\/p>\n<p>Spot Pontec Pondostar<\/p>\n<p>2x Beutel Dekokiesel gemischt<\/p>\n<p>Strukturbeschreibung<\/p>\n","protected":false},"excerpt":{"rendered":"<p>\u2713 20x20x80cm hoch \u2713 Massiver Marmor \u2713 Edelstahlrohr \u2713 Komplettset<\/p>\n","protected":false},"featured_media":151268,"template":"","meta":{"_acf_changed":false},"product_brand":[],"product_cat":[554,536],"product_tag":[],"class_list":{"0":"post-151274","1":"product","2":"type-product","3":"status-publish","4":"has-post-thumbnail","6":"product_cat-wasserspiel-mit-grabbecken","7":"product_cat-wassereigenschaften","9":"first","10":"instock","11":"taxable","12":"shipping-taxable","13":"purchasable","14":"product-type-simple"},"acf":[],"yoast_head":"<!-- This site is optimized with the Yoast SEO plugin v23.8 - https:\/\/yoast.com\/wordpress\/plugins\/seo\/ -->\n<title>Wasserset komplett Marmor Break Out mit Edelstahlrohr 80cm - Eliassen.nl<\/title>\n<meta name=\"description\" content=\"Dieses Modell einer modernen Wassers\u00e4ule mit einer quadratischen Gr\u00f6\u00dfe von 80 cm besteht aus wundersch\u00f6n glattem Marmor und enth\u00e4lt ein Edelstahlrohr in der ...\" \/>\n<meta name=\"robots\" content=\"noindex, follow, max-snippet:-1, max-image-preview:large, max-video-preview:-1\" \/>\n<meta property=\"og:locale\" content=\"de_DE\" \/>\n<meta property=\"og:type\" content=\"article\" \/>\n<meta property=\"og:title\" content=\"Wasserset komplett Marmor Break Out mit Edelstahlrohr 80cm - Eliassen.nl\" \/>\n<meta property=\"og:description\" content=\"Dieses Modell einer modernen Wassers\u00e4ule mit einer quadratischen Gr\u00f6\u00dfe von 80 cm besteht aus wundersch\u00f6n glattem Marmor und enth\u00e4lt ein Edelstahlrohr in der ...\" \/>\n<meta property=\"og:url\" content=\"https:\/\/dev.eliassen.nl\/de\/wasserset-komplett-marmor-break-out-mit-edelstahlrohr-80cm\/\" \/>\n<meta property=\"og:site_name\" content=\"Eliassen.nl\" \/>\n<meta property=\"article:publisher\" content=\"https:\/\/www.facebook.com\/TuincentrumEliassenAmmerzoden\" \/>\n<meta property=\"article:modified_time\" content=\"2024-05-17T16:15:51+00:00\" \/>\n<meta property=\"og:image\" content=\"https:\/\/dev.eliassen.nl\/wp-content\/uploads\/2024\/10\/tb237.jpg\" \/>\n\t<meta property=\"og:image:width\" content=\"314\" \/>\n\t<meta property=\"og:image:height\" content=\"355\" \/>\n\t<meta property=\"og:image:type\" content=\"image\/jpeg\" \/>\n<meta name=\"twitter:card\" content=\"summary_large_image\" \/>\n<script type=\"application\/ld+json\" class=\"yoast-schema-graph\">{\"@context\":\"https:\/\/schema.org\",\"@graph\":[{\"@type\":\"WebPage\",\"@id\":\"https:\/\/dev.eliassen.nl\/de\/wasserset-komplett-marmor-break-out-mit-edelstahlrohr-80cm\/\",\"url\":\"https:\/\/dev.eliassen.nl\/de\/wasserset-komplett-marmor-break-out-mit-edelstahlrohr-80cm\/\",\"name\":\"Wasserset komplett Marmor Break Out mit Edelstahlrohr 80cm - Eliassen.nl\",\"isPartOf\":{\"@id\":\"https:\/\/dev.eliassen.nl\/de\/#website\"},\"primaryImageOfPage\":{\"@id\":\"https:\/\/dev.eliassen.nl\/de\/wasserset-komplett-marmor-break-out-mit-edelstahlrohr-80cm\/#primaryimage\"},\"image\":{\"@id\":\"https:\/\/dev.eliassen.nl\/de\/wasserset-komplett-marmor-break-out-mit-edelstahlrohr-80cm\/#primaryimage\"},\"thumbnailUrl\":\"https:\/\/dev.eliassen.nl\/wp-content\/uploads\/2024\/10\/tb237.jpg\",\"datePublished\":\"2024-03-05T18:13:27+00:00\",\"dateModified\":\"2024-05-17T16:15:51+00:00\",\"description\":\"Dieses Modell einer modernen Wassers\u00e4ule mit einer quadratischen Gr\u00f6\u00dfe von 80 cm besteht aus wundersch\u00f6n glattem Marmor und enth\u00e4lt ein Edelstahlrohr in der ...\",\"breadcrumb\":{\"@id\":\"https:\/\/dev.eliassen.nl\/de\/wasserset-komplett-marmor-break-out-mit-edelstahlrohr-80cm\/#breadcrumb\"},\"inLanguage\":\"de\",\"potentialAction\":[{\"@type\":\"ReadAction\",\"target\":[\"https:\/\/dev.eliassen.nl\/de\/wasserset-komplett-marmor-break-out-mit-edelstahlrohr-80cm\/\"]}]},{\"@type\":\"ImageObject\",\"inLanguage\":\"de\",\"@id\":\"https:\/\/dev.eliassen.nl\/de\/wasserset-komplett-marmor-break-out-mit-edelstahlrohr-80cm\/#primaryimage\",\"url\":\"https:\/\/dev.eliassen.nl\/wp-content\/uploads\/2024\/10\/tb237.jpg\",\"contentUrl\":\"https:\/\/dev.eliassen.nl\/wp-content\/uploads\/2024\/10\/tb237.jpg\",\"width\":314,\"height\":355,\"caption\":\"tb237\"},{\"@type\":\"BreadcrumbList\",\"@id\":\"https:\/\/dev.eliassen.nl\/de\/wasserset-komplett-marmor-break-out-mit-edelstahlrohr-80cm\/#breadcrumb\",\"itemListElement\":[{\"@type\":\"ListItem\",\"position\":1,\"name\":\"Home\",\"item\":\"https:\/\/dev.eliassen.nl\/de\/\"},{\"@type\":\"ListItem\",\"position\":2,\"name\":\"Shop\",\"item\":\"https:\/\/dev.eliassen.nl\/nl\/winkel\/\"},{\"@type\":\"ListItem\",\"position\":3,\"name\":\"Wasserspiele\",\"item\":\"https:\/\/dev.eliassen.nl\/de\/wassereigenschaften\/\"},{\"@type\":\"ListItem\",\"position\":4,\"name\":\"Wasserspiel mit Grabbecken\",\"item\":\"https:\/\/dev.eliassen.nl\/de\/wassereigenschaften\/wasserspiel-mit-grabbecken\/\"},{\"@type\":\"ListItem\",\"position\":5,\"name\":\"Wasserset komplett Marmor Break Out mit Edelstahlrohr 80cm\"}]},{\"@type\":\"WebSite\",\"@id\":\"https:\/\/dev.eliassen.nl\/de\/#website\",\"url\":\"https:\/\/dev.eliassen.nl\/de\/\",\"name\":\"Eliassen Home & Garden Pleasure\",\"description\":\"\",\"publisher\":{\"@id\":\"https:\/\/dev.eliassen.nl\/de\/#organization\"},\"alternateName\":\"Eliassen.nl\",\"potentialAction\":[{\"@type\":\"SearchAction\",\"target\":{\"@type\":\"EntryPoint\",\"urlTemplate\":\"https:\/\/dev.eliassen.nl\/de\/?s={search_term_string}\"},\"query-input\":{\"@type\":\"PropertyValueSpecification\",\"valueRequired\":true,\"valueName\":\"search_term_string\"}}],\"inLanguage\":\"de\"},{\"@type\":\"Organization\",\"@id\":\"https:\/\/dev.eliassen.nl\/de\/#organization\",\"name\":\"Eliassen Home & Garden Pleasure\",\"url\":\"https:\/\/dev.eliassen.nl\/de\/\",\"logo\":{\"@type\":\"ImageObject\",\"inLanguage\":\"de\",\"@id\":\"https:\/\/dev.eliassen.nl\/de\/#\/schema\/logo\/image\/\",\"url\":\"https:\/\/www.eliassen.nl\/wp-content\/uploads\/2024\/01\/logo_4nd.jpg\",\"contentUrl\":\"https:\/\/www.eliassen.nl\/wp-content\/uploads\/2024\/01\/logo_4nd.jpg\",\"width\":500,\"height\":500,\"caption\":\"Eliassen Home & Garden Pleasure\"},\"image\":{\"@id\":\"https:\/\/dev.eliassen.nl\/de\/#\/schema\/logo\/image\/\"},\"sameAs\":[\"https:\/\/www.facebook.com\/TuincentrumEliassenAmmerzoden\",\"https:\/\/www.instagram.com\/eliassenhomeandgarden\/\",\"https:\/\/nl.pinterest.com\/eliassenhomeandgarden\/\",\"https:\/\/www.youtube.com\/@eliassenhomegardenpleasure4558\"]}]}<\/script>\n<!-- \/ Yoast SEO plugin. -->","yoast_head_json":{"title":"Wasserset komplett Marmor Break Out mit Edelstahlrohr 80cm - Eliassen.nl","description":"Dieses Modell einer modernen Wassers\u00e4ule mit einer quadratischen Gr\u00f6\u00dfe von 80 cm besteht aus wundersch\u00f6n glattem Marmor und enth\u00e4lt ein Edelstahlrohr in der ...","robots":{"index":"noindex","follow":"follow","max-snippet":"max-snippet:-1","max-image-preview":"max-image-preview:large","max-video-preview":"max-video-preview:-1"},"og_locale":"de_DE","og_type":"article","og_title":"Wasserset komplett Marmor Break Out mit Edelstahlrohr 80cm - Eliassen.nl","og_description":"Dieses Modell einer modernen Wassers\u00e4ule mit einer quadratischen Gr\u00f6\u00dfe von 80 cm besteht aus wundersch\u00f6n glattem Marmor und enth\u00e4lt ein Edelstahlrohr in der ...","og_url":"https:\/\/dev.eliassen.nl\/de\/wasserset-komplett-marmor-break-out-mit-edelstahlrohr-80cm\/","og_site_name":"Eliassen.nl","article_publisher":"https:\/\/www.facebook.com\/TuincentrumEliassenAmmerzoden","article_modified_time":"2024-05-17T16:15:51+00:00","og_image":[{"width":314,"height":355,"url":"https:\/\/dev.eliassen.nl\/wp-content\/uploads\/2024\/10\/tb237.jpg","type":"image\/jpeg"}],"twitter_card":"summary_large_image","schema":{"@context":"https:\/\/schema.org","@graph":[{"@type":"WebPage","@id":"https:\/\/dev.eliassen.nl\/de\/wasserset-komplett-marmor-break-out-mit-edelstahlrohr-80cm\/","url":"https:\/\/dev.eliassen.nl\/de\/wasserset-komplett-marmor-break-out-mit-edelstahlrohr-80cm\/","name":"Wasserset komplett Marmor Break Out mit Edelstahlrohr 80cm - Eliassen.nl","isPartOf":{"@id":"https:\/\/dev.eliassen.nl\/de\/#website"},"primaryImageOfPage":{"@id":"https:\/\/dev.eliassen.nl\/de\/wasserset-komplett-marmor-break-out-mit-edelstahlrohr-80cm\/#primaryimage"},"image":{"@id":"https:\/\/dev.eliassen.nl\/de\/wasserset-komplett-marmor-break-out-mit-edelstahlrohr-80cm\/#primaryimage"},"thumbnailUrl":"https:\/\/dev.eliassen.nl\/wp-content\/uploads\/2024\/10\/tb237.jpg","datePublished":"2024-03-05T18:13:27+00:00","dateModified":"2024-05-17T16:15:51+00:00","description":"Dieses Modell einer modernen Wassers\u00e4ule mit einer quadratischen Gr\u00f6\u00dfe von 80 cm besteht aus wundersch\u00f6n glattem Marmor und enth\u00e4lt ein Edelstahlrohr in der ...","breadcrumb":{"@id":"https:\/\/dev.eliassen.nl\/de\/wasserset-komplett-marmor-break-out-mit-edelstahlrohr-80cm\/#breadcrumb"},"inLanguage":"de","potentialAction":[{"@type":"ReadAction","target":["https:\/\/dev.eliassen.nl\/de\/wasserset-komplett-marmor-break-out-mit-edelstahlrohr-80cm\/"]}]},{"@type":"ImageObject","inLanguage":"de","@id":"https:\/\/dev.eliassen.nl\/de\/wasserset-komplett-marmor-break-out-mit-edelstahlrohr-80cm\/#primaryimage","url":"https:\/\/dev.eliassen.nl\/wp-content\/uploads\/2024\/10\/tb237.jpg","contentUrl":"https:\/\/dev.eliassen.nl\/wp-content\/uploads\/2024\/10\/tb237.jpg","width":314,"height":355,"caption":"tb237"},{"@type":"BreadcrumbList","@id":"https:\/\/dev.eliassen.nl\/de\/wasserset-komplett-marmor-break-out-mit-edelstahlrohr-80cm\/#breadcrumb","itemListElement":[{"@type":"ListItem","position":1,"name":"Home","item":"https:\/\/dev.eliassen.nl\/de\/"},{"@type":"ListItem","position":2,"name":"Shop","item":"https:\/\/dev.eliassen.nl\/nl\/winkel\/"},{"@type":"ListItem","position":3,"name":"Wasserspiele","item":"https:\/\/dev.eliassen.nl\/de\/wassereigenschaften\/"},{"@type":"ListItem","position":4,"name":"Wasserspiel mit Grabbecken","item":"https:\/\/dev.eliassen.nl\/de\/wassereigenschaften\/wasserspiel-mit-grabbecken\/"},{"@type":"ListItem","position":5,"name":"Wasserset komplett Marmor Break Out mit Edelstahlrohr 80cm"}]},{"@type":"WebSite","@id":"https:\/\/dev.eliassen.nl\/de\/#website","url":"https:\/\/dev.eliassen.nl\/de\/","name":"Eliassen Home & Garden Pleasure","description":"","publisher":{"@id":"https:\/\/dev.eliassen.nl\/de\/#organization"},"alternateName":"Eliassen.nl","potentialAction":[{"@type":"SearchAction","target":{"@type":"EntryPoint","urlTemplate":"https:\/\/dev.eliassen.nl\/de\/?s={search_term_string}"},"query-input":{"@type":"PropertyValueSpecification","valueRequired":true,"valueName":"search_term_string"}}],"inLanguage":"de"},{"@type":"Organization","@id":"https:\/\/dev.eliassen.nl\/de\/#organization","name":"Eliassen Home & Garden Pleasure","url":"https:\/\/dev.eliassen.nl\/de\/","logo":{"@type":"ImageObject","inLanguage":"de","@id":"https:\/\/dev.eliassen.nl\/de\/#\/schema\/logo\/image\/","url":"https:\/\/www.eliassen.nl\/wp-content\/uploads\/2024\/01\/logo_4nd.jpg","contentUrl":"https:\/\/www.eliassen.nl\/wp-content\/uploads\/2024\/01\/logo_4nd.jpg","width":500,"height":500,"caption":"Eliassen Home & Garden Pleasure"},"image":{"@id":"https:\/\/dev.eliassen.nl\/de\/#\/schema\/logo\/image\/"},"sameAs":["https:\/\/www.facebook.com\/TuincentrumEliassenAmmerzoden","https:\/\/www.instagram.com\/eliassenhomeandgarden\/","https:\/\/nl.pinterest.com\/eliassenhomeandgarden\/","https:\/\/www.youtube.com\/@eliassenhomegardenpleasure4558"]}]}},"df_price":325,"df_sale_price":"","df_regular_price":325,"df_image_link":"https:\/\/dev.eliassen.nl\/wp-content\/uploads\/2024\/10\/tb237.jpg","image":"https:\/\/dev.eliassen.nl\/wp-content\/uploads\/2024\/10\/tb237.jpg","price_search":"<span class=\"woocommerce-Price-amount amount\"><bdi><span class=\"woocommerce-Price-currencySymbol\">&euro;<\/span>&nbsp;325,00<\/bdi><\/span>","category":"Wasserspiel mit Grabbecken","_links":{"self":[{"href":"https:\/\/dev.eliassen.nl\/de\/wp-json\/wp\/v2\/product\/151274","targetHints":{"allow":["GET"]}}],"collection":[{"href":"https:\/\/dev.eliassen.nl\/de\/wp-json\/wp\/v2\/product"}],"about":[{"href":"https:\/\/dev.eliassen.nl\/de\/wp-json\/wp\/v2\/types\/product"}],"wp:featuredmedia":[{"embeddable":true,"href":"https:\/\/dev.eliassen.nl\/de\/wp-json\/wp\/v2\/media\/151268"}],"wp:attachment":[{"href":"https:\/\/dev.eliassen.nl\/de\/wp-json\/wp\/v2\/media?parent=151274"}],"wp:term":[{"taxonomy":"product_brand","embeddable":true,"href":"https:\/\/dev.eliassen.nl\/de\/wp-json\/wp\/v2\/product_brand?post=151274"},{"taxonomy":"product_cat","embeddable":true,"href":"https:\/\/dev.eliassen.nl\/de\/wp-json\/wp\/v2\/product_cat?post=151274"},{"taxonomy":"product_tag","embeddable":true,"href":"https:\/\/dev.eliassen.nl\/de\/wp-json\/wp\/v2\/product_tag?post=151274"}],"curies":[{"name":"wp","href":"https:\/\/api.w.org\/{rel}","templated":true}]}}