{"id":151298,"date":"2024-03-05T19:23:52","date_gmt":"2024-03-05T18:23:52","guid":{"rendered":"https:\/\/www.eliassen.nl\/?product=waterset-compleet-watermuur-geel-met-brons-abstrac"},"modified":"2024-05-17T16:38:33","modified_gmt":"2024-05-17T16:38:33","slug":"wasserset-komplett-wasserwand-gelb-mit-bronze-abstrakt-90cm","status":"publish","type":"product","link":"https:\/\/dev.eliassen.nl\/de\/wasserset-komplett-wasserwand-gelb-mit-bronze-abstrakt-90cm\/","title":{"rendered":"Wasserset komplett Wasserwand gelb mit Bronze abstrakt 90cm"},"content":{"rendered":"<p>Ein wundersch\u00f6nes komplettes Wasserspiel-Set, das sonst nirgendwo erh\u00e4ltlich ist!<\/p>\n<p>Ein wundersch\u00f6ner gelber Granitstein mit einem bronzenen Abstrakten davor. Ein sch\u00f6ner Kontrast, wenn das Wasser dar\u00fcber l\u00e4uft. Auch im Dunkeln ein sch\u00f6nes Lichtspiel durch den mitgelieferten Strahler. Die Steingr\u00f6\u00dfe betr\u00e4gt ca. 50 x 20 x 80 cm.<\/p>\n<p>Dieses Set ist super komplett, Sie m\u00fcssen nichts mehr kaufen:<\/p>\n<p>Dieses Set besteht aus:<\/p>\n<p>Ornament<\/p>\n<p>Wassertank 230 Liter, Durchmesser 84 cm (gro\u00dfe Wasserkapazit\u00e4t &gt; wenig Nachf\u00fcllen)<\/p>\n<p>Gitter 80x80cm schwer<\/p>\n<p>K\u00fchlergrillabdeckung<\/p>\n<p>Spritzschutzfolie 100x100cm<\/p>\n<p>Grilltuch<\/p>\n<p>Pumpe Pontec 3000<\/p>\n<p>Schlauch 3\/4<\/p>\n<p>2x Schaumstoffringe<\/p>\n<p>Pflege von klarem Brunnenwasser<\/p>\n<p>Spot Pontec Pondostar<\/p>\n<p>2x Beutel Dekokiesel gemischt<\/p>\n<p>Strukturbeschreibung<\/p>\n","protected":false},"excerpt":{"rendered":"<p>\u2713 50x20x80cm hoch \u2713 Massiver Granit \u2713 Mit Bronzeplatte<\/p>\n","protected":false},"featured_media":151289,"template":"","meta":{"_acf_changed":false},"product_brand":[],"product_cat":[554,536],"product_tag":[],"class_list":{"0":"post-151298","1":"product","2":"type-product","3":"status-publish","4":"has-post-thumbnail","6":"product_cat-wasserspiel-mit-grabbecken","7":"product_cat-wassereigenschaften","9":"first","10":"instock","11":"taxable","12":"shipping-taxable","13":"purchasable","14":"product-type-simple"},"acf":[],"yoast_head":"<!-- This site is optimized with the Yoast SEO plugin v23.8 - https:\/\/yoast.com\/wordpress\/plugins\/seo\/ -->\n<title>Wasserset komplett Wasserwand gelb mit Bronze abstrakt 90cm - Eliassen.nl<\/title>\n<meta name=\"description\" content=\"Dieses Modell einer kompletten Wasserwand aus massivem Granit hat eine helle Farbe und eine sch\u00f6ne Bronzeplatte an der Vorderseite.\" \/>\n<meta name=\"robots\" content=\"noindex, follow, max-snippet:-1, max-image-preview:large, max-video-preview:-1\" \/>\n<meta property=\"og:locale\" content=\"de_DE\" \/>\n<meta property=\"og:type\" content=\"article\" \/>\n<meta property=\"og:title\" content=\"Wasserset komplett Wasserwand gelb mit Bronze abstrakt 90cm - Eliassen.nl\" \/>\n<meta property=\"og:description\" content=\"Dieses Modell einer kompletten Wasserwand aus massivem Granit hat eine helle Farbe und eine sch\u00f6ne Bronzeplatte an der Vorderseite.\" \/>\n<meta property=\"og:url\" content=\"https:\/\/dev.eliassen.nl\/de\/wasserset-komplett-wasserwand-gelb-mit-bronze-abstrakt-90cm\/\" \/>\n<meta property=\"og:site_name\" content=\"Eliassen.nl\" \/>\n<meta property=\"article:publisher\" content=\"https:\/\/www.facebook.com\/TuincentrumEliassenAmmerzoden\" \/>\n<meta property=\"article:modified_time\" content=\"2024-05-17T16:38:33+00:00\" \/>\n<meta property=\"og:image\" content=\"https:\/\/dev.eliassen.nl\/wp-content\/uploads\/2024\/10\/projl6j1ntr.jpg\" \/>\n\t<meta property=\"og:image:width\" content=\"1364\" \/>\n\t<meta property=\"og:image:height\" content=\"2048\" \/>\n\t<meta property=\"og:image:type\" content=\"image\/jpeg\" \/>\n<meta name=\"twitter:card\" content=\"summary_large_image\" \/>\n<script type=\"application\/ld+json\" class=\"yoast-schema-graph\">{\"@context\":\"https:\/\/schema.org\",\"@graph\":[{\"@type\":\"WebPage\",\"@id\":\"https:\/\/dev.eliassen.nl\/de\/wasserset-komplett-wasserwand-gelb-mit-bronze-abstrakt-90cm\/\",\"url\":\"https:\/\/dev.eliassen.nl\/de\/wasserset-komplett-wasserwand-gelb-mit-bronze-abstrakt-90cm\/\",\"name\":\"Wasserset komplett Wasserwand gelb mit Bronze abstrakt 90cm - Eliassen.nl\",\"isPartOf\":{\"@id\":\"https:\/\/dev.eliassen.nl\/de\/#website\"},\"primaryImageOfPage\":{\"@id\":\"https:\/\/dev.eliassen.nl\/de\/wasserset-komplett-wasserwand-gelb-mit-bronze-abstrakt-90cm\/#primaryimage\"},\"image\":{\"@id\":\"https:\/\/dev.eliassen.nl\/de\/wasserset-komplett-wasserwand-gelb-mit-bronze-abstrakt-90cm\/#primaryimage\"},\"thumbnailUrl\":\"https:\/\/dev.eliassen.nl\/wp-content\/uploads\/2024\/10\/projl6j1ntr.jpg\",\"datePublished\":\"2024-03-05T18:23:52+00:00\",\"dateModified\":\"2024-05-17T16:38:33+00:00\",\"description\":\"Dieses Modell einer kompletten Wasserwand aus massivem Granit hat eine helle Farbe und eine sch\u00f6ne Bronzeplatte an der Vorderseite.\",\"breadcrumb\":{\"@id\":\"https:\/\/dev.eliassen.nl\/de\/wasserset-komplett-wasserwand-gelb-mit-bronze-abstrakt-90cm\/#breadcrumb\"},\"inLanguage\":\"de\",\"potentialAction\":[{\"@type\":\"ReadAction\",\"target\":[\"https:\/\/dev.eliassen.nl\/de\/wasserset-komplett-wasserwand-gelb-mit-bronze-abstrakt-90cm\/\"]}]},{\"@type\":\"ImageObject\",\"inLanguage\":\"de\",\"@id\":\"https:\/\/dev.eliassen.nl\/de\/wasserset-komplett-wasserwand-gelb-mit-bronze-abstrakt-90cm\/#primaryimage\",\"url\":\"https:\/\/dev.eliassen.nl\/wp-content\/uploads\/2024\/10\/projl6j1ntr.jpg\",\"contentUrl\":\"https:\/\/dev.eliassen.nl\/wp-content\/uploads\/2024\/10\/projl6j1ntr.jpg\",\"width\":1364,\"height\":2048,\"caption\":\"pro-jL6j1ntR\"},{\"@type\":\"BreadcrumbList\",\"@id\":\"https:\/\/dev.eliassen.nl\/de\/wasserset-komplett-wasserwand-gelb-mit-bronze-abstrakt-90cm\/#breadcrumb\",\"itemListElement\":[{\"@type\":\"ListItem\",\"position\":1,\"name\":\"Home\",\"item\":\"https:\/\/dev.eliassen.nl\/de\/\"},{\"@type\":\"ListItem\",\"position\":2,\"name\":\"Shop\",\"item\":\"https:\/\/dev.eliassen.nl\/nl\/winkel\/\"},{\"@type\":\"ListItem\",\"position\":3,\"name\":\"Wasserspiele\",\"item\":\"https:\/\/dev.eliassen.nl\/de\/wassereigenschaften\/\"},{\"@type\":\"ListItem\",\"position\":4,\"name\":\"Wasserspiel mit Grabbecken\",\"item\":\"https:\/\/dev.eliassen.nl\/de\/wassereigenschaften\/wasserspiel-mit-grabbecken\/\"},{\"@type\":\"ListItem\",\"position\":5,\"name\":\"Wasserset komplett Wasserwand gelb mit Bronze abstrakt 90cm\"}]},{\"@type\":\"WebSite\",\"@id\":\"https:\/\/dev.eliassen.nl\/de\/#website\",\"url\":\"https:\/\/dev.eliassen.nl\/de\/\",\"name\":\"Eliassen Home & Garden Pleasure\",\"description\":\"\",\"publisher\":{\"@id\":\"https:\/\/dev.eliassen.nl\/de\/#organization\"},\"alternateName\":\"Eliassen.nl\",\"potentialAction\":[{\"@type\":\"SearchAction\",\"target\":{\"@type\":\"EntryPoint\",\"urlTemplate\":\"https:\/\/dev.eliassen.nl\/de\/?s={search_term_string}\"},\"query-input\":{\"@type\":\"PropertyValueSpecification\",\"valueRequired\":true,\"valueName\":\"search_term_string\"}}],\"inLanguage\":\"de\"},{\"@type\":\"Organization\",\"@id\":\"https:\/\/dev.eliassen.nl\/de\/#organization\",\"name\":\"Eliassen Home & Garden Pleasure\",\"url\":\"https:\/\/dev.eliassen.nl\/de\/\",\"logo\":{\"@type\":\"ImageObject\",\"inLanguage\":\"de\",\"@id\":\"https:\/\/dev.eliassen.nl\/de\/#\/schema\/logo\/image\/\",\"url\":\"https:\/\/www.eliassen.nl\/wp-content\/uploads\/2024\/01\/logo_4nd.jpg\",\"contentUrl\":\"https:\/\/www.eliassen.nl\/wp-content\/uploads\/2024\/01\/logo_4nd.jpg\",\"width\":500,\"height\":500,\"caption\":\"Eliassen Home & Garden Pleasure\"},\"image\":{\"@id\":\"https:\/\/dev.eliassen.nl\/de\/#\/schema\/logo\/image\/\"},\"sameAs\":[\"https:\/\/www.facebook.com\/TuincentrumEliassenAmmerzoden\",\"https:\/\/www.instagram.com\/eliassenhomeandgarden\/\",\"https:\/\/nl.pinterest.com\/eliassenhomeandgarden\/\",\"https:\/\/www.youtube.com\/@eliassenhomegardenpleasure4558\"]}]}<\/script>\n<!-- \/ Yoast SEO plugin. -->","yoast_head_json":{"title":"Wasserset komplett Wasserwand gelb mit Bronze abstrakt 90cm - Eliassen.nl","description":"Dieses Modell einer kompletten Wasserwand aus massivem Granit hat eine helle Farbe und eine sch\u00f6ne Bronzeplatte an der Vorderseite.","robots":{"index":"noindex","follow":"follow","max-snippet":"max-snippet:-1","max-image-preview":"max-image-preview:large","max-video-preview":"max-video-preview:-1"},"og_locale":"de_DE","og_type":"article","og_title":"Wasserset komplett Wasserwand gelb mit Bronze abstrakt 90cm - Eliassen.nl","og_description":"Dieses Modell einer kompletten Wasserwand aus massivem Granit hat eine helle Farbe und eine sch\u00f6ne Bronzeplatte an der Vorderseite.","og_url":"https:\/\/dev.eliassen.nl\/de\/wasserset-komplett-wasserwand-gelb-mit-bronze-abstrakt-90cm\/","og_site_name":"Eliassen.nl","article_publisher":"https:\/\/www.facebook.com\/TuincentrumEliassenAmmerzoden","article_modified_time":"2024-05-17T16:38:33+00:00","og_image":[{"width":1364,"height":2048,"url":"https:\/\/dev.eliassen.nl\/wp-content\/uploads\/2024\/10\/projl6j1ntr.jpg","type":"image\/jpeg"}],"twitter_card":"summary_large_image","schema":{"@context":"https:\/\/schema.org","@graph":[{"@type":"WebPage","@id":"https:\/\/dev.eliassen.nl\/de\/wasserset-komplett-wasserwand-gelb-mit-bronze-abstrakt-90cm\/","url":"https:\/\/dev.eliassen.nl\/de\/wasserset-komplett-wasserwand-gelb-mit-bronze-abstrakt-90cm\/","name":"Wasserset komplett Wasserwand gelb mit Bronze abstrakt 90cm - Eliassen.nl","isPartOf":{"@id":"https:\/\/dev.eliassen.nl\/de\/#website"},"primaryImageOfPage":{"@id":"https:\/\/dev.eliassen.nl\/de\/wasserset-komplett-wasserwand-gelb-mit-bronze-abstrakt-90cm\/#primaryimage"},"image":{"@id":"https:\/\/dev.eliassen.nl\/de\/wasserset-komplett-wasserwand-gelb-mit-bronze-abstrakt-90cm\/#primaryimage"},"thumbnailUrl":"https:\/\/dev.eliassen.nl\/wp-content\/uploads\/2024\/10\/projl6j1ntr.jpg","datePublished":"2024-03-05T18:23:52+00:00","dateModified":"2024-05-17T16:38:33+00:00","description":"Dieses Modell einer kompletten Wasserwand aus massivem Granit hat eine helle Farbe und eine sch\u00f6ne Bronzeplatte an der Vorderseite.","breadcrumb":{"@id":"https:\/\/dev.eliassen.nl\/de\/wasserset-komplett-wasserwand-gelb-mit-bronze-abstrakt-90cm\/#breadcrumb"},"inLanguage":"de","potentialAction":[{"@type":"ReadAction","target":["https:\/\/dev.eliassen.nl\/de\/wasserset-komplett-wasserwand-gelb-mit-bronze-abstrakt-90cm\/"]}]},{"@type":"ImageObject","inLanguage":"de","@id":"https:\/\/dev.eliassen.nl\/de\/wasserset-komplett-wasserwand-gelb-mit-bronze-abstrakt-90cm\/#primaryimage","url":"https:\/\/dev.eliassen.nl\/wp-content\/uploads\/2024\/10\/projl6j1ntr.jpg","contentUrl":"https:\/\/dev.eliassen.nl\/wp-content\/uploads\/2024\/10\/projl6j1ntr.jpg","width":1364,"height":2048,"caption":"pro-jL6j1ntR"},{"@type":"BreadcrumbList","@id":"https:\/\/dev.eliassen.nl\/de\/wasserset-komplett-wasserwand-gelb-mit-bronze-abstrakt-90cm\/#breadcrumb","itemListElement":[{"@type":"ListItem","position":1,"name":"Home","item":"https:\/\/dev.eliassen.nl\/de\/"},{"@type":"ListItem","position":2,"name":"Shop","item":"https:\/\/dev.eliassen.nl\/nl\/winkel\/"},{"@type":"ListItem","position":3,"name":"Wasserspiele","item":"https:\/\/dev.eliassen.nl\/de\/wassereigenschaften\/"},{"@type":"ListItem","position":4,"name":"Wasserspiel mit Grabbecken","item":"https:\/\/dev.eliassen.nl\/de\/wassereigenschaften\/wasserspiel-mit-grabbecken\/"},{"@type":"ListItem","position":5,"name":"Wasserset komplett Wasserwand gelb mit Bronze abstrakt 90cm"}]},{"@type":"WebSite","@id":"https:\/\/dev.eliassen.nl\/de\/#website","url":"https:\/\/dev.eliassen.nl\/de\/","name":"Eliassen Home & Garden Pleasure","description":"","publisher":{"@id":"https:\/\/dev.eliassen.nl\/de\/#organization"},"alternateName":"Eliassen.nl","potentialAction":[{"@type":"SearchAction","target":{"@type":"EntryPoint","urlTemplate":"https:\/\/dev.eliassen.nl\/de\/?s={search_term_string}"},"query-input":{"@type":"PropertyValueSpecification","valueRequired":true,"valueName":"search_term_string"}}],"inLanguage":"de"},{"@type":"Organization","@id":"https:\/\/dev.eliassen.nl\/de\/#organization","name":"Eliassen Home & Garden Pleasure","url":"https:\/\/dev.eliassen.nl\/de\/","logo":{"@type":"ImageObject","inLanguage":"de","@id":"https:\/\/dev.eliassen.nl\/de\/#\/schema\/logo\/image\/","url":"https:\/\/www.eliassen.nl\/wp-content\/uploads\/2024\/01\/logo_4nd.jpg","contentUrl":"https:\/\/www.eliassen.nl\/wp-content\/uploads\/2024\/01\/logo_4nd.jpg","width":500,"height":500,"caption":"Eliassen Home & Garden Pleasure"},"image":{"@id":"https:\/\/dev.eliassen.nl\/de\/#\/schema\/logo\/image\/"},"sameAs":["https:\/\/www.facebook.com\/TuincentrumEliassenAmmerzoden","https:\/\/www.instagram.com\/eliassenhomeandgarden\/","https:\/\/nl.pinterest.com\/eliassenhomeandgarden\/","https:\/\/www.youtube.com\/@eliassenhomegardenpleasure4558"]}]}},"df_price":450,"df_sale_price":"","df_regular_price":450,"df_image_link":"https:\/\/dev.eliassen.nl\/wp-content\/uploads\/2024\/10\/projl6j1ntr.jpg","image":"https:\/\/dev.eliassen.nl\/wp-content\/uploads\/2024\/10\/projl6j1ntr.jpg","price_search":"<span class=\"woocommerce-Price-amount amount\"><bdi><span class=\"woocommerce-Price-currencySymbol\">&euro;<\/span>&nbsp;450,00<\/bdi><\/span>","category":"Wasserspiel mit Grabbecken","_links":{"self":[{"href":"https:\/\/dev.eliassen.nl\/de\/wp-json\/wp\/v2\/product\/151298","targetHints":{"allow":["GET"]}}],"collection":[{"href":"https:\/\/dev.eliassen.nl\/de\/wp-json\/wp\/v2\/product"}],"about":[{"href":"https:\/\/dev.eliassen.nl\/de\/wp-json\/wp\/v2\/types\/product"}],"wp:featuredmedia":[{"embeddable":true,"href":"https:\/\/dev.eliassen.nl\/de\/wp-json\/wp\/v2\/media\/151289"}],"wp:attachment":[{"href":"https:\/\/dev.eliassen.nl\/de\/wp-json\/wp\/v2\/media?parent=151298"}],"wp:term":[{"taxonomy":"product_brand","embeddable":true,"href":"https:\/\/dev.eliassen.nl\/de\/wp-json\/wp\/v2\/product_brand?post=151298"},{"taxonomy":"product_cat","embeddable":true,"href":"https:\/\/dev.eliassen.nl\/de\/wp-json\/wp\/v2\/product_cat?post=151298"},{"taxonomy":"product_tag","embeddable":true,"href":"https:\/\/dev.eliassen.nl\/de\/wp-json\/wp\/v2\/product_tag?post=151298"}],"curies":[{"name":"wp","href":"https:\/\/api.w.org\/{rel}","templated":true}]}}