{"id":151379,"date":"2024-03-06T13:28:02","date_gmt":"2024-03-06T12:28:02","guid":{"rendered":"https:\/\/www.eliassen.nl\/?product=dragonstone-sokkel-klassiek-sierlijk-met-bladeren"},"modified":"2024-12-05T17:03:54","modified_gmt":"2024-12-05T16:03:54","slug":"sockel-klassisch-elegant-mit-blattern-ivy-pl03-66cm","status":"publish","type":"product","link":"https:\/\/dev.eliassen.nl\/de\/sockel-klassisch-elegant-mit-blattern-ivy-pl03-66cm\/","title":{"rendered":"Sockel klassisch elegant mit Bl\u00e4ttern Ivy PL03 66cm"},"content":{"rendered":"<p>Holen Sie sich die l\u00e4ndliche Atmosph\u00e4re in Ihren Garten mit diesem original englischen Sockel von Dragonstone. Mit diesem attraktiven originalen Steingusssockel mit sch\u00f6ner Farbe aus England k\u00f6nnen Sie die typische Cottage-Atmosph\u00e4re in Ihrem Garten schaffen. Diese Betonsockel bestehen aus sehr hochwertigem Kunststein, was eine sehr lange Lebensdauer garantiert. Diese Sockel sind wundersch\u00f6n detailliert, die meisten Modelle tragen das Dragonstone-Logo. Wenn Sie diesen Sockel bepflanzen m\u00f6chten, empfehlen wir immer eine Schicht Tongranulat einzuschichten. BITTE BEACHTEN SIE VOR F\u00c4LSCHUNGEN.<br \/><strong>Wir haben viele dieser Serien im Laden. F\u00fcr weitere Informationen rufen Sie uns einfach an oder senden Sie uns eine E-Mail.<\/strong><\/p>\n<ul>\n<li>Ma\u00dfe: ca. Durchmesser oben 24 cm, Grundfl\u00e4che quadratisch 25 cm und 66 cm hoch<\/li>\n<li>Gewicht ca. 52kg<\/li>\n<li>1 Jahr Garantie<\/li>\n<li>Schnell geliefert<\/li>\n<\/ul>\n","protected":false},"excerpt":{"rendered":"<p>\u2713 25x66cm hoch \u2713 52kg<\/p>\n","protected":false},"featured_media":151373,"template":"","meta":{"_acf_changed":false},"product_brand":[6922],"product_cat":[791,716,677,722,733,782,7076],"product_tag":[],"class_list":{"0":"post-151379","1":"product","2":"type-product","3":"status-publish","4":"has-post-thumbnail","6":"product_brand-dragonstone-de","7":"product_cat-betonsockel","9":"product_cat-betonstatuen","10":"product_cat-blumentoepfe-und-pflanzgefaesse","11":"product_cat-englische-gartenvasen","12":"product_cat-sockel","13":"product_cat-statues-figures","15":"first","16":"instock","17":"taxable","18":"shipping-taxable","19":"purchasable","20":"product-type-simple"},"acf":[],"yoast_head":"<!-- This site is optimized with the Yoast SEO plugin v23.8 - https:\/\/yoast.com\/wordpress\/plugins\/seo\/ -->\n<title>Sockel klassisch elegant mit Bl\u00e4ttern Ivy PL03 66cm - Eliassen.nl<\/title>\n<meta name=\"description\" content=\"Sie suchen einen englischen Sockel in Betonoptik mit klassischem Erscheinungsbild? Dieses Modell ist handgefertigt aus hochwertigem Beton und reich an Details.\" \/>\n<meta name=\"robots\" content=\"noindex, follow, max-snippet:-1, max-image-preview:large, max-video-preview:-1\" \/>\n<meta property=\"og:locale\" content=\"de_DE\" \/>\n<meta property=\"og:type\" content=\"article\" \/>\n<meta property=\"og:title\" content=\"Sockel klassisch elegant mit Bl\u00e4ttern Ivy PL03 66cm - Eliassen.nl\" \/>\n<meta property=\"og:description\" content=\"Sie suchen einen englischen Sockel in Betonoptik mit klassischem Erscheinungsbild? Dieses Modell ist handgefertigt aus hochwertigem Beton und reich an Details.\" \/>\n<meta property=\"og:url\" content=\"https:\/\/dev.eliassen.nl\/de\/sockel-klassisch-elegant-mit-blattern-ivy-pl03-66cm\/\" \/>\n<meta property=\"og:site_name\" content=\"Eliassen.nl\" \/>\n<meta property=\"article:publisher\" content=\"https:\/\/www.facebook.com\/TuincentrumEliassenAmmerzoden\" \/>\n<meta property=\"article:modified_time\" content=\"2024-12-05T16:03:54+00:00\" \/>\n<meta property=\"og:image\" content=\"https:\/\/dev.eliassen.nl\/wp-content\/uploads\/2024\/10\/sokkelklassieksierlijkmetbladerenivypl0366c.jpg\" \/>\n\t<meta property=\"og:image:width\" content=\"709\" \/>\n\t<meta property=\"og:image:height\" content=\"484\" \/>\n\t<meta property=\"og:image:type\" content=\"image\/jpeg\" \/>\n<meta name=\"twitter:card\" content=\"summary_large_image\" \/>\n<script type=\"application\/ld+json\" class=\"yoast-schema-graph\">{\"@context\":\"https:\/\/schema.org\",\"@graph\":[{\"@type\":\"WebPage\",\"@id\":\"https:\/\/dev.eliassen.nl\/de\/sockel-klassisch-elegant-mit-blattern-ivy-pl03-66cm\/\",\"url\":\"https:\/\/dev.eliassen.nl\/de\/sockel-klassisch-elegant-mit-blattern-ivy-pl03-66cm\/\",\"name\":\"Sockel klassisch elegant mit Bl\u00e4ttern Ivy PL03 66cm - Eliassen.nl\",\"isPartOf\":{\"@id\":\"https:\/\/dev.eliassen.nl\/de\/#website\"},\"primaryImageOfPage\":{\"@id\":\"https:\/\/dev.eliassen.nl\/de\/sockel-klassisch-elegant-mit-blattern-ivy-pl03-66cm\/#primaryimage\"},\"image\":{\"@id\":\"https:\/\/dev.eliassen.nl\/de\/sockel-klassisch-elegant-mit-blattern-ivy-pl03-66cm\/#primaryimage\"},\"thumbnailUrl\":\"https:\/\/dev.eliassen.nl\/wp-content\/uploads\/2024\/10\/sokkelklassieksierlijkmetbladerenivypl0366c.jpg\",\"datePublished\":\"2024-03-06T12:28:02+00:00\",\"dateModified\":\"2024-12-05T16:03:54+00:00\",\"description\":\"Sie suchen einen englischen Sockel in Betonoptik mit klassischem Erscheinungsbild? Dieses Modell ist handgefertigt aus hochwertigem Beton und reich an Details.\",\"breadcrumb\":{\"@id\":\"https:\/\/dev.eliassen.nl\/de\/sockel-klassisch-elegant-mit-blattern-ivy-pl03-66cm\/#breadcrumb\"},\"inLanguage\":\"de\",\"potentialAction\":[{\"@type\":\"ReadAction\",\"target\":[\"https:\/\/dev.eliassen.nl\/de\/sockel-klassisch-elegant-mit-blattern-ivy-pl03-66cm\/\"]}]},{\"@type\":\"ImageObject\",\"inLanguage\":\"de\",\"@id\":\"https:\/\/dev.eliassen.nl\/de\/sockel-klassisch-elegant-mit-blattern-ivy-pl03-66cm\/#primaryimage\",\"url\":\"https:\/\/dev.eliassen.nl\/wp-content\/uploads\/2024\/10\/sokkelklassieksierlijkmetbladerenivypl0366c.jpg\",\"contentUrl\":\"https:\/\/dev.eliassen.nl\/wp-content\/uploads\/2024\/10\/sokkelklassieksierlijkmetbladerenivypl0366c.jpg\",\"width\":709,\"height\":484,\"caption\":\"Sokkel klassiek sierlijk met bladeren Ivy PL03 66cm eliassen.nl\"},{\"@type\":\"BreadcrumbList\",\"@id\":\"https:\/\/dev.eliassen.nl\/de\/sockel-klassisch-elegant-mit-blattern-ivy-pl03-66cm\/#breadcrumb\",\"itemListElement\":[{\"@type\":\"ListItem\",\"position\":1,\"name\":\"Home\",\"item\":\"https:\/\/dev.eliassen.nl\/de\/\"},{\"@type\":\"ListItem\",\"position\":2,\"name\":\"Shop\",\"item\":\"https:\/\/dev.eliassen.nl\/nl\/winkel\/\"},{\"@type\":\"ListItem\",\"position\":3,\"name\":\"Blument\u00f6pfe und Pflanzgef\u00e4\u00dfe\",\"item\":\"https:\/\/dev.eliassen.nl\/de\/blumentoepfe-und-pflanzgefaesse\/\"},{\"@type\":\"ListItem\",\"position\":4,\"name\":\"Klassieke tuinvazen\",\"item\":\"https:\/\/dev.eliassen.nl\/nl\/bloempotten-en-bloembakken\/klassieke-tuinvazen\/\"},{\"@type\":\"ListItem\",\"position\":5,\"name\":\"Englische Gartenvasen\",\"item\":\"https:\/\/dev.eliassen.nl\/de\/blumentoepfe-und-pflanzgefaesse\/klassische-gartenvasen\/englische-gartenvasen\/\"},{\"@type\":\"ListItem\",\"position\":6,\"name\":\"Sockel klassisch elegant mit Bl\u00e4ttern Ivy PL03 66cm\"}]},{\"@type\":\"WebSite\",\"@id\":\"https:\/\/dev.eliassen.nl\/de\/#website\",\"url\":\"https:\/\/dev.eliassen.nl\/de\/\",\"name\":\"Eliassen Home & Garden Pleasure\",\"description\":\"\",\"publisher\":{\"@id\":\"https:\/\/dev.eliassen.nl\/de\/#organization\"},\"alternateName\":\"Eliassen.nl\",\"potentialAction\":[{\"@type\":\"SearchAction\",\"target\":{\"@type\":\"EntryPoint\",\"urlTemplate\":\"https:\/\/dev.eliassen.nl\/de\/?s={search_term_string}\"},\"query-input\":{\"@type\":\"PropertyValueSpecification\",\"valueRequired\":true,\"valueName\":\"search_term_string\"}}],\"inLanguage\":\"de\"},{\"@type\":\"Organization\",\"@id\":\"https:\/\/dev.eliassen.nl\/de\/#organization\",\"name\":\"Eliassen Home & Garden Pleasure\",\"url\":\"https:\/\/dev.eliassen.nl\/de\/\",\"logo\":{\"@type\":\"ImageObject\",\"inLanguage\":\"de\",\"@id\":\"https:\/\/dev.eliassen.nl\/de\/#\/schema\/logo\/image\/\",\"url\":\"https:\/\/www.eliassen.nl\/wp-content\/uploads\/2024\/01\/logo_4nd.jpg\",\"contentUrl\":\"https:\/\/www.eliassen.nl\/wp-content\/uploads\/2024\/01\/logo_4nd.jpg\",\"width\":500,\"height\":500,\"caption\":\"Eliassen Home & Garden Pleasure\"},\"image\":{\"@id\":\"https:\/\/dev.eliassen.nl\/de\/#\/schema\/logo\/image\/\"},\"sameAs\":[\"https:\/\/www.facebook.com\/TuincentrumEliassenAmmerzoden\",\"https:\/\/www.instagram.com\/eliassenhomeandgarden\/\",\"https:\/\/nl.pinterest.com\/eliassenhomeandgarden\/\",\"https:\/\/www.youtube.com\/@eliassenhomegardenpleasure4558\"]}]}<\/script>\n<!-- \/ Yoast SEO plugin. -->","yoast_head_json":{"title":"Sockel klassisch elegant mit Bl\u00e4ttern Ivy PL03 66cm - Eliassen.nl","description":"Sie suchen einen englischen Sockel in Betonoptik mit klassischem Erscheinungsbild? Dieses Modell ist handgefertigt aus hochwertigem Beton und reich an Details.","robots":{"index":"noindex","follow":"follow","max-snippet":"max-snippet:-1","max-image-preview":"max-image-preview:large","max-video-preview":"max-video-preview:-1"},"og_locale":"de_DE","og_type":"article","og_title":"Sockel klassisch elegant mit Bl\u00e4ttern Ivy PL03 66cm - Eliassen.nl","og_description":"Sie suchen einen englischen Sockel in Betonoptik mit klassischem Erscheinungsbild? Dieses Modell ist handgefertigt aus hochwertigem Beton und reich an Details.","og_url":"https:\/\/dev.eliassen.nl\/de\/sockel-klassisch-elegant-mit-blattern-ivy-pl03-66cm\/","og_site_name":"Eliassen.nl","article_publisher":"https:\/\/www.facebook.com\/TuincentrumEliassenAmmerzoden","article_modified_time":"2024-12-05T16:03:54+00:00","og_image":[{"width":709,"height":484,"url":"https:\/\/dev.eliassen.nl\/wp-content\/uploads\/2024\/10\/sokkelklassieksierlijkmetbladerenivypl0366c.jpg","type":"image\/jpeg"}],"twitter_card":"summary_large_image","schema":{"@context":"https:\/\/schema.org","@graph":[{"@type":"WebPage","@id":"https:\/\/dev.eliassen.nl\/de\/sockel-klassisch-elegant-mit-blattern-ivy-pl03-66cm\/","url":"https:\/\/dev.eliassen.nl\/de\/sockel-klassisch-elegant-mit-blattern-ivy-pl03-66cm\/","name":"Sockel klassisch elegant mit Bl\u00e4ttern Ivy PL03 66cm - Eliassen.nl","isPartOf":{"@id":"https:\/\/dev.eliassen.nl\/de\/#website"},"primaryImageOfPage":{"@id":"https:\/\/dev.eliassen.nl\/de\/sockel-klassisch-elegant-mit-blattern-ivy-pl03-66cm\/#primaryimage"},"image":{"@id":"https:\/\/dev.eliassen.nl\/de\/sockel-klassisch-elegant-mit-blattern-ivy-pl03-66cm\/#primaryimage"},"thumbnailUrl":"https:\/\/dev.eliassen.nl\/wp-content\/uploads\/2024\/10\/sokkelklassieksierlijkmetbladerenivypl0366c.jpg","datePublished":"2024-03-06T12:28:02+00:00","dateModified":"2024-12-05T16:03:54+00:00","description":"Sie suchen einen englischen Sockel in Betonoptik mit klassischem Erscheinungsbild? Dieses Modell ist handgefertigt aus hochwertigem Beton und reich an Details.","breadcrumb":{"@id":"https:\/\/dev.eliassen.nl\/de\/sockel-klassisch-elegant-mit-blattern-ivy-pl03-66cm\/#breadcrumb"},"inLanguage":"de","potentialAction":[{"@type":"ReadAction","target":["https:\/\/dev.eliassen.nl\/de\/sockel-klassisch-elegant-mit-blattern-ivy-pl03-66cm\/"]}]},{"@type":"ImageObject","inLanguage":"de","@id":"https:\/\/dev.eliassen.nl\/de\/sockel-klassisch-elegant-mit-blattern-ivy-pl03-66cm\/#primaryimage","url":"https:\/\/dev.eliassen.nl\/wp-content\/uploads\/2024\/10\/sokkelklassieksierlijkmetbladerenivypl0366c.jpg","contentUrl":"https:\/\/dev.eliassen.nl\/wp-content\/uploads\/2024\/10\/sokkelklassieksierlijkmetbladerenivypl0366c.jpg","width":709,"height":484,"caption":"Sokkel klassiek sierlijk met bladeren Ivy PL03 66cm eliassen.nl"},{"@type":"BreadcrumbList","@id":"https:\/\/dev.eliassen.nl\/de\/sockel-klassisch-elegant-mit-blattern-ivy-pl03-66cm\/#breadcrumb","itemListElement":[{"@type":"ListItem","position":1,"name":"Home","item":"https:\/\/dev.eliassen.nl\/de\/"},{"@type":"ListItem","position":2,"name":"Shop","item":"https:\/\/dev.eliassen.nl\/nl\/winkel\/"},{"@type":"ListItem","position":3,"name":"Blument\u00f6pfe und Pflanzgef\u00e4\u00dfe","item":"https:\/\/dev.eliassen.nl\/de\/blumentoepfe-und-pflanzgefaesse\/"},{"@type":"ListItem","position":4,"name":"Klassieke tuinvazen","item":"https:\/\/dev.eliassen.nl\/nl\/bloempotten-en-bloembakken\/klassieke-tuinvazen\/"},{"@type":"ListItem","position":5,"name":"Englische Gartenvasen","item":"https:\/\/dev.eliassen.nl\/de\/blumentoepfe-und-pflanzgefaesse\/klassische-gartenvasen\/englische-gartenvasen\/"},{"@type":"ListItem","position":6,"name":"Sockel klassisch elegant mit Bl\u00e4ttern Ivy PL03 66cm"}]},{"@type":"WebSite","@id":"https:\/\/dev.eliassen.nl\/de\/#website","url":"https:\/\/dev.eliassen.nl\/de\/","name":"Eliassen Home & Garden Pleasure","description":"","publisher":{"@id":"https:\/\/dev.eliassen.nl\/de\/#organization"},"alternateName":"Eliassen.nl","potentialAction":[{"@type":"SearchAction","target":{"@type":"EntryPoint","urlTemplate":"https:\/\/dev.eliassen.nl\/de\/?s={search_term_string}"},"query-input":{"@type":"PropertyValueSpecification","valueRequired":true,"valueName":"search_term_string"}}],"inLanguage":"de"},{"@type":"Organization","@id":"https:\/\/dev.eliassen.nl\/de\/#organization","name":"Eliassen Home & Garden Pleasure","url":"https:\/\/dev.eliassen.nl\/de\/","logo":{"@type":"ImageObject","inLanguage":"de","@id":"https:\/\/dev.eliassen.nl\/de\/#\/schema\/logo\/image\/","url":"https:\/\/www.eliassen.nl\/wp-content\/uploads\/2024\/01\/logo_4nd.jpg","contentUrl":"https:\/\/www.eliassen.nl\/wp-content\/uploads\/2024\/01\/logo_4nd.jpg","width":500,"height":500,"caption":"Eliassen Home & Garden Pleasure"},"image":{"@id":"https:\/\/dev.eliassen.nl\/de\/#\/schema\/logo\/image\/"},"sameAs":["https:\/\/www.facebook.com\/TuincentrumEliassenAmmerzoden","https:\/\/www.instagram.com\/eliassenhomeandgarden\/","https:\/\/nl.pinterest.com\/eliassenhomeandgarden\/","https:\/\/www.youtube.com\/@eliassenhomegardenpleasure4558"]}]}},"df_price":176,"df_sale_price":"","df_regular_price":176,"df_image_link":"https:\/\/dev.eliassen.nl\/wp-content\/uploads\/2024\/10\/sokkelklassieksierlijkmetbladerenivypl0366c.jpg","image":"https:\/\/dev.eliassen.nl\/wp-content\/uploads\/2024\/10\/sokkelklassieksierlijkmetbladerenivypl0366c.jpg","price_search":"<span class=\"woocommerce-Price-amount amount\"><bdi><span class=\"woocommerce-Price-currencySymbol\">&euro;<\/span>&nbsp;176,00<\/bdi><\/span>","category":"Betonsockel","_links":{"self":[{"href":"https:\/\/dev.eliassen.nl\/de\/wp-json\/wp\/v2\/product\/151379","targetHints":{"allow":["GET"]}}],"collection":[{"href":"https:\/\/dev.eliassen.nl\/de\/wp-json\/wp\/v2\/product"}],"about":[{"href":"https:\/\/dev.eliassen.nl\/de\/wp-json\/wp\/v2\/types\/product"}],"wp:featuredmedia":[{"embeddable":true,"href":"https:\/\/dev.eliassen.nl\/de\/wp-json\/wp\/v2\/media\/151373"}],"wp:attachment":[{"href":"https:\/\/dev.eliassen.nl\/de\/wp-json\/wp\/v2\/media?parent=151379"}],"wp:term":[{"taxonomy":"product_brand","embeddable":true,"href":"https:\/\/dev.eliassen.nl\/de\/wp-json\/wp\/v2\/product_brand?post=151379"},{"taxonomy":"product_cat","embeddable":true,"href":"https:\/\/dev.eliassen.nl\/de\/wp-json\/wp\/v2\/product_cat?post=151379"},{"taxonomy":"product_tag","embeddable":true,"href":"https:\/\/dev.eliassen.nl\/de\/wp-json\/wp\/v2\/product_tag?post=151379"}],"curies":[{"name":"wp","href":"https:\/\/api.w.org\/{rel}","templated":true}]}}