{"id":151571,"date":"2024-03-13T19:38:50","date_gmt":"2024-03-13T18:38:50","guid":{"rendered":"https:\/\/www.eliassen.nl\/?product=tuinbank-romantic-oud-groen-hoge-rug-142cm"},"modified":"2024-12-05T17:04:33","modified_gmt":"2024-12-05T16:04:33","slug":"gartenbank-romantisch-altgrun-mit-hoher-ruckenlehne-142cm","status":"publish","type":"product","link":"https:\/\/dev.eliassen.nl\/de\/gartenbank-romantisch-altgrun-mit-hoher-ruckenlehne-142cm\/","title":{"rendered":"Gartenbank Romantisch altgr\u00fcn mit hoher R\u00fcckenlehne 142cm"},"content":{"rendered":"<p>Ein klassisches, aber zeitloses Gartenbankmodell: Diese romantisch geformte Gartenbank aus Eisen mit hoher R\u00fcckenlehne. Wundersch\u00f6n aus Metall gefertigt. In einer sch\u00f6nen alten olivgr\u00fcnen Farbe bemalt und dann mit einer anderen dunklen Farbe gewaschen, um einen sch\u00f6nen antiken Look zu erzeugen. Auf diesem Sofa werden Sie einige gem\u00fctliche Stunden verbringen! Die leicht konkav geschwungene Sitzfl\u00e4che sorgt f\u00fcr einen guten Sitz.<\/p>\n<p>Diese Bank muss mit 10 Muttern zusammengebaut werden. Sitz und R\u00fcckenlehne sind durch Scharniere miteinander verbunden.<\/p>\n<ul>\n<li>Ma\u00dfe: ca. 142 cm breit, 60 cm tief und 105 cm hoch<\/li>\n<li>Farbe: Olivgr\u00fcn<\/li>\n<li>1 Jahr Garantie<\/li>\n<li>Wir haben diesen Artikel in unserem Ausstellungsraum.<\/li>\n<\/ul>\n","protected":false},"excerpt":{"rendered":"<p>\u2713 142x60x105cm<\/p>\n","protected":false},"featured_media":176791,"template":"","meta":{"_acf_changed":false},"product_brand":[],"product_cat":[806,761,752],"product_tag":[],"class_list":{"0":"post-151571","1":"product","2":"type-product","3":"status-publish","4":"has-post-thumbnail","6":"product_cat-gartenbaenke","7":"product_cat-gartenmoebel","8":"product_cat-weitere-artikel","10":"first","11":"instock","12":"taxable","13":"shipping-taxable","14":"purchasable","15":"product-type-simple"},"acf":[],"yoast_head":"<!-- This site is optimized with the Yoast SEO plugin v23.8 - https:\/\/yoast.com\/wordpress\/plugins\/seo\/ -->\n<title>Gartenbank Romantisches Altgr\u00fcn mit hoher R\u00fcckenlehne 142 cm - Eliassen<\/title>\n<meta name=\"description\" content=\"Gartenb\u00e4nke; Bei Eliassen gibt es viele Modelle und Materialien. Sehen Sie sich alle in unserem Webshop an oder kommen Sie vorbei und sehen Sie sie sich live...\" \/>\n<meta name=\"robots\" content=\"noindex, follow, max-snippet:-1, max-image-preview:large, max-video-preview:-1\" \/>\n<meta property=\"og:locale\" content=\"de_DE\" \/>\n<meta property=\"og:type\" content=\"article\" \/>\n<meta property=\"og:title\" content=\"Gartenbank Romantisches Altgr\u00fcn mit hoher R\u00fcckenlehne 142 cm - Eliassen\" \/>\n<meta property=\"og:description\" content=\"Gartenb\u00e4nke; Bei Eliassen gibt es viele Modelle und Materialien. Sehen Sie sich alle in unserem Webshop an oder kommen Sie vorbei und sehen Sie sie sich live...\" \/>\n<meta property=\"og:url\" content=\"https:\/\/dev.eliassen.nl\/de\/gartenbank-romantisch-altgrun-mit-hoher-ruckenlehne-142cm\/\" \/>\n<meta property=\"og:site_name\" content=\"Eliassen.nl\" \/>\n<meta property=\"article:publisher\" content=\"https:\/\/www.facebook.com\/TuincentrumEliassenAmmerzoden\" \/>\n<meta property=\"article:modified_time\" content=\"2024-12-05T16:04:33+00:00\" \/>\n<meta property=\"og:image\" content=\"https:\/\/dev.eliassen.nl\/wp-content\/uploads\/2024\/03\/Tuinbank-Romantic-met-hoge-rug-Eliassen.nl_.jpeg\" \/>\n\t<meta property=\"og:image:width\" content=\"2160\" \/>\n\t<meta property=\"og:image:height\" content=\"2112\" \/>\n\t<meta property=\"og:image:type\" content=\"image\/jpeg\" \/>\n<meta name=\"twitter:card\" content=\"summary_large_image\" \/>\n<script type=\"application\/ld+json\" class=\"yoast-schema-graph\">{\"@context\":\"https:\/\/schema.org\",\"@graph\":[{\"@type\":\"WebPage\",\"@id\":\"https:\/\/dev.eliassen.nl\/de\/gartenbank-romantisch-altgrun-mit-hoher-ruckenlehne-142cm\/\",\"url\":\"https:\/\/dev.eliassen.nl\/de\/gartenbank-romantisch-altgrun-mit-hoher-ruckenlehne-142cm\/\",\"name\":\"Gartenbank Romantisches Altgr\u00fcn mit hoher R\u00fcckenlehne 142 cm - Eliassen\",\"isPartOf\":{\"@id\":\"https:\/\/dev.eliassen.nl\/de\/#website\"},\"primaryImageOfPage\":{\"@id\":\"https:\/\/dev.eliassen.nl\/de\/gartenbank-romantisch-altgrun-mit-hoher-ruckenlehne-142cm\/#primaryimage\"},\"image\":{\"@id\":\"https:\/\/dev.eliassen.nl\/de\/gartenbank-romantisch-altgrun-mit-hoher-ruckenlehne-142cm\/#primaryimage\"},\"thumbnailUrl\":\"https:\/\/dev.eliassen.nl\/wp-content\/uploads\/2024\/03\/Tuinbank-Romantic-met-hoge-rug-Eliassen.nl_.jpeg\",\"datePublished\":\"2024-03-13T18:38:50+00:00\",\"dateModified\":\"2024-12-05T16:04:33+00:00\",\"description\":\"Gartenb\u00e4nke; Bei Eliassen gibt es viele Modelle und Materialien. Sehen Sie sich alle in unserem Webshop an oder kommen Sie vorbei und sehen Sie sie sich live...\",\"breadcrumb\":{\"@id\":\"https:\/\/dev.eliassen.nl\/de\/gartenbank-romantisch-altgrun-mit-hoher-ruckenlehne-142cm\/#breadcrumb\"},\"inLanguage\":\"de\",\"potentialAction\":[{\"@type\":\"ReadAction\",\"target\":[\"https:\/\/dev.eliassen.nl\/de\/gartenbank-romantisch-altgrun-mit-hoher-ruckenlehne-142cm\/\"]}]},{\"@type\":\"ImageObject\",\"inLanguage\":\"de\",\"@id\":\"https:\/\/dev.eliassen.nl\/de\/gartenbank-romantisch-altgrun-mit-hoher-ruckenlehne-142cm\/#primaryimage\",\"url\":\"https:\/\/dev.eliassen.nl\/wp-content\/uploads\/2024\/03\/Tuinbank-Romantic-met-hoge-rug-Eliassen.nl_.jpeg\",\"contentUrl\":\"https:\/\/dev.eliassen.nl\/wp-content\/uploads\/2024\/03\/Tuinbank-Romantic-met-hoge-rug-Eliassen.nl_.jpeg\",\"width\":2160,\"height\":2112},{\"@type\":\"BreadcrumbList\",\"@id\":\"https:\/\/dev.eliassen.nl\/de\/gartenbank-romantisch-altgrun-mit-hoher-ruckenlehne-142cm\/#breadcrumb\",\"itemListElement\":[{\"@type\":\"ListItem\",\"position\":1,\"name\":\"Home\",\"item\":\"https:\/\/dev.eliassen.nl\/de\/\"},{\"@type\":\"ListItem\",\"position\":2,\"name\":\"Shop\",\"item\":\"https:\/\/dev.eliassen.nl\/nl\/winkel\/\"},{\"@type\":\"ListItem\",\"position\":3,\"name\":\"Weitere Artikel\",\"item\":\"https:\/\/dev.eliassen.nl\/de\/weitere-artikel\/\"},{\"@type\":\"ListItem\",\"position\":4,\"name\":\"Gartenm\u00f6bel\",\"item\":\"https:\/\/dev.eliassen.nl\/de\/garten-andere\/gartenmoebel\/\"},{\"@type\":\"ListItem\",\"position\":5,\"name\":\"Gartenbank Romantisch altgr\u00fcn mit hoher R\u00fcckenlehne 142cm\"}]},{\"@type\":\"WebSite\",\"@id\":\"https:\/\/dev.eliassen.nl\/de\/#website\",\"url\":\"https:\/\/dev.eliassen.nl\/de\/\",\"name\":\"Eliassen Home & Garden Pleasure\",\"description\":\"\",\"publisher\":{\"@id\":\"https:\/\/dev.eliassen.nl\/de\/#organization\"},\"alternateName\":\"Eliassen.nl\",\"potentialAction\":[{\"@type\":\"SearchAction\",\"target\":{\"@type\":\"EntryPoint\",\"urlTemplate\":\"https:\/\/dev.eliassen.nl\/de\/?s={search_term_string}\"},\"query-input\":{\"@type\":\"PropertyValueSpecification\",\"valueRequired\":true,\"valueName\":\"search_term_string\"}}],\"inLanguage\":\"de\"},{\"@type\":\"Organization\",\"@id\":\"https:\/\/dev.eliassen.nl\/de\/#organization\",\"name\":\"Eliassen Home & Garden Pleasure\",\"url\":\"https:\/\/dev.eliassen.nl\/de\/\",\"logo\":{\"@type\":\"ImageObject\",\"inLanguage\":\"de\",\"@id\":\"https:\/\/dev.eliassen.nl\/de\/#\/schema\/logo\/image\/\",\"url\":\"https:\/\/www.eliassen.nl\/wp-content\/uploads\/2024\/01\/logo_4nd.jpg\",\"contentUrl\":\"https:\/\/www.eliassen.nl\/wp-content\/uploads\/2024\/01\/logo_4nd.jpg\",\"width\":500,\"height\":500,\"caption\":\"Eliassen Home & Garden Pleasure\"},\"image\":{\"@id\":\"https:\/\/dev.eliassen.nl\/de\/#\/schema\/logo\/image\/\"},\"sameAs\":[\"https:\/\/www.facebook.com\/TuincentrumEliassenAmmerzoden\",\"https:\/\/www.instagram.com\/eliassenhomeandgarden\/\",\"https:\/\/nl.pinterest.com\/eliassenhomeandgarden\/\",\"https:\/\/www.youtube.com\/@eliassenhomegardenpleasure4558\"]}]}<\/script>\n<!-- \/ Yoast SEO plugin. -->","yoast_head_json":{"title":"Gartenbank Romantisches Altgr\u00fcn mit hoher R\u00fcckenlehne 142 cm - Eliassen","description":"Gartenb\u00e4nke; Bei Eliassen gibt es viele Modelle und Materialien. Sehen Sie sich alle in unserem Webshop an oder kommen Sie vorbei und sehen Sie sie sich live...","robots":{"index":"noindex","follow":"follow","max-snippet":"max-snippet:-1","max-image-preview":"max-image-preview:large","max-video-preview":"max-video-preview:-1"},"og_locale":"de_DE","og_type":"article","og_title":"Gartenbank Romantisches Altgr\u00fcn mit hoher R\u00fcckenlehne 142 cm - Eliassen","og_description":"Gartenb\u00e4nke; Bei Eliassen gibt es viele Modelle und Materialien. Sehen Sie sich alle in unserem Webshop an oder kommen Sie vorbei und sehen Sie sie sich live...","og_url":"https:\/\/dev.eliassen.nl\/de\/gartenbank-romantisch-altgrun-mit-hoher-ruckenlehne-142cm\/","og_site_name":"Eliassen.nl","article_publisher":"https:\/\/www.facebook.com\/TuincentrumEliassenAmmerzoden","article_modified_time":"2024-12-05T16:04:33+00:00","og_image":[{"width":2160,"height":2112,"url":"https:\/\/dev.eliassen.nl\/wp-content\/uploads\/2024\/03\/Tuinbank-Romantic-met-hoge-rug-Eliassen.nl_.jpeg","type":"image\/jpeg"}],"twitter_card":"summary_large_image","schema":{"@context":"https:\/\/schema.org","@graph":[{"@type":"WebPage","@id":"https:\/\/dev.eliassen.nl\/de\/gartenbank-romantisch-altgrun-mit-hoher-ruckenlehne-142cm\/","url":"https:\/\/dev.eliassen.nl\/de\/gartenbank-romantisch-altgrun-mit-hoher-ruckenlehne-142cm\/","name":"Gartenbank Romantisches Altgr\u00fcn mit hoher R\u00fcckenlehne 142 cm - Eliassen","isPartOf":{"@id":"https:\/\/dev.eliassen.nl\/de\/#website"},"primaryImageOfPage":{"@id":"https:\/\/dev.eliassen.nl\/de\/gartenbank-romantisch-altgrun-mit-hoher-ruckenlehne-142cm\/#primaryimage"},"image":{"@id":"https:\/\/dev.eliassen.nl\/de\/gartenbank-romantisch-altgrun-mit-hoher-ruckenlehne-142cm\/#primaryimage"},"thumbnailUrl":"https:\/\/dev.eliassen.nl\/wp-content\/uploads\/2024\/03\/Tuinbank-Romantic-met-hoge-rug-Eliassen.nl_.jpeg","datePublished":"2024-03-13T18:38:50+00:00","dateModified":"2024-12-05T16:04:33+00:00","description":"Gartenb\u00e4nke; Bei Eliassen gibt es viele Modelle und Materialien. Sehen Sie sich alle in unserem Webshop an oder kommen Sie vorbei und sehen Sie sie sich live...","breadcrumb":{"@id":"https:\/\/dev.eliassen.nl\/de\/gartenbank-romantisch-altgrun-mit-hoher-ruckenlehne-142cm\/#breadcrumb"},"inLanguage":"de","potentialAction":[{"@type":"ReadAction","target":["https:\/\/dev.eliassen.nl\/de\/gartenbank-romantisch-altgrun-mit-hoher-ruckenlehne-142cm\/"]}]},{"@type":"ImageObject","inLanguage":"de","@id":"https:\/\/dev.eliassen.nl\/de\/gartenbank-romantisch-altgrun-mit-hoher-ruckenlehne-142cm\/#primaryimage","url":"https:\/\/dev.eliassen.nl\/wp-content\/uploads\/2024\/03\/Tuinbank-Romantic-met-hoge-rug-Eliassen.nl_.jpeg","contentUrl":"https:\/\/dev.eliassen.nl\/wp-content\/uploads\/2024\/03\/Tuinbank-Romantic-met-hoge-rug-Eliassen.nl_.jpeg","width":2160,"height":2112},{"@type":"BreadcrumbList","@id":"https:\/\/dev.eliassen.nl\/de\/gartenbank-romantisch-altgrun-mit-hoher-ruckenlehne-142cm\/#breadcrumb","itemListElement":[{"@type":"ListItem","position":1,"name":"Home","item":"https:\/\/dev.eliassen.nl\/de\/"},{"@type":"ListItem","position":2,"name":"Shop","item":"https:\/\/dev.eliassen.nl\/nl\/winkel\/"},{"@type":"ListItem","position":3,"name":"Weitere Artikel","item":"https:\/\/dev.eliassen.nl\/de\/weitere-artikel\/"},{"@type":"ListItem","position":4,"name":"Gartenm\u00f6bel","item":"https:\/\/dev.eliassen.nl\/de\/garten-andere\/gartenmoebel\/"},{"@type":"ListItem","position":5,"name":"Gartenbank Romantisch altgr\u00fcn mit hoher R\u00fcckenlehne 142cm"}]},{"@type":"WebSite","@id":"https:\/\/dev.eliassen.nl\/de\/#website","url":"https:\/\/dev.eliassen.nl\/de\/","name":"Eliassen Home & Garden Pleasure","description":"","publisher":{"@id":"https:\/\/dev.eliassen.nl\/de\/#organization"},"alternateName":"Eliassen.nl","potentialAction":[{"@type":"SearchAction","target":{"@type":"EntryPoint","urlTemplate":"https:\/\/dev.eliassen.nl\/de\/?s={search_term_string}"},"query-input":{"@type":"PropertyValueSpecification","valueRequired":true,"valueName":"search_term_string"}}],"inLanguage":"de"},{"@type":"Organization","@id":"https:\/\/dev.eliassen.nl\/de\/#organization","name":"Eliassen Home & Garden Pleasure","url":"https:\/\/dev.eliassen.nl\/de\/","logo":{"@type":"ImageObject","inLanguage":"de","@id":"https:\/\/dev.eliassen.nl\/de\/#\/schema\/logo\/image\/","url":"https:\/\/www.eliassen.nl\/wp-content\/uploads\/2024\/01\/logo_4nd.jpg","contentUrl":"https:\/\/www.eliassen.nl\/wp-content\/uploads\/2024\/01\/logo_4nd.jpg","width":500,"height":500,"caption":"Eliassen Home & Garden Pleasure"},"image":{"@id":"https:\/\/dev.eliassen.nl\/de\/#\/schema\/logo\/image\/"},"sameAs":["https:\/\/www.facebook.com\/TuincentrumEliassenAmmerzoden","https:\/\/www.instagram.com\/eliassenhomeandgarden\/","https:\/\/nl.pinterest.com\/eliassenhomeandgarden\/","https:\/\/www.youtube.com\/@eliassenhomegardenpleasure4558"]}]}},"df_price":249,"df_sale_price":"","df_regular_price":249,"df_image_link":"https:\/\/dev.eliassen.nl\/wp-content\/uploads\/2024\/03\/Tuinbank-Romantic-met-hoge-rug-Eliassen.nl_-300x293.jpeg","image":"https:\/\/dev.eliassen.nl\/wp-content\/uploads\/2024\/03\/Tuinbank-Romantic-met-hoge-rug-Eliassen.nl_-150x150.jpeg","price_search":"<span class=\"woocommerce-Price-amount amount\"><bdi><span class=\"woocommerce-Price-currencySymbol\">&euro;<\/span>&nbsp;249,00<\/bdi><\/span>","category":"Gartenb\u00e4nke","_links":{"self":[{"href":"https:\/\/dev.eliassen.nl\/de\/wp-json\/wp\/v2\/product\/151571","targetHints":{"allow":["GET"]}}],"collection":[{"href":"https:\/\/dev.eliassen.nl\/de\/wp-json\/wp\/v2\/product"}],"about":[{"href":"https:\/\/dev.eliassen.nl\/de\/wp-json\/wp\/v2\/types\/product"}],"wp:featuredmedia":[{"embeddable":true,"href":"https:\/\/dev.eliassen.nl\/de\/wp-json\/wp\/v2\/media\/176791"}],"wp:attachment":[{"href":"https:\/\/dev.eliassen.nl\/de\/wp-json\/wp\/v2\/media?parent=151571"}],"wp:term":[{"taxonomy":"product_brand","embeddable":true,"href":"https:\/\/dev.eliassen.nl\/de\/wp-json\/wp\/v2\/product_brand?post=151571"},{"taxonomy":"product_cat","embeddable":true,"href":"https:\/\/dev.eliassen.nl\/de\/wp-json\/wp\/v2\/product_cat?post=151571"},{"taxonomy":"product_tag","embeddable":true,"href":"https:\/\/dev.eliassen.nl\/de\/wp-json\/wp\/v2\/product_tag?post=151571"}],"curies":[{"name":"wp","href":"https:\/\/api.w.org\/{rel}","templated":true}]}}