{"id":151580,"date":"2024-03-19T15:00:04","date_gmt":"2024-03-19T14:00:04","guid":{"rendered":"https:\/\/www.eliassen.nl\/?product=bloempot-chinees-porselein-shanghai-in-blauw-met-g"},"modified":"2024-12-05T17:04:35","modified_gmt":"2024-12-05T16:04:35","slug":"blumentopf-aus-chinesischem-porzellan-shanghai-in-blau-mit-grun-in-3-grossen","status":"publish","type":"product","link":"https:\/\/dev.eliassen.nl\/de\/blumentopf-aus-chinesischem-porzellan-shanghai-in-blau-mit-grun-in-3-grossen\/","title":{"rendered":"Blumentopf aus chinesischem Porzellan Shanghai in Blau mit Gr\u00fcn in 3 Gr\u00f6\u00dfen"},"content":{"rendered":"<p>Diese chinesischen Porzellant\u00f6pfe sehen in modernen oder eleganten Innenr\u00e4umen wundersch\u00f6n aus. Diese chinesischen T\u00f6pfe bieten einen sch\u00f6nen Kontrast; ein altes Element in einer modernen, eleganten Umgebung.<\/p>\n<p>Wundersch\u00f6n dekoriert mit klassischen chinesischen Zeichnungen, aus steinhartem Porzellan, hergestellt auf altmodische Weise.<\/p>\n<p>Grunds\u00e4tzlich sind diese T\u00f6pfe f\u00fcr den Innenbereich geeignet, im Sommer k\u00f6nnen sie aber auch drau\u00dfen aufgestellt werden. Da der Boden keine L\u00f6cher aufweist, k\u00f6nnen sie im Winter leider nicht drau\u00dfen gelassen werden.<\/p>\n<p>Diese orientalischen T\u00f6pfe sind in 3 Gr\u00f6\u00dfen erh\u00e4ltlich. Klicken Sie auf die gew\u00fcnschte Gr\u00f6\u00dfe.<\/p>\n<ul>\n<li>Gr\u00f6\u00dfen: 26x28cm hoch, 31x31cm hoch oder 39x33cm hoch<\/li>\n<li>Farbe(n): verschiedene<\/li>\n<li>Material: Porzellan<\/li>\n<li>Garantie: 5 Jahre<\/li>\n<li>Kann auch in unserem Shop besichtigt werden<\/li>\n<\/ul>\n","protected":false},"excerpt":{"rendered":"<p>\u2713 26, 31 oder 39 cm breit \u2713 Chinesischer Stil<\/p>\n","protected":false},"featured_media":151574,"template":"","meta":{"_acf_changed":false},"product_brand":[],"product_cat":[722,7058],"product_tag":[],"class_list":{"0":"post-151580","1":"product","2":"type-product","3":"status-publish","4":"has-post-thumbnail","6":"product_cat-blumentoepfe-und-pflanzgefaesse","7":"product_cat-chinesische-toepfe","9":"first","10":"instock","11":"taxable","12":"shipping-taxable","13":"purchasable","14":"product-type-variable"},"acf":[],"yoast_head":"<!-- This site is optimized with the Yoast SEO plugin v23.8 - https:\/\/yoast.com\/wordpress\/plugins\/seo\/ -->\n<title>Blumentopf aus chinesischem Porzellan Shanghai in Blau mit Gr\u00fcn in 3 Gr\u00f6\u00dfen<\/title>\n<meta name=\"description\" content=\"Suchen Sie einen Blumentopf aus Porzellan im chinesischen Stil? Dieses Modell ist in verschiedenen Gr\u00f6\u00dfen erh\u00e4ltlich und hat einen authentischen Stil.\" \/>\n<meta name=\"robots\" content=\"noindex, follow, max-snippet:-1, max-image-preview:large, max-video-preview:-1\" \/>\n<meta property=\"og:locale\" content=\"de_DE\" \/>\n<meta property=\"og:type\" content=\"article\" \/>\n<meta property=\"og:title\" content=\"Blumentopf aus chinesischem Porzellan Shanghai in Blau mit Gr\u00fcn in 3 Gr\u00f6\u00dfen\" \/>\n<meta property=\"og:description\" content=\"Suchen Sie einen Blumentopf aus Porzellan im chinesischen Stil? Dieses Modell ist in verschiedenen Gr\u00f6\u00dfen erh\u00e4ltlich und hat einen authentischen Stil.\" \/>\n<meta property=\"og:url\" content=\"https:\/\/dev.eliassen.nl\/de\/blumentopf-aus-chinesischem-porzellan-shanghai-in-blau-mit-grun-in-3-grossen\/\" \/>\n<meta property=\"og:site_name\" content=\"Eliassen.nl\" \/>\n<meta property=\"article:publisher\" content=\"https:\/\/www.facebook.com\/TuincentrumEliassenAmmerzoden\" \/>\n<meta property=\"article:modified_time\" content=\"2024-12-05T16:04:35+00:00\" \/>\n<meta property=\"og:image\" content=\"https:\/\/dev.eliassen.nl\/wp-content\/uploads\/2024\/10\/130995bloempotchineesporseleinshanghaiinblau.jpg\" \/>\n\t<meta property=\"og:image:width\" content=\"2048\" \/>\n\t<meta property=\"og:image:height\" content=\"1088\" \/>\n\t<meta property=\"og:image:type\" content=\"image\/jpeg\" \/>\n<meta name=\"twitter:card\" content=\"summary_large_image\" \/>\n<script type=\"application\/ld+json\" class=\"yoast-schema-graph\">{\"@context\":\"https:\/\/schema.org\",\"@graph\":[{\"@type\":\"WebPage\",\"@id\":\"https:\/\/dev.eliassen.nl\/de\/blumentopf-aus-chinesischem-porzellan-shanghai-in-blau-mit-grun-in-3-grossen\/\",\"url\":\"https:\/\/dev.eliassen.nl\/de\/blumentopf-aus-chinesischem-porzellan-shanghai-in-blau-mit-grun-in-3-grossen\/\",\"name\":\"Blumentopf aus chinesischem Porzellan Shanghai in Blau mit Gr\u00fcn in 3 Gr\u00f6\u00dfen\",\"isPartOf\":{\"@id\":\"https:\/\/dev.eliassen.nl\/de\/#website\"},\"primaryImageOfPage\":{\"@id\":\"https:\/\/dev.eliassen.nl\/de\/blumentopf-aus-chinesischem-porzellan-shanghai-in-blau-mit-grun-in-3-grossen\/#primaryimage\"},\"image\":{\"@id\":\"https:\/\/dev.eliassen.nl\/de\/blumentopf-aus-chinesischem-porzellan-shanghai-in-blau-mit-grun-in-3-grossen\/#primaryimage\"},\"thumbnailUrl\":\"https:\/\/dev.eliassen.nl\/wp-content\/uploads\/2024\/10\/130995bloempotchineesporseleinshanghaiinblau.jpg\",\"datePublished\":\"2024-03-19T14:00:04+00:00\",\"dateModified\":\"2024-12-05T16:04:35+00:00\",\"description\":\"Suchen Sie einen Blumentopf aus Porzellan im chinesischen Stil? Dieses Modell ist in verschiedenen Gr\u00f6\u00dfen erh\u00e4ltlich und hat einen authentischen Stil.\",\"breadcrumb\":{\"@id\":\"https:\/\/dev.eliassen.nl\/de\/blumentopf-aus-chinesischem-porzellan-shanghai-in-blau-mit-grun-in-3-grossen\/#breadcrumb\"},\"inLanguage\":\"de\",\"potentialAction\":[{\"@type\":\"ReadAction\",\"target\":[\"https:\/\/dev.eliassen.nl\/de\/blumentopf-aus-chinesischem-porzellan-shanghai-in-blau-mit-grun-in-3-grossen\/\"]}]},{\"@type\":\"ImageObject\",\"inLanguage\":\"de\",\"@id\":\"https:\/\/dev.eliassen.nl\/de\/blumentopf-aus-chinesischem-porzellan-shanghai-in-blau-mit-grun-in-3-grossen\/#primaryimage\",\"url\":\"https:\/\/dev.eliassen.nl\/wp-content\/uploads\/2024\/10\/130995bloempotchineesporseleinshanghaiinblau.jpg\",\"contentUrl\":\"https:\/\/dev.eliassen.nl\/wp-content\/uploads\/2024\/10\/130995bloempotchineesporseleinshanghaiinblau.jpg\",\"width\":2048,\"height\":1088,\"caption\":\"130995 Bloempot Chinees porselein Shanghai in blauw met groen in 3 maten eliassen.nl\"},{\"@type\":\"BreadcrumbList\",\"@id\":\"https:\/\/dev.eliassen.nl\/de\/blumentopf-aus-chinesischem-porzellan-shanghai-in-blau-mit-grun-in-3-grossen\/#breadcrumb\",\"itemListElement\":[{\"@type\":\"ListItem\",\"position\":1,\"name\":\"Home\",\"item\":\"https:\/\/dev.eliassen.nl\/de\/\"},{\"@type\":\"ListItem\",\"position\":2,\"name\":\"Shop\",\"item\":\"https:\/\/dev.eliassen.nl\/nl\/winkel\/\"},{\"@type\":\"ListItem\",\"position\":3,\"name\":\"Blument\u00f6pfe und Pflanzgef\u00e4\u00dfe\",\"item\":\"https:\/\/dev.eliassen.nl\/de\/blumentoepfe-und-pflanzgefaesse\/\"},{\"@type\":\"ListItem\",\"position\":4,\"name\":\"Chinesische T\u00f6pfe\",\"item\":\"https:\/\/dev.eliassen.nl\/de\/blumentoepfe-und-pflanzgefaesse\/chinesische-toepfe\/\"},{\"@type\":\"ListItem\",\"position\":5,\"name\":\"Blumentopf aus chinesischem Porzellan Shanghai in Blau mit Gr\u00fcn in 3 Gr\u00f6\u00dfen\"}]},{\"@type\":\"WebSite\",\"@id\":\"https:\/\/dev.eliassen.nl\/de\/#website\",\"url\":\"https:\/\/dev.eliassen.nl\/de\/\",\"name\":\"Eliassen Home & Garden Pleasure\",\"description\":\"\",\"publisher\":{\"@id\":\"https:\/\/dev.eliassen.nl\/de\/#organization\"},\"alternateName\":\"Eliassen.nl\",\"potentialAction\":[{\"@type\":\"SearchAction\",\"target\":{\"@type\":\"EntryPoint\",\"urlTemplate\":\"https:\/\/dev.eliassen.nl\/de\/?s={search_term_string}\"},\"query-input\":{\"@type\":\"PropertyValueSpecification\",\"valueRequired\":true,\"valueName\":\"search_term_string\"}}],\"inLanguage\":\"de\"},{\"@type\":\"Organization\",\"@id\":\"https:\/\/dev.eliassen.nl\/de\/#organization\",\"name\":\"Eliassen Home & Garden Pleasure\",\"url\":\"https:\/\/dev.eliassen.nl\/de\/\",\"logo\":{\"@type\":\"ImageObject\",\"inLanguage\":\"de\",\"@id\":\"https:\/\/dev.eliassen.nl\/de\/#\/schema\/logo\/image\/\",\"url\":\"https:\/\/www.eliassen.nl\/wp-content\/uploads\/2024\/01\/logo_4nd.jpg\",\"contentUrl\":\"https:\/\/www.eliassen.nl\/wp-content\/uploads\/2024\/01\/logo_4nd.jpg\",\"width\":500,\"height\":500,\"caption\":\"Eliassen Home & Garden Pleasure\"},\"image\":{\"@id\":\"https:\/\/dev.eliassen.nl\/de\/#\/schema\/logo\/image\/\"},\"sameAs\":[\"https:\/\/www.facebook.com\/TuincentrumEliassenAmmerzoden\",\"https:\/\/www.instagram.com\/eliassenhomeandgarden\/\",\"https:\/\/nl.pinterest.com\/eliassenhomeandgarden\/\",\"https:\/\/www.youtube.com\/@eliassenhomegardenpleasure4558\"]}]}<\/script>\n<!-- \/ Yoast SEO plugin. -->","yoast_head_json":{"title":"Blumentopf aus chinesischem Porzellan Shanghai in Blau mit Gr\u00fcn in 3 Gr\u00f6\u00dfen","description":"Suchen Sie einen Blumentopf aus Porzellan im chinesischen Stil? Dieses Modell ist in verschiedenen Gr\u00f6\u00dfen erh\u00e4ltlich und hat einen authentischen Stil.","robots":{"index":"noindex","follow":"follow","max-snippet":"max-snippet:-1","max-image-preview":"max-image-preview:large","max-video-preview":"max-video-preview:-1"},"og_locale":"de_DE","og_type":"article","og_title":"Blumentopf aus chinesischem Porzellan Shanghai in Blau mit Gr\u00fcn in 3 Gr\u00f6\u00dfen","og_description":"Suchen Sie einen Blumentopf aus Porzellan im chinesischen Stil? Dieses Modell ist in verschiedenen Gr\u00f6\u00dfen erh\u00e4ltlich und hat einen authentischen Stil.","og_url":"https:\/\/dev.eliassen.nl\/de\/blumentopf-aus-chinesischem-porzellan-shanghai-in-blau-mit-grun-in-3-grossen\/","og_site_name":"Eliassen.nl","article_publisher":"https:\/\/www.facebook.com\/TuincentrumEliassenAmmerzoden","article_modified_time":"2024-12-05T16:04:35+00:00","og_image":[{"width":2048,"height":1088,"url":"https:\/\/dev.eliassen.nl\/wp-content\/uploads\/2024\/10\/130995bloempotchineesporseleinshanghaiinblau.jpg","type":"image\/jpeg"}],"twitter_card":"summary_large_image","schema":{"@context":"https:\/\/schema.org","@graph":[{"@type":"WebPage","@id":"https:\/\/dev.eliassen.nl\/de\/blumentopf-aus-chinesischem-porzellan-shanghai-in-blau-mit-grun-in-3-grossen\/","url":"https:\/\/dev.eliassen.nl\/de\/blumentopf-aus-chinesischem-porzellan-shanghai-in-blau-mit-grun-in-3-grossen\/","name":"Blumentopf aus chinesischem Porzellan Shanghai in Blau mit Gr\u00fcn in 3 Gr\u00f6\u00dfen","isPartOf":{"@id":"https:\/\/dev.eliassen.nl\/de\/#website"},"primaryImageOfPage":{"@id":"https:\/\/dev.eliassen.nl\/de\/blumentopf-aus-chinesischem-porzellan-shanghai-in-blau-mit-grun-in-3-grossen\/#primaryimage"},"image":{"@id":"https:\/\/dev.eliassen.nl\/de\/blumentopf-aus-chinesischem-porzellan-shanghai-in-blau-mit-grun-in-3-grossen\/#primaryimage"},"thumbnailUrl":"https:\/\/dev.eliassen.nl\/wp-content\/uploads\/2024\/10\/130995bloempotchineesporseleinshanghaiinblau.jpg","datePublished":"2024-03-19T14:00:04+00:00","dateModified":"2024-12-05T16:04:35+00:00","description":"Suchen Sie einen Blumentopf aus Porzellan im chinesischen Stil? Dieses Modell ist in verschiedenen Gr\u00f6\u00dfen erh\u00e4ltlich und hat einen authentischen Stil.","breadcrumb":{"@id":"https:\/\/dev.eliassen.nl\/de\/blumentopf-aus-chinesischem-porzellan-shanghai-in-blau-mit-grun-in-3-grossen\/#breadcrumb"},"inLanguage":"de","potentialAction":[{"@type":"ReadAction","target":["https:\/\/dev.eliassen.nl\/de\/blumentopf-aus-chinesischem-porzellan-shanghai-in-blau-mit-grun-in-3-grossen\/"]}]},{"@type":"ImageObject","inLanguage":"de","@id":"https:\/\/dev.eliassen.nl\/de\/blumentopf-aus-chinesischem-porzellan-shanghai-in-blau-mit-grun-in-3-grossen\/#primaryimage","url":"https:\/\/dev.eliassen.nl\/wp-content\/uploads\/2024\/10\/130995bloempotchineesporseleinshanghaiinblau.jpg","contentUrl":"https:\/\/dev.eliassen.nl\/wp-content\/uploads\/2024\/10\/130995bloempotchineesporseleinshanghaiinblau.jpg","width":2048,"height":1088,"caption":"130995 Bloempot Chinees porselein Shanghai in blauw met groen in 3 maten eliassen.nl"},{"@type":"BreadcrumbList","@id":"https:\/\/dev.eliassen.nl\/de\/blumentopf-aus-chinesischem-porzellan-shanghai-in-blau-mit-grun-in-3-grossen\/#breadcrumb","itemListElement":[{"@type":"ListItem","position":1,"name":"Home","item":"https:\/\/dev.eliassen.nl\/de\/"},{"@type":"ListItem","position":2,"name":"Shop","item":"https:\/\/dev.eliassen.nl\/nl\/winkel\/"},{"@type":"ListItem","position":3,"name":"Blument\u00f6pfe und Pflanzgef\u00e4\u00dfe","item":"https:\/\/dev.eliassen.nl\/de\/blumentoepfe-und-pflanzgefaesse\/"},{"@type":"ListItem","position":4,"name":"Chinesische T\u00f6pfe","item":"https:\/\/dev.eliassen.nl\/de\/blumentoepfe-und-pflanzgefaesse\/chinesische-toepfe\/"},{"@type":"ListItem","position":5,"name":"Blumentopf aus chinesischem Porzellan Shanghai in Blau mit Gr\u00fcn in 3 Gr\u00f6\u00dfen"}]},{"@type":"WebSite","@id":"https:\/\/dev.eliassen.nl\/de\/#website","url":"https:\/\/dev.eliassen.nl\/de\/","name":"Eliassen Home & Garden Pleasure","description":"","publisher":{"@id":"https:\/\/dev.eliassen.nl\/de\/#organization"},"alternateName":"Eliassen.nl","potentialAction":[{"@type":"SearchAction","target":{"@type":"EntryPoint","urlTemplate":"https:\/\/dev.eliassen.nl\/de\/?s={search_term_string}"},"query-input":{"@type":"PropertyValueSpecification","valueRequired":true,"valueName":"search_term_string"}}],"inLanguage":"de"},{"@type":"Organization","@id":"https:\/\/dev.eliassen.nl\/de\/#organization","name":"Eliassen Home & Garden Pleasure","url":"https:\/\/dev.eliassen.nl\/de\/","logo":{"@type":"ImageObject","inLanguage":"de","@id":"https:\/\/dev.eliassen.nl\/de\/#\/schema\/logo\/image\/","url":"https:\/\/www.eliassen.nl\/wp-content\/uploads\/2024\/01\/logo_4nd.jpg","contentUrl":"https:\/\/www.eliassen.nl\/wp-content\/uploads\/2024\/01\/logo_4nd.jpg","width":500,"height":500,"caption":"Eliassen Home & Garden Pleasure"},"image":{"@id":"https:\/\/dev.eliassen.nl\/de\/#\/schema\/logo\/image\/"},"sameAs":["https:\/\/www.facebook.com\/TuincentrumEliassenAmmerzoden","https:\/\/www.instagram.com\/eliassenhomeandgarden\/","https:\/\/nl.pinterest.com\/eliassenhomeandgarden\/","https:\/\/www.youtube.com\/@eliassenhomegardenpleasure4558"]}]}},"df_price":24.5,"df_sale_price":"","df_regular_price":24.5,"df_image_link":"https:\/\/dev.eliassen.nl\/wp-content\/uploads\/2024\/10\/130995bloempotchineesporseleinshanghaiinblau.jpg","image":"https:\/\/dev.eliassen.nl\/wp-content\/uploads\/2024\/10\/130995bloempotchineesporseleinshanghaiinblau.jpg","price_search":"<span class=\"woocommerce-Price-amount amount\"><bdi><span class=\"woocommerce-Price-currencySymbol\">&euro;<\/span>&nbsp;24,50<\/bdi><\/span>","category":"Blument\u00f6pfe und Pflanzgef\u00e4\u00dfe","_links":{"self":[{"href":"https:\/\/dev.eliassen.nl\/de\/wp-json\/wp\/v2\/product\/151580","targetHints":{"allow":["GET"]}}],"collection":[{"href":"https:\/\/dev.eliassen.nl\/de\/wp-json\/wp\/v2\/product"}],"about":[{"href":"https:\/\/dev.eliassen.nl\/de\/wp-json\/wp\/v2\/types\/product"}],"wp:featuredmedia":[{"embeddable":true,"href":"https:\/\/dev.eliassen.nl\/de\/wp-json\/wp\/v2\/media\/151574"}],"wp:attachment":[{"href":"https:\/\/dev.eliassen.nl\/de\/wp-json\/wp\/v2\/media?parent=151580"}],"wp:term":[{"taxonomy":"product_brand","embeddable":true,"href":"https:\/\/dev.eliassen.nl\/de\/wp-json\/wp\/v2\/product_brand?post=151580"},{"taxonomy":"product_cat","embeddable":true,"href":"https:\/\/dev.eliassen.nl\/de\/wp-json\/wp\/v2\/product_cat?post=151580"},{"taxonomy":"product_tag","embeddable":true,"href":"https:\/\/dev.eliassen.nl\/de\/wp-json\/wp\/v2\/product_tag?post=151580"}],"curies":[{"name":"wp","href":"https:\/\/api.w.org\/{rel}","templated":true}]}}