{"id":151805,"date":"2024-03-26T08:17:01","date_gmt":"2024-03-26T07:17:01","guid":{"rendered":"https:\/\/www.eliassen.nl\/?product=schilderij-3d-lelijke-eend-voor-winkel-60x60cm"},"modified":"2024-12-05T17:05:18","modified_gmt":"2024-12-05T16:05:18","slug":"gemalde-3d-hassliche-ente-fur-geschaft-60x60cm","status":"publish","type":"product","link":"https:\/\/dev.eliassen.nl\/de\/gemalde-3d-hassliche-ente-fur-geschaft-60x60cm\/","title":{"rendered":"Gem\u00e4lde 3D H\u00e4ssliche Ente f\u00fcr Gesch\u00e4ft 60x60cm"},"content":{"rendered":"<p>Komplett handgefertigtes 3D-Gem\u00e4lde aus Metall; ein sehr arbeitsintensives St\u00fcck Wanddekoration!<br \/>Sieht in vielen Innenr\u00e4umen gro\u00dfartig aus, aber nat\u00fcrlich auch in Ihrem Unternehmen oder drau\u00dfen (unter einem Dach).<br \/>Da es handbemalt ist, kann die Farbe leicht vom Foto abweichen, sie sind nie genau gleich.<br \/>Wir haben auch fast die gesamte Kollektion dieser Serie in unserem Gesch\u00e4ft, was in den Niederlanden einzigartig ist.<br \/>Nirgendwo sonst finden Sie eine so gro\u00dfe Sammlung. Gern geschehen.<\/p>\n<ul>\n<li>Gr\u00f6\u00dfe 60x60cm hoch.<\/li>\n<li>Einfache Aufh\u00e4ngung mit 2 Schrauben.<\/li>\n<li>Schnell geliefert.<\/li>\n<li>Gr\u00f6\u00dfte Sammlung in den Benelux-L\u00e4ndern, die auch live besichtigt werden kann.<\/li>\n<\/ul>\n","protected":false},"excerpt":{"rendered":"<p>Buntes Metallgem\u00e4lde mit 3D-Effekt. Abmessungen 60x60cm.<\/p>\n","protected":false},"featured_media":151802,"template":"","meta":{"_acf_changed":false},"product_brand":[],"product_cat":[419,422,410],"product_tag":[],"class_list":{"0":"post-151805","1":"product","2":"type-product","3":"status-publish","4":"has-post-thumbnail","6":"product_cat-3d-gemaelde-aus-metall","7":"product_cat-3d-gemaelde-aus-metall-im-format-60x60cm","8":"product_cat-gemaelde","10":"first","11":"instock","12":"taxable","13":"shipping-taxable","14":"purchasable","15":"product-type-simple"},"acf":[],"yoast_head":"<!-- This site is optimized with the Yoast SEO plugin v23.8 - https:\/\/yoast.com\/wordpress\/plugins\/seo\/ -->\n<title>Gem\u00e4lde 3D H\u00e4ssliche Ente f\u00fcr Gesch\u00e4ft 60x60cm - Eliassen.nl<\/title>\n<meta name=\"description\" content=\"3D-Metallgem\u00e4lde einer roten Ente f\u00fcr ein Restaurant. Eine farbenfrohe Szene f\u00fcr die Wand. Abmessungen 60x60cm. Schnelle Lieferung.\" \/>\n<meta name=\"robots\" content=\"noindex, follow, max-snippet:-1, max-image-preview:large, max-video-preview:-1\" \/>\n<meta property=\"og:locale\" content=\"de_DE\" \/>\n<meta property=\"og:type\" content=\"article\" \/>\n<meta property=\"og:title\" content=\"Gem\u00e4lde 3D H\u00e4ssliche Ente f\u00fcr Gesch\u00e4ft 60x60cm - Eliassen.nl\" \/>\n<meta property=\"og:description\" content=\"3D-Metallgem\u00e4lde einer roten Ente f\u00fcr ein Restaurant. Eine farbenfrohe Szene f\u00fcr die Wand. Abmessungen 60x60cm. Schnelle Lieferung.\" \/>\n<meta property=\"og:url\" content=\"https:\/\/dev.eliassen.nl\/de\/gemalde-3d-hassliche-ente-fur-geschaft-60x60cm\/\" \/>\n<meta property=\"og:site_name\" content=\"Eliassen.nl\" \/>\n<meta property=\"article:publisher\" content=\"https:\/\/www.facebook.com\/TuincentrumEliassenAmmerzoden\" \/>\n<meta property=\"article:modified_time\" content=\"2024-12-05T16:05:18+00:00\" \/>\n<meta property=\"og:image\" content=\"https:\/\/dev.eliassen.nl\/wp-content\/uploads\/2024\/10\/3dschilderijlelijkeeendvoorwinkeleliassennl.jpg\" \/>\n\t<meta property=\"og:image:width\" content=\"800\" \/>\n\t<meta property=\"og:image:height\" content=\"788\" \/>\n\t<meta property=\"og:image:type\" content=\"image\/jpeg\" \/>\n<meta name=\"twitter:card\" content=\"summary_large_image\" \/>\n<script type=\"application\/ld+json\" class=\"yoast-schema-graph\">{\"@context\":\"https:\/\/schema.org\",\"@graph\":[{\"@type\":\"WebPage\",\"@id\":\"https:\/\/dev.eliassen.nl\/de\/gemalde-3d-hassliche-ente-fur-geschaft-60x60cm\/\",\"url\":\"https:\/\/dev.eliassen.nl\/de\/gemalde-3d-hassliche-ente-fur-geschaft-60x60cm\/\",\"name\":\"Gem\u00e4lde 3D H\u00e4ssliche Ente f\u00fcr Gesch\u00e4ft 60x60cm - Eliassen.nl\",\"isPartOf\":{\"@id\":\"https:\/\/dev.eliassen.nl\/de\/#website\"},\"primaryImageOfPage\":{\"@id\":\"https:\/\/dev.eliassen.nl\/de\/gemalde-3d-hassliche-ente-fur-geschaft-60x60cm\/#primaryimage\"},\"image\":{\"@id\":\"https:\/\/dev.eliassen.nl\/de\/gemalde-3d-hassliche-ente-fur-geschaft-60x60cm\/#primaryimage\"},\"thumbnailUrl\":\"https:\/\/dev.eliassen.nl\/wp-content\/uploads\/2024\/10\/3dschilderijlelijkeeendvoorwinkeleliassennl.jpg\",\"datePublished\":\"2024-03-26T07:17:01+00:00\",\"dateModified\":\"2024-12-05T16:05:18+00:00\",\"description\":\"3D-Metallgem\u00e4lde einer roten Ente f\u00fcr ein Restaurant. Eine farbenfrohe Szene f\u00fcr die Wand. Abmessungen 60x60cm. Schnelle Lieferung.\",\"breadcrumb\":{\"@id\":\"https:\/\/dev.eliassen.nl\/de\/gemalde-3d-hassliche-ente-fur-geschaft-60x60cm\/#breadcrumb\"},\"inLanguage\":\"de\",\"potentialAction\":[{\"@type\":\"ReadAction\",\"target\":[\"https:\/\/dev.eliassen.nl\/de\/gemalde-3d-hassliche-ente-fur-geschaft-60x60cm\/\"]}]},{\"@type\":\"ImageObject\",\"inLanguage\":\"de\",\"@id\":\"https:\/\/dev.eliassen.nl\/de\/gemalde-3d-hassliche-ente-fur-geschaft-60x60cm\/#primaryimage\",\"url\":\"https:\/\/dev.eliassen.nl\/wp-content\/uploads\/2024\/10\/3dschilderijlelijkeeendvoorwinkeleliassennl.jpg\",\"contentUrl\":\"https:\/\/dev.eliassen.nl\/wp-content\/uploads\/2024\/10\/3dschilderijlelijkeeendvoorwinkeleliassennl.jpg\",\"width\":800,\"height\":788,\"caption\":\"3D schilderij Lelijke eend voor winkel Eliassen.nl T2324\"},{\"@type\":\"BreadcrumbList\",\"@id\":\"https:\/\/dev.eliassen.nl\/de\/gemalde-3d-hassliche-ente-fur-geschaft-60x60cm\/#breadcrumb\",\"itemListElement\":[{\"@type\":\"ListItem\",\"position\":1,\"name\":\"Home\",\"item\":\"https:\/\/dev.eliassen.nl\/de\/\"},{\"@type\":\"ListItem\",\"position\":2,\"name\":\"Shop\",\"item\":\"https:\/\/dev.eliassen.nl\/nl\/winkel\/\"},{\"@type\":\"ListItem\",\"position\":3,\"name\":\"Gem\u00e4lde\",\"item\":\"https:\/\/dev.eliassen.nl\/de\/gemaelde\/\"},{\"@type\":\"ListItem\",\"position\":4,\"name\":\"3D-Gem\u00e4lde aus Metall\",\"item\":\"https:\/\/dev.eliassen.nl\/de\/gemaelde\/3d-gemaelde-aus-metall\/\"},{\"@type\":\"ListItem\",\"position\":5,\"name\":\"3D-Gem\u00e4lde aus Metall im Format 60x60cm\",\"item\":\"https:\/\/dev.eliassen.nl\/de\/gemaelde\/3d-gemaelde-aus-metall\/3d-gemaelde-aus-metall-im-format-60x60cm\/\"},{\"@type\":\"ListItem\",\"position\":6,\"name\":\"Gem\u00e4lde 3D H\u00e4ssliche Ente f\u00fcr Gesch\u00e4ft 60x60cm\"}]},{\"@type\":\"WebSite\",\"@id\":\"https:\/\/dev.eliassen.nl\/de\/#website\",\"url\":\"https:\/\/dev.eliassen.nl\/de\/\",\"name\":\"Eliassen Home & Garden Pleasure\",\"description\":\"\",\"publisher\":{\"@id\":\"https:\/\/dev.eliassen.nl\/de\/#organization\"},\"alternateName\":\"Eliassen.nl\",\"potentialAction\":[{\"@type\":\"SearchAction\",\"target\":{\"@type\":\"EntryPoint\",\"urlTemplate\":\"https:\/\/dev.eliassen.nl\/de\/?s={search_term_string}\"},\"query-input\":{\"@type\":\"PropertyValueSpecification\",\"valueRequired\":true,\"valueName\":\"search_term_string\"}}],\"inLanguage\":\"de\"},{\"@type\":\"Organization\",\"@id\":\"https:\/\/dev.eliassen.nl\/de\/#organization\",\"name\":\"Eliassen Home & Garden Pleasure\",\"url\":\"https:\/\/dev.eliassen.nl\/de\/\",\"logo\":{\"@type\":\"ImageObject\",\"inLanguage\":\"de\",\"@id\":\"https:\/\/dev.eliassen.nl\/de\/#\/schema\/logo\/image\/\",\"url\":\"https:\/\/www.eliassen.nl\/wp-content\/uploads\/2024\/01\/logo_4nd.jpg\",\"contentUrl\":\"https:\/\/www.eliassen.nl\/wp-content\/uploads\/2024\/01\/logo_4nd.jpg\",\"width\":500,\"height\":500,\"caption\":\"Eliassen Home & Garden Pleasure\"},\"image\":{\"@id\":\"https:\/\/dev.eliassen.nl\/de\/#\/schema\/logo\/image\/\"},\"sameAs\":[\"https:\/\/www.facebook.com\/TuincentrumEliassenAmmerzoden\",\"https:\/\/www.instagram.com\/eliassenhomeandgarden\/\",\"https:\/\/nl.pinterest.com\/eliassenhomeandgarden\/\",\"https:\/\/www.youtube.com\/@eliassenhomegardenpleasure4558\"]}]}<\/script>\n<!-- \/ Yoast SEO plugin. -->","yoast_head_json":{"title":"Gem\u00e4lde 3D H\u00e4ssliche Ente f\u00fcr Gesch\u00e4ft 60x60cm - Eliassen.nl","description":"3D-Metallgem\u00e4lde einer roten Ente f\u00fcr ein Restaurant. Eine farbenfrohe Szene f\u00fcr die Wand. Abmessungen 60x60cm. Schnelle Lieferung.","robots":{"index":"noindex","follow":"follow","max-snippet":"max-snippet:-1","max-image-preview":"max-image-preview:large","max-video-preview":"max-video-preview:-1"},"og_locale":"de_DE","og_type":"article","og_title":"Gem\u00e4lde 3D H\u00e4ssliche Ente f\u00fcr Gesch\u00e4ft 60x60cm - Eliassen.nl","og_description":"3D-Metallgem\u00e4lde einer roten Ente f\u00fcr ein Restaurant. Eine farbenfrohe Szene f\u00fcr die Wand. Abmessungen 60x60cm. Schnelle Lieferung.","og_url":"https:\/\/dev.eliassen.nl\/de\/gemalde-3d-hassliche-ente-fur-geschaft-60x60cm\/","og_site_name":"Eliassen.nl","article_publisher":"https:\/\/www.facebook.com\/TuincentrumEliassenAmmerzoden","article_modified_time":"2024-12-05T16:05:18+00:00","og_image":[{"width":800,"height":788,"url":"https:\/\/dev.eliassen.nl\/wp-content\/uploads\/2024\/10\/3dschilderijlelijkeeendvoorwinkeleliassennl.jpg","type":"image\/jpeg"}],"twitter_card":"summary_large_image","schema":{"@context":"https:\/\/schema.org","@graph":[{"@type":"WebPage","@id":"https:\/\/dev.eliassen.nl\/de\/gemalde-3d-hassliche-ente-fur-geschaft-60x60cm\/","url":"https:\/\/dev.eliassen.nl\/de\/gemalde-3d-hassliche-ente-fur-geschaft-60x60cm\/","name":"Gem\u00e4lde 3D H\u00e4ssliche Ente f\u00fcr Gesch\u00e4ft 60x60cm - Eliassen.nl","isPartOf":{"@id":"https:\/\/dev.eliassen.nl\/de\/#website"},"primaryImageOfPage":{"@id":"https:\/\/dev.eliassen.nl\/de\/gemalde-3d-hassliche-ente-fur-geschaft-60x60cm\/#primaryimage"},"image":{"@id":"https:\/\/dev.eliassen.nl\/de\/gemalde-3d-hassliche-ente-fur-geschaft-60x60cm\/#primaryimage"},"thumbnailUrl":"https:\/\/dev.eliassen.nl\/wp-content\/uploads\/2024\/10\/3dschilderijlelijkeeendvoorwinkeleliassennl.jpg","datePublished":"2024-03-26T07:17:01+00:00","dateModified":"2024-12-05T16:05:18+00:00","description":"3D-Metallgem\u00e4lde einer roten Ente f\u00fcr ein Restaurant. Eine farbenfrohe Szene f\u00fcr die Wand. Abmessungen 60x60cm. Schnelle Lieferung.","breadcrumb":{"@id":"https:\/\/dev.eliassen.nl\/de\/gemalde-3d-hassliche-ente-fur-geschaft-60x60cm\/#breadcrumb"},"inLanguage":"de","potentialAction":[{"@type":"ReadAction","target":["https:\/\/dev.eliassen.nl\/de\/gemalde-3d-hassliche-ente-fur-geschaft-60x60cm\/"]}]},{"@type":"ImageObject","inLanguage":"de","@id":"https:\/\/dev.eliassen.nl\/de\/gemalde-3d-hassliche-ente-fur-geschaft-60x60cm\/#primaryimage","url":"https:\/\/dev.eliassen.nl\/wp-content\/uploads\/2024\/10\/3dschilderijlelijkeeendvoorwinkeleliassennl.jpg","contentUrl":"https:\/\/dev.eliassen.nl\/wp-content\/uploads\/2024\/10\/3dschilderijlelijkeeendvoorwinkeleliassennl.jpg","width":800,"height":788,"caption":"3D schilderij Lelijke eend voor winkel Eliassen.nl T2324"},{"@type":"BreadcrumbList","@id":"https:\/\/dev.eliassen.nl\/de\/gemalde-3d-hassliche-ente-fur-geschaft-60x60cm\/#breadcrumb","itemListElement":[{"@type":"ListItem","position":1,"name":"Home","item":"https:\/\/dev.eliassen.nl\/de\/"},{"@type":"ListItem","position":2,"name":"Shop","item":"https:\/\/dev.eliassen.nl\/nl\/winkel\/"},{"@type":"ListItem","position":3,"name":"Gem\u00e4lde","item":"https:\/\/dev.eliassen.nl\/de\/gemaelde\/"},{"@type":"ListItem","position":4,"name":"3D-Gem\u00e4lde aus Metall","item":"https:\/\/dev.eliassen.nl\/de\/gemaelde\/3d-gemaelde-aus-metall\/"},{"@type":"ListItem","position":5,"name":"3D-Gem\u00e4lde aus Metall im Format 60x60cm","item":"https:\/\/dev.eliassen.nl\/de\/gemaelde\/3d-gemaelde-aus-metall\/3d-gemaelde-aus-metall-im-format-60x60cm\/"},{"@type":"ListItem","position":6,"name":"Gem\u00e4lde 3D H\u00e4ssliche Ente f\u00fcr Gesch\u00e4ft 60x60cm"}]},{"@type":"WebSite","@id":"https:\/\/dev.eliassen.nl\/de\/#website","url":"https:\/\/dev.eliassen.nl\/de\/","name":"Eliassen Home & Garden Pleasure","description":"","publisher":{"@id":"https:\/\/dev.eliassen.nl\/de\/#organization"},"alternateName":"Eliassen.nl","potentialAction":[{"@type":"SearchAction","target":{"@type":"EntryPoint","urlTemplate":"https:\/\/dev.eliassen.nl\/de\/?s={search_term_string}"},"query-input":{"@type":"PropertyValueSpecification","valueRequired":true,"valueName":"search_term_string"}}],"inLanguage":"de"},{"@type":"Organization","@id":"https:\/\/dev.eliassen.nl\/de\/#organization","name":"Eliassen Home & Garden Pleasure","url":"https:\/\/dev.eliassen.nl\/de\/","logo":{"@type":"ImageObject","inLanguage":"de","@id":"https:\/\/dev.eliassen.nl\/de\/#\/schema\/logo\/image\/","url":"https:\/\/www.eliassen.nl\/wp-content\/uploads\/2024\/01\/logo_4nd.jpg","contentUrl":"https:\/\/www.eliassen.nl\/wp-content\/uploads\/2024\/01\/logo_4nd.jpg","width":500,"height":500,"caption":"Eliassen Home & Garden Pleasure"},"image":{"@id":"https:\/\/dev.eliassen.nl\/de\/#\/schema\/logo\/image\/"},"sameAs":["https:\/\/www.facebook.com\/TuincentrumEliassenAmmerzoden","https:\/\/www.instagram.com\/eliassenhomeandgarden\/","https:\/\/nl.pinterest.com\/eliassenhomeandgarden\/","https:\/\/www.youtube.com\/@eliassenhomegardenpleasure4558"]}]}},"df_price":139,"df_sale_price":"","df_regular_price":139,"df_image_link":"https:\/\/dev.eliassen.nl\/wp-content\/uploads\/2024\/10\/3dschilderijlelijkeeendvoorwinkeleliassennl.jpg","image":"https:\/\/dev.eliassen.nl\/wp-content\/uploads\/2024\/10\/3dschilderijlelijkeeendvoorwinkeleliassennl.jpg","price_search":"<span class=\"woocommerce-Price-amount amount\"><bdi><span class=\"woocommerce-Price-currencySymbol\">&euro;<\/span>&nbsp;139,00<\/bdi><\/span>","category":"3D-Gem\u00e4lde aus Metall","_links":{"self":[{"href":"https:\/\/dev.eliassen.nl\/de\/wp-json\/wp\/v2\/product\/151805","targetHints":{"allow":["GET"]}}],"collection":[{"href":"https:\/\/dev.eliassen.nl\/de\/wp-json\/wp\/v2\/product"}],"about":[{"href":"https:\/\/dev.eliassen.nl\/de\/wp-json\/wp\/v2\/types\/product"}],"wp:featuredmedia":[{"embeddable":true,"href":"https:\/\/dev.eliassen.nl\/de\/wp-json\/wp\/v2\/media\/151802"}],"wp:attachment":[{"href":"https:\/\/dev.eliassen.nl\/de\/wp-json\/wp\/v2\/media?parent=151805"}],"wp:term":[{"taxonomy":"product_brand","embeddable":true,"href":"https:\/\/dev.eliassen.nl\/de\/wp-json\/wp\/v2\/product_brand?post=151805"},{"taxonomy":"product_cat","embeddable":true,"href":"https:\/\/dev.eliassen.nl\/de\/wp-json\/wp\/v2\/product_cat?post=151805"},{"taxonomy":"product_tag","embeddable":true,"href":"https:\/\/dev.eliassen.nl\/de\/wp-json\/wp\/v2\/product_tag?post=151805"}],"curies":[{"name":"wp","href":"https:\/\/api.w.org\/{rel}","templated":true}]}}