{"id":152030,"date":"2024-03-28T16:10:38","date_gmt":"2024-03-28T15:10:38","guid":{"rendered":"https:\/\/www.eliassen.nl\/?product=bistroset-auvergne-oud-groen"},"modified":"2024-12-05T17:06:05","modified_gmt":"2024-12-05T16:06:05","slug":"bistroset-auvergne-altgrun","status":"publish","type":"product","link":"https:\/\/dev.eliassen.nl\/de\/bistroset-auvergne-altgrun\/","title":{"rendered":"Bistroset Auvergne altgr\u00fcn"},"content":{"rendered":"<p>Ein klassisches, aber zeitloses Modell, dieses romantisch geformte Bistroset aus Eisen. Wundersch\u00f6n aus Metall gefertigt. In einer sch\u00f6nen alten gr\u00fcnen Farbe lackiert und dann mit einer anderen Farbe gewaschen, wodurch ein wundersch\u00f6ner antiker Look entsteht. Auf diesem Sofa werden Sie einige gem\u00fctliche Stunden verbringen! Dieses Set ist sehr robust und schwer und wird jahrelang Freude bereiten.<\/p>\n<p>Dieser Tisch muss mit 4 Muttern zusammengebaut werden. St\u00fchle sind einfach klappbar<\/p>\n<ul>\n<li>Gr\u00f6\u00dfe: Tischdurchmesser 66 cm, Sitzh\u00f6he 43 cm<\/li>\n<li>Farbe: Altgr\u00fcn<\/li>\n<li>Schwere Qualit\u00e4t, mit Gusseisenelementen<\/li>\n<li>1 Jahr Garantie<\/li>\n<li>Wir haben diesen Artikel in unserem Ausstellungsraum, sofern er vorr\u00e4tig ist.<\/li>\n<\/ul>\n","protected":false},"excerpt":{"rendered":"<p>Romantisches Modell-Bistro-Set<\/p>\n","protected":false},"featured_media":152009,"template":"","meta":{"_acf_changed":false},"product_brand":[],"product_cat":[761,752],"product_tag":[],"class_list":{"0":"post-152030","1":"product","2":"type-product","3":"status-publish","4":"has-post-thumbnail","6":"product_cat-gartenmoebel","7":"product_cat-weitere-artikel","9":"first","10":"instock","11":"taxable","12":"shipping-taxable","13":"purchasable","14":"product-type-simple"},"acf":[],"yoast_head":"<!-- This site is optimized with the Yoast SEO plugin v23.8 - https:\/\/yoast.com\/wordpress\/plugins\/seo\/ -->\n<title>Tuin bistroset voor buiten | Auvergne | Oud groen<\/title>\n<meta name=\"description\" content=\"Een klassieke bistroset kopen? Dit groene tijdloze terrasset in de kleur groen is gemaakt van metaal. 1 jaar garantie. Ook te zien in onze showroom!\" \/>\n<meta name=\"robots\" content=\"noindex, follow, max-snippet:-1, max-image-preview:large, max-video-preview:-1\" \/>\n<meta property=\"og:locale\" content=\"de_DE\" \/>\n<meta property=\"og:type\" content=\"article\" \/>\n<meta property=\"og:title\" content=\"Tuin bistroset voor buiten | Auvergne | Oud groen\" \/>\n<meta property=\"og:description\" content=\"Een klassieke bistroset kopen? Dit groene tijdloze terrasset in de kleur groen is gemaakt van metaal. 1 jaar garantie. Ook te zien in onze showroom!\" \/>\n<meta property=\"og:url\" content=\"https:\/\/dev.eliassen.nl\/de\/bistroset-auvergne-altgrun\/\" \/>\n<meta property=\"og:site_name\" content=\"Eliassen.nl\" \/>\n<meta property=\"article:publisher\" content=\"https:\/\/www.facebook.com\/TuincentrumEliassenAmmerzoden\" \/>\n<meta property=\"article:modified_time\" content=\"2024-12-05T16:06:05+00:00\" \/>\n<meta property=\"og:image\" content=\"https:\/\/dev.eliassen.nl\/wp-content\/uploads\/2024\/10\/bistrosetauvergneoudgroeneliassennl.jpg\" \/>\n\t<meta property=\"og:image:width\" content=\"2048\" \/>\n\t<meta property=\"og:image:height\" content=\"1880\" \/>\n\t<meta property=\"og:image:type\" content=\"image\/jpeg\" \/>\n<meta name=\"twitter:card\" content=\"summary_large_image\" \/>\n<script type=\"application\/ld+json\" class=\"yoast-schema-graph\">{\"@context\":\"https:\/\/schema.org\",\"@graph\":[{\"@type\":\"WebPage\",\"@id\":\"https:\/\/dev.eliassen.nl\/de\/bistroset-auvergne-altgrun\/\",\"url\":\"https:\/\/dev.eliassen.nl\/de\/bistroset-auvergne-altgrun\/\",\"name\":\"Tuin bistroset voor buiten | Auvergne | Oud groen\",\"isPartOf\":{\"@id\":\"https:\/\/dev.eliassen.nl\/de\/#website\"},\"primaryImageOfPage\":{\"@id\":\"https:\/\/dev.eliassen.nl\/de\/bistroset-auvergne-altgrun\/#primaryimage\"},\"image\":{\"@id\":\"https:\/\/dev.eliassen.nl\/de\/bistroset-auvergne-altgrun\/#primaryimage\"},\"thumbnailUrl\":\"https:\/\/dev.eliassen.nl\/wp-content\/uploads\/2024\/10\/bistrosetauvergneoudgroeneliassennl.jpg\",\"datePublished\":\"2024-03-28T15:10:38+00:00\",\"dateModified\":\"2024-12-05T16:06:05+00:00\",\"description\":\"Een klassieke bistroset kopen? Dit groene tijdloze terrasset in de kleur groen is gemaakt van metaal. 1 jaar garantie. Ook te zien in onze showroom!\",\"breadcrumb\":{\"@id\":\"https:\/\/dev.eliassen.nl\/de\/bistroset-auvergne-altgrun\/#breadcrumb\"},\"inLanguage\":\"de\",\"potentialAction\":[{\"@type\":\"ReadAction\",\"target\":[\"https:\/\/dev.eliassen.nl\/de\/bistroset-auvergne-altgrun\/\"]}]},{\"@type\":\"ImageObject\",\"inLanguage\":\"de\",\"@id\":\"https:\/\/dev.eliassen.nl\/de\/bistroset-auvergne-altgrun\/#primaryimage\",\"url\":\"https:\/\/dev.eliassen.nl\/wp-content\/uploads\/2024\/10\/bistrosetauvergneoudgroeneliassennl.jpg\",\"contentUrl\":\"https:\/\/dev.eliassen.nl\/wp-content\/uploads\/2024\/10\/bistrosetauvergneoudgroeneliassennl.jpg\",\"width\":2048,\"height\":1880,\"caption\":\"Bistroset Auvergne Oud groen Eliassen.nl\"},{\"@type\":\"BreadcrumbList\",\"@id\":\"https:\/\/dev.eliassen.nl\/de\/bistroset-auvergne-altgrun\/#breadcrumb\",\"itemListElement\":[{\"@type\":\"ListItem\",\"position\":1,\"name\":\"Home\",\"item\":\"https:\/\/dev.eliassen.nl\/de\/\"},{\"@type\":\"ListItem\",\"position\":2,\"name\":\"Shop\",\"item\":\"https:\/\/dev.eliassen.nl\/nl\/winkel\/\"},{\"@type\":\"ListItem\",\"position\":3,\"name\":\"Weitere Artikel\",\"item\":\"https:\/\/dev.eliassen.nl\/de\/weitere-artikel\/\"},{\"@type\":\"ListItem\",\"position\":4,\"name\":\"Gartenm\u00f6bel\",\"item\":\"https:\/\/dev.eliassen.nl\/de\/garten-andere\/gartenmoebel\/\"},{\"@type\":\"ListItem\",\"position\":5,\"name\":\"Bistroset Auvergne altgr\u00fcn\"}]},{\"@type\":\"WebSite\",\"@id\":\"https:\/\/dev.eliassen.nl\/de\/#website\",\"url\":\"https:\/\/dev.eliassen.nl\/de\/\",\"name\":\"Eliassen Home & Garden Pleasure\",\"description\":\"\",\"publisher\":{\"@id\":\"https:\/\/dev.eliassen.nl\/de\/#organization\"},\"alternateName\":\"Eliassen.nl\",\"potentialAction\":[{\"@type\":\"SearchAction\",\"target\":{\"@type\":\"EntryPoint\",\"urlTemplate\":\"https:\/\/dev.eliassen.nl\/de\/?s={search_term_string}\"},\"query-input\":{\"@type\":\"PropertyValueSpecification\",\"valueRequired\":true,\"valueName\":\"search_term_string\"}}],\"inLanguage\":\"de\"},{\"@type\":\"Organization\",\"@id\":\"https:\/\/dev.eliassen.nl\/de\/#organization\",\"name\":\"Eliassen Home & Garden Pleasure\",\"url\":\"https:\/\/dev.eliassen.nl\/de\/\",\"logo\":{\"@type\":\"ImageObject\",\"inLanguage\":\"de\",\"@id\":\"https:\/\/dev.eliassen.nl\/de\/#\/schema\/logo\/image\/\",\"url\":\"https:\/\/www.eliassen.nl\/wp-content\/uploads\/2024\/01\/logo_4nd.jpg\",\"contentUrl\":\"https:\/\/www.eliassen.nl\/wp-content\/uploads\/2024\/01\/logo_4nd.jpg\",\"width\":500,\"height\":500,\"caption\":\"Eliassen Home & Garden Pleasure\"},\"image\":{\"@id\":\"https:\/\/dev.eliassen.nl\/de\/#\/schema\/logo\/image\/\"},\"sameAs\":[\"https:\/\/www.facebook.com\/TuincentrumEliassenAmmerzoden\",\"https:\/\/www.instagram.com\/eliassenhomeandgarden\/\",\"https:\/\/nl.pinterest.com\/eliassenhomeandgarden\/\",\"https:\/\/www.youtube.com\/@eliassenhomegardenpleasure4558\"]}]}<\/script>\n<!-- \/ Yoast SEO plugin. -->","yoast_head_json":{"title":"Tuin bistroset voor buiten | Auvergne | Oud groen","description":"Een klassieke bistroset kopen? Dit groene tijdloze terrasset in de kleur groen is gemaakt van metaal. 1 jaar garantie. Ook te zien in onze showroom!","robots":{"index":"noindex","follow":"follow","max-snippet":"max-snippet:-1","max-image-preview":"max-image-preview:large","max-video-preview":"max-video-preview:-1"},"og_locale":"de_DE","og_type":"article","og_title":"Tuin bistroset voor buiten | Auvergne | Oud groen","og_description":"Een klassieke bistroset kopen? Dit groene tijdloze terrasset in de kleur groen is gemaakt van metaal. 1 jaar garantie. Ook te zien in onze showroom!","og_url":"https:\/\/dev.eliassen.nl\/de\/bistroset-auvergne-altgrun\/","og_site_name":"Eliassen.nl","article_publisher":"https:\/\/www.facebook.com\/TuincentrumEliassenAmmerzoden","article_modified_time":"2024-12-05T16:06:05+00:00","og_image":[{"width":2048,"height":1880,"url":"https:\/\/dev.eliassen.nl\/wp-content\/uploads\/2024\/10\/bistrosetauvergneoudgroeneliassennl.jpg","type":"image\/jpeg"}],"twitter_card":"summary_large_image","schema":{"@context":"https:\/\/schema.org","@graph":[{"@type":"WebPage","@id":"https:\/\/dev.eliassen.nl\/de\/bistroset-auvergne-altgrun\/","url":"https:\/\/dev.eliassen.nl\/de\/bistroset-auvergne-altgrun\/","name":"Tuin bistroset voor buiten | Auvergne | Oud groen","isPartOf":{"@id":"https:\/\/dev.eliassen.nl\/de\/#website"},"primaryImageOfPage":{"@id":"https:\/\/dev.eliassen.nl\/de\/bistroset-auvergne-altgrun\/#primaryimage"},"image":{"@id":"https:\/\/dev.eliassen.nl\/de\/bistroset-auvergne-altgrun\/#primaryimage"},"thumbnailUrl":"https:\/\/dev.eliassen.nl\/wp-content\/uploads\/2024\/10\/bistrosetauvergneoudgroeneliassennl.jpg","datePublished":"2024-03-28T15:10:38+00:00","dateModified":"2024-12-05T16:06:05+00:00","description":"Een klassieke bistroset kopen? Dit groene tijdloze terrasset in de kleur groen is gemaakt van metaal. 1 jaar garantie. Ook te zien in onze showroom!","breadcrumb":{"@id":"https:\/\/dev.eliassen.nl\/de\/bistroset-auvergne-altgrun\/#breadcrumb"},"inLanguage":"de","potentialAction":[{"@type":"ReadAction","target":["https:\/\/dev.eliassen.nl\/de\/bistroset-auvergne-altgrun\/"]}]},{"@type":"ImageObject","inLanguage":"de","@id":"https:\/\/dev.eliassen.nl\/de\/bistroset-auvergne-altgrun\/#primaryimage","url":"https:\/\/dev.eliassen.nl\/wp-content\/uploads\/2024\/10\/bistrosetauvergneoudgroeneliassennl.jpg","contentUrl":"https:\/\/dev.eliassen.nl\/wp-content\/uploads\/2024\/10\/bistrosetauvergneoudgroeneliassennl.jpg","width":2048,"height":1880,"caption":"Bistroset Auvergne Oud groen Eliassen.nl"},{"@type":"BreadcrumbList","@id":"https:\/\/dev.eliassen.nl\/de\/bistroset-auvergne-altgrun\/#breadcrumb","itemListElement":[{"@type":"ListItem","position":1,"name":"Home","item":"https:\/\/dev.eliassen.nl\/de\/"},{"@type":"ListItem","position":2,"name":"Shop","item":"https:\/\/dev.eliassen.nl\/nl\/winkel\/"},{"@type":"ListItem","position":3,"name":"Weitere Artikel","item":"https:\/\/dev.eliassen.nl\/de\/weitere-artikel\/"},{"@type":"ListItem","position":4,"name":"Gartenm\u00f6bel","item":"https:\/\/dev.eliassen.nl\/de\/garten-andere\/gartenmoebel\/"},{"@type":"ListItem","position":5,"name":"Bistroset Auvergne altgr\u00fcn"}]},{"@type":"WebSite","@id":"https:\/\/dev.eliassen.nl\/de\/#website","url":"https:\/\/dev.eliassen.nl\/de\/","name":"Eliassen Home & Garden Pleasure","description":"","publisher":{"@id":"https:\/\/dev.eliassen.nl\/de\/#organization"},"alternateName":"Eliassen.nl","potentialAction":[{"@type":"SearchAction","target":{"@type":"EntryPoint","urlTemplate":"https:\/\/dev.eliassen.nl\/de\/?s={search_term_string}"},"query-input":{"@type":"PropertyValueSpecification","valueRequired":true,"valueName":"search_term_string"}}],"inLanguage":"de"},{"@type":"Organization","@id":"https:\/\/dev.eliassen.nl\/de\/#organization","name":"Eliassen Home & Garden Pleasure","url":"https:\/\/dev.eliassen.nl\/de\/","logo":{"@type":"ImageObject","inLanguage":"de","@id":"https:\/\/dev.eliassen.nl\/de\/#\/schema\/logo\/image\/","url":"https:\/\/www.eliassen.nl\/wp-content\/uploads\/2024\/01\/logo_4nd.jpg","contentUrl":"https:\/\/www.eliassen.nl\/wp-content\/uploads\/2024\/01\/logo_4nd.jpg","width":500,"height":500,"caption":"Eliassen Home & Garden Pleasure"},"image":{"@id":"https:\/\/dev.eliassen.nl\/de\/#\/schema\/logo\/image\/"},"sameAs":["https:\/\/www.facebook.com\/TuincentrumEliassenAmmerzoden","https:\/\/www.instagram.com\/eliassenhomeandgarden\/","https:\/\/nl.pinterest.com\/eliassenhomeandgarden\/","https:\/\/www.youtube.com\/@eliassenhomegardenpleasure4558"]}]}},"df_price":239,"df_sale_price":"","df_regular_price":239,"df_image_link":"https:\/\/dev.eliassen.nl\/wp-content\/uploads\/2024\/10\/bistrosetauvergneoudgroeneliassennl.jpg","image":"https:\/\/dev.eliassen.nl\/wp-content\/uploads\/2024\/10\/bistrosetauvergneoudgroeneliassennl.jpg","price_search":"<span class=\"woocommerce-Price-amount amount\"><bdi><span class=\"woocommerce-Price-currencySymbol\">&euro;<\/span>&nbsp;239,00<\/bdi><\/span>","category":"Gartenm\u00f6bel","_links":{"self":[{"href":"https:\/\/dev.eliassen.nl\/de\/wp-json\/wp\/v2\/product\/152030","targetHints":{"allow":["GET"]}}],"collection":[{"href":"https:\/\/dev.eliassen.nl\/de\/wp-json\/wp\/v2\/product"}],"about":[{"href":"https:\/\/dev.eliassen.nl\/de\/wp-json\/wp\/v2\/types\/product"}],"wp:featuredmedia":[{"embeddable":true,"href":"https:\/\/dev.eliassen.nl\/de\/wp-json\/wp\/v2\/media\/152009"}],"wp:attachment":[{"href":"https:\/\/dev.eliassen.nl\/de\/wp-json\/wp\/v2\/media?parent=152030"}],"wp:term":[{"taxonomy":"product_brand","embeddable":true,"href":"https:\/\/dev.eliassen.nl\/de\/wp-json\/wp\/v2\/product_brand?post=152030"},{"taxonomy":"product_cat","embeddable":true,"href":"https:\/\/dev.eliassen.nl\/de\/wp-json\/wp\/v2\/product_cat?post=152030"},{"taxonomy":"product_tag","embeddable":true,"href":"https:\/\/dev.eliassen.nl\/de\/wp-json\/wp\/v2\/product_tag?post=152030"}],"curies":[{"name":"wp","href":"https:\/\/api.w.org\/{rel}","templated":true}]}}