{"id":152105,"date":"2024-03-28T16:49:31","date_gmt":"2024-03-28T15:49:31","guid":{"rendered":"https:\/\/www.eliassen.nl\/?product=copy-of-glasvaas-bambini-roze-vlam-25cm"},"modified":"2024-12-05T17:06:20","modified_gmt":"2024-12-05T16:06:20","slug":"glasvase-schrag-rosa-flamme-27cm","status":"publish","type":"product","link":"https:\/\/dev.eliassen.nl\/de\/glasvase-schrag-rosa-flamme-27cm\/","title":{"rendered":"Glasvase schr\u00e4g rosa Flamme 27cm"},"content":{"rendered":"<p class=\"x_MsoListParagraph\">Diese sch\u00f6ne hohe Blumenvase der Top-Marke Fidrio wird mit Sicherheit ein wertvolles Dekorationsst\u00fcck in Ihrem Interieur sein. Mit Blumen ist diese Glasvase sicherlich ein sch\u00f6ner Blickfang, aber auch ohne Blumen sieht diese Glasvase in jedem Interieur wundersch\u00f6n aus.<\/p>\n<p class=\"x_MsoListParagraph\">Alle Fidrio-Glasvasen werden auf traditionelle, handwerkliche Weise manuell hergestellt. Das bearbeitbare superhei\u00dfe Glas wird in eine Holzform geblasen, wobei die Form als Grundform dient, die Farbt\u00f6ne und damit das Aussehen jedoch bei jeder Vase unterschiedlich sind. Bei den angegebenen Gr\u00f6\u00dfen handelt es sich stets um ca.-Ma\u00dfe.<\/p>\n<ul>\n<li class=\"x_MsoListParagraph\">Gr\u00f6\u00dfe: 22x27cm hoch.<\/li>\n<li class=\"x_MsoListParagraph\">Farbe: Rosa und braune Farben.<\/li>\n<li class=\"x_MsoListParagraph\">Material: hochwertiges mundgeblasenes europ\u00e4isches Glas.<\/li>\n<li class=\"x_MsoListParagraph\">1 Jahr Garantie.<\/li>\n<li class=\"x_MsoListParagraph\">Niemals mit hei\u00dfem Wasser reinigen.<\/li>\n<li class=\"x_MsoListParagraph\">Wird umweltfreundlich verpackt.<\/li>\n<li class=\"x_MsoListParagraph\">Das Foto dient nur als Beispiel.<\/li>\n<li>F\u00fcr diesen Artikel gilt: KOSTENLOSER VERSAND INNERHALB DER NIEDERLANDE, die R\u00fccksendung des Produkts erfolgt auf eigene Gefahr und Kosten.<\/li>\n<\/ul>\n","protected":false},"excerpt":{"rendered":"<p>Wundersch\u00f6ne Glaswaren von h\u00f6chster Qualit\u00e4t. Abmessungen 22x27cm hoch.<\/p>\n","protected":false},"featured_media":152096,"template":"","meta":{"_acf_changed":false},"product_brand":[6950],"product_cat":[812,800,7060],"product_tag":[],"class_list":{"0":"post-152105","1":"product","2":"type-product","3":"status-publish","4":"has-post-thumbnail","6":"product_brand-fidrio-de","7":"product_cat-farbige-glasvasen","8":"product_cat-glaskunst","9":"product_cat-fidrio-glaskollektion","11":"first","12":"instock","13":"taxable","14":"shipping-taxable","15":"purchasable","16":"product-type-simple"},"acf":[],"yoast_head":"<!-- This site is optimized with the Yoast SEO plugin v23.8 - https:\/\/yoast.com\/wordpress\/plugins\/seo\/ -->\n<title>Glasvase schr\u00e4g rosa Flamme 27cm - Eliassen.nl<\/title>\n<meta name=\"description\" content=\"Suchen Sie Fidrio Oblique Glaswaren? Sehen Sie sich unsere Glaskollektion online in unserem Webshop an oder besuchen Sie den Laden. Schnelle Lieferzeit und g...\" \/>\n<meta name=\"robots\" content=\"noindex, follow, max-snippet:-1, max-image-preview:large, max-video-preview:-1\" \/>\n<meta property=\"og:locale\" content=\"de_DE\" \/>\n<meta property=\"og:type\" content=\"article\" \/>\n<meta property=\"og:title\" content=\"Glasvase schr\u00e4g rosa Flamme 27cm - Eliassen.nl\" \/>\n<meta property=\"og:description\" content=\"Suchen Sie Fidrio Oblique Glaswaren? Sehen Sie sich unsere Glaskollektion online in unserem Webshop an oder besuchen Sie den Laden. Schnelle Lieferzeit und g...\" \/>\n<meta property=\"og:url\" content=\"https:\/\/dev.eliassen.nl\/de\/glasvase-schrag-rosa-flamme-27cm\/\" \/>\n<meta property=\"og:site_name\" content=\"Eliassen.nl\" \/>\n<meta property=\"article:publisher\" content=\"https:\/\/www.facebook.com\/TuincentrumEliassenAmmerzoden\" \/>\n<meta property=\"article:modified_time\" content=\"2024-12-05T16:06:20+00:00\" \/>\n<meta property=\"og:image\" content=\"https:\/\/dev.eliassen.nl\/wp-content\/uploads\/2024\/10\/glasvaasobliquerozevlam27cmeliassennl.jpg\" \/>\n\t<meta property=\"og:image:width\" content=\"1536\" \/>\n\t<meta property=\"og:image:height\" content=\"2048\" \/>\n\t<meta property=\"og:image:type\" content=\"image\/jpeg\" \/>\n<meta name=\"twitter:card\" content=\"summary_large_image\" \/>\n<script type=\"application\/ld+json\" class=\"yoast-schema-graph\">{\"@context\":\"https:\/\/schema.org\",\"@graph\":[{\"@type\":\"WebPage\",\"@id\":\"https:\/\/dev.eliassen.nl\/de\/glasvase-schrag-rosa-flamme-27cm\/\",\"url\":\"https:\/\/dev.eliassen.nl\/de\/glasvase-schrag-rosa-flamme-27cm\/\",\"name\":\"Glasvase schr\u00e4g rosa Flamme 27cm - Eliassen.nl\",\"isPartOf\":{\"@id\":\"https:\/\/dev.eliassen.nl\/de\/#website\"},\"primaryImageOfPage\":{\"@id\":\"https:\/\/dev.eliassen.nl\/de\/glasvase-schrag-rosa-flamme-27cm\/#primaryimage\"},\"image\":{\"@id\":\"https:\/\/dev.eliassen.nl\/de\/glasvase-schrag-rosa-flamme-27cm\/#primaryimage\"},\"thumbnailUrl\":\"https:\/\/dev.eliassen.nl\/wp-content\/uploads\/2024\/10\/glasvaasobliquerozevlam27cmeliassennl.jpg\",\"datePublished\":\"2024-03-28T15:49:31+00:00\",\"dateModified\":\"2024-12-05T16:06:20+00:00\",\"description\":\"Suchen Sie Fidrio Oblique Glaswaren? Sehen Sie sich unsere Glaskollektion online in unserem Webshop an oder besuchen Sie den Laden. Schnelle Lieferzeit und g...\",\"breadcrumb\":{\"@id\":\"https:\/\/dev.eliassen.nl\/de\/glasvase-schrag-rosa-flamme-27cm\/#breadcrumb\"},\"inLanguage\":\"de\",\"potentialAction\":[{\"@type\":\"ReadAction\",\"target\":[\"https:\/\/dev.eliassen.nl\/de\/glasvase-schrag-rosa-flamme-27cm\/\"]}]},{\"@type\":\"ImageObject\",\"inLanguage\":\"de\",\"@id\":\"https:\/\/dev.eliassen.nl\/de\/glasvase-schrag-rosa-flamme-27cm\/#primaryimage\",\"url\":\"https:\/\/dev.eliassen.nl\/wp-content\/uploads\/2024\/10\/glasvaasobliquerozevlam27cmeliassennl.jpg\",\"contentUrl\":\"https:\/\/dev.eliassen.nl\/wp-content\/uploads\/2024\/10\/glasvaasobliquerozevlam27cmeliassennl.jpg\",\"width\":1536,\"height\":2048,\"caption\":\"Glasvaas oblique roze vlam 27cm eliassen.nl\"},{\"@type\":\"BreadcrumbList\",\"@id\":\"https:\/\/dev.eliassen.nl\/de\/glasvase-schrag-rosa-flamme-27cm\/#breadcrumb\",\"itemListElement\":[{\"@type\":\"ListItem\",\"position\":1,\"name\":\"Home\",\"item\":\"https:\/\/dev.eliassen.nl\/de\/\"},{\"@type\":\"ListItem\",\"position\":2,\"name\":\"Shop\",\"item\":\"https:\/\/dev.eliassen.nl\/nl\/winkel\/\"},{\"@type\":\"ListItem\",\"position\":3,\"name\":\"Glaskunst\",\"item\":\"https:\/\/dev.eliassen.nl\/de\/glaskunst\/\"},{\"@type\":\"ListItem\",\"position\":4,\"name\":\"Farbige Glasvasen\",\"item\":\"https:\/\/dev.eliassen.nl\/de\/glaskunst\/farbige-glasvasen\/\"},{\"@type\":\"ListItem\",\"position\":5,\"name\":\"Glasvase schr\u00e4g rosa Flamme 27cm\"}]},{\"@type\":\"WebSite\",\"@id\":\"https:\/\/dev.eliassen.nl\/de\/#website\",\"url\":\"https:\/\/dev.eliassen.nl\/de\/\",\"name\":\"Eliassen Home & Garden Pleasure\",\"description\":\"\",\"publisher\":{\"@id\":\"https:\/\/dev.eliassen.nl\/de\/#organization\"},\"alternateName\":\"Eliassen.nl\",\"potentialAction\":[{\"@type\":\"SearchAction\",\"target\":{\"@type\":\"EntryPoint\",\"urlTemplate\":\"https:\/\/dev.eliassen.nl\/de\/?s={search_term_string}\"},\"query-input\":{\"@type\":\"PropertyValueSpecification\",\"valueRequired\":true,\"valueName\":\"search_term_string\"}}],\"inLanguage\":\"de\"},{\"@type\":\"Organization\",\"@id\":\"https:\/\/dev.eliassen.nl\/de\/#organization\",\"name\":\"Eliassen Home & Garden Pleasure\",\"url\":\"https:\/\/dev.eliassen.nl\/de\/\",\"logo\":{\"@type\":\"ImageObject\",\"inLanguage\":\"de\",\"@id\":\"https:\/\/dev.eliassen.nl\/de\/#\/schema\/logo\/image\/\",\"url\":\"https:\/\/www.eliassen.nl\/wp-content\/uploads\/2024\/01\/logo_4nd.jpg\",\"contentUrl\":\"https:\/\/www.eliassen.nl\/wp-content\/uploads\/2024\/01\/logo_4nd.jpg\",\"width\":500,\"height\":500,\"caption\":\"Eliassen Home & Garden Pleasure\"},\"image\":{\"@id\":\"https:\/\/dev.eliassen.nl\/de\/#\/schema\/logo\/image\/\"},\"sameAs\":[\"https:\/\/www.facebook.com\/TuincentrumEliassenAmmerzoden\",\"https:\/\/www.instagram.com\/eliassenhomeandgarden\/\",\"https:\/\/nl.pinterest.com\/eliassenhomeandgarden\/\",\"https:\/\/www.youtube.com\/@eliassenhomegardenpleasure4558\"]}]}<\/script>\n<!-- \/ Yoast SEO plugin. -->","yoast_head_json":{"title":"Glasvase schr\u00e4g rosa Flamme 27cm - Eliassen.nl","description":"Suchen Sie Fidrio Oblique Glaswaren? Sehen Sie sich unsere Glaskollektion online in unserem Webshop an oder besuchen Sie den Laden. Schnelle Lieferzeit und g...","robots":{"index":"noindex","follow":"follow","max-snippet":"max-snippet:-1","max-image-preview":"max-image-preview:large","max-video-preview":"max-video-preview:-1"},"og_locale":"de_DE","og_type":"article","og_title":"Glasvase schr\u00e4g rosa Flamme 27cm - Eliassen.nl","og_description":"Suchen Sie Fidrio Oblique Glaswaren? Sehen Sie sich unsere Glaskollektion online in unserem Webshop an oder besuchen Sie den Laden. Schnelle Lieferzeit und g...","og_url":"https:\/\/dev.eliassen.nl\/de\/glasvase-schrag-rosa-flamme-27cm\/","og_site_name":"Eliassen.nl","article_publisher":"https:\/\/www.facebook.com\/TuincentrumEliassenAmmerzoden","article_modified_time":"2024-12-05T16:06:20+00:00","og_image":[{"width":1536,"height":2048,"url":"https:\/\/dev.eliassen.nl\/wp-content\/uploads\/2024\/10\/glasvaasobliquerozevlam27cmeliassennl.jpg","type":"image\/jpeg"}],"twitter_card":"summary_large_image","schema":{"@context":"https:\/\/schema.org","@graph":[{"@type":"WebPage","@id":"https:\/\/dev.eliassen.nl\/de\/glasvase-schrag-rosa-flamme-27cm\/","url":"https:\/\/dev.eliassen.nl\/de\/glasvase-schrag-rosa-flamme-27cm\/","name":"Glasvase schr\u00e4g rosa Flamme 27cm - Eliassen.nl","isPartOf":{"@id":"https:\/\/dev.eliassen.nl\/de\/#website"},"primaryImageOfPage":{"@id":"https:\/\/dev.eliassen.nl\/de\/glasvase-schrag-rosa-flamme-27cm\/#primaryimage"},"image":{"@id":"https:\/\/dev.eliassen.nl\/de\/glasvase-schrag-rosa-flamme-27cm\/#primaryimage"},"thumbnailUrl":"https:\/\/dev.eliassen.nl\/wp-content\/uploads\/2024\/10\/glasvaasobliquerozevlam27cmeliassennl.jpg","datePublished":"2024-03-28T15:49:31+00:00","dateModified":"2024-12-05T16:06:20+00:00","description":"Suchen Sie Fidrio Oblique Glaswaren? Sehen Sie sich unsere Glaskollektion online in unserem Webshop an oder besuchen Sie den Laden. Schnelle Lieferzeit und g...","breadcrumb":{"@id":"https:\/\/dev.eliassen.nl\/de\/glasvase-schrag-rosa-flamme-27cm\/#breadcrumb"},"inLanguage":"de","potentialAction":[{"@type":"ReadAction","target":["https:\/\/dev.eliassen.nl\/de\/glasvase-schrag-rosa-flamme-27cm\/"]}]},{"@type":"ImageObject","inLanguage":"de","@id":"https:\/\/dev.eliassen.nl\/de\/glasvase-schrag-rosa-flamme-27cm\/#primaryimage","url":"https:\/\/dev.eliassen.nl\/wp-content\/uploads\/2024\/10\/glasvaasobliquerozevlam27cmeliassennl.jpg","contentUrl":"https:\/\/dev.eliassen.nl\/wp-content\/uploads\/2024\/10\/glasvaasobliquerozevlam27cmeliassennl.jpg","width":1536,"height":2048,"caption":"Glasvaas oblique roze vlam 27cm eliassen.nl"},{"@type":"BreadcrumbList","@id":"https:\/\/dev.eliassen.nl\/de\/glasvase-schrag-rosa-flamme-27cm\/#breadcrumb","itemListElement":[{"@type":"ListItem","position":1,"name":"Home","item":"https:\/\/dev.eliassen.nl\/de\/"},{"@type":"ListItem","position":2,"name":"Shop","item":"https:\/\/dev.eliassen.nl\/nl\/winkel\/"},{"@type":"ListItem","position":3,"name":"Glaskunst","item":"https:\/\/dev.eliassen.nl\/de\/glaskunst\/"},{"@type":"ListItem","position":4,"name":"Farbige Glasvasen","item":"https:\/\/dev.eliassen.nl\/de\/glaskunst\/farbige-glasvasen\/"},{"@type":"ListItem","position":5,"name":"Glasvase schr\u00e4g rosa Flamme 27cm"}]},{"@type":"WebSite","@id":"https:\/\/dev.eliassen.nl\/de\/#website","url":"https:\/\/dev.eliassen.nl\/de\/","name":"Eliassen Home & Garden Pleasure","description":"","publisher":{"@id":"https:\/\/dev.eliassen.nl\/de\/#organization"},"alternateName":"Eliassen.nl","potentialAction":[{"@type":"SearchAction","target":{"@type":"EntryPoint","urlTemplate":"https:\/\/dev.eliassen.nl\/de\/?s={search_term_string}"},"query-input":{"@type":"PropertyValueSpecification","valueRequired":true,"valueName":"search_term_string"}}],"inLanguage":"de"},{"@type":"Organization","@id":"https:\/\/dev.eliassen.nl\/de\/#organization","name":"Eliassen Home & Garden Pleasure","url":"https:\/\/dev.eliassen.nl\/de\/","logo":{"@type":"ImageObject","inLanguage":"de","@id":"https:\/\/dev.eliassen.nl\/de\/#\/schema\/logo\/image\/","url":"https:\/\/www.eliassen.nl\/wp-content\/uploads\/2024\/01\/logo_4nd.jpg","contentUrl":"https:\/\/www.eliassen.nl\/wp-content\/uploads\/2024\/01\/logo_4nd.jpg","width":500,"height":500,"caption":"Eliassen Home & Garden Pleasure"},"image":{"@id":"https:\/\/dev.eliassen.nl\/de\/#\/schema\/logo\/image\/"},"sameAs":["https:\/\/www.facebook.com\/TuincentrumEliassenAmmerzoden","https:\/\/www.instagram.com\/eliassenhomeandgarden\/","https:\/\/nl.pinterest.com\/eliassenhomeandgarden\/","https:\/\/www.youtube.com\/@eliassenhomegardenpleasure4558"]}]}},"df_price":64,"df_sale_price":"","df_regular_price":64,"df_image_link":"https:\/\/dev.eliassen.nl\/wp-content\/uploads\/2024\/10\/glasvaasobliquerozevlam27cmeliassennl.jpg","image":"https:\/\/dev.eliassen.nl\/wp-content\/uploads\/2024\/10\/glasvaasobliquerozevlam27cmeliassennl.jpg","price_search":"<span class=\"woocommerce-Price-amount amount\"><bdi><span class=\"woocommerce-Price-currencySymbol\">&euro;<\/span>&nbsp;64,00<\/bdi><\/span>","category":"Farbige Glasvasen","_links":{"self":[{"href":"https:\/\/dev.eliassen.nl\/de\/wp-json\/wp\/v2\/product\/152105","targetHints":{"allow":["GET"]}}],"collection":[{"href":"https:\/\/dev.eliassen.nl\/de\/wp-json\/wp\/v2\/product"}],"about":[{"href":"https:\/\/dev.eliassen.nl\/de\/wp-json\/wp\/v2\/types\/product"}],"wp:featuredmedia":[{"embeddable":true,"href":"https:\/\/dev.eliassen.nl\/de\/wp-json\/wp\/v2\/media\/152096"}],"wp:attachment":[{"href":"https:\/\/dev.eliassen.nl\/de\/wp-json\/wp\/v2\/media?parent=152105"}],"wp:term":[{"taxonomy":"product_brand","embeddable":true,"href":"https:\/\/dev.eliassen.nl\/de\/wp-json\/wp\/v2\/product_brand?post=152105"},{"taxonomy":"product_cat","embeddable":true,"href":"https:\/\/dev.eliassen.nl\/de\/wp-json\/wp\/v2\/product_cat?post=152105"},{"taxonomy":"product_tag","embeddable":true,"href":"https:\/\/dev.eliassen.nl\/de\/wp-json\/wp\/v2\/product_tag?post=152105"}],"curies":[{"name":"wp","href":"https:\/\/api.w.org\/{rel}","templated":true}]}}