{"id":152402,"date":"2024-04-02T16:26:38","date_gmt":"2024-04-02T14:26:38","guid":{"rendered":"https:\/\/www.eliassen.nl\/?product=copy-of-wandpaneeltje-hout-rond-levensbo-150729174"},"modified":"2024-12-05T17:06:50","modified_gmt":"2024-12-05T16:06:50","slug":"holzwandpaneel-rund-um-blumen-und-pflanzen-20cm","status":"publish","type":"product","link":"https:\/\/dev.eliassen.nl\/de\/holzwandpaneel-rund-um-blumen-und-pflanzen-20cm\/","title":{"rendered":"Holzwandpaneel rund um Blumen und Pflanzen 20cm"},"content":{"rendered":"<p>Wandpaneel aus Holz mit Blumen und Pflanzen. Handgefertigt aus massivem Suar-Holz. In diese Holztafel wurden viele Stunden Schnitzarbeit investiert. Alles, was Sie sehen; Jede Locke sch\u00f6n und Zweige, alles ist von Menschenhand gemacht.<\/p>\n<p>Suarholz hat die Eigenschaft, kontrastierende Farben zu haben. Helles Holz kann direkt neben dunklem Holz liegen. Dass diese Farbunterschiede auch im Panel sichtbar sind, ist normal und kann leider nicht beanstandet werden.<\/p>\n<p>Das Symbol des Lebensbaums steht f\u00fcr Wachstum und pers\u00f6nliche Entwicklung, Gesundheit und Heilungskraft. Ihr Leben ist genau wie die Jahreszeiten, denen B\u00e4ume ausgesetzt sind. Es gibt Momente des Lebens wie im Fr\u00fchling, des Wachstums wie im Sommer und der heftigen Herbstst\u00fcrme und der Strapazen im Winter. Als Symbol ist dieser Lebensbaum ein wunderbares Geschenk f\u00fcr Ihre Liebsten oder Freunde.<\/p>\n<ul>\n<li>Gr\u00f6\u00dfe: 2 cm dick mit einem Durchmesser von 20 cm<\/li>\n<li>Material: massives Suar-Holz, leicht ge\u00f6lt<\/li>\n<li>Exklusiv<\/li>\n<li>Originale Holzschnitzereien<\/li>\n<li>Einfach an einem Nagel\/einer Schraube oder mit einer Schnur aufzuh\u00e4ngen<\/li>\n<li>Eigener Bestand<\/li>\n<li>Das Aufh\u00e4ngen im Freien ist erlaubt, allerdings wird das Holz dann grau und es k\u00f6nnen Risse entstehen.<\/li>\n<\/ul>\n","protected":false},"excerpt":{"rendered":"<p>Handgeschnitzt mit wundersch\u00f6nen Details. Bei Verwendung im Au\u00dfenbereich kann das Holz stumpf werden und\/oder Risse bekommen.<\/p>\n","protected":false},"featured_media":152399,"template":"","meta":{"_acf_changed":false},"product_brand":[],"product_cat":[509,527],"product_tag":[],"class_list":{"0":"post-152402","1":"product","2":"type-product","3":"status-publish","4":"has-post-thumbnail","6":"product_cat-wanddekoration","7":"product_cat-wandpaneele-aus-holz","9":"first","10":"instock","11":"taxable","12":"shipping-taxable","13":"purchasable","14":"product-type-simple"},"acf":[],"yoast_head":"<!-- This site is optimized with the Yoast SEO plugin v23.8 - https:\/\/yoast.com\/wordpress\/plugins\/seo\/ -->\n<title>Wandpaneel Holz um Blumen und Pflanzen 20 cm - Eliassen.nl<\/title>\n<meta name=\"description\" content=\"Suchen Sie ein handgeschnitztes Wandobjekt aus Holz mit einem Lebensbaum? Dieses Modell hat eine runde Form und eine wundersch\u00f6ne braune Farbe.\" \/>\n<meta name=\"robots\" content=\"noindex, follow, max-snippet:-1, max-image-preview:large, max-video-preview:-1\" \/>\n<meta property=\"og:locale\" content=\"de_DE\" \/>\n<meta property=\"og:type\" content=\"article\" \/>\n<meta property=\"og:title\" content=\"Wandpaneel Holz um Blumen und Pflanzen 20 cm - Eliassen.nl\" \/>\n<meta property=\"og:description\" content=\"Suchen Sie ein handgeschnitztes Wandobjekt aus Holz mit einem Lebensbaum? Dieses Modell hat eine runde Form und eine wundersch\u00f6ne braune Farbe.\" \/>\n<meta property=\"og:url\" content=\"https:\/\/dev.eliassen.nl\/de\/holzwandpaneel-rund-um-blumen-und-pflanzen-20cm\/\" \/>\n<meta property=\"og:site_name\" content=\"Eliassen.nl\" \/>\n<meta property=\"article:publisher\" content=\"https:\/\/www.facebook.com\/TuincentrumEliassenAmmerzoden\" \/>\n<meta property=\"article:modified_time\" content=\"2024-12-05T16:06:50+00:00\" \/>\n<meta property=\"og:image\" content=\"https:\/\/dev.eliassen.nl\/wp-content\/uploads\/2024\/10\/wandpaneeltjehoutrondbloemenenplanten20cmel.jpg\" \/>\n\t<meta property=\"og:image:width\" content=\"1976\" \/>\n\t<meta property=\"og:image:height\" content=\"2048\" \/>\n\t<meta property=\"og:image:type\" content=\"image\/jpeg\" \/>\n<meta name=\"twitter:card\" content=\"summary_large_image\" \/>\n<script type=\"application\/ld+json\" class=\"yoast-schema-graph\">{\"@context\":\"https:\/\/schema.org\",\"@graph\":[{\"@type\":\"WebPage\",\"@id\":\"https:\/\/dev.eliassen.nl\/de\/holzwandpaneel-rund-um-blumen-und-pflanzen-20cm\/\",\"url\":\"https:\/\/dev.eliassen.nl\/de\/holzwandpaneel-rund-um-blumen-und-pflanzen-20cm\/\",\"name\":\"Wandpaneel Holz um Blumen und Pflanzen 20 cm - Eliassen.nl\",\"isPartOf\":{\"@id\":\"https:\/\/dev.eliassen.nl\/de\/#website\"},\"primaryImageOfPage\":{\"@id\":\"https:\/\/dev.eliassen.nl\/de\/holzwandpaneel-rund-um-blumen-und-pflanzen-20cm\/#primaryimage\"},\"image\":{\"@id\":\"https:\/\/dev.eliassen.nl\/de\/holzwandpaneel-rund-um-blumen-und-pflanzen-20cm\/#primaryimage\"},\"thumbnailUrl\":\"https:\/\/dev.eliassen.nl\/wp-content\/uploads\/2024\/10\/wandpaneeltjehoutrondbloemenenplanten20cmel.jpg\",\"datePublished\":\"2024-04-02T14:26:38+00:00\",\"dateModified\":\"2024-12-05T16:06:50+00:00\",\"description\":\"Suchen Sie ein handgeschnitztes Wandobjekt aus Holz mit einem Lebensbaum? Dieses Modell hat eine runde Form und eine wundersch\u00f6ne braune Farbe.\",\"breadcrumb\":{\"@id\":\"https:\/\/dev.eliassen.nl\/de\/holzwandpaneel-rund-um-blumen-und-pflanzen-20cm\/#breadcrumb\"},\"inLanguage\":\"de\",\"potentialAction\":[{\"@type\":\"ReadAction\",\"target\":[\"https:\/\/dev.eliassen.nl\/de\/holzwandpaneel-rund-um-blumen-und-pflanzen-20cm\/\"]}]},{\"@type\":\"ImageObject\",\"inLanguage\":\"de\",\"@id\":\"https:\/\/dev.eliassen.nl\/de\/holzwandpaneel-rund-um-blumen-und-pflanzen-20cm\/#primaryimage\",\"url\":\"https:\/\/dev.eliassen.nl\/wp-content\/uploads\/2024\/10\/wandpaneeltjehoutrondbloemenenplanten20cmel.jpg\",\"contentUrl\":\"https:\/\/dev.eliassen.nl\/wp-content\/uploads\/2024\/10\/wandpaneeltjehoutrondbloemenenplanten20cmel.jpg\",\"width\":1976,\"height\":2048,\"caption\":\"Wandpaneeltje hout rond bloemen en planten 20cm eliassen.nl\"},{\"@type\":\"BreadcrumbList\",\"@id\":\"https:\/\/dev.eliassen.nl\/de\/holzwandpaneel-rund-um-blumen-und-pflanzen-20cm\/#breadcrumb\",\"itemListElement\":[{\"@type\":\"ListItem\",\"position\":1,\"name\":\"Home\",\"item\":\"https:\/\/dev.eliassen.nl\/de\/\"},{\"@type\":\"ListItem\",\"position\":2,\"name\":\"Shop\",\"item\":\"https:\/\/dev.eliassen.nl\/nl\/winkel\/\"},{\"@type\":\"ListItem\",\"position\":3,\"name\":\"Wanddekoration\",\"item\":\"https:\/\/dev.eliassen.nl\/de\/wanddekoration\/\"},{\"@type\":\"ListItem\",\"position\":4,\"name\":\"Wandpaneele aus Holz\",\"item\":\"https:\/\/dev.eliassen.nl\/de\/wanddekoration\/wandpaneele-aus-holz\/\"},{\"@type\":\"ListItem\",\"position\":5,\"name\":\"Holzwandpaneel rund um Blumen und Pflanzen 20cm\"}]},{\"@type\":\"WebSite\",\"@id\":\"https:\/\/dev.eliassen.nl\/de\/#website\",\"url\":\"https:\/\/dev.eliassen.nl\/de\/\",\"name\":\"Eliassen Home & Garden Pleasure\",\"description\":\"\",\"publisher\":{\"@id\":\"https:\/\/dev.eliassen.nl\/de\/#organization\"},\"alternateName\":\"Eliassen.nl\",\"potentialAction\":[{\"@type\":\"SearchAction\",\"target\":{\"@type\":\"EntryPoint\",\"urlTemplate\":\"https:\/\/dev.eliassen.nl\/de\/?s={search_term_string}\"},\"query-input\":{\"@type\":\"PropertyValueSpecification\",\"valueRequired\":true,\"valueName\":\"search_term_string\"}}],\"inLanguage\":\"de\"},{\"@type\":\"Organization\",\"@id\":\"https:\/\/dev.eliassen.nl\/de\/#organization\",\"name\":\"Eliassen Home & Garden Pleasure\",\"url\":\"https:\/\/dev.eliassen.nl\/de\/\",\"logo\":{\"@type\":\"ImageObject\",\"inLanguage\":\"de\",\"@id\":\"https:\/\/dev.eliassen.nl\/de\/#\/schema\/logo\/image\/\",\"url\":\"https:\/\/www.eliassen.nl\/wp-content\/uploads\/2024\/01\/logo_4nd.jpg\",\"contentUrl\":\"https:\/\/www.eliassen.nl\/wp-content\/uploads\/2024\/01\/logo_4nd.jpg\",\"width\":500,\"height\":500,\"caption\":\"Eliassen Home & Garden Pleasure\"},\"image\":{\"@id\":\"https:\/\/dev.eliassen.nl\/de\/#\/schema\/logo\/image\/\"},\"sameAs\":[\"https:\/\/www.facebook.com\/TuincentrumEliassenAmmerzoden\",\"https:\/\/www.instagram.com\/eliassenhomeandgarden\/\",\"https:\/\/nl.pinterest.com\/eliassenhomeandgarden\/\",\"https:\/\/www.youtube.com\/@eliassenhomegardenpleasure4558\"]}]}<\/script>\n<!-- \/ Yoast SEO plugin. -->","yoast_head_json":{"title":"Wandpaneel Holz um Blumen und Pflanzen 20 cm - Eliassen.nl","description":"Suchen Sie ein handgeschnitztes Wandobjekt aus Holz mit einem Lebensbaum? Dieses Modell hat eine runde Form und eine wundersch\u00f6ne braune Farbe.","robots":{"index":"noindex","follow":"follow","max-snippet":"max-snippet:-1","max-image-preview":"max-image-preview:large","max-video-preview":"max-video-preview:-1"},"og_locale":"de_DE","og_type":"article","og_title":"Wandpaneel Holz um Blumen und Pflanzen 20 cm - Eliassen.nl","og_description":"Suchen Sie ein handgeschnitztes Wandobjekt aus Holz mit einem Lebensbaum? Dieses Modell hat eine runde Form und eine wundersch\u00f6ne braune Farbe.","og_url":"https:\/\/dev.eliassen.nl\/de\/holzwandpaneel-rund-um-blumen-und-pflanzen-20cm\/","og_site_name":"Eliassen.nl","article_publisher":"https:\/\/www.facebook.com\/TuincentrumEliassenAmmerzoden","article_modified_time":"2024-12-05T16:06:50+00:00","og_image":[{"width":1976,"height":2048,"url":"https:\/\/dev.eliassen.nl\/wp-content\/uploads\/2024\/10\/wandpaneeltjehoutrondbloemenenplanten20cmel.jpg","type":"image\/jpeg"}],"twitter_card":"summary_large_image","schema":{"@context":"https:\/\/schema.org","@graph":[{"@type":"WebPage","@id":"https:\/\/dev.eliassen.nl\/de\/holzwandpaneel-rund-um-blumen-und-pflanzen-20cm\/","url":"https:\/\/dev.eliassen.nl\/de\/holzwandpaneel-rund-um-blumen-und-pflanzen-20cm\/","name":"Wandpaneel Holz um Blumen und Pflanzen 20 cm - Eliassen.nl","isPartOf":{"@id":"https:\/\/dev.eliassen.nl\/de\/#website"},"primaryImageOfPage":{"@id":"https:\/\/dev.eliassen.nl\/de\/holzwandpaneel-rund-um-blumen-und-pflanzen-20cm\/#primaryimage"},"image":{"@id":"https:\/\/dev.eliassen.nl\/de\/holzwandpaneel-rund-um-blumen-und-pflanzen-20cm\/#primaryimage"},"thumbnailUrl":"https:\/\/dev.eliassen.nl\/wp-content\/uploads\/2024\/10\/wandpaneeltjehoutrondbloemenenplanten20cmel.jpg","datePublished":"2024-04-02T14:26:38+00:00","dateModified":"2024-12-05T16:06:50+00:00","description":"Suchen Sie ein handgeschnitztes Wandobjekt aus Holz mit einem Lebensbaum? Dieses Modell hat eine runde Form und eine wundersch\u00f6ne braune Farbe.","breadcrumb":{"@id":"https:\/\/dev.eliassen.nl\/de\/holzwandpaneel-rund-um-blumen-und-pflanzen-20cm\/#breadcrumb"},"inLanguage":"de","potentialAction":[{"@type":"ReadAction","target":["https:\/\/dev.eliassen.nl\/de\/holzwandpaneel-rund-um-blumen-und-pflanzen-20cm\/"]}]},{"@type":"ImageObject","inLanguage":"de","@id":"https:\/\/dev.eliassen.nl\/de\/holzwandpaneel-rund-um-blumen-und-pflanzen-20cm\/#primaryimage","url":"https:\/\/dev.eliassen.nl\/wp-content\/uploads\/2024\/10\/wandpaneeltjehoutrondbloemenenplanten20cmel.jpg","contentUrl":"https:\/\/dev.eliassen.nl\/wp-content\/uploads\/2024\/10\/wandpaneeltjehoutrondbloemenenplanten20cmel.jpg","width":1976,"height":2048,"caption":"Wandpaneeltje hout rond bloemen en planten 20cm eliassen.nl"},{"@type":"BreadcrumbList","@id":"https:\/\/dev.eliassen.nl\/de\/holzwandpaneel-rund-um-blumen-und-pflanzen-20cm\/#breadcrumb","itemListElement":[{"@type":"ListItem","position":1,"name":"Home","item":"https:\/\/dev.eliassen.nl\/de\/"},{"@type":"ListItem","position":2,"name":"Shop","item":"https:\/\/dev.eliassen.nl\/nl\/winkel\/"},{"@type":"ListItem","position":3,"name":"Wanddekoration","item":"https:\/\/dev.eliassen.nl\/de\/wanddekoration\/"},{"@type":"ListItem","position":4,"name":"Wandpaneele aus Holz","item":"https:\/\/dev.eliassen.nl\/de\/wanddekoration\/wandpaneele-aus-holz\/"},{"@type":"ListItem","position":5,"name":"Holzwandpaneel rund um Blumen und Pflanzen 20cm"}]},{"@type":"WebSite","@id":"https:\/\/dev.eliassen.nl\/de\/#website","url":"https:\/\/dev.eliassen.nl\/de\/","name":"Eliassen Home & Garden Pleasure","description":"","publisher":{"@id":"https:\/\/dev.eliassen.nl\/de\/#organization"},"alternateName":"Eliassen.nl","potentialAction":[{"@type":"SearchAction","target":{"@type":"EntryPoint","urlTemplate":"https:\/\/dev.eliassen.nl\/de\/?s={search_term_string}"},"query-input":{"@type":"PropertyValueSpecification","valueRequired":true,"valueName":"search_term_string"}}],"inLanguage":"de"},{"@type":"Organization","@id":"https:\/\/dev.eliassen.nl\/de\/#organization","name":"Eliassen Home & Garden Pleasure","url":"https:\/\/dev.eliassen.nl\/de\/","logo":{"@type":"ImageObject","inLanguage":"de","@id":"https:\/\/dev.eliassen.nl\/de\/#\/schema\/logo\/image\/","url":"https:\/\/www.eliassen.nl\/wp-content\/uploads\/2024\/01\/logo_4nd.jpg","contentUrl":"https:\/\/www.eliassen.nl\/wp-content\/uploads\/2024\/01\/logo_4nd.jpg","width":500,"height":500,"caption":"Eliassen Home & Garden Pleasure"},"image":{"@id":"https:\/\/dev.eliassen.nl\/de\/#\/schema\/logo\/image\/"},"sameAs":["https:\/\/www.facebook.com\/TuincentrumEliassenAmmerzoden","https:\/\/www.instagram.com\/eliassenhomeandgarden\/","https:\/\/nl.pinterest.com\/eliassenhomeandgarden\/","https:\/\/www.youtube.com\/@eliassenhomegardenpleasure4558"]}]}},"df_price":24.9,"df_sale_price":"","df_regular_price":24.9,"df_image_link":"https:\/\/dev.eliassen.nl\/wp-content\/uploads\/2024\/10\/wandpaneeltjehoutrondbloemenenplanten20cmel.jpg","image":"https:\/\/dev.eliassen.nl\/wp-content\/uploads\/2024\/10\/wandpaneeltjehoutrondbloemenenplanten20cmel.jpg","price_search":"<span class=\"woocommerce-Price-amount amount\"><bdi><span class=\"woocommerce-Price-currencySymbol\">&euro;<\/span>&nbsp;24,90<\/bdi><\/span>","category":"Wanddekoration","_links":{"self":[{"href":"https:\/\/dev.eliassen.nl\/de\/wp-json\/wp\/v2\/product\/152402","targetHints":{"allow":["GET"]}}],"collection":[{"href":"https:\/\/dev.eliassen.nl\/de\/wp-json\/wp\/v2\/product"}],"about":[{"href":"https:\/\/dev.eliassen.nl\/de\/wp-json\/wp\/v2\/types\/product"}],"wp:featuredmedia":[{"embeddable":true,"href":"https:\/\/dev.eliassen.nl\/de\/wp-json\/wp\/v2\/media\/152399"}],"wp:attachment":[{"href":"https:\/\/dev.eliassen.nl\/de\/wp-json\/wp\/v2\/media?parent=152402"}],"wp:term":[{"taxonomy":"product_brand","embeddable":true,"href":"https:\/\/dev.eliassen.nl\/de\/wp-json\/wp\/v2\/product_brand?post=152402"},{"taxonomy":"product_cat","embeddable":true,"href":"https:\/\/dev.eliassen.nl\/de\/wp-json\/wp\/v2\/product_cat?post=152402"},{"taxonomy":"product_tag","embeddable":true,"href":"https:\/\/dev.eliassen.nl\/de\/wp-json\/wp\/v2\/product_tag?post=152402"}],"curies":[{"name":"wp","href":"https:\/\/api.w.org\/{rel}","templated":true}]}}