{"id":152531,"date":"2024-04-04T18:59:44","date_gmt":"2024-04-04T16:59:44","guid":{"rendered":"https:\/\/www.eliassen.nl\/?product=tuinstoel-algarve-zwart"},"modified":"2024-12-05T17:06:57","modified_gmt":"2024-12-05T16:06:57","slug":"gartenstuhl-algarve-schwarz","status":"publish","type":"product","link":"https:\/\/dev.eliassen.nl\/de\/gartenstuhl-algarve-schwarz\/","title":{"rendered":"Gartenstuhl Algarve Schwarz"},"content":{"rendered":"<p>Sch\u00f6ner moderner Gartenstuhl, hergestellt aus einem St\u00fcck strapazierf\u00e4higem Polypropylen. Stuhl ist stapelbar und farbecht. Solider Stuhl, keine hohlen Beine. Da es sich um ein so sch\u00f6nes Modell mit passendem Kissen handelt, kann dieser Stuhl auch im Innenbereich verwendet werden.<\/p>\n<p>\u00a0<\/p>\n<p>Material; Polypropylen<\/p>\n<p>Farbe schwarz<\/p>\n<p>Mit Schutzkappen unter den Beinen<\/p>\n<p>Sitzh\u00f6he: 43 cm<\/p>\n<p>Armlehnenh\u00f6he: 67,5 cm<\/p>\n<p>Gewicht: ca. 8 kg<\/p>\n<p>1 Jahr Garantie<\/p>\n","protected":false},"excerpt":{"rendered":"<p>Moderner Gartenstuhl<\/p>\n","protected":false},"featured_media":152513,"template":"","meta":{"_acf_changed":false},"product_brand":[],"product_cat":[761,752,7064],"product_tag":[],"class_list":{"0":"post-152531","1":"product","2":"type-product","3":"status-publish","4":"has-post-thumbnail","6":"product_cat-gartenmoebel","7":"product_cat-weitere-artikel","8":"product_cat-werbeartikel","10":"first","11":"instock","12":"sale","13":"taxable","14":"shipping-taxable","15":"purchasable","16":"product-type-simple"},"acf":[],"yoast_head":"<!-- This site is optimized with the Yoast SEO plugin v23.8 - https:\/\/yoast.com\/wordpress\/plugins\/seo\/ -->\n<title>Tuinstoel Algarve Zwart | Kunstof buitenstoel met kussen<\/title>\n<meta name=\"description\" content=\"Een mooie donkere kunststof buitenstoel gemaakt van materiaal Polypropyleen. Een moderne tuinstoel die ook binnen te gebruiken is. Met bijkleurende kussen!\" \/>\n<meta name=\"robots\" content=\"noindex, follow, max-snippet:-1, max-image-preview:large, max-video-preview:-1\" \/>\n<meta property=\"og:locale\" content=\"de_DE\" \/>\n<meta property=\"og:type\" content=\"article\" \/>\n<meta property=\"og:title\" content=\"Tuinstoel Algarve Zwart | Kunstof buitenstoel met kussen\" \/>\n<meta property=\"og:description\" content=\"Een mooie donkere kunststof buitenstoel gemaakt van materiaal Polypropyleen. Een moderne tuinstoel die ook binnen te gebruiken is. Met bijkleurende kussen!\" \/>\n<meta property=\"og:url\" content=\"https:\/\/dev.eliassen.nl\/de\/gartenstuhl-algarve-schwarz\/\" \/>\n<meta property=\"og:site_name\" content=\"Eliassen.nl\" \/>\n<meta property=\"article:publisher\" content=\"https:\/\/www.facebook.com\/TuincentrumEliassenAmmerzoden\" \/>\n<meta property=\"article:modified_time\" content=\"2024-12-05T16:06:57+00:00\" \/>\n<meta property=\"og:image\" content=\"https:\/\/dev.eliassen.nl\/wp-content\/uploads\/2024\/10\/tuinstoelalgarvezwarteliassennl.jpg\" \/>\n\t<meta property=\"og:image:width\" content=\"1124\" \/>\n\t<meta property=\"og:image:height\" content=\"1600\" \/>\n\t<meta property=\"og:image:type\" content=\"image\/jpeg\" \/>\n<meta name=\"twitter:card\" content=\"summary_large_image\" \/>\n<script type=\"application\/ld+json\" class=\"yoast-schema-graph\">{\"@context\":\"https:\/\/schema.org\",\"@graph\":[{\"@type\":\"WebPage\",\"@id\":\"https:\/\/dev.eliassen.nl\/de\/gartenstuhl-algarve-schwarz\/\",\"url\":\"https:\/\/dev.eliassen.nl\/de\/gartenstuhl-algarve-schwarz\/\",\"name\":\"Tuinstoel Algarve Zwart | Kunstof buitenstoel met kussen\",\"isPartOf\":{\"@id\":\"https:\/\/dev.eliassen.nl\/de\/#website\"},\"primaryImageOfPage\":{\"@id\":\"https:\/\/dev.eliassen.nl\/de\/gartenstuhl-algarve-schwarz\/#primaryimage\"},\"image\":{\"@id\":\"https:\/\/dev.eliassen.nl\/de\/gartenstuhl-algarve-schwarz\/#primaryimage\"},\"thumbnailUrl\":\"https:\/\/dev.eliassen.nl\/wp-content\/uploads\/2024\/10\/tuinstoelalgarvezwarteliassennl.jpg\",\"datePublished\":\"2024-04-04T16:59:44+00:00\",\"dateModified\":\"2024-12-05T16:06:57+00:00\",\"description\":\"Een mooie donkere kunststof buitenstoel gemaakt van materiaal Polypropyleen. Een moderne tuinstoel die ook binnen te gebruiken is. Met bijkleurende kussen!\",\"breadcrumb\":{\"@id\":\"https:\/\/dev.eliassen.nl\/de\/gartenstuhl-algarve-schwarz\/#breadcrumb\"},\"inLanguage\":\"de\",\"potentialAction\":[{\"@type\":\"ReadAction\",\"target\":[\"https:\/\/dev.eliassen.nl\/de\/gartenstuhl-algarve-schwarz\/\"]}]},{\"@type\":\"ImageObject\",\"inLanguage\":\"de\",\"@id\":\"https:\/\/dev.eliassen.nl\/de\/gartenstuhl-algarve-schwarz\/#primaryimage\",\"url\":\"https:\/\/dev.eliassen.nl\/wp-content\/uploads\/2024\/10\/tuinstoelalgarvezwarteliassennl.jpg\",\"contentUrl\":\"https:\/\/dev.eliassen.nl\/wp-content\/uploads\/2024\/10\/tuinstoelalgarvezwarteliassennl.jpg\",\"width\":1124,\"height\":1600,\"caption\":\"Tuinstoel Algarve Zwart Eliassen.nl\"},{\"@type\":\"BreadcrumbList\",\"@id\":\"https:\/\/dev.eliassen.nl\/de\/gartenstuhl-algarve-schwarz\/#breadcrumb\",\"itemListElement\":[{\"@type\":\"ListItem\",\"position\":1,\"name\":\"Home\",\"item\":\"https:\/\/dev.eliassen.nl\/de\/\"},{\"@type\":\"ListItem\",\"position\":2,\"name\":\"Shop\",\"item\":\"https:\/\/dev.eliassen.nl\/nl\/winkel\/\"},{\"@type\":\"ListItem\",\"position\":3,\"name\":\"Weitere Artikel\",\"item\":\"https:\/\/dev.eliassen.nl\/de\/weitere-artikel\/\"},{\"@type\":\"ListItem\",\"position\":4,\"name\":\"Gartenm\u00f6bel\",\"item\":\"https:\/\/dev.eliassen.nl\/de\/garten-andere\/gartenmoebel\/\"},{\"@type\":\"ListItem\",\"position\":5,\"name\":\"Gartenstuhl Algarve Schwarz\"}]},{\"@type\":\"WebSite\",\"@id\":\"https:\/\/dev.eliassen.nl\/de\/#website\",\"url\":\"https:\/\/dev.eliassen.nl\/de\/\",\"name\":\"Eliassen Home & Garden Pleasure\",\"description\":\"\",\"publisher\":{\"@id\":\"https:\/\/dev.eliassen.nl\/de\/#organization\"},\"alternateName\":\"Eliassen.nl\",\"potentialAction\":[{\"@type\":\"SearchAction\",\"target\":{\"@type\":\"EntryPoint\",\"urlTemplate\":\"https:\/\/dev.eliassen.nl\/de\/?s={search_term_string}\"},\"query-input\":{\"@type\":\"PropertyValueSpecification\",\"valueRequired\":true,\"valueName\":\"search_term_string\"}}],\"inLanguage\":\"de\"},{\"@type\":\"Organization\",\"@id\":\"https:\/\/dev.eliassen.nl\/de\/#organization\",\"name\":\"Eliassen Home & Garden Pleasure\",\"url\":\"https:\/\/dev.eliassen.nl\/de\/\",\"logo\":{\"@type\":\"ImageObject\",\"inLanguage\":\"de\",\"@id\":\"https:\/\/dev.eliassen.nl\/de\/#\/schema\/logo\/image\/\",\"url\":\"https:\/\/www.eliassen.nl\/wp-content\/uploads\/2024\/01\/logo_4nd.jpg\",\"contentUrl\":\"https:\/\/www.eliassen.nl\/wp-content\/uploads\/2024\/01\/logo_4nd.jpg\",\"width\":500,\"height\":500,\"caption\":\"Eliassen Home & Garden Pleasure\"},\"image\":{\"@id\":\"https:\/\/dev.eliassen.nl\/de\/#\/schema\/logo\/image\/\"},\"sameAs\":[\"https:\/\/www.facebook.com\/TuincentrumEliassenAmmerzoden\",\"https:\/\/www.instagram.com\/eliassenhomeandgarden\/\",\"https:\/\/nl.pinterest.com\/eliassenhomeandgarden\/\",\"https:\/\/www.youtube.com\/@eliassenhomegardenpleasure4558\"]}]}<\/script>\n<!-- \/ Yoast SEO plugin. -->","yoast_head_json":{"title":"Tuinstoel Algarve Zwart | Kunstof buitenstoel met kussen","description":"Een mooie donkere kunststof buitenstoel gemaakt van materiaal Polypropyleen. Een moderne tuinstoel die ook binnen te gebruiken is. Met bijkleurende kussen!","robots":{"index":"noindex","follow":"follow","max-snippet":"max-snippet:-1","max-image-preview":"max-image-preview:large","max-video-preview":"max-video-preview:-1"},"og_locale":"de_DE","og_type":"article","og_title":"Tuinstoel Algarve Zwart | Kunstof buitenstoel met kussen","og_description":"Een mooie donkere kunststof buitenstoel gemaakt van materiaal Polypropyleen. Een moderne tuinstoel die ook binnen te gebruiken is. Met bijkleurende kussen!","og_url":"https:\/\/dev.eliassen.nl\/de\/gartenstuhl-algarve-schwarz\/","og_site_name":"Eliassen.nl","article_publisher":"https:\/\/www.facebook.com\/TuincentrumEliassenAmmerzoden","article_modified_time":"2024-12-05T16:06:57+00:00","og_image":[{"width":1124,"height":1600,"url":"https:\/\/dev.eliassen.nl\/wp-content\/uploads\/2024\/10\/tuinstoelalgarvezwarteliassennl.jpg","type":"image\/jpeg"}],"twitter_card":"summary_large_image","schema":{"@context":"https:\/\/schema.org","@graph":[{"@type":"WebPage","@id":"https:\/\/dev.eliassen.nl\/de\/gartenstuhl-algarve-schwarz\/","url":"https:\/\/dev.eliassen.nl\/de\/gartenstuhl-algarve-schwarz\/","name":"Tuinstoel Algarve Zwart | Kunstof buitenstoel met kussen","isPartOf":{"@id":"https:\/\/dev.eliassen.nl\/de\/#website"},"primaryImageOfPage":{"@id":"https:\/\/dev.eliassen.nl\/de\/gartenstuhl-algarve-schwarz\/#primaryimage"},"image":{"@id":"https:\/\/dev.eliassen.nl\/de\/gartenstuhl-algarve-schwarz\/#primaryimage"},"thumbnailUrl":"https:\/\/dev.eliassen.nl\/wp-content\/uploads\/2024\/10\/tuinstoelalgarvezwarteliassennl.jpg","datePublished":"2024-04-04T16:59:44+00:00","dateModified":"2024-12-05T16:06:57+00:00","description":"Een mooie donkere kunststof buitenstoel gemaakt van materiaal Polypropyleen. Een moderne tuinstoel die ook binnen te gebruiken is. Met bijkleurende kussen!","breadcrumb":{"@id":"https:\/\/dev.eliassen.nl\/de\/gartenstuhl-algarve-schwarz\/#breadcrumb"},"inLanguage":"de","potentialAction":[{"@type":"ReadAction","target":["https:\/\/dev.eliassen.nl\/de\/gartenstuhl-algarve-schwarz\/"]}]},{"@type":"ImageObject","inLanguage":"de","@id":"https:\/\/dev.eliassen.nl\/de\/gartenstuhl-algarve-schwarz\/#primaryimage","url":"https:\/\/dev.eliassen.nl\/wp-content\/uploads\/2024\/10\/tuinstoelalgarvezwarteliassennl.jpg","contentUrl":"https:\/\/dev.eliassen.nl\/wp-content\/uploads\/2024\/10\/tuinstoelalgarvezwarteliassennl.jpg","width":1124,"height":1600,"caption":"Tuinstoel Algarve Zwart Eliassen.nl"},{"@type":"BreadcrumbList","@id":"https:\/\/dev.eliassen.nl\/de\/gartenstuhl-algarve-schwarz\/#breadcrumb","itemListElement":[{"@type":"ListItem","position":1,"name":"Home","item":"https:\/\/dev.eliassen.nl\/de\/"},{"@type":"ListItem","position":2,"name":"Shop","item":"https:\/\/dev.eliassen.nl\/nl\/winkel\/"},{"@type":"ListItem","position":3,"name":"Weitere Artikel","item":"https:\/\/dev.eliassen.nl\/de\/weitere-artikel\/"},{"@type":"ListItem","position":4,"name":"Gartenm\u00f6bel","item":"https:\/\/dev.eliassen.nl\/de\/garten-andere\/gartenmoebel\/"},{"@type":"ListItem","position":5,"name":"Gartenstuhl Algarve Schwarz"}]},{"@type":"WebSite","@id":"https:\/\/dev.eliassen.nl\/de\/#website","url":"https:\/\/dev.eliassen.nl\/de\/","name":"Eliassen Home & Garden Pleasure","description":"","publisher":{"@id":"https:\/\/dev.eliassen.nl\/de\/#organization"},"alternateName":"Eliassen.nl","potentialAction":[{"@type":"SearchAction","target":{"@type":"EntryPoint","urlTemplate":"https:\/\/dev.eliassen.nl\/de\/?s={search_term_string}"},"query-input":{"@type":"PropertyValueSpecification","valueRequired":true,"valueName":"search_term_string"}}],"inLanguage":"de"},{"@type":"Organization","@id":"https:\/\/dev.eliassen.nl\/de\/#organization","name":"Eliassen Home & Garden Pleasure","url":"https:\/\/dev.eliassen.nl\/de\/","logo":{"@type":"ImageObject","inLanguage":"de","@id":"https:\/\/dev.eliassen.nl\/de\/#\/schema\/logo\/image\/","url":"https:\/\/www.eliassen.nl\/wp-content\/uploads\/2024\/01\/logo_4nd.jpg","contentUrl":"https:\/\/www.eliassen.nl\/wp-content\/uploads\/2024\/01\/logo_4nd.jpg","width":500,"height":500,"caption":"Eliassen Home & Garden Pleasure"},"image":{"@id":"https:\/\/dev.eliassen.nl\/de\/#\/schema\/logo\/image\/"},"sameAs":["https:\/\/www.facebook.com\/TuincentrumEliassenAmmerzoden","https:\/\/www.instagram.com\/eliassenhomeandgarden\/","https:\/\/nl.pinterest.com\/eliassenhomeandgarden\/","https:\/\/www.youtube.com\/@eliassenhomegardenpleasure4558"]}]}},"df_price":39.95,"df_sale_price":39.95,"df_regular_price":59.5,"df_image_link":"https:\/\/dev.eliassen.nl\/wp-content\/uploads\/2024\/10\/tuinstoelalgarvezwarteliassennl.jpg","image":"https:\/\/dev.eliassen.nl\/wp-content\/uploads\/2024\/10\/tuinstoelalgarvezwarteliassennl.jpg","price_search":"<span class=\"woocommerce-Price-amount amount\"><bdi><span class=\"woocommerce-Price-currencySymbol\">&euro;<\/span>&nbsp;39,95<\/bdi><\/span>","category":"Gartenm\u00f6bel","_links":{"self":[{"href":"https:\/\/dev.eliassen.nl\/de\/wp-json\/wp\/v2\/product\/152531","targetHints":{"allow":["GET"]}}],"collection":[{"href":"https:\/\/dev.eliassen.nl\/de\/wp-json\/wp\/v2\/product"}],"about":[{"href":"https:\/\/dev.eliassen.nl\/de\/wp-json\/wp\/v2\/types\/product"}],"wp:featuredmedia":[{"embeddable":true,"href":"https:\/\/dev.eliassen.nl\/de\/wp-json\/wp\/v2\/media\/152513"}],"wp:attachment":[{"href":"https:\/\/dev.eliassen.nl\/de\/wp-json\/wp\/v2\/media?parent=152531"}],"wp:term":[{"taxonomy":"product_brand","embeddable":true,"href":"https:\/\/dev.eliassen.nl\/de\/wp-json\/wp\/v2\/product_brand?post=152531"},{"taxonomy":"product_cat","embeddable":true,"href":"https:\/\/dev.eliassen.nl\/de\/wp-json\/wp\/v2\/product_cat?post=152531"},{"taxonomy":"product_tag","embeddable":true,"href":"https:\/\/dev.eliassen.nl\/de\/wp-json\/wp\/v2\/product_tag?post=152531"}],"curies":[{"name":"wp","href":"https:\/\/api.w.org\/{rel}","templated":true}]}}