{"id":15259,"date":"2019-10-28T18:15:58","date_gmt":"2019-10-28T17:15:58","guid":{"rendered":"https:\/\/www.eliassen.nl\/?product=wandgegenstand-3d-fiore"},"modified":"2024-12-05T15:22:57","modified_gmt":"2024-12-05T14:22:57","slug":"runde-wanddekoration-aus-metall-3d-fiore","status":"publish","type":"product","link":"https:\/\/dev.eliassen.nl\/de\/runde-wanddekoration-aus-metall-3d-fiore\/","title":{"rendered":"Runde Wanddekoration aus Metall 3D Fiore"},"content":{"rendered":"<p><span style=\"font-weight: 400;\">Suchen Sie nach einer sch\u00f6nen M\u00f6glichkeit, die Wand in Ihrem Zuhause oder B\u00fcro zu dekorieren? Wir helfen Ihnen gerne dabei. Unsere runde Wanddekoration aus Metall 3D Fiore zum Beispiel ist ein wundersch\u00f6nes, schlichtes Design, das vollst\u00e4ndig von Hand gefertigt wird. Sie ist aus Metall gefertigt und komplett mit Klarlack bespr\u00fcht, sodass das Objekt einen sch\u00f6nen Glanz bekommt und somit f\u00fcr sch\u00f6ne Lichtspiele sorgen kann. Da das Objekt von Hand gefertigt wird, ist jedes St\u00fcck ein Unikat und wird sich immer von den Fotos unterscheiden.<\/span><\/p>\n<p>Diese dreidimensionale Wanddekoration aus Metall versch\u00f6nert jedes moderne Interieur oder jeden Arbeitsplatz. Dieses Modell mit Scheiben und Kreisen wird zu einem stimmungsvollen und zeitlosen Wandschmuck und einem echten Hingucker. Da es sich um ein menschliches Werk handelt, kann das Foto farblich leicht von der echten Kopie abweichen.<br \/>Diese Wanddekoration ist komplett mit Klarlack bespr\u00fcht, sodass ein sch\u00f6ner Glanz entsteht.<\/p>\n<p><strong>Wir haben auch fast die gesamte Kollektion dieser Serie in unserem Gesch\u00e4ft, das in den Niederlanden einzigartig ist.<\/strong> <strong>Nirgendwo sonst finden Sie eine so gro\u00dfe Sammlung. Gern geschehen.<\/strong><\/p>\n<ul>\n<li>Gr\u00f6\u00dfe: 75 x 75 cm hoch<\/li>\n<li>Material: Metall<\/li>\n<li>Einfach mit 1 oder 2 Schrauben aufzuh\u00e4ngen<\/li>\n<li>Schnell geliefert<\/li>\n<li><strong>Gr\u00f6\u00dfte Sammlung in den Benelux-L\u00e4ndern, die auch live betrachtet werden kann.<\/strong><\/li>\n<\/ul>\n","protected":false},"excerpt":{"rendered":"<p>Suchen Sie nach einer sch\u00f6nen M\u00f6glichkeit, die Wand in Ihrem Zuhause oder B\u00fcro zu dekorieren? Wir helfen Ihnen gerne dabei. Unsere runde Wanddekoration aus Metall 3D Fiore zum Beispiel ist ein wundersch\u00f6nes, schlichtes Design, das vollst\u00e4ndig von Hand gefertigt wird. Sie ist aus Metall gefertigt und komplett mit Klarlack bespr\u00fcht, sodass das Objekt einen sch\u00f6nen &hellip;<\/p>\n","protected":false},"featured_media":15247,"template":"","meta":{"_acf_changed":false},"product_brand":[6916],"product_cat":[512,509],"product_tag":[],"class_list":{"0":"post-15259","1":"product","2":"type-product","3":"status-publish","4":"has-post-thumbnail","6":"product_brand-eliassen-de","7":"product_cat-3d-wanddekoration-ohne-rahmen","8":"product_cat-wanddekoration","10":"first","11":"instock","12":"taxable","13":"shipping-taxable","14":"purchasable","15":"product-type-simple"},"acf":[],"yoast_head":"<!-- This site is optimized with the Yoast SEO plugin v23.8 - https:\/\/yoast.com\/wordpress\/plugins\/seo\/ -->\n<title>Runde Wanddekoration aus Metall 3D Fiore | Eliassen.nl<\/title>\n<meta name=\"description\" content=\"Kaufen Sie eine runde Wanddekoration aus Metall? Sehen Sie sich dieses sch\u00f6ne Exemplar an. Sch\u00f6ne gro\u00dfe runde Kreise in Grau- und Braunt\u00f6nen. Sehen Sie sich ...\" \/>\n<meta name=\"robots\" content=\"noindex, follow, max-snippet:-1, max-image-preview:large, max-video-preview:-1\" \/>\n<meta property=\"og:locale\" content=\"de_DE\" \/>\n<meta property=\"og:type\" content=\"article\" \/>\n<meta property=\"og:title\" content=\"Runde Wanddekoration aus Metall 3D Fiore | Eliassen.nl\" \/>\n<meta property=\"og:description\" content=\"Kaufen Sie eine runde Wanddekoration aus Metall? Sehen Sie sich dieses sch\u00f6ne Exemplar an. Sch\u00f6ne gro\u00dfe runde Kreise in Grau- und Braunt\u00f6nen. Sehen Sie sich ...\" \/>\n<meta property=\"og:url\" content=\"https:\/\/dev.eliassen.nl\/de\/runde-wanddekoration-aus-metall-3d-fiore\/\" \/>\n<meta property=\"og:site_name\" content=\"Eliassen.nl\" \/>\n<meta property=\"article:publisher\" content=\"https:\/\/www.facebook.com\/TuincentrumEliassenAmmerzoden\" \/>\n<meta property=\"article:modified_time\" content=\"2024-12-05T14:22:57+00:00\" \/>\n<meta property=\"og:image\" content=\"https:\/\/dev.eliassen.nl\/wp-content\/uploads\/2024\/01\/rondemetalenwanddecoratie3dfiore.jpg\" \/>\n\t<meta property=\"og:image:width\" content=\"1024\" \/>\n\t<meta property=\"og:image:height\" content=\"1024\" \/>\n\t<meta property=\"og:image:type\" content=\"image\/jpeg\" \/>\n<meta name=\"twitter:card\" content=\"summary_large_image\" \/>\n<script type=\"application\/ld+json\" class=\"yoast-schema-graph\">{\"@context\":\"https:\/\/schema.org\",\"@graph\":[{\"@type\":\"WebPage\",\"@id\":\"https:\/\/dev.eliassen.nl\/de\/runde-wanddekoration-aus-metall-3d-fiore\/\",\"url\":\"https:\/\/dev.eliassen.nl\/de\/runde-wanddekoration-aus-metall-3d-fiore\/\",\"name\":\"Runde Wanddekoration aus Metall 3D Fiore | Eliassen.nl\",\"isPartOf\":{\"@id\":\"https:\/\/dev.eliassen.nl\/de\/#website\"},\"primaryImageOfPage\":{\"@id\":\"https:\/\/dev.eliassen.nl\/de\/runde-wanddekoration-aus-metall-3d-fiore\/#primaryimage\"},\"image\":{\"@id\":\"https:\/\/dev.eliassen.nl\/de\/runde-wanddekoration-aus-metall-3d-fiore\/#primaryimage\"},\"thumbnailUrl\":\"https:\/\/dev.eliassen.nl\/wp-content\/uploads\/2024\/01\/rondemetalenwanddecoratie3dfiore.jpg\",\"datePublished\":\"2019-10-28T17:15:58+00:00\",\"dateModified\":\"2024-12-05T14:22:57+00:00\",\"description\":\"Kaufen Sie eine runde Wanddekoration aus Metall? Sehen Sie sich dieses sch\u00f6ne Exemplar an. Sch\u00f6ne gro\u00dfe runde Kreise in Grau- und Braunt\u00f6nen. Sehen Sie sich ...\",\"breadcrumb\":{\"@id\":\"https:\/\/dev.eliassen.nl\/de\/runde-wanddekoration-aus-metall-3d-fiore\/#breadcrumb\"},\"inLanguage\":\"de\",\"potentialAction\":[{\"@type\":\"ReadAction\",\"target\":[\"https:\/\/dev.eliassen.nl\/de\/runde-wanddekoration-aus-metall-3d-fiore\/\"]}]},{\"@type\":\"ImageObject\",\"inLanguage\":\"de\",\"@id\":\"https:\/\/dev.eliassen.nl\/de\/runde-wanddekoration-aus-metall-3d-fiore\/#primaryimage\",\"url\":\"https:\/\/dev.eliassen.nl\/wp-content\/uploads\/2024\/01\/rondemetalenwanddecoratie3dfiore.jpg\",\"contentUrl\":\"https:\/\/dev.eliassen.nl\/wp-content\/uploads\/2024\/01\/rondemetalenwanddecoratie3dfiore.jpg\",\"width\":1024,\"height\":1024,\"caption\":\"Ronde metalen wanddecoratie 3D Fiore\"},{\"@type\":\"BreadcrumbList\",\"@id\":\"https:\/\/dev.eliassen.nl\/de\/runde-wanddekoration-aus-metall-3d-fiore\/#breadcrumb\",\"itemListElement\":[{\"@type\":\"ListItem\",\"position\":1,\"name\":\"Home\",\"item\":\"https:\/\/dev.eliassen.nl\/de\/\"},{\"@type\":\"ListItem\",\"position\":2,\"name\":\"Shop\",\"item\":\"https:\/\/dev.eliassen.nl\/nl\/winkel\/\"},{\"@type\":\"ListItem\",\"position\":3,\"name\":\"Wanddekoration\",\"item\":\"https:\/\/dev.eliassen.nl\/de\/wanddekoration\/\"},{\"@type\":\"ListItem\",\"position\":4,\"name\":\"3D-Wanddekoration ohne Rahmen\",\"item\":\"https:\/\/dev.eliassen.nl\/de\/wanddekoration\/3d-wanddekoration-ohne-rahmen\/\"},{\"@type\":\"ListItem\",\"position\":5,\"name\":\"Runde Wanddekoration aus Metall 3D Fiore\"}]},{\"@type\":\"WebSite\",\"@id\":\"https:\/\/dev.eliassen.nl\/de\/#website\",\"url\":\"https:\/\/dev.eliassen.nl\/de\/\",\"name\":\"Eliassen Home & Garden Pleasure\",\"description\":\"\",\"publisher\":{\"@id\":\"https:\/\/dev.eliassen.nl\/de\/#organization\"},\"alternateName\":\"Eliassen.nl\",\"potentialAction\":[{\"@type\":\"SearchAction\",\"target\":{\"@type\":\"EntryPoint\",\"urlTemplate\":\"https:\/\/dev.eliassen.nl\/de\/?s={search_term_string}\"},\"query-input\":{\"@type\":\"PropertyValueSpecification\",\"valueRequired\":true,\"valueName\":\"search_term_string\"}}],\"inLanguage\":\"de\"},{\"@type\":\"Organization\",\"@id\":\"https:\/\/dev.eliassen.nl\/de\/#organization\",\"name\":\"Eliassen Home & Garden Pleasure\",\"url\":\"https:\/\/dev.eliassen.nl\/de\/\",\"logo\":{\"@type\":\"ImageObject\",\"inLanguage\":\"de\",\"@id\":\"https:\/\/dev.eliassen.nl\/de\/#\/schema\/logo\/image\/\",\"url\":\"https:\/\/www.eliassen.nl\/wp-content\/uploads\/2024\/01\/logo_4nd.jpg\",\"contentUrl\":\"https:\/\/www.eliassen.nl\/wp-content\/uploads\/2024\/01\/logo_4nd.jpg\",\"width\":500,\"height\":500,\"caption\":\"Eliassen Home & Garden Pleasure\"},\"image\":{\"@id\":\"https:\/\/dev.eliassen.nl\/de\/#\/schema\/logo\/image\/\"},\"sameAs\":[\"https:\/\/www.facebook.com\/TuincentrumEliassenAmmerzoden\",\"https:\/\/www.instagram.com\/eliassenhomeandgarden\/\",\"https:\/\/nl.pinterest.com\/eliassenhomeandgarden\/\",\"https:\/\/www.youtube.com\/@eliassenhomegardenpleasure4558\"]}]}<\/script>\n<!-- \/ Yoast SEO plugin. -->","yoast_head_json":{"title":"Runde Wanddekoration aus Metall 3D Fiore | Eliassen.nl","description":"Kaufen Sie eine runde Wanddekoration aus Metall? Sehen Sie sich dieses sch\u00f6ne Exemplar an. Sch\u00f6ne gro\u00dfe runde Kreise in Grau- und Braunt\u00f6nen. Sehen Sie sich ...","robots":{"index":"noindex","follow":"follow","max-snippet":"max-snippet:-1","max-image-preview":"max-image-preview:large","max-video-preview":"max-video-preview:-1"},"og_locale":"de_DE","og_type":"article","og_title":"Runde Wanddekoration aus Metall 3D Fiore | Eliassen.nl","og_description":"Kaufen Sie eine runde Wanddekoration aus Metall? Sehen Sie sich dieses sch\u00f6ne Exemplar an. Sch\u00f6ne gro\u00dfe runde Kreise in Grau- und Braunt\u00f6nen. Sehen Sie sich ...","og_url":"https:\/\/dev.eliassen.nl\/de\/runde-wanddekoration-aus-metall-3d-fiore\/","og_site_name":"Eliassen.nl","article_publisher":"https:\/\/www.facebook.com\/TuincentrumEliassenAmmerzoden","article_modified_time":"2024-12-05T14:22:57+00:00","og_image":[{"width":1024,"height":1024,"url":"https:\/\/dev.eliassen.nl\/wp-content\/uploads\/2024\/01\/rondemetalenwanddecoratie3dfiore.jpg","type":"image\/jpeg"}],"twitter_card":"summary_large_image","schema":{"@context":"https:\/\/schema.org","@graph":[{"@type":"WebPage","@id":"https:\/\/dev.eliassen.nl\/de\/runde-wanddekoration-aus-metall-3d-fiore\/","url":"https:\/\/dev.eliassen.nl\/de\/runde-wanddekoration-aus-metall-3d-fiore\/","name":"Runde Wanddekoration aus Metall 3D Fiore | Eliassen.nl","isPartOf":{"@id":"https:\/\/dev.eliassen.nl\/de\/#website"},"primaryImageOfPage":{"@id":"https:\/\/dev.eliassen.nl\/de\/runde-wanddekoration-aus-metall-3d-fiore\/#primaryimage"},"image":{"@id":"https:\/\/dev.eliassen.nl\/de\/runde-wanddekoration-aus-metall-3d-fiore\/#primaryimage"},"thumbnailUrl":"https:\/\/dev.eliassen.nl\/wp-content\/uploads\/2024\/01\/rondemetalenwanddecoratie3dfiore.jpg","datePublished":"2019-10-28T17:15:58+00:00","dateModified":"2024-12-05T14:22:57+00:00","description":"Kaufen Sie eine runde Wanddekoration aus Metall? Sehen Sie sich dieses sch\u00f6ne Exemplar an. Sch\u00f6ne gro\u00dfe runde Kreise in Grau- und Braunt\u00f6nen. Sehen Sie sich ...","breadcrumb":{"@id":"https:\/\/dev.eliassen.nl\/de\/runde-wanddekoration-aus-metall-3d-fiore\/#breadcrumb"},"inLanguage":"de","potentialAction":[{"@type":"ReadAction","target":["https:\/\/dev.eliassen.nl\/de\/runde-wanddekoration-aus-metall-3d-fiore\/"]}]},{"@type":"ImageObject","inLanguage":"de","@id":"https:\/\/dev.eliassen.nl\/de\/runde-wanddekoration-aus-metall-3d-fiore\/#primaryimage","url":"https:\/\/dev.eliassen.nl\/wp-content\/uploads\/2024\/01\/rondemetalenwanddecoratie3dfiore.jpg","contentUrl":"https:\/\/dev.eliassen.nl\/wp-content\/uploads\/2024\/01\/rondemetalenwanddecoratie3dfiore.jpg","width":1024,"height":1024,"caption":"Ronde metalen wanddecoratie 3D Fiore"},{"@type":"BreadcrumbList","@id":"https:\/\/dev.eliassen.nl\/de\/runde-wanddekoration-aus-metall-3d-fiore\/#breadcrumb","itemListElement":[{"@type":"ListItem","position":1,"name":"Home","item":"https:\/\/dev.eliassen.nl\/de\/"},{"@type":"ListItem","position":2,"name":"Shop","item":"https:\/\/dev.eliassen.nl\/nl\/winkel\/"},{"@type":"ListItem","position":3,"name":"Wanddekoration","item":"https:\/\/dev.eliassen.nl\/de\/wanddekoration\/"},{"@type":"ListItem","position":4,"name":"3D-Wanddekoration ohne Rahmen","item":"https:\/\/dev.eliassen.nl\/de\/wanddekoration\/3d-wanddekoration-ohne-rahmen\/"},{"@type":"ListItem","position":5,"name":"Runde Wanddekoration aus Metall 3D Fiore"}]},{"@type":"WebSite","@id":"https:\/\/dev.eliassen.nl\/de\/#website","url":"https:\/\/dev.eliassen.nl\/de\/","name":"Eliassen Home & Garden Pleasure","description":"","publisher":{"@id":"https:\/\/dev.eliassen.nl\/de\/#organization"},"alternateName":"Eliassen.nl","potentialAction":[{"@type":"SearchAction","target":{"@type":"EntryPoint","urlTemplate":"https:\/\/dev.eliassen.nl\/de\/?s={search_term_string}"},"query-input":{"@type":"PropertyValueSpecification","valueRequired":true,"valueName":"search_term_string"}}],"inLanguage":"de"},{"@type":"Organization","@id":"https:\/\/dev.eliassen.nl\/de\/#organization","name":"Eliassen Home & Garden Pleasure","url":"https:\/\/dev.eliassen.nl\/de\/","logo":{"@type":"ImageObject","inLanguage":"de","@id":"https:\/\/dev.eliassen.nl\/de\/#\/schema\/logo\/image\/","url":"https:\/\/www.eliassen.nl\/wp-content\/uploads\/2024\/01\/logo_4nd.jpg","contentUrl":"https:\/\/www.eliassen.nl\/wp-content\/uploads\/2024\/01\/logo_4nd.jpg","width":500,"height":500,"caption":"Eliassen Home & Garden Pleasure"},"image":{"@id":"https:\/\/dev.eliassen.nl\/de\/#\/schema\/logo\/image\/"},"sameAs":["https:\/\/www.facebook.com\/TuincentrumEliassenAmmerzoden","https:\/\/www.instagram.com\/eliassenhomeandgarden\/","https:\/\/nl.pinterest.com\/eliassenhomeandgarden\/","https:\/\/www.youtube.com\/@eliassenhomegardenpleasure4558"]}]}},"df_price":59.5,"df_sale_price":"","df_regular_price":59.5,"df_image_link":"https:\/\/dev.eliassen.nl\/wp-content\/uploads\/2024\/01\/rondemetalenwanddecoratie3dfiore.jpg","image":"https:\/\/dev.eliassen.nl\/wp-content\/uploads\/2024\/01\/rondemetalenwanddecoratie3dfiore.jpg","price_search":"<span class=\"woocommerce-Price-amount amount\"><bdi><span class=\"woocommerce-Price-currencySymbol\">&euro;<\/span>&nbsp;59,50<\/bdi><\/span>","category":"3D-Wanddekoration ohne Rahmen","_links":{"self":[{"href":"https:\/\/dev.eliassen.nl\/de\/wp-json\/wp\/v2\/product\/15259","targetHints":{"allow":["GET"]}}],"collection":[{"href":"https:\/\/dev.eliassen.nl\/de\/wp-json\/wp\/v2\/product"}],"about":[{"href":"https:\/\/dev.eliassen.nl\/de\/wp-json\/wp\/v2\/types\/product"}],"wp:featuredmedia":[{"embeddable":true,"href":"https:\/\/dev.eliassen.nl\/de\/wp-json\/wp\/v2\/media\/15247"}],"wp:attachment":[{"href":"https:\/\/dev.eliassen.nl\/de\/wp-json\/wp\/v2\/media?parent=15259"}],"wp:term":[{"taxonomy":"product_brand","embeddable":true,"href":"https:\/\/dev.eliassen.nl\/de\/wp-json\/wp\/v2\/product_brand?post=15259"},{"taxonomy":"product_cat","embeddable":true,"href":"https:\/\/dev.eliassen.nl\/de\/wp-json\/wp\/v2\/product_cat?post=15259"},{"taxonomy":"product_tag","embeddable":true,"href":"https:\/\/dev.eliassen.nl\/de\/wp-json\/wp\/v2\/product_tag?post=15259"}],"curies":[{"name":"wp","href":"https:\/\/api.w.org\/{rel}","templated":true}]}}