{"id":152696,"date":"2024-04-10T10:30:26","date_gmt":"2024-04-10T08:30:26","guid":{"rendered":"https:\/\/www.eliassen.nl\/?product=schilderij-3d-grote-klaproos-80x80cm"},"modified":"2025-04-16T19:16:37","modified_gmt":"2025-04-16T17:16:37","slug":"gemalde-3d-grosse-mohnblume-80x80cm","status":"publish","type":"product","link":"https:\/\/dev.eliassen.nl\/de\/gemalde-3d-grosse-mohnblume-80x80cm\/","title":{"rendered":"Gem\u00e4lde 3D Gro\u00dfe Mohnblume 80x80cm"},"content":{"rendered":"<p>Metallgem\u00e4lde mit dem Bild einer bunten gro\u00dfen Mohnblume, edel gefertigt aus einzelnen Metallteilen, die alle von Hand zusammengeschwei\u00dft werden, um einen optimalen 3D-Effekt zu erzielen. Eine sch\u00f6ne Wanddekoration f\u00fcr Ihr Zuhause, drau\u00dfen unter einem Dach oder in Ihrem Unternehmen. Farben und allgemeines Erscheinungsbild k\u00f6nnen vom Foto abweichen, da das gesamte Objekt von Menschenhand gefertigt wurde.<\/p>\n<p><strong>Fast die gesamte Serie der Metallbilder kann auch live in unserem Shop besichtigt werden.<\/strong><\/p>\n<ul>\n<li>Gr\u00f6\u00dfe: 80x80cm<\/li>\n<li>Material: lackiertes Metall<\/li>\n<li>Einfache Aufh\u00e4ngung mit 2 Schrauben<\/li>\n<li>F\u00fcr drinnen oder drau\u00dfen unter Schutz<\/li>\n<li>1 Jahr Garantie<\/li>\n<\/ul>\n","protected":false},"excerpt":{"rendered":"<p>Ein wundersch\u00f6nes, farbenfrohes 3D-Gem\u00e4lde aus Metall. Abmessungen 80x80cm.<\/p>\n","protected":false},"featured_media":152684,"template":"","meta":{"_acf_changed":false},"product_brand":[],"product_cat":[419,425,410],"product_tag":[],"class_list":{"0":"post-152696","1":"product","2":"type-product","3":"status-publish","4":"has-post-thumbnail","6":"product_cat-3d-gemaelde-aus-metall","7":"product_cat-3d-gemaelde-aus-metall-im-format-80x80cm","8":"product_cat-gemaelde","10":"first","11":"outofstock","12":"taxable","13":"shipping-taxable","14":"purchasable","15":"product-type-simple"},"acf":[],"yoast_head":"<!-- This site is optimized with the Yoast SEO plugin v23.8 - https:\/\/yoast.com\/wordpress\/plugins\/seo\/ -->\n<title>Gem\u00e4lde 3D Gro\u00dfe Mohnblume 80x80cm - Eliassen.nl<\/title>\n<meta name=\"description\" content=\"Auf der Suche nach einem 3D-Metallgem\u00e4lde einer gro\u00dfen roten Mohnblume. Malen mit Charakter. Abmessungen 80x80cm. Schnelle Lieferung.\" \/>\n<meta name=\"robots\" content=\"noindex, follow, max-snippet:-1, max-image-preview:large, max-video-preview:-1\" \/>\n<meta property=\"og:locale\" content=\"de_DE\" \/>\n<meta property=\"og:type\" content=\"article\" \/>\n<meta property=\"og:title\" content=\"Gem\u00e4lde 3D Gro\u00dfe Mohnblume 80x80cm - Eliassen.nl\" \/>\n<meta property=\"og:description\" content=\"Auf der Suche nach einem 3D-Metallgem\u00e4lde einer gro\u00dfen roten Mohnblume. Malen mit Charakter. Abmessungen 80x80cm. Schnelle Lieferung.\" \/>\n<meta property=\"og:url\" content=\"https:\/\/dev.eliassen.nl\/de\/gemalde-3d-grosse-mohnblume-80x80cm\/\" \/>\n<meta property=\"og:site_name\" content=\"Eliassen.nl\" \/>\n<meta property=\"article:publisher\" content=\"https:\/\/www.facebook.com\/TuincentrumEliassenAmmerzoden\" \/>\n<meta property=\"article:modified_time\" content=\"2025-04-16T17:16:37+00:00\" \/>\n<meta property=\"og:image\" content=\"https:\/\/dev.eliassen.nl\/wp-content\/uploads\/2024\/10\/schilderij3dgroteklaproos80x80cm.jpg\" \/>\n\t<meta property=\"og:image:width\" content=\"630\" \/>\n\t<meta property=\"og:image:height\" content=\"650\" \/>\n\t<meta property=\"og:image:type\" content=\"image\/jpeg\" \/>\n<meta name=\"twitter:card\" content=\"summary_large_image\" \/>\n<script type=\"application\/ld+json\" class=\"yoast-schema-graph\">{\"@context\":\"https:\/\/schema.org\",\"@graph\":[{\"@type\":\"WebPage\",\"@id\":\"https:\/\/dev.eliassen.nl\/de\/gemalde-3d-grosse-mohnblume-80x80cm\/\",\"url\":\"https:\/\/dev.eliassen.nl\/de\/gemalde-3d-grosse-mohnblume-80x80cm\/\",\"name\":\"Gem\u00e4lde 3D Gro\u00dfe Mohnblume 80x80cm - Eliassen.nl\",\"isPartOf\":{\"@id\":\"https:\/\/dev.eliassen.nl\/de\/#website\"},\"primaryImageOfPage\":{\"@id\":\"https:\/\/dev.eliassen.nl\/de\/gemalde-3d-grosse-mohnblume-80x80cm\/#primaryimage\"},\"image\":{\"@id\":\"https:\/\/dev.eliassen.nl\/de\/gemalde-3d-grosse-mohnblume-80x80cm\/#primaryimage\"},\"thumbnailUrl\":\"https:\/\/dev.eliassen.nl\/wp-content\/uploads\/2024\/10\/schilderij3dgroteklaproos80x80cm.jpg\",\"datePublished\":\"2024-04-10T08:30:26+00:00\",\"dateModified\":\"2025-04-16T17:16:37+00:00\",\"description\":\"Auf der Suche nach einem 3D-Metallgem\u00e4lde einer gro\u00dfen roten Mohnblume. Malen mit Charakter. Abmessungen 80x80cm. Schnelle Lieferung.\",\"breadcrumb\":{\"@id\":\"https:\/\/dev.eliassen.nl\/de\/gemalde-3d-grosse-mohnblume-80x80cm\/#breadcrumb\"},\"inLanguage\":\"de\",\"potentialAction\":[{\"@type\":\"ReadAction\",\"target\":[\"https:\/\/dev.eliassen.nl\/de\/gemalde-3d-grosse-mohnblume-80x80cm\/\"]}]},{\"@type\":\"ImageObject\",\"inLanguage\":\"de\",\"@id\":\"https:\/\/dev.eliassen.nl\/de\/gemalde-3d-grosse-mohnblume-80x80cm\/#primaryimage\",\"url\":\"https:\/\/dev.eliassen.nl\/wp-content\/uploads\/2024\/10\/schilderij3dgroteklaproos80x80cm.jpg\",\"contentUrl\":\"https:\/\/dev.eliassen.nl\/wp-content\/uploads\/2024\/10\/schilderij3dgroteklaproos80x80cm.jpg\",\"width\":630,\"height\":650,\"caption\":\"schilderij-3d-grote-klaproos-80x80cm\"},{\"@type\":\"BreadcrumbList\",\"@id\":\"https:\/\/dev.eliassen.nl\/de\/gemalde-3d-grosse-mohnblume-80x80cm\/#breadcrumb\",\"itemListElement\":[{\"@type\":\"ListItem\",\"position\":1,\"name\":\"Home\",\"item\":\"https:\/\/dev.eliassen.nl\/de\/\"},{\"@type\":\"ListItem\",\"position\":2,\"name\":\"Shop\",\"item\":\"https:\/\/dev.eliassen.nl\/nl\/winkel\/\"},{\"@type\":\"ListItem\",\"position\":3,\"name\":\"Gem\u00e4lde\",\"item\":\"https:\/\/dev.eliassen.nl\/de\/gemaelde\/\"},{\"@type\":\"ListItem\",\"position\":4,\"name\":\"3D-Gem\u00e4lde aus Metall\",\"item\":\"https:\/\/dev.eliassen.nl\/de\/gemaelde\/3d-gemaelde-aus-metall\/\"},{\"@type\":\"ListItem\",\"position\":5,\"name\":\"3D-Gem\u00e4lde aus Metall im Format 80x80cm\",\"item\":\"https:\/\/dev.eliassen.nl\/de\/gemaelde\/3d-gemaelde-aus-metall\/3d-gemaelde-aus-metall-im-format-80x80cm\/\"},{\"@type\":\"ListItem\",\"position\":6,\"name\":\"Gem\u00e4lde 3D Gro\u00dfe Mohnblume 80x80cm\"}]},{\"@type\":\"WebSite\",\"@id\":\"https:\/\/dev.eliassen.nl\/de\/#website\",\"url\":\"https:\/\/dev.eliassen.nl\/de\/\",\"name\":\"Eliassen Home & Garden Pleasure\",\"description\":\"\",\"publisher\":{\"@id\":\"https:\/\/dev.eliassen.nl\/de\/#organization\"},\"alternateName\":\"Eliassen.nl\",\"potentialAction\":[{\"@type\":\"SearchAction\",\"target\":{\"@type\":\"EntryPoint\",\"urlTemplate\":\"https:\/\/dev.eliassen.nl\/de\/?s={search_term_string}\"},\"query-input\":{\"@type\":\"PropertyValueSpecification\",\"valueRequired\":true,\"valueName\":\"search_term_string\"}}],\"inLanguage\":\"de\"},{\"@type\":\"Organization\",\"@id\":\"https:\/\/dev.eliassen.nl\/de\/#organization\",\"name\":\"Eliassen Home & Garden Pleasure\",\"url\":\"https:\/\/dev.eliassen.nl\/de\/\",\"logo\":{\"@type\":\"ImageObject\",\"inLanguage\":\"de\",\"@id\":\"https:\/\/dev.eliassen.nl\/de\/#\/schema\/logo\/image\/\",\"url\":\"https:\/\/www.eliassen.nl\/wp-content\/uploads\/2024\/01\/logo_4nd.jpg\",\"contentUrl\":\"https:\/\/www.eliassen.nl\/wp-content\/uploads\/2024\/01\/logo_4nd.jpg\",\"width\":500,\"height\":500,\"caption\":\"Eliassen Home & Garden Pleasure\"},\"image\":{\"@id\":\"https:\/\/dev.eliassen.nl\/de\/#\/schema\/logo\/image\/\"},\"sameAs\":[\"https:\/\/www.facebook.com\/TuincentrumEliassenAmmerzoden\",\"https:\/\/www.instagram.com\/eliassenhomeandgarden\/\",\"https:\/\/nl.pinterest.com\/eliassenhomeandgarden\/\",\"https:\/\/www.youtube.com\/@eliassenhomegardenpleasure4558\"]}]}<\/script>\n<!-- \/ Yoast SEO plugin. -->","yoast_head_json":{"title":"Gem\u00e4lde 3D Gro\u00dfe Mohnblume 80x80cm - Eliassen.nl","description":"Auf der Suche nach einem 3D-Metallgem\u00e4lde einer gro\u00dfen roten Mohnblume. Malen mit Charakter. Abmessungen 80x80cm. Schnelle Lieferung.","robots":{"index":"noindex","follow":"follow","max-snippet":"max-snippet:-1","max-image-preview":"max-image-preview:large","max-video-preview":"max-video-preview:-1"},"og_locale":"de_DE","og_type":"article","og_title":"Gem\u00e4lde 3D Gro\u00dfe Mohnblume 80x80cm - Eliassen.nl","og_description":"Auf der Suche nach einem 3D-Metallgem\u00e4lde einer gro\u00dfen roten Mohnblume. Malen mit Charakter. Abmessungen 80x80cm. Schnelle Lieferung.","og_url":"https:\/\/dev.eliassen.nl\/de\/gemalde-3d-grosse-mohnblume-80x80cm\/","og_site_name":"Eliassen.nl","article_publisher":"https:\/\/www.facebook.com\/TuincentrumEliassenAmmerzoden","article_modified_time":"2025-04-16T17:16:37+00:00","og_image":[{"width":630,"height":650,"url":"https:\/\/dev.eliassen.nl\/wp-content\/uploads\/2024\/10\/schilderij3dgroteklaproos80x80cm.jpg","type":"image\/jpeg"}],"twitter_card":"summary_large_image","schema":{"@context":"https:\/\/schema.org","@graph":[{"@type":"WebPage","@id":"https:\/\/dev.eliassen.nl\/de\/gemalde-3d-grosse-mohnblume-80x80cm\/","url":"https:\/\/dev.eliassen.nl\/de\/gemalde-3d-grosse-mohnblume-80x80cm\/","name":"Gem\u00e4lde 3D Gro\u00dfe Mohnblume 80x80cm - Eliassen.nl","isPartOf":{"@id":"https:\/\/dev.eliassen.nl\/de\/#website"},"primaryImageOfPage":{"@id":"https:\/\/dev.eliassen.nl\/de\/gemalde-3d-grosse-mohnblume-80x80cm\/#primaryimage"},"image":{"@id":"https:\/\/dev.eliassen.nl\/de\/gemalde-3d-grosse-mohnblume-80x80cm\/#primaryimage"},"thumbnailUrl":"https:\/\/dev.eliassen.nl\/wp-content\/uploads\/2024\/10\/schilderij3dgroteklaproos80x80cm.jpg","datePublished":"2024-04-10T08:30:26+00:00","dateModified":"2025-04-16T17:16:37+00:00","description":"Auf der Suche nach einem 3D-Metallgem\u00e4lde einer gro\u00dfen roten Mohnblume. Malen mit Charakter. Abmessungen 80x80cm. Schnelle Lieferung.","breadcrumb":{"@id":"https:\/\/dev.eliassen.nl\/de\/gemalde-3d-grosse-mohnblume-80x80cm\/#breadcrumb"},"inLanguage":"de","potentialAction":[{"@type":"ReadAction","target":["https:\/\/dev.eliassen.nl\/de\/gemalde-3d-grosse-mohnblume-80x80cm\/"]}]},{"@type":"ImageObject","inLanguage":"de","@id":"https:\/\/dev.eliassen.nl\/de\/gemalde-3d-grosse-mohnblume-80x80cm\/#primaryimage","url":"https:\/\/dev.eliassen.nl\/wp-content\/uploads\/2024\/10\/schilderij3dgroteklaproos80x80cm.jpg","contentUrl":"https:\/\/dev.eliassen.nl\/wp-content\/uploads\/2024\/10\/schilderij3dgroteklaproos80x80cm.jpg","width":630,"height":650,"caption":"schilderij-3d-grote-klaproos-80x80cm"},{"@type":"BreadcrumbList","@id":"https:\/\/dev.eliassen.nl\/de\/gemalde-3d-grosse-mohnblume-80x80cm\/#breadcrumb","itemListElement":[{"@type":"ListItem","position":1,"name":"Home","item":"https:\/\/dev.eliassen.nl\/de\/"},{"@type":"ListItem","position":2,"name":"Shop","item":"https:\/\/dev.eliassen.nl\/nl\/winkel\/"},{"@type":"ListItem","position":3,"name":"Gem\u00e4lde","item":"https:\/\/dev.eliassen.nl\/de\/gemaelde\/"},{"@type":"ListItem","position":4,"name":"3D-Gem\u00e4lde aus Metall","item":"https:\/\/dev.eliassen.nl\/de\/gemaelde\/3d-gemaelde-aus-metall\/"},{"@type":"ListItem","position":5,"name":"3D-Gem\u00e4lde aus Metall im Format 80x80cm","item":"https:\/\/dev.eliassen.nl\/de\/gemaelde\/3d-gemaelde-aus-metall\/3d-gemaelde-aus-metall-im-format-80x80cm\/"},{"@type":"ListItem","position":6,"name":"Gem\u00e4lde 3D Gro\u00dfe Mohnblume 80x80cm"}]},{"@type":"WebSite","@id":"https:\/\/dev.eliassen.nl\/de\/#website","url":"https:\/\/dev.eliassen.nl\/de\/","name":"Eliassen Home & Garden Pleasure","description":"","publisher":{"@id":"https:\/\/dev.eliassen.nl\/de\/#organization"},"alternateName":"Eliassen.nl","potentialAction":[{"@type":"SearchAction","target":{"@type":"EntryPoint","urlTemplate":"https:\/\/dev.eliassen.nl\/de\/?s={search_term_string}"},"query-input":{"@type":"PropertyValueSpecification","valueRequired":true,"valueName":"search_term_string"}}],"inLanguage":"de"},{"@type":"Organization","@id":"https:\/\/dev.eliassen.nl\/de\/#organization","name":"Eliassen Home & Garden Pleasure","url":"https:\/\/dev.eliassen.nl\/de\/","logo":{"@type":"ImageObject","inLanguage":"de","@id":"https:\/\/dev.eliassen.nl\/de\/#\/schema\/logo\/image\/","url":"https:\/\/www.eliassen.nl\/wp-content\/uploads\/2024\/01\/logo_4nd.jpg","contentUrl":"https:\/\/www.eliassen.nl\/wp-content\/uploads\/2024\/01\/logo_4nd.jpg","width":500,"height":500,"caption":"Eliassen Home & Garden Pleasure"},"image":{"@id":"https:\/\/dev.eliassen.nl\/de\/#\/schema\/logo\/image\/"},"sameAs":["https:\/\/www.facebook.com\/TuincentrumEliassenAmmerzoden","https:\/\/www.instagram.com\/eliassenhomeandgarden\/","https:\/\/nl.pinterest.com\/eliassenhomeandgarden\/","https:\/\/www.youtube.com\/@eliassenhomegardenpleasure4558"]}]}},"df_price":169,"df_sale_price":"","df_regular_price":169,"df_image_link":"https:\/\/dev.eliassen.nl\/wp-content\/uploads\/2024\/10\/schilderij3dgroteklaproos80x80cm.jpg","image":"https:\/\/dev.eliassen.nl\/wp-content\/uploads\/2024\/10\/schilderij3dgroteklaproos80x80cm.jpg","price_search":"<span class=\"woocommerce-Price-amount amount\"><bdi><span class=\"woocommerce-Price-currencySymbol\">&euro;<\/span>&nbsp;169,00<\/bdi><\/span>","category":"3D-Gem\u00e4lde aus Metall","_links":{"self":[{"href":"https:\/\/dev.eliassen.nl\/de\/wp-json\/wp\/v2\/product\/152696","targetHints":{"allow":["GET"]}}],"collection":[{"href":"https:\/\/dev.eliassen.nl\/de\/wp-json\/wp\/v2\/product"}],"about":[{"href":"https:\/\/dev.eliassen.nl\/de\/wp-json\/wp\/v2\/types\/product"}],"wp:featuredmedia":[{"embeddable":true,"href":"https:\/\/dev.eliassen.nl\/de\/wp-json\/wp\/v2\/media\/152684"}],"wp:attachment":[{"href":"https:\/\/dev.eliassen.nl\/de\/wp-json\/wp\/v2\/media?parent=152696"}],"wp:term":[{"taxonomy":"product_brand","embeddable":true,"href":"https:\/\/dev.eliassen.nl\/de\/wp-json\/wp\/v2\/product_brand?post=152696"},{"taxonomy":"product_cat","embeddable":true,"href":"https:\/\/dev.eliassen.nl\/de\/wp-json\/wp\/v2\/product_cat?post=152696"},{"taxonomy":"product_tag","embeddable":true,"href":"https:\/\/dev.eliassen.nl\/de\/wp-json\/wp\/v2\/product_tag?post=152696"}],"curies":[{"name":"wp","href":"https:\/\/api.w.org\/{rel}","templated":true}]}}