{"id":152711,"date":"2024-04-10T10:31:46","date_gmt":"2024-04-10T08:31:46","guid":{"rendered":"https:\/\/www.eliassen.nl\/?product=schilderij-3d-grote-roos-90x60cm"},"modified":"2024-12-05T17:07:15","modified_gmt":"2024-12-05T16:07:15","slug":"gemalde-3d-grosse-rose-90x60cm","status":"publish","type":"product","link":"https:\/\/dev.eliassen.nl\/de\/gemalde-3d-grosse-rose-90x60cm\/","title":{"rendered":"Gem\u00e4lde 3D Gro\u00dfe Rose 90x60cm"},"content":{"rendered":"<p>Ihr Zuhause wird mit dieser farbenfrohen Wanddekoration einer gro\u00dfen roten Rose wundersch\u00f6n aussehen.<br \/>Dieses 3D-Gem\u00e4lde aus Metall ist vollst\u00e4ndig von Hand gefertigt. Alles an dieser Wanddekoration besteht aus Metall, der Hintergrund und auch die Figur.<\/p>\n<p>Da es von Hand bemalt und hergestellt wird, kann die Farbe leicht vom Foto abweichen, sie sind nie genau gleich. Diese leicht groben Gem\u00e4lde k\u00f6nnen immer kleinere Abweichungen enthalten, manchmal wird dies sogar bewusst gemacht, um die raue Atmosph\u00e4re zu erzeugen.<\/p>\n<p><strong>Wir haben auch fast die gesamte Kollektion dieser Serie in unserem Shop.<\/strong> <strong>Nirgendwo sonst finden Sie eine so gro\u00dfe Sammlung. Gern geschehen.<\/strong><\/p>\n<ul>\n<li>Gr\u00f6\u00dfe 60x90cm<\/li>\n<li>Einfache Aufh\u00e4ngung mit 2 Schrauben<\/li>\n<li>Schnell geliefert<\/li>\n<li>Gr\u00f6\u00dfte Sammlung in den Benelux-L\u00e4ndern, die auch live besichtigt werden kann!<\/li>\n<\/ul>\n","protected":false},"excerpt":{"rendered":"<p>Buntes Metallgem\u00e4lde mit 3D-Effekt. Abmessungen 60x90cm hoch.<\/p>\n","protected":false},"featured_media":152699,"template":"","meta":{"_acf_changed":false},"product_brand":[],"product_cat":[419,440,410],"product_tag":[],"class_list":{"0":"post-152711","1":"product","2":"type-product","3":"status-publish","4":"has-post-thumbnail","6":"product_cat-3d-gemaelde-aus-metall","7":"product_cat-andere-groessen-3d-gemaelde-aus-metall","8":"product_cat-gemaelde","10":"first","11":"instock","12":"taxable","13":"shipping-taxable","14":"purchasable","15":"product-type-simple"},"acf":[],"yoast_head":"<!-- This site is optimized with the Yoast SEO plugin v23.8 - https:\/\/yoast.com\/wordpress\/plugins\/seo\/ -->\n<title>Gem\u00e4lde 3D Gro\u00dfe Rose 90x60cm - Eliassen.nl<\/title>\n<meta name=\"description\" content=\"3D-Metallgem\u00e4lde einer gro\u00dfen roten Rose. Eine farbenfrohe Szene f\u00fcr die Wand. Abmessungen 60x90cm. Schnelle Lieferung.\" \/>\n<meta name=\"robots\" content=\"noindex, follow, max-snippet:-1, max-image-preview:large, max-video-preview:-1\" \/>\n<meta property=\"og:locale\" content=\"de_DE\" \/>\n<meta property=\"og:type\" content=\"article\" \/>\n<meta property=\"og:title\" content=\"Gem\u00e4lde 3D Gro\u00dfe Rose 90x60cm - Eliassen.nl\" \/>\n<meta property=\"og:description\" content=\"3D-Metallgem\u00e4lde einer gro\u00dfen roten Rose. Eine farbenfrohe Szene f\u00fcr die Wand. Abmessungen 60x90cm. Schnelle Lieferung.\" \/>\n<meta property=\"og:url\" content=\"https:\/\/dev.eliassen.nl\/de\/gemalde-3d-grosse-rose-90x60cm\/\" \/>\n<meta property=\"og:site_name\" content=\"Eliassen.nl\" \/>\n<meta property=\"article:publisher\" content=\"https:\/\/www.facebook.com\/TuincentrumEliassenAmmerzoden\" \/>\n<meta property=\"article:modified_time\" content=\"2024-12-05T16:07:15+00:00\" \/>\n<meta property=\"og:image\" content=\"https:\/\/dev.eliassen.nl\/wp-content\/uploads\/2024\/10\/schilderij3dgroteroos90x60cm.jpg\" \/>\n\t<meta property=\"og:image:width\" content=\"555\" \/>\n\t<meta property=\"og:image:height\" content=\"861\" \/>\n\t<meta property=\"og:image:type\" content=\"image\/jpeg\" \/>\n<meta name=\"twitter:card\" content=\"summary_large_image\" \/>\n<script type=\"application\/ld+json\" class=\"yoast-schema-graph\">{\"@context\":\"https:\/\/schema.org\",\"@graph\":[{\"@type\":\"WebPage\",\"@id\":\"https:\/\/dev.eliassen.nl\/de\/gemalde-3d-grosse-rose-90x60cm\/\",\"url\":\"https:\/\/dev.eliassen.nl\/de\/gemalde-3d-grosse-rose-90x60cm\/\",\"name\":\"Gem\u00e4lde 3D Gro\u00dfe Rose 90x60cm - Eliassen.nl\",\"isPartOf\":{\"@id\":\"https:\/\/dev.eliassen.nl\/de\/#website\"},\"primaryImageOfPage\":{\"@id\":\"https:\/\/dev.eliassen.nl\/de\/gemalde-3d-grosse-rose-90x60cm\/#primaryimage\"},\"image\":{\"@id\":\"https:\/\/dev.eliassen.nl\/de\/gemalde-3d-grosse-rose-90x60cm\/#primaryimage\"},\"thumbnailUrl\":\"https:\/\/dev.eliassen.nl\/wp-content\/uploads\/2024\/10\/schilderij3dgroteroos90x60cm.jpg\",\"datePublished\":\"2024-04-10T08:31:46+00:00\",\"dateModified\":\"2024-12-05T16:07:15+00:00\",\"description\":\"3D-Metallgem\u00e4lde einer gro\u00dfen roten Rose. Eine farbenfrohe Szene f\u00fcr die Wand. Abmessungen 60x90cm. Schnelle Lieferung.\",\"breadcrumb\":{\"@id\":\"https:\/\/dev.eliassen.nl\/de\/gemalde-3d-grosse-rose-90x60cm\/#breadcrumb\"},\"inLanguage\":\"de\",\"potentialAction\":[{\"@type\":\"ReadAction\",\"target\":[\"https:\/\/dev.eliassen.nl\/de\/gemalde-3d-grosse-rose-90x60cm\/\"]}]},{\"@type\":\"ImageObject\",\"inLanguage\":\"de\",\"@id\":\"https:\/\/dev.eliassen.nl\/de\/gemalde-3d-grosse-rose-90x60cm\/#primaryimage\",\"url\":\"https:\/\/dev.eliassen.nl\/wp-content\/uploads\/2024\/10\/schilderij3dgroteroos90x60cm.jpg\",\"contentUrl\":\"https:\/\/dev.eliassen.nl\/wp-content\/uploads\/2024\/10\/schilderij3dgroteroos90x60cm.jpg\",\"width\":555,\"height\":861,\"caption\":\"schilderij-3d-grote-roos-90x60cm\"},{\"@type\":\"BreadcrumbList\",\"@id\":\"https:\/\/dev.eliassen.nl\/de\/gemalde-3d-grosse-rose-90x60cm\/#breadcrumb\",\"itemListElement\":[{\"@type\":\"ListItem\",\"position\":1,\"name\":\"Home\",\"item\":\"https:\/\/dev.eliassen.nl\/de\/\"},{\"@type\":\"ListItem\",\"position\":2,\"name\":\"Shop\",\"item\":\"https:\/\/dev.eliassen.nl\/nl\/winkel\/\"},{\"@type\":\"ListItem\",\"position\":3,\"name\":\"Gem\u00e4lde\",\"item\":\"https:\/\/dev.eliassen.nl\/de\/gemaelde\/\"},{\"@type\":\"ListItem\",\"position\":4,\"name\":\"3D-Gem\u00e4lde aus Metall\",\"item\":\"https:\/\/dev.eliassen.nl\/de\/gemaelde\/3d-gemaelde-aus-metall\/\"},{\"@type\":\"ListItem\",\"position\":5,\"name\":\"Andere Gr\u00f6\u00dfen 3D-Gem\u00e4lde aus Metall\",\"item\":\"https:\/\/dev.eliassen.nl\/de\/gemaelde\/3d-gemaelde-aus-metall\/andere-groessen-3d-gemaelde-aus-metall\/\"},{\"@type\":\"ListItem\",\"position\":6,\"name\":\"Gem\u00e4lde 3D Gro\u00dfe Rose 90x60cm\"}]},{\"@type\":\"WebSite\",\"@id\":\"https:\/\/dev.eliassen.nl\/de\/#website\",\"url\":\"https:\/\/dev.eliassen.nl\/de\/\",\"name\":\"Eliassen Home & Garden Pleasure\",\"description\":\"\",\"publisher\":{\"@id\":\"https:\/\/dev.eliassen.nl\/de\/#organization\"},\"alternateName\":\"Eliassen.nl\",\"potentialAction\":[{\"@type\":\"SearchAction\",\"target\":{\"@type\":\"EntryPoint\",\"urlTemplate\":\"https:\/\/dev.eliassen.nl\/de\/?s={search_term_string}\"},\"query-input\":{\"@type\":\"PropertyValueSpecification\",\"valueRequired\":true,\"valueName\":\"search_term_string\"}}],\"inLanguage\":\"de\"},{\"@type\":\"Organization\",\"@id\":\"https:\/\/dev.eliassen.nl\/de\/#organization\",\"name\":\"Eliassen Home & Garden Pleasure\",\"url\":\"https:\/\/dev.eliassen.nl\/de\/\",\"logo\":{\"@type\":\"ImageObject\",\"inLanguage\":\"de\",\"@id\":\"https:\/\/dev.eliassen.nl\/de\/#\/schema\/logo\/image\/\",\"url\":\"https:\/\/www.eliassen.nl\/wp-content\/uploads\/2024\/01\/logo_4nd.jpg\",\"contentUrl\":\"https:\/\/www.eliassen.nl\/wp-content\/uploads\/2024\/01\/logo_4nd.jpg\",\"width\":500,\"height\":500,\"caption\":\"Eliassen Home & Garden Pleasure\"},\"image\":{\"@id\":\"https:\/\/dev.eliassen.nl\/de\/#\/schema\/logo\/image\/\"},\"sameAs\":[\"https:\/\/www.facebook.com\/TuincentrumEliassenAmmerzoden\",\"https:\/\/www.instagram.com\/eliassenhomeandgarden\/\",\"https:\/\/nl.pinterest.com\/eliassenhomeandgarden\/\",\"https:\/\/www.youtube.com\/@eliassenhomegardenpleasure4558\"]}]}<\/script>\n<!-- \/ Yoast SEO plugin. -->","yoast_head_json":{"title":"Gem\u00e4lde 3D Gro\u00dfe Rose 90x60cm - Eliassen.nl","description":"3D-Metallgem\u00e4lde einer gro\u00dfen roten Rose. Eine farbenfrohe Szene f\u00fcr die Wand. Abmessungen 60x90cm. Schnelle Lieferung.","robots":{"index":"noindex","follow":"follow","max-snippet":"max-snippet:-1","max-image-preview":"max-image-preview:large","max-video-preview":"max-video-preview:-1"},"og_locale":"de_DE","og_type":"article","og_title":"Gem\u00e4lde 3D Gro\u00dfe Rose 90x60cm - Eliassen.nl","og_description":"3D-Metallgem\u00e4lde einer gro\u00dfen roten Rose. Eine farbenfrohe Szene f\u00fcr die Wand. Abmessungen 60x90cm. Schnelle Lieferung.","og_url":"https:\/\/dev.eliassen.nl\/de\/gemalde-3d-grosse-rose-90x60cm\/","og_site_name":"Eliassen.nl","article_publisher":"https:\/\/www.facebook.com\/TuincentrumEliassenAmmerzoden","article_modified_time":"2024-12-05T16:07:15+00:00","og_image":[{"width":555,"height":861,"url":"https:\/\/dev.eliassen.nl\/wp-content\/uploads\/2024\/10\/schilderij3dgroteroos90x60cm.jpg","type":"image\/jpeg"}],"twitter_card":"summary_large_image","schema":{"@context":"https:\/\/schema.org","@graph":[{"@type":"WebPage","@id":"https:\/\/dev.eliassen.nl\/de\/gemalde-3d-grosse-rose-90x60cm\/","url":"https:\/\/dev.eliassen.nl\/de\/gemalde-3d-grosse-rose-90x60cm\/","name":"Gem\u00e4lde 3D Gro\u00dfe Rose 90x60cm - Eliassen.nl","isPartOf":{"@id":"https:\/\/dev.eliassen.nl\/de\/#website"},"primaryImageOfPage":{"@id":"https:\/\/dev.eliassen.nl\/de\/gemalde-3d-grosse-rose-90x60cm\/#primaryimage"},"image":{"@id":"https:\/\/dev.eliassen.nl\/de\/gemalde-3d-grosse-rose-90x60cm\/#primaryimage"},"thumbnailUrl":"https:\/\/dev.eliassen.nl\/wp-content\/uploads\/2024\/10\/schilderij3dgroteroos90x60cm.jpg","datePublished":"2024-04-10T08:31:46+00:00","dateModified":"2024-12-05T16:07:15+00:00","description":"3D-Metallgem\u00e4lde einer gro\u00dfen roten Rose. Eine farbenfrohe Szene f\u00fcr die Wand. Abmessungen 60x90cm. Schnelle Lieferung.","breadcrumb":{"@id":"https:\/\/dev.eliassen.nl\/de\/gemalde-3d-grosse-rose-90x60cm\/#breadcrumb"},"inLanguage":"de","potentialAction":[{"@type":"ReadAction","target":["https:\/\/dev.eliassen.nl\/de\/gemalde-3d-grosse-rose-90x60cm\/"]}]},{"@type":"ImageObject","inLanguage":"de","@id":"https:\/\/dev.eliassen.nl\/de\/gemalde-3d-grosse-rose-90x60cm\/#primaryimage","url":"https:\/\/dev.eliassen.nl\/wp-content\/uploads\/2024\/10\/schilderij3dgroteroos90x60cm.jpg","contentUrl":"https:\/\/dev.eliassen.nl\/wp-content\/uploads\/2024\/10\/schilderij3dgroteroos90x60cm.jpg","width":555,"height":861,"caption":"schilderij-3d-grote-roos-90x60cm"},{"@type":"BreadcrumbList","@id":"https:\/\/dev.eliassen.nl\/de\/gemalde-3d-grosse-rose-90x60cm\/#breadcrumb","itemListElement":[{"@type":"ListItem","position":1,"name":"Home","item":"https:\/\/dev.eliassen.nl\/de\/"},{"@type":"ListItem","position":2,"name":"Shop","item":"https:\/\/dev.eliassen.nl\/nl\/winkel\/"},{"@type":"ListItem","position":3,"name":"Gem\u00e4lde","item":"https:\/\/dev.eliassen.nl\/de\/gemaelde\/"},{"@type":"ListItem","position":4,"name":"3D-Gem\u00e4lde aus Metall","item":"https:\/\/dev.eliassen.nl\/de\/gemaelde\/3d-gemaelde-aus-metall\/"},{"@type":"ListItem","position":5,"name":"Andere Gr\u00f6\u00dfen 3D-Gem\u00e4lde aus Metall","item":"https:\/\/dev.eliassen.nl\/de\/gemaelde\/3d-gemaelde-aus-metall\/andere-groessen-3d-gemaelde-aus-metall\/"},{"@type":"ListItem","position":6,"name":"Gem\u00e4lde 3D Gro\u00dfe Rose 90x60cm"}]},{"@type":"WebSite","@id":"https:\/\/dev.eliassen.nl\/de\/#website","url":"https:\/\/dev.eliassen.nl\/de\/","name":"Eliassen Home & Garden Pleasure","description":"","publisher":{"@id":"https:\/\/dev.eliassen.nl\/de\/#organization"},"alternateName":"Eliassen.nl","potentialAction":[{"@type":"SearchAction","target":{"@type":"EntryPoint","urlTemplate":"https:\/\/dev.eliassen.nl\/de\/?s={search_term_string}"},"query-input":{"@type":"PropertyValueSpecification","valueRequired":true,"valueName":"search_term_string"}}],"inLanguage":"de"},{"@type":"Organization","@id":"https:\/\/dev.eliassen.nl\/de\/#organization","name":"Eliassen Home & Garden Pleasure","url":"https:\/\/dev.eliassen.nl\/de\/","logo":{"@type":"ImageObject","inLanguage":"de","@id":"https:\/\/dev.eliassen.nl\/de\/#\/schema\/logo\/image\/","url":"https:\/\/www.eliassen.nl\/wp-content\/uploads\/2024\/01\/logo_4nd.jpg","contentUrl":"https:\/\/www.eliassen.nl\/wp-content\/uploads\/2024\/01\/logo_4nd.jpg","width":500,"height":500,"caption":"Eliassen Home & Garden Pleasure"},"image":{"@id":"https:\/\/dev.eliassen.nl\/de\/#\/schema\/logo\/image\/"},"sameAs":["https:\/\/www.facebook.com\/TuincentrumEliassenAmmerzoden","https:\/\/www.instagram.com\/eliassenhomeandgarden\/","https:\/\/nl.pinterest.com\/eliassenhomeandgarden\/","https:\/\/www.youtube.com\/@eliassenhomegardenpleasure4558"]}]}},"df_price":169,"df_sale_price":"","df_regular_price":169,"df_image_link":"https:\/\/dev.eliassen.nl\/wp-content\/uploads\/2024\/10\/schilderij3dgroteroos90x60cm.jpg","image":"https:\/\/dev.eliassen.nl\/wp-content\/uploads\/2024\/10\/schilderij3dgroteroos90x60cm.jpg","price_search":"<span class=\"woocommerce-Price-amount amount\"><bdi><span class=\"woocommerce-Price-currencySymbol\">&euro;<\/span>&nbsp;169,00<\/bdi><\/span>","category":"3D-Gem\u00e4lde aus Metall","_links":{"self":[{"href":"https:\/\/dev.eliassen.nl\/de\/wp-json\/wp\/v2\/product\/152711","targetHints":{"allow":["GET"]}}],"collection":[{"href":"https:\/\/dev.eliassen.nl\/de\/wp-json\/wp\/v2\/product"}],"about":[{"href":"https:\/\/dev.eliassen.nl\/de\/wp-json\/wp\/v2\/types\/product"}],"wp:featuredmedia":[{"embeddable":true,"href":"https:\/\/dev.eliassen.nl\/de\/wp-json\/wp\/v2\/media\/152699"}],"wp:attachment":[{"href":"https:\/\/dev.eliassen.nl\/de\/wp-json\/wp\/v2\/media?parent=152711"}],"wp:term":[{"taxonomy":"product_brand","embeddable":true,"href":"https:\/\/dev.eliassen.nl\/de\/wp-json\/wp\/v2\/product_brand?post=152711"},{"taxonomy":"product_cat","embeddable":true,"href":"https:\/\/dev.eliassen.nl\/de\/wp-json\/wp\/v2\/product_cat?post=152711"},{"taxonomy":"product_tag","embeddable":true,"href":"https:\/\/dev.eliassen.nl\/de\/wp-json\/wp\/v2\/product_tag?post=152711"}],"curies":[{"name":"wp","href":"https:\/\/api.w.org\/{rel}","templated":true}]}}