{"id":152813,"date":"2024-04-11T11:15:04","date_gmt":"2024-04-11T09:15:04","guid":{"rendered":"https:\/\/www.eliassen.nl\/?product=tuinvaas-franse-chateau-antraciet-55cm"},"modified":"2024-12-05T17:07:30","modified_gmt":"2024-12-05T16:07:30","slug":"gartenvase-french-chateau-anthrazit-55cm","status":"publish","type":"product","link":"https:\/\/dev.eliassen.nl\/de\/gartenvase-french-chateau-anthrazit-55cm\/","title":{"rendered":"Gartenvase French Chateau Anthrazit 55cm"},"content":{"rendered":"<p>Wenn Sie eine gro\u00dfe dunkelgraue Blumenvase w\u00fcnschen, die sehr stabil, farbecht und leicht ist, dann ist die Wahl f\u00fcr diese Gartenvase schnell gefallen. Diese zweiteilige franz\u00f6sische Vase ist kaum von der echten Vase zu unterscheiden, Farbe und Aussehen entsprechen exakt einer Steinvase.<\/p>\n<p>Diese Pflanzenvase eignet sich f\u00fcr die Platzierung im Innen- und Au\u00dfenbereich. Wenn Sie sie im Garten verwenden, vergessen Sie nicht, L\u00f6cher in den Boden zu bohren. Da dieser Topf viel Weichmacher enth\u00e4lt, m\u00fcssen Sie bei diesem Topf keine Angst vor spontanen Rissen haben.<\/p>\n<ul>\n<li>Leicht<\/li>\n<li>Gr\u00f6\u00dfe \u00fcber Durchmesser 40, Gesamth\u00f6he 55 cm<\/li>\n<li>Naturgetreue Reproduktion<\/li>\n<li>F\u00fcr drinnen und drau\u00dfen<\/li>\n<li>Farbecht<\/li>\n<li>1 Jahr Garantie<\/li>\n<li><strong>Material: langlebiger recycelter Kunststoff<\/strong><\/li>\n<li>F\u00fcr den Au\u00dfenbereich L\u00f6cher in den Boden bohren<\/li>\n<\/ul>\n","protected":false},"excerpt":{"rendered":"<p>Gro\u00dfe und g\u00fcnstige franz\u00f6sische Vase<\/p>\n","protected":false},"featured_media":152801,"template":"","meta":{"_acf_changed":false},"product_brand":[],"product_cat":[722,740,1427],"product_tag":[],"class_list":{"0":"post-152813","1":"product","2":"type-product","3":"status-publish","4":"has-post-thumbnail","6":"product_cat-blumentoepfe-und-pflanzgefaesse","7":"product_cat-pflanzkuebel-fuer-den-aussenbereich-gross-leicht","8":"product_cat-tuinvazen-fiberclay","10":"first","11":"instock","12":"featured","13":"taxable","14":"shipping-taxable","15":"purchasable","16":"product-type-simple"},"acf":[],"yoast_head":"<!-- This site is optimized with the Yoast SEO plugin v23.8 - https:\/\/yoast.com\/wordpress\/plugins\/seo\/ -->\n<title>Tuinvaas franse Chateau antraciet 55cm<\/title>\n<meta name=\"description\" content=\"Goedkope grote potten en schalen, bekijk snel in de webshop van Eliassen.nl, of kom ze live afhalen !\" \/>\n<meta name=\"robots\" content=\"noindex, follow, max-snippet:-1, max-image-preview:large, max-video-preview:-1\" \/>\n<meta property=\"og:locale\" content=\"de_DE\" \/>\n<meta property=\"og:type\" content=\"article\" \/>\n<meta property=\"og:title\" content=\"Tuinvaas franse Chateau antraciet 55cm\" \/>\n<meta property=\"og:description\" content=\"Goedkope grote potten en schalen, bekijk snel in de webshop van Eliassen.nl, of kom ze live afhalen !\" \/>\n<meta property=\"og:url\" content=\"https:\/\/dev.eliassen.nl\/de\/gartenvase-french-chateau-anthrazit-55cm\/\" \/>\n<meta property=\"og:site_name\" content=\"Eliassen.nl\" \/>\n<meta property=\"article:publisher\" content=\"https:\/\/www.facebook.com\/TuincentrumEliassenAmmerzoden\" \/>\n<meta property=\"article:modified_time\" content=\"2024-12-05T16:07:30+00:00\" \/>\n<meta property=\"og:image\" content=\"https:\/\/dev.eliassen.nl\/wp-content\/uploads\/2024\/10\/fransetuinvaaschateauantracieteliassennl.jpg\" \/>\n\t<meta property=\"og:image:width\" content=\"1090\" \/>\n\t<meta property=\"og:image:height\" content=\"1600\" \/>\n\t<meta property=\"og:image:type\" content=\"image\/jpeg\" \/>\n<meta name=\"twitter:card\" content=\"summary_large_image\" \/>\n<script type=\"application\/ld+json\" class=\"yoast-schema-graph\">{\"@context\":\"https:\/\/schema.org\",\"@graph\":[{\"@type\":\"WebPage\",\"@id\":\"https:\/\/dev.eliassen.nl\/de\/gartenvase-french-chateau-anthrazit-55cm\/\",\"url\":\"https:\/\/dev.eliassen.nl\/de\/gartenvase-french-chateau-anthrazit-55cm\/\",\"name\":\"Tuinvaas franse Chateau antraciet 55cm\",\"isPartOf\":{\"@id\":\"https:\/\/dev.eliassen.nl\/de\/#website\"},\"primaryImageOfPage\":{\"@id\":\"https:\/\/dev.eliassen.nl\/de\/gartenvase-french-chateau-anthrazit-55cm\/#primaryimage\"},\"image\":{\"@id\":\"https:\/\/dev.eliassen.nl\/de\/gartenvase-french-chateau-anthrazit-55cm\/#primaryimage\"},\"thumbnailUrl\":\"https:\/\/dev.eliassen.nl\/wp-content\/uploads\/2024\/10\/fransetuinvaaschateauantracieteliassennl.jpg\",\"datePublished\":\"2024-04-11T09:15:04+00:00\",\"dateModified\":\"2024-12-05T16:07:30+00:00\",\"description\":\"Goedkope grote potten en schalen, bekijk snel in de webshop van Eliassen.nl, of kom ze live afhalen !\",\"breadcrumb\":{\"@id\":\"https:\/\/dev.eliassen.nl\/de\/gartenvase-french-chateau-anthrazit-55cm\/#breadcrumb\"},\"inLanguage\":\"de\",\"potentialAction\":[{\"@type\":\"ReadAction\",\"target\":[\"https:\/\/dev.eliassen.nl\/de\/gartenvase-french-chateau-anthrazit-55cm\/\"]}]},{\"@type\":\"ImageObject\",\"inLanguage\":\"de\",\"@id\":\"https:\/\/dev.eliassen.nl\/de\/gartenvase-french-chateau-anthrazit-55cm\/#primaryimage\",\"url\":\"https:\/\/dev.eliassen.nl\/wp-content\/uploads\/2024\/10\/fransetuinvaaschateauantracieteliassennl.jpg\",\"contentUrl\":\"https:\/\/dev.eliassen.nl\/wp-content\/uploads\/2024\/10\/fransetuinvaaschateauantracieteliassennl.jpg\",\"width\":1090,\"height\":1600,\"caption\":\"Franse tuinvaas Chateau antraciet Eliassen.nl\"},{\"@type\":\"BreadcrumbList\",\"@id\":\"https:\/\/dev.eliassen.nl\/de\/gartenvase-french-chateau-anthrazit-55cm\/#breadcrumb\",\"itemListElement\":[{\"@type\":\"ListItem\",\"position\":1,\"name\":\"Home\",\"item\":\"https:\/\/dev.eliassen.nl\/de\/\"},{\"@type\":\"ListItem\",\"position\":2,\"name\":\"Shop\",\"item\":\"https:\/\/dev.eliassen.nl\/nl\/winkel\/\"},{\"@type\":\"ListItem\",\"position\":3,\"name\":\"Blument\u00f6pfe und Pflanzgef\u00e4\u00dfe\",\"item\":\"https:\/\/dev.eliassen.nl\/de\/blumentoepfe-und-pflanzgefaesse\/\"},{\"@type\":\"ListItem\",\"position\":4,\"name\":\"Klassieke tuinvazen\",\"item\":\"https:\/\/dev.eliassen.nl\/nl\/bloempotten-en-bloembakken\/klassieke-tuinvazen\/\"},{\"@type\":\"ListItem\",\"position\":5,\"name\":\"Tuinvazen fiberclay\",\"item\":\"https:\/\/dev.eliassen.nl\/de\/blumentoepfe-und-pflanzgefaesse\/klassische-gartenvasen\/tuinvazen-fiberclay\/\"},{\"@type\":\"ListItem\",\"position\":6,\"name\":\"Gartenvase French Chateau Anthrazit 55cm\"}]},{\"@type\":\"WebSite\",\"@id\":\"https:\/\/dev.eliassen.nl\/de\/#website\",\"url\":\"https:\/\/dev.eliassen.nl\/de\/\",\"name\":\"Eliassen Home & Garden Pleasure\",\"description\":\"\",\"publisher\":{\"@id\":\"https:\/\/dev.eliassen.nl\/de\/#organization\"},\"alternateName\":\"Eliassen.nl\",\"potentialAction\":[{\"@type\":\"SearchAction\",\"target\":{\"@type\":\"EntryPoint\",\"urlTemplate\":\"https:\/\/dev.eliassen.nl\/de\/?s={search_term_string}\"},\"query-input\":{\"@type\":\"PropertyValueSpecification\",\"valueRequired\":true,\"valueName\":\"search_term_string\"}}],\"inLanguage\":\"de\"},{\"@type\":\"Organization\",\"@id\":\"https:\/\/dev.eliassen.nl\/de\/#organization\",\"name\":\"Eliassen Home & Garden Pleasure\",\"url\":\"https:\/\/dev.eliassen.nl\/de\/\",\"logo\":{\"@type\":\"ImageObject\",\"inLanguage\":\"de\",\"@id\":\"https:\/\/dev.eliassen.nl\/de\/#\/schema\/logo\/image\/\",\"url\":\"https:\/\/www.eliassen.nl\/wp-content\/uploads\/2024\/01\/logo_4nd.jpg\",\"contentUrl\":\"https:\/\/www.eliassen.nl\/wp-content\/uploads\/2024\/01\/logo_4nd.jpg\",\"width\":500,\"height\":500,\"caption\":\"Eliassen Home & Garden Pleasure\"},\"image\":{\"@id\":\"https:\/\/dev.eliassen.nl\/de\/#\/schema\/logo\/image\/\"},\"sameAs\":[\"https:\/\/www.facebook.com\/TuincentrumEliassenAmmerzoden\",\"https:\/\/www.instagram.com\/eliassenhomeandgarden\/\",\"https:\/\/nl.pinterest.com\/eliassenhomeandgarden\/\",\"https:\/\/www.youtube.com\/@eliassenhomegardenpleasure4558\"]}]}<\/script>\n<!-- \/ Yoast SEO plugin. -->","yoast_head_json":{"title":"Tuinvaas franse Chateau antraciet 55cm","description":"Goedkope grote potten en schalen, bekijk snel in de webshop van Eliassen.nl, of kom ze live afhalen !","robots":{"index":"noindex","follow":"follow","max-snippet":"max-snippet:-1","max-image-preview":"max-image-preview:large","max-video-preview":"max-video-preview:-1"},"og_locale":"de_DE","og_type":"article","og_title":"Tuinvaas franse Chateau antraciet 55cm","og_description":"Goedkope grote potten en schalen, bekijk snel in de webshop van Eliassen.nl, of kom ze live afhalen !","og_url":"https:\/\/dev.eliassen.nl\/de\/gartenvase-french-chateau-anthrazit-55cm\/","og_site_name":"Eliassen.nl","article_publisher":"https:\/\/www.facebook.com\/TuincentrumEliassenAmmerzoden","article_modified_time":"2024-12-05T16:07:30+00:00","og_image":[{"width":1090,"height":1600,"url":"https:\/\/dev.eliassen.nl\/wp-content\/uploads\/2024\/10\/fransetuinvaaschateauantracieteliassennl.jpg","type":"image\/jpeg"}],"twitter_card":"summary_large_image","schema":{"@context":"https:\/\/schema.org","@graph":[{"@type":"WebPage","@id":"https:\/\/dev.eliassen.nl\/de\/gartenvase-french-chateau-anthrazit-55cm\/","url":"https:\/\/dev.eliassen.nl\/de\/gartenvase-french-chateau-anthrazit-55cm\/","name":"Tuinvaas franse Chateau antraciet 55cm","isPartOf":{"@id":"https:\/\/dev.eliassen.nl\/de\/#website"},"primaryImageOfPage":{"@id":"https:\/\/dev.eliassen.nl\/de\/gartenvase-french-chateau-anthrazit-55cm\/#primaryimage"},"image":{"@id":"https:\/\/dev.eliassen.nl\/de\/gartenvase-french-chateau-anthrazit-55cm\/#primaryimage"},"thumbnailUrl":"https:\/\/dev.eliassen.nl\/wp-content\/uploads\/2024\/10\/fransetuinvaaschateauantracieteliassennl.jpg","datePublished":"2024-04-11T09:15:04+00:00","dateModified":"2024-12-05T16:07:30+00:00","description":"Goedkope grote potten en schalen, bekijk snel in de webshop van Eliassen.nl, of kom ze live afhalen !","breadcrumb":{"@id":"https:\/\/dev.eliassen.nl\/de\/gartenvase-french-chateau-anthrazit-55cm\/#breadcrumb"},"inLanguage":"de","potentialAction":[{"@type":"ReadAction","target":["https:\/\/dev.eliassen.nl\/de\/gartenvase-french-chateau-anthrazit-55cm\/"]}]},{"@type":"ImageObject","inLanguage":"de","@id":"https:\/\/dev.eliassen.nl\/de\/gartenvase-french-chateau-anthrazit-55cm\/#primaryimage","url":"https:\/\/dev.eliassen.nl\/wp-content\/uploads\/2024\/10\/fransetuinvaaschateauantracieteliassennl.jpg","contentUrl":"https:\/\/dev.eliassen.nl\/wp-content\/uploads\/2024\/10\/fransetuinvaaschateauantracieteliassennl.jpg","width":1090,"height":1600,"caption":"Franse tuinvaas Chateau antraciet Eliassen.nl"},{"@type":"BreadcrumbList","@id":"https:\/\/dev.eliassen.nl\/de\/gartenvase-french-chateau-anthrazit-55cm\/#breadcrumb","itemListElement":[{"@type":"ListItem","position":1,"name":"Home","item":"https:\/\/dev.eliassen.nl\/de\/"},{"@type":"ListItem","position":2,"name":"Shop","item":"https:\/\/dev.eliassen.nl\/nl\/winkel\/"},{"@type":"ListItem","position":3,"name":"Blument\u00f6pfe und Pflanzgef\u00e4\u00dfe","item":"https:\/\/dev.eliassen.nl\/de\/blumentoepfe-und-pflanzgefaesse\/"},{"@type":"ListItem","position":4,"name":"Klassieke tuinvazen","item":"https:\/\/dev.eliassen.nl\/nl\/bloempotten-en-bloembakken\/klassieke-tuinvazen\/"},{"@type":"ListItem","position":5,"name":"Tuinvazen fiberclay","item":"https:\/\/dev.eliassen.nl\/de\/blumentoepfe-und-pflanzgefaesse\/klassische-gartenvasen\/tuinvazen-fiberclay\/"},{"@type":"ListItem","position":6,"name":"Gartenvase French Chateau Anthrazit 55cm"}]},{"@type":"WebSite","@id":"https:\/\/dev.eliassen.nl\/de\/#website","url":"https:\/\/dev.eliassen.nl\/de\/","name":"Eliassen Home & Garden Pleasure","description":"","publisher":{"@id":"https:\/\/dev.eliassen.nl\/de\/#organization"},"alternateName":"Eliassen.nl","potentialAction":[{"@type":"SearchAction","target":{"@type":"EntryPoint","urlTemplate":"https:\/\/dev.eliassen.nl\/de\/?s={search_term_string}"},"query-input":{"@type":"PropertyValueSpecification","valueRequired":true,"valueName":"search_term_string"}}],"inLanguage":"de"},{"@type":"Organization","@id":"https:\/\/dev.eliassen.nl\/de\/#organization","name":"Eliassen Home & Garden Pleasure","url":"https:\/\/dev.eliassen.nl\/de\/","logo":{"@type":"ImageObject","inLanguage":"de","@id":"https:\/\/dev.eliassen.nl\/de\/#\/schema\/logo\/image\/","url":"https:\/\/www.eliassen.nl\/wp-content\/uploads\/2024\/01\/logo_4nd.jpg","contentUrl":"https:\/\/www.eliassen.nl\/wp-content\/uploads\/2024\/01\/logo_4nd.jpg","width":500,"height":500,"caption":"Eliassen Home & Garden Pleasure"},"image":{"@id":"https:\/\/dev.eliassen.nl\/de\/#\/schema\/logo\/image\/"},"sameAs":["https:\/\/www.facebook.com\/TuincentrumEliassenAmmerzoden","https:\/\/www.instagram.com\/eliassenhomeandgarden\/","https:\/\/nl.pinterest.com\/eliassenhomeandgarden\/","https:\/\/www.youtube.com\/@eliassenhomegardenpleasure4558"]}]}},"df_price":29.95,"df_sale_price":"","df_regular_price":29.95,"df_image_link":"https:\/\/dev.eliassen.nl\/wp-content\/uploads\/2024\/10\/fransetuinvaaschateauantracieteliassennl.jpg","image":"https:\/\/dev.eliassen.nl\/wp-content\/uploads\/2024\/10\/fransetuinvaaschateauantracieteliassennl.jpg","price_search":"<span class=\"woocommerce-Price-amount amount\"><bdi><span class=\"woocommerce-Price-currencySymbol\">&euro;<\/span>&nbsp;29,95<\/bdi><\/span>","category":"Blument\u00f6pfe und Pflanzgef\u00e4\u00dfe","_links":{"self":[{"href":"https:\/\/dev.eliassen.nl\/de\/wp-json\/wp\/v2\/product\/152813","targetHints":{"allow":["GET"]}}],"collection":[{"href":"https:\/\/dev.eliassen.nl\/de\/wp-json\/wp\/v2\/product"}],"about":[{"href":"https:\/\/dev.eliassen.nl\/de\/wp-json\/wp\/v2\/types\/product"}],"wp:featuredmedia":[{"embeddable":true,"href":"https:\/\/dev.eliassen.nl\/de\/wp-json\/wp\/v2\/media\/152801"}],"wp:attachment":[{"href":"https:\/\/dev.eliassen.nl\/de\/wp-json\/wp\/v2\/media?parent=152813"}],"wp:term":[{"taxonomy":"product_brand","embeddable":true,"href":"https:\/\/dev.eliassen.nl\/de\/wp-json\/wp\/v2\/product_brand?post=152813"},{"taxonomy":"product_cat","embeddable":true,"href":"https:\/\/dev.eliassen.nl\/de\/wp-json\/wp\/v2\/product_cat?post=152813"},{"taxonomy":"product_tag","embeddable":true,"href":"https:\/\/dev.eliassen.nl\/de\/wp-json\/wp\/v2\/product_tag?post=152813"}],"curies":[{"name":"wp","href":"https:\/\/api.w.org\/{rel}","templated":true}]}}