{"id":152828,"date":"2024-04-11T11:19:37","date_gmt":"2024-04-11T09:19:37","guid":{"rendered":"https:\/\/www.eliassen.nl\/?product=plantenschaal-jarno-grijs-70cm"},"modified":"2024-12-05T17:07:31","modified_gmt":"2024-12-05T16:07:31","slug":"pflanzschale-jarno-oval-grau-70cm","status":"publish","type":"product","link":"https:\/\/dev.eliassen.nl\/de\/pflanzschale-jarno-oval-grau-70cm\/","title":{"rendered":"Pflanzschale Jarno oval grau 70cm"},"content":{"rendered":"<p>Wenn Sie eine gro\u00dfe ovale Pflanzschale in grauer Farbe w\u00fcnschen, die f\u00fcr praktisch alle Pflanzen geeignet ist, sehr stabil, farbecht und leicht ist, dann ist die Wahl f\u00fcr diesen Topf leicht getroffen. Man kann diese gro\u00dfe, leichte Sch\u00fcssel kaum vom Original unterscheiden, die Farbe und das Aussehen entsprechen genau einem Steintopf.<\/p>\n<p>Diese Pflanzschale eignet sich f\u00fcr die Platzierung im Innen- und Au\u00dfenbereich. Vergessen Sie bei der Verwendung im Garten nicht, L\u00f6cher in den Boden zu bohren. Da in diesem Topf viel Weichmacher verwendet wurde, m\u00fcssen Sie bei diesem Topf keine Angst vor spontanen Rissen haben.<\/p>\n<ul>\n<li>Leicht<\/li>\n<li>Gr\u00f6\u00dfe: L\u00e4nge 70 cm, Breite 38 cm und Gesamth\u00f6he 27 cm<\/li>\n<li>Naturgetreue Reproduktion<\/li>\n<li>F\u00fcr drinnen und drau\u00dfen<\/li>\n<li>Farbecht<\/li>\n<li>1 Jahr Garantie<\/li>\n<li><strong>Material: langlebiger recycelter Kunststoff<\/strong><\/li>\n<li>F\u00fcr den Au\u00dfenbereich L\u00f6cher in den Boden bohren<\/li>\n<\/ul>\n","protected":false},"excerpt":{"rendered":"<p>Sch\u00f6ne starke gro\u00dfe Pflanzschale<\/p>\n","protected":false},"featured_media":152816,"template":"","meta":{"_acf_changed":false},"product_brand":[],"product_cat":[722,740],"product_tag":[],"class_list":{"0":"post-152828","1":"product","2":"type-product","3":"status-publish","4":"has-post-thumbnail","6":"product_cat-blumentoepfe-und-pflanzgefaesse","7":"product_cat-pflanzkuebel-fuer-den-aussenbereich-gross-leicht","9":"first","10":"instock","11":"taxable","12":"shipping-taxable","13":"purchasable","14":"product-type-simple"},"acf":[],"yoast_head":"<!-- This site is optimized with the Yoast SEO plugin v23.8 - https:\/\/yoast.com\/wordpress\/plugins\/seo\/ -->\n<title>Plantenschaal Jarno grijs 70cm<\/title>\n<meta name=\"description\" content=\"Goedkope grote potten en schalen, bekijk snel in de webshop van Eliassen.nl, of kom ze live afhalen !\" \/>\n<meta name=\"robots\" content=\"noindex, follow, max-snippet:-1, max-image-preview:large, max-video-preview:-1\" \/>\n<meta property=\"og:locale\" content=\"de_DE\" \/>\n<meta property=\"og:type\" content=\"article\" \/>\n<meta property=\"og:title\" content=\"Plantenschaal Jarno grijs 70cm\" \/>\n<meta property=\"og:description\" content=\"Goedkope grote potten en schalen, bekijk snel in de webshop van Eliassen.nl, of kom ze live afhalen !\" \/>\n<meta property=\"og:url\" content=\"https:\/\/dev.eliassen.nl\/de\/pflanzschale-jarno-oval-grau-70cm\/\" \/>\n<meta property=\"og:site_name\" content=\"Eliassen.nl\" \/>\n<meta property=\"article:publisher\" content=\"https:\/\/www.facebook.com\/TuincentrumEliassenAmmerzoden\" \/>\n<meta property=\"article:modified_time\" content=\"2024-12-05T16:07:31+00:00\" \/>\n<meta property=\"og:image\" content=\"https:\/\/dev.eliassen.nl\/wp-content\/uploads\/2024\/10\/plantenschaaljarnoeliassennl.jpg\" \/>\n\t<meta property=\"og:image:width\" content=\"1600\" \/>\n\t<meta property=\"og:image:height\" content=\"701\" \/>\n\t<meta property=\"og:image:type\" content=\"image\/jpeg\" \/>\n<meta name=\"twitter:card\" content=\"summary_large_image\" \/>\n<script type=\"application\/ld+json\" class=\"yoast-schema-graph\">{\"@context\":\"https:\/\/schema.org\",\"@graph\":[{\"@type\":\"WebPage\",\"@id\":\"https:\/\/dev.eliassen.nl\/de\/pflanzschale-jarno-oval-grau-70cm\/\",\"url\":\"https:\/\/dev.eliassen.nl\/de\/pflanzschale-jarno-oval-grau-70cm\/\",\"name\":\"Plantenschaal Jarno grijs 70cm\",\"isPartOf\":{\"@id\":\"https:\/\/dev.eliassen.nl\/de\/#website\"},\"primaryImageOfPage\":{\"@id\":\"https:\/\/dev.eliassen.nl\/de\/pflanzschale-jarno-oval-grau-70cm\/#primaryimage\"},\"image\":{\"@id\":\"https:\/\/dev.eliassen.nl\/de\/pflanzschale-jarno-oval-grau-70cm\/#primaryimage\"},\"thumbnailUrl\":\"https:\/\/dev.eliassen.nl\/wp-content\/uploads\/2024\/10\/plantenschaaljarnoeliassennl.jpg\",\"datePublished\":\"2024-04-11T09:19:37+00:00\",\"dateModified\":\"2024-12-05T16:07:31+00:00\",\"description\":\"Goedkope grote potten en schalen, bekijk snel in de webshop van Eliassen.nl, of kom ze live afhalen !\",\"breadcrumb\":{\"@id\":\"https:\/\/dev.eliassen.nl\/de\/pflanzschale-jarno-oval-grau-70cm\/#breadcrumb\"},\"inLanguage\":\"de\",\"potentialAction\":[{\"@type\":\"ReadAction\",\"target\":[\"https:\/\/dev.eliassen.nl\/de\/pflanzschale-jarno-oval-grau-70cm\/\"]}]},{\"@type\":\"ImageObject\",\"inLanguage\":\"de\",\"@id\":\"https:\/\/dev.eliassen.nl\/de\/pflanzschale-jarno-oval-grau-70cm\/#primaryimage\",\"url\":\"https:\/\/dev.eliassen.nl\/wp-content\/uploads\/2024\/10\/plantenschaaljarnoeliassennl.jpg\",\"contentUrl\":\"https:\/\/dev.eliassen.nl\/wp-content\/uploads\/2024\/10\/plantenschaaljarnoeliassennl.jpg\",\"width\":1600,\"height\":701,\"caption\":\"Plantenschaal Jarno Eliassen.nl\"},{\"@type\":\"BreadcrumbList\",\"@id\":\"https:\/\/dev.eliassen.nl\/de\/pflanzschale-jarno-oval-grau-70cm\/#breadcrumb\",\"itemListElement\":[{\"@type\":\"ListItem\",\"position\":1,\"name\":\"Home\",\"item\":\"https:\/\/dev.eliassen.nl\/de\/\"},{\"@type\":\"ListItem\",\"position\":2,\"name\":\"Shop\",\"item\":\"https:\/\/dev.eliassen.nl\/nl\/winkel\/\"},{\"@type\":\"ListItem\",\"position\":3,\"name\":\"Blument\u00f6pfe und Pflanzgef\u00e4\u00dfe\",\"item\":\"https:\/\/dev.eliassen.nl\/de\/blumentoepfe-und-pflanzgefaesse\/\"},{\"@type\":\"ListItem\",\"position\":4,\"name\":\"Pflanzk\u00fcbel f\u00fcr den Au\u00dfenbereich gro\u00df leicht\",\"item\":\"https:\/\/dev.eliassen.nl\/de\/blumentoepfe-und-pflanzgefaesse\/pflanzkuebel-fuer-den-aussenbereich-gross-leicht\/\"},{\"@type\":\"ListItem\",\"position\":5,\"name\":\"Pflanzschale Jarno oval grau 70cm\"}]},{\"@type\":\"WebSite\",\"@id\":\"https:\/\/dev.eliassen.nl\/de\/#website\",\"url\":\"https:\/\/dev.eliassen.nl\/de\/\",\"name\":\"Eliassen Home & Garden Pleasure\",\"description\":\"\",\"publisher\":{\"@id\":\"https:\/\/dev.eliassen.nl\/de\/#organization\"},\"alternateName\":\"Eliassen.nl\",\"potentialAction\":[{\"@type\":\"SearchAction\",\"target\":{\"@type\":\"EntryPoint\",\"urlTemplate\":\"https:\/\/dev.eliassen.nl\/de\/?s={search_term_string}\"},\"query-input\":{\"@type\":\"PropertyValueSpecification\",\"valueRequired\":true,\"valueName\":\"search_term_string\"}}],\"inLanguage\":\"de\"},{\"@type\":\"Organization\",\"@id\":\"https:\/\/dev.eliassen.nl\/de\/#organization\",\"name\":\"Eliassen Home & Garden Pleasure\",\"url\":\"https:\/\/dev.eliassen.nl\/de\/\",\"logo\":{\"@type\":\"ImageObject\",\"inLanguage\":\"de\",\"@id\":\"https:\/\/dev.eliassen.nl\/de\/#\/schema\/logo\/image\/\",\"url\":\"https:\/\/www.eliassen.nl\/wp-content\/uploads\/2024\/01\/logo_4nd.jpg\",\"contentUrl\":\"https:\/\/www.eliassen.nl\/wp-content\/uploads\/2024\/01\/logo_4nd.jpg\",\"width\":500,\"height\":500,\"caption\":\"Eliassen Home & Garden Pleasure\"},\"image\":{\"@id\":\"https:\/\/dev.eliassen.nl\/de\/#\/schema\/logo\/image\/\"},\"sameAs\":[\"https:\/\/www.facebook.com\/TuincentrumEliassenAmmerzoden\",\"https:\/\/www.instagram.com\/eliassenhomeandgarden\/\",\"https:\/\/nl.pinterest.com\/eliassenhomeandgarden\/\",\"https:\/\/www.youtube.com\/@eliassenhomegardenpleasure4558\"]}]}<\/script>\n<!-- \/ Yoast SEO plugin. -->","yoast_head_json":{"title":"Plantenschaal Jarno grijs 70cm","description":"Goedkope grote potten en schalen, bekijk snel in de webshop van Eliassen.nl, of kom ze live afhalen !","robots":{"index":"noindex","follow":"follow","max-snippet":"max-snippet:-1","max-image-preview":"max-image-preview:large","max-video-preview":"max-video-preview:-1"},"og_locale":"de_DE","og_type":"article","og_title":"Plantenschaal Jarno grijs 70cm","og_description":"Goedkope grote potten en schalen, bekijk snel in de webshop van Eliassen.nl, of kom ze live afhalen !","og_url":"https:\/\/dev.eliassen.nl\/de\/pflanzschale-jarno-oval-grau-70cm\/","og_site_name":"Eliassen.nl","article_publisher":"https:\/\/www.facebook.com\/TuincentrumEliassenAmmerzoden","article_modified_time":"2024-12-05T16:07:31+00:00","og_image":[{"width":1600,"height":701,"url":"https:\/\/dev.eliassen.nl\/wp-content\/uploads\/2024\/10\/plantenschaaljarnoeliassennl.jpg","type":"image\/jpeg"}],"twitter_card":"summary_large_image","schema":{"@context":"https:\/\/schema.org","@graph":[{"@type":"WebPage","@id":"https:\/\/dev.eliassen.nl\/de\/pflanzschale-jarno-oval-grau-70cm\/","url":"https:\/\/dev.eliassen.nl\/de\/pflanzschale-jarno-oval-grau-70cm\/","name":"Plantenschaal Jarno grijs 70cm","isPartOf":{"@id":"https:\/\/dev.eliassen.nl\/de\/#website"},"primaryImageOfPage":{"@id":"https:\/\/dev.eliassen.nl\/de\/pflanzschale-jarno-oval-grau-70cm\/#primaryimage"},"image":{"@id":"https:\/\/dev.eliassen.nl\/de\/pflanzschale-jarno-oval-grau-70cm\/#primaryimage"},"thumbnailUrl":"https:\/\/dev.eliassen.nl\/wp-content\/uploads\/2024\/10\/plantenschaaljarnoeliassennl.jpg","datePublished":"2024-04-11T09:19:37+00:00","dateModified":"2024-12-05T16:07:31+00:00","description":"Goedkope grote potten en schalen, bekijk snel in de webshop van Eliassen.nl, of kom ze live afhalen !","breadcrumb":{"@id":"https:\/\/dev.eliassen.nl\/de\/pflanzschale-jarno-oval-grau-70cm\/#breadcrumb"},"inLanguage":"de","potentialAction":[{"@type":"ReadAction","target":["https:\/\/dev.eliassen.nl\/de\/pflanzschale-jarno-oval-grau-70cm\/"]}]},{"@type":"ImageObject","inLanguage":"de","@id":"https:\/\/dev.eliassen.nl\/de\/pflanzschale-jarno-oval-grau-70cm\/#primaryimage","url":"https:\/\/dev.eliassen.nl\/wp-content\/uploads\/2024\/10\/plantenschaaljarnoeliassennl.jpg","contentUrl":"https:\/\/dev.eliassen.nl\/wp-content\/uploads\/2024\/10\/plantenschaaljarnoeliassennl.jpg","width":1600,"height":701,"caption":"Plantenschaal Jarno Eliassen.nl"},{"@type":"BreadcrumbList","@id":"https:\/\/dev.eliassen.nl\/de\/pflanzschale-jarno-oval-grau-70cm\/#breadcrumb","itemListElement":[{"@type":"ListItem","position":1,"name":"Home","item":"https:\/\/dev.eliassen.nl\/de\/"},{"@type":"ListItem","position":2,"name":"Shop","item":"https:\/\/dev.eliassen.nl\/nl\/winkel\/"},{"@type":"ListItem","position":3,"name":"Blument\u00f6pfe und Pflanzgef\u00e4\u00dfe","item":"https:\/\/dev.eliassen.nl\/de\/blumentoepfe-und-pflanzgefaesse\/"},{"@type":"ListItem","position":4,"name":"Pflanzk\u00fcbel f\u00fcr den Au\u00dfenbereich gro\u00df leicht","item":"https:\/\/dev.eliassen.nl\/de\/blumentoepfe-und-pflanzgefaesse\/pflanzkuebel-fuer-den-aussenbereich-gross-leicht\/"},{"@type":"ListItem","position":5,"name":"Pflanzschale Jarno oval grau 70cm"}]},{"@type":"WebSite","@id":"https:\/\/dev.eliassen.nl\/de\/#website","url":"https:\/\/dev.eliassen.nl\/de\/","name":"Eliassen Home & Garden Pleasure","description":"","publisher":{"@id":"https:\/\/dev.eliassen.nl\/de\/#organization"},"alternateName":"Eliassen.nl","potentialAction":[{"@type":"SearchAction","target":{"@type":"EntryPoint","urlTemplate":"https:\/\/dev.eliassen.nl\/de\/?s={search_term_string}"},"query-input":{"@type":"PropertyValueSpecification","valueRequired":true,"valueName":"search_term_string"}}],"inLanguage":"de"},{"@type":"Organization","@id":"https:\/\/dev.eliassen.nl\/de\/#organization","name":"Eliassen Home & Garden Pleasure","url":"https:\/\/dev.eliassen.nl\/de\/","logo":{"@type":"ImageObject","inLanguage":"de","@id":"https:\/\/dev.eliassen.nl\/de\/#\/schema\/logo\/image\/","url":"https:\/\/www.eliassen.nl\/wp-content\/uploads\/2024\/01\/logo_4nd.jpg","contentUrl":"https:\/\/www.eliassen.nl\/wp-content\/uploads\/2024\/01\/logo_4nd.jpg","width":500,"height":500,"caption":"Eliassen Home & Garden Pleasure"},"image":{"@id":"https:\/\/dev.eliassen.nl\/de\/#\/schema\/logo\/image\/"},"sameAs":["https:\/\/www.facebook.com\/TuincentrumEliassenAmmerzoden","https:\/\/www.instagram.com\/eliassenhomeandgarden\/","https:\/\/nl.pinterest.com\/eliassenhomeandgarden\/","https:\/\/www.youtube.com\/@eliassenhomegardenpleasure4558"]}]}},"df_price":24.95,"df_sale_price":"","df_regular_price":24.95,"df_image_link":"https:\/\/dev.eliassen.nl\/wp-content\/uploads\/2024\/10\/plantenschaaljarnoeliassennl.jpg","image":"https:\/\/dev.eliassen.nl\/wp-content\/uploads\/2024\/10\/plantenschaaljarnoeliassennl.jpg","price_search":"<span class=\"woocommerce-Price-amount amount\"><bdi><span class=\"woocommerce-Price-currencySymbol\">&euro;<\/span>&nbsp;24,95<\/bdi><\/span>","category":"Blument\u00f6pfe und Pflanzgef\u00e4\u00dfe","_links":{"self":[{"href":"https:\/\/dev.eliassen.nl\/de\/wp-json\/wp\/v2\/product\/152828","targetHints":{"allow":["GET"]}}],"collection":[{"href":"https:\/\/dev.eliassen.nl\/de\/wp-json\/wp\/v2\/product"}],"about":[{"href":"https:\/\/dev.eliassen.nl\/de\/wp-json\/wp\/v2\/types\/product"}],"wp:featuredmedia":[{"embeddable":true,"href":"https:\/\/dev.eliassen.nl\/de\/wp-json\/wp\/v2\/media\/152816"}],"wp:attachment":[{"href":"https:\/\/dev.eliassen.nl\/de\/wp-json\/wp\/v2\/media?parent=152828"}],"wp:term":[{"taxonomy":"product_brand","embeddable":true,"href":"https:\/\/dev.eliassen.nl\/de\/wp-json\/wp\/v2\/product_brand?post=152828"},{"taxonomy":"product_cat","embeddable":true,"href":"https:\/\/dev.eliassen.nl\/de\/wp-json\/wp\/v2\/product_cat?post=152828"},{"taxonomy":"product_tag","embeddable":true,"href":"https:\/\/dev.eliassen.nl\/de\/wp-json\/wp\/v2\/product_tag?post=152828"}],"curies":[{"name":"wp","href":"https:\/\/api.w.org\/{rel}","templated":true}]}}