{"id":153032,"date":"2024-04-16T09:55:22","date_gmt":"2024-04-16T07:55:22","guid":{"rendered":"https:\/\/www.eliassen.nl\/?product=struisvogel-kop-omlaag-metaal-170cm"},"modified":"2024-12-05T17:07:48","modified_gmt":"2024-12-05T16:07:48","slug":"strausskopf-aus-metall-170-cm","status":"publish","type":"product","link":"https:\/\/dev.eliassen.nl\/de\/strausskopf-aus-metall-170-cm\/","title":{"rendered":"Strau\u00dfkopf aus Metall, 170 cm"},"content":{"rendered":"<p>Sie sind echte K\u00fcnstler, die diese lebensgro\u00dfe Statue eines Strau\u00dfes mit gesenktem Kopf geschaffen haben. Wenn Sie dieses Bild l\u00e4ngere Zeit betrachten, werden Sie erkennen, wie viel Arbeit es ist, ein solches Kunstwerk zu schaffen. Gewindeschneiden, Biegen, Schwei\u00dfen, Messen, das ist wirklich eine gigantische Arbeit. Wenn Sie etwas Einzigartiges in Ihrem Garten oder in Ihrem Unternehmen w\u00fcnschen, k\u00f6nnen Sie sicher sein, dass dieses Modell sehr selten ist und nicht einfach zu verkaufen ist. !!<\/p>\n<ul>\n<li>Gr\u00f6\u00dfe: ca. 170x110x160cm hoch!!<\/li>\n<li>Material: Blankstahl<\/li>\n<li>Sehr einzigartig, <strong>kaum<\/strong> irgendwo erh\u00e4ltlich, schon gar nicht f\u00fcr diesen Preis<\/li>\n<li>Alle Modelle werden von Hand gefertigt, ohne jegliche Bearbeitung<\/li>\n<li>Kann auch problemlos drau\u00dfen aufgestellt werden.<\/li>\n<li>Wir haben dieses Modell im Ausstellungsraum<\/li>\n<li>Garantierte Lebensdauer f\u00fcr 20 Jahre<\/li>\n<li>Kommen Sie gerne vorbei und schauen Sie sich in unserem Showroom um.<\/li>\n<\/ul>\n","protected":false},"excerpt":{"rendered":"<p>Sehr exklusive Statue, komplett handgefertigt.<\/p>\n","protected":false},"featured_media":153008,"template":"","meta":{"_acf_changed":false},"product_brand":[],"product_cat":[659,662,7062],"product_tag":[],"class_list":{"0":"post-153032","1":"product","2":"type-product","3":"status-publish","4":"has-post-thumbnail","6":"product_cat-dekoration-aus-metall","7":"product_cat-gartenstatuen-aus-metall","8":"product_cat-gartenstatuen-aus-metall-de","10":"first","11":"instock","12":"taxable","13":"shipping-taxable","14":"purchasable","15":"product-type-simple"},"acf":[],"yoast_head":"<!-- This site is optimized with the Yoast SEO plugin v23.8 - https:\/\/yoast.com\/wordpress\/plugins\/seo\/ -->\n<title>Struisvogel kop omlaag metaal 170cm<\/title>\n<meta name=\"description\" content=\"Levensgrote dierenbeelden van metaal; Bekijk snel onze webshop of kom live kijken ! De koffie staat klaar.\" \/>\n<meta name=\"robots\" content=\"noindex, follow, max-snippet:-1, max-image-preview:large, max-video-preview:-1\" \/>\n<meta property=\"og:locale\" content=\"de_DE\" \/>\n<meta property=\"og:type\" content=\"article\" \/>\n<meta property=\"og:title\" content=\"Struisvogel kop omlaag metaal 170cm\" \/>\n<meta property=\"og:description\" content=\"Levensgrote dierenbeelden van metaal; Bekijk snel onze webshop of kom live kijken ! De koffie staat klaar.\" \/>\n<meta property=\"og:url\" content=\"https:\/\/dev.eliassen.nl\/de\/strausskopf-aus-metall-170-cm\/\" \/>\n<meta property=\"og:site_name\" content=\"Eliassen.nl\" \/>\n<meta property=\"article:publisher\" content=\"https:\/\/www.facebook.com\/TuincentrumEliassenAmmerzoden\" \/>\n<meta property=\"article:modified_time\" content=\"2024-12-05T16:07:48+00:00\" \/>\n<meta property=\"og:image\" content=\"https:\/\/dev.eliassen.nl\/wp-content\/uploads\/2024\/10\/struisvogellevensgrooteliassennl.jpg\" \/>\n\t<meta property=\"og:image:width\" content=\"1152\" \/>\n\t<meta property=\"og:image:height\" content=\"2048\" \/>\n\t<meta property=\"og:image:type\" content=\"image\/jpeg\" \/>\n<meta name=\"twitter:card\" content=\"summary_large_image\" \/>\n<script type=\"application\/ld+json\" class=\"yoast-schema-graph\">{\"@context\":\"https:\/\/schema.org\",\"@graph\":[{\"@type\":\"WebPage\",\"@id\":\"https:\/\/dev.eliassen.nl\/de\/strausskopf-aus-metall-170-cm\/\",\"url\":\"https:\/\/dev.eliassen.nl\/de\/strausskopf-aus-metall-170-cm\/\",\"name\":\"Struisvogel kop omlaag metaal 170cm\",\"isPartOf\":{\"@id\":\"https:\/\/dev.eliassen.nl\/de\/#website\"},\"primaryImageOfPage\":{\"@id\":\"https:\/\/dev.eliassen.nl\/de\/strausskopf-aus-metall-170-cm\/#primaryimage\"},\"image\":{\"@id\":\"https:\/\/dev.eliassen.nl\/de\/strausskopf-aus-metall-170-cm\/#primaryimage\"},\"thumbnailUrl\":\"https:\/\/dev.eliassen.nl\/wp-content\/uploads\/2024\/10\/struisvogellevensgrooteliassennl.jpg\",\"datePublished\":\"2024-04-16T07:55:22+00:00\",\"dateModified\":\"2024-12-05T16:07:48+00:00\",\"description\":\"Levensgrote dierenbeelden van metaal; Bekijk snel onze webshop of kom live kijken ! De koffie staat klaar.\",\"breadcrumb\":{\"@id\":\"https:\/\/dev.eliassen.nl\/de\/strausskopf-aus-metall-170-cm\/#breadcrumb\"},\"inLanguage\":\"de\",\"potentialAction\":[{\"@type\":\"ReadAction\",\"target\":[\"https:\/\/dev.eliassen.nl\/de\/strausskopf-aus-metall-170-cm\/\"]}]},{\"@type\":\"ImageObject\",\"inLanguage\":\"de\",\"@id\":\"https:\/\/dev.eliassen.nl\/de\/strausskopf-aus-metall-170-cm\/#primaryimage\",\"url\":\"https:\/\/dev.eliassen.nl\/wp-content\/uploads\/2024\/10\/struisvogellevensgrooteliassennl.jpg\",\"contentUrl\":\"https:\/\/dev.eliassen.nl\/wp-content\/uploads\/2024\/10\/struisvogellevensgrooteliassennl.jpg\",\"width\":1152,\"height\":2048,\"caption\":\"Struisvogel levensgroot Eliassen.nl\"},{\"@type\":\"BreadcrumbList\",\"@id\":\"https:\/\/dev.eliassen.nl\/de\/strausskopf-aus-metall-170-cm\/#breadcrumb\",\"itemListElement\":[{\"@type\":\"ListItem\",\"position\":1,\"name\":\"Home\",\"item\":\"https:\/\/dev.eliassen.nl\/de\/\"},{\"@type\":\"ListItem\",\"position\":2,\"name\":\"Shop\",\"item\":\"https:\/\/dev.eliassen.nl\/nl\/winkel\/\"},{\"@type\":\"ListItem\",\"position\":3,\"name\":\"Dekoration aus Metall\",\"item\":\"https:\/\/dev.eliassen.nl\/de\/dekoration-aus-metall\/\"},{\"@type\":\"ListItem\",\"position\":4,\"name\":\"Gartenstatuen aus Metall\",\"item\":\"https:\/\/dev.eliassen.nl\/de\/dekoration-aus-metall\/gartenstatuen-aus-metall\/\"},{\"@type\":\"ListItem\",\"position\":5,\"name\":\"Strau\u00dfkopf aus Metall, 170 cm\"}]},{\"@type\":\"WebSite\",\"@id\":\"https:\/\/dev.eliassen.nl\/de\/#website\",\"url\":\"https:\/\/dev.eliassen.nl\/de\/\",\"name\":\"Eliassen Home & Garden Pleasure\",\"description\":\"\",\"publisher\":{\"@id\":\"https:\/\/dev.eliassen.nl\/de\/#organization\"},\"alternateName\":\"Eliassen.nl\",\"potentialAction\":[{\"@type\":\"SearchAction\",\"target\":{\"@type\":\"EntryPoint\",\"urlTemplate\":\"https:\/\/dev.eliassen.nl\/de\/?s={search_term_string}\"},\"query-input\":{\"@type\":\"PropertyValueSpecification\",\"valueRequired\":true,\"valueName\":\"search_term_string\"}}],\"inLanguage\":\"de\"},{\"@type\":\"Organization\",\"@id\":\"https:\/\/dev.eliassen.nl\/de\/#organization\",\"name\":\"Eliassen Home & Garden Pleasure\",\"url\":\"https:\/\/dev.eliassen.nl\/de\/\",\"logo\":{\"@type\":\"ImageObject\",\"inLanguage\":\"de\",\"@id\":\"https:\/\/dev.eliassen.nl\/de\/#\/schema\/logo\/image\/\",\"url\":\"https:\/\/www.eliassen.nl\/wp-content\/uploads\/2024\/01\/logo_4nd.jpg\",\"contentUrl\":\"https:\/\/www.eliassen.nl\/wp-content\/uploads\/2024\/01\/logo_4nd.jpg\",\"width\":500,\"height\":500,\"caption\":\"Eliassen Home & Garden Pleasure\"},\"image\":{\"@id\":\"https:\/\/dev.eliassen.nl\/de\/#\/schema\/logo\/image\/\"},\"sameAs\":[\"https:\/\/www.facebook.com\/TuincentrumEliassenAmmerzoden\",\"https:\/\/www.instagram.com\/eliassenhomeandgarden\/\",\"https:\/\/nl.pinterest.com\/eliassenhomeandgarden\/\",\"https:\/\/www.youtube.com\/@eliassenhomegardenpleasure4558\"]}]}<\/script>\n<!-- \/ Yoast SEO plugin. -->","yoast_head_json":{"title":"Struisvogel kop omlaag metaal 170cm","description":"Levensgrote dierenbeelden van metaal; Bekijk snel onze webshop of kom live kijken ! De koffie staat klaar.","robots":{"index":"noindex","follow":"follow","max-snippet":"max-snippet:-1","max-image-preview":"max-image-preview:large","max-video-preview":"max-video-preview:-1"},"og_locale":"de_DE","og_type":"article","og_title":"Struisvogel kop omlaag metaal 170cm","og_description":"Levensgrote dierenbeelden van metaal; Bekijk snel onze webshop of kom live kijken ! De koffie staat klaar.","og_url":"https:\/\/dev.eliassen.nl\/de\/strausskopf-aus-metall-170-cm\/","og_site_name":"Eliassen.nl","article_publisher":"https:\/\/www.facebook.com\/TuincentrumEliassenAmmerzoden","article_modified_time":"2024-12-05T16:07:48+00:00","og_image":[{"width":1152,"height":2048,"url":"https:\/\/dev.eliassen.nl\/wp-content\/uploads\/2024\/10\/struisvogellevensgrooteliassennl.jpg","type":"image\/jpeg"}],"twitter_card":"summary_large_image","schema":{"@context":"https:\/\/schema.org","@graph":[{"@type":"WebPage","@id":"https:\/\/dev.eliassen.nl\/de\/strausskopf-aus-metall-170-cm\/","url":"https:\/\/dev.eliassen.nl\/de\/strausskopf-aus-metall-170-cm\/","name":"Struisvogel kop omlaag metaal 170cm","isPartOf":{"@id":"https:\/\/dev.eliassen.nl\/de\/#website"},"primaryImageOfPage":{"@id":"https:\/\/dev.eliassen.nl\/de\/strausskopf-aus-metall-170-cm\/#primaryimage"},"image":{"@id":"https:\/\/dev.eliassen.nl\/de\/strausskopf-aus-metall-170-cm\/#primaryimage"},"thumbnailUrl":"https:\/\/dev.eliassen.nl\/wp-content\/uploads\/2024\/10\/struisvogellevensgrooteliassennl.jpg","datePublished":"2024-04-16T07:55:22+00:00","dateModified":"2024-12-05T16:07:48+00:00","description":"Levensgrote dierenbeelden van metaal; Bekijk snel onze webshop of kom live kijken ! De koffie staat klaar.","breadcrumb":{"@id":"https:\/\/dev.eliassen.nl\/de\/strausskopf-aus-metall-170-cm\/#breadcrumb"},"inLanguage":"de","potentialAction":[{"@type":"ReadAction","target":["https:\/\/dev.eliassen.nl\/de\/strausskopf-aus-metall-170-cm\/"]}]},{"@type":"ImageObject","inLanguage":"de","@id":"https:\/\/dev.eliassen.nl\/de\/strausskopf-aus-metall-170-cm\/#primaryimage","url":"https:\/\/dev.eliassen.nl\/wp-content\/uploads\/2024\/10\/struisvogellevensgrooteliassennl.jpg","contentUrl":"https:\/\/dev.eliassen.nl\/wp-content\/uploads\/2024\/10\/struisvogellevensgrooteliassennl.jpg","width":1152,"height":2048,"caption":"Struisvogel levensgroot Eliassen.nl"},{"@type":"BreadcrumbList","@id":"https:\/\/dev.eliassen.nl\/de\/strausskopf-aus-metall-170-cm\/#breadcrumb","itemListElement":[{"@type":"ListItem","position":1,"name":"Home","item":"https:\/\/dev.eliassen.nl\/de\/"},{"@type":"ListItem","position":2,"name":"Shop","item":"https:\/\/dev.eliassen.nl\/nl\/winkel\/"},{"@type":"ListItem","position":3,"name":"Dekoration aus Metall","item":"https:\/\/dev.eliassen.nl\/de\/dekoration-aus-metall\/"},{"@type":"ListItem","position":4,"name":"Gartenstatuen aus Metall","item":"https:\/\/dev.eliassen.nl\/de\/dekoration-aus-metall\/gartenstatuen-aus-metall\/"},{"@type":"ListItem","position":5,"name":"Strau\u00dfkopf aus Metall, 170 cm"}]},{"@type":"WebSite","@id":"https:\/\/dev.eliassen.nl\/de\/#website","url":"https:\/\/dev.eliassen.nl\/de\/","name":"Eliassen Home & Garden Pleasure","description":"","publisher":{"@id":"https:\/\/dev.eliassen.nl\/de\/#organization"},"alternateName":"Eliassen.nl","potentialAction":[{"@type":"SearchAction","target":{"@type":"EntryPoint","urlTemplate":"https:\/\/dev.eliassen.nl\/de\/?s={search_term_string}"},"query-input":{"@type":"PropertyValueSpecification","valueRequired":true,"valueName":"search_term_string"}}],"inLanguage":"de"},{"@type":"Organization","@id":"https:\/\/dev.eliassen.nl\/de\/#organization","name":"Eliassen Home & Garden Pleasure","url":"https:\/\/dev.eliassen.nl\/de\/","logo":{"@type":"ImageObject","inLanguage":"de","@id":"https:\/\/dev.eliassen.nl\/de\/#\/schema\/logo\/image\/","url":"https:\/\/www.eliassen.nl\/wp-content\/uploads\/2024\/01\/logo_4nd.jpg","contentUrl":"https:\/\/www.eliassen.nl\/wp-content\/uploads\/2024\/01\/logo_4nd.jpg","width":500,"height":500,"caption":"Eliassen Home & Garden Pleasure"},"image":{"@id":"https:\/\/dev.eliassen.nl\/de\/#\/schema\/logo\/image\/"},"sameAs":["https:\/\/www.facebook.com\/TuincentrumEliassenAmmerzoden","https:\/\/www.instagram.com\/eliassenhomeandgarden\/","https:\/\/nl.pinterest.com\/eliassenhomeandgarden\/","https:\/\/www.youtube.com\/@eliassenhomegardenpleasure4558"]}]}},"df_price":2250,"df_sale_price":"","df_regular_price":2250,"df_image_link":"https:\/\/dev.eliassen.nl\/wp-content\/uploads\/2024\/10\/struisvogellevensgrooteliassennl.jpg","image":"https:\/\/dev.eliassen.nl\/wp-content\/uploads\/2024\/10\/struisvogellevensgrooteliassennl.jpg","price_search":"<span class=\"woocommerce-Price-amount amount\"><bdi><span class=\"woocommerce-Price-currencySymbol\">&euro;<\/span>&nbsp;2.250,00<\/bdi><\/span>","category":"Dekoration aus Metall","_links":{"self":[{"href":"https:\/\/dev.eliassen.nl\/de\/wp-json\/wp\/v2\/product\/153032","targetHints":{"allow":["GET"]}}],"collection":[{"href":"https:\/\/dev.eliassen.nl\/de\/wp-json\/wp\/v2\/product"}],"about":[{"href":"https:\/\/dev.eliassen.nl\/de\/wp-json\/wp\/v2\/types\/product"}],"wp:featuredmedia":[{"embeddable":true,"href":"https:\/\/dev.eliassen.nl\/de\/wp-json\/wp\/v2\/media\/153008"}],"wp:attachment":[{"href":"https:\/\/dev.eliassen.nl\/de\/wp-json\/wp\/v2\/media?parent=153032"}],"wp:term":[{"taxonomy":"product_brand","embeddable":true,"href":"https:\/\/dev.eliassen.nl\/de\/wp-json\/wp\/v2\/product_brand?post=153032"},{"taxonomy":"product_cat","embeddable":true,"href":"https:\/\/dev.eliassen.nl\/de\/wp-json\/wp\/v2\/product_cat?post=153032"},{"taxonomy":"product_tag","embeddable":true,"href":"https:\/\/dev.eliassen.nl\/de\/wp-json\/wp\/v2\/product_tag?post=153032"}],"curies":[{"name":"wp","href":"https:\/\/api.w.org\/{rel}","templated":true}]}}