{"id":15307,"date":"2019-10-28T18:17:16","date_gmt":"2019-10-28T17:17:16","guid":{"rendered":"https:\/\/www.eliassen.nl\/?product=basis-schwarzer-granit-poliert-25x25x50cm"},"modified":"2024-12-05T15:22:59","modified_gmt":"2024-12-05T14:22:59","slug":"sockel-schwarzer-granit-poliert-25x25x50cm","status":"publish","type":"product","link":"https:\/\/dev.eliassen.nl\/de\/sockel-schwarzer-granit-poliert-25x25x50cm\/","title":{"rendered":"Sockel schwarzer Granit poliert 25x25x50cm"},"content":{"rendered":"<p>Eine S\u00e4ule in Ihrem Haus oder Garten ist multifunktional. Der Kauf eines gl\u00e4nzenden Sockels ist daher eine wunderbare Erg\u00e4nzung f\u00fcr Ihr Interieur oder als Gartendekoration, auch weil ein Sockel f\u00fcr verschiedene Zwecke geeignet ist.<\/p>\n<p>Dieser Granitsockel, beispielsweise mit einem Topf, einer Sonnenuhr, einer Statue oder einem anderen Objekt, wird ein sch\u00f6nes Objekt in Ihrem Haus oder Garten mit schickem Aussehen sein.<\/p>\n<p>Diese S\u00e4ulen werden aus nat\u00fcrlichem Granit gefertigt und anschlie\u00dfend poliert, wodurch ein hochgl\u00e4nzender Sockel entsteht. Die S\u00e4ulen sind an den Ecken mit Gummi an der Unterseite extra verst\u00e4rkt, um Sch\u00e4den an Ihrem Boden zu vermeiden.<\/p>\n<p>Bei diesem Naturmaterial kann es zu leichten Abweichungen wie Flecken, Vertiefungen oder \u00e4hnlichem kommen. Dies ist normal und kann nicht beanstandet werden.<\/p>\n<p>Wenn Sie diese S\u00e4ule zu Hause erhalten, ist sie werkseitig gut verpackt und Sie m\u00fcssen sie selbst reinigen oder eventuell mit einem Granit-Farbverbesserer behandeln.<\/p>\n<ul>\n<li>Gr\u00f6\u00dfe: 25 x 25 x 50 cm hoch<\/li>\n<li>Material: schwarzer Granit poliert<\/li>\n<li>Gewicht: 30 kg<\/li>\n<li>Kann im Innen- und Au\u00dfenbereich verwendet werden<\/li>\n<li>Sch\u00f6n fertig<\/li>\n<li>Eigener Bestand.<\/li>\n<li>Kratzt nicht schnell<\/li>\n<li>Garantie: 5 Jahre<\/li>\n<li>Richtig verpackt.<\/li>\n<li><strong>Diese Kunst ist auch in unserem Fall zu sehen.<\/strong><\/li>\n<li><strong>Korrektes Foto folgt<\/strong><\/li>\n<\/ul>\n","protected":false},"excerpt":{"rendered":"<p>Polierte absolut schwarze Granits\u00e4ule<\/p>\n","protected":false},"featured_media":15298,"template":"","meta":{"_acf_changed":false},"product_brand":[6916],"product_cat":[782,785],"product_tag":[],"class_list":{"0":"post-15307","1":"product","2":"type-product","3":"status-publish","4":"has-post-thumbnail","6":"product_brand-eliassen-de","7":"product_cat-sockel","8":"product_cat-sockel-aus-naturstein","10":"first","11":"instock","12":"taxable","13":"shipping-taxable","14":"purchasable","15":"product-type-simple"},"acf":[],"yoast_head":"<!-- This site is optimized with the Yoast SEO plugin v23.8 - https:\/\/yoast.com\/wordpress\/plugins\/seo\/ -->\n<title>Sockel schwarzer Granit poliert 25x25x50cm<\/title>\n<meta name=\"description\" content=\"Polierte absolut schwarze Granits\u00e4ule\" \/>\n<meta name=\"robots\" content=\"noindex, follow, max-snippet:-1, max-image-preview:large, max-video-preview:-1\" \/>\n<meta property=\"og:locale\" content=\"de_DE\" \/>\n<meta property=\"og:type\" content=\"article\" \/>\n<meta property=\"og:title\" content=\"Sockel schwarzer Granit poliert 25x25x50cm\" \/>\n<meta property=\"og:description\" content=\"Polierte absolut schwarze Granits\u00e4ule\" \/>\n<meta property=\"og:url\" content=\"https:\/\/dev.eliassen.nl\/de\/sockel-schwarzer-granit-poliert-25x25x50cm\/\" \/>\n<meta property=\"og:site_name\" content=\"Eliassen.nl\" \/>\n<meta property=\"article:publisher\" content=\"https:\/\/www.facebook.com\/TuincentrumEliassenAmmerzoden\" \/>\n<meta property=\"article:modified_time\" content=\"2024-12-05T14:22:59+00:00\" \/>\n<meta property=\"og:image\" content=\"https:\/\/dev.eliassen.nl\/wp-content\/uploads\/2024\/01\/thumbnailpolished.jpg\" \/>\n\t<meta property=\"og:image:width\" content=\"1280\" \/>\n\t<meta property=\"og:image:height\" content=\"1253\" \/>\n\t<meta property=\"og:image:type\" content=\"image\/jpeg\" \/>\n<meta name=\"twitter:card\" content=\"summary_large_image\" \/>\n<script type=\"application\/ld+json\" class=\"yoast-schema-graph\">{\"@context\":\"https:\/\/schema.org\",\"@graph\":[{\"@type\":\"WebPage\",\"@id\":\"https:\/\/dev.eliassen.nl\/de\/sockel-schwarzer-granit-poliert-25x25x50cm\/\",\"url\":\"https:\/\/dev.eliassen.nl\/de\/sockel-schwarzer-granit-poliert-25x25x50cm\/\",\"name\":\"Sockel schwarzer Granit poliert 25x25x50cm\",\"isPartOf\":{\"@id\":\"https:\/\/dev.eliassen.nl\/de\/#website\"},\"primaryImageOfPage\":{\"@id\":\"https:\/\/dev.eliassen.nl\/de\/sockel-schwarzer-granit-poliert-25x25x50cm\/#primaryimage\"},\"image\":{\"@id\":\"https:\/\/dev.eliassen.nl\/de\/sockel-schwarzer-granit-poliert-25x25x50cm\/#primaryimage\"},\"thumbnailUrl\":\"https:\/\/dev.eliassen.nl\/wp-content\/uploads\/2024\/01\/thumbnailpolished.jpg\",\"datePublished\":\"2019-10-28T17:17:16+00:00\",\"dateModified\":\"2024-12-05T14:22:59+00:00\",\"description\":\"Polierte absolut schwarze Granits\u00e4ule\",\"breadcrumb\":{\"@id\":\"https:\/\/dev.eliassen.nl\/de\/sockel-schwarzer-granit-poliert-25x25x50cm\/#breadcrumb\"},\"inLanguage\":\"de\",\"potentialAction\":[{\"@type\":\"ReadAction\",\"target\":[\"https:\/\/dev.eliassen.nl\/de\/sockel-schwarzer-granit-poliert-25x25x50cm\/\"]}]},{\"@type\":\"ImageObject\",\"inLanguage\":\"de\",\"@id\":\"https:\/\/dev.eliassen.nl\/de\/sockel-schwarzer-granit-poliert-25x25x50cm\/#primaryimage\",\"url\":\"https:\/\/dev.eliassen.nl\/wp-content\/uploads\/2024\/01\/thumbnailpolished.jpg\",\"contentUrl\":\"https:\/\/dev.eliassen.nl\/wp-content\/uploads\/2024\/01\/thumbnailpolished.jpg\",\"width\":1280,\"height\":1253,\"caption\":\"thumbnail-polished\"},{\"@type\":\"BreadcrumbList\",\"@id\":\"https:\/\/dev.eliassen.nl\/de\/sockel-schwarzer-granit-poliert-25x25x50cm\/#breadcrumb\",\"itemListElement\":[{\"@type\":\"ListItem\",\"position\":1,\"name\":\"Home\",\"item\":\"https:\/\/dev.eliassen.nl\/de\/\"},{\"@type\":\"ListItem\",\"position\":2,\"name\":\"Shop\",\"item\":\"https:\/\/dev.eliassen.nl\/nl\/winkel\/\"},{\"@type\":\"ListItem\",\"position\":3,\"name\":\"Sockel\",\"item\":\"https:\/\/dev.eliassen.nl\/de\/sockel\/\"},{\"@type\":\"ListItem\",\"position\":4,\"name\":\"Sockel aus Naturstein\",\"item\":\"https:\/\/dev.eliassen.nl\/de\/sockel\/sockel-aus-naturstein\/\"},{\"@type\":\"ListItem\",\"position\":5,\"name\":\"Sockel schwarzer Granit poliert 25x25x50cm\"}]},{\"@type\":\"WebSite\",\"@id\":\"https:\/\/dev.eliassen.nl\/de\/#website\",\"url\":\"https:\/\/dev.eliassen.nl\/de\/\",\"name\":\"Eliassen Home & Garden Pleasure\",\"description\":\"\",\"publisher\":{\"@id\":\"https:\/\/dev.eliassen.nl\/de\/#organization\"},\"alternateName\":\"Eliassen.nl\",\"potentialAction\":[{\"@type\":\"SearchAction\",\"target\":{\"@type\":\"EntryPoint\",\"urlTemplate\":\"https:\/\/dev.eliassen.nl\/de\/?s={search_term_string}\"},\"query-input\":{\"@type\":\"PropertyValueSpecification\",\"valueRequired\":true,\"valueName\":\"search_term_string\"}}],\"inLanguage\":\"de\"},{\"@type\":\"Organization\",\"@id\":\"https:\/\/dev.eliassen.nl\/de\/#organization\",\"name\":\"Eliassen Home & Garden Pleasure\",\"url\":\"https:\/\/dev.eliassen.nl\/de\/\",\"logo\":{\"@type\":\"ImageObject\",\"inLanguage\":\"de\",\"@id\":\"https:\/\/dev.eliassen.nl\/de\/#\/schema\/logo\/image\/\",\"url\":\"https:\/\/www.eliassen.nl\/wp-content\/uploads\/2024\/01\/logo_4nd.jpg\",\"contentUrl\":\"https:\/\/www.eliassen.nl\/wp-content\/uploads\/2024\/01\/logo_4nd.jpg\",\"width\":500,\"height\":500,\"caption\":\"Eliassen Home & Garden Pleasure\"},\"image\":{\"@id\":\"https:\/\/dev.eliassen.nl\/de\/#\/schema\/logo\/image\/\"},\"sameAs\":[\"https:\/\/www.facebook.com\/TuincentrumEliassenAmmerzoden\",\"https:\/\/www.instagram.com\/eliassenhomeandgarden\/\",\"https:\/\/nl.pinterest.com\/eliassenhomeandgarden\/\",\"https:\/\/www.youtube.com\/@eliassenhomegardenpleasure4558\"]}]}<\/script>\n<!-- \/ Yoast SEO plugin. -->","yoast_head_json":{"title":"Sockel schwarzer Granit poliert 25x25x50cm","description":"Polierte absolut schwarze Granits\u00e4ule","robots":{"index":"noindex","follow":"follow","max-snippet":"max-snippet:-1","max-image-preview":"max-image-preview:large","max-video-preview":"max-video-preview:-1"},"og_locale":"de_DE","og_type":"article","og_title":"Sockel schwarzer Granit poliert 25x25x50cm","og_description":"Polierte absolut schwarze Granits\u00e4ule","og_url":"https:\/\/dev.eliassen.nl\/de\/sockel-schwarzer-granit-poliert-25x25x50cm\/","og_site_name":"Eliassen.nl","article_publisher":"https:\/\/www.facebook.com\/TuincentrumEliassenAmmerzoden","article_modified_time":"2024-12-05T14:22:59+00:00","og_image":[{"width":1280,"height":1253,"url":"https:\/\/dev.eliassen.nl\/wp-content\/uploads\/2024\/01\/thumbnailpolished.jpg","type":"image\/jpeg"}],"twitter_card":"summary_large_image","schema":{"@context":"https:\/\/schema.org","@graph":[{"@type":"WebPage","@id":"https:\/\/dev.eliassen.nl\/de\/sockel-schwarzer-granit-poliert-25x25x50cm\/","url":"https:\/\/dev.eliassen.nl\/de\/sockel-schwarzer-granit-poliert-25x25x50cm\/","name":"Sockel schwarzer Granit poliert 25x25x50cm","isPartOf":{"@id":"https:\/\/dev.eliassen.nl\/de\/#website"},"primaryImageOfPage":{"@id":"https:\/\/dev.eliassen.nl\/de\/sockel-schwarzer-granit-poliert-25x25x50cm\/#primaryimage"},"image":{"@id":"https:\/\/dev.eliassen.nl\/de\/sockel-schwarzer-granit-poliert-25x25x50cm\/#primaryimage"},"thumbnailUrl":"https:\/\/dev.eliassen.nl\/wp-content\/uploads\/2024\/01\/thumbnailpolished.jpg","datePublished":"2019-10-28T17:17:16+00:00","dateModified":"2024-12-05T14:22:59+00:00","description":"Polierte absolut schwarze Granits\u00e4ule","breadcrumb":{"@id":"https:\/\/dev.eliassen.nl\/de\/sockel-schwarzer-granit-poliert-25x25x50cm\/#breadcrumb"},"inLanguage":"de","potentialAction":[{"@type":"ReadAction","target":["https:\/\/dev.eliassen.nl\/de\/sockel-schwarzer-granit-poliert-25x25x50cm\/"]}]},{"@type":"ImageObject","inLanguage":"de","@id":"https:\/\/dev.eliassen.nl\/de\/sockel-schwarzer-granit-poliert-25x25x50cm\/#primaryimage","url":"https:\/\/dev.eliassen.nl\/wp-content\/uploads\/2024\/01\/thumbnailpolished.jpg","contentUrl":"https:\/\/dev.eliassen.nl\/wp-content\/uploads\/2024\/01\/thumbnailpolished.jpg","width":1280,"height":1253,"caption":"thumbnail-polished"},{"@type":"BreadcrumbList","@id":"https:\/\/dev.eliassen.nl\/de\/sockel-schwarzer-granit-poliert-25x25x50cm\/#breadcrumb","itemListElement":[{"@type":"ListItem","position":1,"name":"Home","item":"https:\/\/dev.eliassen.nl\/de\/"},{"@type":"ListItem","position":2,"name":"Shop","item":"https:\/\/dev.eliassen.nl\/nl\/winkel\/"},{"@type":"ListItem","position":3,"name":"Sockel","item":"https:\/\/dev.eliassen.nl\/de\/sockel\/"},{"@type":"ListItem","position":4,"name":"Sockel aus Naturstein","item":"https:\/\/dev.eliassen.nl\/de\/sockel\/sockel-aus-naturstein\/"},{"@type":"ListItem","position":5,"name":"Sockel schwarzer Granit poliert 25x25x50cm"}]},{"@type":"WebSite","@id":"https:\/\/dev.eliassen.nl\/de\/#website","url":"https:\/\/dev.eliassen.nl\/de\/","name":"Eliassen Home & Garden Pleasure","description":"","publisher":{"@id":"https:\/\/dev.eliassen.nl\/de\/#organization"},"alternateName":"Eliassen.nl","potentialAction":[{"@type":"SearchAction","target":{"@type":"EntryPoint","urlTemplate":"https:\/\/dev.eliassen.nl\/de\/?s={search_term_string}"},"query-input":{"@type":"PropertyValueSpecification","valueRequired":true,"valueName":"search_term_string"}}],"inLanguage":"de"},{"@type":"Organization","@id":"https:\/\/dev.eliassen.nl\/de\/#organization","name":"Eliassen Home & Garden Pleasure","url":"https:\/\/dev.eliassen.nl\/de\/","logo":{"@type":"ImageObject","inLanguage":"de","@id":"https:\/\/dev.eliassen.nl\/de\/#\/schema\/logo\/image\/","url":"https:\/\/www.eliassen.nl\/wp-content\/uploads\/2024\/01\/logo_4nd.jpg","contentUrl":"https:\/\/www.eliassen.nl\/wp-content\/uploads\/2024\/01\/logo_4nd.jpg","width":500,"height":500,"caption":"Eliassen Home & Garden Pleasure"},"image":{"@id":"https:\/\/dev.eliassen.nl\/de\/#\/schema\/logo\/image\/"},"sameAs":["https:\/\/www.facebook.com\/TuincentrumEliassenAmmerzoden","https:\/\/www.instagram.com\/eliassenhomeandgarden\/","https:\/\/nl.pinterest.com\/eliassenhomeandgarden\/","https:\/\/www.youtube.com\/@eliassenhomegardenpleasure4558"]}]}},"df_price":179,"df_sale_price":"","df_regular_price":179,"df_image_link":"https:\/\/dev.eliassen.nl\/wp-content\/uploads\/2024\/01\/thumbnailpolished.jpg","image":"https:\/\/dev.eliassen.nl\/wp-content\/uploads\/2024\/01\/thumbnailpolished.jpg","price_search":"<span class=\"woocommerce-Price-amount amount\"><bdi><span class=\"woocommerce-Price-currencySymbol\">&euro;<\/span>&nbsp;179,00<\/bdi><\/span>","category":"Sockel","_links":{"self":[{"href":"https:\/\/dev.eliassen.nl\/de\/wp-json\/wp\/v2\/product\/15307","targetHints":{"allow":["GET"]}}],"collection":[{"href":"https:\/\/dev.eliassen.nl\/de\/wp-json\/wp\/v2\/product"}],"about":[{"href":"https:\/\/dev.eliassen.nl\/de\/wp-json\/wp\/v2\/types\/product"}],"wp:featuredmedia":[{"embeddable":true,"href":"https:\/\/dev.eliassen.nl\/de\/wp-json\/wp\/v2\/media\/15298"}],"wp:attachment":[{"href":"https:\/\/dev.eliassen.nl\/de\/wp-json\/wp\/v2\/media?parent=15307"}],"wp:term":[{"taxonomy":"product_brand","embeddable":true,"href":"https:\/\/dev.eliassen.nl\/de\/wp-json\/wp\/v2\/product_brand?post=15307"},{"taxonomy":"product_cat","embeddable":true,"href":"https:\/\/dev.eliassen.nl\/de\/wp-json\/wp\/v2\/product_cat?post=15307"},{"taxonomy":"product_tag","embeddable":true,"href":"https:\/\/dev.eliassen.nl\/de\/wp-json\/wp\/v2\/product_tag?post=15307"}],"curies":[{"name":"wp","href":"https:\/\/api.w.org\/{rel}","templated":true}]}}