{"id":153296,"date":"2024-04-16T19:11:53","date_gmt":"2024-04-16T17:11:53","guid":{"rendered":"https:\/\/www.eliassen.nl\/?product=wanddecoratie-3d-fleurigheid-79cm"},"modified":"2024-12-05T17:08:20","modified_gmt":"2024-12-05T16:08:20","slug":"wanddekoration-3d-farbigkeit-79cm","status":"publish","type":"product","link":"https:\/\/dev.eliassen.nl\/de\/wanddekoration-3d-farbigkeit-79cm\/","title":{"rendered":"Wanddekoration 3D-Farbigkeit 79cm"},"content":{"rendered":"<p>Suchen Sie ein Kunstwerk in fr\u00f6hlichem Design? Dann werfen Sie einen Blick auf unsere farbenfrohe Wanddekoration aus farbenfrohen Blumen. Das Modell besteht aus Blumen in konvexen Formen und ist mit exotischen Farben gef\u00e4rbt, die einen sch\u00f6nen Kontrast zueinander bilden.<\/p>\n<p>Diese dreidimensionale Wanddekoration aus Metall mit 8 Blumen schm\u00fcckt jedes moderne Interieur oder jeden Garten wundersch\u00f6n. Diese attraktive und zeitlose Wanddekoration wird ein echter Hingucker sein.<br \/>Da es sich um ein menschliches Werk handelt, kann das Foto geringf\u00fcgig vom echten Exemplar abweichen.<\/p>\n<p><strong>Wir haben auch fast die gesamte Kollektion dieser Serie im Gesch\u00e4ft, was in den Niederlanden einzigartig ist. Nirgendwo sonst finden Sie eine so gro\u00dfe Sammlung. Gern geschehen.<\/strong><\/p>\n<ul>\n<li>Gr\u00f6\u00dfe: 60&#215;79 cm<\/li>\n<li>Material: Metall<\/li>\n<li>Farbe: Verschiedene<\/li>\n<li>Einfaches Aufh\u00e4ngen mit einer Schraube<\/li>\n<li>Schnell geliefert<\/li>\n<li>Gr\u00f6\u00dfte Sammlung in den Benelux-L\u00e4ndern, die auch live besichtigt werden kann<\/li>\n<li>1 Jahr Garantie<\/li>\n<\/ul>\n","protected":false},"excerpt":{"rendered":"<p>Farbenfrohe und fr\u00f6hliche Wanddeko<\/p>\n","protected":false},"featured_media":153284,"template":"","meta":{"_acf_changed":false},"product_brand":[],"product_cat":[512,509],"product_tag":[],"class_list":{"0":"post-153296","1":"product","2":"type-product","3":"status-publish","4":"has-post-thumbnail","6":"product_cat-3d-wanddekoration-ohne-rahmen","7":"product_cat-wanddekoration","9":"first","10":"instock","11":"taxable","12":"shipping-taxable","13":"purchasable","14":"product-type-simple"},"acf":[],"yoast_head":"<!-- This site is optimized with the Yoast SEO plugin v23.8 - https:\/\/yoast.com\/wordpress\/plugins\/seo\/ -->\n<title>Wanddecoratie 3d Fleurigheid 79cm<\/title>\n<meta name=\"description\" content=\"Kleurrijke wanddecoratie van metaal van verschillende vlinders. Dit metalen wanddesign is een echte eyecatcher voor elke type interieur. \u221a 1 jaar garantie\" \/>\n<meta name=\"robots\" content=\"noindex, follow, max-snippet:-1, max-image-preview:large, max-video-preview:-1\" \/>\n<meta property=\"og:locale\" content=\"de_DE\" \/>\n<meta property=\"og:type\" content=\"article\" \/>\n<meta property=\"og:title\" content=\"Wanddecoratie 3d Fleurigheid 79cm\" \/>\n<meta property=\"og:description\" content=\"Kleurrijke wanddecoratie van metaal van verschillende vlinders. Dit metalen wanddesign is een echte eyecatcher voor elke type interieur. \u221a 1 jaar garantie\" \/>\n<meta property=\"og:url\" content=\"https:\/\/dev.eliassen.nl\/de\/wanddekoration-3d-farbigkeit-79cm\/\" \/>\n<meta property=\"og:site_name\" content=\"Eliassen.nl\" \/>\n<meta property=\"article:publisher\" content=\"https:\/\/www.facebook.com\/TuincentrumEliassenAmmerzoden\" \/>\n<meta property=\"article:modified_time\" content=\"2024-12-05T16:08:20+00:00\" \/>\n<meta property=\"og:image\" content=\"https:\/\/dev.eliassen.nl\/wp-content\/uploads\/2024\/10\/wanddecoratiefleurigheideliassennl360030.jpg\" \/>\n\t<meta property=\"og:image:width\" content=\"1080\" \/>\n\t<meta property=\"og:image:height\" content=\"1440\" \/>\n\t<meta property=\"og:image:type\" content=\"image\/jpeg\" \/>\n<meta name=\"twitter:card\" content=\"summary_large_image\" \/>\n<script type=\"application\/ld+json\" class=\"yoast-schema-graph\">{\"@context\":\"https:\/\/schema.org\",\"@graph\":[{\"@type\":\"WebPage\",\"@id\":\"https:\/\/dev.eliassen.nl\/de\/wanddekoration-3d-farbigkeit-79cm\/\",\"url\":\"https:\/\/dev.eliassen.nl\/de\/wanddekoration-3d-farbigkeit-79cm\/\",\"name\":\"Wanddecoratie 3d Fleurigheid 79cm\",\"isPartOf\":{\"@id\":\"https:\/\/dev.eliassen.nl\/de\/#website\"},\"primaryImageOfPage\":{\"@id\":\"https:\/\/dev.eliassen.nl\/de\/wanddekoration-3d-farbigkeit-79cm\/#primaryimage\"},\"image\":{\"@id\":\"https:\/\/dev.eliassen.nl\/de\/wanddekoration-3d-farbigkeit-79cm\/#primaryimage\"},\"thumbnailUrl\":\"https:\/\/dev.eliassen.nl\/wp-content\/uploads\/2024\/10\/wanddecoratiefleurigheideliassennl360030.jpg\",\"datePublished\":\"2024-04-16T17:11:53+00:00\",\"dateModified\":\"2024-12-05T16:08:20+00:00\",\"description\":\"Kleurrijke wanddecoratie van metaal van verschillende vlinders. Dit metalen wanddesign is een echte eyecatcher voor elke type interieur. \u221a 1 jaar garantie\",\"breadcrumb\":{\"@id\":\"https:\/\/dev.eliassen.nl\/de\/wanddekoration-3d-farbigkeit-79cm\/#breadcrumb\"},\"inLanguage\":\"de\",\"potentialAction\":[{\"@type\":\"ReadAction\",\"target\":[\"https:\/\/dev.eliassen.nl\/de\/wanddekoration-3d-farbigkeit-79cm\/\"]}]},{\"@type\":\"ImageObject\",\"inLanguage\":\"de\",\"@id\":\"https:\/\/dev.eliassen.nl\/de\/wanddekoration-3d-farbigkeit-79cm\/#primaryimage\",\"url\":\"https:\/\/dev.eliassen.nl\/wp-content\/uploads\/2024\/10\/wanddecoratiefleurigheideliassennl360030.jpg\",\"contentUrl\":\"https:\/\/dev.eliassen.nl\/wp-content\/uploads\/2024\/10\/wanddecoratiefleurigheideliassennl360030.jpg\",\"width\":1080,\"height\":1440,\"caption\":\"Wanddecoratie Fleurigheid Eliassen.nl 360030\"},{\"@type\":\"BreadcrumbList\",\"@id\":\"https:\/\/dev.eliassen.nl\/de\/wanddekoration-3d-farbigkeit-79cm\/#breadcrumb\",\"itemListElement\":[{\"@type\":\"ListItem\",\"position\":1,\"name\":\"Home\",\"item\":\"https:\/\/dev.eliassen.nl\/de\/\"},{\"@type\":\"ListItem\",\"position\":2,\"name\":\"Shop\",\"item\":\"https:\/\/dev.eliassen.nl\/nl\/winkel\/\"},{\"@type\":\"ListItem\",\"position\":3,\"name\":\"Wanddekoration\",\"item\":\"https:\/\/dev.eliassen.nl\/de\/wanddekoration\/\"},{\"@type\":\"ListItem\",\"position\":4,\"name\":\"3D-Wanddekoration ohne Rahmen\",\"item\":\"https:\/\/dev.eliassen.nl\/de\/wanddekoration\/3d-wanddekoration-ohne-rahmen\/\"},{\"@type\":\"ListItem\",\"position\":5,\"name\":\"Wanddekoration 3D-Farbigkeit 79cm\"}]},{\"@type\":\"WebSite\",\"@id\":\"https:\/\/dev.eliassen.nl\/de\/#website\",\"url\":\"https:\/\/dev.eliassen.nl\/de\/\",\"name\":\"Eliassen Home & Garden Pleasure\",\"description\":\"\",\"publisher\":{\"@id\":\"https:\/\/dev.eliassen.nl\/de\/#organization\"},\"alternateName\":\"Eliassen.nl\",\"potentialAction\":[{\"@type\":\"SearchAction\",\"target\":{\"@type\":\"EntryPoint\",\"urlTemplate\":\"https:\/\/dev.eliassen.nl\/de\/?s={search_term_string}\"},\"query-input\":{\"@type\":\"PropertyValueSpecification\",\"valueRequired\":true,\"valueName\":\"search_term_string\"}}],\"inLanguage\":\"de\"},{\"@type\":\"Organization\",\"@id\":\"https:\/\/dev.eliassen.nl\/de\/#organization\",\"name\":\"Eliassen Home & Garden Pleasure\",\"url\":\"https:\/\/dev.eliassen.nl\/de\/\",\"logo\":{\"@type\":\"ImageObject\",\"inLanguage\":\"de\",\"@id\":\"https:\/\/dev.eliassen.nl\/de\/#\/schema\/logo\/image\/\",\"url\":\"https:\/\/www.eliassen.nl\/wp-content\/uploads\/2024\/01\/logo_4nd.jpg\",\"contentUrl\":\"https:\/\/www.eliassen.nl\/wp-content\/uploads\/2024\/01\/logo_4nd.jpg\",\"width\":500,\"height\":500,\"caption\":\"Eliassen Home & Garden Pleasure\"},\"image\":{\"@id\":\"https:\/\/dev.eliassen.nl\/de\/#\/schema\/logo\/image\/\"},\"sameAs\":[\"https:\/\/www.facebook.com\/TuincentrumEliassenAmmerzoden\",\"https:\/\/www.instagram.com\/eliassenhomeandgarden\/\",\"https:\/\/nl.pinterest.com\/eliassenhomeandgarden\/\",\"https:\/\/www.youtube.com\/@eliassenhomegardenpleasure4558\"]}]}<\/script>\n<!-- \/ Yoast SEO plugin. -->","yoast_head_json":{"title":"Wanddecoratie 3d Fleurigheid 79cm","description":"Kleurrijke wanddecoratie van metaal van verschillende vlinders. Dit metalen wanddesign is een echte eyecatcher voor elke type interieur. \u221a 1 jaar garantie","robots":{"index":"noindex","follow":"follow","max-snippet":"max-snippet:-1","max-image-preview":"max-image-preview:large","max-video-preview":"max-video-preview:-1"},"og_locale":"de_DE","og_type":"article","og_title":"Wanddecoratie 3d Fleurigheid 79cm","og_description":"Kleurrijke wanddecoratie van metaal van verschillende vlinders. Dit metalen wanddesign is een echte eyecatcher voor elke type interieur. \u221a 1 jaar garantie","og_url":"https:\/\/dev.eliassen.nl\/de\/wanddekoration-3d-farbigkeit-79cm\/","og_site_name":"Eliassen.nl","article_publisher":"https:\/\/www.facebook.com\/TuincentrumEliassenAmmerzoden","article_modified_time":"2024-12-05T16:08:20+00:00","og_image":[{"width":1080,"height":1440,"url":"https:\/\/dev.eliassen.nl\/wp-content\/uploads\/2024\/10\/wanddecoratiefleurigheideliassennl360030.jpg","type":"image\/jpeg"}],"twitter_card":"summary_large_image","schema":{"@context":"https:\/\/schema.org","@graph":[{"@type":"WebPage","@id":"https:\/\/dev.eliassen.nl\/de\/wanddekoration-3d-farbigkeit-79cm\/","url":"https:\/\/dev.eliassen.nl\/de\/wanddekoration-3d-farbigkeit-79cm\/","name":"Wanddecoratie 3d Fleurigheid 79cm","isPartOf":{"@id":"https:\/\/dev.eliassen.nl\/de\/#website"},"primaryImageOfPage":{"@id":"https:\/\/dev.eliassen.nl\/de\/wanddekoration-3d-farbigkeit-79cm\/#primaryimage"},"image":{"@id":"https:\/\/dev.eliassen.nl\/de\/wanddekoration-3d-farbigkeit-79cm\/#primaryimage"},"thumbnailUrl":"https:\/\/dev.eliassen.nl\/wp-content\/uploads\/2024\/10\/wanddecoratiefleurigheideliassennl360030.jpg","datePublished":"2024-04-16T17:11:53+00:00","dateModified":"2024-12-05T16:08:20+00:00","description":"Kleurrijke wanddecoratie van metaal van verschillende vlinders. Dit metalen wanddesign is een echte eyecatcher voor elke type interieur. \u221a 1 jaar garantie","breadcrumb":{"@id":"https:\/\/dev.eliassen.nl\/de\/wanddekoration-3d-farbigkeit-79cm\/#breadcrumb"},"inLanguage":"de","potentialAction":[{"@type":"ReadAction","target":["https:\/\/dev.eliassen.nl\/de\/wanddekoration-3d-farbigkeit-79cm\/"]}]},{"@type":"ImageObject","inLanguage":"de","@id":"https:\/\/dev.eliassen.nl\/de\/wanddekoration-3d-farbigkeit-79cm\/#primaryimage","url":"https:\/\/dev.eliassen.nl\/wp-content\/uploads\/2024\/10\/wanddecoratiefleurigheideliassennl360030.jpg","contentUrl":"https:\/\/dev.eliassen.nl\/wp-content\/uploads\/2024\/10\/wanddecoratiefleurigheideliassennl360030.jpg","width":1080,"height":1440,"caption":"Wanddecoratie Fleurigheid Eliassen.nl 360030"},{"@type":"BreadcrumbList","@id":"https:\/\/dev.eliassen.nl\/de\/wanddekoration-3d-farbigkeit-79cm\/#breadcrumb","itemListElement":[{"@type":"ListItem","position":1,"name":"Home","item":"https:\/\/dev.eliassen.nl\/de\/"},{"@type":"ListItem","position":2,"name":"Shop","item":"https:\/\/dev.eliassen.nl\/nl\/winkel\/"},{"@type":"ListItem","position":3,"name":"Wanddekoration","item":"https:\/\/dev.eliassen.nl\/de\/wanddekoration\/"},{"@type":"ListItem","position":4,"name":"3D-Wanddekoration ohne Rahmen","item":"https:\/\/dev.eliassen.nl\/de\/wanddekoration\/3d-wanddekoration-ohne-rahmen\/"},{"@type":"ListItem","position":5,"name":"Wanddekoration 3D-Farbigkeit 79cm"}]},{"@type":"WebSite","@id":"https:\/\/dev.eliassen.nl\/de\/#website","url":"https:\/\/dev.eliassen.nl\/de\/","name":"Eliassen Home & Garden Pleasure","description":"","publisher":{"@id":"https:\/\/dev.eliassen.nl\/de\/#organization"},"alternateName":"Eliassen.nl","potentialAction":[{"@type":"SearchAction","target":{"@type":"EntryPoint","urlTemplate":"https:\/\/dev.eliassen.nl\/de\/?s={search_term_string}"},"query-input":{"@type":"PropertyValueSpecification","valueRequired":true,"valueName":"search_term_string"}}],"inLanguage":"de"},{"@type":"Organization","@id":"https:\/\/dev.eliassen.nl\/de\/#organization","name":"Eliassen Home & Garden Pleasure","url":"https:\/\/dev.eliassen.nl\/de\/","logo":{"@type":"ImageObject","inLanguage":"de","@id":"https:\/\/dev.eliassen.nl\/de\/#\/schema\/logo\/image\/","url":"https:\/\/www.eliassen.nl\/wp-content\/uploads\/2024\/01\/logo_4nd.jpg","contentUrl":"https:\/\/www.eliassen.nl\/wp-content\/uploads\/2024\/01\/logo_4nd.jpg","width":500,"height":500,"caption":"Eliassen Home & Garden Pleasure"},"image":{"@id":"https:\/\/dev.eliassen.nl\/de\/#\/schema\/logo\/image\/"},"sameAs":["https:\/\/www.facebook.com\/TuincentrumEliassenAmmerzoden","https:\/\/www.instagram.com\/eliassenhomeandgarden\/","https:\/\/nl.pinterest.com\/eliassenhomeandgarden\/","https:\/\/www.youtube.com\/@eliassenhomegardenpleasure4558"]}]}},"df_price":49.5,"df_sale_price":"","df_regular_price":49.5,"df_image_link":"https:\/\/dev.eliassen.nl\/wp-content\/uploads\/2024\/10\/wanddecoratiefleurigheideliassennl360030.jpg","image":"https:\/\/dev.eliassen.nl\/wp-content\/uploads\/2024\/10\/wanddecoratiefleurigheideliassennl360030.jpg","price_search":"<span class=\"woocommerce-Price-amount amount\"><bdi><span class=\"woocommerce-Price-currencySymbol\">&euro;<\/span>&nbsp;49,50<\/bdi><\/span>","category":"3D-Wanddekoration ohne Rahmen","_links":{"self":[{"href":"https:\/\/dev.eliassen.nl\/de\/wp-json\/wp\/v2\/product\/153296","targetHints":{"allow":["GET"]}}],"collection":[{"href":"https:\/\/dev.eliassen.nl\/de\/wp-json\/wp\/v2\/product"}],"about":[{"href":"https:\/\/dev.eliassen.nl\/de\/wp-json\/wp\/v2\/types\/product"}],"wp:featuredmedia":[{"embeddable":true,"href":"https:\/\/dev.eliassen.nl\/de\/wp-json\/wp\/v2\/media\/153284"}],"wp:attachment":[{"href":"https:\/\/dev.eliassen.nl\/de\/wp-json\/wp\/v2\/media?parent=153296"}],"wp:term":[{"taxonomy":"product_brand","embeddable":true,"href":"https:\/\/dev.eliassen.nl\/de\/wp-json\/wp\/v2\/product_brand?post=153296"},{"taxonomy":"product_cat","embeddable":true,"href":"https:\/\/dev.eliassen.nl\/de\/wp-json\/wp\/v2\/product_cat?post=153296"},{"taxonomy":"product_tag","embeddable":true,"href":"https:\/\/dev.eliassen.nl\/de\/wp-json\/wp\/v2\/product_tag?post=153296"}],"curies":[{"name":"wp","href":"https:\/\/api.w.org\/{rel}","templated":true}]}}