{"id":153767,"date":"2024-04-27T13:07:55","date_gmt":"2024-04-27T11:07:55","guid":{"rendered":"https:\/\/www.eliassen.nl\/?product=draadschilderij-abstrakt-verenjurk-50x73cm"},"modified":"2024-12-05T17:10:02","modified_gmt":"2024-12-05T16:10:02","slug":"drahtmalerei-abstraktes-federkleid-50x73cm","status":"publish","type":"product","link":"https:\/\/dev.eliassen.nl\/de\/drahtmalerei-abstraktes-federkleid-50x73cm\/","title":{"rendered":"Drahtmalerei abstraktes Federkleid 50x73cm"},"content":{"rendered":"<p>Dieses brandneue abstrakte Modell eines Drahtgem\u00e4ldes mit Federkleid wird sicherlich einen sch\u00f6nen Platz in Ihrem modernen oder eleganten Interieur finden.<\/p>\n<p>Die gesamte Fl\u00e4che dieser Wanddekoration ist mit F\u00e4den bedeckt, die anschlie\u00dfend eingef\u00e4rbt werden, sodass ein Bild mit einer ganz besonderen nat\u00fcrlichen Optik entsteht.<\/p>\n<p>Bei diesem handgefertigten Webgem\u00e4lde k\u00f6nnen manchmal Unvollkommenheiten auftreten, was normal ist und nicht beanstandet werden kann.<\/p>\n<p><strong>Neugierig, wie diese Gem\u00e4lde im wirklichen Leben aussehen? Kommen Sie gerne live bei uns im Laden vorbei, der Kaffee ist fertig!!<\/strong><\/p>\n<ul>\n<li>Gr\u00f6\u00dfe: 50x73cm hoch<\/li>\n<li>Material: Draht und Holz<\/li>\n<li>Dicke 2,5 cm<\/li>\n<li>Mit Rahmen<\/li>\n<li>Nur f\u00fcr den Innengebrauch<\/li>\n<\/ul>\n","protected":false},"excerpt":{"rendered":"<p>Sehr modernes Gem\u00e4lde, hergestellt mit F\u00e4den<\/p>\n","protected":false},"featured_media":153764,"template":"","meta":{"_acf_changed":false},"product_brand":[6948],"product_cat":[6993,410],"product_tag":[],"class_list":{"0":"post-153767","1":"product","2":"type-product","3":"status-publish","4":"has-post-thumbnail","6":"product_brand-homebound-de","7":"product_cat-drahtgemaelde","8":"product_cat-gemaelde","10":"first","11":"instock","12":"taxable","13":"shipping-taxable","14":"purchasable","15":"product-type-simple"},"acf":[],"yoast_head":"<!-- This site is optimized with the Yoast SEO plugin v23.8 - https:\/\/yoast.com\/wordpress\/plugins\/seo\/ -->\n<title>Draadschilderij abstrakt Verenjurk 50x73cm<\/title>\n<meta name=\"description\" content=\"Draadschilderijen; Kijk snel in de webshop van Eliassen, of kom live kijken, de koffie staat klaar !!\" \/>\n<meta name=\"robots\" content=\"noindex, follow, max-snippet:-1, max-image-preview:large, max-video-preview:-1\" \/>\n<meta property=\"og:locale\" content=\"de_DE\" \/>\n<meta property=\"og:type\" content=\"article\" \/>\n<meta property=\"og:title\" content=\"Draadschilderij abstrakt Verenjurk 50x73cm\" \/>\n<meta property=\"og:description\" content=\"Draadschilderijen; Kijk snel in de webshop van Eliassen, of kom live kijken, de koffie staat klaar !!\" \/>\n<meta property=\"og:url\" content=\"https:\/\/dev.eliassen.nl\/de\/drahtmalerei-abstraktes-federkleid-50x73cm\/\" \/>\n<meta property=\"og:site_name\" content=\"Eliassen.nl\" \/>\n<meta property=\"article:publisher\" content=\"https:\/\/www.facebook.com\/TuincentrumEliassenAmmerzoden\" \/>\n<meta property=\"article:modified_time\" content=\"2024-12-05T16:10:02+00:00\" \/>\n<meta property=\"og:image\" content=\"https:\/\/dev.eliassen.nl\/wp-content\/uploads\/2024\/10\/draadschilderijverenjurkeliassennlfk6065.jpg\" \/>\n\t<meta property=\"og:image:width\" content=\"1000\" \/>\n\t<meta property=\"og:image:height\" content=\"1000\" \/>\n\t<meta property=\"og:image:type\" content=\"image\/jpeg\" \/>\n<meta name=\"twitter:card\" content=\"summary_large_image\" \/>\n<script type=\"application\/ld+json\" class=\"yoast-schema-graph\">{\"@context\":\"https:\/\/schema.org\",\"@graph\":[{\"@type\":\"WebPage\",\"@id\":\"https:\/\/dev.eliassen.nl\/de\/drahtmalerei-abstraktes-federkleid-50x73cm\/\",\"url\":\"https:\/\/dev.eliassen.nl\/de\/drahtmalerei-abstraktes-federkleid-50x73cm\/\",\"name\":\"Draadschilderij abstrakt Verenjurk 50x73cm\",\"isPartOf\":{\"@id\":\"https:\/\/dev.eliassen.nl\/de\/#website\"},\"primaryImageOfPage\":{\"@id\":\"https:\/\/dev.eliassen.nl\/de\/drahtmalerei-abstraktes-federkleid-50x73cm\/#primaryimage\"},\"image\":{\"@id\":\"https:\/\/dev.eliassen.nl\/de\/drahtmalerei-abstraktes-federkleid-50x73cm\/#primaryimage\"},\"thumbnailUrl\":\"https:\/\/dev.eliassen.nl\/wp-content\/uploads\/2024\/10\/draadschilderijverenjurkeliassennlfk6065.jpg\",\"datePublished\":\"2024-04-27T11:07:55+00:00\",\"dateModified\":\"2024-12-05T16:10:02+00:00\",\"description\":\"Draadschilderijen; Kijk snel in de webshop van Eliassen, of kom live kijken, de koffie staat klaar !!\",\"breadcrumb\":{\"@id\":\"https:\/\/dev.eliassen.nl\/de\/drahtmalerei-abstraktes-federkleid-50x73cm\/#breadcrumb\"},\"inLanguage\":\"de\",\"potentialAction\":[{\"@type\":\"ReadAction\",\"target\":[\"https:\/\/dev.eliassen.nl\/de\/drahtmalerei-abstraktes-federkleid-50x73cm\/\"]}]},{\"@type\":\"ImageObject\",\"inLanguage\":\"de\",\"@id\":\"https:\/\/dev.eliassen.nl\/de\/drahtmalerei-abstraktes-federkleid-50x73cm\/#primaryimage\",\"url\":\"https:\/\/dev.eliassen.nl\/wp-content\/uploads\/2024\/10\/draadschilderijverenjurkeliassennlfk6065.jpg\",\"contentUrl\":\"https:\/\/dev.eliassen.nl\/wp-content\/uploads\/2024\/10\/draadschilderijverenjurkeliassennlfk6065.jpg\",\"width\":1000,\"height\":1000,\"caption\":\"Draadschilderij Verenjurk Eliassen.nl fk6065\"},{\"@type\":\"BreadcrumbList\",\"@id\":\"https:\/\/dev.eliassen.nl\/de\/drahtmalerei-abstraktes-federkleid-50x73cm\/#breadcrumb\",\"itemListElement\":[{\"@type\":\"ListItem\",\"position\":1,\"name\":\"Home\",\"item\":\"https:\/\/dev.eliassen.nl\/de\/\"},{\"@type\":\"ListItem\",\"position\":2,\"name\":\"Shop\",\"item\":\"https:\/\/dev.eliassen.nl\/nl\/winkel\/\"},{\"@type\":\"ListItem\",\"position\":3,\"name\":\"Drahtgem\u00e4lde\",\"item\":\"https:\/\/dev.eliassen.nl\/de\/product-categorie\/drahtgemaelde\/\"},{\"@type\":\"ListItem\",\"position\":4,\"name\":\"Drahtmalerei abstraktes Federkleid 50x73cm\"}]},{\"@type\":\"WebSite\",\"@id\":\"https:\/\/dev.eliassen.nl\/de\/#website\",\"url\":\"https:\/\/dev.eliassen.nl\/de\/\",\"name\":\"Eliassen Home & Garden Pleasure\",\"description\":\"\",\"publisher\":{\"@id\":\"https:\/\/dev.eliassen.nl\/de\/#organization\"},\"alternateName\":\"Eliassen.nl\",\"potentialAction\":[{\"@type\":\"SearchAction\",\"target\":{\"@type\":\"EntryPoint\",\"urlTemplate\":\"https:\/\/dev.eliassen.nl\/de\/?s={search_term_string}\"},\"query-input\":{\"@type\":\"PropertyValueSpecification\",\"valueRequired\":true,\"valueName\":\"search_term_string\"}}],\"inLanguage\":\"de\"},{\"@type\":\"Organization\",\"@id\":\"https:\/\/dev.eliassen.nl\/de\/#organization\",\"name\":\"Eliassen Home & Garden Pleasure\",\"url\":\"https:\/\/dev.eliassen.nl\/de\/\",\"logo\":{\"@type\":\"ImageObject\",\"inLanguage\":\"de\",\"@id\":\"https:\/\/dev.eliassen.nl\/de\/#\/schema\/logo\/image\/\",\"url\":\"https:\/\/www.eliassen.nl\/wp-content\/uploads\/2024\/01\/logo_4nd.jpg\",\"contentUrl\":\"https:\/\/www.eliassen.nl\/wp-content\/uploads\/2024\/01\/logo_4nd.jpg\",\"width\":500,\"height\":500,\"caption\":\"Eliassen Home & Garden Pleasure\"},\"image\":{\"@id\":\"https:\/\/dev.eliassen.nl\/de\/#\/schema\/logo\/image\/\"},\"sameAs\":[\"https:\/\/www.facebook.com\/TuincentrumEliassenAmmerzoden\",\"https:\/\/www.instagram.com\/eliassenhomeandgarden\/\",\"https:\/\/nl.pinterest.com\/eliassenhomeandgarden\/\",\"https:\/\/www.youtube.com\/@eliassenhomegardenpleasure4558\"]}]}<\/script>\n<!-- \/ Yoast SEO plugin. -->","yoast_head_json":{"title":"Draadschilderij abstrakt Verenjurk 50x73cm","description":"Draadschilderijen; Kijk snel in de webshop van Eliassen, of kom live kijken, de koffie staat klaar !!","robots":{"index":"noindex","follow":"follow","max-snippet":"max-snippet:-1","max-image-preview":"max-image-preview:large","max-video-preview":"max-video-preview:-1"},"og_locale":"de_DE","og_type":"article","og_title":"Draadschilderij abstrakt Verenjurk 50x73cm","og_description":"Draadschilderijen; Kijk snel in de webshop van Eliassen, of kom live kijken, de koffie staat klaar !!","og_url":"https:\/\/dev.eliassen.nl\/de\/drahtmalerei-abstraktes-federkleid-50x73cm\/","og_site_name":"Eliassen.nl","article_publisher":"https:\/\/www.facebook.com\/TuincentrumEliassenAmmerzoden","article_modified_time":"2024-12-05T16:10:02+00:00","og_image":[{"width":1000,"height":1000,"url":"https:\/\/dev.eliassen.nl\/wp-content\/uploads\/2024\/10\/draadschilderijverenjurkeliassennlfk6065.jpg","type":"image\/jpeg"}],"twitter_card":"summary_large_image","schema":{"@context":"https:\/\/schema.org","@graph":[{"@type":"WebPage","@id":"https:\/\/dev.eliassen.nl\/de\/drahtmalerei-abstraktes-federkleid-50x73cm\/","url":"https:\/\/dev.eliassen.nl\/de\/drahtmalerei-abstraktes-federkleid-50x73cm\/","name":"Draadschilderij abstrakt Verenjurk 50x73cm","isPartOf":{"@id":"https:\/\/dev.eliassen.nl\/de\/#website"},"primaryImageOfPage":{"@id":"https:\/\/dev.eliassen.nl\/de\/drahtmalerei-abstraktes-federkleid-50x73cm\/#primaryimage"},"image":{"@id":"https:\/\/dev.eliassen.nl\/de\/drahtmalerei-abstraktes-federkleid-50x73cm\/#primaryimage"},"thumbnailUrl":"https:\/\/dev.eliassen.nl\/wp-content\/uploads\/2024\/10\/draadschilderijverenjurkeliassennlfk6065.jpg","datePublished":"2024-04-27T11:07:55+00:00","dateModified":"2024-12-05T16:10:02+00:00","description":"Draadschilderijen; Kijk snel in de webshop van Eliassen, of kom live kijken, de koffie staat klaar !!","breadcrumb":{"@id":"https:\/\/dev.eliassen.nl\/de\/drahtmalerei-abstraktes-federkleid-50x73cm\/#breadcrumb"},"inLanguage":"de","potentialAction":[{"@type":"ReadAction","target":["https:\/\/dev.eliassen.nl\/de\/drahtmalerei-abstraktes-federkleid-50x73cm\/"]}]},{"@type":"ImageObject","inLanguage":"de","@id":"https:\/\/dev.eliassen.nl\/de\/drahtmalerei-abstraktes-federkleid-50x73cm\/#primaryimage","url":"https:\/\/dev.eliassen.nl\/wp-content\/uploads\/2024\/10\/draadschilderijverenjurkeliassennlfk6065.jpg","contentUrl":"https:\/\/dev.eliassen.nl\/wp-content\/uploads\/2024\/10\/draadschilderijverenjurkeliassennlfk6065.jpg","width":1000,"height":1000,"caption":"Draadschilderij Verenjurk Eliassen.nl fk6065"},{"@type":"BreadcrumbList","@id":"https:\/\/dev.eliassen.nl\/de\/drahtmalerei-abstraktes-federkleid-50x73cm\/#breadcrumb","itemListElement":[{"@type":"ListItem","position":1,"name":"Home","item":"https:\/\/dev.eliassen.nl\/de\/"},{"@type":"ListItem","position":2,"name":"Shop","item":"https:\/\/dev.eliassen.nl\/nl\/winkel\/"},{"@type":"ListItem","position":3,"name":"Drahtgem\u00e4lde","item":"https:\/\/dev.eliassen.nl\/de\/product-categorie\/drahtgemaelde\/"},{"@type":"ListItem","position":4,"name":"Drahtmalerei abstraktes Federkleid 50x73cm"}]},{"@type":"WebSite","@id":"https:\/\/dev.eliassen.nl\/de\/#website","url":"https:\/\/dev.eliassen.nl\/de\/","name":"Eliassen Home & Garden Pleasure","description":"","publisher":{"@id":"https:\/\/dev.eliassen.nl\/de\/#organization"},"alternateName":"Eliassen.nl","potentialAction":[{"@type":"SearchAction","target":{"@type":"EntryPoint","urlTemplate":"https:\/\/dev.eliassen.nl\/de\/?s={search_term_string}"},"query-input":{"@type":"PropertyValueSpecification","valueRequired":true,"valueName":"search_term_string"}}],"inLanguage":"de"},{"@type":"Organization","@id":"https:\/\/dev.eliassen.nl\/de\/#organization","name":"Eliassen Home & Garden Pleasure","url":"https:\/\/dev.eliassen.nl\/de\/","logo":{"@type":"ImageObject","inLanguage":"de","@id":"https:\/\/dev.eliassen.nl\/de\/#\/schema\/logo\/image\/","url":"https:\/\/www.eliassen.nl\/wp-content\/uploads\/2024\/01\/logo_4nd.jpg","contentUrl":"https:\/\/www.eliassen.nl\/wp-content\/uploads\/2024\/01\/logo_4nd.jpg","width":500,"height":500,"caption":"Eliassen Home & Garden Pleasure"},"image":{"@id":"https:\/\/dev.eliassen.nl\/de\/#\/schema\/logo\/image\/"},"sameAs":["https:\/\/www.facebook.com\/TuincentrumEliassenAmmerzoden","https:\/\/www.instagram.com\/eliassenhomeandgarden\/","https:\/\/nl.pinterest.com\/eliassenhomeandgarden\/","https:\/\/www.youtube.com\/@eliassenhomegardenpleasure4558"]}]}},"df_price":25,"df_sale_price":"","df_regular_price":25,"df_image_link":"https:\/\/dev.eliassen.nl\/wp-content\/uploads\/2024\/10\/draadschilderijverenjurkeliassennlfk6065.jpg","image":"https:\/\/dev.eliassen.nl\/wp-content\/uploads\/2024\/10\/draadschilderijverenjurkeliassennlfk6065.jpg","price_search":"<span class=\"woocommerce-Price-amount amount\"><bdi><span class=\"woocommerce-Price-currencySymbol\">&euro;<\/span>&nbsp;25,00<\/bdi><\/span>","category":"Drahtgem\u00e4lde","_links":{"self":[{"href":"https:\/\/dev.eliassen.nl\/de\/wp-json\/wp\/v2\/product\/153767","targetHints":{"allow":["GET"]}}],"collection":[{"href":"https:\/\/dev.eliassen.nl\/de\/wp-json\/wp\/v2\/product"}],"about":[{"href":"https:\/\/dev.eliassen.nl\/de\/wp-json\/wp\/v2\/types\/product"}],"wp:featuredmedia":[{"embeddable":true,"href":"https:\/\/dev.eliassen.nl\/de\/wp-json\/wp\/v2\/media\/153764"}],"wp:attachment":[{"href":"https:\/\/dev.eliassen.nl\/de\/wp-json\/wp\/v2\/media?parent=153767"}],"wp:term":[{"taxonomy":"product_brand","embeddable":true,"href":"https:\/\/dev.eliassen.nl\/de\/wp-json\/wp\/v2\/product_brand?post=153767"},{"taxonomy":"product_cat","embeddable":true,"href":"https:\/\/dev.eliassen.nl\/de\/wp-json\/wp\/v2\/product_cat?post=153767"},{"taxonomy":"product_tag","embeddable":true,"href":"https:\/\/dev.eliassen.nl\/de\/wp-json\/wp\/v2\/product_tag?post=153767"}],"curies":[{"name":"wp","href":"https:\/\/api.w.org\/{rel}","templated":true}]}}