{"id":154022,"date":"2024-05-01T19:23:59","date_gmt":"2024-05-01T17:23:59","guid":{"rendered":"https:\/\/www.eliassen.nl\/?product=sculptuur-brons-hand-voor-hoofd-42cm"},"modified":"2024-12-05T17:10:49","modified_gmt":"2024-12-05T16:10:49","slug":"skulptur-bronze-hand-fur-kopf-42cm","status":"publish","type":"product","link":"https:\/\/dev.eliassen.nl\/de\/skulptur-bronze-hand-fur-kopf-42cm\/","title":{"rendered":"Skulptur Bronze Hand f\u00fcr Kopf 42cm"},"content":{"rendered":"<p>Wundersch\u00f6ne Bronzeskulptur eines Kopfes mit einer Hand davor. Sehr sch\u00f6n detailliert und traditionell im Wachsausschmelzverfahren hergestellt.<\/p>\n<p>F\u00fcr eine problemlose Verwendung wurden f\u00fcr diese Bronzestatue mindestens 75 % Bronze verwendet. Die Gr\u00f6\u00dfe dieser Bronzestatue umfasst einen Marmorsockel.<\/p>\n<p>Wenn Bronzestatuen im Freien aufgestellt werden, werden sie mit der Zeit stumpfer; sie k\u00f6nnen mit Bienenwachs wieder in ihren urspr\u00fcnglichen Zustand versetzt und gepflegt werden.<\/p>\n<ul>\n<li>Gr\u00f6\u00dfe: 10x12x42cm hoch<\/li>\n<li>Material: Bronze<\/li>\n<li>Farbe: braun<\/li>\n<li>Garantie: 10 Jahre<\/li>\n<li><strong>Kommen Sie gerne vorbei und schauen Sie uns live in unserem Laden zu, der Kaffee ist fertig!!<\/strong><\/li>\n<\/ul>\n","protected":false},"excerpt":{"rendered":"<p>Echte Bronzestatue f\u00fcr drinnen oder drau\u00dfen<\/p>\n","protected":false},"featured_media":154016,"template":"","meta":{"_acf_changed":false},"product_brand":[],"product_cat":[803,613,7239],"product_tag":[],"class_list":{"0":"post-154022","1":"product","2":"type-product","3":"status-publish","4":"has-post-thumbnail","6":"product_cat-abstrakte-statuen-aus-bronze","7":"product_cat-bronzestatuen","8":"product_cat-statuen-skulpturen","10":"first","11":"instock","12":"taxable","13":"shipping-taxable","14":"purchasable","15":"product-type-simple"},"acf":[],"yoast_head":"<!-- This site is optimized with the Yoast SEO plugin v23.8 - https:\/\/yoast.com\/wordpress\/plugins\/seo\/ -->\n<title>Sculptuur brons Hand voor hoofd 42cm<\/title>\n<meta name=\"description\" content=\"Bronzen beelden: Bekijk onze collectie in de webshop van Eliassen, of kom het live bekijken in onze zaak!! De koffie staat klaar !!\" \/>\n<meta name=\"robots\" content=\"noindex, follow, max-snippet:-1, max-image-preview:large, max-video-preview:-1\" \/>\n<meta property=\"og:locale\" content=\"de_DE\" \/>\n<meta property=\"og:type\" content=\"article\" \/>\n<meta property=\"og:title\" content=\"Sculptuur brons Hand voor hoofd 42cm\" \/>\n<meta property=\"og:description\" content=\"Bronzen beelden: Bekijk onze collectie in de webshop van Eliassen, of kom het live bekijken in onze zaak!! De koffie staat klaar !!\" \/>\n<meta property=\"og:url\" content=\"https:\/\/dev.eliassen.nl\/de\/skulptur-bronze-hand-fur-kopf-42cm\/\" \/>\n<meta property=\"og:site_name\" content=\"Eliassen.nl\" \/>\n<meta property=\"article:publisher\" content=\"https:\/\/www.facebook.com\/TuincentrumEliassenAmmerzoden\" \/>\n<meta property=\"article:modified_time\" content=\"2024-12-05T16:10:49+00:00\" \/>\n<meta property=\"og:image\" content=\"https:\/\/dev.eliassen.nl\/wp-content\/uploads\/2024\/10\/sculptuurbrondhandvoorhoofdeliassennlyb532.jpg\" \/>\n\t<meta property=\"og:image:width\" content=\"2048\" \/>\n\t<meta property=\"og:image:height\" content=\"2048\" \/>\n\t<meta property=\"og:image:type\" content=\"image\/jpeg\" \/>\n<meta name=\"twitter:card\" content=\"summary_large_image\" \/>\n<script type=\"application\/ld+json\" class=\"yoast-schema-graph\">{\"@context\":\"https:\/\/schema.org\",\"@graph\":[{\"@type\":\"WebPage\",\"@id\":\"https:\/\/dev.eliassen.nl\/de\/skulptur-bronze-hand-fur-kopf-42cm\/\",\"url\":\"https:\/\/dev.eliassen.nl\/de\/skulptur-bronze-hand-fur-kopf-42cm\/\",\"name\":\"Sculptuur brons Hand voor hoofd 42cm\",\"isPartOf\":{\"@id\":\"https:\/\/dev.eliassen.nl\/de\/#website\"},\"primaryImageOfPage\":{\"@id\":\"https:\/\/dev.eliassen.nl\/de\/skulptur-bronze-hand-fur-kopf-42cm\/#primaryimage\"},\"image\":{\"@id\":\"https:\/\/dev.eliassen.nl\/de\/skulptur-bronze-hand-fur-kopf-42cm\/#primaryimage\"},\"thumbnailUrl\":\"https:\/\/dev.eliassen.nl\/wp-content\/uploads\/2024\/10\/sculptuurbrondhandvoorhoofdeliassennlyb532.jpg\",\"datePublished\":\"2024-05-01T17:23:59+00:00\",\"dateModified\":\"2024-12-05T16:10:49+00:00\",\"description\":\"Bronzen beelden: Bekijk onze collectie in de webshop van Eliassen, of kom het live bekijken in onze zaak!! De koffie staat klaar !!\",\"breadcrumb\":{\"@id\":\"https:\/\/dev.eliassen.nl\/de\/skulptur-bronze-hand-fur-kopf-42cm\/#breadcrumb\"},\"inLanguage\":\"de\",\"potentialAction\":[{\"@type\":\"ReadAction\",\"target\":[\"https:\/\/dev.eliassen.nl\/de\/skulptur-bronze-hand-fur-kopf-42cm\/\"]}]},{\"@type\":\"ImageObject\",\"inLanguage\":\"de\",\"@id\":\"https:\/\/dev.eliassen.nl\/de\/skulptur-bronze-hand-fur-kopf-42cm\/#primaryimage\",\"url\":\"https:\/\/dev.eliassen.nl\/wp-content\/uploads\/2024\/10\/sculptuurbrondhandvoorhoofdeliassennlyb532.jpg\",\"contentUrl\":\"https:\/\/dev.eliassen.nl\/wp-content\/uploads\/2024\/10\/sculptuurbrondhandvoorhoofdeliassennlyb532.jpg\",\"width\":2048,\"height\":2048,\"caption\":\"Sculptuur brond Hand voor hoofd Eliassen.nl YB532\"},{\"@type\":\"BreadcrumbList\",\"@id\":\"https:\/\/dev.eliassen.nl\/de\/skulptur-bronze-hand-fur-kopf-42cm\/#breadcrumb\",\"itemListElement\":[{\"@type\":\"ListItem\",\"position\":1,\"name\":\"Home\",\"item\":\"https:\/\/dev.eliassen.nl\/de\/\"},{\"@type\":\"ListItem\",\"position\":2,\"name\":\"Shop\",\"item\":\"https:\/\/dev.eliassen.nl\/nl\/winkel\/\"},{\"@type\":\"ListItem\",\"position\":3,\"name\":\"Bronzestatuen\",\"item\":\"https:\/\/dev.eliassen.nl\/de\/bilder\/bronzestatuen\/\"},{\"@type\":\"ListItem\",\"position\":4,\"name\":\"Abstrakte Statuen aus Bronze\",\"item\":\"https:\/\/dev.eliassen.nl\/de\/bilder\/bronzestatuen\/abstrakte-statuen-aus-bronze\/\"},{\"@type\":\"ListItem\",\"position\":5,\"name\":\"Skulptur Bronze Hand f\u00fcr Kopf 42cm\"}]},{\"@type\":\"WebSite\",\"@id\":\"https:\/\/dev.eliassen.nl\/de\/#website\",\"url\":\"https:\/\/dev.eliassen.nl\/de\/\",\"name\":\"Eliassen Home & Garden Pleasure\",\"description\":\"\",\"publisher\":{\"@id\":\"https:\/\/dev.eliassen.nl\/de\/#organization\"},\"alternateName\":\"Eliassen.nl\",\"potentialAction\":[{\"@type\":\"SearchAction\",\"target\":{\"@type\":\"EntryPoint\",\"urlTemplate\":\"https:\/\/dev.eliassen.nl\/de\/?s={search_term_string}\"},\"query-input\":{\"@type\":\"PropertyValueSpecification\",\"valueRequired\":true,\"valueName\":\"search_term_string\"}}],\"inLanguage\":\"de\"},{\"@type\":\"Organization\",\"@id\":\"https:\/\/dev.eliassen.nl\/de\/#organization\",\"name\":\"Eliassen Home & Garden Pleasure\",\"url\":\"https:\/\/dev.eliassen.nl\/de\/\",\"logo\":{\"@type\":\"ImageObject\",\"inLanguage\":\"de\",\"@id\":\"https:\/\/dev.eliassen.nl\/de\/#\/schema\/logo\/image\/\",\"url\":\"https:\/\/www.eliassen.nl\/wp-content\/uploads\/2024\/01\/logo_4nd.jpg\",\"contentUrl\":\"https:\/\/www.eliassen.nl\/wp-content\/uploads\/2024\/01\/logo_4nd.jpg\",\"width\":500,\"height\":500,\"caption\":\"Eliassen Home & Garden Pleasure\"},\"image\":{\"@id\":\"https:\/\/dev.eliassen.nl\/de\/#\/schema\/logo\/image\/\"},\"sameAs\":[\"https:\/\/www.facebook.com\/TuincentrumEliassenAmmerzoden\",\"https:\/\/www.instagram.com\/eliassenhomeandgarden\/\",\"https:\/\/nl.pinterest.com\/eliassenhomeandgarden\/\",\"https:\/\/www.youtube.com\/@eliassenhomegardenpleasure4558\"]}]}<\/script>\n<!-- \/ Yoast SEO plugin. -->","yoast_head_json":{"title":"Sculptuur brons Hand voor hoofd 42cm","description":"Bronzen beelden: Bekijk onze collectie in de webshop van Eliassen, of kom het live bekijken in onze zaak!! De koffie staat klaar !!","robots":{"index":"noindex","follow":"follow","max-snippet":"max-snippet:-1","max-image-preview":"max-image-preview:large","max-video-preview":"max-video-preview:-1"},"og_locale":"de_DE","og_type":"article","og_title":"Sculptuur brons Hand voor hoofd 42cm","og_description":"Bronzen beelden: Bekijk onze collectie in de webshop van Eliassen, of kom het live bekijken in onze zaak!! De koffie staat klaar !!","og_url":"https:\/\/dev.eliassen.nl\/de\/skulptur-bronze-hand-fur-kopf-42cm\/","og_site_name":"Eliassen.nl","article_publisher":"https:\/\/www.facebook.com\/TuincentrumEliassenAmmerzoden","article_modified_time":"2024-12-05T16:10:49+00:00","og_image":[{"width":2048,"height":2048,"url":"https:\/\/dev.eliassen.nl\/wp-content\/uploads\/2024\/10\/sculptuurbrondhandvoorhoofdeliassennlyb532.jpg","type":"image\/jpeg"}],"twitter_card":"summary_large_image","schema":{"@context":"https:\/\/schema.org","@graph":[{"@type":"WebPage","@id":"https:\/\/dev.eliassen.nl\/de\/skulptur-bronze-hand-fur-kopf-42cm\/","url":"https:\/\/dev.eliassen.nl\/de\/skulptur-bronze-hand-fur-kopf-42cm\/","name":"Sculptuur brons Hand voor hoofd 42cm","isPartOf":{"@id":"https:\/\/dev.eliassen.nl\/de\/#website"},"primaryImageOfPage":{"@id":"https:\/\/dev.eliassen.nl\/de\/skulptur-bronze-hand-fur-kopf-42cm\/#primaryimage"},"image":{"@id":"https:\/\/dev.eliassen.nl\/de\/skulptur-bronze-hand-fur-kopf-42cm\/#primaryimage"},"thumbnailUrl":"https:\/\/dev.eliassen.nl\/wp-content\/uploads\/2024\/10\/sculptuurbrondhandvoorhoofdeliassennlyb532.jpg","datePublished":"2024-05-01T17:23:59+00:00","dateModified":"2024-12-05T16:10:49+00:00","description":"Bronzen beelden: Bekijk onze collectie in de webshop van Eliassen, of kom het live bekijken in onze zaak!! De koffie staat klaar !!","breadcrumb":{"@id":"https:\/\/dev.eliassen.nl\/de\/skulptur-bronze-hand-fur-kopf-42cm\/#breadcrumb"},"inLanguage":"de","potentialAction":[{"@type":"ReadAction","target":["https:\/\/dev.eliassen.nl\/de\/skulptur-bronze-hand-fur-kopf-42cm\/"]}]},{"@type":"ImageObject","inLanguage":"de","@id":"https:\/\/dev.eliassen.nl\/de\/skulptur-bronze-hand-fur-kopf-42cm\/#primaryimage","url":"https:\/\/dev.eliassen.nl\/wp-content\/uploads\/2024\/10\/sculptuurbrondhandvoorhoofdeliassennlyb532.jpg","contentUrl":"https:\/\/dev.eliassen.nl\/wp-content\/uploads\/2024\/10\/sculptuurbrondhandvoorhoofdeliassennlyb532.jpg","width":2048,"height":2048,"caption":"Sculptuur brond Hand voor hoofd Eliassen.nl YB532"},{"@type":"BreadcrumbList","@id":"https:\/\/dev.eliassen.nl\/de\/skulptur-bronze-hand-fur-kopf-42cm\/#breadcrumb","itemListElement":[{"@type":"ListItem","position":1,"name":"Home","item":"https:\/\/dev.eliassen.nl\/de\/"},{"@type":"ListItem","position":2,"name":"Shop","item":"https:\/\/dev.eliassen.nl\/nl\/winkel\/"},{"@type":"ListItem","position":3,"name":"Bronzestatuen","item":"https:\/\/dev.eliassen.nl\/de\/bilder\/bronzestatuen\/"},{"@type":"ListItem","position":4,"name":"Abstrakte Statuen aus Bronze","item":"https:\/\/dev.eliassen.nl\/de\/bilder\/bronzestatuen\/abstrakte-statuen-aus-bronze\/"},{"@type":"ListItem","position":5,"name":"Skulptur Bronze Hand f\u00fcr Kopf 42cm"}]},{"@type":"WebSite","@id":"https:\/\/dev.eliassen.nl\/de\/#website","url":"https:\/\/dev.eliassen.nl\/de\/","name":"Eliassen Home & Garden Pleasure","description":"","publisher":{"@id":"https:\/\/dev.eliassen.nl\/de\/#organization"},"alternateName":"Eliassen.nl","potentialAction":[{"@type":"SearchAction","target":{"@type":"EntryPoint","urlTemplate":"https:\/\/dev.eliassen.nl\/de\/?s={search_term_string}"},"query-input":{"@type":"PropertyValueSpecification","valueRequired":true,"valueName":"search_term_string"}}],"inLanguage":"de"},{"@type":"Organization","@id":"https:\/\/dev.eliassen.nl\/de\/#organization","name":"Eliassen Home & Garden Pleasure","url":"https:\/\/dev.eliassen.nl\/de\/","logo":{"@type":"ImageObject","inLanguage":"de","@id":"https:\/\/dev.eliassen.nl\/de\/#\/schema\/logo\/image\/","url":"https:\/\/www.eliassen.nl\/wp-content\/uploads\/2024\/01\/logo_4nd.jpg","contentUrl":"https:\/\/www.eliassen.nl\/wp-content\/uploads\/2024\/01\/logo_4nd.jpg","width":500,"height":500,"caption":"Eliassen Home & Garden Pleasure"},"image":{"@id":"https:\/\/dev.eliassen.nl\/de\/#\/schema\/logo\/image\/"},"sameAs":["https:\/\/www.facebook.com\/TuincentrumEliassenAmmerzoden","https:\/\/www.instagram.com\/eliassenhomeandgarden\/","https:\/\/nl.pinterest.com\/eliassenhomeandgarden\/","https:\/\/www.youtube.com\/@eliassenhomegardenpleasure4558"]}]}},"df_price":330,"df_sale_price":"","df_regular_price":330,"df_image_link":"https:\/\/dev.eliassen.nl\/wp-content\/uploads\/2024\/10\/sculptuurbrondhandvoorhoofdeliassennlyb532.jpg","image":"https:\/\/dev.eliassen.nl\/wp-content\/uploads\/2024\/10\/sculptuurbrondhandvoorhoofdeliassennlyb532.jpg","price_search":"<span class=\"woocommerce-Price-amount amount\"><bdi><span class=\"woocommerce-Price-currencySymbol\">&euro;<\/span>&nbsp;330,00<\/bdi><\/span>","category":"Abstrakte Statuen aus Bronze","_links":{"self":[{"href":"https:\/\/dev.eliassen.nl\/de\/wp-json\/wp\/v2\/product\/154022","targetHints":{"allow":["GET"]}}],"collection":[{"href":"https:\/\/dev.eliassen.nl\/de\/wp-json\/wp\/v2\/product"}],"about":[{"href":"https:\/\/dev.eliassen.nl\/de\/wp-json\/wp\/v2\/types\/product"}],"wp:featuredmedia":[{"embeddable":true,"href":"https:\/\/dev.eliassen.nl\/de\/wp-json\/wp\/v2\/media\/154016"}],"wp:attachment":[{"href":"https:\/\/dev.eliassen.nl\/de\/wp-json\/wp\/v2\/media?parent=154022"}],"wp:term":[{"taxonomy":"product_brand","embeddable":true,"href":"https:\/\/dev.eliassen.nl\/de\/wp-json\/wp\/v2\/product_brand?post=154022"},{"taxonomy":"product_cat","embeddable":true,"href":"https:\/\/dev.eliassen.nl\/de\/wp-json\/wp\/v2\/product_cat?post=154022"},{"taxonomy":"product_tag","embeddable":true,"href":"https:\/\/dev.eliassen.nl\/de\/wp-json\/wp\/v2\/product_tag?post=154022"}],"curies":[{"name":"wp","href":"https:\/\/api.w.org\/{rel}","templated":true}]}}