{"id":154325,"date":"2024-05-07T19:24:34","date_gmt":"2024-05-07T17:24:34","guid":{"rendered":"https:\/\/www.eliassen.nl\/?product=glasvaas-brindisi-22cm-mix-colors"},"modified":"2024-12-05T17:11:18","modified_gmt":"2024-12-05T16:11:18","slug":"glasvase-brindisi-22cm-gemischte-farben","status":"publish","type":"product","link":"https:\/\/dev.eliassen.nl\/de\/glasvase-brindisi-22cm-gemischte-farben\/","title":{"rendered":"Glasvase Brindisi 22cm gemischte Farben"},"content":{"rendered":"<p class=\"x_MsoListParagraph\">Diese wundersch\u00f6ne halbhohe, spitz zulaufende Blumenvase der Topmarke Fidrio wird mit Sicherheit ein wertvolles Dekorationsst\u00fcck in Ihrem Interieur sein. Mit Blumen ist diese Glasvase sicherlich ein sch\u00f6ner Blickfang, aber auch ohne Blumen sieht diese Glasvase in jedem Interieur wundersch\u00f6n aus.<\/p>\n<p class=\"x_MsoListParagraph\">Alle Fidrio-Glasvasen werden auf traditionelle, handwerkliche Weise von Hand gefertigt. Das bearbeitbare superhei\u00dfe Glas wird in eine Holzform geblasen, wobei die Form als Grundform dient, die Farbt\u00f6ne und damit das Aussehen jedoch bei jeder Vase unterschiedlich sind. Bei den angegebenen Gr\u00f6\u00dfen handelt es sich stets um ca.-Ma\u00dfangaben.<\/p>\n<ul>\n<li class=\"x_MsoListParagraph\">Gr\u00f6\u00dfe: ca. 16x22cm hoch.<\/li>\n<li class=\"x_MsoListParagraph\">\u00d6ffnung: ca. 10,5 cm<\/li>\n<li class=\"x_MsoListParagraph\">Farbe: Verschiedene leuchtende Farben.<\/li>\n<li class=\"x_MsoListParagraph\">Material: hochwertiges mundgeblasenes europ\u00e4isches Glas.<\/li>\n<li class=\"x_MsoListParagraph\">1 Jahr Garantie.<\/li>\n<li class=\"x_MsoListParagraph\">Niemals mit hei\u00dfem Wasser reinigen.<\/li>\n<li class=\"x_MsoListParagraph\">Wird umweltfreundlich verpackt.<\/li>\n<li class=\"x_MsoListParagraph\">Das Foto dient nur als Beispiel.<\/li>\n<li class=\"x_MsoListParagraph\">F\u00fcr diesen Artikel gilt: KOSTENLOSER VERSAND INNERHALB DER NIEDERLANDE, die R\u00fccksendung des Produkts erfolgt auf eigene Gefahr und Kosten.<\/li>\n<\/ul>\n","protected":false},"excerpt":{"rendered":"<p>Wundersch\u00f6ne Glaswaren von h\u00f6chster Qualit\u00e4t. Abmessungen 16x22cm hoch. <\/p>\n","protected":false},"featured_media":154322,"template":"","meta":{"_acf_changed":false},"product_brand":[6950],"product_cat":[812,800,7060],"product_tag":[],"class_list":{"0":"post-154325","1":"product","2":"type-product","3":"status-publish","4":"has-post-thumbnail","6":"product_brand-fidrio-de","7":"product_cat-farbige-glasvasen","8":"product_cat-glaskunst","9":"product_cat-fidrio-glaskollektion","11":"first","12":"instock","13":"taxable","14":"shipping-taxable","15":"purchasable","16":"product-type-simple"},"acf":[],"yoast_head":"<!-- This site is optimized with the Yoast SEO plugin v23.8 - https:\/\/yoast.com\/wordpress\/plugins\/seo\/ -->\n<title>Glasvase Brindisi 22cm Farben mischen - Eliassen.nl<\/title>\n<meta name=\"description\" content=\"Suchen Sie eine farbige Blumenvase? Dieses sch\u00f6ne Modell mit verschiedenen warmen Farben wird Ihnen bestimmt gefallen. Hochwertiges Glas und mundgeblasen. Ei...\" \/>\n<meta name=\"robots\" content=\"noindex, follow, max-snippet:-1, max-image-preview:large, max-video-preview:-1\" \/>\n<meta property=\"og:locale\" content=\"de_DE\" \/>\n<meta property=\"og:type\" content=\"article\" \/>\n<meta property=\"og:title\" content=\"Glasvase Brindisi 22cm Farben mischen - Eliassen.nl\" \/>\n<meta property=\"og:description\" content=\"Suchen Sie eine farbige Blumenvase? Dieses sch\u00f6ne Modell mit verschiedenen warmen Farben wird Ihnen bestimmt gefallen. Hochwertiges Glas und mundgeblasen. Ei...\" \/>\n<meta property=\"og:url\" content=\"https:\/\/dev.eliassen.nl\/de\/glasvase-brindisi-22cm-gemischte-farben\/\" \/>\n<meta property=\"og:site_name\" content=\"Eliassen.nl\" \/>\n<meta property=\"article:publisher\" content=\"https:\/\/www.facebook.com\/TuincentrumEliassenAmmerzoden\" \/>\n<meta property=\"article:modified_time\" content=\"2024-12-05T16:11:18+00:00\" \/>\n<meta property=\"og:image\" content=\"https:\/\/dev.eliassen.nl\/wp-content\/uploads\/2024\/10\/4309378mcbrindisismallh22mixedcolourseliasse.jpg\" \/>\n\t<meta property=\"og:image:width\" content=\"2000\" \/>\n\t<meta property=\"og:image:height\" content=\"2000\" \/>\n\t<meta property=\"og:image:type\" content=\"image\/jpeg\" \/>\n<meta name=\"twitter:card\" content=\"summary_large_image\" \/>\n<script type=\"application\/ld+json\" class=\"yoast-schema-graph\">{\"@context\":\"https:\/\/schema.org\",\"@graph\":[{\"@type\":\"WebPage\",\"@id\":\"https:\/\/dev.eliassen.nl\/de\/glasvase-brindisi-22cm-gemischte-farben\/\",\"url\":\"https:\/\/dev.eliassen.nl\/de\/glasvase-brindisi-22cm-gemischte-farben\/\",\"name\":\"Glasvase Brindisi 22cm Farben mischen - Eliassen.nl\",\"isPartOf\":{\"@id\":\"https:\/\/dev.eliassen.nl\/de\/#website\"},\"primaryImageOfPage\":{\"@id\":\"https:\/\/dev.eliassen.nl\/de\/glasvase-brindisi-22cm-gemischte-farben\/#primaryimage\"},\"image\":{\"@id\":\"https:\/\/dev.eliassen.nl\/de\/glasvase-brindisi-22cm-gemischte-farben\/#primaryimage\"},\"thumbnailUrl\":\"https:\/\/dev.eliassen.nl\/wp-content\/uploads\/2024\/10\/4309378mcbrindisismallh22mixedcolourseliasse.jpg\",\"datePublished\":\"2024-05-07T17:24:34+00:00\",\"dateModified\":\"2024-12-05T16:11:18+00:00\",\"description\":\"Suchen Sie eine farbige Blumenvase? Dieses sch\u00f6ne Modell mit verschiedenen warmen Farben wird Ihnen bestimmt gefallen. Hochwertiges Glas und mundgeblasen. Ei...\",\"breadcrumb\":{\"@id\":\"https:\/\/dev.eliassen.nl\/de\/glasvase-brindisi-22cm-gemischte-farben\/#breadcrumb\"},\"inLanguage\":\"de\",\"potentialAction\":[{\"@type\":\"ReadAction\",\"target\":[\"https:\/\/dev.eliassen.nl\/de\/glasvase-brindisi-22cm-gemischte-farben\/\"]}]},{\"@type\":\"ImageObject\",\"inLanguage\":\"de\",\"@id\":\"https:\/\/dev.eliassen.nl\/de\/glasvase-brindisi-22cm-gemischte-farben\/#primaryimage\",\"url\":\"https:\/\/dev.eliassen.nl\/wp-content\/uploads\/2024\/10\/4309378mcbrindisismallh22mixedcolourseliasse.jpg\",\"contentUrl\":\"https:\/\/dev.eliassen.nl\/wp-content\/uploads\/2024\/10\/4309378mcbrindisismallh22mixedcolourseliasse.jpg\",\"width\":2000,\"height\":2000,\"caption\":\"430.9378.MC-BRINDISI-SMALL-H22-MIXED-COLOURS Eliassen.nl\"},{\"@type\":\"BreadcrumbList\",\"@id\":\"https:\/\/dev.eliassen.nl\/de\/glasvase-brindisi-22cm-gemischte-farben\/#breadcrumb\",\"itemListElement\":[{\"@type\":\"ListItem\",\"position\":1,\"name\":\"Home\",\"item\":\"https:\/\/dev.eliassen.nl\/de\/\"},{\"@type\":\"ListItem\",\"position\":2,\"name\":\"Shop\",\"item\":\"https:\/\/dev.eliassen.nl\/nl\/winkel\/\"},{\"@type\":\"ListItem\",\"position\":3,\"name\":\"Glaskunst\",\"item\":\"https:\/\/dev.eliassen.nl\/de\/glaskunst\/\"},{\"@type\":\"ListItem\",\"position\":4,\"name\":\"Farbige Glasvasen\",\"item\":\"https:\/\/dev.eliassen.nl\/de\/glaskunst\/farbige-glasvasen\/\"},{\"@type\":\"ListItem\",\"position\":5,\"name\":\"Glasvase Brindisi 22cm gemischte Farben\"}]},{\"@type\":\"WebSite\",\"@id\":\"https:\/\/dev.eliassen.nl\/de\/#website\",\"url\":\"https:\/\/dev.eliassen.nl\/de\/\",\"name\":\"Eliassen Home & Garden Pleasure\",\"description\":\"\",\"publisher\":{\"@id\":\"https:\/\/dev.eliassen.nl\/de\/#organization\"},\"alternateName\":\"Eliassen.nl\",\"potentialAction\":[{\"@type\":\"SearchAction\",\"target\":{\"@type\":\"EntryPoint\",\"urlTemplate\":\"https:\/\/dev.eliassen.nl\/de\/?s={search_term_string}\"},\"query-input\":{\"@type\":\"PropertyValueSpecification\",\"valueRequired\":true,\"valueName\":\"search_term_string\"}}],\"inLanguage\":\"de\"},{\"@type\":\"Organization\",\"@id\":\"https:\/\/dev.eliassen.nl\/de\/#organization\",\"name\":\"Eliassen Home & Garden Pleasure\",\"url\":\"https:\/\/dev.eliassen.nl\/de\/\",\"logo\":{\"@type\":\"ImageObject\",\"inLanguage\":\"de\",\"@id\":\"https:\/\/dev.eliassen.nl\/de\/#\/schema\/logo\/image\/\",\"url\":\"https:\/\/www.eliassen.nl\/wp-content\/uploads\/2024\/01\/logo_4nd.jpg\",\"contentUrl\":\"https:\/\/www.eliassen.nl\/wp-content\/uploads\/2024\/01\/logo_4nd.jpg\",\"width\":500,\"height\":500,\"caption\":\"Eliassen Home & Garden Pleasure\"},\"image\":{\"@id\":\"https:\/\/dev.eliassen.nl\/de\/#\/schema\/logo\/image\/\"},\"sameAs\":[\"https:\/\/www.facebook.com\/TuincentrumEliassenAmmerzoden\",\"https:\/\/www.instagram.com\/eliassenhomeandgarden\/\",\"https:\/\/nl.pinterest.com\/eliassenhomeandgarden\/\",\"https:\/\/www.youtube.com\/@eliassenhomegardenpleasure4558\"]}]}<\/script>\n<!-- \/ Yoast SEO plugin. -->","yoast_head_json":{"title":"Glasvase Brindisi 22cm Farben mischen - Eliassen.nl","description":"Suchen Sie eine farbige Blumenvase? Dieses sch\u00f6ne Modell mit verschiedenen warmen Farben wird Ihnen bestimmt gefallen. Hochwertiges Glas und mundgeblasen. Ei...","robots":{"index":"noindex","follow":"follow","max-snippet":"max-snippet:-1","max-image-preview":"max-image-preview:large","max-video-preview":"max-video-preview:-1"},"og_locale":"de_DE","og_type":"article","og_title":"Glasvase Brindisi 22cm Farben mischen - Eliassen.nl","og_description":"Suchen Sie eine farbige Blumenvase? Dieses sch\u00f6ne Modell mit verschiedenen warmen Farben wird Ihnen bestimmt gefallen. Hochwertiges Glas und mundgeblasen. Ei...","og_url":"https:\/\/dev.eliassen.nl\/de\/glasvase-brindisi-22cm-gemischte-farben\/","og_site_name":"Eliassen.nl","article_publisher":"https:\/\/www.facebook.com\/TuincentrumEliassenAmmerzoden","article_modified_time":"2024-12-05T16:11:18+00:00","og_image":[{"width":2000,"height":2000,"url":"https:\/\/dev.eliassen.nl\/wp-content\/uploads\/2024\/10\/4309378mcbrindisismallh22mixedcolourseliasse.jpg","type":"image\/jpeg"}],"twitter_card":"summary_large_image","schema":{"@context":"https:\/\/schema.org","@graph":[{"@type":"WebPage","@id":"https:\/\/dev.eliassen.nl\/de\/glasvase-brindisi-22cm-gemischte-farben\/","url":"https:\/\/dev.eliassen.nl\/de\/glasvase-brindisi-22cm-gemischte-farben\/","name":"Glasvase Brindisi 22cm Farben mischen - Eliassen.nl","isPartOf":{"@id":"https:\/\/dev.eliassen.nl\/de\/#website"},"primaryImageOfPage":{"@id":"https:\/\/dev.eliassen.nl\/de\/glasvase-brindisi-22cm-gemischte-farben\/#primaryimage"},"image":{"@id":"https:\/\/dev.eliassen.nl\/de\/glasvase-brindisi-22cm-gemischte-farben\/#primaryimage"},"thumbnailUrl":"https:\/\/dev.eliassen.nl\/wp-content\/uploads\/2024\/10\/4309378mcbrindisismallh22mixedcolourseliasse.jpg","datePublished":"2024-05-07T17:24:34+00:00","dateModified":"2024-12-05T16:11:18+00:00","description":"Suchen Sie eine farbige Blumenvase? Dieses sch\u00f6ne Modell mit verschiedenen warmen Farben wird Ihnen bestimmt gefallen. Hochwertiges Glas und mundgeblasen. Ei...","breadcrumb":{"@id":"https:\/\/dev.eliassen.nl\/de\/glasvase-brindisi-22cm-gemischte-farben\/#breadcrumb"},"inLanguage":"de","potentialAction":[{"@type":"ReadAction","target":["https:\/\/dev.eliassen.nl\/de\/glasvase-brindisi-22cm-gemischte-farben\/"]}]},{"@type":"ImageObject","inLanguage":"de","@id":"https:\/\/dev.eliassen.nl\/de\/glasvase-brindisi-22cm-gemischte-farben\/#primaryimage","url":"https:\/\/dev.eliassen.nl\/wp-content\/uploads\/2024\/10\/4309378mcbrindisismallh22mixedcolourseliasse.jpg","contentUrl":"https:\/\/dev.eliassen.nl\/wp-content\/uploads\/2024\/10\/4309378mcbrindisismallh22mixedcolourseliasse.jpg","width":2000,"height":2000,"caption":"430.9378.MC-BRINDISI-SMALL-H22-MIXED-COLOURS Eliassen.nl"},{"@type":"BreadcrumbList","@id":"https:\/\/dev.eliassen.nl\/de\/glasvase-brindisi-22cm-gemischte-farben\/#breadcrumb","itemListElement":[{"@type":"ListItem","position":1,"name":"Home","item":"https:\/\/dev.eliassen.nl\/de\/"},{"@type":"ListItem","position":2,"name":"Shop","item":"https:\/\/dev.eliassen.nl\/nl\/winkel\/"},{"@type":"ListItem","position":3,"name":"Glaskunst","item":"https:\/\/dev.eliassen.nl\/de\/glaskunst\/"},{"@type":"ListItem","position":4,"name":"Farbige Glasvasen","item":"https:\/\/dev.eliassen.nl\/de\/glaskunst\/farbige-glasvasen\/"},{"@type":"ListItem","position":5,"name":"Glasvase Brindisi 22cm gemischte Farben"}]},{"@type":"WebSite","@id":"https:\/\/dev.eliassen.nl\/de\/#website","url":"https:\/\/dev.eliassen.nl\/de\/","name":"Eliassen Home & Garden Pleasure","description":"","publisher":{"@id":"https:\/\/dev.eliassen.nl\/de\/#organization"},"alternateName":"Eliassen.nl","potentialAction":[{"@type":"SearchAction","target":{"@type":"EntryPoint","urlTemplate":"https:\/\/dev.eliassen.nl\/de\/?s={search_term_string}"},"query-input":{"@type":"PropertyValueSpecification","valueRequired":true,"valueName":"search_term_string"}}],"inLanguage":"de"},{"@type":"Organization","@id":"https:\/\/dev.eliassen.nl\/de\/#organization","name":"Eliassen Home & Garden Pleasure","url":"https:\/\/dev.eliassen.nl\/de\/","logo":{"@type":"ImageObject","inLanguage":"de","@id":"https:\/\/dev.eliassen.nl\/de\/#\/schema\/logo\/image\/","url":"https:\/\/www.eliassen.nl\/wp-content\/uploads\/2024\/01\/logo_4nd.jpg","contentUrl":"https:\/\/www.eliassen.nl\/wp-content\/uploads\/2024\/01\/logo_4nd.jpg","width":500,"height":500,"caption":"Eliassen Home & Garden Pleasure"},"image":{"@id":"https:\/\/dev.eliassen.nl\/de\/#\/schema\/logo\/image\/"},"sameAs":["https:\/\/www.facebook.com\/TuincentrumEliassenAmmerzoden","https:\/\/www.instagram.com\/eliassenhomeandgarden\/","https:\/\/nl.pinterest.com\/eliassenhomeandgarden\/","https:\/\/www.youtube.com\/@eliassenhomegardenpleasure4558"]}]}},"df_price":47.5,"df_sale_price":"","df_regular_price":47.5,"df_image_link":"https:\/\/dev.eliassen.nl\/wp-content\/uploads\/2024\/10\/4309378mcbrindisismallh22mixedcolourseliasse.jpg","image":"https:\/\/dev.eliassen.nl\/wp-content\/uploads\/2024\/10\/4309378mcbrindisismallh22mixedcolourseliasse.jpg","price_search":"<span class=\"woocommerce-Price-amount amount\"><bdi><span class=\"woocommerce-Price-currencySymbol\">&euro;<\/span>&nbsp;47,50<\/bdi><\/span>","category":"Farbige Glasvasen","_links":{"self":[{"href":"https:\/\/dev.eliassen.nl\/de\/wp-json\/wp\/v2\/product\/154325","targetHints":{"allow":["GET"]}}],"collection":[{"href":"https:\/\/dev.eliassen.nl\/de\/wp-json\/wp\/v2\/product"}],"about":[{"href":"https:\/\/dev.eliassen.nl\/de\/wp-json\/wp\/v2\/types\/product"}],"wp:featuredmedia":[{"embeddable":true,"href":"https:\/\/dev.eliassen.nl\/de\/wp-json\/wp\/v2\/media\/154322"}],"wp:attachment":[{"href":"https:\/\/dev.eliassen.nl\/de\/wp-json\/wp\/v2\/media?parent=154325"}],"wp:term":[{"taxonomy":"product_brand","embeddable":true,"href":"https:\/\/dev.eliassen.nl\/de\/wp-json\/wp\/v2\/product_brand?post=154325"},{"taxonomy":"product_cat","embeddable":true,"href":"https:\/\/dev.eliassen.nl\/de\/wp-json\/wp\/v2\/product_cat?post=154325"},{"taxonomy":"product_tag","embeddable":true,"href":"https:\/\/dev.eliassen.nl\/de\/wp-json\/wp\/v2\/product_tag?post=154325"}],"curies":[{"name":"wp","href":"https:\/\/api.w.org\/{rel}","templated":true}]}}